{"id":17391,"date":"2025-12-08T02:16:29","date_gmt":"2025-12-08T02:16:29","guid":{"rendered":"https:\/\/oreskylaw.com\/?page_id=17391"},"modified":"2026-02-12T15:53:13","modified_gmt":"2026-02-12T15:53:13","slug":"bronx","status":"publish","type":"page","link":"https:\/\/oreskylaw.com\/es\/bronx\/","title":{"rendered":"Abogado de lesiones personales en el Bronx"},"content":{"rendered":"<h2>Sus Abogados de Confianza en Lesiones Personales en el Bronx, NY<\/h2>\n<p>Desde 1992, Oresky &amp; Associates, PLLC ha defendido a las personas lesionadas en el Bronx. Nuestro apoyo va m\u00e1s all\u00e1 de presentar reclamaciones y solicitar compensaci\u00f3n. Luchamos por aquellos que est\u00e1n heridos y no pueden luchar por s\u00ed mismos. Combatimos las pr\u00e1cticas de seguros de mala fe, protegemos a los clientes de ofertas injustas y ayudamos a los clientes en los momentos dif\u00edciles tras un accidente.<\/p>\n<p>Para nosotros, los m\u00e1s de $500 millones que nuestros abogados han recuperado en veredictos y acuerdos son m\u00e1s que dinero. Ilustra nuestro compromiso inquebrantable de asegurar que las personas lesionadas obtengan los recursos que necesitan para avanzar. Un abogado de lesiones personales en el Bronx de nuestro equipo es su asesor, defensor y aliado en la b\u00fasqueda de justicia.<\/p>\n<p>Su consulta gratuita y sin compromiso le espera. Llame al\u00a0<a href=\"tel:+19298102243\">(929) 810-2243<\/a>.<\/p>\n<h2>Nuestras \u00c1reas de Pr\u00e1ctica de Lesiones Personales en el Bronx<\/h2>\n<p>Si la negligencia de otra parte caus\u00f3 su lesi\u00f3n, tiene derecho a buscar compensaci\u00f3n financiera por sus p\u00e9rdidas. A lo largo de los a\u00f1os, nuestro bufete de abogados de la ciudad de New York ha asegurado una justa compensaci\u00f3n para aquellos que han sufrido:<\/p>\n<h3>Accidentes de Construcci\u00f3n<\/h3>\n<p>Trabajar en la construcci\u00f3n es peligroso. Tiene derecho a una expectativa razonable de seguridad mientras trabaja en una obra de construcci\u00f3n. Si se ve Trabajar en la construcci\u00f3n es peligroso. Tiene derecho a esperar un nivel razonable de seguridad mientras trabaja en un sitio de construcci\u00f3n. Si est\u00e1 involucrado en un accidente, nuestro equipo puede investigar las causas y determinar la parte responsable. Un propietario, contratista general, subcontratista u otra parte puede haber causado o contribuido a su accidente y puede deberle compensaci\u00f3n. La Ley Laboral de New York ofrece protecciones muy fuertes para los trabajadores de la construcci\u00f3n. Un propietario o contratista puede ser considerado 100% responsable del accidente independientemente de la culpa del trabajador.<\/p>\n<p>Nuestros\u00a0<a href=\"https:\/\/oreskylaw.com\/es\/bronx\/abogados-de-accidentes-de-construccion\/\">abogados de accidentes de construcci\u00f3n<\/a>\u00a0manejan casos que surgen de:<\/p>\n<div class=\"row\">\n<ul class=\"col-xl-6\">\n<li><a href=\"https:\/\/oreskylaw.com\/es\/bronx\/abogados-de-accidentes-de-grua\/\">Accidentes con gr\u00faas<\/a><\/li>\n<li><a href=\"https:\/\/oreskylaw.com\/es\/bronx\/abogados-de-accidentes-de-andamios\/\">Ca\u00eddas de andamios y escaleras<\/a><\/li>\n<li><a href=\"https:\/\/oreskylaw.com\/es\/bronx\/abogados-de-compensacion-laboral\/\">Accidentes en el lugar de trabajo<\/a><\/li>\n<\/ul>\n<ul class=\"col-xl-6\">\n<li><a href=\"https:\/\/oreskylaw.com\/es\/bronx\/abogados-de-derrumbe-de-edificios\/\">Accidentes de Construcci\u00f3n<\/a><\/li>\n<li><a href=\"https:\/\/oreskylaw.com\/es\/bronx\/abogados-de-accidentes-de-excavacion\/\">Derrumbes y accidentes de excavaci\u00f3n<\/a><\/li>\n<li><a href=\"https:\/\/oreskylaw.com\/es\/bronx\/abogados-de-accidentes-de-pintura-de-puentes\/\">Pintura de Puentes<\/a><\/li>\n<\/ul>\n<\/div>\n<p><a class=\"btn btn--secondary\" href=\"https:\/\/oreskylaw.com\/es\/bronx\/abogados-de-accidentes-de-construccion\/\">Ver Todos<\/a><\/p>\n<h3>Accidentes Automovil\u00edsticos<\/h3>\n<p>Incluso para los conductores m\u00e1s experimentados, navegar por el tr\u00e1fico denso en el Bronx requiere mucha precauci\u00f3n. Todos los d\u00edas, personas resultan heridas debido a la negligencia de otros en las carreteras.<\/p>\n<p>Nuestros abogados de lesiones personales en el Bronx manejan casos que surgen de:<\/p>\n<div class=\"row\">\n<ul class=\"col-xl-6\">\n<li><a href=\"https:\/\/oreskylaw.com\/es\/bronx\/abogados-de-accidentes-de-auto\/\">Accidentes automovil\u00edsticos<\/a><\/li>\n<li><a href=\"https:\/\/oreskylaw.com\/es\/bronx\/abogados-de-accidentes-de-camiones\/\">Accidentes de camiones<\/a><\/li>\n<li><a href=\"https:\/\/oreskylaw.com\/es\/bronx\/abogados-de-accidentes-de-peatones\/\">Accidentes peatonales<\/a><\/li>\n<li><a href=\"https:\/\/oreskylaw.com\/es\/bronx\/abogados-de-accidentes-por-exceso-de-velocidad\/\">Accidentes de autobuses<\/a><\/li>\n<\/ul>\n<ul class=\"col-xl-6\">\n<li><a href=\"https:\/\/oreskylaw.com\/es\/bronx\/abogados-de-accidentes-de-motocicleta\/\">Accidentes de motocicletas<\/a><\/li>\n<li><a href=\"https:\/\/oreskylaw.com\/es\/bronx\/abogados-de-accidentes-de-lyft\/\">Accidentes de Lyft<\/a><\/li>\n<li><a href=\"https:\/\/oreskylaw.com\/es\/bronx\/abogados-de-accidentes-de-taxi\/\">Accidentes de taxis<\/a><\/li>\n<li><a href=\"https:\/\/oreskylaw.com\/es\/bronx\/abogados-de-accidentes-por-conduccion-distraida\/\">Accidentes por conducci\u00f3n distra\u00edda<\/a><\/li>\n<\/ul>\n<\/div>\n<p><a class=\"btn btn--secondary\" href=\"https:\/\/oreskylaw.com\/es\/bronx\/abogados-de-accidentes-de-auto\/\">Ver Todos<\/a><\/p>\n<h3>Negligencia M\u00e9dica<\/h3>\n<p>Cuando buscamos atenci\u00f3n m\u00e9dica, esperamos que nuestro proveedor mejore nuestra salud, no que la empeore. Sin embargo, la negligencia m\u00e9dica es m\u00e1s com\u00fan de lo que se piensa; es una de las principales causas de muerte en los Estados Unidos.<\/p>\n<p>Ya sea que haya experimentado atenci\u00f3n subest\u00e1ndar de un hospital, cl\u00ednica o un practicante privado, tiene derechos como paciente. Nuestros\u00a0<a href=\"https:\/\/oreskylaw.com\/es\/bronx\/abogados-de-negligencia-medica\/\">abogados de negligencia m\u00e9dica<\/a>\u00a0asumen casos de negligencia en la atenci\u00f3n m\u00e9dica para asegurar una compensaci\u00f3n justa y responsabilizar a las partes responsables. En los casos de negligencia m\u00e9dica, trabajamos exclusivamente con co-abogados experimentados que manejan casos de negligencia m\u00e9dica d\u00eda tras d\u00eda.<\/p>\n<h3>Otros Incidentes Relacionados con la Negligencia<\/h3>\n<p>Oresky &amp; Associates, PLLC aboga por personas lesionadas en toda el \u00e1rea metropolitana de la ciudad de New York, incluyendo Brooklyn, Queens, Manhattan, Staten Island y, por supuesto, el Bronx. Tomaremos su caso y lo ayudaremos a recuperar da\u00f1os si ha sufrido:<\/p>\n<ul>\n<li>Lesiones debido a la negligencia de un propietario, como\u00a0<a href=\"https:\/\/oreskylaw.com\/es\/bronx-slip-and-fall-lawyer\/\">en una ca\u00edda<\/a>.<\/li>\n<li><a href=\"https:\/\/oreskylaw.com\/es\/bronx\/abogados-de-negligencia-medica\/\">La p\u00e9rdida de un ser querido debido a la negligencia.<\/a><\/li>\n<\/ul>\n<p>Nuestros abogados de lesiones personales est\u00e1n listos para ayudar\u2014 llame al\u00a0<a href=\"tel:+19298102243\">(929) 810-2243<\/a>\u00a0hoy.<\/p>\n","protected":false},"excerpt":{"rendered":"<p>Sus Abogados de Confianza en Lesiones Personales en el Bronx, NY Desde 1992, Oresky &amp; Associates, PLLC ha defendido a las personas lesionadas en el Bronx. Nuestro apoyo va m\u00e1s all\u00e1 de presentar reclamaciones y solicitar compensaci\u00f3n. Luchamos por aquellos que est\u00e1n heridos y no pueden luchar por s\u00ed mismos. Combatimos las pr\u00e1cticas de seguros [&hellip;]<\/p>\n","protected":false},"author":9,"featured_media":23719,"parent":0,"menu_order":118,"comment_status":"closed","ping_status":"closed","template":"location.php","meta":{"_acf_changed":false,"footnotes":""},"class_list":["post-17391","page","type-page","status-publish","has-post-thumbnail","hentry"],"acf":[],"yoast_head":"<!-- This site is optimized with the Yoast SEO plugin v27.3 - https:\/\/yoast.com\/product\/yoast-seo-wordpress\/ -->\n<title>Abogados de Lesiones Personales con Experiencia en el Bronx - Oresky &amp; Associates, PLLC<\/title>\n<meta name=\"description\" content=\"Nuestros abogados de lesiones personales en el Bronx se enfocan en asegurar la m\u00e1xima compensaci\u00f3n para las v\u00edctimas de accidentes. Cont\u00e1ctenos hoy para una consulta gratuita.\" \/>\n<meta name=\"robots\" content=\"index, follow, max-snippet:-1, max-image-preview:large, max-video-preview:-1\" \/>\n<link rel=\"canonical\" href=\"https:\/\/oreskylaw.com\/es\/bronx\/\" \/>\n<meta property=\"og:locale\" content=\"es_ES\" \/>\n<meta property=\"og:type\" content=\"article\" \/>\n<meta property=\"og:title\" content=\"Abogados de Lesiones Personales con Experiencia en el Bronx - Oresky &amp; Associates, PLLC\" \/>\n<meta property=\"og:description\" content=\"Nuestros abogados de lesiones personales en el Bronx se enfocan en asegurar la m\u00e1xima compensaci\u00f3n para las v\u00edctimas de accidentes. Cont\u00e1ctenos hoy para una consulta gratuita.\" \/>\n<meta property=\"og:url\" content=\"https:\/\/oreskylaw.com\/es\/bronx\/\" \/>\n<meta property=\"og:site_name\" content=\"Oresky &amp; Associates, PLLC\" \/>\n<meta property=\"article:publisher\" content=\"https:\/\/www.facebook.com\/Oreskylaw\/\" \/>\n<meta property=\"article:modified_time\" content=\"2026-02-12T15:53:13+00:00\" \/>\n<meta property=\"og:image\" content=\"https:\/\/oreskylaw.com\/wp-content\/uploads\/2026\/01\/bronx-1.png\" \/>\n\t<meta property=\"og:image:width\" content=\"809\" \/>\n\t<meta property=\"og:image:height\" content=\"301\" \/>\n\t<meta property=\"og:image:type\" content=\"image\/png\" \/>\n<meta name=\"twitter:card\" content=\"summary_large_image\" \/>\n<meta name=\"twitter:site\" content=\"@JacobOreskyLaw\" \/>\n<meta name=\"twitter:label1\" content=\"Tiempo de lectura\" \/>\n\t<meta name=\"twitter:data1\" content=\"3 minutos\" \/>\n<!-- \/ Yoast SEO plugin. -->","yoast_head_json":{"title":"Abogados de Lesiones Personales con Experiencia en el Bronx - Oresky & Associates, PLLC","description":"Nuestros abogados de lesiones personales en el Bronx se enfocan en asegurar la m\u00e1xima compensaci\u00f3n para las v\u00edctimas de accidentes. Cont\u00e1ctenos hoy para una consulta gratuita.","robots":{"index":"index","follow":"follow","max-snippet":"max-snippet:-1","max-image-preview":"max-image-preview:large","max-video-preview":"max-video-preview:-1"},"canonical":"https:\/\/oreskylaw.com\/es\/bronx\/","og_locale":"es_ES","og_type":"article","og_title":"Abogados de Lesiones Personales con Experiencia en el Bronx - Oresky & Associates, PLLC","og_description":"Nuestros abogados de lesiones personales en el Bronx se enfocan en asegurar la m\u00e1xima compensaci\u00f3n para las v\u00edctimas de accidentes. Cont\u00e1ctenos hoy para una consulta gratuita.","og_url":"https:\/\/oreskylaw.com\/es\/bronx\/","og_site_name":"Oresky &amp; Associates, PLLC","article_publisher":"https:\/\/www.facebook.com\/Oreskylaw\/","article_modified_time":"2026-02-12T15:53:13+00:00","og_image":[{"width":809,"height":301,"url":"https:\/\/oreskylaw.com\/wp-content\/uploads\/2026\/01\/bronx-1.png","type":"image\/png"}],"twitter_card":"summary_large_image","twitter_site":"@JacobOreskyLaw","twitter_misc":{"Tiempo de lectura":"3 minutos"},"schema":{"@context":"https:\/\/schema.org","@graph":[{"@type":"WebPage","@id":"https:\/\/oreskylaw.com\/es\/bronx\/","url":"https:\/\/oreskylaw.com\/es\/bronx\/","name":"Abogados de Lesiones Personales con Experiencia en el Bronx - Oresky & Associates, PLLC","isPartOf":{"@id":"https:\/\/oreskylaw.com\/es\/#website"},"primaryImageOfPage":{"@id":"https:\/\/oreskylaw.com\/es\/bronx\/#primaryimage"},"image":{"@id":"https:\/\/oreskylaw.com\/es\/bronx\/#primaryimage"},"thumbnailUrl":"https:\/\/oreskylaw.com\/wp-content\/uploads\/2026\/01\/bronx-1.png","datePublished":"2025-12-08T02:16:29+00:00","dateModified":"2026-02-12T15:53:13+00:00","description":"Nuestros abogados de lesiones personales en el Bronx se enfocan en asegurar la m\u00e1xima compensaci\u00f3n para las v\u00edctimas de accidentes. Cont\u00e1ctenos hoy para una consulta gratuita.","breadcrumb":{"@id":"https:\/\/oreskylaw.com\/es\/bronx\/#breadcrumb"},"inLanguage":"es","potentialAction":[{"@type":"ReadAction","target":["https:\/\/oreskylaw.com\/es\/bronx\/"]}]},{"@type":"ImageObject","inLanguage":"es","@id":"https:\/\/oreskylaw.com\/es\/bronx\/#primaryimage","url":"https:\/\/oreskylaw.com\/wp-content\/uploads\/2026\/01\/bronx-1.png","contentUrl":"https:\/\/oreskylaw.com\/wp-content\/uploads\/2026\/01\/bronx-1.png","width":809,"height":301,"caption":"bronx"},{"@type":"BreadcrumbList","@id":"https:\/\/oreskylaw.com\/es\/bronx\/#breadcrumb","itemListElement":[{"@type":"ListItem","position":1,"name":"Inicio","item":"https:\/\/oreskylaw.com\/es\/"},{"@type":"ListItem","position":2,"name":"Abogado de lesiones personales en el Bronx"}]},{"@type":"WebSite","@id":"https:\/\/oreskylaw.com\/es\/#website","url":"https:\/\/oreskylaw.com\/es\/","name":"Oresky & Associates PLLC","description":"","publisher":{"@id":"https:\/\/oreskylaw.com\/es\/#organization"},"potentialAction":[{"@type":"SearchAction","target":{"@type":"EntryPoint","urlTemplate":"https:\/\/oreskylaw.com\/es\/?s={search_term_string}"},"query-input":{"@type":"PropertyValueSpecification","valueRequired":true,"valueName":"search_term_string"}}],"inLanguage":"es"}]}},"_links":{"self":[{"href":"https:\/\/oreskylaw.com\/es\/wp-json\/wp\/v2\/pages\/17391","targetHints":{"allow":["GET"]}}],"collection":[{"href":"https:\/\/oreskylaw.com\/es\/wp-json\/wp\/v2\/pages"}],"about":[{"href":"https:\/\/oreskylaw.com\/es\/wp-json\/wp\/v2\/types\/page"}],"author":[{"embeddable":true,"href":"https:\/\/oreskylaw.com\/es\/wp-json\/wp\/v2\/users\/9"}],"replies":[{"embeddable":true,"href":"https:\/\/oreskylaw.com\/es\/wp-json\/wp\/v2\/comments?post=17391"}],"version-history":[{"count":0,"href":"https:\/\/oreskylaw.com\/es\/wp-json\/wp\/v2\/pages\/17391\/revisions"}],"wp:featuredmedia":[{"embeddable":true,"href":"https:\/\/oreskylaw.com\/es\/wp-json\/wp\/v2\/media\/23719"}],"wp:attachment":[{"href":"https:\/\/oreskylaw.com\/es\/wp-json\/wp\/v2\/media?parent=17391"}],"curies":[{"name":"wp","href":"https:\/\/api.w.org\/{rel}","templated":true}]}}