{"id":17425,"date":"2025-12-15T05:46:36","date_gmt":"2025-12-15T05:46:36","guid":{"rendered":"https:\/\/oreskylaw.com\/?page_id=17425"},"modified":"2026-01-25T10:05:01","modified_gmt":"2026-01-25T10:05:01","slug":"acerca-de-nosotros","status":"publish","type":"page","link":"https:\/\/oreskylaw.com\/es\/acerca-de-nosotros\/","title":{"rendered":"Acerca de nosotros"},"content":{"rendered":"","protected":false},"excerpt":{"rendered":"","protected":false},"author":9,"featured_media":11118,"parent":0,"menu_order":93,"comment_status":"closed","ping_status":"closed","template":"about-us.php","meta":{"_acf_changed":false,"footnotes":""},"class_list":["post-17425","page","type-page","status-publish","has-post-thumbnail","hentry"],"acf":[],"yoast_head":"<!-- This site is optimized with the Yoast SEO plugin v27.3 - https:\/\/yoast.com\/product\/yoast-seo-wordpress\/ -->\n<title>Abogados con experiencia en accidentes de New York - Oresky &amp; Associates, PLLC<\/title>\n<meta name=\"description\" content=\"En Oresky &amp; Associates, PLLC contamos con m\u00e1s de 30 a\u00f1os de experiencia defendiendo a v\u00edctimas de lesiones en New York. Cont\u00e1ctenos para consulta gratuita.\" \/>\n<meta name=\"robots\" content=\"index, follow, max-snippet:-1, max-image-preview:large, max-video-preview:-1\" \/>\n<link rel=\"canonical\" href=\"https:\/\/oreskylaw.com\/es\/acerca-de-nosotros\/\" \/>\n<meta property=\"og:locale\" content=\"es_ES\" \/>\n<meta property=\"og:type\" content=\"article\" \/>\n<meta property=\"og:title\" content=\"Abogados con experiencia en accidentes de New York - Oresky &amp; Associates, PLLC\" \/>\n<meta property=\"og:description\" content=\"En Oresky &amp; Associates, PLLC contamos con m\u00e1s de 30 a\u00f1os de experiencia defendiendo a v\u00edctimas de lesiones en New York. Cont\u00e1ctenos para consulta gratuita.\" \/>\n<meta property=\"og:url\" content=\"https:\/\/oreskylaw.com\/es\/acerca-de-nosotros\/\" \/>\n<meta property=\"og:site_name\" content=\"Oresky &amp; Associates, PLLC\" \/>\n<meta property=\"article:publisher\" content=\"https:\/\/www.facebook.com\/Oreskylaw\/\" \/>\n<meta property=\"article:modified_time\" content=\"2026-01-25T10:05:01+00:00\" \/>\n<meta property=\"og:image\" content=\"https:\/\/oreskylaw.com\/wp-content\/uploads\/2026\/01\/oresky-team-careers.png\" \/>\n\t<meta property=\"og:image:width\" content=\"995\" \/>\n\t<meta property=\"og:image:height\" content=\"617\" \/>\n\t<meta property=\"og:image:type\" content=\"image\/png\" \/>\n<meta name=\"twitter:card\" content=\"summary_large_image\" \/>\n<meta name=\"twitter:site\" content=\"@JacobOreskyLaw\" \/>\n<meta name=\"twitter:label1\" content=\"Tiempo de lectura\" \/>\n\t<meta name=\"twitter:data1\" content=\"1 minuto\" \/>\n<!-- \/ Yoast SEO plugin. -->","yoast_head_json":{"title":"Abogados con experiencia en accidentes de New York - Oresky & Associates, PLLC","description":"En Oresky & Associates, PLLC contamos con m\u00e1s de 30 a\u00f1os de experiencia defendiendo a v\u00edctimas de lesiones en New York. Cont\u00e1ctenos para consulta gratuita.","robots":{"index":"index","follow":"follow","max-snippet":"max-snippet:-1","max-image-preview":"max-image-preview:large","max-video-preview":"max-video-preview:-1"},"canonical":"https:\/\/oreskylaw.com\/es\/acerca-de-nosotros\/","og_locale":"es_ES","og_type":"article","og_title":"Abogados con experiencia en accidentes de New York - Oresky & Associates, PLLC","og_description":"En Oresky & Associates, PLLC contamos con m\u00e1s de 30 a\u00f1os de experiencia defendiendo a v\u00edctimas de lesiones en New York. Cont\u00e1ctenos para consulta gratuita.","og_url":"https:\/\/oreskylaw.com\/es\/acerca-de-nosotros\/","og_site_name":"Oresky &amp; Associates, PLLC","article_publisher":"https:\/\/www.facebook.com\/Oreskylaw\/","article_modified_time":"2026-01-25T10:05:01+00:00","og_image":[{"width":995,"height":617,"url":"https:\/\/oreskylaw.com\/wp-content\/uploads\/2026\/01\/oresky-team-careers.png","type":"image\/png"}],"twitter_card":"summary_large_image","twitter_site":"@JacobOreskyLaw","twitter_misc":{"Tiempo de lectura":"1 minuto"},"schema":{"@context":"https:\/\/schema.org","@graph":[{"@type":"WebPage","@id":"https:\/\/oreskylaw.com\/es\/acerca-de-nosotros\/","url":"https:\/\/oreskylaw.com\/es\/acerca-de-nosotros\/","name":"Abogados con experiencia en accidentes de New York - Oresky & Associates, PLLC","isPartOf":{"@id":"https:\/\/oreskylaw.com\/es\/#website"},"primaryImageOfPage":{"@id":"https:\/\/oreskylaw.com\/es\/acerca-de-nosotros\/#primaryimage"},"image":{"@id":"https:\/\/oreskylaw.com\/es\/acerca-de-nosotros\/#primaryimage"},"thumbnailUrl":"https:\/\/oreskylaw.com\/wp-content\/uploads\/2026\/01\/oresky-team-careers.png","datePublished":"2025-12-15T05:46:36+00:00","dateModified":"2026-01-25T10:05:01+00:00","description":"En Oresky & Associates, PLLC contamos con m\u00e1s de 30 a\u00f1os de experiencia defendiendo a v\u00edctimas de lesiones en New York. Cont\u00e1ctenos para consulta gratuita.","breadcrumb":{"@id":"https:\/\/oreskylaw.com\/es\/acerca-de-nosotros\/#breadcrumb"},"inLanguage":"es","potentialAction":[{"@type":"ReadAction","target":["https:\/\/oreskylaw.com\/es\/acerca-de-nosotros\/"]}]},{"@type":"ImageObject","inLanguage":"es","@id":"https:\/\/oreskylaw.com\/es\/acerca-de-nosotros\/#primaryimage","url":"https:\/\/oreskylaw.com\/wp-content\/uploads\/2026\/01\/oresky-team-careers.png","contentUrl":"https:\/\/oreskylaw.com\/wp-content\/uploads\/2026\/01\/oresky-team-careers.png","width":995,"height":617,"caption":"oresky team"},{"@type":"BreadcrumbList","@id":"https:\/\/oreskylaw.com\/es\/acerca-de-nosotros\/#breadcrumb","itemListElement":[{"@type":"ListItem","position":1,"name":"Inicio","item":"https:\/\/oreskylaw.com\/es\/"},{"@type":"ListItem","position":2,"name":"Acerca de nosotros"}]},{"@type":"WebSite","@id":"https:\/\/oreskylaw.com\/es\/#website","url":"https:\/\/oreskylaw.com\/es\/","name":"Oresky & Associates PLLC","description":"","publisher":{"@id":"https:\/\/oreskylaw.com\/es\/#organization"},"potentialAction":[{"@type":"SearchAction","target":{"@type":"EntryPoint","urlTemplate":"https:\/\/oreskylaw.com\/es\/?s={search_term_string}"},"query-input":{"@type":"PropertyValueSpecification","valueRequired":true,"valueName":"search_term_string"}}],"inLanguage":"es"}]}},"_links":{"self":[{"href":"https:\/\/oreskylaw.com\/es\/wp-json\/wp\/v2\/pages\/17425","targetHints":{"allow":["GET"]}}],"collection":[{"href":"https:\/\/oreskylaw.com\/es\/wp-json\/wp\/v2\/pages"}],"about":[{"href":"https:\/\/oreskylaw.com\/es\/wp-json\/wp\/v2\/types\/page"}],"author":[{"embeddable":true,"href":"https:\/\/oreskylaw.com\/es\/wp-json\/wp\/v2\/users\/9"}],"replies":[{"embeddable":true,"href":"https:\/\/oreskylaw.com\/es\/wp-json\/wp\/v2\/comments?post=17425"}],"version-history":[{"count":0,"href":"https:\/\/oreskylaw.com\/es\/wp-json\/wp\/v2\/pages\/17425\/revisions"}],"wp:featuredmedia":[{"embeddable":true,"href":"https:\/\/oreskylaw.com\/es\/wp-json\/wp\/v2\/media\/11118"}],"wp:attachment":[{"href":"https:\/\/oreskylaw.com\/es\/wp-json\/wp\/v2\/media?parent=17425"}],"curies":[{"name":"wp","href":"https:\/\/api.w.org\/{rel}","templated":true}]}}