{"id":17519,"date":"2025-12-08T02:02:05","date_gmt":"2025-12-08T02:02:05","guid":{"rendered":"https:\/\/oreskylaw.com\/?page_id=17519"},"modified":"2026-01-25T10:02:43","modified_gmt":"2026-01-25T10:02:43","slug":"resultados-del-casos","status":"publish","type":"page","link":"https:\/\/oreskylaw.com\/es\/resultados-del-casos\/","title":{"rendered":"Casos"},"content":{"rendered":"<p>Hemos ganado m\u00e1s de $ 500 millones en veredictos y acuerdos en defensa de clientes de accidentes y lesiones en la ciudad de New York.<\/p>\n","protected":false},"excerpt":{"rendered":"<p>Hemos ganado m\u00e1s de $ 500 millones en veredictos y acuerdos en defensa de clientes de accidentes y lesiones en la ciudad de New York.<\/p>\n","protected":false},"author":9,"featured_media":0,"parent":0,"menu_order":111,"comment_status":"closed","ping_status":"closed","template":"archive-result.php","meta":{"_acf_changed":false,"footnotes":""},"class_list":["post-17519","page","type-page","status-publish","hentry"],"acf":[],"yoast_head":"<!-- This site is optimized with the Yoast SEO plugin v27.3 - https:\/\/yoast.com\/product\/yoast-seo-wordpress\/ -->\n<title>Resultados de casos de lesiones personales - Bronx, Queens, NY - Oresky &amp; Associates, PLLC<\/title>\n<meta name=\"description\" content=\"M\u00e1s de $400 millones recuperados para nuestros clientes. \u00a1Luchamos por justicia y m\u00e1xima indemnizaci\u00f3n! Ll\u00e1manos hoy en en Oresky &amp; Associates por consulta.\" \/>\n<meta name=\"robots\" content=\"index, follow, max-snippet:-1, max-image-preview:large, max-video-preview:-1\" \/>\n<link rel=\"canonical\" href=\"https:\/\/oreskylaw.com\/es\/resultados-del-casos\/\" \/>\n<meta property=\"og:locale\" content=\"es_ES\" \/>\n<meta property=\"og:type\" content=\"article\" \/>\n<meta property=\"og:title\" content=\"Resultados de casos de lesiones personales - Bronx, Queens, NY - Oresky &amp; Associates, PLLC\" \/>\n<meta property=\"og:description\" content=\"M\u00e1s de $400 millones recuperados para nuestros clientes. \u00a1Luchamos por justicia y m\u00e1xima indemnizaci\u00f3n! Ll\u00e1manos hoy en en Oresky &amp; Associates por consulta.\" \/>\n<meta property=\"og:url\" content=\"https:\/\/oreskylaw.com\/es\/resultados-del-casos\/\" \/>\n<meta property=\"og:site_name\" content=\"Oresky &amp; Associates, PLLC\" \/>\n<meta property=\"article:publisher\" content=\"https:\/\/www.facebook.com\/Oreskylaw\/\" \/>\n<meta property=\"article:modified_time\" content=\"2026-01-25T10:02:43+00:00\" \/>\n<meta property=\"og:image\" content=\"https:\/\/oreskylaw.com\/wp-content\/uploads\/2026\/01\/oresky-team-careers.png\" \/>\n\t<meta property=\"og:image:width\" content=\"995\" \/>\n\t<meta property=\"og:image:height\" content=\"617\" \/>\n\t<meta property=\"og:image:type\" content=\"image\/png\" \/>\n<meta name=\"twitter:card\" content=\"summary_large_image\" \/>\n<meta name=\"twitter:site\" content=\"@JacobOreskyLaw\" \/>\n<meta name=\"twitter:label1\" content=\"Tiempo de lectura\" \/>\n\t<meta name=\"twitter:data1\" content=\"1 minuto\" \/>\n<!-- \/ Yoast SEO plugin. -->","yoast_head_json":{"title":"Resultados de casos de lesiones personales - Bronx, Queens, NY - Oresky & Associates, PLLC","description":"M\u00e1s de $400 millones recuperados para nuestros clientes. \u00a1Luchamos por justicia y m\u00e1xima indemnizaci\u00f3n! Ll\u00e1manos hoy en en Oresky & Associates por consulta.","robots":{"index":"index","follow":"follow","max-snippet":"max-snippet:-1","max-image-preview":"max-image-preview:large","max-video-preview":"max-video-preview:-1"},"canonical":"https:\/\/oreskylaw.com\/es\/resultados-del-casos\/","og_locale":"es_ES","og_type":"article","og_title":"Resultados de casos de lesiones personales - Bronx, Queens, NY - Oresky & Associates, PLLC","og_description":"M\u00e1s de $400 millones recuperados para nuestros clientes. \u00a1Luchamos por justicia y m\u00e1xima indemnizaci\u00f3n! Ll\u00e1manos hoy en en Oresky & Associates por consulta.","og_url":"https:\/\/oreskylaw.com\/es\/resultados-del-casos\/","og_site_name":"Oresky &amp; Associates, PLLC","article_publisher":"https:\/\/www.facebook.com\/Oreskylaw\/","article_modified_time":"2026-01-25T10:02:43+00:00","og_image":[{"width":995,"height":617,"url":"https:\/\/oreskylaw.com\/wp-content\/uploads\/2026\/01\/oresky-team-careers.png","type":"image\/png"}],"twitter_card":"summary_large_image","twitter_site":"@JacobOreskyLaw","twitter_misc":{"Tiempo de lectura":"1 minuto"},"schema":{"@context":"https:\/\/schema.org","@graph":[{"@type":"WebPage","@id":"https:\/\/oreskylaw.com\/es\/resultados-del-casos\/","url":"https:\/\/oreskylaw.com\/es\/resultados-del-casos\/","name":"Resultados de casos de lesiones personales - Bronx, Queens, NY - Oresky & Associates, PLLC","isPartOf":{"@id":"https:\/\/oreskylaw.com\/es\/#website"},"datePublished":"2025-12-08T02:02:05+00:00","dateModified":"2026-01-25T10:02:43+00:00","description":"M\u00e1s de $400 millones recuperados para nuestros clientes. \u00a1Luchamos por justicia y m\u00e1xima indemnizaci\u00f3n! Ll\u00e1manos hoy en en Oresky & Associates por consulta.","breadcrumb":{"@id":"https:\/\/oreskylaw.com\/es\/resultados-del-casos\/#breadcrumb"},"inLanguage":"es","potentialAction":[{"@type":"ReadAction","target":["https:\/\/oreskylaw.com\/es\/resultados-del-casos\/"]}]},{"@type":"BreadcrumbList","@id":"https:\/\/oreskylaw.com\/es\/resultados-del-casos\/#breadcrumb","itemListElement":[{"@type":"ListItem","position":1,"name":"Inicio","item":"https:\/\/oreskylaw.com\/es\/"},{"@type":"ListItem","position":2,"name":"Casos"}]},{"@type":"WebSite","@id":"https:\/\/oreskylaw.com\/es\/#website","url":"https:\/\/oreskylaw.com\/es\/","name":"Oresky & Associates PLLC","description":"","publisher":{"@id":"https:\/\/oreskylaw.com\/es\/#organization"},"potentialAction":[{"@type":"SearchAction","target":{"@type":"EntryPoint","urlTemplate":"https:\/\/oreskylaw.com\/es\/?s={search_term_string}"},"query-input":{"@type":"PropertyValueSpecification","valueRequired":true,"valueName":"search_term_string"}}],"inLanguage":"es"}]}},"_links":{"self":[{"href":"https:\/\/oreskylaw.com\/es\/wp-json\/wp\/v2\/pages\/17519","targetHints":{"allow":["GET"]}}],"collection":[{"href":"https:\/\/oreskylaw.com\/es\/wp-json\/wp\/v2\/pages"}],"about":[{"href":"https:\/\/oreskylaw.com\/es\/wp-json\/wp\/v2\/types\/page"}],"author":[{"embeddable":true,"href":"https:\/\/oreskylaw.com\/es\/wp-json\/wp\/v2\/users\/9"}],"replies":[{"embeddable":true,"href":"https:\/\/oreskylaw.com\/es\/wp-json\/wp\/v2\/comments?post=17519"}],"version-history":[{"count":0,"href":"https:\/\/oreskylaw.com\/es\/wp-json\/wp\/v2\/pages\/17519\/revisions"}],"wp:attachment":[{"href":"https:\/\/oreskylaw.com\/es\/wp-json\/wp\/v2\/media?parent=17519"}],"curies":[{"name":"wp","href":"https:\/\/api.w.org\/{rel}","templated":true}]}}