{"id":17564,"date":"2025-12-08T09:51:03","date_gmt":"2025-12-08T09:51:03","guid":{"rendered":"https:\/\/oreskylaw.com\/?page_id=17564"},"modified":"2026-01-25T10:29:37","modified_gmt":"2026-01-25T10:29:37","slug":"testimonios","status":"publish","type":"page","link":"https:\/\/oreskylaw.com\/es\/testimonios\/","title":{"rendered":"Rese\u00f1as"},"content":{"rendered":"<h2>Rese\u00f1as de v\u00eddeos<\/h2>\n\t\t\t\t\t<div class=\"cw_video_gallery cw_video_type_matrix\">\n\t\t\t\t\t\t\t\t\t\t\t\t<div class=\"\">\n\t\t\t\t\t\t\t\t\t\t\t\t\t\t\t<div class=\"cw_video_item cw_video_size_medium\"><a href=\"javascript:void(0);\" video_width=\"640\" video_height=\"480\" video_type=\"youtube\" video_id=\"m6onnEpb7VI\"  video_autoplay=\"1\" video_rel=\"0\" video_showinfo=\"1\" class=\"cw_video_open_popup\" title=\"Testimonio de cliente. Abogados de Accidentes en Nueva York Jacob Oresky &#8211; Oresky &#038; Associates, PLLC\"> <img decoding=\"async\" src=\"https:\/\/i.ytimg.com\/vi\/m6onnEpb7VI\/hqdefault.jpg\" alt=\"Testimonio de cliente. Abogados de Accidentes en Nueva York Jacob Oresky &#8211; Oresky &#038; Associates, PLLC\" \/> <div class=\"cw_video_item_title\"> Testimonio de cliente. Abogados de Accidentes en Nueva York Jacob Oresky &#8211; Oresky &#038; Associates, PLLC <\/div><\/a><\/div>\n\t\t\t\t\t\t\t\t\t\t\t\t\t\t\t\t<div class=\"cw_video_item cw_video_size_medium\"><a href=\"javascript:void(0);\" video_width=\"640\" video_height=\"480\" video_type=\"youtube\" video_id=\"I1rI5WXGwwk\"  video_autoplay=\"1\" video_rel=\"0\" video_showinfo=\"1\" class=\"cw_video_open_popup\" title=\"Testimonio Del Cliente Abogados de Accidentes en Nueva York Jacob Oresky &#8211; Oresky &#038; Associates, PLLC\"> <img decoding=\"async\" src=\"https:\/\/i.ytimg.com\/vi\/I1rI5WXGwwk\/hqdefault.jpg\" alt=\"Testimonio Del Cliente Abogados de Accidentes en Nueva York Jacob Oresky &#8211; Oresky &#038; Associates, PLLC\" \/> <div class=\"cw_video_item_title\"> Testimonio Del Cliente Abogados de Accidentes en Nueva York Jacob Oresky &#8211; Oresky &#038; Associates, PLLC <\/div><\/a><\/div>\n\t\t\t\t\t\t\t\t\t\t\t\t\t\t\t\t<div class=\"cw_video_item cw_video_size_medium\"><a href=\"javascript:void(0);\" video_width=\"640\" video_height=\"480\" video_type=\"youtube\" video_id=\"46pVDqJLfEM\"  video_autoplay=\"1\" video_rel=\"0\" video_showinfo=\"1\" class=\"cw_video_open_popup\" title=\"Testimonial de Cliente, Abogados de Accidentes en Nueva York Jacob Oresky &#038; Associates, PLLC\"> <img decoding=\"async\" src=\"https:\/\/i.ytimg.com\/vi\/46pVDqJLfEM\/hqdefault.jpg\" alt=\"Testimonial de Cliente, Abogados de Accidentes en Nueva York Jacob Oresky &#038; Associates, PLLC\" \/> <div class=\"cw_video_item_title\"> Testimonial de Cliente, Abogados de Accidentes en Nueva York Jacob Oresky &#038; Associates, PLLC <\/div><\/a><\/div>\n\t\t\t\t\t\t\t\t\t\t\t\t\t\t\t\t<div class=\"cw_video_item cw_video_size_medium\"><a href=\"javascript:void(0);\" video_width=\"640\" video_height=\"480\" video_type=\"youtube\" video_id=\"7ynHddYrcpQ\"  video_autoplay=\"1\" video_rel=\"0\" video_showinfo=\"1\" class=\"cw_video_open_popup\" title=\"Testimonio de uno de nuestros clientes. Abogados de Accidentes en Bronx. &#8211; Oresky &#038; Associates, PLLC\"> <img decoding=\"async\" src=\"https:\/\/i.ytimg.com\/vi\/7ynHddYrcpQ\/hqdefault.jpg\" alt=\"Testimonio de uno de nuestros clientes. Abogados de Accidentes en Bronx. &#8211; Oresky &#038; Associates, PLLC\" \/> <div class=\"cw_video_item_title\"> Testimonio de uno de nuestros clientes. Abogados de Accidentes en Bronx. &#8211; Oresky &#038; Associates, PLLC <\/div><\/a><\/div>\n\t\t\t\t\t\t\t\t\t\t\t\t\t\t\t\t<div class=\"cw_video_item cw_video_size_medium\"><a href=\"javascript:void(0);\" video_width=\"640\" video_height=\"480\" video_type=\"youtube\" video_id=\"nxrwxcqlQVs\"  video_autoplay=\"1\" video_rel=\"0\" video_showinfo=\"1\" class=\"cw_video_open_popup\" title=\"Testimonio de cliente | Abogados de Accidentes en Nueva York Jacob Oresky &#8211; Oresky &#038; Associates, PLLC\"> <img decoding=\"async\" src=\"https:\/\/i.ytimg.com\/vi\/nxrwxcqlQVs\/hqdefault.jpg\" alt=\"Testimonio de cliente | Abogados de Accidentes en Nueva York Jacob Oresky &#8211; Oresky &#038; Associates, PLLC\" \/> <div class=\"cw_video_item_title\"> Testimonio de cliente | Abogados de Accidentes en Nueva York Jacob Oresky &#8211; Oresky &#038; Associates, PLLC <\/div><\/a><\/div>\n\t\t\t\t\t\t\t\t\t\t\t\t\t\t\t\t<div class=\"cw_video_item cw_video_size_medium\"><a href=\"javascript:void(0);\" video_width=\"640\" video_height=\"480\" video_type=\"youtube\" video_id=\"AnhffEGEquU\"  video_autoplay=\"1\" video_rel=\"0\" video_showinfo=\"1\" class=\"cw_video_open_popup\" title=\"Abogado de Accidentes por Muerte accidental &#8211; Testimonio de Clienta Real &#8211; Oresky &#038; Associates, PLLC\"> <img decoding=\"async\" src=\"https:\/\/i.ytimg.com\/vi\/AnhffEGEquU\/hqdefault.jpg\" alt=\"Abogado de Accidentes por Muerte accidental &#8211; Testimonio de Clienta Real &#8211; Oresky &#038; Associates, PLLC\" \/> <div class=\"cw_video_item_title\"> Abogado de Accidentes por Muerte accidental &#8211; Testimonio de Clienta Real &#8211; Oresky &#038; Associates, PLLC <\/div><\/a><\/div>\n\t\t\t\t\t\t\t\t\t\t\t\t\t\t\t\t<div class=\"cw_video_item cw_video_size_medium\"><a href=\"javascript:void(0);\" video_width=\"640\" video_height=\"480\" video_type=\"youtube\" video_id=\"lTXqI_5_aZ4\"  video_autoplay=\"1\" video_rel=\"0\" video_showinfo=\"1\" class=\"cw_video_open_popup\" title=\"Testimonio de un cliente de accidente de auto en Nueva York &#8211; Oresky &#038; Associates, PLLC\"> <img decoding=\"async\" src=\"https:\/\/i.ytimg.com\/vi\/lTXqI_5_aZ4\/hqdefault.jpg\" alt=\"Testimonio de un cliente de accidente de auto en Nueva York &#8211; Oresky &#038; Associates, PLLC\" \/> <div class=\"cw_video_item_title\"> Testimonio de un cliente de accidente de auto en Nueva York &#8211; Oresky &#038; Associates, PLLC <\/div><\/a><\/div>\n\t\t\t\t\t\t\t\t\t\t\t\t\t\t\t<\/div>\n\t\t\t\t\t\t\t\t\t\t\t\t\t<div class=\"cw_video_gallery_clear\"><\/div>\n\t\t\t\t\t<\/div>\n\t\t\t\t\t\n","protected":false},"excerpt":{"rendered":"<p>Rese\u00f1as de v\u00eddeos<\/p>\n","protected":false},"author":9,"featured_media":0,"parent":0,"menu_order":113,"comment_status":"closed","ping_status":"closed","template":"archive-testimonial.php","meta":{"_acf_changed":false,"footnotes":""},"class_list":["post-17564","page","type-page","status-publish","hentry"],"acf":[],"yoast_head":"<!-- This site is optimized with the Yoast SEO plugin v27.3 - https:\/\/yoast.com\/product\/yoast-seo-wordpress\/ -->\n<title>Opiniones y testimonios sobre abogados de lesiones personales - Oresky &amp; Associates, PLLC<\/title>\n<meta name=\"description\" content=\"Lea opiniones y testimonios de nuestros clientes con Oresky &amp; Associates, PLLC, un bufete de abogados de lesiones personales en NYC. \u00a1Ll\u00e1manos hoy por consulta!\" \/>\n<meta name=\"robots\" content=\"index, follow, max-snippet:-1, max-image-preview:large, max-video-preview:-1\" \/>\n<link rel=\"canonical\" href=\"https:\/\/oreskylaw.com\/es\/testimonios\/\" \/>\n<meta property=\"og:locale\" content=\"es_ES\" \/>\n<meta property=\"og:type\" content=\"article\" \/>\n<meta property=\"og:title\" content=\"Opiniones y testimonios sobre abogados de lesiones personales - Oresky &amp; Associates, PLLC\" \/>\n<meta property=\"og:description\" content=\"Lea opiniones y testimonios de nuestros clientes con Oresky &amp; Associates, PLLC, un bufete de abogados de lesiones personales en NYC. \u00a1Ll\u00e1manos hoy por consulta!\" \/>\n<meta property=\"og:url\" content=\"https:\/\/oreskylaw.com\/es\/testimonios\/\" \/>\n<meta property=\"og:site_name\" content=\"Oresky &amp; Associates, PLLC\" \/>\n<meta property=\"article:publisher\" content=\"https:\/\/www.facebook.com\/Oreskylaw\/\" \/>\n<meta property=\"article:modified_time\" content=\"2026-01-25T10:29:37+00:00\" \/>\n<meta property=\"og:image\" content=\"https:\/\/oreskylaw.com\/wp-content\/uploads\/2026\/01\/oresky-team-careers.png\" \/>\n\t<meta property=\"og:image:width\" content=\"995\" \/>\n\t<meta property=\"og:image:height\" content=\"617\" \/>\n\t<meta property=\"og:image:type\" content=\"image\/png\" \/>\n<meta name=\"twitter:card\" content=\"summary_large_image\" \/>\n<meta name=\"twitter:site\" content=\"@JacobOreskyLaw\" \/>\n<meta name=\"twitter:label1\" content=\"Tiempo de lectura\" \/>\n\t<meta name=\"twitter:data1\" content=\"1 minuto\" \/>\n<!-- \/ Yoast SEO plugin. -->","yoast_head_json":{"title":"Opiniones y testimonios sobre abogados de lesiones personales - Oresky & Associates, PLLC","description":"Lea opiniones y testimonios de nuestros clientes con Oresky & Associates, PLLC, un bufete de abogados de lesiones personales en NYC. \u00a1Ll\u00e1manos hoy por consulta!","robots":{"index":"index","follow":"follow","max-snippet":"max-snippet:-1","max-image-preview":"max-image-preview:large","max-video-preview":"max-video-preview:-1"},"canonical":"https:\/\/oreskylaw.com\/es\/testimonios\/","og_locale":"es_ES","og_type":"article","og_title":"Opiniones y testimonios sobre abogados de lesiones personales - Oresky & Associates, PLLC","og_description":"Lea opiniones y testimonios de nuestros clientes con Oresky & Associates, PLLC, un bufete de abogados de lesiones personales en NYC. \u00a1Ll\u00e1manos hoy por consulta!","og_url":"https:\/\/oreskylaw.com\/es\/testimonios\/","og_site_name":"Oresky &amp; Associates, PLLC","article_publisher":"https:\/\/www.facebook.com\/Oreskylaw\/","article_modified_time":"2026-01-25T10:29:37+00:00","og_image":[{"width":995,"height":617,"url":"https:\/\/oreskylaw.com\/wp-content\/uploads\/2026\/01\/oresky-team-careers.png","type":"image\/png"}],"twitter_card":"summary_large_image","twitter_site":"@JacobOreskyLaw","twitter_misc":{"Tiempo de lectura":"1 minuto"},"schema":{"@context":"https:\/\/schema.org","@graph":[{"@type":"WebPage","@id":"https:\/\/oreskylaw.com\/es\/testimonios\/","url":"https:\/\/oreskylaw.com\/es\/testimonios\/","name":"Opiniones y testimonios sobre abogados de lesiones personales - Oresky & Associates, PLLC","isPartOf":{"@id":"https:\/\/oreskylaw.com\/es\/#website"},"datePublished":"2025-12-08T09:51:03+00:00","dateModified":"2026-01-25T10:29:37+00:00","description":"Lea opiniones y testimonios de nuestros clientes con Oresky & Associates, PLLC, un bufete de abogados de lesiones personales en NYC. \u00a1Ll\u00e1manos hoy por consulta!","breadcrumb":{"@id":"https:\/\/oreskylaw.com\/es\/testimonios\/#breadcrumb"},"inLanguage":"es","potentialAction":[{"@type":"ReadAction","target":["https:\/\/oreskylaw.com\/es\/testimonios\/"]}]},{"@type":"BreadcrumbList","@id":"https:\/\/oreskylaw.com\/es\/testimonios\/#breadcrumb","itemListElement":[{"@type":"ListItem","position":1,"name":"Inicio","item":"https:\/\/oreskylaw.com\/es\/"},{"@type":"ListItem","position":2,"name":"Rese\u00f1as"}]},{"@type":"WebSite","@id":"https:\/\/oreskylaw.com\/es\/#website","url":"https:\/\/oreskylaw.com\/es\/","name":"Oresky & Associates PLLC","description":"","publisher":{"@id":"https:\/\/oreskylaw.com\/es\/#organization"},"potentialAction":[{"@type":"SearchAction","target":{"@type":"EntryPoint","urlTemplate":"https:\/\/oreskylaw.com\/es\/?s={search_term_string}"},"query-input":{"@type":"PropertyValueSpecification","valueRequired":true,"valueName":"search_term_string"}}],"inLanguage":"es"}]}},"_links":{"self":[{"href":"https:\/\/oreskylaw.com\/es\/wp-json\/wp\/v2\/pages\/17564","targetHints":{"allow":["GET"]}}],"collection":[{"href":"https:\/\/oreskylaw.com\/es\/wp-json\/wp\/v2\/pages"}],"about":[{"href":"https:\/\/oreskylaw.com\/es\/wp-json\/wp\/v2\/types\/page"}],"author":[{"embeddable":true,"href":"https:\/\/oreskylaw.com\/es\/wp-json\/wp\/v2\/users\/9"}],"replies":[{"embeddable":true,"href":"https:\/\/oreskylaw.com\/es\/wp-json\/wp\/v2\/comments?post=17564"}],"version-history":[{"count":0,"href":"https:\/\/oreskylaw.com\/es\/wp-json\/wp\/v2\/pages\/17564\/revisions"}],"wp:attachment":[{"href":"https:\/\/oreskylaw.com\/es\/wp-json\/wp\/v2\/media?parent=17564"}],"curies":[{"name":"wp","href":"https:\/\/api.w.org\/{rel}","templated":true}]}}