{"id":17623,"date":"2025-12-08T02:17:09","date_gmt":"2025-12-08T02:17:09","guid":{"rendered":"https:\/\/oreskylaw.com\/?page_id=17623"},"modified":"2026-01-30T12:43:21","modified_gmt":"2026-01-30T12:43:21","slug":"abogado-de-accidentes-de-camion-de-18-ruedas","status":"publish","type":"page","link":"https:\/\/oreskylaw.com\/es\/bronx\/abogado-de-accidentes-de-camion-de-18-ruedas\/","title":{"rendered":"Abogado de Accidentes con Camiones de 18 Ruedas en el Bronx"},"content":{"rendered":"<p>Las compa\u00f1\u00edas de transporte pueden causar accidentes devastadores debido a su negligencia. Sin embargo, despu\u00e9s de un accidente, es probable que ellas y sus aseguradoras luchen arduamente contra cualquier acuerdo de reclamaci\u00f3n.<\/p>\n<p>Durante m\u00e1s de 32 a\u00f1os, Oresky &amp; Associates, PLLC ha estado luchando contra compa\u00f1\u00edas poderosas que se aprovechan de los vulnerables. Durante ese tiempo, hemos acumulado m\u00e1s de $500 millones en compensaci\u00f3n recuperada por nuestros abogados.<\/p>\n<p>Cuando enfrentas la devastaci\u00f3n f\u00edsica y financiera de un accidente con un cami\u00f3n, actuamos r\u00e1pida y agresivamente para defender tus derechos y responsabilizar a la compa\u00f1\u00eda culpable. Cont\u00e1ctanos para una consulta gratuita y descubre c\u00f3mo luchamos por ti.<\/p>\n<h2>Tipos Comunes de Accidentes con Camiones de 18 Ruedas<\/h2>\n<p>Los camiones grandes\u00a0<a href=\"https:\/\/ops.fhwa.dot.gov\/freight\/policy\/rpt_congress\/truck_sw_laws\/index.htm\" target=\"_blank\" rel=\"nofollow noopener noreferrer\">pesan hasta 40 toneladas<\/a>\u00a0cuando est\u00e1n completamente cargados. Los permisos especiales pueden permitir que las compa\u00f1\u00edas de transporte lleven cargas incluso m\u00e1s grandes o con sobrepeso. Estas cargas hacen que los camiones sean dif\u00edciles de controlar y maniobrar. Como resultado, los camiones de 18 ruedas pueden causar muchos tipos de colisiones:<\/p>\n<ul>\n<li>Vuelcos<\/li>\n<li>Colisiones traseras<\/li>\n<li>Choques por rasante<\/li>\n<li>Colisiones de impacto lateral<\/li>\n<li>Accidentes de encunetado<\/li>\n<\/ul>\n<p>Los vuelcos ocurren cuando un remolque o una combinaci\u00f3n de cami\u00f3n y remolque se vuelca. Puede rodar parcial o completamente, dependiendo del terreno. El cami\u00f3n puede aplastar veh\u00edculos cercanos o causar un accidente al volcar su carga en la carretera.<\/p>\n<p>Los choques traseros ocurren cuando los camiones golpean la parte trasera de otros veh\u00edculos. Frenar suele ser un problema con los camiones pesados, lo que aumenta el riesgo de estos accidentes.<\/p>\n<p>Los semirremolques tienen grandes puntos ciegos. Los conductores pueden perder de vista los coches que los rodean y golpearlos lateralmente al maniobrar.<\/p>\n<p>Las colisiones de impacto lateral ocurren com\u00fanmente en las intersecciones. Nuevamente, los camiones no se detienen, aceleran o maniobran f\u00e1cilmente, lo que aumenta el riesgo de colisiones en intersecciones.<\/p>\n<p>Los accidentes de encunetado ocurren cuando un veh\u00edculo pasa por debajo de la parte trasera o lateral de un cami\u00f3n de 18 ruedas. Estas colisiones devastadoras a menudo hacen que el techo del veh\u00edculo colapse o se corte.<\/p>\n<h2>\u00bfCu\u00e1les Son las Causas de los Accidentes de Camiones?<\/h2>\n<p>La Administraci\u00f3n Federal de Seguridad de Autotransportes (FMCSA, por sus siglas en ingl\u00e9s) es la agencia principal responsable de regular las compa\u00f1\u00edas de transporte interestatal. La agencia rastrea e informa sobre los accidentes de camiones.<\/p>\n<p>El an\u00e1lisis de\u00a0<a href=\"https:\/\/www.fmcsa.dot.gov\/safety\/research-and-analysis\/large-truck-crash-causation-study-analysis-brief\" target=\"_blank\" rel=\"nofollow noopener noreferrer\">accidentes con camiones grandes<\/a>\u00a0de la FMCSA revela que los camiones grandes y sus operadores son la causa principal de algo m\u00e1s de la mitad de las colisiones entre camiones y autom\u00f3viles m\u00e1s peque\u00f1os.<\/p>\n<p>Espec\u00edficamente, se identific\u00f3 un problema con el cami\u00f3n o el conductor del cami\u00f3n en el 55.3% de las colisiones entre autom\u00f3viles y camiones. El informe encontr\u00f3 que los veh\u00edculos m\u00e1s peque\u00f1os y sus conductores fueron responsables del 44.7% de las colisiones.<\/p>\n<p>Las causas de los accidentes se dividen en tres categor\u00edas amplias:<\/p>\n<ul>\n<li>Errores del conductor<\/li>\n<li>Condiciones ambientales<\/li>\n<li>Equipo inseguro<\/li>\n<\/ul>\n<p>Ejemplos de errores del conductor incluyen algunos problemas rampantes en la industria del transporte. La fatiga del conductor puede presentarse al final de un turno, lo que provoca accidentes. El exceso de velocidad tambi\u00e9n puede ser un problema cuando un conductor se apresura a cumplir con un plazo de entrega.<\/p>\n<p>Las condiciones ambientales incluyen carreteras mojadas o heladas, fuertes vientos o poca visibilidad. Dado que los camiones pesados son dif\u00edciles de controlar, estas condiciones pueden causar f\u00e1cilmente un accidente.<\/p>\n<p>El equipo inseguro puede incluir problemas con el veh\u00edculo o el remolque. Tambi\u00e9n puede cubrir problemas con la carga, como ataduras rotas que permiten que la carga se desplace.<\/p>\n<h2>\u00bfC\u00f3mo Puede Oresky &amp; Associates Ayudar a las V\u00edctimas de Accidentes con Camiones de 18 Ruedas?<\/h2>\n<p>Dado que los accidentes de camiones tienen causas tan variadas, necesitas una investigaci\u00f3n exhaustiva para determinar qu\u00e9 sucedi\u00f3 y qui\u00e9n comparte la responsabilidad legal.<\/p>\n<p>Por ejemplo, un fabricante de piezas de camiones podr\u00eda haber suministrado frenos defectuosos a la compa\u00f1\u00eda de transporte. Por el contrario, podr\u00edas descubrir que la compa\u00f1\u00eda de transporte omiti\u00f3 pruebas de drogas y alcohol para sus conductores, lo que llev\u00f3 a un accidente de conducci\u00f3n bajo los efectos del alcohol.<\/p>\n<p>Una vez que nuestros abogados de accidentes de camiones determinan lo que sucedi\u00f3, podemos perseguir tu reclamaci\u00f3n contra la parte culpable y su aseguradora. Espec\u00edficamente, haremos lo siguiente:<\/p>\n<ul>\n<li>Recopilar evidencia sobre el accidente<\/li>\n<li>Nuestros investigadores entrevistar\u00e1n a testigos importantes<\/li>\n<li>Preparar los documentos necesarios de reclamaciones y presentarlos a la compa\u00f1\u00eda de seguros<\/li>\n<li>Presentar una demanda y perseguir vigorosamente el descubrimiento<\/li>\n<li>Negociar con un ajustador de seguros para resolver la reclamaci\u00f3n con un acuerdo<\/li>\n<li>Si el asegurador no ofrece una resoluci\u00f3n, llevar el caso a juicio<\/li>\n<\/ul>\n<p>Estos pasos pueden parecer sencillos. Pero recuerda que muchas compa\u00f1\u00edas de transporte son negocios multimillonarios con muchos recursos para gastar defendiendo sus acciones. Las aseguradoras y fianzas de la compa\u00f1\u00eda de transporte tambi\u00e9n tienen un incentivo financiero para retrasar y negar, con la esperanza de frustrarte para que aceptes un acuerdo bajo.<\/p>\n<p>Nos mantenemos firmes contra esas partes. Luchamos agresivamente y no nos intimidaremos ante una demanda para responsabilizar a las compa\u00f1\u00edas de transporte por sus actos negligentes o il\u00edcitos.<\/p>\n    <div class=\"cw-cta-box\">\n        <div class=\"cw-cta-box__inner \">\n            <div class=\"cw-cta-box__info\">\n                                    <div class=\"label\">\u00a1Llame ahora!<\/div>\n                            <\/div>\n                            <div class=\"contact-phone\">\n                    <a href=\"tel:7189939999\"\n                        aria-label=\"Tap to call button\">\n                        718-993-9999                    <\/a>\n                <\/div>\n                    <\/div>\n                    <a href=\"\/es\/contacto\/\"\n               class=\"cta-btn btn btn--primary btn\"\n               target=\"\">\n                Obtenga Una Consulta Gratuita            <\/a>\n            <\/div>\n    \n<h2>\u00bfCu\u00e1les Son las Carreteras M\u00e1s Peligrosas en el Bronx?<\/h2>\n<p>El dise\u00f1o de las carreteras puede influir en la causa de los accidentes de camiones. Cuando los responsables de las pol\u00edticas establecen l\u00edmites de velocidad demasiado altos, los conductores de camiones corren el riesgo de perder el control de sus veh\u00edculos. Las curvas sin peralte pueden hacer que los camiones se vuelquen. Los carriles estrechos pueden provocar choques por rasante.<\/p>\n<p>Seg\u00fan\u00a0<a href=\"https:\/\/vzv.nyc\/\" target=\"_blank\" rel=\"nofollow noopener noreferrer\">Vision Zero NYC<\/a>, las siguientes carreteras en el Bronx tienen colisiones frecuentes de veh\u00edculos:<\/p>\n<div class=\"row\">\n<ul class=\"col-xl-6\">\n<li>Audubon Avenue<\/li>\n<li>St. Nicholas Avenue<\/li>\n<li>Cross Bronx Expressway<\/li>\n<li>Jerome Avenue<\/li>\n<\/ul>\n<ul class=\"col-xl-6\">\n<li>Southern Boulevard<\/li>\n<li>Tremont Avenue<\/li>\n<li>Webster Avenue<\/li>\n<li>170th Street<\/li>\n<\/ul>\n<\/div>\n<h2>Lesiones Comunes en Accidentes con Camiones de 18 Ruedas<\/h2>\n<p>Las lesiones por accidentes de camiones toman las mismas formas que las de otros tipos de colisiones de autom\u00f3viles. Sin embargo, dado que la energ\u00eda del choque aumenta con el peso de los veh\u00edculos involucrados, las lesiones por accidentes de camiones suelen ser m\u00e1s graves que las lesiones t\u00edpicas por accidentes automovil\u00edsticos.<\/p>\n<p>Adem\u00e1s, ciertos tipos de accidentes y sus lesiones resultantes ocurren con m\u00e1s frecuencia con camiones pesados que con autom\u00f3viles. Por ejemplo, los accidentes de encunetado son casi exclusivos de los semirremolques. Estas colisiones producen lesiones inusuales como decapitaciones.<br \/>\nLas lesiones por accidentes de camiones pueden incluir lo siguiente:<\/p>\n<ul>\n<li>Lesiones cerebrales<\/li>\n<li>Lesiones de la m\u00e9dula espinal<\/li>\n<li>Lesiones por aplastamiento<\/li>\n<li>Fracturas \u00f3seas<\/li>\n<li>Lesiones de tejidos blandos, incluido el latigazo cervical<\/li>\n<\/ul>\n<p>Las lesiones cerebrales resultan de traumatismos en la cabeza. El impacto de un cami\u00f3n pesado golpeando tu veh\u00edculo puede hacer que tu cabeza se golpee contra la ventana lateral, el volante o el reposacabezas. El impacto incluso puede colapsar tu compartimento de pasajeros, empujando el techo o el poste de la puerta hacia tu cabeza.<\/p>\n<p>Este impacto hace que tu cerebro se desplace. Si se desplaza lo suficientemente violentamente, los tejidos pueden desgarrarse, causando una lesi\u00f3n axonal difusa. Tu cerebro puede golpearse contra el interior de tu cr\u00e1neo, produciendo un hematoma llamado contusi\u00f3n cerebral. Las lesiones cerebrales graves pueden llevar a da\u00f1os cerebrales permanentes, coma o muerte.<\/p>\n<p>Adem\u00e1s, tu cerebro puede sufrir una lesi\u00f3n incluso sin trauma contundente. Las fuerzas de balanceo de una parada repentina pueden sacudir tu cerebro dentro de tu cr\u00e1neo, incluso si tu cabeza nunca golpea nada. La lesi\u00f3n cerebral traum\u00e1tica leve resultante, o conmoci\u00f3n cerebral, se caracteriza por confusi\u00f3n, torpeza y amnesia.<\/p>\n<p>Las lesiones de la m\u00e9dula espinal ocurren cuando la m\u00e9dula espinal se corta o comprime. Esta lesi\u00f3n causa par\u00e1lisis parcial o total y p\u00e9rdida de sensaci\u00f3n.<\/p>\n<p>Las lesiones por aplastamiento ocurren cuando una fuerza comprime una gran \u00e1rea de tu cuerpo. Las c\u00e9lulas se rompen, causando una muerte masiva de tejidos.<\/p>\n<h2>\u00bfQui\u00e9n Puede Ser Responsable por un Accidente de Cami\u00f3n?<\/h2>\n<p>Las compa\u00f1\u00edas de transporte a menudo ser\u00e1n responsables de los accidentes de camiones. Primero, como propietarios del veh\u00edculo, son legalmente responsables de los accidentes que ocurren cuando son conducidos por individuos con permiso para operar.<\/p>\n<p>Segundo, los empleadores son responsables de los actos negligentes que los empleados cometen mientras est\u00e1n en el trabajo. Por lo tanto, incluso si una compa\u00f1\u00eda de transporte no instruy\u00f3 ni entren\u00f3 a sus conductores para actuar con negligencia, a\u00fan puede ser responsable de los accidentes que causen los empleados.<\/p>\n<p>Tercero, las compa\u00f1\u00edas de transporte son responsables de sus propios actos negligentes. Una compa\u00f1\u00eda de transporte puede causar accidentes por su negligencia en:<\/p>\n<ul>\n<li>Selecci\u00f3n de candidatos y contrataci\u00f3n de conductores<\/li>\n<li>Realizaci\u00f3n de pruebas de drogas y alcohol<\/li>\n<li>Mantenimiento y reparaci\u00f3n de camiones<\/li>\n<li>Carga de remolques<\/li>\n<li>Establecimiento de horarios<\/li>\n<\/ul>\n<p>Generalmente, un conductor empleado no tiene control sobre estas responsabilidades. Cuando un accidente resulta de la negligencia de la empresa, el empleador es responsable.<\/p>\n<p>La FMCSA requiere que las compa\u00f1\u00edas de transporte tengan al menos $750,000 en\u00a0<a href=\"https:\/\/www.ecfr.gov\/current\/title-49\/section-387.9\" target=\"_blank\" rel=\"nofollow noopener noreferrer\">seguridad financiera<\/a>. Las compa\u00f1\u00edas de transporte generalmente usan una combinaci\u00f3n de p\u00f3lizas de seguro y bonos de fianza para cumplir con este requisito.<\/p>\n<h2>\u00bfQu\u00e9 Da\u00f1os Est\u00e1n Disponibles para Mi Accidente?<\/h2>\n<p>Los da\u00f1os que puedes recuperar vienen en dos formas. Las p\u00e9rdidas econ\u00f3micas representan el impacto financiero de tus lesiones. Los siguientes costos califican como p\u00e9rdidas econ\u00f3micas por las que puedes recuperar una compensaci\u00f3n:<\/p>\n<ul>\n<li>Facturas m\u00e9dicas pasadas y futuras<\/li>\n<li>P\u00e9rdidas salariales pasadas<\/li>\n<li>Salarios disminuidos futuros<\/li>\n<li>Costos razonables y necesarios pagados de tu bolsillo<\/li>\n<\/ul>\n<p>Tu abogado documentar\u00e1 estas p\u00e9rdidas recopilando tus registros financieros. Los recibos, estados de cuenta bancarios y facturas demostrar\u00e1n tus costos y c\u00f3mo se relacionan con tus lesiones.<\/p>\n<p>Las p\u00e9rdidas no econ\u00f3micas representan el cambio en tu vida debido a tus lesiones. Estas p\u00e9rdidas son intangibles, como el estigma social que puedes sentir despu\u00e9s de sufrir quemaduras de tercer grado en el rostro en un accidente de cami\u00f3n. Ejemplos de p\u00e9rdidas no econ\u00f3micas incluyen lo siguiente:<\/p>\n<ul>\n<li>Dolor f\u00edsico y malestar<\/li>\n<li>Sufrimiento mental y angustia<\/li>\n<li>Desmembramiento, si perdiste una extremidad<\/li>\n<li>Desfiguraci\u00f3n, si sufriste cambios permanentes en tu apariencia<\/li>\n<li>Discapacidad, si no puedes realizar las mismas tareas despu\u00e9s de tus lesiones como antes<\/li>\n<\/ul>\n<p>No puedes documentar los costos de estas p\u00e9rdidas porque no tienen etiquetas de precio. En cambio, tu abogado de accidentes con camiones de 18 ruedas en el Bronx usar\u00e1 tu testimonio y otras pruebas para mostrar c\u00f3mo tus lesiones te han afectado.<\/p>\n<h2>\u00bfQu\u00e9 Debo Hacer Inmediatamente Despu\u00e9s de un Accidente con un Cami\u00f3n de 18 Ruedas?<\/h2>\n<p>Un accidente con un cami\u00f3n de 18 ruedas puede traumatizarte f\u00edsica y mentalmente. Sin embargo, las acciones que tomes despu\u00e9s de tu accidente pueden afectar el curso de tu reclamaci\u00f3n por lesiones. Espec\u00edficamente, deber\u00edas considerar tomar los siguientes pasos:<\/p>\n<ul>\n<li>Detente en la escena del accidente<\/li>\n<li>Intercambia informaci\u00f3n de seguro con el conductor del cami\u00f3n<\/li>\n<li>Informa del accidente a la polic\u00eda<\/li>\n<li>Coopera con la investigaci\u00f3n del accidente<\/li>\n<li>Solicita tratamiento de emergencia o una ambulancia, si es necesario<\/li>\n<li>Documenta la escena del accidente con fotos y videos, si es posible<\/li>\n<li>Busca atenci\u00f3n m\u00e9dica adecuada de inmediato<\/li>\n<li>Sigue las \u00f3rdenes de tu m\u00e9dico, incluidas las restricciones en tus actividades<\/li>\n<li>Rastrea tus facturas y gastos<\/li>\n<li>Contacta a un\u00a0<strong>abogado de accidentes con camiones de 18 ruedas en el Bronx\u00a0<\/strong>para discutir tu reclamaci\u00f3n<\/li>\n<\/ul>\n<p>Tu objetivo debe ser documentar lo que sucedi\u00f3 tan minuciosamente como sea posible. Por ejemplo, visitar a un m\u00e9dico inmediatamente despu\u00e9s de un accidente crear\u00e1 un registro m\u00e9dico de tus lesiones. Las recomendaciones de tu m\u00e9dico sobre las restricciones laborales te ayudar\u00e1n a demostrar tus p\u00e9rdidas de ingresos. Estos registros son indispensables en una reclamaci\u00f3n por lesiones.<\/p>\n<p>Considera contactar a un abogado de accidentes de camiones temprano en el proceso. Somos tu gu\u00eda ferviente a trav\u00e9s de los desaf\u00edos y posibles trampas que pueden poner en peligro tu reclamaci\u00f3n. Al mismo tiempo, somos tus asesores de confianza, luchando a tu lado para proteger tus derechos.<\/p>\n","protected":false},"excerpt":{"rendered":"<p>Las compa\u00f1\u00edas de transporte pueden causar accidentes devastadores debido a su negligencia. Sin embargo, despu\u00e9s de un accidente, es probable que ellas y sus aseguradoras luchen arduamente contra cualquier acuerdo de reclamaci\u00f3n. Durante m\u00e1s de 32 a\u00f1os, Oresky &amp; Associates, PLLC ha estado luchando contra compa\u00f1\u00edas poderosas que se aprovechan de los vulnerables. Durante ese [&hellip;]<\/p>\n","protected":false},"author":9,"featured_media":21591,"parent":17391,"menu_order":4,"comment_status":"closed","ping_status":"closed","template":"","meta":{"_acf_changed":false,"footnotes":""},"class_list":["post-17623","page","type-page","status-publish","has-post-thumbnail","hentry"],"acf":[],"yoast_head":"<!-- This site is optimized with the Yoast SEO plugin v27.3 - https:\/\/yoast.com\/product\/yoast-seo-wordpress\/ -->\n<title>Abogados de accidentes de camiones de 18 ruedas en el Bronx - Oresky &amp; Associates, PLLC<\/title>\n<meta name=\"description\" content=\"Si ha estado involucrado en un accidente de cami\u00f3n de 18 ruedas en el Bronx, nuestro dedicado equipo de abogados est\u00e1 aqu\u00ed para defenderlo. \u00a1Llame ahora para una consulta gratuita!Abogado de Accidentes con Camiones de 18 Ruedas en el Bronx\" \/>\n<meta name=\"robots\" content=\"index, follow, max-snippet:-1, max-image-preview:large, max-video-preview:-1\" \/>\n<link rel=\"canonical\" href=\"https:\/\/oreskylaw.com\/es\/bronx\/abogado-de-accidentes-de-camion-de-18-ruedas\/\" \/>\n<meta property=\"og:locale\" content=\"es_ES\" \/>\n<meta property=\"og:type\" content=\"article\" \/>\n<meta property=\"og:title\" content=\"Abogados de accidentes de camiones de 18 ruedas en el Bronx - Oresky &amp; Associates, PLLC\" \/>\n<meta property=\"og:description\" content=\"Si ha estado involucrado en un accidente de cami\u00f3n de 18 ruedas en el Bronx, nuestro dedicado equipo de abogados est\u00e1 aqu\u00ed para defenderlo. \u00a1Llame ahora para una consulta gratuita!Abogado de Accidentes con Camiones de 18 Ruedas en el Bronx\" \/>\n<meta property=\"og:url\" content=\"https:\/\/oreskylaw.com\/es\/bronx\/abogado-de-accidentes-de-camion-de-18-ruedas\/\" \/>\n<meta property=\"og:site_name\" content=\"Oresky &amp; Associates, PLLC\" \/>\n<meta property=\"article:publisher\" content=\"https:\/\/www.facebook.com\/Oreskylaw\/\" \/>\n<meta property=\"article:modified_time\" content=\"2026-01-30T12:43:21+00:00\" \/>\n<meta property=\"og:image\" content=\"https:\/\/oreskylaw.com\/wp-content\/uploads\/2025\/12\/bronx0truck-accident-lawyers.jpg\" \/>\n\t<meta property=\"og:image:width\" content=\"809\" \/>\n\t<meta property=\"og:image:height\" content=\"331\" \/>\n\t<meta property=\"og:image:type\" content=\"image\/jpeg\" \/>\n<meta name=\"twitter:card\" content=\"summary_large_image\" \/>\n<meta name=\"twitter:site\" content=\"@JacobOreskyLaw\" \/>\n<meta name=\"twitter:label1\" content=\"Tiempo de lectura\" \/>\n\t<meta name=\"twitter:data1\" content=\"9 minutos\" \/>\n<!-- \/ Yoast SEO plugin. -->","yoast_head_json":{"title":"Abogados de accidentes de camiones de 18 ruedas en el Bronx - Oresky & Associates, PLLC","description":"Si ha estado involucrado en un accidente de cami\u00f3n de 18 ruedas en el Bronx, nuestro dedicado equipo de abogados est\u00e1 aqu\u00ed para defenderlo. \u00a1Llame ahora para una consulta gratuita!Abogado de Accidentes con Camiones de 18 Ruedas en el Bronx","robots":{"index":"index","follow":"follow","max-snippet":"max-snippet:-1","max-image-preview":"max-image-preview:large","max-video-preview":"max-video-preview:-1"},"canonical":"https:\/\/oreskylaw.com\/es\/bronx\/abogado-de-accidentes-de-camion-de-18-ruedas\/","og_locale":"es_ES","og_type":"article","og_title":"Abogados de accidentes de camiones de 18 ruedas en el Bronx - Oresky & Associates, PLLC","og_description":"Si ha estado involucrado en un accidente de cami\u00f3n de 18 ruedas en el Bronx, nuestro dedicado equipo de abogados est\u00e1 aqu\u00ed para defenderlo. \u00a1Llame ahora para una consulta gratuita!Abogado de Accidentes con Camiones de 18 Ruedas en el Bronx","og_url":"https:\/\/oreskylaw.com\/es\/bronx\/abogado-de-accidentes-de-camion-de-18-ruedas\/","og_site_name":"Oresky &amp; Associates, PLLC","article_publisher":"https:\/\/www.facebook.com\/Oreskylaw\/","article_modified_time":"2026-01-30T12:43:21+00:00","og_image":[{"width":809,"height":331,"url":"https:\/\/oreskylaw.com\/wp-content\/uploads\/2025\/12\/bronx0truck-accident-lawyers.jpg","type":"image\/jpeg"}],"twitter_card":"summary_large_image","twitter_site":"@JacobOreskyLaw","twitter_misc":{"Tiempo de lectura":"9 minutos"},"schema":{"@context":"https:\/\/schema.org","@graph":[{"@type":"WebPage","@id":"https:\/\/oreskylaw.com\/es\/bronx\/abogado-de-accidentes-de-camion-de-18-ruedas\/","url":"https:\/\/oreskylaw.com\/es\/bronx\/abogado-de-accidentes-de-camion-de-18-ruedas\/","name":"Abogados de accidentes de camiones de 18 ruedas en el Bronx - Oresky & Associates, PLLC","isPartOf":{"@id":"https:\/\/oreskylaw.com\/es\/#website"},"primaryImageOfPage":{"@id":"https:\/\/oreskylaw.com\/es\/bronx\/abogado-de-accidentes-de-camion-de-18-ruedas\/#primaryimage"},"image":{"@id":"https:\/\/oreskylaw.com\/es\/bronx\/abogado-de-accidentes-de-camion-de-18-ruedas\/#primaryimage"},"thumbnailUrl":"https:\/\/oreskylaw.com\/wp-content\/uploads\/2025\/12\/bronx0truck-accident-lawyers.jpg","datePublished":"2025-12-08T02:17:09+00:00","dateModified":"2026-01-30T12:43:21+00:00","description":"Si ha estado involucrado en un accidente de cami\u00f3n de 18 ruedas en el Bronx, nuestro dedicado equipo de abogados est\u00e1 aqu\u00ed para defenderlo. \u00a1Llame ahora para una consulta gratuita!Abogado de Accidentes con Camiones de 18 Ruedas en el Bronx","breadcrumb":{"@id":"https:\/\/oreskylaw.com\/es\/bronx\/abogado-de-accidentes-de-camion-de-18-ruedas\/#breadcrumb"},"inLanguage":"es","potentialAction":[{"@type":"ReadAction","target":["https:\/\/oreskylaw.com\/es\/bronx\/abogado-de-accidentes-de-camion-de-18-ruedas\/"]}]},{"@type":"ImageObject","inLanguage":"es","@id":"https:\/\/oreskylaw.com\/es\/bronx\/abogado-de-accidentes-de-camion-de-18-ruedas\/#primaryimage","url":"https:\/\/oreskylaw.com\/wp-content\/uploads\/2025\/12\/bronx0truck-accident-lawyers.jpg","contentUrl":"https:\/\/oreskylaw.com\/wp-content\/uploads\/2025\/12\/bronx0truck-accident-lawyers.jpg","width":809,"height":331,"caption":"white truck"},{"@type":"BreadcrumbList","@id":"https:\/\/oreskylaw.com\/es\/bronx\/abogado-de-accidentes-de-camion-de-18-ruedas\/#breadcrumb","itemListElement":[{"@type":"ListItem","position":1,"name":"Inicio","item":"https:\/\/oreskylaw.com\/es\/"},{"@type":"ListItem","position":2,"name":"Abogado de lesiones personales en el Bronx","item":"https:\/\/oreskylaw.com\/es\/bronx\/"},{"@type":"ListItem","position":3,"name":"Abogado de Accidentes con Camiones de 18 Ruedas en el Bronx"}]},{"@type":"WebSite","@id":"https:\/\/oreskylaw.com\/es\/#website","url":"https:\/\/oreskylaw.com\/es\/","name":"Oresky & Associates PLLC","description":"","publisher":{"@id":"https:\/\/oreskylaw.com\/es\/#organization"},"potentialAction":[{"@type":"SearchAction","target":{"@type":"EntryPoint","urlTemplate":"https:\/\/oreskylaw.com\/es\/?s={search_term_string}"},"query-input":{"@type":"PropertyValueSpecification","valueRequired":true,"valueName":"search_term_string"}}],"inLanguage":"es"}]}},"_links":{"self":[{"href":"https:\/\/oreskylaw.com\/es\/wp-json\/wp\/v2\/pages\/17623","targetHints":{"allow":["GET"]}}],"collection":[{"href":"https:\/\/oreskylaw.com\/es\/wp-json\/wp\/v2\/pages"}],"about":[{"href":"https:\/\/oreskylaw.com\/es\/wp-json\/wp\/v2\/types\/page"}],"author":[{"embeddable":true,"href":"https:\/\/oreskylaw.com\/es\/wp-json\/wp\/v2\/users\/9"}],"replies":[{"embeddable":true,"href":"https:\/\/oreskylaw.com\/es\/wp-json\/wp\/v2\/comments?post=17623"}],"version-history":[{"count":0,"href":"https:\/\/oreskylaw.com\/es\/wp-json\/wp\/v2\/pages\/17623\/revisions"}],"up":[{"embeddable":true,"href":"https:\/\/oreskylaw.com\/es\/wp-json\/wp\/v2\/pages\/17391"}],"wp:featuredmedia":[{"embeddable":true,"href":"https:\/\/oreskylaw.com\/es\/wp-json\/wp\/v2\/media\/21591"}],"wp:attachment":[{"href":"https:\/\/oreskylaw.com\/es\/wp-json\/wp\/v2\/media?parent=17623"}],"curies":[{"name":"wp","href":"https:\/\/api.w.org\/{rel}","templated":true}]}}