{"id":17637,"date":"2025-12-08T02:17:33","date_gmt":"2025-12-08T02:17:33","guid":{"rendered":"https:\/\/oreskylaw.com\/?page_id=17637"},"modified":"2026-01-30T12:44:43","modified_gmt":"2026-01-30T12:44:43","slug":"abogados-de-seguros-de-mala-fe","status":"publish","type":"page","link":"https:\/\/oreskylaw.com\/es\/bronx\/abogados-de-seguros-de-mala-fe\/","title":{"rendered":"Abogado Especialista en Mala Fe de Seguros"},"content":{"rendered":"<p>\u00bfHa sido denegada sin motivo su reclamaci\u00f3n de beneficios de seguro en Bronx, NY? \u00bfLa compa\u00f1\u00eda de seguros ha dilatado el proceso de reclamaci\u00f3n o se ha negado a considerar su caso de buena fe? No permita que sus acciones de mala fe le impidan obtener la compensaci\u00f3n que necesita y merece.<\/p>\n<p>Llama a<a href=\"https:\/\/oreskylaw.com\/es\/acerca-de-nosotros\/\">\u00a0Oresky &amp; Associates, LLC<\/a>, y descubra c\u00f3mo nuestros abogados especializados en malas pr\u00e1cticas de seguros en el Bronx pueden ayudarle a luchar por responsabilidad.<\/p>\n<p>Desde 1992, nuestros galardonados abogados de juicios de New York han sido una espina para las poderosas compa\u00f1\u00edas de seguros en el Bronx y en los cinco condados.<\/p>\n<p>Cuando a nuestros clientes no se les trata justamente, nos ponemos de pie y nos aseguramos de que sus voces sean escuchadas y que las aseguradoras tomen en serio sus casos.<\/p>\n<p>Hemos ganado m\u00e1s de 400 millones de d\u00f3lares para nuestros clientes en el proceso.<\/p>\n<p>No permita que la compa\u00f1\u00eda de seguros se salga con la suya con sus t\u00e1cticas manipuladoras. Obl\u00edguelos a luchar justamente poniendo a nuestros litigadores de primer nivel en el caso. <a href=\"https:\/\/oreskylaw.com\/es\/contacto\/\">Contactar<\/a> our legal office in Bronx, New York, Alabama\u00a0<a href=\"tel:+19299304705\">(929) 930-4705<\/a>\u00a0\u00a0para empezar. Su primera consulta es gratuita, as\u00ed que cont\u00e1ctenos hoy.<\/p>\n<h2>C\u00f3mo Oresky &amp; Associates, LLC puede ayudarle con su acci\u00f3n por mala fe en Bronx, New York<\/h2>\n<p>\u00bfC\u00f3mo puede estar seguro de que la compa\u00f1\u00eda de seguros actu\u00f3 de mala fe? \u00bfQu\u00e9 tipo de evidencia necesitar\u00e1 para presentar su caso? \u00bfQu\u00e9 sucede si se nieguen a cambiar de rumbo y negociar justamente?<\/p>\n<p>Estas son todas las cuestiones importantes que considerar cuando se enfrenta a las acciones de mala fe de una compa\u00f1\u00eda de seguros de New York. La buena noticia es que no tiene que encontrar las respuestas por su cuenta.<\/p>\n<p>De hecho, nuestros abogados de lesiones personales en el Bronx est\u00e1n listos para tomar su caso y luchar su batalla por usted.<\/p>\n<p>Tenemos d\u00e9cadas de experiencia enfrent\u00e1ndonos a las t\u00e1cticas enga\u00f1osas, manipuladoras y abiertamente fraudulentas de las compa\u00f1\u00edas de seguros del \u00e1rea. Cuando a nuestros clientes se les perjudica, luchamos de vuelta y mostramos a las aseguradoras que no est\u00e1n por encima de la ley.<\/p>\n<p>Nuestro equipo trabajar\u00e1 incansablemente para asegurar los mejores resultados posibles en su acci\u00f3n por mala fe en la medida en que:<\/p>\n<ul>\n<li>Investigamos las pr\u00e1cticas, pol\u00edticas y procedimientos de la compa\u00f1\u00eda de seguros<\/li>\n<li>Reunimos la evidencia que puede ser utilizada para probar que la compa\u00f1\u00eda de seguros se involucr\u00f3 en pr\u00e1cticas de mala fe ilegales<\/li>\n<li>Colaboramos con antiguos profesionales de la industria de seguros, especialistas financieros y otros expertos mientras construimos y valoramos su reclamaci\u00f3n<\/li>\n<li>Gestionamos las negociaciones de acuerdo con la compa\u00f1\u00eda de seguros, y<\/li>\n<li>Preparamos para argumentar su caso en juicio, si es necesario<\/li>\n<\/ul>\n<p>En Oresky &amp; Associates, LLC, estamos aqu\u00ed para asegurarnos de que tenga todas las oportunidades de obtener la compensaci\u00f3n que merece. Haremos todo lo posible para evitar que la compa\u00f1\u00eda de seguros interfiera en ello. Nuestro bufete trabaja bajo contingencia, por lo que no hay costo alguno para contratar a nuestros abogados de malas pr\u00e1cticas en el Bronx a menos que ganemos o lleguemos a un acuerdo en su caso. Llame a nuestra oficina legal para obtener m\u00e1s informaci\u00f3n hoy.<\/p>\n<h2>What is the Mala Fe in Seguros?<\/h2>\n<p>Al comprar una p\u00f3liza de seguro, entra en un acuerdo contractual con una aseguradora. Usted paga a la compa\u00f1\u00eda a cambio de beneficios en caso de accidente o cat\u00e1strofe.<\/p>\n<p>Bajo este contrato, usted y la compa\u00f1\u00eda de seguros est\u00e1n obligados por una obligaci\u00f3n legal de actuar de buena fe y con tratos justos.<\/p>\n<p>En pocas palabras, ambos tienen que cumplir su parte del trato. Usted paga sus primas y presenta reclamaciones leg\u00edtimas. La compa\u00f1\u00eda de seguros considera todas las reclamaciones presentadas de manera justa y acuerda pagar cuando corresponda.<\/p>\n<p>Desafortunadamente, las compa\u00f1\u00edas de seguros saben que tienen la ventaja en estas relaciones. Despu\u00e9s de todo, ellas han creado esencialmente el proceso de reclamaci\u00f3n a trav\u00e9s del cual debe pasar para recuperar beneficios. Tienen muchos m\u00e1s recursos y suelen estar bien representados por ajustadores de seguros h\u00e1biles y abogados defensores.<\/p>\n<p>Entonces, a veces, las compa\u00f1\u00edas de seguros -usando esta posici\u00f3n de poder-, manipulan el sistema y priorizan sus propios intereses financieros sobre los derechos de sus reclamantes. Esto se conoce como mala fe y generalmente resulta en beneficios indebidamente retenidos, demorados o negados.<\/p>\n    <div class=\"cw-cta-box\">\n        <div class=\"cw-cta-box__inner \">\n            <div class=\"cw-cta-box__info\">\n                                    <div class=\"label\">\u00a1Llame ahora!<\/div>\n                            <\/div>\n                            <div class=\"contact-phone\">\n                    <a href=\"tel:7189939999\"\n                        aria-label=\"Tap to call button\">\n                        718-993-9999                    <\/a>\n                <\/div>\n                    <\/div>\n                    <a href=\"\/es\/contacto\/\"\n               class=\"cta-btn btn btn--primary btn\"\n               target=\"\">\n                Obtenga Una Consulta Gratuita            <\/a>\n            <\/div>\n    \n<h2>Mala Fe Tactics in Seguros<\/h2>\n<p>Algunos ejemplos comunes de malas pr\u00e1cticas de seguros incluyen:<\/p>\n<ul>\n<li>Negar una reclamaci\u00f3n de beneficios de seguros sin una raz\u00f3n leg\u00edtima o justificaci\u00f3n<\/li>\n<li>Rechazar considerar una reclamaci\u00f3n que se ha presentado en un plazo razonable<\/li>\n<li>No investigar y evaluar prontamente una reclamaci\u00f3n<\/li>\n<li>Cambiar los t\u00e9rminos de una p\u00f3liza de seguro despu\u00e9s de recibir una reclamaci\u00f3n<\/li>\n<li>Falsificar los t\u00e9rminos de una p\u00f3liza de seguro<\/li>\n<li>Hacer declaraciones amenazantes o enga\u00f1osas<\/li>\n<li>Negarse a pagar una reclamaci\u00f3n v\u00e1lida de beneficios<\/li>\n<li>Ofrecer menos dinero del que vale una reclamaci\u00f3n de beneficios<\/li>\n<li>Retrasar el proceso de reclamaciones sin justificaci\u00f3n ni causa<\/li>\n<li>Falta de comunicaci\u00f3n con el reclamante<\/li>\n<li>Hacer demandas irrazonables de documentos o informaci\u00f3n espec\u00edfica que sean irrelevantes o no est\u00e9n relacionados con la reclamaci\u00f3n<\/li>\n<li>Fallar en emitir el pago a tiempo<\/li>\n<\/ul>\n<p>En \u00faltima instancia, las acciones de una compa\u00f1\u00eda de seguros pueden considerarse de mala fe si retrasan o rechazan el pago de beneficios sin una justificaci\u00f3n razonable o adecuada. Del mismo modo, un asegurador puede considerar que ha actuado de mala fe si intentan intimidar, manipular o asustar a un reclamante para que abandone su reclamaci\u00f3n o acepte un acuerdo por menos de lo que vale su reclamaci\u00f3n.<\/p>\n","protected":false},"excerpt":{"rendered":"<p>\u00bfHa sido denegada sin motivo su reclamaci\u00f3n de beneficios de seguro en Bronx, NY? \u00bfLa compa\u00f1\u00eda de seguros ha dilatado el proceso de reclamaci\u00f3n o se ha negado a considerar su caso de buena fe? No permita que sus acciones de mala fe le impidan obtener la compensaci\u00f3n que necesita y merece. Llama a\u00a0Oresky &amp; [&hellip;]<\/p>\n","protected":false},"author":9,"featured_media":23822,"parent":17391,"menu_order":7,"comment_status":"closed","ping_status":"closed","template":"practice-area.php","meta":{"_acf_changed":false,"footnotes":""},"class_list":["post-17637","page","type-page","status-publish","has-post-thumbnail","hentry"],"acf":[],"yoast_head":"<!-- This site is optimized with the Yoast SEO plugin v27.3 - https:\/\/yoast.com\/product\/yoast-seo-wordpress\/ -->\n<title>Abogado de Mala Fe de Seguros en el Bronx - Oresky &amp; Associates, PLLC<\/title>\n<meta name=\"description\" content=\"Nuestros abogados especialistas en mala fe de seguros en Bronx pueden ayudarle a exigir responsabilidad si su reclamo ha sido denegado. \u00a1Ll\u00e1menos hoy!\" \/>\n<meta name=\"robots\" content=\"index, follow, max-snippet:-1, max-image-preview:large, max-video-preview:-1\" \/>\n<link rel=\"canonical\" href=\"https:\/\/oreskylaw.com\/es\/bronx\/abogados-de-seguros-de-mala-fe\/\" \/>\n<meta property=\"og:locale\" content=\"es_ES\" \/>\n<meta property=\"og:type\" content=\"article\" \/>\n<meta property=\"og:title\" content=\"Abogado de Mala Fe de Seguros en el Bronx - Oresky &amp; Associates, PLLC\" \/>\n<meta property=\"og:description\" content=\"Nuestros abogados especialistas en mala fe de seguros en Bronx pueden ayudarle a exigir responsabilidad si su reclamo ha sido denegado. \u00a1Ll\u00e1menos hoy!\" \/>\n<meta property=\"og:url\" content=\"https:\/\/oreskylaw.com\/es\/bronx\/abogados-de-seguros-de-mala-fe\/\" \/>\n<meta property=\"og:site_name\" content=\"Oresky &amp; Associates, PLLC\" \/>\n<meta property=\"article:publisher\" content=\"https:\/\/www.facebook.com\/Oreskylaw\/\" \/>\n<meta property=\"article:modified_time\" content=\"2026-01-30T12:44:43+00:00\" \/>\n<meta property=\"og:image\" content=\"https:\/\/oreskylaw.com\/wp-content\/uploads\/2026\/01\/bad-faith-insurance-lawyers.png\" \/>\n\t<meta property=\"og:image:width\" content=\"810\" \/>\n\t<meta property=\"og:image:height\" content=\"330\" \/>\n\t<meta property=\"og:image:type\" content=\"image\/png\" \/>\n<meta name=\"twitter:card\" content=\"summary_large_image\" \/>\n<meta name=\"twitter:site\" content=\"@JacobOreskyLaw\" \/>\n<meta name=\"twitter:label1\" content=\"Tiempo de lectura\" \/>\n\t<meta name=\"twitter:data1\" content=\"5 minutos\" \/>\n<!-- \/ Yoast SEO plugin. -->","yoast_head_json":{"title":"Abogado de Mala Fe de Seguros en el Bronx - Oresky & Associates, PLLC","description":"Nuestros abogados especialistas en mala fe de seguros en Bronx pueden ayudarle a exigir responsabilidad si su reclamo ha sido denegado. \u00a1Ll\u00e1menos hoy!","robots":{"index":"index","follow":"follow","max-snippet":"max-snippet:-1","max-image-preview":"max-image-preview:large","max-video-preview":"max-video-preview:-1"},"canonical":"https:\/\/oreskylaw.com\/es\/bronx\/abogados-de-seguros-de-mala-fe\/","og_locale":"es_ES","og_type":"article","og_title":"Abogado de Mala Fe de Seguros en el Bronx - Oresky & Associates, PLLC","og_description":"Nuestros abogados especialistas en mala fe de seguros en Bronx pueden ayudarle a exigir responsabilidad si su reclamo ha sido denegado. \u00a1Ll\u00e1menos hoy!","og_url":"https:\/\/oreskylaw.com\/es\/bronx\/abogados-de-seguros-de-mala-fe\/","og_site_name":"Oresky &amp; Associates, PLLC","article_publisher":"https:\/\/www.facebook.com\/Oreskylaw\/","article_modified_time":"2026-01-30T12:44:43+00:00","og_image":[{"width":810,"height":330,"url":"https:\/\/oreskylaw.com\/wp-content\/uploads\/2026\/01\/bad-faith-insurance-lawyers.png","type":"image\/png"}],"twitter_card":"summary_large_image","twitter_site":"@JacobOreskyLaw","twitter_misc":{"Tiempo de lectura":"5 minutos"},"schema":{"@context":"https:\/\/schema.org","@graph":[{"@type":"WebPage","@id":"https:\/\/oreskylaw.com\/es\/bronx\/abogados-de-seguros-de-mala-fe\/","url":"https:\/\/oreskylaw.com\/es\/bronx\/abogados-de-seguros-de-mala-fe\/","name":"Abogado de Mala Fe de Seguros en el Bronx - Oresky & Associates, PLLC","isPartOf":{"@id":"https:\/\/oreskylaw.com\/es\/#website"},"primaryImageOfPage":{"@id":"https:\/\/oreskylaw.com\/es\/bronx\/abogados-de-seguros-de-mala-fe\/#primaryimage"},"image":{"@id":"https:\/\/oreskylaw.com\/es\/bronx\/abogados-de-seguros-de-mala-fe\/#primaryimage"},"thumbnailUrl":"https:\/\/oreskylaw.com\/wp-content\/uploads\/2026\/01\/bad-faith-insurance-lawyers.png","datePublished":"2025-12-08T02:17:33+00:00","dateModified":"2026-01-30T12:44:43+00:00","description":"Nuestros abogados especialistas en mala fe de seguros en Bronx pueden ayudarle a exigir responsabilidad si su reclamo ha sido denegado. \u00a1Ll\u00e1menos hoy!","breadcrumb":{"@id":"https:\/\/oreskylaw.com\/es\/bronx\/abogados-de-seguros-de-mala-fe\/#breadcrumb"},"inLanguage":"es","potentialAction":[{"@type":"ReadAction","target":["https:\/\/oreskylaw.com\/es\/bronx\/abogados-de-seguros-de-mala-fe\/"]}]},{"@type":"ImageObject","inLanguage":"es","@id":"https:\/\/oreskylaw.com\/es\/bronx\/abogados-de-seguros-de-mala-fe\/#primaryimage","url":"https:\/\/oreskylaw.com\/wp-content\/uploads\/2026\/01\/bad-faith-insurance-lawyers.png","contentUrl":"https:\/\/oreskylaw.com\/wp-content\/uploads\/2026\/01\/bad-faith-insurance-lawyers.png","width":810,"height":330,"caption":"insurance contract"},{"@type":"BreadcrumbList","@id":"https:\/\/oreskylaw.com\/es\/bronx\/abogados-de-seguros-de-mala-fe\/#breadcrumb","itemListElement":[{"@type":"ListItem","position":1,"name":"Inicio","item":"https:\/\/oreskylaw.com\/es\/"},{"@type":"ListItem","position":2,"name":"Abogado de lesiones personales en el Bronx","item":"https:\/\/oreskylaw.com\/es\/bronx\/"},{"@type":"ListItem","position":3,"name":"Abogado Especialista en Mala Fe de Seguros"}]},{"@type":"WebSite","@id":"https:\/\/oreskylaw.com\/es\/#website","url":"https:\/\/oreskylaw.com\/es\/","name":"Oresky & Associates PLLC","description":"","publisher":{"@id":"https:\/\/oreskylaw.com\/es\/#organization"},"potentialAction":[{"@type":"SearchAction","target":{"@type":"EntryPoint","urlTemplate":"https:\/\/oreskylaw.com\/es\/?s={search_term_string}"},"query-input":{"@type":"PropertyValueSpecification","valueRequired":true,"valueName":"search_term_string"}}],"inLanguage":"es"}]}},"_links":{"self":[{"href":"https:\/\/oreskylaw.com\/es\/wp-json\/wp\/v2\/pages\/17637","targetHints":{"allow":["GET"]}}],"collection":[{"href":"https:\/\/oreskylaw.com\/es\/wp-json\/wp\/v2\/pages"}],"about":[{"href":"https:\/\/oreskylaw.com\/es\/wp-json\/wp\/v2\/types\/page"}],"author":[{"embeddable":true,"href":"https:\/\/oreskylaw.com\/es\/wp-json\/wp\/v2\/users\/9"}],"replies":[{"embeddable":true,"href":"https:\/\/oreskylaw.com\/es\/wp-json\/wp\/v2\/comments?post=17637"}],"version-history":[{"count":0,"href":"https:\/\/oreskylaw.com\/es\/wp-json\/wp\/v2\/pages\/17637\/revisions"}],"up":[{"embeddable":true,"href":"https:\/\/oreskylaw.com\/es\/wp-json\/wp\/v2\/pages\/17391"}],"wp:featuredmedia":[{"embeddable":true,"href":"https:\/\/oreskylaw.com\/es\/wp-json\/wp\/v2\/media\/23822"}],"wp:attachment":[{"href":"https:\/\/oreskylaw.com\/es\/wp-json\/wp\/v2\/media?parent=17637"}],"curies":[{"name":"wp","href":"https:\/\/api.w.org\/{rel}","templated":true}]}}