{"id":17649,"date":"2025-12-08T02:17:47","date_gmt":"2025-12-08T02:17:47","guid":{"rendered":"https:\/\/oreskylaw.com\/?page_id=17649"},"modified":"2026-01-30T12:47:11","modified_gmt":"2026-01-30T12:47:11","slug":"abogados-de-accidentes-de-bicicleta","status":"publish","type":"page","link":"https:\/\/oreskylaw.com\/es\/bronx\/abogados-de-accidentes-de-bicicleta\/","title":{"rendered":"Abogado de accidentes de bicicleta en el Bronx"},"content":{"rendered":"<p>Sufriste t\u00fa, o un miembro de tu familia, una lesi\u00f3n mientras montaba bicicleta en el Bronx, NY? Puedes tener derecho a una indemnizaci\u00f3n sustancial para cubrir las facturas m\u00e9dicas, los salarios perdidos y el dolor y el sufrimiento. Un abogado experimentado en accidentes de bicicleta en el Bronx, de\u00a0<a href=\"https:\/\/oreskylaw.com\/es\/acerca-de-nosotros\/\">Oresky y Associates, PLLC<\/a>\u00a0puede ayudarte a luchar por la indemnizaci\u00f3n total que te corresponde.<\/p>\n<p>Llevamos m\u00e1s de 25 a\u00f1os ayudando a clientes lesionados como t\u00fa. En ese tiempo, hemos demostrado que la experiencia y el trabajo duro dan sus frutos al recuperar m\u00e1s de 400 millones de d\u00f3lares en acuerdos y veredictos para\u00a0<a href=\"https:\/\/oreskylaw.com\/es\/\">v\u00edctimas de accidentes<\/a>\u00a0en toda la ciudad de New York.<\/p>\n<p>Llama a nuestras oficinas legales en el Bronx, New York, al\u00a0<a href=\"tel:+19299304705\">(929)930-4705<\/a>\u00a0o\u00a0<a href=\"https:\/\/oreskylaw.com\/es\/contacto\/\">cont\u00e1ctenos<\/a>\u00a0para saber m\u00e1s sobre tus opciones legales hoy mismo. Como siempre, ofrecemos una consulta gratuita para que puedas obtener el asesoramiento legal que te mereces.<\/p>\n<h2>C\u00f3mo puede ayudar Oresky &amp; Associates, PLLC tras un accidente de bicicleta en el Bronx<\/h2>\n<p>Es posible que te enfrentes a fuertes\u00a0<a href=\"https:\/\/oreskylaw.com\/es\/blog\/lesiones-personales-danos-economicos\/\">p\u00e9rdidas econ\u00f3micas<\/a>\u00a0si te has lesionado en un accidente de bicicleta, y puede que te des cuenta r\u00e1pidamente de que la compa\u00f1\u00eda de seguros no va a entregarte simplemente un cheque por una indemnizaci\u00f3n justa. Un abogado experimentado en lesiones personales del Bronx puede ayudar a asegurar tu recuperaci\u00f3n financiera.<\/p>\n<p>Oresky &amp; Associates, PLLC es un despacho de abogados de lesiones personales galardonado en el Bronx. Tenemos m\u00e1s de 25 a\u00f1os de experiencia en la tramitaci\u00f3n de complicadas demandas por lesiones personales y estamos preparados para ganar cuando m\u00e1s importa.<\/p>\n<p>Al contratarnos, tendr\u00e1s un abogado para:<\/p>\n<ul>\n<li>Investigar para determinar la causalidad y establecer la responsabilidad<\/li>\n<li>Protegerte si te culpan de provocar el accidente<\/li>\n<li>Contratar a los peritos y especialistas que sean necesarios para apoyar tu caso<\/li>\n<li>Evaluar con precisi\u00f3n el valor de tu caso<\/li>\n<li>Gestionar todas las negociaciones con el seguro y el papeleo<\/li>\n<\/ul>\n<p>Nuestros abogados de lesiones personales del Bronx han sido calificados por Super Lawyers y el Multi-Million Dollar Advocates Forum. Y lo que es m\u00e1s importante, hemos ayudado a innumerables clientes a recuperarse tras un accidente.<\/p>\n<p>\u00bfEst\u00e1s preparado para saber m\u00e1s? Llama para programar una consulta gratuita hoy mismo.<\/p>\n<h2>\u00bfQu\u00e9 tan comunes son los accidentes de bicicleta en el Bronx, NY?<\/h2>\n<p>Las bicicletas ofrecen una forma c\u00f3moda y ecol\u00f3gica de desplazarse por el Bronx. La gente va en bicicleta para evitar los congestionados metros, entregar paquetes y mejorar su salud y su forma f\u00edsica.<\/p>\n<p>Por desgracia, los accidentes de bicicleta tambi\u00e9n son relativamente frecuentes en la ciudad. Cada a\u00f1o, la polic\u00eda de New York informa de los accidentes de bicicleta ocurridos en la ciudad a lo largo del a\u00f1o. En 2020, 5.175 ciclistas resultaron heridos en accidentes con veh\u00edculos de motor. Al menos 24 ciclistas murieron en accidentes de tr\u00e1fico.<\/p>\n<p>Otros 393 ciclistas resultaron heridos en accidentes en los que solo hab\u00eda un peat\u00f3n o un ciclista.<\/p>\n<p>Muchos de esos accidentes ocurren en el Bronx. En 2020, 799 ciclistas resultaron heridos en accidentes de tr\u00e1fico en todo el Bronx, y se registraron nueve v\u00edctimas mortales.<\/p>\n    <div class=\"cw-cta-box\">\n        <div class=\"cw-cta-box__inner \">\n            <div class=\"cw-cta-box__info\">\n                                    <div class=\"label\">\u00a1Llame ahora!<\/div>\n                            <\/div>\n                            <div class=\"contact-phone\">\n                    <a href=\"tel:7189939999\"\n                        aria-label=\"Tap to call button\">\n                        718-993-9999                    <\/a>\n                <\/div>\n                    <\/div>\n                    <a href=\"\/es\/contacto\/\"\n               class=\"cta-btn btn btn--primary btn\"\n               target=\"\">\n                Obtenga Una Consulta Gratuita            <\/a>\n            <\/div>\n    \n<h2>\u00bfCu\u00e1nto vale mi caso de accidente de bicicleta en el Bronx?<\/h2>\n<p>El primer paso para valorar una reclamaci\u00f3n por da\u00f1os personales es determinar las p\u00e9rdidas que has sufrido. Algunas p\u00e9rdidas son f\u00e1ciles de valorar. Tendr\u00e1s recibos que justifiquen tus gastos m\u00e9dicos anteriores y los da\u00f1os a tu bicicleta.<\/p>\n<p>Otros tipos de da\u00f1os son mucho m\u00e1s dif\u00edciles de calcular. Siempre es una buena idea hablar con un abogado experimentado antes de confiar en la estimaci\u00f3n de la compa\u00f1\u00eda de seguros.<\/p>\n<p>En \u00faltima instancia, el valor de tu caso depender\u00e1 de:<\/p>\n<ul>\n<li>La gravedad y el tipo de lesi\u00f3n que hayas sufrido<\/li>\n<li>Tus gastos de bolsillo y el costo de la atenci\u00f3n m\u00e9dica<\/li>\n<li>El impacto de la lesi\u00f3n en tu capacidad laboral<\/li>\n<li>Cualquier da\u00f1o a tu calidad de vida o a tus perspectivas laborales futuras<\/li>\n<li>La cobertura del seguro disponible<\/li>\n<\/ul>\n<p>Las v\u00edctimas de accidentes de bicicleta suelen sufrir lesiones graves. Las compa\u00f1\u00edas de seguros dedican m\u00e1s tiempo a combatir estos casos debido a las elevadas cantidades de dinero que est\u00e1n en juego. Si has sufrido lesiones, te recomendamos encarecidamente que hables con un abogado experimentado antes de decidirte a aceptar un acuerdo.<\/p>\n<h2>\u00bfQu\u00e9 tipos de da\u00f1os y perjuicios pueden reclamar las v\u00edctimas de accidentes de bicicleta?<\/h2>\n<p>Las indemnizaciones se agrupan seg\u00fan el tipo de p\u00e9rdidas que hayas sufrido. Las v\u00edctimas de una demanda por lesiones personales tienen derecho a una indemnizaci\u00f3n por sus p\u00e9rdidas financieras, o \u201cda\u00f1os econ\u00f3micos\u201d.<\/p>\n<h3>Da\u00f1os Econ\u00f3micos<\/h3>\n<p>Estos da\u00f1os econ\u00f3micos suelen incluir:<\/p>\n<div class=\"row\">\n<ul class=\"col-xl-6\">\n<li>Gastos m\u00e9dicos pasados y futuros<\/li>\n<li>Los salarios perdidos<\/li>\n<li>La disminuci\u00f3n del potencial de ingresos en el futuro<\/li>\n<\/ul>\n<ul class=\"col-xl-6\">\n<li>Terapia f\u00edsica, rehabilitaci\u00f3n y cuidados especializados<\/li>\n<li>Cuidados de enfermer\u00eda y ayudas a domicilio<\/li>\n<li>Da\u00f1os a la propiedad<\/li>\n<\/ul>\n<\/div>\n<h3>Da\u00f1os No Econ\u00f3micos<\/h3>\n<p>Los da\u00f1os no econ\u00f3micos compensan las p\u00e9rdidas personales no econ\u00f3micas. Algunos ejemplos comunes son:<\/p>\n<div class=\"row\">\n<ul class=\"col-xl-6\">\n<li>Dolor y sufrimiento<\/li>\n<li>Angustia mental<\/li>\n<li>Disminuci\u00f3n de la calidad de vida<\/li>\n<li>Desfiguraci\u00f3n f\u00edsica y cicatrices<\/li>\n<\/ul>\n<ul class=\"col-xl-6\">\n<li>Ansiedad<\/li>\n<li>Depresi\u00f3n<\/li>\n<li>TEPT<\/li>\n<li>P\u00e9rdida del c\u00f3nyuge<\/li>\n<\/ul>\n<\/div>\n<p>Los da\u00f1os no econ\u00f3micos son muy personales. Pueden variar dr\u00e1sticamente de un caso a otro. Puedes contar con nuestros experimentados abogados de Oresky y Associates, PLLC para evaluar con precisi\u00f3n tus da\u00f1os y luchar por cada d\u00f3lar que mereces.<\/p>\n<h2>Lucharemos para recuperar la indemnizaci\u00f3n por todas tus lesiones por accidente de bicicleta<\/h2>\n<p>Los ciclistas no tienen casi ninguna protecci\u00f3n si se ven implicados en un accidente. Por desgracia, eso significa que muchas v\u00edctimas de accidentes de bicicleta sufren lesiones que les cambian la vida. Nuestros abogados de accidentes de bicicleta del Bronx en Oresky &amp; Associates, PLLC est\u00e1n preparados para luchar por la indemnizaci\u00f3n total que te mereces.<\/p>\n<p>A menudo representamos a clientes que han sufrido<\/p>\n<div class=\"row\">\n<ul class=\"col-xl-6\">\n<li>Cortes y laceraciones<\/li>\n<li>Lesiones faciales<\/li>\n<li>Huesos rotos<\/li>\n<li>Lesiones nerviosas<\/li>\n<li>Da\u00f1os en los tejidos blandos<\/li>\n<li>Lesiones cerebrales traum\u00e1ticas<\/li>\n<li>Lesiones de la m\u00e9dula espinal<\/li>\n<li>Lesiones en la cabeza y el cuello<\/li>\n<li>Conmociones cerebrales<\/li>\n<\/ul>\n<ul class=\"col-xl-6\">\n<li>Lesiones de rodilla, hombro y articulaciones<\/li>\n<li>Lesiones de espalda<\/li>\n<li>Da\u00f1os en \u00f3rganos internos<\/li>\n<li>Lesiones por quemaduras y erupciones en la carretera<\/li>\n<li>Lesiones por aplastamiento<\/li>\n<li>Lesiones por amputaci\u00f3n<\/li>\n<li>Par\u00e1lisis<\/li>\n<li>Lesiones catastr\u00f3ficas<\/li>\n<li>Muerte por negligencia de un ser querido<\/li>\n<\/ul>\n<\/div>\n<p>Seg\u00fan las leyes de la ciudad de New York sobre el uso del casco en bicicleta, solo los ciclistas menores de 14 a\u00f1os est\u00e1n obligados a llevarlo. Aun as\u00ed, el casco puede proporcionar cierta protecci\u00f3n en caso de accidente, especialmente si sufres un golpe en la cabeza.<\/p>\n<p>\u00bfEst\u00e1s luchando contra unas dolorosas lesiones tras un accidente de bicicleta? Llama a nuestros abogados del Bronx para programar una revisi\u00f3n gratuita de tu caso hoy mismo. Estaremos encantados de organizar una visita a tu casa o al hospital si no puedes acudir a nuestro despacho.<\/p>\n","protected":false},"excerpt":{"rendered":"<p>Sufriste t\u00fa, o un miembro de tu familia, una lesi\u00f3n mientras montaba bicicleta en el Bronx, NY? Puedes tener derecho a una indemnizaci\u00f3n sustancial para cubrir las facturas m\u00e9dicas, los salarios perdidos y el dolor y el sufrimiento. Un abogado experimentado en accidentes de bicicleta en el Bronx, de\u00a0Oresky y Associates, PLLC\u00a0puede ayudarte a luchar [&hellip;]<\/p>\n","protected":false},"author":9,"featured_media":23830,"parent":17391,"menu_order":9,"comment_status":"closed","ping_status":"closed","template":"practice-area.php","meta":{"_acf_changed":false,"footnotes":""},"class_list":["post-17649","page","type-page","status-publish","has-post-thumbnail","hentry"],"acf":[],"yoast_head":"<!-- This site is optimized with the Yoast SEO plugin v27.3 - https:\/\/yoast.com\/product\/yoast-seo-wordpress\/ -->\n<title>Abogado de Accidentes de Bicicleta en el Bronx - Oresky &amp; Associates, PLLC<\/title>\n<meta name=\"description\" content=\"\u00bfLesionado en un accidente de bicicleta en el Bronx, NY? Contacte a un abogado de lesiones personales de confianza en Oresky &amp; Associates, PLLC para obtener ayuda.\" \/>\n<meta name=\"robots\" content=\"index, follow, max-snippet:-1, max-image-preview:large, max-video-preview:-1\" \/>\n<link rel=\"canonical\" href=\"https:\/\/oreskylaw.com\/es\/bronx\/abogados-de-accidentes-de-bicicleta\/\" \/>\n<meta property=\"og:locale\" content=\"es_ES\" \/>\n<meta property=\"og:type\" content=\"article\" \/>\n<meta property=\"og:title\" content=\"Abogado de Accidentes de Bicicleta en el Bronx - Oresky &amp; Associates, PLLC\" \/>\n<meta property=\"og:description\" content=\"\u00bfLesionado en un accidente de bicicleta en el Bronx, NY? Contacte a un abogado de lesiones personales de confianza en Oresky &amp; Associates, PLLC para obtener ayuda.\" \/>\n<meta property=\"og:url\" content=\"https:\/\/oreskylaw.com\/es\/bronx\/abogados-de-accidentes-de-bicicleta\/\" \/>\n<meta property=\"og:site_name\" content=\"Oresky &amp; Associates, PLLC\" \/>\n<meta property=\"article:publisher\" content=\"https:\/\/www.facebook.com\/Oreskylaw\/\" \/>\n<meta property=\"article:modified_time\" content=\"2026-01-30T12:47:11+00:00\" \/>\n<meta property=\"og:image\" content=\"https:\/\/oreskylaw.com\/wp-content\/uploads\/2026\/01\/bicycle-accident-lawyers.png\" \/>\n\t<meta property=\"og:image:width\" content=\"810\" \/>\n\t<meta property=\"og:image:height\" content=\"330\" \/>\n\t<meta property=\"og:image:type\" content=\"image\/png\" \/>\n<meta name=\"twitter:card\" content=\"summary_large_image\" \/>\n<meta name=\"twitter:site\" content=\"@JacobOreskyLaw\" \/>\n<meta name=\"twitter:label1\" content=\"Tiempo de lectura\" \/>\n\t<meta name=\"twitter:data1\" content=\"6 minutos\" \/>\n<!-- \/ Yoast SEO plugin. -->","yoast_head_json":{"title":"Abogado de Accidentes de Bicicleta en el Bronx - Oresky & Associates, PLLC","description":"\u00bfLesionado en un accidente de bicicleta en el Bronx, NY? Contacte a un abogado de lesiones personales de confianza en Oresky & Associates, PLLC para obtener ayuda.","robots":{"index":"index","follow":"follow","max-snippet":"max-snippet:-1","max-image-preview":"max-image-preview:large","max-video-preview":"max-video-preview:-1"},"canonical":"https:\/\/oreskylaw.com\/es\/bronx\/abogados-de-accidentes-de-bicicleta\/","og_locale":"es_ES","og_type":"article","og_title":"Abogado de Accidentes de Bicicleta en el Bronx - Oresky & Associates, PLLC","og_description":"\u00bfLesionado en un accidente de bicicleta en el Bronx, NY? Contacte a un abogado de lesiones personales de confianza en Oresky & Associates, PLLC para obtener ayuda.","og_url":"https:\/\/oreskylaw.com\/es\/bronx\/abogados-de-accidentes-de-bicicleta\/","og_site_name":"Oresky &amp; Associates, PLLC","article_publisher":"https:\/\/www.facebook.com\/Oreskylaw\/","article_modified_time":"2026-01-30T12:47:11+00:00","og_image":[{"width":810,"height":330,"url":"https:\/\/oreskylaw.com\/wp-content\/uploads\/2026\/01\/bicycle-accident-lawyers.png","type":"image\/png"}],"twitter_card":"summary_large_image","twitter_site":"@JacobOreskyLaw","twitter_misc":{"Tiempo de lectura":"6 minutos"},"schema":{"@context":"https:\/\/schema.org","@graph":[{"@type":"WebPage","@id":"https:\/\/oreskylaw.com\/es\/bronx\/abogados-de-accidentes-de-bicicleta\/","url":"https:\/\/oreskylaw.com\/es\/bronx\/abogados-de-accidentes-de-bicicleta\/","name":"Abogado de Accidentes de Bicicleta en el Bronx - Oresky & Associates, PLLC","isPartOf":{"@id":"https:\/\/oreskylaw.com\/es\/#website"},"primaryImageOfPage":{"@id":"https:\/\/oreskylaw.com\/es\/bronx\/abogados-de-accidentes-de-bicicleta\/#primaryimage"},"image":{"@id":"https:\/\/oreskylaw.com\/es\/bronx\/abogados-de-accidentes-de-bicicleta\/#primaryimage"},"thumbnailUrl":"https:\/\/oreskylaw.com\/wp-content\/uploads\/2026\/01\/bicycle-accident-lawyers.png","datePublished":"2025-12-08T02:17:47+00:00","dateModified":"2026-01-30T12:47:11+00:00","description":"\u00bfLesionado en un accidente de bicicleta en el Bronx, NY? Contacte a un abogado de lesiones personales de confianza en Oresky & Associates, PLLC para obtener ayuda.","breadcrumb":{"@id":"https:\/\/oreskylaw.com\/es\/bronx\/abogados-de-accidentes-de-bicicleta\/#breadcrumb"},"inLanguage":"es","potentialAction":[{"@type":"ReadAction","target":["https:\/\/oreskylaw.com\/es\/bronx\/abogados-de-accidentes-de-bicicleta\/"]}]},{"@type":"ImageObject","inLanguage":"es","@id":"https:\/\/oreskylaw.com\/es\/bronx\/abogados-de-accidentes-de-bicicleta\/#primaryimage","url":"https:\/\/oreskylaw.com\/wp-content\/uploads\/2026\/01\/bicycle-accident-lawyers.png","contentUrl":"https:\/\/oreskylaw.com\/wp-content\/uploads\/2026\/01\/bicycle-accident-lawyers.png","width":810,"height":330,"caption":"bicycle in traffic"},{"@type":"BreadcrumbList","@id":"https:\/\/oreskylaw.com\/es\/bronx\/abogados-de-accidentes-de-bicicleta\/#breadcrumb","itemListElement":[{"@type":"ListItem","position":1,"name":"Inicio","item":"https:\/\/oreskylaw.com\/es\/"},{"@type":"ListItem","position":2,"name":"Abogado de lesiones personales en el Bronx","item":"https:\/\/oreskylaw.com\/es\/bronx\/"},{"@type":"ListItem","position":3,"name":"Abogado de accidentes de bicicleta en el Bronx"}]},{"@type":"WebSite","@id":"https:\/\/oreskylaw.com\/es\/#website","url":"https:\/\/oreskylaw.com\/es\/","name":"Oresky & Associates PLLC","description":"","publisher":{"@id":"https:\/\/oreskylaw.com\/es\/#organization"},"potentialAction":[{"@type":"SearchAction","target":{"@type":"EntryPoint","urlTemplate":"https:\/\/oreskylaw.com\/es\/?s={search_term_string}"},"query-input":{"@type":"PropertyValueSpecification","valueRequired":true,"valueName":"search_term_string"}}],"inLanguage":"es"}]}},"_links":{"self":[{"href":"https:\/\/oreskylaw.com\/es\/wp-json\/wp\/v2\/pages\/17649","targetHints":{"allow":["GET"]}}],"collection":[{"href":"https:\/\/oreskylaw.com\/es\/wp-json\/wp\/v2\/pages"}],"about":[{"href":"https:\/\/oreskylaw.com\/es\/wp-json\/wp\/v2\/types\/page"}],"author":[{"embeddable":true,"href":"https:\/\/oreskylaw.com\/es\/wp-json\/wp\/v2\/users\/9"}],"replies":[{"embeddable":true,"href":"https:\/\/oreskylaw.com\/es\/wp-json\/wp\/v2\/comments?post=17649"}],"version-history":[{"count":0,"href":"https:\/\/oreskylaw.com\/es\/wp-json\/wp\/v2\/pages\/17649\/revisions"}],"up":[{"embeddable":true,"href":"https:\/\/oreskylaw.com\/es\/wp-json\/wp\/v2\/pages\/17391"}],"wp:featuredmedia":[{"embeddable":true,"href":"https:\/\/oreskylaw.com\/es\/wp-json\/wp\/v2\/media\/23830"}],"wp:attachment":[{"href":"https:\/\/oreskylaw.com\/es\/wp-json\/wp\/v2\/media?parent=17649"}],"curies":[{"name":"wp","href":"https:\/\/api.w.org\/{rel}","templated":true}]}}