{"id":17661,"date":"2025-12-08T02:18:11","date_gmt":"2025-12-08T02:18:11","guid":{"rendered":"https:\/\/oreskylaw.com\/?page_id=17661"},"modified":"2026-01-28T07:14:40","modified_gmt":"2026-01-28T07:14:40","slug":"abogado-de-lesiones-cerebrales","status":"publish","type":"page","link":"https:\/\/oreskylaw.com\/es\/bronx\/abogado-de-lesiones-cerebrales\/","title":{"rendered":"Abogado de lesiones cerebrales"},"content":{"rendered":"<p>Una lesi\u00f3n cerebral traum\u00e1tica se encuentra entre las formas de da\u00f1o f\u00edsico m\u00e1s debilitantes que una persona puede sufrir. A menudo provoca efectos adversos de por vida en el bienestar cognitivo, f\u00edsico y emocional. Si usted o un ser querido sufri\u00f3 una lesi\u00f3n cerebral traum\u00e1tica en el Bronx, el bufete Oresky &amp; Associates, PLLC, puede ayudarle.<\/p>\n<p>Con m\u00e1s de 30 a\u00f1os de trayectoria exitosa y m\u00e1s de 500 millones de d\u00f3lares recuperados para v\u00edctimas de accidentes, nuestros abogados de confianza representan a los trabajadores neoyorquinos con compasi\u00f3n, experiencia y determinaci\u00f3n para lograr el mejor resultado posible. Perm\u00edtanos brindarle la representaci\u00f3n legal s\u00f3lida que necesita para buscar la compensaci\u00f3n que merece.<\/p>\n<p>Cont\u00e1ctenos hoy mismo para una consulta gratuita y sin compromiso con un abogado de lesiones cerebrales en el Bronx. La evaluaci\u00f3n de su caso es completamente confidencial y usted no paga nada a menos que resolvamos su asunto con \u00e9xito. Hablamos espa\u00f1ol.<\/p>\n<h2>\u00bfPor qu\u00e9 deber\u00eda contratar a un abogado de lesiones cerebrales traum\u00e1ticas en el Bronx para mi caso?<\/h2>\n<p>Los casos de lesiones cerebrales se encuentran entre los reclamos por lesiones personales m\u00e1s complejos. Las v\u00edctimas suelen enfrentar meses o incluso a\u00f1os de recuperaci\u00f3n, altos costos m\u00e9dicos e incertidumbre sobre el futuro. Contratar a un abogado con experiencia en lesiones cerebrales en el Bronx le brinda un defensor que comprende c\u00f3mo manejar estos desaf\u00edos mientras protege sus derechos legales.<\/p>\n<p>En Oresky &amp; Associates, PLLC, nuestros abogados capacitados pueden encargarse de cada etapa de su caso, desde investigar la causa de la lesi\u00f3n hasta negociar con las aseguradoras y prepararse para un juicio si es necesario. Reunimos expedientes m\u00e9dicos, entrevistamos testigos, consultamos a especialistas y calculamos sus p\u00e9rdidas econ\u00f3micas y personales. Contar con un abogado le permite concentrarse en su recuperaci\u00f3n mientras nosotros buscamos una compensaci\u00f3n justa en su nombre.<\/p>\n<p>Nuestro bufete ha dedicado m\u00e1s de tres d\u00e9cadas a luchar por los neoyorquinos lesionados y sus familias. Reconocido por su honestidad, profesionalismo y genuino compromiso, nuestro equipo escucha con atenci\u00f3n, se comunica con transparencia y trata a cada cliente como parte de la familia. A lo largo de los a\u00f1os, hemos ayudado a las v\u00edctimas a obtener compensaciones significativas por lesiones cerebrales, lo que nos ha valido cientos de rese\u00f1as positivas de clientes en los cinco distritos de la ciudad.<\/p>\n<p>Usted ya ha pasado por demasiado. Perm\u00edtanos luchar por su tranquilidad, su recuperaci\u00f3n y su futuro. Comun\u00edquese con nosotros hoy mismo y descubra la diferencia que un abogado de lesiones cerebrales en el Bronx puede marcar en su caso. La evaluaci\u00f3n de su caso es gratuita y completamente confidencial.<\/p>\n<h2>\u00bfQu\u00e9 compensaci\u00f3n puedo reclamar por una lesi\u00f3n cerebral traum\u00e1tica?<\/h2>\n<p>Una lesi\u00f3n cerebral puede afectar cada aspecto de su vida, tanto en lo f\u00edsico como en lo emocional y financiero. Por medio de un reclamo por lesi\u00f3n cerebral, usted puede buscar compensaci\u00f3n por todas las p\u00e9rdidas relacionadas. Estas pueden incluir tratamiento m\u00e9dico, hospitalizaci\u00f3n, medicamentos y terapia de rehabilitaci\u00f3n. Las v\u00edctimas tambi\u00e9n pueden obtener compensaci\u00f3n por ingresos perdidos, disminuci\u00f3n de la capacidad de generar ingresos y futuras necesidades m\u00e9dicas derivadas de da\u00f1os cerebrales a largo plazo.<\/p>\n<p>Las p\u00e9rdidas emocionales son igualmente significativas. Usted puede solicitar compensaci\u00f3n por dolor y sufrimiento, ansiedad y p\u00e9rdida del disfrute de la vida. Un abogado especializado en lesiones cerebrales en el Bronx de Oresky &amp; Associates, PLLC, comprende c\u00f3mo cada una de estas p\u00e9rdidas impacta su realidad diaria y sus oportunidades futuras. Podemos trabajar con economistas y expertos m\u00e9dicos para calcular el valor real de su caso de lesi\u00f3n cerebral, de modo que cada p\u00e9rdida sea debidamente considerada.<\/p>\n<p>Nuestro equipo se enorgullece de construir reclamos s\u00f3lidos y fundamentados en pruebas que reflejan el alcance completo de su situaci\u00f3n. Hemos representado con \u00e9xito a innumerables v\u00edctimas de lesiones cerebrales en todo Nueva York, ayudando a las familias a obtener una compensaci\u00f3n significativa y a seguir adelante con el respaldo que necesitan.<\/p>\n<h2>\u00bfCu\u00e1nto tiempo tengo para presentar una demanda por lesi\u00f3n cerebral traum\u00e1tica en Nueva York?<\/h2>\n<p>La ley de Nueva York limita el tiempo que usted dispone para presentar una demanda por lesi\u00f3n cerebral. En la mayor\u00eda de los casos, usted tiene <a href=\"https:\/\/www.nysenate.gov\/legislation\/laws\/CVP\/214\" target=\"_blank\" rel=\"noopener\">tres a\u00f1os a partir de la fecha del accidente<\/a> para iniciar una acci\u00f3n legal. Al no cumplir con este plazo puede significar el perder el derecho a recuperar cualquier compensaci\u00f3n por sus p\u00e9rdidas.<\/p>\n<p>En determinadas situaciones, los plazos son a\u00fan m\u00e1s cortos. Por ejemplo, si una entidad gubernamental, como un proyecto de construcci\u00f3n municipal o estatal, o un veh\u00edculo del gobierno contribuy\u00f3 a su lesi\u00f3n, usted solo tiene 90 d\u00edas para presentar un aviso de reclamo. Estos l\u00edmites hacen que sea fundamental ponerse en contacto con un abogado de lesiones cerebrales en el Bronx lo antes posible.<\/p>\n<p>Actuar con rapidez tambi\u00e9n permite a su equipo legal recopilar pruebas recientes, conservar los expedientes m\u00e9dicos y documentar el alcance de sus lesiones antes de que los recuerdos se desvanezcan o se pierda documentaci\u00f3n importante. Mantenerse proactivo con los plazos y la organizaci\u00f3n ayuda a que su reclamo se mantenga vigente y protegido frente a contratiempos procesales.<\/p>\n<h2>\u00bfCu\u00e1les son los tipos de lesiones cerebrales traum\u00e1ticas?<\/h2>\n<p>Las lesiones cerebrales traum\u00e1ticas var\u00edan en gravedad, s\u00edntomas y efectos a largo plazo. Comprender los distintos <a href=\"https:\/\/www.hopkinsmedicine.org\/health\/conditions-and-diseases\/traumatic-brain-injury\" target=\"_blank\" rel=\"noopener\">tipos de lesiones cerebrales<\/a> ayuda a los m\u00e9dicos y a los abogados a determinar el impacto que un accidente tiene en su cuerpo y en su mente.<\/p>\n<p>Entre los tipos m\u00e1s comunes se encuentran los siguientes:<\/p>\n<ul>\n<li><strong>Lesi\u00f3n cerebral leve<\/strong>: a menudo conocida como conmoci\u00f3n cerebral, puede causar mareos, dolores de cabeza y confusi\u00f3n temporal. Aunque se denomina \u201cleve\u201d, requiere un seguimiento cuidadoso y atenci\u00f3n m\u00e9dica.<\/li>\n<li><strong>Lesi\u00f3n moderada a grave<\/strong>: estos casos suelen implicar p\u00e9rdida prolongada del conocimiento, problemas de memoria y cambios neurol\u00f3gicos permanentes.<\/li>\n<li><strong>Contusiones<\/strong>: provocan moretones en la superficie del cerebro, generalmente como resultado de un impacto directo y, en algunos casos, requieren cirug\u00eda para aliviar la presi\u00f3n.<\/li>\n<li><strong>Lesi\u00f3n axonal difusa<\/strong>: ocurre cuando el cerebro se mueve con brusquedad dentro del cr\u00e1neo, estirando o desgarrando las fibras nerviosas.<\/li>\n<li><strong>Lesi\u00f3n cerebral penetrante<\/strong>: es causada por un objeto que atraviesa el cr\u00e1neo, lo que produce da\u00f1os graves en el tejido cerebral.<\/li>\n<li><strong>Lesi\u00f3n an\u00f3xica o hip\u00f3xica<\/strong>: sucede cuando el cerebro se queda sin ox\u00edgeno debido a un ahogamiento, paro card\u00edaco o asfixia.<\/li>\n<\/ul>\n<p>Cada caso requiere una evaluaci\u00f3n m\u00e9dica y una documentaci\u00f3n personalizada. Su abogado de lesiones cerebrales en el Bronx puede colaborar con neur\u00f3logos, neuropsic\u00f3logos y otros especialistas para demostrar c\u00f3mo su lesi\u00f3n espec\u00edfica en la cabeza ha afectado sus capacidades cognitivas y f\u00edsicas.<\/p>\n","protected":false},"excerpt":{"rendered":"<p>Una lesi\u00f3n cerebral traum\u00e1tica se encuentra entre las formas de da\u00f1o f\u00edsico m\u00e1s debilitantes que una persona puede sufrir. A menudo provoca efectos adversos de por vida en el bienestar cognitivo, f\u00edsico y emocional. Si usted o un ser querido sufri\u00f3 una lesi\u00f3n cerebral traum\u00e1tica en el Bronx, el bufete Oresky &amp; Associates, PLLC, puede [&hellip;]<\/p>\n","protected":false},"author":9,"featured_media":23838,"parent":17391,"menu_order":11,"comment_status":"closed","ping_status":"closed","template":"practice-area.php","meta":{"_acf_changed":false,"footnotes":""},"class_list":["post-17661","page","type-page","status-publish","has-post-thumbnail","hentry"],"acf":[],"yoast_head":"<!-- This site is optimized with the Yoast SEO plugin v27.3 - https:\/\/yoast.com\/product\/yoast-seo-wordpress\/ -->\n<title>Abogado de lesiones cerebrales en el Bronx - Oresky &amp; Associates, PLLC<\/title>\n<meta name=\"description\" content=\"Merece una indemnizaci\u00f3n si sufri\u00f3 una lesi\u00f3n cerebral en el Bronx. Contacte a nuestros abogados hoy mismo para una consulta gratuita.\" \/>\n<meta name=\"robots\" content=\"index, follow, max-snippet:-1, max-image-preview:large, max-video-preview:-1\" \/>\n<link rel=\"canonical\" href=\"https:\/\/oreskylaw.com\/es\/bronx\/abogado-de-lesiones-cerebrales\/\" \/>\n<meta property=\"og:locale\" content=\"es_ES\" \/>\n<meta property=\"og:type\" content=\"article\" \/>\n<meta property=\"og:title\" content=\"Abogado de lesiones cerebrales en el Bronx - Oresky &amp; Associates, PLLC\" \/>\n<meta property=\"og:description\" content=\"Merece una indemnizaci\u00f3n si sufri\u00f3 una lesi\u00f3n cerebral en el Bronx. Contacte a nuestros abogados hoy mismo para una consulta gratuita.\" \/>\n<meta property=\"og:url\" content=\"https:\/\/oreskylaw.com\/es\/bronx\/abogado-de-lesiones-cerebrales\/\" \/>\n<meta property=\"og:site_name\" content=\"Oresky &amp; Associates, PLLC\" \/>\n<meta property=\"article:publisher\" content=\"https:\/\/www.facebook.com\/Oreskylaw\/\" \/>\n<meta property=\"article:modified_time\" content=\"2026-01-28T07:14:40+00:00\" \/>\n<meta property=\"og:image\" content=\"https:\/\/oreskylaw.com\/wp-content\/uploads\/2026\/01\/brain-injury-lawyer.png\" \/>\n\t<meta property=\"og:image:width\" content=\"810\" \/>\n\t<meta property=\"og:image:height\" content=\"330\" \/>\n\t<meta property=\"og:image:type\" content=\"image\/png\" \/>\n<meta name=\"twitter:card\" content=\"summary_large_image\" \/>\n<meta name=\"twitter:site\" content=\"@JacobOreskyLaw\" \/>\n<meta name=\"twitter:label1\" content=\"Tiempo de lectura\" \/>\n\t<meta name=\"twitter:data1\" content=\"5 minutos\" \/>\n<!-- \/ Yoast SEO plugin. -->","yoast_head_json":{"title":"Abogado de lesiones cerebrales en el Bronx - Oresky & Associates, PLLC","description":"Merece una indemnizaci\u00f3n si sufri\u00f3 una lesi\u00f3n cerebral en el Bronx. Contacte a nuestros abogados hoy mismo para una consulta gratuita.","robots":{"index":"index","follow":"follow","max-snippet":"max-snippet:-1","max-image-preview":"max-image-preview:large","max-video-preview":"max-video-preview:-1"},"canonical":"https:\/\/oreskylaw.com\/es\/bronx\/abogado-de-lesiones-cerebrales\/","og_locale":"es_ES","og_type":"article","og_title":"Abogado de lesiones cerebrales en el Bronx - Oresky & Associates, PLLC","og_description":"Merece una indemnizaci\u00f3n si sufri\u00f3 una lesi\u00f3n cerebral en el Bronx. Contacte a nuestros abogados hoy mismo para una consulta gratuita.","og_url":"https:\/\/oreskylaw.com\/es\/bronx\/abogado-de-lesiones-cerebrales\/","og_site_name":"Oresky &amp; Associates, PLLC","article_publisher":"https:\/\/www.facebook.com\/Oreskylaw\/","article_modified_time":"2026-01-28T07:14:40+00:00","og_image":[{"width":810,"height":330,"url":"https:\/\/oreskylaw.com\/wp-content\/uploads\/2026\/01\/brain-injury-lawyer.png","type":"image\/png"}],"twitter_card":"summary_large_image","twitter_site":"@JacobOreskyLaw","twitter_misc":{"Tiempo de lectura":"5 minutos"},"schema":{"@context":"https:\/\/schema.org","@graph":[{"@type":"WebPage","@id":"https:\/\/oreskylaw.com\/es\/bronx\/abogado-de-lesiones-cerebrales\/","url":"https:\/\/oreskylaw.com\/es\/bronx\/abogado-de-lesiones-cerebrales\/","name":"Abogado de lesiones cerebrales en el Bronx - Oresky & Associates, PLLC","isPartOf":{"@id":"https:\/\/oreskylaw.com\/es\/#website"},"primaryImageOfPage":{"@id":"https:\/\/oreskylaw.com\/es\/bronx\/abogado-de-lesiones-cerebrales\/#primaryimage"},"image":{"@id":"https:\/\/oreskylaw.com\/es\/bronx\/abogado-de-lesiones-cerebrales\/#primaryimage"},"thumbnailUrl":"https:\/\/oreskylaw.com\/wp-content\/uploads\/2026\/01\/brain-injury-lawyer.png","datePublished":"2025-12-08T02:18:11+00:00","dateModified":"2026-01-28T07:14:40+00:00","description":"Merece una indemnizaci\u00f3n si sufri\u00f3 una lesi\u00f3n cerebral en el Bronx. Contacte a nuestros abogados hoy mismo para una consulta gratuita.","breadcrumb":{"@id":"https:\/\/oreskylaw.com\/es\/bronx\/abogado-de-lesiones-cerebrales\/#breadcrumb"},"inLanguage":"es","potentialAction":[{"@type":"ReadAction","target":["https:\/\/oreskylaw.com\/es\/bronx\/abogado-de-lesiones-cerebrales\/"]}]},{"@type":"ImageObject","inLanguage":"es","@id":"https:\/\/oreskylaw.com\/es\/bronx\/abogado-de-lesiones-cerebrales\/#primaryimage","url":"https:\/\/oreskylaw.com\/wp-content\/uploads\/2026\/01\/brain-injury-lawyer.png","contentUrl":"https:\/\/oreskylaw.com\/wp-content\/uploads\/2026\/01\/brain-injury-lawyer.png","width":810,"height":330,"caption":"brain injury"},{"@type":"BreadcrumbList","@id":"https:\/\/oreskylaw.com\/es\/bronx\/abogado-de-lesiones-cerebrales\/#breadcrumb","itemListElement":[{"@type":"ListItem","position":1,"name":"Inicio","item":"https:\/\/oreskylaw.com\/es\/"},{"@type":"ListItem","position":2,"name":"Abogado de lesiones personales en el Bronx","item":"https:\/\/oreskylaw.com\/es\/bronx\/"},{"@type":"ListItem","position":3,"name":"Abogado de lesiones cerebrales"}]},{"@type":"WebSite","@id":"https:\/\/oreskylaw.com\/es\/#website","url":"https:\/\/oreskylaw.com\/es\/","name":"Oresky & Associates PLLC","description":"","publisher":{"@id":"https:\/\/oreskylaw.com\/es\/#organization"},"potentialAction":[{"@type":"SearchAction","target":{"@type":"EntryPoint","urlTemplate":"https:\/\/oreskylaw.com\/es\/?s={search_term_string}"},"query-input":{"@type":"PropertyValueSpecification","valueRequired":true,"valueName":"search_term_string"}}],"inLanguage":"es"}]}},"_links":{"self":[{"href":"https:\/\/oreskylaw.com\/es\/wp-json\/wp\/v2\/pages\/17661","targetHints":{"allow":["GET"]}}],"collection":[{"href":"https:\/\/oreskylaw.com\/es\/wp-json\/wp\/v2\/pages"}],"about":[{"href":"https:\/\/oreskylaw.com\/es\/wp-json\/wp\/v2\/types\/page"}],"author":[{"embeddable":true,"href":"https:\/\/oreskylaw.com\/es\/wp-json\/wp\/v2\/users\/9"}],"replies":[{"embeddable":true,"href":"https:\/\/oreskylaw.com\/es\/wp-json\/wp\/v2\/comments?post=17661"}],"version-history":[{"count":0,"href":"https:\/\/oreskylaw.com\/es\/wp-json\/wp\/v2\/pages\/17661\/revisions"}],"up":[{"embeddable":true,"href":"https:\/\/oreskylaw.com\/es\/wp-json\/wp\/v2\/pages\/17391"}],"wp:featuredmedia":[{"embeddable":true,"href":"https:\/\/oreskylaw.com\/es\/wp-json\/wp\/v2\/media\/23838"}],"wp:attachment":[{"href":"https:\/\/oreskylaw.com\/es\/wp-json\/wp\/v2\/media?parent=17661"}],"curies":[{"name":"wp","href":"https:\/\/api.w.org\/{rel}","templated":true}]}}