{"id":17686,"date":"2025-12-08T02:19:06","date_gmt":"2025-12-08T02:19:06","guid":{"rendered":"https:\/\/oreskylaw.com\/?page_id=17686"},"modified":"2026-01-30T12:49:11","modified_gmt":"2026-01-30T12:49:11","slug":"abogados-de-accidentes-de-bote","status":"publish","type":"page","link":"https:\/\/oreskylaw.com\/es\/bronx\/abogados-de-accidentes-de-bote\/","title":{"rendered":"Abogado de Accidentes de Bote"},"content":{"rendered":"<h2>Abogado de Accidentes N\u00e1uticos en el Bronx<\/h2>\n<p>\u00bfHa sufrido recientemente lesiones en un accidente n\u00e1utico en el Bronx, New York? Es importante que comprenda sus derechos legales y las opciones que tiene para una recuperaci\u00f3n financiera. <a href=\"https:\/\/oreskylaw.com\/es\/contacto\/\">Cont\u00e1ctanos<\/a> a nuestra firma de abogados,\u00a0<a href=\"https:\/\/oreskylaw.com\/es\/acerca-de-nosotros\/\">Oresky &amp; Associates, LLC<\/a>\u00a0para obtener asistencia inmediata. Nuestros abogados especializados en accidentes n\u00e1uticos en el Bronx est\u00e1n listos para ayudarle a buscar da\u00f1os e indemnizaciones y luchar para maximizar su compensaci\u00f3n.<\/p>\n<p>Desde 1992 hemos sido defensores tenaces de navegantes lesionados y familias devastadas en el Bronx y en toda la ciudad de New York. Durante m\u00e1s de 30 a\u00f1os, hemos ayudado a nuestros clientes a lograr victorias financieras significativas, sumando m\u00e1s de 400 millones de d\u00f3lares hasta la fecha.<\/p>\n<p>Ahora es su momento de defenderse y luchar por la compensaci\u00f3n que merece despu\u00e9s de un desafortunado accidente n\u00e1utico en el Bronx. Llame a nuestra oficina legal al\u00a0<a href=\"tel:+19299304705\">(929) 930-4705<\/a>\u00a0para programar una consulta gratuita con un miembro de nuestro equipo experto hoy mismo.<\/p>\n<h2>\u00bfC\u00f3mo puede ayudar a Oresky &amp; Associates, LLC despu\u00e9s de un accidente n\u00e1utico en el Bronx, New York?<\/h2>\n<p>\u00bfQu\u00e9 fue exactamente lo que caus\u00f3 su accidente n\u00e1utico? \u00bfQui\u00e9n tiene la culpa? \u00bfQui\u00e9n es responsable de pagar sus facturas m\u00e9dicas y compensar los salarios perdidos durante su recuperaci\u00f3n? \u00bfQu\u00e9 sucede si alguien intenta culparlo a usted del accidente?<\/p>\n<p>No tiene que asumir solo la tarea de resolver estas preguntas. Cuando haya sufrido un accidente n\u00e1utico, nuestros abogados de lesiones personales del Bronx estar\u00e1n para ofrecerle la orientaci\u00f3n y el apoyo que necesita.<\/p>\n<p>Hemos pasado d\u00e9cadas construyendo reclamaciones personales exitosas para clientes como usted y ganando millones de compa\u00f1\u00edas de seguros, empleadores, corporaciones y otros acusados en el proceso.<\/p>\n<p>Cuando recurra a nosotros en busca de ayuda, podr\u00e1 concentrarse en su recuperaci\u00f3n mientras est\u00e9 seguro de que su caso est\u00e1 en buenas manos.<\/p>\n<p>Mientras manejamos su reclamaci\u00f3n por accidente n\u00e1utico, vamos a:<\/p>\n<ul>\n<li>Realizar una investigaci\u00f3n independiente de su accidente n\u00e1utico para determinar qu\u00e9 lo caus\u00f3, c\u00f3mo se podr\u00eda haber evitado y qui\u00e9n tiene la culpa.<\/li>\n<li>Recolecta informes de accidentes, registros de mantenimiento del bote, registros de contrataci\u00f3n, informaci\u00f3n de licencias, declaraciones de testigos, evidencia f\u00edsica del lugar de los hechos, registros m\u00e9dicos y otra informaci\u00f3n para respaldar su reclamaci\u00f3n por da\u00f1os.<\/li>\n<li>Defenderlo si la parte culpable o la aseguradora intentan culparlo por el accidente y el trauma resultante.<\/li>\n<li>Consulte con respetados expertos en derecho mar\u00edtimo y accidentes n\u00e1uticos.<\/li>\n<li>Negociar un acuerdo con otras partes en su nombre.<\/li>\n<li>Que uno de nuestros abogados de juicio de la ciudad de New York, altamente calificados, lleve su caso a un jurado si no estamos satisfechos con la (s) oferta (s) de acuerdo que ha recibido.<\/li>\n<\/ul>\n<p>En Oresky &amp; Associates, LLC, nuestros abogados de accidentes n\u00e1uticos en el Bronx trabajan sobre la base de contingencia. No tiene que pagar nada para obtener nuestro equipo legal galardonado en su esquina. Solo cobramos si ganamos su caso.<\/p>\n<p>No hay riesgo en pedir nuestra ayuda. Por favor, no dude en comunicarse con nuestra oficina legal en el Bronx hoy mismo. Su primera evaluaci\u00f3n de caso es 100 por ciento gratuita.<\/p>\n<h2>\u00bfQu\u00e9 son tan comunes los accidentes n\u00e1uticos en el Bronx?<\/h2>\n<p>El Bronx est\u00e1 rodeado de agua por tres lados: el East River al este, el r\u00edo Hudson al oeste y el Bronx Kill y el r\u00edo Harlem al sur. Por tanto, no es sorprendente que haya m\u00e1s de 2.300 embarcaciones registradas en el Bronx.<\/p>\n<p>Seg\u00fan el Departamento de Parques del Estado de New York, se informaron dos accidentes n\u00e1uticos en el Bronx en 2021. Estos resultaron en no menos de diez lesiones.<\/p>\n    <div class=\"cw-cta-box\">\n        <div class=\"cw-cta-box__inner \">\n            <div class=\"cw-cta-box__info\">\n                                    <div class=\"label\">\u00a1Llame ahora!<\/div>\n                            <\/div>\n                            <div class=\"contact-phone\">\n                    <a href=\"tel:7189939999\"\n                        aria-label=\"Tap to call button\">\n                        718-993-9999                    <\/a>\n                <\/div>\n                    <\/div>\n                    <a href=\"\/es\/contacto\/\"\n               class=\"cta-btn btn btn--primary btn\"\n               target=\"\">\n                Obtenga Una Consulta Gratuita            <\/a>\n            <\/div>\n    \n<h2>\u00bfQu\u00e9 causa la mayor\u00eda de los accidentes n\u00e1uticos en el Bronx?<\/h2>\n<p>Como un centro neur\u00e1lgico en la costa este, las v\u00edas fluviales alrededor del Bronx est\u00e1n extremadamente ocupadas. Entre barcos de pesca, embarcaciones comerciales, yates privados, motos de agua personales, transbordadores, barcos de la Marina y barcos tur\u00edsticos, el agua rara vez est\u00e1 tranquila. Esto puede dificultar la navegaci\u00f3n segura en el agua y evitar accidentes.<\/p>\n<p>Al final del d\u00eda, la mayor\u00eda de los accidentes n\u00e1uticos en el Bronx son consecuencia del error humano o la negligencia.<\/p>\n<p>Algunos factores comunes que contribuyen incluyen:<\/p>\n<div class=\"row\">\n<ul class=\"col-xl-6\">\n<li>Operador inexperto<\/li>\n<li>Exceso de velocidad<\/li>\n<li>Ignorar las regulaciones estatales y federales de navegaci\u00f3n<\/li>\n<li>Operar un barco sin licencia de navegaci\u00f3n<\/li>\n<li>Drogas y alcohol<\/li>\n<\/ul>\n<ul class=\"col-xl-6\">\n<li>Distracciones<\/li>\n<li>Mantenimiento negligente del buque<\/li>\n<li>Vigilancia insuficiente<\/li>\n<li>Embarcaciones de sobrecarga<\/li>\n<li>Operar un barco en condiciones clim\u00e1ticas adversas<\/li>\n<\/ul>\n<\/div>\n<p>Los defectos en los barcos, los problemas el\u00e9ctricos y las v\u00edas fluviales congestionadas tambi\u00e9n pueden provocar accidentes n\u00e1uticos en y alrededor del Bronx.<\/p>\n<h2>Manejamos todos los tipos de accidentes n\u00e1uticos en el Bronx, New York<\/h2>\n<p>Los accidentes de bote pueden involucrar cualquier tipo de embarcaci\u00f3n o arte fluvial.<\/p>\n<p>Oresky &amp; Associates, LLC representa a los clientes que han sufrido lesiones en:<\/p>\n<div class=\"row\">\n<ul class=\"col-xl-6\">\n<li>Accidentes en motos acu\u00e1ticas<\/li>\n<li>Accidentes de canoa<\/li>\n<li>Accidentes de kayak<\/li>\n<li>Accidentes de Rapid Lancha<\/li>\n<li>Accidentes de Velero<\/li>\n<li>Accidentes transbordadores<\/li>\n<li>Accidentes de barcos de turismo<\/li>\n<\/ul>\n<ul class=\"col-xl-6\">\n<li>Accidentes de embarcaciones marinas<\/li>\n<li>Accidentes de crucero<\/li>\n<li>Accidentes en cargueros<\/li>\n<li>Barcos de pesca<\/li>\n<li>Accidentes de esqu\u00ed acu\u00e1tico<\/li>\n<li>Accidentes en marinas y muelles<\/li>\n<li>Accidentes de tr\u00e1fico y m\u00e1s<\/li>\n<\/ul>\n<\/div>\n<p>No dude en comunicarse con nuestro equipo legal en el Bronx para discutir su caso de accidente n\u00e1utico. Podemos revisar la situaci\u00f3n, brindarle orientaci\u00f3n legal preliminar y ayudarlo a avanzar con un reclamo por da\u00f1os para compensar las lesiones, costos y sufrimientos que ha soportado.<\/p>\n<h2>Luchando para recuperar la compensaci\u00f3n por Todas Sus Graves Lesiones por Accidentes N\u00e1uticos en el Bronx<\/h2>\n<p>Sufrir una lesi\u00f3n en o cerca del agua complica las cosas porque plantea un riesgo adicional de lesi\u00f3n y da\u00f1o.<\/p>\n<p>Los accidentes de bote pueden dejar a las v\u00edctimas luchando con lesiones graves y catastr\u00f3ficas, que incluyen:<\/p>\n<div class=\"row\">\n<ul class=\"col-xl-6\">\n<li>Huesos rotos y fracturas<\/li>\n<li>Da\u00f1o nervioso<\/li>\n<li>Herida de la m\u00e9dula espinal<\/li>\n<li>Par\u00e1lisis<\/li>\n<li>Amputaci\u00f3n<\/li>\n<li>Lesi\u00f3n de cuello y espalda<\/li>\n<li>Latigazo cervical<\/li>\n<li>Conmoci\u00f3n cerebral<\/li>\n<li>Traumatique cerebral<\/li>\n<\/ul>\n<ul class=\"col-xl-6\">\n<li>Hipotermia<\/li>\n<li>Amputaci\u00f3n<\/li>\n<li>Quemaduras<\/li>\n<li>Cortes y laceraciones<\/li>\n<li>Heridas punzantes<\/li>\n<li>Ahogamiento<\/li>\n<li>Esguinces y distensiones,<\/li>\n<li>Muerte por negligencia.<\/li>\n<\/ul>\n<\/div>\n<p>Siempre busque tratamiento m\u00e9dico de inmediato despu\u00e9s de un accidente de barco en el Bronx. Un m\u00e9dico puede proporcionar una evaluaci\u00f3n m\u00e9dica r\u00e1pida, diagnosticar y tratar todas las lesiones y ayudar a las v\u00edctimas a limitar el alcance y el impacto de su trauma.<\/p>\n","protected":false},"excerpt":{"rendered":"<p>Abogado de Accidentes N\u00e1uticos en el Bronx \u00bfHa sufrido recientemente lesiones en un accidente n\u00e1utico en el Bronx, New York? Es importante que comprenda sus derechos legales y las opciones que tiene para una recuperaci\u00f3n financiera. Cont\u00e1ctanos a nuestra firma de abogados,\u00a0Oresky &amp; Associates, LLC\u00a0para obtener asistencia inmediata. Nuestros abogados especializados en accidentes n\u00e1uticos en [&hellip;]<\/p>\n","protected":false},"author":9,"featured_media":23846,"parent":17391,"menu_order":18,"comment_status":"closed","ping_status":"closed","template":"practice-area.php","meta":{"_acf_changed":false,"footnotes":""},"class_list":["post-17686","page","type-page","status-publish","has-post-thumbnail","hentry"],"acf":[],"yoast_head":"<!-- This site is optimized with the Yoast SEO plugin v27.3 - https:\/\/yoast.com\/product\/yoast-seo-wordpress\/ -->\n<title>Abogado de Accidentes de Bote en el Bronx - Oresky &amp; Associates, PLLC<\/title>\n<meta name=\"description\" content=\"Si ha sufrido lesiones en un accidente de bote en el Bronx, consulte con abogado experto en accidentes de navegaci\u00f3n en nuestro bufete. Ll\u00e1menos hoy.\" \/>\n<meta name=\"robots\" content=\"index, follow, max-snippet:-1, max-image-preview:large, max-video-preview:-1\" \/>\n<link rel=\"canonical\" href=\"https:\/\/oreskylaw.com\/es\/bronx\/abogados-de-accidentes-de-bote\/\" \/>\n<meta property=\"og:locale\" content=\"es_ES\" \/>\n<meta property=\"og:type\" content=\"article\" \/>\n<meta property=\"og:title\" content=\"Abogado de Accidentes de Bote en el Bronx - Oresky &amp; Associates, PLLC\" \/>\n<meta property=\"og:description\" content=\"Si ha sufrido lesiones en un accidente de bote en el Bronx, consulte con abogado experto en accidentes de navegaci\u00f3n en nuestro bufete. Ll\u00e1menos hoy.\" \/>\n<meta property=\"og:url\" content=\"https:\/\/oreskylaw.com\/es\/bronx\/abogados-de-accidentes-de-bote\/\" \/>\n<meta property=\"og:site_name\" content=\"Oresky &amp; Associates, PLLC\" \/>\n<meta property=\"article:publisher\" content=\"https:\/\/www.facebook.com\/Oreskylaw\/\" \/>\n<meta property=\"article:modified_time\" content=\"2026-01-30T12:49:11+00:00\" \/>\n<meta property=\"og:image\" content=\"https:\/\/oreskylaw.com\/wp-content\/uploads\/2026\/01\/boating-accident-lawyers.png\" \/>\n\t<meta property=\"og:image:width\" content=\"810\" \/>\n\t<meta property=\"og:image:height\" content=\"330\" \/>\n\t<meta property=\"og:image:type\" content=\"image\/png\" \/>\n<meta name=\"twitter:card\" content=\"summary_large_image\" \/>\n<meta name=\"twitter:site\" content=\"@JacobOreskyLaw\" \/>\n<meta name=\"twitter:label1\" content=\"Tiempo de lectura\" \/>\n\t<meta name=\"twitter:data1\" content=\"5 minutos\" \/>\n<!-- \/ Yoast SEO plugin. -->","yoast_head_json":{"title":"Abogado de Accidentes de Bote en el Bronx - Oresky & Associates, PLLC","description":"Si ha sufrido lesiones en un accidente de bote en el Bronx, consulte con abogado experto en accidentes de navegaci\u00f3n en nuestro bufete. Ll\u00e1menos hoy.","robots":{"index":"index","follow":"follow","max-snippet":"max-snippet:-1","max-image-preview":"max-image-preview:large","max-video-preview":"max-video-preview:-1"},"canonical":"https:\/\/oreskylaw.com\/es\/bronx\/abogados-de-accidentes-de-bote\/","og_locale":"es_ES","og_type":"article","og_title":"Abogado de Accidentes de Bote en el Bronx - Oresky & Associates, PLLC","og_description":"Si ha sufrido lesiones en un accidente de bote en el Bronx, consulte con abogado experto en accidentes de navegaci\u00f3n en nuestro bufete. Ll\u00e1menos hoy.","og_url":"https:\/\/oreskylaw.com\/es\/bronx\/abogados-de-accidentes-de-bote\/","og_site_name":"Oresky &amp; Associates, PLLC","article_publisher":"https:\/\/www.facebook.com\/Oreskylaw\/","article_modified_time":"2026-01-30T12:49:11+00:00","og_image":[{"width":810,"height":330,"url":"https:\/\/oreskylaw.com\/wp-content\/uploads\/2026\/01\/boating-accident-lawyers.png","type":"image\/png"}],"twitter_card":"summary_large_image","twitter_site":"@JacobOreskyLaw","twitter_misc":{"Tiempo de lectura":"5 minutos"},"schema":{"@context":"https:\/\/schema.org","@graph":[{"@type":"WebPage","@id":"https:\/\/oreskylaw.com\/es\/bronx\/abogados-de-accidentes-de-bote\/","url":"https:\/\/oreskylaw.com\/es\/bronx\/abogados-de-accidentes-de-bote\/","name":"Abogado de Accidentes de Bote en el Bronx - Oresky & Associates, PLLC","isPartOf":{"@id":"https:\/\/oreskylaw.com\/es\/#website"},"primaryImageOfPage":{"@id":"https:\/\/oreskylaw.com\/es\/bronx\/abogados-de-accidentes-de-bote\/#primaryimage"},"image":{"@id":"https:\/\/oreskylaw.com\/es\/bronx\/abogados-de-accidentes-de-bote\/#primaryimage"},"thumbnailUrl":"https:\/\/oreskylaw.com\/wp-content\/uploads\/2026\/01\/boating-accident-lawyers.png","datePublished":"2025-12-08T02:19:06+00:00","dateModified":"2026-01-30T12:49:11+00:00","description":"Si ha sufrido lesiones en un accidente de bote en el Bronx, consulte con abogado experto en accidentes de navegaci\u00f3n en nuestro bufete. Ll\u00e1menos hoy.","breadcrumb":{"@id":"https:\/\/oreskylaw.com\/es\/bronx\/abogados-de-accidentes-de-bote\/#breadcrumb"},"inLanguage":"es","potentialAction":[{"@type":"ReadAction","target":["https:\/\/oreskylaw.com\/es\/bronx\/abogados-de-accidentes-de-bote\/"]}]},{"@type":"ImageObject","inLanguage":"es","@id":"https:\/\/oreskylaw.com\/es\/bronx\/abogados-de-accidentes-de-bote\/#primaryimage","url":"https:\/\/oreskylaw.com\/wp-content\/uploads\/2026\/01\/boating-accident-lawyers.png","contentUrl":"https:\/\/oreskylaw.com\/wp-content\/uploads\/2026\/01\/boating-accident-lawyers.png","width":810,"height":330,"caption":"boat in water"},{"@type":"BreadcrumbList","@id":"https:\/\/oreskylaw.com\/es\/bronx\/abogados-de-accidentes-de-bote\/#breadcrumb","itemListElement":[{"@type":"ListItem","position":1,"name":"Inicio","item":"https:\/\/oreskylaw.com\/es\/"},{"@type":"ListItem","position":2,"name":"Abogado de lesiones personales en el Bronx","item":"https:\/\/oreskylaw.com\/es\/bronx\/"},{"@type":"ListItem","position":3,"name":"Abogado de Accidentes de Bote"}]},{"@type":"WebSite","@id":"https:\/\/oreskylaw.com\/es\/#website","url":"https:\/\/oreskylaw.com\/es\/","name":"Oresky & Associates PLLC","description":"","publisher":{"@id":"https:\/\/oreskylaw.com\/es\/#organization"},"potentialAction":[{"@type":"SearchAction","target":{"@type":"EntryPoint","urlTemplate":"https:\/\/oreskylaw.com\/es\/?s={search_term_string}"},"query-input":{"@type":"PropertyValueSpecification","valueRequired":true,"valueName":"search_term_string"}}],"inLanguage":"es"}]}},"_links":{"self":[{"href":"https:\/\/oreskylaw.com\/es\/wp-json\/wp\/v2\/pages\/17686","targetHints":{"allow":["GET"]}}],"collection":[{"href":"https:\/\/oreskylaw.com\/es\/wp-json\/wp\/v2\/pages"}],"about":[{"href":"https:\/\/oreskylaw.com\/es\/wp-json\/wp\/v2\/types\/page"}],"author":[{"embeddable":true,"href":"https:\/\/oreskylaw.com\/es\/wp-json\/wp\/v2\/users\/9"}],"replies":[{"embeddable":true,"href":"https:\/\/oreskylaw.com\/es\/wp-json\/wp\/v2\/comments?post=17686"}],"version-history":[{"count":0,"href":"https:\/\/oreskylaw.com\/es\/wp-json\/wp\/v2\/pages\/17686\/revisions"}],"up":[{"embeddable":true,"href":"https:\/\/oreskylaw.com\/es\/wp-json\/wp\/v2\/pages\/17391"}],"wp:featuredmedia":[{"embeddable":true,"href":"https:\/\/oreskylaw.com\/es\/wp-json\/wp\/v2\/media\/23846"}],"wp:attachment":[{"href":"https:\/\/oreskylaw.com\/es\/wp-json\/wp\/v2\/media?parent=17686"}],"curies":[{"name":"wp","href":"https:\/\/api.w.org\/{rel}","templated":true}]}}