{"id":17701,"date":"2025-12-08T02:19:34","date_gmt":"2025-12-08T02:19:34","guid":{"rendered":"https:\/\/oreskylaw.com\/?page_id=17701"},"modified":"2026-01-30T12:53:05","modified_gmt":"2026-01-30T12:53:05","slug":"abogados-de-accidentes-en-la-construccion-de-puentes","status":"publish","type":"page","link":"https:\/\/oreskylaw.com\/es\/bronx\/abogados-de-accidentes-en-la-construccion-de-puentes\/","title":{"rendered":"Puentes"},"content":{"rendered":"<p>Los trabajadores de la construcci\u00f3n de puentes arriesgan sus vidas todos los d\u00edas, construyendo infraestructuras esenciales a grandes alturas bajo situaciones estresantes. Nuestros abogados de accidentes de construcci\u00f3n de puentes en el Bronx de Oresky &amp; Associates, PLLC han estado luchando por los trabajadores lesionados en toda el \u00e1rea metropolitana de New York durante m\u00e1s de 30 a\u00f1os, y nuestro historial de \u00e9xitos habla por s\u00ed mismo.<\/p>\n<p>Si has sufrido una lesi\u00f3n en un accidente de construcci\u00f3n de puentes en el Bronx, NY, nuestro equipo de abogados de lesiones personales en el Bronx est\u00e1 listo para ayudarte. Perm\u00edtenos comenzar a trabajar inmediatamente para ti, investigando tu caso, ayud\u00e1ndote con el proceso de Compensaci\u00f3n de Trabajadores y represent\u00e1ndote en una reclamaci\u00f3n por da\u00f1os monetarios para compensarte por el da\u00f1o sufrido en tu accidente. Llama hoy mismo para conocer tus derechos a buscar una compensaci\u00f3n justa.<\/p>\n<img loading=\"lazy\" decoding=\"async\" class=\"aligncenter wp-image-11526 size-full\" src=\"https:\/\/oreskylaw.com\/wp-content\/uploads\/2026\/01\/bridge-construction-accident-attorney-bronx.webp\" alt=\"bridge construction accident attorney bronx\" width=\"746\" height=\"420\" srcset=\"https:\/\/oreskylaw.com\/wp-content\/uploads\/2026\/01\/bridge-construction-accident-attorney-bronx.webp 746w, https:\/\/oreskylaw.com\/wp-content\/uploads\/2026\/01\/bridge-construction-accident-attorney-bronx-300x169.webp 300w\" sizes=\"auto, (max-width: 746px) 100vw, 746px\" \/>\n<h2>\u00bfQu\u00e9 Puede Hacer Oresky &amp; Associates por M\u00ed Si Me Lesiono en un Accidente de Construcci\u00f3n de Puentes en el Bronx?<\/h2>\n<p>Si te has lesionado en el trabajo, Oresky &amp; Associates ofrece servicios integrales. Desde una investigaci\u00f3n exhaustiva de tu caso hasta ayudarte con problemas de Compensaci\u00f3n de Trabajadores, reuniones con investigadores de agencias gubernamentales como OSHA, y muchas otras formas de aliviar tu carga. Oresky est\u00e1 aqu\u00ed para ti en cada paso del camino.<\/p>\n<p>Nuestros abogados experimentados en accidentes de construcci\u00f3n en el Bronx tienen un historial extenso de ayudar a los trabajadores a obtener compensaci\u00f3n por sus lesiones. Podemos:<\/p>\n<ul>\n<li>Investigar tu accidente de puente<\/li>\n<li>Entrevistar testigos<\/li>\n<li>Representar tus intereses ante OSHA y otras agencias gubernamentales<\/li>\n<li>Manejar todas las comunicaciones con las compa\u00f1\u00edas de seguros e investigadores<\/li>\n<li>Iniciar demandas contra las partes responsables<\/li>\n<li>Mantenerte informado sobre la preparaci\u00f3n de tu caso para el tribunal, descubrimiento y juicio<\/li>\n<li>Prepararte para todas las entrevistas, audiencias judiciales, deposiciones y juicio<\/li>\n<li>Iniciar tu demanda en el tribunal y perseguir vigorosamente un resultado exitoso<\/li>\n<li>Manejar todas las negociaciones con la compa\u00f1\u00eda de seguros, luchando por cada beneficio que mereces<\/li>\n<li>Representar tus intereses a trav\u00e9s de un acuerdo o juicio con jurado<\/li>\n<li>Luchamos en los tribunales por aquellos que no pueden luchar por s\u00ed mismos para obtener la m\u00e1xima compensaci\u00f3n para nuestros clientes<\/li>\n<\/ul>\n<img loading=\"lazy\" decoding=\"async\" class=\"aligncenter wp-image-11529 size-full\" src=\"https:\/\/oreskylaw.com\/wp-content\/uploads\/2026\/01\/bronx-bridge-construction-site-accident-attorney.webp\" alt=\"bronx bridge construction site accident attorney\" width=\"746\" height=\"420\" srcset=\"https:\/\/oreskylaw.com\/wp-content\/uploads\/2026\/01\/bronx-bridge-construction-site-accident-attorney.webp 746w, https:\/\/oreskylaw.com\/wp-content\/uploads\/2026\/01\/bronx-bridge-construction-site-accident-attorney-300x169.webp 300w\" sizes=\"auto, (max-width: 746px) 100vw, 746px\" \/>\n<h2>\u00bfQu\u00e9 Tipos de Da\u00f1os Monetarios Me Corresponden si Me Lesiono en un Accidente de Construcci\u00f3n de Puentes en el Bronx?<\/h2>\n<p>Si te lesionaste en un accidente de construcci\u00f3n de puentes en el Bronx, tienes varias fuentes de recuperaci\u00f3n disponibles. Tu\u00a0<a href=\"https:\/\/www.wcb.ny.gov\/content\/main\/Employers\/workers-compensation-insurance.jsp\" target=\"_blank\" rel=\"nofollow noopener noreferrer\">recurso contra tu empleador<\/a>\u00a0es presentar una reclamaci\u00f3n de compensaci\u00f3n de trabajadores.<\/p>\n<p>En New York, los\u00a0<a href=\"https:\/\/nysenate.gov\/legislation\/laws\/WKC\/201\" target=\"_blank\" rel=\"nofollow noopener noreferrer\">beneficios de compensaci\u00f3n de trabajadores<\/a>\u00a0deben cubrir los siguientes gastos y p\u00e9rdidas financieras incurridas como resultado de accidentes relacionados con el trabajo:<\/p>\n<ul>\n<li>Gastos m\u00e9dicos que sean razonables y necesarios para el tratamiento<\/li>\n<li>Un porcentaje del salario semanal promedio del trabajador<\/li>\n<li>Servicios de rehabilitaci\u00f3n<\/li>\n<li>Premio en efectivo en una suma global bajo ciertas circunstancias<\/li>\n<li>Beneficios por muerte para el c\u00f3nyuge sobreviviente, hijos y otros dependientes del trabajador fallecido.<\/li>\n<\/ul>\n<p>Tambi\u00e9n puedes tener derecho a da\u00f1os por lesiones personales contra un tercero, una parte que no sea tu empleador. En una demanda por lesiones personales, tienes derecho a reclamar da\u00f1os por:<\/p>\n<div class=\"row\">\n<ul class=\"col-xl-6\">\n<li>Dolor y sufrimiento<\/li>\n<li>P\u00e9rdida del disfrute de la vida<\/li>\n<li>Da\u00f1os psicol\u00f3gicos<\/li>\n<li>P\u00e9rdida de servicios<\/li>\n<\/ul>\n<ul class=\"col-xl-6\">\n<li>P\u00e9rdida de ingresos<\/li>\n<li>Capacidad de ganancia disminuida<\/li>\n<li>Modificaciones necesarias en la vida<\/li>\n<li>Beneficios sindicales perdidos<\/li>\n<\/ul>\n<\/div>\n<p>Cuando te has lesionado, los beneficios de compensaci\u00f3n de trabajadores no son suficientes. Los dedicados abogados de lesiones personales en el Bronx de Oresky &amp; Associates, PLLC pueden nivelar el campo de juego y ayudarte a obtener una compensaci\u00f3n por tus lesiones emocionales, f\u00edsicas y financieras. Ll\u00e1manos hoy para que podamos comenzar a evaluar tu caso.<\/p>\n<h2>\u00bfCu\u00e1ndo Puedo Demandar a un Tercero por Compensaci\u00f3n?<\/h2>\n<p>En la mayor\u00eda de los casos, si alguien o alguna entidad que no sea tu empleador (como el contratista general o el gerente del sitio de construcci\u00f3n) fue responsable de tu accidente de construcci\u00f3n de puentes en el Bronx, puedes obtener compensaci\u00f3n de ellos en una <a href=\"https:\/\/oreskylaw.com\/es\/nyc\/abogados-de-compensacion-laboral\/\">demanda contra un tercero<\/a>.<\/p>\n<p>Por ejemplo, si te lesionaste debido a un andamio o una escalera que no te proporcion\u00f3 la protecci\u00f3n adecuada, puedes demandar a las partes responsables. En una reclamaci\u00f3n contra un tercero, puedes recuperar compensaci\u00f3n contra esa parte por los ingresos perdidos no cubiertos por la compensaci\u00f3n de trabajadores, as\u00ed como por p\u00e9rdidas no financieras como el sufrimiento emocional, dolor y sufrimiento, y reducci\u00f3n de la calidad de vida.<\/p>\n    <div class=\"cw-cta-box\">\n        <div class=\"cw-cta-box__inner \">\n            <div class=\"cw-cta-box__info\">\n                                    <div class=\"label\">\u00a1Llame ahora!<\/div>\n                            <\/div>\n                            <div class=\"contact-phone\">\n                    <a href=\"tel:7189939999\"\n                        aria-label=\"Tap to call button\">\n                        718-993-9999                    <\/a>\n                <\/div>\n                    <\/div>\n                    <a href=\"\/es\/contacto\/\"\n               class=\"cta-btn btn btn--primary btn\"\n               target=\"\">\n                Obtenga Una Consulta Gratuita            <\/a>\n            <\/div>\n    \n<h2>Peligros Comunes en Accidentes de Construcci\u00f3n de Puentes<\/h2>\n<p>Seg\u00fan OSHA, m\u00e1s de\u00a0<a href=\"https:\/\/osha.gov\/vtools\/construction\/falls-from-bridge-fnl-eng-web-transcript\" target=\"_blank\" rel=\"nofollow noopener noreferrer\">800 trabajadores de la construcci\u00f3n mueren en el trabajo cada a\u00f1o<\/a>. Las ca\u00eddas son la principal causa de muerte de los trabajadores de la construcci\u00f3n, lo que significa que la construcci\u00f3n de puentes puede ser particularmente peligrosa.<\/p>\n<p>Los trabajadores de la construcci\u00f3n de puentes operan en superficies elevadas y usan rutinariamente andamios y escaleras. A esas alturas, no hay margen de error. Cuando un trabajador de la construcci\u00f3n de puentes sufre una ca\u00edda, las lesiones pueden ser graves y permanentes, a veces fatales.<\/p>\n<p>Los trabajadores en sitios de construcci\u00f3n de puentes en el Bronx enfrentan una multitud de riesgos diariamente, incluyendo ca\u00eddas desde alturas significativas, lesiones por maquinaria pesada y equipos, y exposici\u00f3n a materiales peligrosos.<\/p>\n<p>La proximidad a cuerpos de agua agrega una capa adicional de riesgo, como ahogamiento o accidentes con embarcaciones marinas. Los colapsos, electrocuciones y accidentes debido a medidas de seguridad deficientes tambi\u00e9n son comunes. Estos peligros subrayan la necesidad de protocolos de seguridad estrictos y la importancia de la protecci\u00f3n legal para los trabajadores.<\/p>\n<h3>Comprender los Riesgos en Sitios de Construcci\u00f3n de Puentes en el Bronx<\/h3>\n<p>La construcci\u00f3n de puentes en el Bronx presenta desaf\u00edos y riesgos. Los trabajadores lidian con condiciones de trabajo precarias en estructuras altas, el riesgo de ca\u00edda de escombros y la operaci\u00f3n de maquinaria grande y pesada en espacios reducidos. Los factores ambientales, como vientos fuertes y condiciones clim\u00e1ticas variables, agravan a\u00fan m\u00e1s estos peligros.<\/p>\n<p>Comprender estos riesgos es crucial para identificar la responsabilidad y garantizar la seguridad del trabajador. Las lesiones comunes incluyen:<\/p>\n<div class=\"row\">\n<ul class=\"col-xl-6\">\n<li><a href=\"https:\/\/oreskylaw.com\/es\/lesion\/abogados-de-lesiones-huesos-rotos\/\">Huesos rotos<\/a><\/li>\n<li><a href=\"https:\/\/oreskylaw.com\/es\/lesion\/abogados-de-lesiones-danos-a-los-nervios\/\">Lesiones nerviosas<\/a><\/li>\n<li>Lesiones por aplastamiento<\/li>\n<li>Quemaduras en accidentes de construcci\u00f3n<\/li>\n<li>Lesiones oculares<\/li>\n<li>Da\u00f1o de tejidos blandos<\/li>\n<li><a href=\"https:\/\/oreskylaw.com\/es\/lesion\/abogados-de-lesiones-cerebrales\/\">Lesiones cerebrales traum\u00e1ticas<\/a><\/li>\n<li><a href=\"https:\/\/oreskylaw.com\/es\/lesion\/abogados-de-lesiones-de-la-medula-espinal\/\">Lesiones de la m\u00e9dula espinal<\/a><\/li>\n<\/ul>\n<ul class=\"col-xl-6\">\n<li>Lesiones de cabeza y cuello<\/li>\n<li>Conmociones cerebrales<\/li>\n<li>Lesiones de espalda<\/li>\n<li>Da\u00f1o a \u00f3rganos<\/li>\n<li>Amputaciones y p\u00e9rdida de extremidades<\/li>\n<li>Par\u00e1lisis<\/li>\n<li>Otras\u00a0<a href=\"https:\/\/oreskylaw.com\/es\/bronx\/abogados-de-lesiones-catastroficas\/\">lesiones catastr\u00f3ficas<\/a><\/li>\n<\/ul>\n<\/div>\n<p>En los peores accidentes de construcci\u00f3n de puentes, las lesiones no son sobrevivibles. Los familiares dependientes del trabajador pueden buscar beneficios de sobrevivientes a trav\u00e9s del sistema de compensaci\u00f3n de trabajadores o, en algunos casos, emprender acciones legales por la\u00a0<a href=\"https:\/\/oreskylaw.com\/es\/bronx\/abogados-de-muerte-por-negligencia\/\">muerte injusta<\/a>\u00a0de su ser querido.<\/p>\n<h3>\u00bfQu\u00e9 Compensaci\u00f3n Puedo Esperar en Casos de Accidentes de Construcci\u00f3n de Puentes?<\/h3>\n<p>Las v\u00edctimas de accidentes de construcci\u00f3n de puentes en el Bronx pueden tener derecho a m\u00faltiples tipos de compensaci\u00f3n. Los beneficios de compensaci\u00f3n de trabajadores incluir\u00e1n cobertura para gastos m\u00e9dicos, salarios perdidos y costos de rehabilitaci\u00f3n.<\/p>\n<p>Dependiendo de la causa del accidente, tambi\u00e9n puede estar disponible la compensaci\u00f3n por ingresos futuros perdidos, dolor y sufrimiento, angustia emocional y reducci\u00f3n de la calidad de vida. Es por eso que es importante tener un equipo legal competente y experimentado como Oresky &amp; Associates detr\u00e1s de ti. En casos tr\u00e1gicos de accidentes fatales, las familias pueden buscar da\u00f1os por muerte injusta, incluidos los gastos funerarios y la p\u00e9rdida de consorcio.<\/p>\n<h3>C\u00f3mo Abordamos Reclamaciones \u00danicas de Accidentes de Construcci\u00f3n de Puentes<\/h3>\n<p>En Oresky &amp; Associates, PLLC, entendemos que cada accidente de construcci\u00f3n de puentes en el Bronx tiene su propio conjunto de circunstancias y desaf\u00edos. Nuestro enfoque implica una investigaci\u00f3n exhaustiva del accidente, incluyendo una evaluaci\u00f3n de los protocolos de seguridad y equipos utilizados.<\/p>\n<p>Trabajamos estrechamente con ingenieros y expertos en reconstrucci\u00f3n de accidentes para determinar si las violaciones de las normas de seguridad o la negligencia llevaron a tu lesi\u00f3n.<\/p>\n","protected":false},"excerpt":{"rendered":"<p>Los trabajadores de la construcci\u00f3n de puentes arriesgan sus vidas todos los d\u00edas, construyendo infraestructuras esenciales a grandes alturas bajo situaciones estresantes. Nuestros abogados de accidentes de construcci\u00f3n de puentes en el Bronx de Oresky &amp; Associates, PLLC han estado luchando por los trabajadores lesionados en toda el \u00e1rea metropolitana de New York durante m\u00e1s [&hellip;]<\/p>\n","protected":false},"author":9,"featured_media":23988,"parent":17391,"menu_order":19,"comment_status":"closed","ping_status":"closed","template":"","meta":{"_acf_changed":false,"footnotes":""},"class_list":["post-17701","page","type-page","status-publish","has-post-thumbnail","hentry"],"acf":[],"yoast_head":"<!-- This site is optimized with the Yoast SEO plugin v27.3 - https:\/\/yoast.com\/product\/yoast-seo-wordpress\/ -->\n<title>Abogado de accidentes en la construcci\u00f3n de puentes del Bronx - Oresky &amp; Associates, PLLC<\/title>\n<meta name=\"description\" content=\"Si sufri\u00f3 lesiones en un accidente de construcci\u00f3n en el Bronx, cont\u00e1ctenos en Oresky &amp; Associates para asistirle con el proceso de compensaci\u00f3n laboral.\" \/>\n<meta name=\"robots\" content=\"index, follow, max-snippet:-1, max-image-preview:large, max-video-preview:-1\" \/>\n<link rel=\"canonical\" href=\"https:\/\/oreskylaw.com\/es\/bronx\/abogados-de-accidentes-en-la-construccion-de-puentes\/\" \/>\n<meta property=\"og:locale\" content=\"es_ES\" \/>\n<meta property=\"og:type\" content=\"article\" \/>\n<meta property=\"og:title\" content=\"Abogado de accidentes en la construcci\u00f3n de puentes del Bronx - Oresky &amp; Associates, PLLC\" \/>\n<meta property=\"og:description\" content=\"Si sufri\u00f3 lesiones en un accidente de construcci\u00f3n en el Bronx, cont\u00e1ctenos en Oresky &amp; Associates para asistirle con el proceso de compensaci\u00f3n laboral.\" \/>\n<meta property=\"og:url\" content=\"https:\/\/oreskylaw.com\/es\/bronx\/abogados-de-accidentes-en-la-construccion-de-puentes\/\" \/>\n<meta property=\"og:site_name\" content=\"Oresky &amp; Associates, PLLC\" \/>\n<meta property=\"article:publisher\" content=\"https:\/\/www.facebook.com\/Oreskylaw\/\" \/>\n<meta property=\"article:modified_time\" content=\"2026-01-30T12:53:05+00:00\" \/>\n<meta property=\"og:image\" content=\"https:\/\/oreskylaw.com\/wp-content\/uploads\/2026\/01\/bridge-construction-accident-lawyers.png\" \/>\n\t<meta property=\"og:image:width\" content=\"810\" \/>\n\t<meta property=\"og:image:height\" content=\"330\" \/>\n\t<meta property=\"og:image:type\" content=\"image\/png\" \/>\n<meta name=\"twitter:card\" content=\"summary_large_image\" \/>\n<meta name=\"twitter:site\" content=\"@JacobOreskyLaw\" \/>\n<meta name=\"twitter:label1\" content=\"Tiempo de lectura\" \/>\n\t<meta name=\"twitter:data1\" content=\"7 minutos\" \/>\n<!-- \/ Yoast SEO plugin. -->","yoast_head_json":{"title":"Abogado de accidentes en la construcci\u00f3n de puentes del Bronx - Oresky & Associates, PLLC","description":"Si sufri\u00f3 lesiones en un accidente de construcci\u00f3n en el Bronx, cont\u00e1ctenos en Oresky & Associates para asistirle con el proceso de compensaci\u00f3n laboral.","robots":{"index":"index","follow":"follow","max-snippet":"max-snippet:-1","max-image-preview":"max-image-preview:large","max-video-preview":"max-video-preview:-1"},"canonical":"https:\/\/oreskylaw.com\/es\/bronx\/abogados-de-accidentes-en-la-construccion-de-puentes\/","og_locale":"es_ES","og_type":"article","og_title":"Abogado de accidentes en la construcci\u00f3n de puentes del Bronx - Oresky & Associates, PLLC","og_description":"Si sufri\u00f3 lesiones en un accidente de construcci\u00f3n en el Bronx, cont\u00e1ctenos en Oresky & Associates para asistirle con el proceso de compensaci\u00f3n laboral.","og_url":"https:\/\/oreskylaw.com\/es\/bronx\/abogados-de-accidentes-en-la-construccion-de-puentes\/","og_site_name":"Oresky &amp; Associates, PLLC","article_publisher":"https:\/\/www.facebook.com\/Oreskylaw\/","article_modified_time":"2026-01-30T12:53:05+00:00","og_image":[{"width":810,"height":330,"url":"https:\/\/oreskylaw.com\/wp-content\/uploads\/2026\/01\/bridge-construction-accident-lawyers.png","type":"image\/png"}],"twitter_card":"summary_large_image","twitter_site":"@JacobOreskyLaw","twitter_misc":{"Tiempo de lectura":"7 minutos"},"schema":{"@context":"https:\/\/schema.org","@graph":[{"@type":"WebPage","@id":"https:\/\/oreskylaw.com\/es\/bronx\/abogados-de-accidentes-en-la-construccion-de-puentes\/","url":"https:\/\/oreskylaw.com\/es\/bronx\/abogados-de-accidentes-en-la-construccion-de-puentes\/","name":"Abogado de accidentes en la construcci\u00f3n de puentes del Bronx - Oresky & Associates, PLLC","isPartOf":{"@id":"https:\/\/oreskylaw.com\/es\/#website"},"primaryImageOfPage":{"@id":"https:\/\/oreskylaw.com\/es\/bronx\/abogados-de-accidentes-en-la-construccion-de-puentes\/#primaryimage"},"image":{"@id":"https:\/\/oreskylaw.com\/es\/bronx\/abogados-de-accidentes-en-la-construccion-de-puentes\/#primaryimage"},"thumbnailUrl":"https:\/\/oreskylaw.com\/wp-content\/uploads\/2026\/01\/bridge-construction-accident-lawyers.png","datePublished":"2025-12-08T02:19:34+00:00","dateModified":"2026-01-30T12:53:05+00:00","description":"Si sufri\u00f3 lesiones en un accidente de construcci\u00f3n en el Bronx, cont\u00e1ctenos en Oresky & Associates para asistirle con el proceso de compensaci\u00f3n laboral.","breadcrumb":{"@id":"https:\/\/oreskylaw.com\/es\/bronx\/abogados-de-accidentes-en-la-construccion-de-puentes\/#breadcrumb"},"inLanguage":"es","potentialAction":[{"@type":"ReadAction","target":["https:\/\/oreskylaw.com\/es\/bronx\/abogados-de-accidentes-en-la-construccion-de-puentes\/"]}]},{"@type":"ImageObject","inLanguage":"es","@id":"https:\/\/oreskylaw.com\/es\/bronx\/abogados-de-accidentes-en-la-construccion-de-puentes\/#primaryimage","url":"https:\/\/oreskylaw.com\/wp-content\/uploads\/2026\/01\/bridge-construction-accident-lawyers.png","contentUrl":"https:\/\/oreskylaw.com\/wp-content\/uploads\/2026\/01\/bridge-construction-accident-lawyers.png","width":810,"height":330,"caption":"bridge construction"},{"@type":"BreadcrumbList","@id":"https:\/\/oreskylaw.com\/es\/bronx\/abogados-de-accidentes-en-la-construccion-de-puentes\/#breadcrumb","itemListElement":[{"@type":"ListItem","position":1,"name":"Inicio","item":"https:\/\/oreskylaw.com\/es\/"},{"@type":"ListItem","position":2,"name":"Abogado de lesiones personales en el Bronx","item":"https:\/\/oreskylaw.com\/es\/bronx\/"},{"@type":"ListItem","position":3,"name":"Puentes"}]},{"@type":"WebSite","@id":"https:\/\/oreskylaw.com\/es\/#website","url":"https:\/\/oreskylaw.com\/es\/","name":"Oresky & Associates PLLC","description":"","publisher":{"@id":"https:\/\/oreskylaw.com\/es\/#organization"},"potentialAction":[{"@type":"SearchAction","target":{"@type":"EntryPoint","urlTemplate":"https:\/\/oreskylaw.com\/es\/?s={search_term_string}"},"query-input":{"@type":"PropertyValueSpecification","valueRequired":true,"valueName":"search_term_string"}}],"inLanguage":"es"}]}},"_links":{"self":[{"href":"https:\/\/oreskylaw.com\/es\/wp-json\/wp\/v2\/pages\/17701","targetHints":{"allow":["GET"]}}],"collection":[{"href":"https:\/\/oreskylaw.com\/es\/wp-json\/wp\/v2\/pages"}],"about":[{"href":"https:\/\/oreskylaw.com\/es\/wp-json\/wp\/v2\/types\/page"}],"author":[{"embeddable":true,"href":"https:\/\/oreskylaw.com\/es\/wp-json\/wp\/v2\/users\/9"}],"replies":[{"embeddable":true,"href":"https:\/\/oreskylaw.com\/es\/wp-json\/wp\/v2\/comments?post=17701"}],"version-history":[{"count":0,"href":"https:\/\/oreskylaw.com\/es\/wp-json\/wp\/v2\/pages\/17701\/revisions"}],"up":[{"embeddable":true,"href":"https:\/\/oreskylaw.com\/es\/wp-json\/wp\/v2\/pages\/17391"}],"wp:featuredmedia":[{"embeddable":true,"href":"https:\/\/oreskylaw.com\/es\/wp-json\/wp\/v2\/media\/23988"}],"wp:attachment":[{"href":"https:\/\/oreskylaw.com\/es\/wp-json\/wp\/v2\/media?parent=17701"}],"curies":[{"name":"wp","href":"https:\/\/api.w.org\/{rel}","templated":true}]}}