{"id":17715,"date":"2025-12-08T02:19:56","date_gmt":"2025-12-08T02:19:56","guid":{"rendered":"https:\/\/oreskylaw.com\/?page_id=17715"},"modified":"2026-01-30T12:55:01","modified_gmt":"2026-01-30T12:55:01","slug":"abogados-de-accidentes-de-pintura-de-puentes","status":"publish","type":"page","link":"https:\/\/oreskylaw.com\/es\/bronx\/abogados-de-accidentes-de-pintura-de-puentes\/","title":{"rendered":"Abogado Especialista en Accidentes de Construcci\u00f3n en el Puente"},"content":{"rendered":"<p>Los pintores de puentes tienen un trabajo peligroso en el Bronx, NY. No solo deben trabajar a alturas incre\u00edbles, sino que tambi\u00e9n deben enfrentarse al viento, al mal tiempo y a otros riesgos. Si has resultado herido, o si alguien que amas ha muerto en un accidente de puente, nuestros abogados especializados en accidentes de pintura de puentes del Bronx pueden ayudarte.<\/p>\n<p>Los accidentes mientras se trabaja en puentes pueden cambiar tu vida para siempre y para peor. Cuando la negligencia de otra persona causa tus heridas, no deber\u00edas tener que soportar solo el costo de la recuperaci\u00f3n.<\/p>\n<p>Nuestros excepcionales abogados de lesiones personales del Bronx en\u00a0<a href=\"https:\/\/oreskylaw.com\/es\/acerca-de-nosotros\/\">Oresky &amp; Associates, PLLC<\/a>, han estado luchando por los derechos de las v\u00edctimas de accidentes durante m\u00e1s de 30 a\u00f1os. Conocemos las leyes y regulaciones de seguridad en puentes al dedillo.<\/p>\n<p><a href=\"https:\/\/oreskylaw.com\/es\/contacto\/\">Contacta<\/a>\u00a0hoy mismo para agendar tu consulta gratuita si has resultado herido en un accidente de pintura de puentes. Te guiaremos a trav\u00e9s de tus opciones para obtener la compensaci\u00f3n que necesitas para retomar el control de tu vida. Ll\u00e1manos al\u00a0<a href=\"tel:+19293050949\">(929) 305-0949<\/a>.<\/p>\n<h2>\u00bfQu\u00e9 puede hacer Oresky &amp; Associates por ti si resultas herido en un accidente de pintura de puentes en el Bronx?<\/h2>\n<p>Obtener compensaci\u00f3n por tus lesiones despu\u00e9s de un accidente de pintura de puentes en el Bronx, New York, puede ser un asunto complicado. No deber\u00edas intentar navegar el proceso por tu cuenta. En su lugar, deber\u00edas consultar con nuestros abogados de lesiones personales del Bronx para darte la mejor oportunidad de maximizar tu compensaci\u00f3n.<\/p>\n<p>En Oresky &amp; Associates, PLLC, hemos dedicado nuestras carreras legales a cuidar de las v\u00edctimas de accidentes. Hemos recuperado cientos de millones de d\u00f3lares en acuerdos y veredictos para nuestros clientes heridos. Cuando tienes a nuestros abogados de accidentes de construcci\u00f3n del Bronx luchando por ti, cuentas con un equipo de abogados con a\u00f1os de experiencia en leyes de construcci\u00f3n. Una vez que evaluemos tu caso y determinemos que tienes derecho a una compensaci\u00f3n por tus lesiones, nos pondremos a trabajar para:<\/p>\n<ul>\n<li>Llevar a cabo nuestra propia investigaci\u00f3n de tu accidente<\/li>\n<li>Preparar todo el papeleo necesario para presentar una reclamaci\u00f3n de compensaci\u00f3n laboral o una demanda contra la parte responsable<\/li>\n<li>Negociar un acuerdo justo con la compa\u00f1\u00eda de seguros<\/li>\n<\/ul>\n<p>Si los beneficios de compensaci\u00f3n laboral que recuperas no son suficientes para cubrir tus da\u00f1os, podr\u00edas tener remedios legales contra una tercera parte no empleadora si contribuyeron a tus lesiones.<\/p>\n<p>Si resultaste herido en un accidente de pintura de puentes en el Bronx, no dejes tu futuro en manos de cualquier abogado de lesiones personales. Conf\u00eda en nuestros abogados de accidentes de puentes para que puedas comenzar el largo proceso de recuperaci\u00f3n y volver al trabajo.<\/p>\n<img loading=\"lazy\" decoding=\"async\" class=\"aligncenter wp-image-11529 size-full\" src=\"https:\/\/oreskylaw.com\/wp-content\/uploads\/2026\/01\/bronx-bridge-construction-site-accident-attorney.webp\" alt=\"bronx bridge construction site accident attorney\" width=\"746\" height=\"420\" srcset=\"https:\/\/oreskylaw.com\/wp-content\/uploads\/2026\/01\/bronx-bridge-construction-site-accident-attorney.webp 746w, https:\/\/oreskylaw.com\/wp-content\/uploads\/2026\/01\/bronx-bridge-construction-site-accident-attorney-300x169.webp 300w\" sizes=\"auto, (max-width: 746px) 100vw, 746px\" \/>\n<h2>\u00bfEs la compensaci\u00f3n laboral la \u00fanica forma de obtener compensaci\u00f3n por mis lesiones en un accidente de pintura de puentes en el Bronx?<\/h2>\n<p>No necesariamente. La ley de New York exige a los empleadores proporcionar un espacio de trabajo seguro. Pero cuando un pintor de puentes resulta herido en el trabajo, generalmente no puede demandar a su empleador por sus lesiones. En cambio, su primer recurso (pero potencialmente no el \u00fanico) es presentar una reclamaci\u00f3n de compensaci\u00f3n laboral.<\/p>\n<p>La ley de compensaci\u00f3n laboral de New York permite a los trabajadores que sufren lesiones relacionadas con el trabajo recuperar los siguientes gastos:<\/p>\n<ul>\n<li>Gastos m\u00e9dicos razonables y necesarios<\/li>\n<li>Un porcentaje de los salarios semanales promedio del empleado<\/li>\n<li>Beneficios por discapacidad<\/li>\n<li>Beneficios vocacionales para servicios de rehabilitaci\u00f3n<\/li>\n<li>Beneficios para sobrevivientes si el trabajador muere<\/li>\n<\/ul>\n<p>Sin embargo, si alguien adem\u00e1s del empleador contribuy\u00f3 a tu accidente de pintura de puentes en el Bronx, podr\u00edas poder demandarlos en una demanda de terceros. En una demanda de terceros, tendr\u00edas que demostrar que la tercera parte te deb\u00eda un deber de cuidado y que incumplieron ese deber de cuidado lo que result\u00f3 en tus lesiones.<\/p>\n<p>La compensaci\u00f3n laboral puede no cubrir todas tus p\u00e9rdidas. Oresky &amp; Associates, PLLC, puede ayudarte a identificar cualquier otra parte que pueda haber contribuido a tus lesiones y hacerlos responsables. Ll\u00e1manos para una consulta gratuita para que podamos comenzar a investigar tu caso.<\/p>\n    <div class=\"cw-cta-box\">\n        <div class=\"cw-cta-box__inner \">\n            <div class=\"cw-cta-box__info\">\n                                    <div class=\"label\">\u00a1Llame ahora!<\/div>\n                            <\/div>\n                            <div class=\"contact-phone\">\n                    <a href=\"tel:7189939999\"\n                        aria-label=\"Tap to call button\">\n                        718-993-9999                    <\/a>\n                <\/div>\n                    <\/div>\n                    <a href=\"\/es\/contacto\/\"\n               class=\"cta-btn btn btn--primary btn\"\n               target=\"\">\n                Obtenga Una Consulta Gratuita            <\/a>\n            <\/div>\n    \n<h2>\u00bfQu\u00e9 tipo de compensaci\u00f3n puedo recuperar en una demanda de terceros?<\/h2>\n<p>Si resultaste herido en un accidente de pintura de puentes y la compensaci\u00f3n laboral no cubre completamente tus p\u00e9rdidas, puedes recuperar los siguientes da\u00f1os en una demanda de terceros:<\/p>\n<div class=\"row\">\n<ul class=\"col-xl-6\">\n<li>Salarios pasados y futuros perdidos no cubiertos por la compensaci\u00f3n laboral<\/li>\n<li>Servicios de reemplazo<\/li>\n<li>Dolor y sufrimiento<\/li>\n<\/ul>\n<ul class=\"col-xl-6\">\n<li>Angustia emocional<\/li>\n<li>P\u00e9rdida de consorcio<\/li>\n<li>Calidad de vida reducida<\/li>\n<\/ul>\n<\/div>\n<p>No deber\u00edas asumir que la compensaci\u00f3n laboral es tu \u00fanico camino para recuperar la compensaci\u00f3n. Necesitas abogados de accidentes de pintura de puentes con experiencia como Oresky &amp; Associates, PLLC, para realizar una evaluaci\u00f3n integral de tu caso, identificar todos tus da\u00f1os y determinar las partes responsables de pagar esos da\u00f1os.<\/p>\n<h2>Llama a Nuestros Abogados de Accidentes de Pintura de Puentes del Bronx Para Agendar una Consulta Gratuita<\/h2>\n<p>Tu trabajo como pintor de puentes es suficientemente estresante como es. Cuando has resultado herido en el trabajo, tienes el estr\u00e9s adicional de preocuparte por c\u00f3mo se van a pagar tus crecientes facturas m\u00e9dicas.<\/p>\n<p>La trayectoria de Oresky &amp; Associates, PLLC, en obtener excelentes resultados para nuestros clientes es la ventaja competitiva que necesitas para asegurarte de obtener cada d\u00f3lar al que tienes derecho. Deja que nuestros abogados de accidentes de pintura de puentes del Bronx se preocupen por conseguirte la compensaci\u00f3n que necesitas y mereces para que puedas concentrarte en mejorar. Inicia el proceso de recuperaci\u00f3n f\u00edsica y financiera llam\u00e1ndonos lo antes posible para agendar una consulta gratuita.<\/p>\n","protected":false},"excerpt":{"rendered":"<p>Los pintores de puentes tienen un trabajo peligroso en el Bronx, NY. No solo deben trabajar a alturas incre\u00edbles, sino que tambi\u00e9n deben enfrentarse al viento, al mal tiempo y a otros riesgos. Si has resultado herido, o si alguien que amas ha muerto en un accidente de puente, nuestros abogados especializados en accidentes de [&hellip;]<\/p>\n","protected":false},"author":9,"featured_media":23996,"parent":17391,"menu_order":21,"comment_status":"closed","ping_status":"closed","template":"","meta":{"_acf_changed":false,"footnotes":""},"class_list":["post-17715","page","type-page","status-publish","has-post-thumbnail","hentry"],"acf":[],"yoast_head":"<!-- This site is optimized with the Yoast SEO plugin v27.3 - https:\/\/yoast.com\/product\/yoast-seo-wordpress\/ -->\n<title>Abogado de Accidentes de Pintura en Puentes - Oresky &amp; Associates, PLLC<\/title>\n<meta name=\"description\" content=\"Si sufri\u00f3 lesiones en un accidente de pintura en el Bronx, contacte a Oresky &amp; Associates para conocer m\u00e1s sobre sus derechos y opciones de compensaci\u00f3n.\" \/>\n<meta name=\"robots\" content=\"index, follow, max-snippet:-1, max-image-preview:large, max-video-preview:-1\" \/>\n<link rel=\"canonical\" href=\"https:\/\/oreskylaw.com\/es\/bronx\/abogados-de-accidentes-de-pintura-de-puentes\/\" \/>\n<meta property=\"og:locale\" content=\"es_ES\" \/>\n<meta property=\"og:type\" content=\"article\" \/>\n<meta property=\"og:title\" content=\"Abogado de Accidentes de Pintura en Puentes - Oresky &amp; Associates, PLLC\" \/>\n<meta property=\"og:description\" content=\"Si sufri\u00f3 lesiones en un accidente de pintura en el Bronx, contacte a Oresky &amp; Associates para conocer m\u00e1s sobre sus derechos y opciones de compensaci\u00f3n.\" \/>\n<meta property=\"og:url\" content=\"https:\/\/oreskylaw.com\/es\/bronx\/abogados-de-accidentes-de-pintura-de-puentes\/\" \/>\n<meta property=\"og:site_name\" content=\"Oresky &amp; Associates, PLLC\" \/>\n<meta property=\"article:publisher\" content=\"https:\/\/www.facebook.com\/Oreskylaw\/\" \/>\n<meta property=\"article:modified_time\" content=\"2026-01-30T12:55:01+00:00\" \/>\n<meta property=\"og:image\" content=\"https:\/\/oreskylaw.com\/wp-content\/uploads\/2026\/01\/bridge-painting-accident-lawyers.png\" \/>\n\t<meta property=\"og:image:width\" content=\"810\" \/>\n\t<meta property=\"og:image:height\" content=\"330\" \/>\n\t<meta property=\"og:image:type\" content=\"image\/png\" \/>\n<meta name=\"twitter:card\" content=\"summary_large_image\" \/>\n<meta name=\"twitter:site\" content=\"@JacobOreskyLaw\" \/>\n<meta name=\"twitter:label1\" content=\"Tiempo de lectura\" \/>\n\t<meta name=\"twitter:data1\" content=\"5 minutos\" \/>\n<!-- \/ Yoast SEO plugin. -->","yoast_head_json":{"title":"Abogado de Accidentes de Pintura en Puentes - Oresky & Associates, PLLC","description":"Si sufri\u00f3 lesiones en un accidente de pintura en el Bronx, contacte a Oresky & Associates para conocer m\u00e1s sobre sus derechos y opciones de compensaci\u00f3n.","robots":{"index":"index","follow":"follow","max-snippet":"max-snippet:-1","max-image-preview":"max-image-preview:large","max-video-preview":"max-video-preview:-1"},"canonical":"https:\/\/oreskylaw.com\/es\/bronx\/abogados-de-accidentes-de-pintura-de-puentes\/","og_locale":"es_ES","og_type":"article","og_title":"Abogado de Accidentes de Pintura en Puentes - Oresky & Associates, PLLC","og_description":"Si sufri\u00f3 lesiones en un accidente de pintura en el Bronx, contacte a Oresky & Associates para conocer m\u00e1s sobre sus derechos y opciones de compensaci\u00f3n.","og_url":"https:\/\/oreskylaw.com\/es\/bronx\/abogados-de-accidentes-de-pintura-de-puentes\/","og_site_name":"Oresky &amp; Associates, PLLC","article_publisher":"https:\/\/www.facebook.com\/Oreskylaw\/","article_modified_time":"2026-01-30T12:55:01+00:00","og_image":[{"width":810,"height":330,"url":"https:\/\/oreskylaw.com\/wp-content\/uploads\/2026\/01\/bridge-painting-accident-lawyers.png","type":"image\/png"}],"twitter_card":"summary_large_image","twitter_site":"@JacobOreskyLaw","twitter_misc":{"Tiempo de lectura":"5 minutos"},"schema":{"@context":"https:\/\/schema.org","@graph":[{"@type":"WebPage","@id":"https:\/\/oreskylaw.com\/es\/bronx\/abogados-de-accidentes-de-pintura-de-puentes\/","url":"https:\/\/oreskylaw.com\/es\/bronx\/abogados-de-accidentes-de-pintura-de-puentes\/","name":"Abogado de Accidentes de Pintura en Puentes - Oresky & Associates, PLLC","isPartOf":{"@id":"https:\/\/oreskylaw.com\/es\/#website"},"primaryImageOfPage":{"@id":"https:\/\/oreskylaw.com\/es\/bronx\/abogados-de-accidentes-de-pintura-de-puentes\/#primaryimage"},"image":{"@id":"https:\/\/oreskylaw.com\/es\/bronx\/abogados-de-accidentes-de-pintura-de-puentes\/#primaryimage"},"thumbnailUrl":"https:\/\/oreskylaw.com\/wp-content\/uploads\/2026\/01\/bridge-painting-accident-lawyers.png","datePublished":"2025-12-08T02:19:56+00:00","dateModified":"2026-01-30T12:55:01+00:00","description":"Si sufri\u00f3 lesiones en un accidente de pintura en el Bronx, contacte a Oresky & Associates para conocer m\u00e1s sobre sus derechos y opciones de compensaci\u00f3n.","breadcrumb":{"@id":"https:\/\/oreskylaw.com\/es\/bronx\/abogados-de-accidentes-de-pintura-de-puentes\/#breadcrumb"},"inLanguage":"es","potentialAction":[{"@type":"ReadAction","target":["https:\/\/oreskylaw.com\/es\/bronx\/abogados-de-accidentes-de-pintura-de-puentes\/"]}]},{"@type":"ImageObject","inLanguage":"es","@id":"https:\/\/oreskylaw.com\/es\/bronx\/abogados-de-accidentes-de-pintura-de-puentes\/#primaryimage","url":"https:\/\/oreskylaw.com\/wp-content\/uploads\/2026\/01\/bridge-painting-accident-lawyers.png","contentUrl":"https:\/\/oreskylaw.com\/wp-content\/uploads\/2026\/01\/bridge-painting-accident-lawyers.png","width":810,"height":330,"caption":"bridge painting"},{"@type":"BreadcrumbList","@id":"https:\/\/oreskylaw.com\/es\/bronx\/abogados-de-accidentes-de-pintura-de-puentes\/#breadcrumb","itemListElement":[{"@type":"ListItem","position":1,"name":"Inicio","item":"https:\/\/oreskylaw.com\/es\/"},{"@type":"ListItem","position":2,"name":"Abogado de lesiones personales en el Bronx","item":"https:\/\/oreskylaw.com\/es\/bronx\/"},{"@type":"ListItem","position":3,"name":"Abogado Especialista en Accidentes de Construcci\u00f3n en el Puente"}]},{"@type":"WebSite","@id":"https:\/\/oreskylaw.com\/es\/#website","url":"https:\/\/oreskylaw.com\/es\/","name":"Oresky & Associates PLLC","description":"","publisher":{"@id":"https:\/\/oreskylaw.com\/es\/#organization"},"potentialAction":[{"@type":"SearchAction","target":{"@type":"EntryPoint","urlTemplate":"https:\/\/oreskylaw.com\/es\/?s={search_term_string}"},"query-input":{"@type":"PropertyValueSpecification","valueRequired":true,"valueName":"search_term_string"}}],"inLanguage":"es"}]}},"_links":{"self":[{"href":"https:\/\/oreskylaw.com\/es\/wp-json\/wp\/v2\/pages\/17715","targetHints":{"allow":["GET"]}}],"collection":[{"href":"https:\/\/oreskylaw.com\/es\/wp-json\/wp\/v2\/pages"}],"about":[{"href":"https:\/\/oreskylaw.com\/es\/wp-json\/wp\/v2\/types\/page"}],"author":[{"embeddable":true,"href":"https:\/\/oreskylaw.com\/es\/wp-json\/wp\/v2\/users\/9"}],"replies":[{"embeddable":true,"href":"https:\/\/oreskylaw.com\/es\/wp-json\/wp\/v2\/comments?post=17715"}],"version-history":[{"count":0,"href":"https:\/\/oreskylaw.com\/es\/wp-json\/wp\/v2\/pages\/17715\/revisions"}],"up":[{"embeddable":true,"href":"https:\/\/oreskylaw.com\/es\/wp-json\/wp\/v2\/pages\/17391"}],"wp:featuredmedia":[{"embeddable":true,"href":"https:\/\/oreskylaw.com\/es\/wp-json\/wp\/v2\/media\/23996"}],"wp:attachment":[{"href":"https:\/\/oreskylaw.com\/es\/wp-json\/wp\/v2\/media?parent=17715"}],"curies":[{"name":"wp","href":"https:\/\/api.w.org\/{rel}","templated":true}]}}