{"id":17728,"date":"2025-12-08T02:20:22","date_gmt":"2025-12-08T02:20:22","guid":{"rendered":"https:\/\/oreskylaw.com\/?page_id=17728"},"modified":"2026-01-30T12:57:23","modified_gmt":"2026-01-30T12:57:23","slug":"abogados-de-derrumbe-de-edificios","status":"publish","type":"page","link":"https:\/\/oreskylaw.com\/es\/bronx\/abogados-de-derrumbe-de-edificios\/","title":{"rendered":"Colapso de edificio"},"content":{"rendered":"<p>\u00bfTe has lesionado en el derrumbe de un edificio en una obra en el Bronx, New York? Es posible que tengas derecho a las prestaciones de la compensaci\u00f3n de los trabajadores y\/o a una indemnizaci\u00f3n por da\u00f1os y perjuicios en una demanda por lesiones personales. Los\u00a0<a href=\"https:\/\/oreskylaw.com\/es\/bronx\/abogados-de-accidentes-de-construccion\/\">abogados de accidentes<\/a>\u00a0de la construcci\u00f3n del Bronx de\u00a0<a href=\"https:\/\/oreskylaw.com\/es\/about-us.html\">Oresky &amp; Associates, PLLC<\/a>, pueden ayudarte a maximizar tu recuperaci\u00f3n financiera.<\/p>\n<p>Desde 1992, somos fervientes defensores de los trabajadores de la construcci\u00f3n lesionados en toda la ciudad de New York. Somos los mejores y m\u00e1s premiados por una raz\u00f3n importante: conseguimos resultados para\u00a0<a href=\"https:\/\/oreskylaw.com\/es\/resultados-del-casos\/\">nuestros clientes<\/a>. Nuestro despacho ha obtenido con \u00e9xito m\u00e1s de 400 millones de d\u00f3lares en indemnizaciones\u00a0<a href=\"https:\/\/oreskylaw.com\/es\/blog\/personal-injury-economic-damages.html\">econ\u00f3micas<\/a>.<\/p>\n<p>Si te has lesionado en el derrumbe de un edificio, nuestros abogados est\u00e1n aqu\u00ed para conseguirte los mejores resultados. Ponte en <a href=\"https:\/\/oreskylaw.com\/es\/contacto\/\">contacto<\/a> con nuestro despacho de abogados que presta servicio en el Bronx, NY, para empezar con una evaluaci\u00f3n gratuita del caso. Nuestro equipo est\u00e1 preparado para atender tu llamada ahora mismo, cont\u00e1ctanos al\u00a0<a href=\"tel:+19293050949\">(929)305-0949<\/a>.<\/p>\n<h2>C\u00f3mo pueden ayudarte nuestros abogados de accidentes de la construcci\u00f3n del Bronx tras un accidente de derrumbe de un edificio<\/h2>\n<p><img loading=\"lazy\" decoding=\"async\" class=\"size-full wp-image-26496 alignleft\" src=\"http:\/\/oreskylaw.com\/wp-content\/uploads\/2026\/01\/Como-pueden-ayudarte-nuestros-abogados-de-accidentes-de-la-construccion-del-Bronx.jpeg\" alt=\"C\u00f3mo pueden ayudarte nuestros abogados de accidentes de la construcci\u00f3n del Bronx tras un accidente de derrumbe de un edificio\" width=\"300\" height=\"200\" \/>Como trabajador de la construcci\u00f3n, tienes un trabajo incre\u00edblemente peligroso. Y aunque New York cuenta con algunas de las mejores protecciones legales para los trabajadores de la construcci\u00f3n, siguen ocurriendo accidentes graves y catastr\u00f3ficos, como derrumbes de edificios.<\/p>\n<p>Cuando algo as\u00ed ocurra, probablemente no tendr\u00e1s tiempo ni energ\u00eda para averiguar c\u00f3mo conseguir todo el dinero que necesitas y mereces. Y no deber\u00edas tener que hacerlo. Deber\u00edas tener la oportunidad de concentrarte en mejorar y volver a trabajar.<\/p>\n<p>Ah\u00ed es donde nuestros abogados especializados en derrumbes de edificios del Bronx pueden ayudar.<\/p>\n<p>Oresky &amp; Associates, PLLC se encargar\u00e1 de todos los aspectos de tu caso de accidente de la construcci\u00f3n:<\/p>\n<ul>\n<li>Investigar tu accidente de derrumbe de edificio para determinar qu\u00e9 lo caus\u00f3 y c\u00f3mo podr\u00eda haberse evitado<\/li>\n<li>Re\u00fanir pruebas para mostrar que tus lesiones son consecuencia del derrumbe del edificio<\/li>\n<li>Determinar qui\u00e9n es el culpable del accidente y de tus lesiones resultantes<\/li>\n<li>Ayudarte a recuperar las m\u00e1ximas prestaciones de la p\u00f3liza de seguro de accidentes de trabajo de tu empresa y a presentar una demanda si tienes derecho a ello<\/li>\n<\/ul>\n<p>Pon en tu esquina la experiencia, un profundo conocimiento de las leyes de construcci\u00f3n de New York y una amplia experiencia. Llama a nuestro despacho de\u00a0<a href=\"https:\/\/oreskylaw.com\/es\/\">abogados de accidentes<\/a>\u00a0en el Bronx para concertar tu consulta gratuita hoy mismo.<\/p>\n<h2>\u00bfQu\u00e9 frecuencia tienen los accidentes de derrumbe de edificios?<\/h2>\n<p>Para ser justos, los accidentes de derrumbe de edificios no son tan comunes. Cada a\u00f1o se registran unos cuantos accidentes de derrumbe de edificios en el Bronx y en los cinco distritos de New York.<\/p>\n<p>En julio de 2021,\u00a0<a href=\"https:\/\/nypost.com\/2021\/07\/30\/two-construction-workers-injured-in-nyc-building-collapse\/\" target=\"_blank\" rel=\"nofollow noopener noreferrer\">dos obreros de la construcci\u00f3n resultaron heridos<\/a>\u00a0al derrumbarse una estructura de tres pisos en renovaci\u00f3n en Brooklyn.<\/p>\n<p>En agosto de 2021,\u00a0<a href=\"https:\/\/abc7ny.com\/bronx-building-collapse-facade-sidewalk-shed-employees-evacuate\/10959288\/\" target=\"_blank\" rel=\"nofollow noopener noreferrer\">la fachada de un edificio del Bronx se derrumb\u00f3<\/a>, y cay\u00f3 sobre un andamio de protecci\u00f3n en la acera. No se inform\u00f3 de lesiones graves en el momento del incidente.<\/p>\n<p>En agosto de 2021, un trabajador muri\u00f3 y otros cinco resultaron heridos al\u00a0<a href=\"https:\/\/www.cbsnews.com\/newyork\/news\/worker-killed-5-others-injured-when-building-under-construction-collapses-in-the-bronx\/\" target=\"_blank\" rel=\"nofollow noopener noreferrer\">derrumbarse un edificio en construcci\u00f3n en el barrio de Norwood<\/a>.<\/p>\n<p>En enero de 2022, un incendio en el Bronx dej\u00f3 a una mujer muerta y a varias personas heridas cuando\u00a0<a href=\"https:\/\/www.nydailynews.com\/new-york\/nyc-crime\/ny-fire-building-collapse-bronx-20220118-gtybkrrgfrbunhleaeay4g4b2e-story.html\" target=\"_blank\" rel=\"nofollow noopener noreferrer\">el fuego debilit\u00f3 la estructura<\/a>.<\/p>\n<p>A pesar de que no son tan comunes como otros tipos de accidentes en la construcci\u00f3n, la amenaza potencial de un derrumbe sigue siendo importante.<\/p>\n<h2>\u00bfQu\u00e9 causa los accidentes de derrumbe de edificios en el Bronx?<\/h2>\n<p>Muchos factores pueden contribuir al derrumbe de un edificio en el Bronx, entre ellos:<\/p>\n<div class=\"row\">\n<ul class=\"col-xl-6\">\n<li>Dise\u00f1o o ingenier\u00eda deficiente<\/li>\n<li>Cimientos defectuosos<\/li>\n<li>Materiales y equipos defectuosos<\/li>\n<li>Maquinaria defectuosa<\/li>\n<li>Errores cometidos durante la demolici\u00f3n o la construcci\u00f3n<\/li>\n<\/ul>\n<ul class=\"col-xl-6\">\n<li>Da\u00f1os por incendio<\/li>\n<li>Da\u00f1os por agua<\/li>\n<li>Incumplimiento de los c\u00f3digos de construcci\u00f3n de la ciudad de New York<\/li>\n<li>Trabajadores inexpertos<\/li>\n<li>Violaciones de las normas de seguridad de la OSHA<\/li>\n<\/ul>\n<\/div>\n<p>En teor\u00eda, los accidentes de derrumbe de edificios no deber\u00edan ocurrir. Cuando lo hacen, casi siempre es porque alguien es negligente.<\/p>\n<h2>\u00bfQui\u00e9n puede ser responsable de un accidente de derrumbe de un edificio en el Bronx?<\/h2>\n<p>Aunque tu principal fuente de indemnizaci\u00f3n tras un accidente de la construcci\u00f3n por derrumbe de un edificio ser\u00e1 la indemnizaci\u00f3n de los trabajadores, tambi\u00e9n puedes tener derecho a presentar una demanda. Esto es as\u00ed si un tercero es negligente o una empresa es estrictamente responsable de una pieza de equipo o maquinaria defectuosa.<\/p>\n<p>Las partes potencialmente responsables en una demanda de terceros podr\u00edan incluir:<\/p>\n<div class=\"row\">\n<ul class=\"col-xl-6\">\n<li>Propietarios<\/li>\n<li>Ingenieros<\/li>\n<li>Arquitectos<\/li>\n<li>Contratistas generales<\/li>\n<\/ul>\n<ul class=\"col-xl-6\">\n<li>Subcontratistas<\/li>\n<li>Gerentes de proyecto<\/li>\n<li>Fabricantes<\/li>\n<\/ul>\n<\/div>\n<p>Recurrir a las prestaciones de indemnizaci\u00f3n por accidente de trabajo y a los da\u00f1os y perjuicios en un juicio puede ayudar a garantizar que se te conceda todo el dinero que necesitas despu\u00e9s de lesionarte.<\/p>\n    <div class=\"cw-cta-box\">\n        <div class=\"cw-cta-box__inner \">\n            <div class=\"cw-cta-box__info\">\n                                    <div class=\"label\">\u00a1Llame ahora!<\/div>\n                            <\/div>\n                            <div class=\"contact-phone\">\n                    <a href=\"tel:7189939999\"\n                        aria-label=\"Tap to call button\">\n                        718-993-9999                    <\/a>\n                <\/div>\n                    <\/div>\n                    <a href=\"\/es\/contacto\/\"\n               class=\"cta-btn btn btn--primary btn\"\n               target=\"\">\n                Obtenga Una Consulta Gratuita            <\/a>\n            <\/div>\n    \n<h2>Los accidentes de derrumbe de edificios pueden causar lesiones graves y la muerte<\/h2>\n<p>Las lesiones m\u00e1s comunes que se registran tras los accidentes de derrumbe de edificios en el Bronx incluyen:<\/p>\n<div class=\"row\">\n<ul class=\"col-xl-6\">\n<li>Huesos rotos<\/li>\n<li>Lesiones por aplastamiento<\/li>\n<li>Quemaduras<\/li>\n<li>Lesi\u00f3n medular<\/li>\n<li>Lesi\u00f3n tor\u00e1cica<\/li>\n<li>Da\u00f1os en los \u00f3rganos internos<\/li>\n<\/ul>\n<ul class=\"col-xl-6\">\n<li>Hemorragia interna<\/li>\n<li>Lesi\u00f3n cerebral traum\u00e1tica<\/li>\n<li>Amputaci\u00f3n<\/li>\n<li>Par\u00e1lisis<\/li>\n<li><a href=\"https:\/\/oreskylaw.com\/es\/nyc\/abogados-de-muerte-por-negligencia\/\">Muerte por negligencia<\/a><\/li>\n<\/ul>\n<\/div>\n<p>Busca siempre atenci\u00f3n m\u00e9dica lo antes posible despu\u00e9s de un accidente de construcci\u00f3n que implique el derrumbe de un edificio en el Bronx.<\/p>\n<h2>Programa una consulta gratuita con un abogado de accidentes de la construcci\u00f3n en el Bronx tras el derrumbe de un edificio<\/h2>\n<p>Solo tienes un tiempo limitado para presentar una reclamaci\u00f3n de indemnizaci\u00f3n laboral o presentar una demanda despu\u00e9s de un accidente de derrumbe de un edificio en el Bronx, New York. Llama a Oresky &amp; Associates, PLLC, para que te ayuden a conseguir el dinero que mereces.<\/p>\n<p>Nuestros\u00a0<a href=\"https:\/\/oreskylaw.com\/es\/acerca-de-nosotros\/\">abogados de lesiones personales<\/a>\u00a0especializados en derrumbes de edificios del Bronx est\u00e1n dispuestos a luchar por ti. Para empezar, todo lo que tienes que hacer es ponerte en contacto con nuestro despacho de abogados para concertar una evaluaci\u00f3n gratuita del caso. Siempre estamos disponibles para ayudar \u2013 24\/7\/365.<\/p>\n\n\t\t\t\t\n\t\t\t\t\t<div itemtype=\"https:\/\/schema.org\/VideoObject\" itemscope=\"\" id=\"video_play-1575\" class=\" vid-aligncenter\" style=\"display:block\">\n\t\t\t\t\t\t<meta itemprop=\"name\" content=\"Oresky &#038; Associates, Construction Accident Lawyers\" \/>\n\t\t\t\t\t\t<meta itemprop=\"thumbnailURL\" content=\"https:\/\/i.ytimg.com\/vi\/-x7Lm41GBRM\/hqdefault.jpg\" \/>\n\t\t\t\t\t\t<meta itemprop=\"uploadDate\" content=\"8 de diciembre de 2025\">\n\t\t\t\t\t\t\t\t\t\t\t\t\t<meta itemprop=\"embedURL\" content=\"https:\/\/www.youtube.com\/watch?v=-x7Lm41GBRM\" \/>\n\t\t\t\t\t\t\t<iframe loading=\"lazy\" class=\"cw_video_single\" src=\"https:\/\/www.youtube.com\/embed\/-x7Lm41GBRM?rel=0&amp;showinfo=1&amp;autoplay=1\" allowfullscreen=\"allowfullscreen\" width=\"100%\" height=\"480px\" ><\/iframe>\n\t\t\t\t\t\t\n\t\t\t\t\t\t\n\t\t\t\t\t\t\t\t\t\t\t\t\t\t\t<meta itemprop=\"description\" content=\"Often, profits are prioritized over job site safety at the workers\u2019 expense. Construction involves heavy equipment such as cranes, hoists, scaffolds, and ladders that can be very dangerous.\" \/>\n\t\t\t\t\t\t\t\n\t\t\t\t\t\t\n\t\t\t\t\t<\/div>\n\n\t\t\t\t\n\n\n\n\t\t\t\n\t\t\t\t\n","protected":false},"excerpt":{"rendered":"<p>\u00bfTe has lesionado en el derrumbe de un edificio en una obra en el Bronx, New York? Es posible que tengas derecho a las prestaciones de la compensaci\u00f3n de los trabajadores y\/o a una indemnizaci\u00f3n por da\u00f1os y perjuicios en una demanda por lesiones personales. Los\u00a0abogados de accidentes\u00a0de la construcci\u00f3n del Bronx de\u00a0Oresky &amp; Associates, [&hellip;]<\/p>\n","protected":false},"author":9,"featured_media":24004,"parent":17391,"menu_order":24,"comment_status":"closed","ping_status":"closed","template":"","meta":{"_acf_changed":false,"footnotes":""},"class_list":["post-17728","page","type-page","status-publish","has-post-thumbnail","hentry"],"acf":[],"yoast_head":"<!-- This site is optimized with the Yoast SEO plugin v27.3 - https:\/\/yoast.com\/product\/yoast-seo-wordpress\/ -->\n<title>Abogado de derrumbes de edificios en el Bronx - Oresky &amp; Associates, PLLC<\/title>\n<meta name=\"description\" content=\"Accidentes por derrumbe de edificios son catastr\u00f3ficos. Si ha resultado herido, contacte a nuestro abogado experto en accidentes de construcci\u00f3n en el Bronx.\" \/>\n<meta name=\"robots\" content=\"index, follow, max-snippet:-1, max-image-preview:large, max-video-preview:-1\" \/>\n<link rel=\"canonical\" href=\"https:\/\/oreskylaw.com\/es\/bronx\/abogados-de-derrumbe-de-edificios\/\" \/>\n<meta property=\"og:locale\" content=\"es_ES\" \/>\n<meta property=\"og:type\" content=\"article\" \/>\n<meta property=\"og:title\" content=\"Abogado de derrumbes de edificios en el Bronx - Oresky &amp; Associates, PLLC\" \/>\n<meta property=\"og:description\" content=\"Accidentes por derrumbe de edificios son catastr\u00f3ficos. Si ha resultado herido, contacte a nuestro abogado experto en accidentes de construcci\u00f3n en el Bronx.\" \/>\n<meta property=\"og:url\" content=\"https:\/\/oreskylaw.com\/es\/bronx\/abogados-de-derrumbe-de-edificios\/\" \/>\n<meta property=\"og:site_name\" content=\"Oresky &amp; Associates, PLLC\" \/>\n<meta property=\"article:publisher\" content=\"https:\/\/www.facebook.com\/Oreskylaw\/\" \/>\n<meta property=\"article:modified_time\" content=\"2026-01-30T12:57:23+00:00\" \/>\n<meta property=\"og:image\" content=\"https:\/\/oreskylaw.com\/wp-content\/uploads\/2026\/01\/building-collapse-lawyers.png\" \/>\n\t<meta property=\"og:image:width\" content=\"810\" \/>\n\t<meta property=\"og:image:height\" content=\"330\" \/>\n\t<meta property=\"og:image:type\" content=\"image\/png\" \/>\n<meta name=\"twitter:card\" content=\"summary_large_image\" \/>\n<meta name=\"twitter:site\" content=\"@JacobOreskyLaw\" \/>\n<meta name=\"twitter:label1\" content=\"Tiempo de lectura\" \/>\n\t<meta name=\"twitter:data1\" content=\"5 minutos\" \/>\n<!-- \/ Yoast SEO plugin. -->","yoast_head_json":{"title":"Abogado de derrumbes de edificios en el Bronx - Oresky & Associates, PLLC","description":"Accidentes por derrumbe de edificios son catastr\u00f3ficos. Si ha resultado herido, contacte a nuestro abogado experto en accidentes de construcci\u00f3n en el Bronx.","robots":{"index":"index","follow":"follow","max-snippet":"max-snippet:-1","max-image-preview":"max-image-preview:large","max-video-preview":"max-video-preview:-1"},"canonical":"https:\/\/oreskylaw.com\/es\/bronx\/abogados-de-derrumbe-de-edificios\/","og_locale":"es_ES","og_type":"article","og_title":"Abogado de derrumbes de edificios en el Bronx - Oresky & Associates, PLLC","og_description":"Accidentes por derrumbe de edificios son catastr\u00f3ficos. Si ha resultado herido, contacte a nuestro abogado experto en accidentes de construcci\u00f3n en el Bronx.","og_url":"https:\/\/oreskylaw.com\/es\/bronx\/abogados-de-derrumbe-de-edificios\/","og_site_name":"Oresky &amp; Associates, PLLC","article_publisher":"https:\/\/www.facebook.com\/Oreskylaw\/","article_modified_time":"2026-01-30T12:57:23+00:00","og_image":[{"width":810,"height":330,"url":"https:\/\/oreskylaw.com\/wp-content\/uploads\/2026\/01\/building-collapse-lawyers.png","type":"image\/png"}],"twitter_card":"summary_large_image","twitter_site":"@JacobOreskyLaw","twitter_misc":{"Tiempo de lectura":"5 minutos"},"schema":{"@context":"https:\/\/schema.org","@graph":[{"@type":"WebPage","@id":"https:\/\/oreskylaw.com\/es\/bronx\/abogados-de-derrumbe-de-edificios\/","url":"https:\/\/oreskylaw.com\/es\/bronx\/abogados-de-derrumbe-de-edificios\/","name":"Abogado de derrumbes de edificios en el Bronx - Oresky & Associates, PLLC","isPartOf":{"@id":"https:\/\/oreskylaw.com\/es\/#website"},"primaryImageOfPage":{"@id":"https:\/\/oreskylaw.com\/es\/bronx\/abogados-de-derrumbe-de-edificios\/#primaryimage"},"image":{"@id":"https:\/\/oreskylaw.com\/es\/bronx\/abogados-de-derrumbe-de-edificios\/#primaryimage"},"thumbnailUrl":"https:\/\/oreskylaw.com\/wp-content\/uploads\/2026\/01\/building-collapse-lawyers.png","datePublished":"2025-12-08T02:20:22+00:00","dateModified":"2026-01-30T12:57:23+00:00","description":"Accidentes por derrumbe de edificios son catastr\u00f3ficos. Si ha resultado herido, contacte a nuestro abogado experto en accidentes de construcci\u00f3n en el Bronx.","breadcrumb":{"@id":"https:\/\/oreskylaw.com\/es\/bronx\/abogados-de-derrumbe-de-edificios\/#breadcrumb"},"inLanguage":"es","potentialAction":[{"@type":"ReadAction","target":["https:\/\/oreskylaw.com\/es\/bronx\/abogados-de-derrumbe-de-edificios\/"]}]},{"@type":"ImageObject","inLanguage":"es","@id":"https:\/\/oreskylaw.com\/es\/bronx\/abogados-de-derrumbe-de-edificios\/#primaryimage","url":"https:\/\/oreskylaw.com\/wp-content\/uploads\/2026\/01\/building-collapse-lawyers.png","contentUrl":"https:\/\/oreskylaw.com\/wp-content\/uploads\/2026\/01\/building-collapse-lawyers.png","width":810,"height":330,"caption":"building collapse"},{"@type":"BreadcrumbList","@id":"https:\/\/oreskylaw.com\/es\/bronx\/abogados-de-derrumbe-de-edificios\/#breadcrumb","itemListElement":[{"@type":"ListItem","position":1,"name":"Inicio","item":"https:\/\/oreskylaw.com\/es\/"},{"@type":"ListItem","position":2,"name":"Abogado de lesiones personales en el Bronx","item":"https:\/\/oreskylaw.com\/es\/bronx\/"},{"@type":"ListItem","position":3,"name":"Colapso de edificio"}]},{"@type":"WebSite","@id":"https:\/\/oreskylaw.com\/es\/#website","url":"https:\/\/oreskylaw.com\/es\/","name":"Oresky & Associates PLLC","description":"","publisher":{"@id":"https:\/\/oreskylaw.com\/es\/#organization"},"potentialAction":[{"@type":"SearchAction","target":{"@type":"EntryPoint","urlTemplate":"https:\/\/oreskylaw.com\/es\/?s={search_term_string}"},"query-input":{"@type":"PropertyValueSpecification","valueRequired":true,"valueName":"search_term_string"}}],"inLanguage":"es"}]}},"_links":{"self":[{"href":"https:\/\/oreskylaw.com\/es\/wp-json\/wp\/v2\/pages\/17728","targetHints":{"allow":["GET"]}}],"collection":[{"href":"https:\/\/oreskylaw.com\/es\/wp-json\/wp\/v2\/pages"}],"about":[{"href":"https:\/\/oreskylaw.com\/es\/wp-json\/wp\/v2\/types\/page"}],"author":[{"embeddable":true,"href":"https:\/\/oreskylaw.com\/es\/wp-json\/wp\/v2\/users\/9"}],"replies":[{"embeddable":true,"href":"https:\/\/oreskylaw.com\/es\/wp-json\/wp\/v2\/comments?post=17728"}],"version-history":[{"count":0,"href":"https:\/\/oreskylaw.com\/es\/wp-json\/wp\/v2\/pages\/17728\/revisions"}],"up":[{"embeddable":true,"href":"https:\/\/oreskylaw.com\/es\/wp-json\/wp\/v2\/pages\/17391"}],"wp:featuredmedia":[{"embeddable":true,"href":"https:\/\/oreskylaw.com\/es\/wp-json\/wp\/v2\/media\/24004"}],"wp:attachment":[{"href":"https:\/\/oreskylaw.com\/es\/wp-json\/wp\/v2\/media?parent=17728"}],"curies":[{"name":"wp","href":"https:\/\/api.w.org\/{rel}","templated":true}]}}