{"id":17739,"date":"2025-12-08T02:20:36","date_gmt":"2025-12-08T02:20:36","guid":{"rendered":"https:\/\/oreskylaw.com\/?page_id=17739"},"modified":"2026-01-30T12:58:30","modified_gmt":"2026-01-30T12:58:30","slug":"abogados-de-accidentes-de-autobus","status":"publish","type":"page","link":"https:\/\/oreskylaw.com\/es\/bronx\/abogados-de-accidentes-de-autobus\/","title":{"rendered":"Accidentes por Exceso de Velocidad"},"content":{"rendered":"<h2>Accidentes por exceso de velocidad en el Bronx, New York<\/h2>\n<p>\u00bfUsted o un ser querido fue lesionado en un accidente de autob\u00fas en el Bronx, New York? Podr\u00eda tener derecho a una compensaci\u00f3n financiera significativa. Un abogado con experiencia en accidentes de autob\u00fas en el Bronx de\u00a0<a href=\"https:\/\/oreskylaw.com\/es\/acerca-de-nosotros\/\">Oresky &amp; Associates, LLC<\/a>\u00a0puede ayudarlo a luchar para obtener compensaci\u00f3n por facturas m\u00e9dicas, salarios perdidos y su dolor y sufrimiento.<\/p>\n<p>Hemos estado comprometidos con la lucha por las v\u00edctimas de accidentes desde que abrimos nuestras puertas en 1992. Nuestra dedicaci\u00f3n a nuestros clientes lesionados nos ha ayudado a asegurar m\u00e1s de 400 millones de d\u00f3lares en compensaciones.<\/p>\n<p>Nunca es demasiado pronto para conocer m\u00e1s sobre sus opciones legales. Simplemente llame a nuestras oficinas legales en el Bronx, New York, al\u00a0<a href=\"tel:+19299304705\">(929) 930-4705<\/a>\u00a0o\u00a0<a href=\"https:\/\/oreskylaw.com\/es\/contacto\/\">cont\u00e1ctenos<\/a>\u00a0aqu\u00ed para programar una consulta gratuita hoy mismo.<\/p>\n<h2>C\u00f3mo Oresky &amp; Associates, PLLC puede ayudar despu\u00e9s de un accidente de autob\u00fas en el Bronx<\/h2>\n<p>Las reclamaciones por lesiones relacionadas con el transporte p\u00fablico en el Bronx pueden ser complicados. A menudo, las agencias gubernamentales est\u00e1n involucradas. Lo \u00faltimo que necesita es una lucha prolongada con el seguro mientras intenta recuperarse de sus lesiones.<\/p>\n<p>Nuestros abogados de lesiones personales en el Bronx en Oresky &amp; Associates, PLLC tienen m\u00e1s de 30 a\u00f1os de experiencia manejando casos complejos de lesiones personales. Podemos manejar cada aspecto del proceso legal para que pueda concentrarse en mejorar.<\/p>\n<p>Nuestros abogados de alta calificaci\u00f3n han sido reconocidos como Super Lawyers e incluidos en la lista de \u00abLos principales abogados de lesiones personales de New York\u00bb de la revista New York Magazine.<\/p>\n<p>Contratar a nuestros abogados significa que tendr\u00e1 un defensor para:<\/p>\n<ul>\n<li>Investigar las circunstancias del accidente<\/li>\n<li>\u00danico para todas las partes responsables<\/li>\n<li>Consultar con expertos respetados para establecer la responsabilidad y evaluar el valor de su caso<\/li>\n<li>Manejar todas las comunicaciones con los abogados de la defensa y las compa\u00f1\u00edas de seguros<\/li>\n<li>Negociar para alcanzar un acuerdo de liquidaci\u00f3n favorable<\/li>\n<li>Llevar su caso a juicio y abogar en su nombre si es necesario<\/li>\n<\/ul>\n<p>Contratar a un abogado experimentado de lesiones personales en el Bronx aumenta significativamente sus posibilidades de recuperar la m\u00e1xima compensaci\u00f3n posible. Llame para una consulta inicial gratuita hoy y aprenda m\u00e1s sobre c\u00f3mo nuestro equipo legal puede ayudar.<\/p>\n<h2>\u00bfQu\u00e9 tan Comunes son los Accidentes de Autob\u00fas en el Bronx?<\/h2>\n<p>La Autoridad de Transporte Metropolitano (MTA) opera cientos de rutas de autob\u00fas en toda la ciudad de New York. En un d\u00eda laborable promedio, 5.5 millones de neoyorquinos toman un autob\u00fas para llegar a su destino. La mayor\u00eda de las veces, los autobuses operan sin incidentes.<\/p>\n<p>A\u00fan as\u00ed, los accidentes de autob\u00fas no son infrecuentes en New York. De hecho, en un per\u00edodo de tres a\u00f1os, los informes muestran que los autobuses de la MTA estuvieron involucrados en aproximadamente 21.000 accidentes en toda la ciudad.<\/p>\n<p>Tan solo en abril de 2022, el Departamento de Polic\u00eda de New York report\u00f3 316 accidentes que involucraron a un autob\u00fas en New York. Un total de 67 de esos accidentes de autob\u00fas ocurrieron en el Bronx.<\/p>\n<p>En Oresky &amp; Associates, PLLC, manejamos todo tipo de casos de accidentes de autob\u00fas en el Bronx, incluidos aquellos que involucran:<\/p>\n<div class=\"row\">\n<ul class=\"col-xl-6\">\n<li>Autobuses de la MTA<\/li>\n<li>Autobuses escolares<\/li>\n<li>Autobuses tur\u00edsticos<\/li>\n<li>ch\u00e1rter de autobuses<\/li>\n<li>Servicios de traslado al aeropuerto<\/li>\n<li>Autobuses Greyhound<\/li>\n<\/ul>\n<ul class=\"col-xl-6\">\n<li>Flixbus<\/li>\n<li>MegaBus<\/li>\n<li>GoBus<\/li>\n<li>Autobuses Peter Pan<\/li>\n<li>Autobuses tur\u00edsticos de dos pisos<\/li>\n<li>Y m\u00e1s<\/li>\n<\/ul>\n<\/div>\n<p>Si fue lesionado en un accidente de autob\u00fas en la ciudad de New York, podr\u00eda tener derecho a una compensaci\u00f3n significativa. Llame a nuestros abogados de accidentes de autob\u00fas en el Bronx en Oresky &amp; Associates, PLLC para aprender m\u00e1s sobre sus derechos legales hoy mismo.<\/p>\n    <div class=\"cw-cta-box\">\n        <div class=\"cw-cta-box__inner \">\n            <div class=\"cw-cta-box__info\">\n                                    <div class=\"label\">\u00a1Llame ahora!<\/div>\n                            <\/div>\n                            <div class=\"contact-phone\">\n                    <a href=\"tel:7189939999\"\n                        aria-label=\"Tap to call button\">\n                        718-993-9999                    <\/a>\n                <\/div>\n                    <\/div>\n                    <a href=\"\/es\/contacto\/\"\n               class=\"cta-btn btn btn--primary btn\"\n               target=\"\">\n                Obtenga Una Consulta Gratuita            <\/a>\n            <\/div>\n    \n<h2>\u00bfCu\u00e1nto vale mi caso de accidente de autob\u00fas en el Bronx?<\/h2>\n<p>Muchos factores diferentes pueden jugar un papel en el proceso de valoraci\u00f3n, y cada caso de lesiones personales es diferente.<\/p>\n<p>Los siguientes factores suelen ser importantes:<\/p>\n<ul>\n<li>El tipo de lesiones que ha sufrido<\/li>\n<li>Si sus lesiones afectan su capacidad para trabajar<\/li>\n<li>El costo de su tratamiento m\u00e9dico anterior y los costos futuros anticipados<\/li>\n<li>Si se espera que se recupere por completo<\/li>\n<li>C\u00f3mo el trauma del accidente de autob\u00fas ha afectado su vida<\/li>\n<li>La naturaleza de las acciones de la parte culpable<\/li>\n<li>Si jug\u00f3 alg\u00fan papel en el accidente<\/li>\n<\/ul>\n<p>Hablar con un abogado con experiencia es la mejor manera de averiguar cu\u00e1nto vale su reclamaci\u00f3n por lesiones personales. Nuestros abogados trabajar\u00e1n arduamente para evaluar el valor de su caso para que pueda estar seguro de que est\u00e1 obteniendo la m\u00e1xima compensaci\u00f3n posible.<\/p>\n<h2>\u00bfQu\u00e9 tipos de da\u00f1os est\u00e1n disponibles para las v\u00edctimas de accidentes de autob\u00fas?<\/h2>\n<p>Si fue lesionado en un accidente de autob\u00fas, los siguientes da\u00f1os econ\u00f3micos y no econ\u00f3micos podr\u00edan estar disponibles:<\/p>\n<div class=\"row\">\n<ul class=\"col-xl-6\">\n<li>Gastos m\u00e9dicos pasados y futuros<\/li>\n<li>Salarios perdidos<\/li>\n<li>Reducci\u00f3n del potencial de ingresos<\/li>\n<li>Fisioterapia<\/li>\n<li>Rehabilitaci\u00f3n y terapias especializadas<\/li>\n<li>Da\u00f1os a la propiedad<\/li>\n<\/ul>\n<ul class=\"col-xl-6\">\n<li>Dolor y sufrimiento<\/li>\n<li>Angustia mental<\/li>\n<li>Disminuci\u00f3n de la calidad de vida<\/li>\n<li>Desfiguraci\u00f3n f\u00edsica y cicatrices<\/li>\n<li>Ansiedad, depresi\u00f3n y TEPT<\/li>\n<li>P\u00e9rdida del consorcio<\/li>\n<\/ul>\n<\/div>\n<p>En otras palabras, tiene derecho a da\u00f1os para que se le \u00abcompense\u00bb nuevamente. Desde una perspectiva financiera, deber\u00eda ser como si el accidente nunca hubiera ocurrido.<\/p>\n<p>Aunque el dinero no puede compensar verdaderamente su sufrimiento, es la \u00fanica forma de obtener justicia. Nuestros abogados est\u00e1n aqu\u00ed para ayudarlo a luchar por cada d\u00f3lar que se merece. Llame hoy a nuestro bufete de abogados para obtener m\u00e1s informaci\u00f3n sobre c\u00f3mo podemos ayudar.<\/p>\n<h2>Lucharemos para Recuperar Compensaci\u00f3n por Todas Sus Lesiones de Accidente de Autob\u00fas<\/h2>\n<p>Incluso un accidente de autob\u00fas relativamente menor puede causar lesiones graves. Nuestros abogados representan a menudo a los clientes que han sufrido:<\/p>\n<div class=\"row\">\n<ul class=\"col-xl-6\">\n<li>Traumatismo craneoencef\u00e1lico<\/li>\n<li>Conmociones<\/li>\n<li>Heridas de la m\u00e9dula espinal<\/li>\n<li>Otros tipos de cabeza y cuello<\/li>\n<li>Huesos ra\u00edces<\/li>\n<li>Da\u00f1o nervioso<\/li>\n<li>Lesiones por latigazo<\/li>\n<li>Da\u00f1o de tejidos blandos<\/li>\n<\/ul>\n<ul class=\"col-xl-6\">\n<li>Lesiones por aplastamiento<\/li>\n<li>Lesiones de espalda<\/li>\n<li>Da\u00f1o a los \u00f3rganos<\/li>\n<li>Quemaduras<\/li>\n<li>Amputaciones y p\u00e9rdida de extremidades<\/li>\n<li>Par\u00e1lisis<\/li>\n<li>Lesiones catastr\u00f3ficas<\/li>\n<\/ul>\n<\/div>\n<p>Nuestros abogados tambi\u00e9n pueden ayudarlo a luchar por una compensaci\u00f3n justa por muerte por negligencia si perdi\u00f3 a un ser querido en un accidente de autob\u00fas fatal.<\/p>\n","protected":false},"excerpt":{"rendered":"<p>Accidentes por exceso de velocidad en el Bronx, New York \u00bfUsted o un ser querido fue lesionado en un accidente de autob\u00fas en el Bronx, New York? Podr\u00eda tener derecho a una compensaci\u00f3n financiera significativa. Un abogado con experiencia en accidentes de autob\u00fas en el Bronx de\u00a0Oresky &amp; Associates, LLC\u00a0puede ayudarlo a luchar para obtener [&hellip;]<\/p>\n","protected":false},"author":9,"featured_media":23854,"parent":17391,"menu_order":28,"comment_status":"closed","ping_status":"closed","template":"practice-area.php","meta":{"_acf_changed":false,"footnotes":""},"class_list":["post-17739","page","type-page","status-publish","has-post-thumbnail","hentry"],"acf":[],"yoast_head":"<!-- This site is optimized with the Yoast SEO plugin v27.3 - https:\/\/yoast.com\/product\/yoast-seo-wordpress\/ -->\n<title>Abogado Especialista en Accidentes de Autob\u00fas en el Bronx - Oresky &amp; Associates, PLLC<\/title>\n<meta name=\"description\" content=\"\u00bfLesionado en un accidente de autob\u00fas en el Bronx? Ll\u00e1menos hoy para saber c\u00f3mo un abogado de lesiones personales puede ayudarle a luchar por compensaci\u00f3n.\" \/>\n<meta name=\"robots\" content=\"index, follow, max-snippet:-1, max-image-preview:large, max-video-preview:-1\" \/>\n<link rel=\"canonical\" href=\"https:\/\/oreskylaw.com\/es\/bronx\/abogados-de-accidentes-de-autobus\/\" \/>\n<meta property=\"og:locale\" content=\"es_ES\" \/>\n<meta property=\"og:type\" content=\"article\" \/>\n<meta property=\"og:title\" content=\"Abogado Especialista en Accidentes de Autob\u00fas en el Bronx - Oresky &amp; Associates, PLLC\" \/>\n<meta property=\"og:description\" content=\"\u00bfLesionado en un accidente de autob\u00fas en el Bronx? Ll\u00e1menos hoy para saber c\u00f3mo un abogado de lesiones personales puede ayudarle a luchar por compensaci\u00f3n.\" \/>\n<meta property=\"og:url\" content=\"https:\/\/oreskylaw.com\/es\/bronx\/abogados-de-accidentes-de-autobus\/\" \/>\n<meta property=\"og:site_name\" content=\"Oresky &amp; Associates, PLLC\" \/>\n<meta property=\"article:publisher\" content=\"https:\/\/www.facebook.com\/Oreskylaw\/\" \/>\n<meta property=\"article:modified_time\" content=\"2026-01-30T12:58:30+00:00\" \/>\n<meta property=\"og:image\" content=\"https:\/\/oreskylaw.com\/wp-content\/uploads\/2026\/01\/bus-accident-lawyers.png\" \/>\n\t<meta property=\"og:image:width\" content=\"810\" \/>\n\t<meta property=\"og:image:height\" content=\"330\" \/>\n\t<meta property=\"og:image:type\" content=\"image\/png\" \/>\n<meta name=\"twitter:card\" content=\"summary_large_image\" \/>\n<meta name=\"twitter:site\" content=\"@JacobOreskyLaw\" \/>\n<meta name=\"twitter:label1\" content=\"Tiempo de lectura\" \/>\n\t<meta name=\"twitter:data1\" content=\"5 minutos\" \/>\n<!-- \/ Yoast SEO plugin. -->","yoast_head_json":{"title":"Abogado Especialista en Accidentes de Autob\u00fas en el Bronx - Oresky & Associates, PLLC","description":"\u00bfLesionado en un accidente de autob\u00fas en el Bronx? Ll\u00e1menos hoy para saber c\u00f3mo un abogado de lesiones personales puede ayudarle a luchar por compensaci\u00f3n.","robots":{"index":"index","follow":"follow","max-snippet":"max-snippet:-1","max-image-preview":"max-image-preview:large","max-video-preview":"max-video-preview:-1"},"canonical":"https:\/\/oreskylaw.com\/es\/bronx\/abogados-de-accidentes-de-autobus\/","og_locale":"es_ES","og_type":"article","og_title":"Abogado Especialista en Accidentes de Autob\u00fas en el Bronx - Oresky & Associates, PLLC","og_description":"\u00bfLesionado en un accidente de autob\u00fas en el Bronx? Ll\u00e1menos hoy para saber c\u00f3mo un abogado de lesiones personales puede ayudarle a luchar por compensaci\u00f3n.","og_url":"https:\/\/oreskylaw.com\/es\/bronx\/abogados-de-accidentes-de-autobus\/","og_site_name":"Oresky &amp; Associates, PLLC","article_publisher":"https:\/\/www.facebook.com\/Oreskylaw\/","article_modified_time":"2026-01-30T12:58:30+00:00","og_image":[{"width":810,"height":330,"url":"https:\/\/oreskylaw.com\/wp-content\/uploads\/2026\/01\/bus-accident-lawyers.png","type":"image\/png"}],"twitter_card":"summary_large_image","twitter_site":"@JacobOreskyLaw","twitter_misc":{"Tiempo de lectura":"5 minutos"},"schema":{"@context":"https:\/\/schema.org","@graph":[{"@type":"WebPage","@id":"https:\/\/oreskylaw.com\/es\/bronx\/abogados-de-accidentes-de-autobus\/","url":"https:\/\/oreskylaw.com\/es\/bronx\/abogados-de-accidentes-de-autobus\/","name":"Abogado Especialista en Accidentes de Autob\u00fas en el Bronx - Oresky & Associates, PLLC","isPartOf":{"@id":"https:\/\/oreskylaw.com\/es\/#website"},"primaryImageOfPage":{"@id":"https:\/\/oreskylaw.com\/es\/bronx\/abogados-de-accidentes-de-autobus\/#primaryimage"},"image":{"@id":"https:\/\/oreskylaw.com\/es\/bronx\/abogados-de-accidentes-de-autobus\/#primaryimage"},"thumbnailUrl":"https:\/\/oreskylaw.com\/wp-content\/uploads\/2026\/01\/bus-accident-lawyers.png","datePublished":"2025-12-08T02:20:36+00:00","dateModified":"2026-01-30T12:58:30+00:00","description":"\u00bfLesionado en un accidente de autob\u00fas en el Bronx? Ll\u00e1menos hoy para saber c\u00f3mo un abogado de lesiones personales puede ayudarle a luchar por compensaci\u00f3n.","breadcrumb":{"@id":"https:\/\/oreskylaw.com\/es\/bronx\/abogados-de-accidentes-de-autobus\/#breadcrumb"},"inLanguage":"es","potentialAction":[{"@type":"ReadAction","target":["https:\/\/oreskylaw.com\/es\/bronx\/abogados-de-accidentes-de-autobus\/"]}]},{"@type":"ImageObject","inLanguage":"es","@id":"https:\/\/oreskylaw.com\/es\/bronx\/abogados-de-accidentes-de-autobus\/#primaryimage","url":"https:\/\/oreskylaw.com\/wp-content\/uploads\/2026\/01\/bus-accident-lawyers.png","contentUrl":"https:\/\/oreskylaw.com\/wp-content\/uploads\/2026\/01\/bus-accident-lawyers.png","width":810,"height":330,"caption":"school bus"},{"@type":"BreadcrumbList","@id":"https:\/\/oreskylaw.com\/es\/bronx\/abogados-de-accidentes-de-autobus\/#breadcrumb","itemListElement":[{"@type":"ListItem","position":1,"name":"Inicio","item":"https:\/\/oreskylaw.com\/es\/"},{"@type":"ListItem","position":2,"name":"Abogado de lesiones personales en el Bronx","item":"https:\/\/oreskylaw.com\/es\/bronx\/"},{"@type":"ListItem","position":3,"name":"Accidentes por Exceso de Velocidad"}]},{"@type":"WebSite","@id":"https:\/\/oreskylaw.com\/es\/#website","url":"https:\/\/oreskylaw.com\/es\/","name":"Oresky & Associates PLLC","description":"","publisher":{"@id":"https:\/\/oreskylaw.com\/es\/#organization"},"potentialAction":[{"@type":"SearchAction","target":{"@type":"EntryPoint","urlTemplate":"https:\/\/oreskylaw.com\/es\/?s={search_term_string}"},"query-input":{"@type":"PropertyValueSpecification","valueRequired":true,"valueName":"search_term_string"}}],"inLanguage":"es"}]}},"_links":{"self":[{"href":"https:\/\/oreskylaw.com\/es\/wp-json\/wp\/v2\/pages\/17739","targetHints":{"allow":["GET"]}}],"collection":[{"href":"https:\/\/oreskylaw.com\/es\/wp-json\/wp\/v2\/pages"}],"about":[{"href":"https:\/\/oreskylaw.com\/es\/wp-json\/wp\/v2\/types\/page"}],"author":[{"embeddable":true,"href":"https:\/\/oreskylaw.com\/es\/wp-json\/wp\/v2\/users\/9"}],"replies":[{"embeddable":true,"href":"https:\/\/oreskylaw.com\/es\/wp-json\/wp\/v2\/comments?post=17739"}],"version-history":[{"count":0,"href":"https:\/\/oreskylaw.com\/es\/wp-json\/wp\/v2\/pages\/17739\/revisions"}],"up":[{"embeddable":true,"href":"https:\/\/oreskylaw.com\/es\/wp-json\/wp\/v2\/pages\/17391"}],"wp:featuredmedia":[{"embeddable":true,"href":"https:\/\/oreskylaw.com\/es\/wp-json\/wp\/v2\/media\/23854"}],"wp:attachment":[{"href":"https:\/\/oreskylaw.com\/es\/wp-json\/wp\/v2\/media?parent=17739"}],"curies":[{"name":"wp","href":"https:\/\/api.w.org\/{rel}","templated":true}]}}