{"id":17765,"date":"2025-12-08T02:21:14","date_gmt":"2025-12-08T02:21:14","guid":{"rendered":"https:\/\/oreskylaw.com\/?page_id=17765"},"modified":"2026-01-30T13:06:43","modified_gmt":"2026-01-30T13:06:43","slug":"abogados-de-lesiones-catastroficas","status":"publish","type":"page","link":"https:\/\/oreskylaw.com\/es\/bronx\/abogados-de-lesiones-catastroficas\/","title":{"rendered":"Abogado de lesiones catastr\u00f3ficas en el Bronx"},"content":{"rendered":"<p>Una lesi\u00f3n catastr\u00f3fica puede cambiar el curso de tu vida para siempre. Las consecuencias financieras, f\u00edsicas y emocionales pueden ser abrumadoras. Los abogados de lesiones catastr\u00f3ficas del Bronx en <a href=\"https:\/\/oreskylaw.com\/es\/acerca-de-nosotros\/\">Oresky &amp; Associates, PLLC<\/a>\u00a0pueden ayudarte a conseguir la justicia financiera para tu sufrimiento.<\/p>\n<p>Nuestro despacho de abogados ha sido el mejor defensor de las v\u00edctimas de lesiones catastr\u00f3ficas y tus familias desde 1992. Nuestro enfoque agresivo nos ha ayudado a asegurar m\u00e1s de 400 millones de d\u00f3lares (y contando) en acuerdos y veredictos que cambian la vida de nuestros clientes.<\/p>\n<p>Estamos aqu\u00ed para apoyarte durante tu tiempo de necesidad. Ponte en <a href=\"https:\/\/oreskylaw.com\/es\/contacto\/\">contacto<\/a>\u00a0con nuestras oficinas legales en el Bronx, New York, o ll\u00e1menos al\u00a0<a href=\"tel:+19299304705\">(929) 930-4705<\/a>\u00a0para conocer tus derechos y opciones legales. Ofrecemos una evaluaci\u00f3n gratuita del caso, y nuestro equipo est\u00e1 siempre aqu\u00ed para tomar tu llamada.<\/p>\n<h2>C\u00f3mo puede ayudar Oresky &amp; Associates, PLLC si ha sufrido lesiones catastr\u00f3ficas en un accidente en el Bronx<\/h2>\n<p>A pesar de la magnitud de tus lesiones, nadie querr\u00e1 asumir la responsabilidad, y mucho menos pagarte por el da\u00f1o causado. Tendr\u00e1s que ponerte de pie y luchar para obtener una recuperaci\u00f3n financiera completa despu\u00e9s de un tr\u00e1gico accidente en el Bronx.<\/p>\n<p>Con nuestros experimentados abogados de lesiones personales del Bronx en tu esquina, t\u00fa puedes concentrarte en mejorar mientras sabes que lucharemos incansablemente para ganar el dinero que mereces.<\/p>\n<p>Nos dedicaremos a:<\/p>\n<ul>\n<li>Coordinar una investigaci\u00f3n completa de las circunstancias que condujeron y causaron tu lesi\u00f3n catastr\u00f3fica<\/li>\n<li>Trabajar en estrecha colaboraci\u00f3n con los principales\u00a0<a href=\"https:\/\/oreskylaw.com\/es\/\">expertos en accidentes<\/a>\u00a0y lesiones para comprender mejor el alcance total de tu lesi\u00f3n y sufrimiento<\/li>\n<li>Presentar todas las reclamaciones pertinentes y nos encargamos de todos los aspectos de tu caso de principio a fin, d\u00e1ndote la oportunidad de centrarte en tu salud<\/li>\n<li>Negociar con otras partes, incluidas las compa\u00f1\u00edas de seguros y todas las partes que puedan compartir la responsabilidad<\/li>\n<li>Hacer que un respetado abogado litigante lleve tu caso de lesiones catastr\u00f3ficas ante un jurado del Bronx, si es necesario<\/li>\n<\/ul>\n<p>En Oresky &amp; Associates, PLLC, hemos sido feroces defensores de clientes con lesiones catastr\u00f3ficas desde 1992. Nuestras estrategias ganadoras han dado como resultado m\u00e1s de 400 millones de d\u00f3lares en acuerdos y veredictos. Las compa\u00f1\u00edas de seguros y los abogados defensores en el Bronx, NY conocen bien nuestra reputaci\u00f3n ganadora. Esta es una gran ventaja para ti cuando buscas una compensaci\u00f3n leg\u00edtima por tus lesiones traum\u00e1ticas.<\/p>\n<h2>\u00bfQu\u00e9 es una lesi\u00f3n catastr\u00f3fica?<\/h2>\n<p>Una lesi\u00f3n catastr\u00f3fica, por definici\u00f3n, cambia fundamentalmente el curso de tu vida. Es tan grave que impide de alguna manera tu capacidad de funcionar en alg\u00fan aspecto.<\/p>\n<p>Esto podr\u00eda significar la limitaci\u00f3n de la capacidad de mover o controlar una parte del cuerpo, la interferencia de la comunicaci\u00f3n cr\u00edtica entre el cerebro y la m\u00e9dula espinal, o la p\u00e9rdida de una extremidad f\u00edsica.<\/p>\n<p>El t\u00e9rmino \u201clesi\u00f3n catastr\u00f3fica\u201d puede utilizarse para representar cualquier lesi\u00f3n que conlleve consecuencias que cambien la vida, y a largo plazo, incluyendo:<\/p>\n<div class=\"row\">\n<ul class=\"col-xl-6\">\n<li><a href=\"https:\/\/oreskylaw.com\/es\/lesion\/abogados-de-lesiones-cerebrales\/\">Lesi\u00f3n cerebral traum\u00e1tica<\/a><\/li>\n<li>Quemaduras<\/li>\n<li>Lesi\u00f3n medular<\/li>\n<li>Par\u00e1lisis<\/li>\n<li>Paraplej\u00eda<\/li>\n<\/ul>\n<ul class=\"col-xl-6\">\n<li>Tetraplejia<\/li>\n<li>Amputaci\u00f3n o p\u00e9rdida de un miembro<\/li>\n<li>Lesi\u00f3n ocular<\/li>\n<li>Da\u00f1os en los nervios<\/li>\n<li>Lesi\u00f3n en el pecho<\/li>\n<\/ul>\n<\/div>\n<p>Esta lista no es exhaustiva. Si una lesi\u00f3n es tan grave que cambia fundamentalmente tu vida y tu capacidad para participar en las actividades diarias, podr\u00eda definirse como \u201ccatastr\u00f3fica\u201d.<\/p>\n    <div class=\"cw-cta-box\">\n        <div class=\"cw-cta-box__inner \">\n            <div class=\"cw-cta-box__info\">\n                                    <div class=\"label\">\u00a1Llame ahora!<\/div>\n                            <\/div>\n                            <div class=\"contact-phone\">\n                    <a href=\"tel:7189939999\"\n                        aria-label=\"Tap to call button\">\n                        718-993-9999                    <\/a>\n                <\/div>\n                    <\/div>\n                    <a href=\"\/es\/contacto\/\"\n               class=\"cta-btn btn btn--primary btn\"\n               target=\"\">\n                Obtenga Una Consulta Gratuita            <\/a>\n            <\/div>\n    \n<h2>\u00bfQu\u00e9 da\u00f1os y perjuicios est\u00e1n disponibles para las v\u00edctimas de una lesi\u00f3n catastr\u00f3fica en el Bronx?<\/h2>\n<p>Si te has lesionado y decides presentar una demanda por lesiones personales, puedes solicitar tanto da\u00f1os econ\u00f3micos como no econ\u00f3micos.<\/p>\n<h3>Da\u00f1os Econ\u00f3micos<\/h3>\n<p>Los da\u00f1os econ\u00f3micos se conceden para sanear econ\u00f3micamente y cubrir tus gastos presentes y futuros, como, por ejemplo<\/p>\n<div class=\"row\">\n<ul class=\"col-xl-6\">\n<li>Hospitalizaci\u00f3n, cirug\u00eda y cuidados de seguimiento<\/li>\n<li>Dispositivos m\u00e9dicos<\/li>\n<li>Equipos m\u00e9dicos<\/li>\n<li>Modificaciones en el hogar necesarias para adaptarse a una discapacidad o impedimento permanente<\/li>\n<li>Cuidados de enfermer\u00eda<\/li>\n<\/ul>\n<ul class=\"col-xl-6\">\n<li>Rehabilitaci\u00f3n y terapia<\/li>\n<li>P\u00e9rdida de salarios e ingresos<\/li>\n<li>Reducci\u00f3n de la capacidad de ingresos<\/li>\n<li>Discapacidad<\/li>\n<li>Da\u00f1os a la propiedad<\/li>\n<\/ul>\n<\/div>\n<h3>Da\u00f1os No Econ\u00f3micos<\/h3>\n<p>Los da\u00f1os no econ\u00f3micos se pagan para compensar un trauma que es personal y dif\u00edcil de valorar.<\/p>\n<p>A menudo conocidos como da\u00f1os y perjuicios por \u201cdolor y sufrimiento\u201d, pueden incluir:<\/p>\n<div class=\"row\">\n<ul class=\"col-xl-6\">\n<li>Dolor cr\u00f3nico<\/li>\n<li>Angustia mental<\/li>\n<li>Sufrimiento emocional<\/li>\n<li>P\u00e9rdida de calidad de vida<\/li>\n<\/ul>\n<ul class=\"col-xl-6\">\n<li>P\u00e9rdida de disfrute de la vida<\/li>\n<li>P\u00e9rdida del c\u00f3nyuge<\/li>\n<li>Desfiguraci\u00f3n<\/li>\n<\/ul>\n<\/div>\n<h3>Da\u00f1os Punitivos<\/h3>\n<p>Si tu lesi\u00f3n catastr\u00f3fica es consecuencia de la negligencia intencionada o gratuita de otra persona, tambi\u00e9n puede haber da\u00f1os punitivos.<\/p>\n<h2>Manejamos todos los casos de lesiones catastr\u00f3ficas en el Bronx<\/h2>\n<p>Cualquier accidente puede dejar a las v\u00edctimas con lesiones catastr\u00f3ficas.<\/p>\n<p>En Oresky &amp; Associates, PLLC, abogamos por los clientes que han sufrido un trauma que ha cambiado su vida como resultado de:<\/p>\n<div class=\"row\">\n<ul class=\"col-xl-6\">\n<li><a href=\"https:\/\/oreskylaw.com\/es\/bronx\/abogados-de-accidentes-de-auto\/\">Accidentes de tr\u00e1fico<\/a><\/li>\n<li>Accidentes de camiones<\/li>\n<li><a href=\"https:\/\/oreskylaw.com\/es\/bronx\/abogados-de-accidentes-de-bicicleta\/\">Accidentes de bicicleta<\/a><\/li>\n<li><a href=\"https:\/\/oreskylaw.com\/es\/bronx\/abogados-de-accidentes-de-peatones\/\">Accidentes de peatones<\/a><\/li>\n<li>Accidentes de moto<\/li>\n<li>Accidentes de navegaci\u00f3n<\/li>\n<li>Accidentes en el metro<\/li>\n<li>Accidentes de autob\u00fas<\/li>\n<li>Accidentes de tren<\/li>\n<li>Asuntos de responsabilidad de locales, incluyendo accidentes por resbalones y ca\u00eddas y negligencia en la seguridad<\/li>\n<\/ul>\n<ul class=\"col-xl-6\">\n<li>Productos defectuosos y cuestiones de responsabilidad por productos<\/li>\n<li>Mordeduras de perro y ataques de animales<\/li>\n<li>Negligencia m\u00e9dica<\/li>\n<li>Abuso y negligencia en residencias de ancianos<\/li>\n<li>Accidentes en la construcci\u00f3n<\/li>\n<li>Accidentes laborales<\/li>\n<li>Y m\u00e1s<\/li>\n<\/ul>\n<\/div>\n<p>Si recientemente has sufrido una lesi\u00f3n devastadora en un accidente en el Bronx, NY, no intentes manejar una batalla por la compensaci\u00f3n por tu cuenta.<\/p>\n<p>Conc\u00e9ntrate en tu salud y permite que nuestros experimentados abogados de lesiones personales del Bronx se encarguen de la compensaci\u00f3n. Buscaremos los da\u00f1os de todas las partes responsables y trabajaremos con diligencia para maximizar tu recuperaci\u00f3n financiera. Nuestros abogados son h\u00e1biles negociadores y duros litigantes, y estaremos m\u00e1s que preparados para ayudarte a ganar tu caso.<\/p>\n","protected":false},"excerpt":{"rendered":"<p>Una lesi\u00f3n catastr\u00f3fica puede cambiar el curso de tu vida para siempre. Las consecuencias financieras, f\u00edsicas y emocionales pueden ser abrumadoras. Los abogados de lesiones catastr\u00f3ficas del Bronx en Oresky &amp; Associates, PLLC\u00a0pueden ayudarte a conseguir la justicia financiera para tu sufrimiento. Nuestro despacho de abogados ha sido el mejor defensor de las v\u00edctimas de [&hellip;]<\/p>\n","protected":false},"author":9,"featured_media":23862,"parent":17391,"menu_order":34,"comment_status":"closed","ping_status":"closed","template":"practice-area.php","meta":{"_acf_changed":false,"footnotes":""},"class_list":["post-17765","page","type-page","status-publish","has-post-thumbnail","hentry"],"acf":[],"yoast_head":"<!-- This site is optimized with the Yoast SEO plugin v27.3 - https:\/\/yoast.com\/product\/yoast-seo-wordpress\/ -->\n<title>Abogado de lesiones catastr\u00f3ficas en el Bronx - Oresky &amp; Associates, PLLC<\/title>\n<meta name=\"description\" content=\"Las lesiones catastr\u00f3ficas pueden ser abrumadoras y costosas. Cont\u00e1ctanos ahora para buscar justicia financiera tras su accidente tr\u00e1gico en el Bronx.\" \/>\n<meta name=\"robots\" content=\"index, follow, max-snippet:-1, max-image-preview:large, max-video-preview:-1\" \/>\n<link rel=\"canonical\" href=\"https:\/\/oreskylaw.com\/es\/bronx\/abogados-de-lesiones-catastroficas\/\" \/>\n<meta property=\"og:locale\" content=\"es_ES\" \/>\n<meta property=\"og:type\" content=\"article\" \/>\n<meta property=\"og:title\" content=\"Abogado de lesiones catastr\u00f3ficas en el Bronx - Oresky &amp; Associates, PLLC\" \/>\n<meta property=\"og:description\" content=\"Las lesiones catastr\u00f3ficas pueden ser abrumadoras y costosas. Cont\u00e1ctanos ahora para buscar justicia financiera tras su accidente tr\u00e1gico en el Bronx.\" \/>\n<meta property=\"og:url\" content=\"https:\/\/oreskylaw.com\/es\/bronx\/abogados-de-lesiones-catastroficas\/\" \/>\n<meta property=\"og:site_name\" content=\"Oresky &amp; Associates, PLLC\" \/>\n<meta property=\"article:publisher\" content=\"https:\/\/www.facebook.com\/Oreskylaw\/\" \/>\n<meta property=\"article:modified_time\" content=\"2026-01-30T13:06:43+00:00\" \/>\n<meta property=\"og:image\" content=\"https:\/\/oreskylaw.com\/wp-content\/uploads\/2026\/01\/catastrophic-injury-lawyers.png\" \/>\n\t<meta property=\"og:image:width\" content=\"810\" \/>\n\t<meta property=\"og:image:height\" content=\"330\" \/>\n\t<meta property=\"og:image:type\" content=\"image\/png\" \/>\n<meta name=\"twitter:card\" content=\"summary_large_image\" \/>\n<meta name=\"twitter:site\" content=\"@JacobOreskyLaw\" \/>\n<meta name=\"twitter:label1\" content=\"Tiempo de lectura\" \/>\n\t<meta name=\"twitter:data1\" content=\"5 minutos\" \/>\n<!-- \/ Yoast SEO plugin. -->","yoast_head_json":{"title":"Abogado de lesiones catastr\u00f3ficas en el Bronx - Oresky & Associates, PLLC","description":"Las lesiones catastr\u00f3ficas pueden ser abrumadoras y costosas. Cont\u00e1ctanos ahora para buscar justicia financiera tras su accidente tr\u00e1gico en el Bronx.","robots":{"index":"index","follow":"follow","max-snippet":"max-snippet:-1","max-image-preview":"max-image-preview:large","max-video-preview":"max-video-preview:-1"},"canonical":"https:\/\/oreskylaw.com\/es\/bronx\/abogados-de-lesiones-catastroficas\/","og_locale":"es_ES","og_type":"article","og_title":"Abogado de lesiones catastr\u00f3ficas en el Bronx - Oresky & Associates, PLLC","og_description":"Las lesiones catastr\u00f3ficas pueden ser abrumadoras y costosas. Cont\u00e1ctanos ahora para buscar justicia financiera tras su accidente tr\u00e1gico en el Bronx.","og_url":"https:\/\/oreskylaw.com\/es\/bronx\/abogados-de-lesiones-catastroficas\/","og_site_name":"Oresky &amp; Associates, PLLC","article_publisher":"https:\/\/www.facebook.com\/Oreskylaw\/","article_modified_time":"2026-01-30T13:06:43+00:00","og_image":[{"width":810,"height":330,"url":"https:\/\/oreskylaw.com\/wp-content\/uploads\/2026\/01\/catastrophic-injury-lawyers.png","type":"image\/png"}],"twitter_card":"summary_large_image","twitter_site":"@JacobOreskyLaw","twitter_misc":{"Tiempo de lectura":"5 minutos"},"schema":{"@context":"https:\/\/schema.org","@graph":[{"@type":"WebPage","@id":"https:\/\/oreskylaw.com\/es\/bronx\/abogados-de-lesiones-catastroficas\/","url":"https:\/\/oreskylaw.com\/es\/bronx\/abogados-de-lesiones-catastroficas\/","name":"Abogado de lesiones catastr\u00f3ficas en el Bronx - Oresky & Associates, PLLC","isPartOf":{"@id":"https:\/\/oreskylaw.com\/es\/#website"},"primaryImageOfPage":{"@id":"https:\/\/oreskylaw.com\/es\/bronx\/abogados-de-lesiones-catastroficas\/#primaryimage"},"image":{"@id":"https:\/\/oreskylaw.com\/es\/bronx\/abogados-de-lesiones-catastroficas\/#primaryimage"},"thumbnailUrl":"https:\/\/oreskylaw.com\/wp-content\/uploads\/2026\/01\/catastrophic-injury-lawyers.png","datePublished":"2025-12-08T02:21:14+00:00","dateModified":"2026-01-30T13:06:43+00:00","description":"Las lesiones catastr\u00f3ficas pueden ser abrumadoras y costosas. Cont\u00e1ctanos ahora para buscar justicia financiera tras su accidente tr\u00e1gico en el Bronx.","breadcrumb":{"@id":"https:\/\/oreskylaw.com\/es\/bronx\/abogados-de-lesiones-catastroficas\/#breadcrumb"},"inLanguage":"es","potentialAction":[{"@type":"ReadAction","target":["https:\/\/oreskylaw.com\/es\/bronx\/abogados-de-lesiones-catastroficas\/"]}]},{"@type":"ImageObject","inLanguage":"es","@id":"https:\/\/oreskylaw.com\/es\/bronx\/abogados-de-lesiones-catastroficas\/#primaryimage","url":"https:\/\/oreskylaw.com\/wp-content\/uploads\/2026\/01\/catastrophic-injury-lawyers.png","contentUrl":"https:\/\/oreskylaw.com\/wp-content\/uploads\/2026\/01\/catastrophic-injury-lawyers.png","width":810,"height":330,"caption":"person in wheelchair"},{"@type":"BreadcrumbList","@id":"https:\/\/oreskylaw.com\/es\/bronx\/abogados-de-lesiones-catastroficas\/#breadcrumb","itemListElement":[{"@type":"ListItem","position":1,"name":"Inicio","item":"https:\/\/oreskylaw.com\/es\/"},{"@type":"ListItem","position":2,"name":"Abogado de lesiones personales en el Bronx","item":"https:\/\/oreskylaw.com\/es\/bronx\/"},{"@type":"ListItem","position":3,"name":"Abogado de lesiones catastr\u00f3ficas en el Bronx"}]},{"@type":"WebSite","@id":"https:\/\/oreskylaw.com\/es\/#website","url":"https:\/\/oreskylaw.com\/es\/","name":"Oresky & Associates PLLC","description":"","publisher":{"@id":"https:\/\/oreskylaw.com\/es\/#organization"},"potentialAction":[{"@type":"SearchAction","target":{"@type":"EntryPoint","urlTemplate":"https:\/\/oreskylaw.com\/es\/?s={search_term_string}"},"query-input":{"@type":"PropertyValueSpecification","valueRequired":true,"valueName":"search_term_string"}}],"inLanguage":"es"}]}},"_links":{"self":[{"href":"https:\/\/oreskylaw.com\/es\/wp-json\/wp\/v2\/pages\/17765","targetHints":{"allow":["GET"]}}],"collection":[{"href":"https:\/\/oreskylaw.com\/es\/wp-json\/wp\/v2\/pages"}],"about":[{"href":"https:\/\/oreskylaw.com\/es\/wp-json\/wp\/v2\/types\/page"}],"author":[{"embeddable":true,"href":"https:\/\/oreskylaw.com\/es\/wp-json\/wp\/v2\/users\/9"}],"replies":[{"embeddable":true,"href":"https:\/\/oreskylaw.com\/es\/wp-json\/wp\/v2\/comments?post=17765"}],"version-history":[{"count":0,"href":"https:\/\/oreskylaw.com\/es\/wp-json\/wp\/v2\/pages\/17765\/revisions"}],"up":[{"embeddable":true,"href":"https:\/\/oreskylaw.com\/es\/wp-json\/wp\/v2\/pages\/17391"}],"wp:featuredmedia":[{"embeddable":true,"href":"https:\/\/oreskylaw.com\/es\/wp-json\/wp\/v2\/media\/23862"}],"wp:attachment":[{"href":"https:\/\/oreskylaw.com\/es\/wp-json\/wp\/v2\/media?parent=17765"}],"curies":[{"name":"wp","href":"https:\/\/api.w.org\/{rel}","templated":true}]}}