{"id":17778,"date":"2025-12-08T02:21:30","date_gmt":"2025-12-08T02:21:30","guid":{"rendered":"https:\/\/oreskylaw.com\/?page_id=17778"},"modified":"2026-01-30T13:09:35","modified_gmt":"2026-01-30T13:09:35","slug":"abogados-de-lesiones-infantiles","status":"publish","type":"page","link":"https:\/\/oreskylaw.com\/es\/bronx\/abogados-de-lesiones-infantiles\/","title":{"rendered":"Abogado de Lesiones Infantiles"},"content":{"rendered":"<h2>Abogado de Lesiones Infantiles en el Bronx<\/h2>\n<p>\u00bfTu hijo sufri\u00f3 un accidente en el Bronx, New York? Un experimentado abogado de lesiones infantiles en el Bronx de\u00a0<a href=\"https:\/\/oreskylaw.com\/es\/acerca-de-nosotros\/\">Oresky &amp; Associates, LLC<\/a>, puede ayudar a tu familia a responsabilizar a las partes culpables. Podr\u00edas tener derecho a compensaci\u00f3n por facturas m\u00e9dicas, p\u00e9rdida de ingresos y el dolor y sufrimiento de tu familia.<\/p>\n<p>Nuestros abogados tienen m\u00e1s de 30 a\u00f1os de experiencia representando a v\u00edctimas de lesiones personales en New York. En ese tiempo, hemos ganado m\u00e1s de 400 millones de d\u00f3lares en acuerdos y veredictos que han cambiado la vida de nuestros clientes.<\/p>\n<p>Nunca es f\u00e1cil ver sufrir a tu hijo. Para obtener m\u00e1s informaci\u00f3n sobre tus opciones para tomar acciones legales,\u00a0<a href=\"https:\/\/oreskylaw.com\/es\/contacto\/\">contacto<\/a>\u00a0Vuestras oficinas legales en el Bronx, New York, para programar una consulta gratuita hoy al\u00a0<a href=\"tel:+19299304705\">(929) 930-4705<\/a>.<\/p>\n<h2>\u00bfC\u00f3mo puede ayudar a Oresky &amp; Associates, PLLC con una reclamaci\u00f3n por lesiones infantiles en el Bronx?<\/h2>\n<p>Los padres no siempre pueden proteger a sus hijos, sin importar cu\u00e1nto lo intenten. Mientras haces todo lo posible para mantener a tu hijo seguro y saludable, no puedes controlar los actos de otros. Sin embargo, despu\u00e9s del hecho, puedes tomar medidas para responsabilizar a la parte culpable.<\/p>\n<p>Desafortunadamente, las compa\u00f1\u00edas de seguros a menudo buscan formas de negar la responsabilidad. Incluso pueden culpar a tu hijo por haberse lastimado. Nuestros abogados de lesiones personales en el Bronx de Oresky &amp; Associates, PLLC pueden ayudar a detener estas y otras t\u00e1cticas intimidatorias.<\/p>\n<p>Nuestro abogado fundador ha sido incluido en la revista New York Magazine como uno de los \u00abAbogados L\u00edderes en Lesiones Personales de New York \u00bb. Tambi\u00e9n hemos sido reconocidos por Super Lawyers y el Foro de Defensores de Millones de D\u00f3lares M\u00faltiples.<\/p>\n<p>Nuestro equipo ofrece servicios legales integrales, que incluyen:<\/p>\n<ul>\n<li>Realizar una investigaci\u00f3n sobre las circunstancias de las lesiones de tu hijo<\/li>\n<li>Contrata a expertos y especialistas para fortalecer tu caso<\/li>\n<li>Calcular el valor de tu caso<\/li>\n<li>Negociar con las compa\u00f1\u00edas de seguros por ti<\/li>\n<\/ul>\n<p>Establecer la responsabilidad en un caso de lesiones personales no siempre es f\u00e1cil. Afortunadamente, nuestros abogados de lesiones personales en el Bronx tienen a\u00f1os de experiencia manejando reclamos complejos como el tuyo. Para obtener m\u00e1s informaci\u00f3n sobre c\u00f3mo podemos ayudar, cont\u00e1ctanos hoy para una consulta gratuita.<\/p>\n<h2>Resumen de las lesiones infantiles<\/h2>\n<p>Los ni\u00f1os deben ser protegidos por adultos. A diferencia de los adultos, los ni\u00f1os no siempre tienen la experiencia para apreciar los riesgos que encuentran.<\/p>\n<p>Por supuesto, no hay forma de proteger a cada ni\u00f1o contra el riesgo de lesiones. Lastimarse es simplemente parte de crecer. Por otro lado, a veces los ni\u00f1os sufren lesiones innecesarias debido a los actos descuidados, imprudentes o il\u00edcitos de los adultos. Si ese es el caso, esos adultos pueden ser responsabilizados por el da\u00f1o que han causado.<\/p>\n    <div class=\"cw-cta-box\">\n        <div class=\"cw-cta-box__inner \">\n            <div class=\"cw-cta-box__info\">\n                                    <div class=\"label\">\u00a1Llame ahora!<\/div>\n                            <\/div>\n                            <div class=\"contact-phone\">\n                    <a href=\"tel:7189939999\"\n                        aria-label=\"Tap to call button\">\n                        718-993-9999                    <\/a>\n                <\/div>\n                    <\/div>\n                    <a href=\"\/es\/contacto\/\"\n               class=\"cta-btn btn btn--primary btn\"\n               target=\"\">\n                Obtenga Una Consulta Gratuita            <\/a>\n            <\/div>\n    \n<h2>\u00bfC\u00f3mo puedo probar la responsabilidad si mi hijo fue lesionado en el Bronx?<\/h2>\n<p>Los fundamentos de tu caso de lesiones personales depender\u00e1n de las circunstancias del accidente y la lesi\u00f3n. La mayor\u00eda de las reclamaciones por lesiones personales se basan en negligencia.<\/p>\n<p>Para probar la responsabilidad, debes establecer:<\/p>\n<ul>\n<li>El deber de cuidado de la parte culpable<\/li>\n<li>Una violaci\u00f3n del deber<\/li>\n<li>La violaci\u00f3n caus\u00f3 las lesiones de tu hijo o permiti\u00f3 que sucedieran<\/li>\n<li>Los da\u00f1os que sufriste<\/li>\n<\/ul>\n<p>Sea cual sea la situaci\u00f3n, puedes contar con nuestros abogados de lesiones infantiles en el Bronx de Oresky &amp; Associates, PLLC para realizar una investigaci\u00f3n exhaustiva para averiguar qui\u00e9n fue el responsable.<\/p>\n<h3>Supervisi\u00f3n negligente<\/h3>\n<p>Los cuidadores son responsables de proporcionar una supervisi\u00f3n adecuada para mantener a tu hijo seguro. Los profesores, operadores de centros de cuidado diario, ni\u00f1eras e incluso conductores de autobuses escolares pueden ser responsabilizados si no supervisan a tu hijo.<\/p>\n<p>Los cuidadores tienen el deber de vigilar a tu hijo para evitar que se pierdan o participen en comportamientos peligrosos. Tambi\u00e9n pueden tener el deber de proporcionar una seguridad adecuada contra los delitos si se prev\u00e9 una actividad delictiva en el \u00e1rea.<\/p>\n<h3>Responsabilidad de Predios<\/h3>\n<p>Los ni\u00f1os a menudo se lesionan debido a condiciones inseguras en la propiedad. En New York, todos los propietarios de propiedades tienen el deber legal de mantener su propiedad en condiciones razonablemente seguras. Tambi\u00e9n pueden estar obligados a tomar precauciones especiales si los ni\u00f1os est\u00e1n presentes con frecuencia en las instalaciones.<\/p>\n<p>Este deber puede incluir:<\/p>\n<ul>\n<li>Inspeccionar regularmente las instalaciones para localizar peligros<\/li>\n<li>Proporcionar advertencias adecuadas sobre riesgos<\/li>\n<li>Corregir cualquier peligro conocido<\/li>\n<\/ul>\n<p>T\u00edpicamente, los propietarios de propiedades no tienen deber hacia los intrusos. Eso no siempre es cierto cuando los ni\u00f1os est\u00e1n involucrados. Si la propiedad tiene un \u00abpeligro atractivo\u00bb, el propietario puede ser responsable si un ni\u00f1o se lesiona por ello. Un peligro atractivo es algo peligroso que es probable que atraiga a los ni\u00f1os a la propiedad.<\/p>\n<h3>Responsabilidad del producto<\/h3>\n<p>Con demasiada frecuencia, los ni\u00f1os se lesionan debido a productos peligrosos y defectuosos, incluyendo juguetes para ni\u00f1os y asientos de autom\u00f3vil. Los fabricantes de productos tienen el deber de asegurarse de que los productos que venden sean razonablemente seguros. Los productos que probablemente sean utilizados por ni\u00f1os deben ser seguros para ellos.<\/p>\n<p>Las empresas que venden productos peligrosos pueden ser responsables si esos productos sufren defectos de dise\u00f1o, fabricaci\u00f3n o marketing.<\/p>\n<h2>Tipos de lesiones infantiles<\/h2>\n<p>Algunos de los tipos m\u00e1s comunes de casos de lesiones infantiles que manejamos incluyen:<\/p>\n<div class=\"row\">\n<ul class=\"col-xl-6\">\n<li><a href=\"https:\/\/oreskylaw.com\/es\/lesion\/abogados-de-lesiones-huesos-rotos\/\">Huesos ra\u00edces<\/a><\/li>\n<li>Conmociones y otras\u00a0<a href=\"https:\/\/oreskylaw.com\/es\/lesion\/abogados-de-lesiones-cerebrales\/\">traumatismo craneoencef\u00e1lico<\/a><\/li>\n<li>Da\u00f1o a tejidos blandos<\/li>\n<li>Lesiones faciales<\/li>\n<li><a href=\"https:\/\/oreskylaw.com\/es\/lesion\/abogados-de-lesiones-por-quemaduras\/\">Quemaduras<\/a><\/li>\n<li>Lesiones por aplastamiento<\/li>\n<\/ul>\n<ul class=\"col-xl-6\">\n<li><a href=\"https:\/\/oreskylaw.com\/es\/lesion\/abogados-de-lesiones-de-la-medula-espinal\/\">Heridas de m\u00e9dula espinal<\/a><\/li>\n<li>Heridas de cabeza y cuello<\/li>\n<li>Da\u00f1o a los \u00f3rganos<\/li>\n<li><a href=\"https:\/\/oreskylaw.com\/es\/lesion\/abogados-de-lesiones-por-amputacion\/\">Amputaciones<\/a><\/li>\n<li>Par\u00e1lisis<\/li>\n<li><a href=\"https:\/\/oreskylaw.com\/es\/bronx\/abogados-de-lesiones-catastroficas\/\">Lesiones catastr\u00f3ficas<\/a><\/li>\n<\/ul>\n<\/div>\n<p>Lamentablemente, algunos accidentes que involucran a ni\u00f1os son fatales. Si perdiste a tu hijo en un tr\u00e1gico accidente, no dudes en contactar a nuestra firma legal para obtener ayuda. Haremos todo lo posible para ayudar a recuperar una compensaci\u00f3n justa por muerte injusta.<\/p>\n<h2>\u00bfQu\u00e9 tan comunes son las lesiones infantiles?<\/h2>\n<p>Los CDC han realizado extensas investigaciones sobre las lesiones infantiles. Seg\u00fan datos del CDC, unos 12.175 ni\u00f1os mueren por lesiones accidentales no intencionales en los Estados Unidos cada a\u00f1o. Alrededor de 9.2 millones de ni\u00f1os visitan la sala de emergencias con lesiones cada a\u00f1o.<\/p>\n<p>Desafortunadamente, muchas reclamaciones por lesiones infantiles provienen de actividades dise\u00f1adas para ser divertidas para los ni\u00f1os. Por ejemplo, las investigaciones muestran que m\u00e1s de 200.000 ni\u00f1os visitan la sala de emergencias con lesiones en el parque de juegos cada a\u00f1o. Cada a\u00f1o, alrededor de 3.960 ni\u00f1os mueren en accidentes por ahogamiento en los EE. UU.<\/p>\n<h2>\u00bfCu\u00e1les son las consecuencias a Largo Plazo de las Lesiones Infantiles?<\/h2>\n<p><img loading=\"lazy\" decoding=\"async\" class=\"size-full wp-image-11720 alignright\" src=\"https:\/\/oreskylaw.com\/wp-content\/uploads\/2026\/01\/Help-With-a-Queens-Child-Injury-Claim.webp\" alt=\"bronx child injury lawyer\" width=\"300\" height=\"200\" \/>Los costos a largo plazo de una lesi\u00f3n infantil pueden ser extensos. Las lesiones a ni\u00f1os pueden afectarlos f\u00edsica y psicol\u00f3gicamente.<\/p>\n<p>Dependiendo de la situaci\u00f3n, tu hijo podr\u00eda sufrir:<\/p>\n<ul>\n<li>Discapacidades f\u00edsicas a largo plazo o p\u00e9rdida de movilidad<\/li>\n<li>Trastornos del aprendizaje y el desarrollo<\/li>\n<li>Deterioro cognitivo<\/li>\n<li>Necesidad de educaci\u00f3n especializada a largo plazo o cuidado<\/li>\n<li>Trastorno de estr\u00e9s postraum\u00e1tico<\/li>\n<li>Ansiedad<\/li>\n<li>Perder la capacidad de disfrutar actividades normales de la infancia<\/li>\n<\/ul>\n<p>Nuestros abogados trabajar\u00e1n en estrecha colaboraci\u00f3n con tu familia, m\u00e9dicos y otros expertos para evaluar c\u00f3mo es probable que las lesiones de tu hijo afecten su futuro. Con esa informaci\u00f3n, tendremos las herramientas que necesitamos para exigir la compensaci\u00f3n justa que mereces.<\/p>\n","protected":false},"excerpt":{"rendered":"<p>Abogado de Lesiones Infantiles en el Bronx \u00bfTu hijo sufri\u00f3 un accidente en el Bronx, New York? Un experimentado abogado de lesiones infantiles en el Bronx de\u00a0Oresky &amp; Associates, LLC, puede ayudar a tu familia a responsabilizar a las partes culpables. Podr\u00edas tener derecho a compensaci\u00f3n por facturas m\u00e9dicas, p\u00e9rdida de ingresos y el dolor [&hellip;]<\/p>\n","protected":false},"author":9,"featured_media":23870,"parent":17391,"menu_order":35,"comment_status":"closed","ping_status":"closed","template":"practice-area.php","meta":{"_acf_changed":false,"footnotes":""},"class_list":["post-17778","page","type-page","status-publish","has-post-thumbnail","hentry"],"acf":[],"yoast_head":"<!-- This site is optimized with the Yoast SEO plugin v27.3 - https:\/\/yoast.com\/product\/yoast-seo-wordpress\/ -->\n<title>Abogado de Lesiones Infantiles en el Bronx - Oresky &amp; Associates, PLLC<\/title>\n<meta name=\"description\" content=\"Si su hijo sufri\u00f3 una lesi\u00f3n en el Bronx, nuestro abogado de lesiones personales en Oresky &amp; Associates, PLLC puede ayudarles a obtener compensaci\u00f3n. Ll\u00e1menos hoy.\" \/>\n<meta name=\"robots\" content=\"index, follow, max-snippet:-1, max-image-preview:large, max-video-preview:-1\" \/>\n<link rel=\"canonical\" href=\"https:\/\/oreskylaw.com\/es\/bronx\/abogados-de-lesiones-infantiles\/\" \/>\n<meta property=\"og:locale\" content=\"es_ES\" \/>\n<meta property=\"og:type\" content=\"article\" \/>\n<meta property=\"og:title\" content=\"Abogado de Lesiones Infantiles en el Bronx - Oresky &amp; Associates, PLLC\" \/>\n<meta property=\"og:description\" content=\"Si su hijo sufri\u00f3 una lesi\u00f3n en el Bronx, nuestro abogado de lesiones personales en Oresky &amp; Associates, PLLC puede ayudarles a obtener compensaci\u00f3n. Ll\u00e1menos hoy.\" \/>\n<meta property=\"og:url\" content=\"https:\/\/oreskylaw.com\/es\/bronx\/abogados-de-lesiones-infantiles\/\" \/>\n<meta property=\"og:site_name\" content=\"Oresky &amp; Associates, PLLC\" \/>\n<meta property=\"article:publisher\" content=\"https:\/\/www.facebook.com\/Oreskylaw\/\" \/>\n<meta property=\"article:modified_time\" content=\"2026-01-30T13:09:35+00:00\" \/>\n<meta property=\"og:image\" content=\"https:\/\/oreskylaw.com\/wp-content\/uploads\/2026\/01\/child-injury-lawyers.png\" \/>\n\t<meta property=\"og:image:width\" content=\"810\" \/>\n\t<meta property=\"og:image:height\" content=\"330\" \/>\n\t<meta property=\"og:image:type\" content=\"image\/png\" \/>\n<meta name=\"twitter:card\" content=\"summary_large_image\" \/>\n<meta name=\"twitter:site\" content=\"@JacobOreskyLaw\" \/>\n<meta name=\"twitter:label1\" content=\"Tiempo de lectura\" \/>\n\t<meta name=\"twitter:data1\" content=\"6 minutos\" \/>\n<!-- \/ Yoast SEO plugin. -->","yoast_head_json":{"title":"Abogado de Lesiones Infantiles en el Bronx - Oresky & Associates, PLLC","description":"Si su hijo sufri\u00f3 una lesi\u00f3n en el Bronx, nuestro abogado de lesiones personales en Oresky & Associates, PLLC puede ayudarles a obtener compensaci\u00f3n. Ll\u00e1menos hoy.","robots":{"index":"index","follow":"follow","max-snippet":"max-snippet:-1","max-image-preview":"max-image-preview:large","max-video-preview":"max-video-preview:-1"},"canonical":"https:\/\/oreskylaw.com\/es\/bronx\/abogados-de-lesiones-infantiles\/","og_locale":"es_ES","og_type":"article","og_title":"Abogado de Lesiones Infantiles en el Bronx - Oresky & Associates, PLLC","og_description":"Si su hijo sufri\u00f3 una lesi\u00f3n en el Bronx, nuestro abogado de lesiones personales en Oresky & Associates, PLLC puede ayudarles a obtener compensaci\u00f3n. Ll\u00e1menos hoy.","og_url":"https:\/\/oreskylaw.com\/es\/bronx\/abogados-de-lesiones-infantiles\/","og_site_name":"Oresky &amp; Associates, PLLC","article_publisher":"https:\/\/www.facebook.com\/Oreskylaw\/","article_modified_time":"2026-01-30T13:09:35+00:00","og_image":[{"width":810,"height":330,"url":"https:\/\/oreskylaw.com\/wp-content\/uploads\/2026\/01\/child-injury-lawyers.png","type":"image\/png"}],"twitter_card":"summary_large_image","twitter_site":"@JacobOreskyLaw","twitter_misc":{"Tiempo de lectura":"6 minutos"},"schema":{"@context":"https:\/\/schema.org","@graph":[{"@type":"WebPage","@id":"https:\/\/oreskylaw.com\/es\/bronx\/abogados-de-lesiones-infantiles\/","url":"https:\/\/oreskylaw.com\/es\/bronx\/abogados-de-lesiones-infantiles\/","name":"Abogado de Lesiones Infantiles en el Bronx - Oresky & Associates, PLLC","isPartOf":{"@id":"https:\/\/oreskylaw.com\/es\/#website"},"primaryImageOfPage":{"@id":"https:\/\/oreskylaw.com\/es\/bronx\/abogados-de-lesiones-infantiles\/#primaryimage"},"image":{"@id":"https:\/\/oreskylaw.com\/es\/bronx\/abogados-de-lesiones-infantiles\/#primaryimage"},"thumbnailUrl":"https:\/\/oreskylaw.com\/wp-content\/uploads\/2026\/01\/child-injury-lawyers.png","datePublished":"2025-12-08T02:21:30+00:00","dateModified":"2026-01-30T13:09:35+00:00","description":"Si su hijo sufri\u00f3 una lesi\u00f3n en el Bronx, nuestro abogado de lesiones personales en Oresky & Associates, PLLC puede ayudarles a obtener compensaci\u00f3n. Ll\u00e1menos hoy.","breadcrumb":{"@id":"https:\/\/oreskylaw.com\/es\/bronx\/abogados-de-lesiones-infantiles\/#breadcrumb"},"inLanguage":"es","potentialAction":[{"@type":"ReadAction","target":["https:\/\/oreskylaw.com\/es\/bronx\/abogados-de-lesiones-infantiles\/"]}]},{"@type":"ImageObject","inLanguage":"es","@id":"https:\/\/oreskylaw.com\/es\/bronx\/abogados-de-lesiones-infantiles\/#primaryimage","url":"https:\/\/oreskylaw.com\/wp-content\/uploads\/2026\/01\/child-injury-lawyers.png","contentUrl":"https:\/\/oreskylaw.com\/wp-content\/uploads\/2026\/01\/child-injury-lawyers.png","width":810,"height":330,"caption":"injured child"},{"@type":"BreadcrumbList","@id":"https:\/\/oreskylaw.com\/es\/bronx\/abogados-de-lesiones-infantiles\/#breadcrumb","itemListElement":[{"@type":"ListItem","position":1,"name":"Inicio","item":"https:\/\/oreskylaw.com\/es\/"},{"@type":"ListItem","position":2,"name":"Abogado de lesiones personales en el Bronx","item":"https:\/\/oreskylaw.com\/es\/bronx\/"},{"@type":"ListItem","position":3,"name":"Abogado de Lesiones Infantiles"}]},{"@type":"WebSite","@id":"https:\/\/oreskylaw.com\/es\/#website","url":"https:\/\/oreskylaw.com\/es\/","name":"Oresky & Associates PLLC","description":"","publisher":{"@id":"https:\/\/oreskylaw.com\/es\/#organization"},"potentialAction":[{"@type":"SearchAction","target":{"@type":"EntryPoint","urlTemplate":"https:\/\/oreskylaw.com\/es\/?s={search_term_string}"},"query-input":{"@type":"PropertyValueSpecification","valueRequired":true,"valueName":"search_term_string"}}],"inLanguage":"es"}]}},"_links":{"self":[{"href":"https:\/\/oreskylaw.com\/es\/wp-json\/wp\/v2\/pages\/17778","targetHints":{"allow":["GET"]}}],"collection":[{"href":"https:\/\/oreskylaw.com\/es\/wp-json\/wp\/v2\/pages"}],"about":[{"href":"https:\/\/oreskylaw.com\/es\/wp-json\/wp\/v2\/types\/page"}],"author":[{"embeddable":true,"href":"https:\/\/oreskylaw.com\/es\/wp-json\/wp\/v2\/users\/9"}],"replies":[{"embeddable":true,"href":"https:\/\/oreskylaw.com\/es\/wp-json\/wp\/v2\/comments?post=17778"}],"version-history":[{"count":0,"href":"https:\/\/oreskylaw.com\/es\/wp-json\/wp\/v2\/pages\/17778\/revisions"}],"up":[{"embeddable":true,"href":"https:\/\/oreskylaw.com\/es\/wp-json\/wp\/v2\/pages\/17391"}],"wp:featuredmedia":[{"embeddable":true,"href":"https:\/\/oreskylaw.com\/es\/wp-json\/wp\/v2\/media\/23870"}],"wp:attachment":[{"href":"https:\/\/oreskylaw.com\/es\/wp-json\/wp\/v2\/media?parent=17778"}],"curies":[{"name":"wp","href":"https:\/\/api.w.org\/{rel}","templated":true}]}}