{"id":17789,"date":"2025-12-08T02:21:51","date_gmt":"2025-12-08T02:21:51","guid":{"rendered":"https:\/\/oreskylaw.com\/?page_id=17789"},"modified":"2026-01-30T13:10:56","modified_gmt":"2026-01-30T13:10:56","slug":"abogados-de-accidentes-por-caidas-en-la-construccion","status":"publish","type":"page","link":"https:\/\/oreskylaw.com\/es\/bronx\/abogados-de-accidentes-por-caidas-en-la-construccion\/","title":{"rendered":"Accidentes De Construcci\u00f3n Causados Por Caidas Y Resbalones"},"content":{"rendered":"<p>La Ley de New York protege los trabajadores de la construcci\u00f3n en una amplia rama de la construcci\u00f3n y de las actividades relacionadas con la creaci\u00f3n de edificios, como la pintura, pointing, la reparaci\u00f3n, la renovaci\u00f3n de un edificio y de eliminaci\u00f3n de amianto, demolici\u00f3n, lavado de las ventanas, o la limpieza.<\/p>\n<p>Tropezones, resbalones, ca\u00eddas de andamios y escaleras son algunas de las causas principales de heridas y muertes en los trabajos de construcci\u00f3n.<\/p>\n<p><img loading=\"lazy\" decoding=\"async\" class=\"size-full wp-image-11734 alignleft\" src=\"https:\/\/oreskylaw.com\/wp-content\/uploads\/2026\/01\/Schedule-a-Free-Consultation-With-Our-Bronx-Crane-Accident-Attorneys.webp\" alt=\"How Our Bronx Construction Accident Lawyers Help You After a Fall at a Construction Site\" width=\"300\" height=\"200\" \/>Los trabajadores caminan sobre superficies con agujeros y aberturas que son peligrosas. Tambi\u00e9n utilizan escaleras y andamios que no est\u00e1n bien aseguradas.<\/p>\n<p>Puede llamar a\u00a0<strong>Oresky &amp; Associates, PLLC<\/strong>\u00a0las 24 horas al d\u00eda 7 d\u00edas de la semana para una consulta gratis. No cobramos honorarios legales a menos que ganemos el caso para usted. Incluso lo podemos visitar en su casa o en un hospital.<\/p>\n<p>Las ca\u00eddas y resbalones se pueden dar por:<\/p>\n<ul>\n<li>Desplomes de techo<\/li>\n<li>Ca\u00eddas de los ejes o aberturas de ascensores<\/li>\n<li>Ca\u00eddas en aberturas en el piso<\/li>\n<li>Colapso de paredes o materiales<\/li>\n<li>Falta de equipo de seguridad<\/li>\n<li>Falta de mantener un lugar de trabajo limpio para evitar un tropez\u00f3n o resbal\u00f3n con restos<\/li>\n<li>Ca\u00eddas de andamios que son inestables y no est\u00e1n bien asegurados<\/li>\n<li>Colapso de gr\u00faas<\/li>\n<li>Accidentes de veh\u00edculos o camiones en el lugar de la construcci\u00f3n<\/li>\n<\/ul>\n<p>En los lugares y edificios bajo construcci\u00f3n todos los d\u00edas son un riesgo potencial. Los trabajos y las condiciones cambian diariamente y por lo tanto deben de tener mucho cuidado todo el tiempo. Estos riesgos se pueden evitar con lo siguiente:<\/p>\n<ul>\n<li>Utilizando dispositivos y equipo de protecci\u00f3n<\/li>\n<li>Cubriendo aberturas o agujeros en el piso<\/li>\n<li>Revisando las plataformas de los andamios y construyendo andamios bien asegurados<\/li>\n<li>Utilizando pasamanos de seguridad en los sitios abiertos<\/li>\n<li>Utilizando escaleras port\u00e1tiles que est\u00e1n en buena condici\u00f3n y segura<\/li>\n<li>No ponerle m\u00e1s peso a las escaleras de lo que puede soportar<\/li>\n<\/ul>\n<p>Los andamios y plataformas elevadas son utilizada a menudo en lugares bajo construcci\u00f3n. Si los andamios o las plataformas est\u00e1n inestables los trabajadores corren el riesgo de un accidente o incluso la muerte. Estos peligros se pueden evitar con lo siguiente:<\/p>\n<ul>\n<li>Construyendo los andamios y plataformas seg\u00fan las instrucciones<\/li>\n<li>Revisando los andamios y plataformas para ver que est\u00e1n estables y bien asegurados<\/li>\n<li>Instalando pasamanos alrededor de los sitios abiertos y los andamios para que los trabajadores se puedan aguantar al caminar<\/li>\n<\/ul>\n<p>Los resbalones y tropezones en el lugar de trabajo tambi\u00e9n son com\u00fan y se pueden evitar. Otras formas de evitar este tipo de accidente en el trabajo son:<\/p>\n<ul>\n<li>Mantener el lugar de trabajo limpio para evitar un resbal\u00f3n o una p\u00e9rdida de equilibrio que le pueda causar un accidente<\/li>\n<li>Utilizando botas antideslizantes<\/li>\n<li>Revisando el sitio de trabajo antes de comenzar para identificar cualquier riesgo potencial<\/li>\n<\/ul>\n<h2>Abogados de Accidentes de Construcci\u00f3n en New York<\/h2>\n<p><strong><img loading=\"lazy\" decoding=\"async\" class=\"size-full wp-image-11737 alignleft\" src=\"https:\/\/oreskylaw.com\/wp-content\/uploads\/2026\/01\/After-a-Scaffolding-Accident-in-the-Bronx-New-York.webp\" alt=\"Falls on Construction Sites in the Bronx \" width=\"300\" height=\"169\" \/>Oresky &amp; Associates, PLLC<\/strong> es bien conocida por la exitosa representaci\u00f3n de v\u00edctimas de los accidentes de construcci\u00f3n. Hemos ganado numerosos veredictos y asentamientos multimillonarios para los trabajadores de la construcci\u00f3n.<\/p>\n<p><strong>Oresky &amp; Associates, PLLC<\/strong> fue reconocido durante el 2010, 2011, 2012, 2013 y 2014 en el New York Law Journal y en el \u201cVeredictos y Acuerdos\u201d de New York Magazine por tener algunos de los veredictos y asentamientos m\u00e1s altos en el Estado de New York.<\/p>\n<h3>Resultados de Casos*<\/h3>\n<ul>\n<li><strong>$18.334.226\u00a0<\/strong>** Millones concedido a un carpintero ilegal que se cay\u00f3 de un andamio<\/li>\n<li><strong>$6.6 Millones<\/strong>\u00a0concedido a un trabajador de la construcci\u00f3n ilegal que se cay\u00f3 de un andamio y sufri\u00f3 lesiones graves<\/li>\n<li><strong>$6 Millones\u00a0<\/strong>concedido a un trabajador de la construcci\u00f3n que se cay\u00f3 de una escalera cuando instalaba una ventana<\/li>\n<li><strong>$6 Millones<\/strong>\u00a0concedido a un trabajador de la construcci\u00f3n que cay\u00f3 de una escalera y sufri\u00f3 lesiones graves<\/li>\n<li><strong>$5.6 Millones<\/strong>\u00a0concedido a un trabajador de la construcci\u00f3n golpeado por la ca\u00edda de objetos en el sitio de construcci\u00f3n<\/li>\n<li><strong>$4.5 Millones\u00a0<\/strong>concedido a un trabajador de la construcci\u00f3n herido por una ca\u00edda de un andamio.<\/li>\n<li><strong>$4.4 Millones<\/strong>\u00a0concedido a un trabajador de la construcci\u00f3n que se cay\u00f3 por una abertura que no estaba asegurada en un edificio bajo construcci\u00f3n<\/li>\n<li><strong>$4 Millones<\/strong>\u00a0concedido a un pintor que se cay\u00f3 por una vitrina en una tienda bajo renovaci\u00f3n<\/li>\n<li><strong>$4 Millones\u00a0<\/strong>concedido a un trabajador de la construcci\u00f3n que fue golpeado por un muro de concreto que no estaba bien asegurado<\/li>\n<li><strong>$3.9 Millones<\/strong>\u00a0concedido a un trabajador de la construcci\u00f3n que se cay\u00f3 de una escalera que se volc\u00f3<\/li>\n<li><strong>$3.25 Millones<\/strong>\u00a0concedido a un trabajador pega cintas que cay\u00f3 de andamio estilo Baker\u2019s por la falta de barandilla<\/li>\n<li><strong>$3 Millones<\/strong>\u00a0concedido a un alba\u00f1il que fue soplado de un andamio por una r\u00e1faga de viento<\/li>\n<li><strong>$3 Millones\u00a0<\/strong>concedido a la familia de un trabajador de la construcci\u00f3n que muri\u00f3 cuando la maquina que el operaba se cay\u00f3 del lado del edificio<\/li>\n<li><strong>$3 Millones<\/strong>\u00a0concedido a trabajador de la construcci\u00f3n que se cay\u00f3 cuando un andamio se derrumbo<\/li>\n<li><strong>$2.65 Millones\u00a0<\/strong>concedido a un trabajador de la construcci\u00f3n herido por la ca\u00edda de un bloque de concreto<\/li>\n<li><strong>$2.6 Millones<\/strong>\u00a0concedido a la familia de un trabajador de la construcci\u00f3n que se cay\u00f3 de una escalera sufriendo graves heridas<\/li>\n<li><strong>$2.45 Millones<\/strong>\u00a0concedido a un trabajador de la construcci\u00f3n golpeado por materiales que cayeron de una gr\u00faa<\/li>\n<li><strong>$2.2 Millones<\/strong>\u00a0concedido a la familia de un trabajador de la construcci\u00f3n que muri\u00f3 como resultado de una ca\u00edda de un andamio<\/li>\n<li><strong>$1.95 Millones<\/strong>\u00a0concedido a un trabajador de la construcci\u00f3n que se cay\u00f3 cuando se rompi\u00f3 el tabl\u00f3n del andamio<\/li>\n<li><strong>$1.9 Millones\u00a0<\/strong>concedido a un pega cintas que se cay\u00f3 de un andamio cuando constru\u00edan un nuevo edificio<\/li>\n<li><strong>$1.8 Millones<\/strong>\u00a0concedido a un trabajador de la construcci\u00f3n que se cay\u00f3 cuando la plataforma donde caminaba de desplomo<\/li>\n<li><strong>$1.6 Millones\u00a0<\/strong>concedido a trabajador que se cay\u00f3 de una escalera cuando cargaba una bolsa de cemento sufriendo graves heridas<\/li>\n<li><strong>$1.5 Millones\u00a0<\/strong>concedido a un trabajador que se cay\u00f3 por un tragaluz y sufri\u00f3 graves heridas<\/li>\n<li><strong>$1 Mill\u00f3n<\/strong>\u00a0concedido a un trabajador de la construcci\u00f3n quien sufri\u00f3 lesiones en los ojos debido a la falta de gafas de seguridad<\/li>\n<li><strong>$950.000<\/strong>\u00a0concedido a un trabajador que se cay\u00f3 de un lado de un edificio y sufri\u00f3 graves heridas<\/li>\n<li><strong>$850.000<\/strong>\u00a0concedido a un trabajador de la construcci\u00f3n que se cay\u00f3 del eje de un ascensor<\/li>\n<li><strong>$800.000\u00a0<\/strong>concedido a un trabajador de la construcci\u00f3n herido por no tener equipo adecuado en el trabajo por falta del propietario<\/li>\n<\/ul>\n    <div class=\"cw-cta-box\">\n        <div class=\"cw-cta-box__inner \">\n            <div class=\"cw-cta-box__info\">\n                                    <div class=\"label\">\u00a1Llame ahora!<\/div>\n                            <\/div>\n                            <div class=\"contact-phone\">\n                    <a href=\"tel:7189939999\"\n                        aria-label=\"Tap to call button\">\n                        718-993-9999                    <\/a>\n                <\/div>\n                    <\/div>\n                    <a href=\"\/es\/contacto\/\"\n               class=\"cta-btn btn btn--primary btn\"\n               target=\"\">\n                Obtenga Una Consulta Gratuita            <\/a>\n            <\/div>\n    \n<h2>Comun\u00edquese con Nuestros Abogados de Accidentes de Construcci\u00f3n en Bronx, NY<\/h2>\n<p>Si necesita asistencia legal,\u00a0<a href=\"https:\/\/oreskylaw.com\/es\/contacto\/\">contacte<\/a> a los abogados de accidentes de construcci\u00f3n del Bronx en <a href=\"https:\/\/oreskylaw.com\/es\/acerca-de-nosotros\/\">Oresky &amp; Associates, PLLC<\/a>\u00a0en su ubicaci\u00f3n m\u00e1s cercana para programar una consulta gratuita. Ll\u00e1menos las 24 horas 7 d\u00edas de la semana para ver como nosotros lo podemos ayudar con su caso de Accidente de Construccion. Si es indocumentado no importa. No cobramos si no ganamos.<\/p>\n<p>Servimos a la Ciudad de New York y sus alrededores incluyendo Bronx, Queens, Manhattan, Brooklyn, Staten Island, Westchester, y Long Island.<\/p>\n","protected":false},"excerpt":{"rendered":"<p>La Ley de New York protege los trabajadores de la construcci\u00f3n en una amplia rama de la construcci\u00f3n y de las actividades relacionadas con la creaci\u00f3n de edificios, como la pintura, pointing, la reparaci\u00f3n, la renovaci\u00f3n de un edificio y de eliminaci\u00f3n de amianto, demolici\u00f3n, lavado de las ventanas, o la limpieza. Tropezones, resbalones, ca\u00eddas [&hellip;]<\/p>\n","protected":false},"author":9,"featured_media":24017,"parent":17391,"menu_order":37,"comment_status":"closed","ping_status":"closed","template":"","meta":{"_acf_changed":false,"footnotes":""},"class_list":["post-17789","page","type-page","status-publish","has-post-thumbnail","hentry"],"acf":[],"yoast_head":"<!-- This site is optimized with the Yoast SEO plugin v27.3 - https:\/\/yoast.com\/product\/yoast-seo-wordpress\/ -->\n<title>Abogado de Accidentes por ca\u00eddas y resbalones en construcci\u00f3n, Bronx - Oresky &amp; Associates, PLLC<\/title>\n<meta name=\"description\" content=\"\u00bfSufri\u00f3 una lesi\u00f3n por una ca\u00edda en una obra de construcci\u00f3n? Nuestros abogados en el Bronx pueden ayudarle a luchar por sus derechos. \u00a1Ll\u00e1menos hoy!\" \/>\n<meta name=\"robots\" content=\"index, follow, max-snippet:-1, max-image-preview:large, max-video-preview:-1\" \/>\n<link rel=\"canonical\" href=\"https:\/\/oreskylaw.com\/es\/bronx\/abogados-de-accidentes-por-caidas-en-la-construccion\/\" \/>\n<meta property=\"og:locale\" content=\"es_ES\" \/>\n<meta property=\"og:type\" content=\"article\" \/>\n<meta property=\"og:title\" content=\"Abogado de Accidentes por ca\u00eddas y resbalones en construcci\u00f3n, Bronx - Oresky &amp; Associates, PLLC\" \/>\n<meta property=\"og:description\" content=\"\u00bfSufri\u00f3 una lesi\u00f3n por una ca\u00edda en una obra de construcci\u00f3n? Nuestros abogados en el Bronx pueden ayudarle a luchar por sus derechos. \u00a1Ll\u00e1menos hoy!\" \/>\n<meta property=\"og:url\" content=\"https:\/\/oreskylaw.com\/es\/bronx\/abogados-de-accidentes-por-caidas-en-la-construccion\/\" \/>\n<meta property=\"og:site_name\" content=\"Oresky &amp; Associates, PLLC\" \/>\n<meta property=\"article:publisher\" content=\"https:\/\/www.facebook.com\/Oreskylaw\/\" \/>\n<meta property=\"article:modified_time\" content=\"2026-01-30T13:10:56+00:00\" \/>\n<meta property=\"og:image\" content=\"https:\/\/oreskylaw.com\/wp-content\/uploads\/2026\/01\/construction-falls-accident-lawyers.png\" \/>\n\t<meta property=\"og:image:width\" content=\"810\" \/>\n\t<meta property=\"og:image:height\" content=\"330\" \/>\n\t<meta property=\"og:image:type\" content=\"image\/png\" \/>\n<meta name=\"twitter:card\" content=\"summary_large_image\" \/>\n<meta name=\"twitter:site\" content=\"@JacobOreskyLaw\" \/>\n<meta name=\"twitter:label1\" content=\"Tiempo de lectura\" \/>\n\t<meta name=\"twitter:data1\" content=\"6 minutos\" \/>\n<!-- \/ Yoast SEO plugin. -->","yoast_head_json":{"title":"Abogado de Accidentes por ca\u00eddas y resbalones en construcci\u00f3n, Bronx - Oresky & Associates, PLLC","description":"\u00bfSufri\u00f3 una lesi\u00f3n por una ca\u00edda en una obra de construcci\u00f3n? Nuestros abogados en el Bronx pueden ayudarle a luchar por sus derechos. \u00a1Ll\u00e1menos hoy!","robots":{"index":"index","follow":"follow","max-snippet":"max-snippet:-1","max-image-preview":"max-image-preview:large","max-video-preview":"max-video-preview:-1"},"canonical":"https:\/\/oreskylaw.com\/es\/bronx\/abogados-de-accidentes-por-caidas-en-la-construccion\/","og_locale":"es_ES","og_type":"article","og_title":"Abogado de Accidentes por ca\u00eddas y resbalones en construcci\u00f3n, Bronx - Oresky & Associates, PLLC","og_description":"\u00bfSufri\u00f3 una lesi\u00f3n por una ca\u00edda en una obra de construcci\u00f3n? Nuestros abogados en el Bronx pueden ayudarle a luchar por sus derechos. \u00a1Ll\u00e1menos hoy!","og_url":"https:\/\/oreskylaw.com\/es\/bronx\/abogados-de-accidentes-por-caidas-en-la-construccion\/","og_site_name":"Oresky &amp; Associates, PLLC","article_publisher":"https:\/\/www.facebook.com\/Oreskylaw\/","article_modified_time":"2026-01-30T13:10:56+00:00","og_image":[{"width":810,"height":330,"url":"https:\/\/oreskylaw.com\/wp-content\/uploads\/2026\/01\/construction-falls-accident-lawyers.png","type":"image\/png"}],"twitter_card":"summary_large_image","twitter_site":"@JacobOreskyLaw","twitter_misc":{"Tiempo de lectura":"6 minutos"},"schema":{"@context":"https:\/\/schema.org","@graph":[{"@type":"WebPage","@id":"https:\/\/oreskylaw.com\/es\/bronx\/abogados-de-accidentes-por-caidas-en-la-construccion\/","url":"https:\/\/oreskylaw.com\/es\/bronx\/abogados-de-accidentes-por-caidas-en-la-construccion\/","name":"Abogado de Accidentes por ca\u00eddas y resbalones en construcci\u00f3n, Bronx - Oresky & Associates, PLLC","isPartOf":{"@id":"https:\/\/oreskylaw.com\/es\/#website"},"primaryImageOfPage":{"@id":"https:\/\/oreskylaw.com\/es\/bronx\/abogados-de-accidentes-por-caidas-en-la-construccion\/#primaryimage"},"image":{"@id":"https:\/\/oreskylaw.com\/es\/bronx\/abogados-de-accidentes-por-caidas-en-la-construccion\/#primaryimage"},"thumbnailUrl":"https:\/\/oreskylaw.com\/wp-content\/uploads\/2026\/01\/construction-falls-accident-lawyers.png","datePublished":"2025-12-08T02:21:51+00:00","dateModified":"2026-01-30T13:10:56+00:00","description":"\u00bfSufri\u00f3 una lesi\u00f3n por una ca\u00edda en una obra de construcci\u00f3n? Nuestros abogados en el Bronx pueden ayudarle a luchar por sus derechos. \u00a1Ll\u00e1menos hoy!","breadcrumb":{"@id":"https:\/\/oreskylaw.com\/es\/bronx\/abogados-de-accidentes-por-caidas-en-la-construccion\/#breadcrumb"},"inLanguage":"es","potentialAction":[{"@type":"ReadAction","target":["https:\/\/oreskylaw.com\/es\/bronx\/abogados-de-accidentes-por-caidas-en-la-construccion\/"]}]},{"@type":"ImageObject","inLanguage":"es","@id":"https:\/\/oreskylaw.com\/es\/bronx\/abogados-de-accidentes-por-caidas-en-la-construccion\/#primaryimage","url":"https:\/\/oreskylaw.com\/wp-content\/uploads\/2026\/01\/construction-falls-accident-lawyers.png","contentUrl":"https:\/\/oreskylaw.com\/wp-content\/uploads\/2026\/01\/construction-falls-accident-lawyers.png","width":810,"height":330,"caption":"construction fall"},{"@type":"BreadcrumbList","@id":"https:\/\/oreskylaw.com\/es\/bronx\/abogados-de-accidentes-por-caidas-en-la-construccion\/#breadcrumb","itemListElement":[{"@type":"ListItem","position":1,"name":"Inicio","item":"https:\/\/oreskylaw.com\/es\/"},{"@type":"ListItem","position":2,"name":"Abogado de lesiones personales en el Bronx","item":"https:\/\/oreskylaw.com\/es\/bronx\/"},{"@type":"ListItem","position":3,"name":"Accidentes De Construcci\u00f3n Causados Por Caidas Y Resbalones"}]},{"@type":"WebSite","@id":"https:\/\/oreskylaw.com\/es\/#website","url":"https:\/\/oreskylaw.com\/es\/","name":"Oresky & Associates PLLC","description":"","publisher":{"@id":"https:\/\/oreskylaw.com\/es\/#organization"},"potentialAction":[{"@type":"SearchAction","target":{"@type":"EntryPoint","urlTemplate":"https:\/\/oreskylaw.com\/es\/?s={search_term_string}"},"query-input":{"@type":"PropertyValueSpecification","valueRequired":true,"valueName":"search_term_string"}}],"inLanguage":"es"}]}},"_links":{"self":[{"href":"https:\/\/oreskylaw.com\/es\/wp-json\/wp\/v2\/pages\/17789","targetHints":{"allow":["GET"]}}],"collection":[{"href":"https:\/\/oreskylaw.com\/es\/wp-json\/wp\/v2\/pages"}],"about":[{"href":"https:\/\/oreskylaw.com\/es\/wp-json\/wp\/v2\/types\/page"}],"author":[{"embeddable":true,"href":"https:\/\/oreskylaw.com\/es\/wp-json\/wp\/v2\/users\/9"}],"replies":[{"embeddable":true,"href":"https:\/\/oreskylaw.com\/es\/wp-json\/wp\/v2\/comments?post=17789"}],"version-history":[{"count":0,"href":"https:\/\/oreskylaw.com\/es\/wp-json\/wp\/v2\/pages\/17789\/revisions"}],"up":[{"embeddable":true,"href":"https:\/\/oreskylaw.com\/es\/wp-json\/wp\/v2\/pages\/17391"}],"wp:featuredmedia":[{"embeddable":true,"href":"https:\/\/oreskylaw.com\/es\/wp-json\/wp\/v2\/media\/24017"}],"wp:attachment":[{"href":"https:\/\/oreskylaw.com\/es\/wp-json\/wp\/v2\/media?parent=17789"}],"curies":[{"name":"wp","href":"https:\/\/api.w.org\/{rel}","templated":true}]}}