{"id":17800,"date":"2025-12-08T02:22:06","date_gmt":"2025-12-08T02:22:06","guid":{"rendered":"https:\/\/oreskylaw.com\/?page_id=17800"},"modified":"2026-01-30T13:13:23","modified_gmt":"2026-01-30T13:13:23","slug":"abogados-de-accidentes-de-grua","status":"publish","type":"page","link":"https:\/\/oreskylaw.com\/es\/bronx\/abogados-de-accidentes-de-grua\/","title":{"rendered":"Accidentes de gr\u00faa"},"content":{"rendered":"<h2>Accidentes de Grau en el Bronx, New York<\/h2>\n<p>Los trabajadores de la construcci\u00f3n de New York se enfrentan a una\u00a0<a href=\"https:\/\/nycosh.org\/nycosh_deadly-skyline-report_2022\/\" target=\"_blank\" rel=\"nofollow noopener noreferrer\">tasa de mortalidad mayor<\/a>\u00a0que la de cualquier otro lugar del pa\u00eds. A diferencia de otros accidentes de la construcci\u00f3n que pueden estar m\u00e1s limitados al lugar de trabajo, los accidentes de gr\u00faa pueden herir o matar a los transe\u00fantes.<\/p>\n<p>Si te has lesionado en un accidente de gr\u00faa en el Bronx, New York, podr\u00edas tener derecho a una indemnizaci\u00f3n por tratamiento m\u00e9dico y salarios perdidos, y posiblemente por dolor y sufrimiento, si no est\u00e1s limitado a las prestaciones de compensaci\u00f3n de los trabajadores.<\/p>\n<p>Los experimentados\u00a0<a href=\"https:\/\/oreskylaw.com\/es\/\">abogados de accidentes<\/a>\u00a0de la construcci\u00f3n del Bronx de\u00a0<a href=\"https:\/\/oreskylaw.com\/es\/acerca-de-nosotros\/\">Oresky &amp; Associates, LLC<\/a>\u00a0tienen m\u00e1s de tres d\u00e9cadas de experiencia ayudando a v\u00edctimas como t\u00fa a obtener el dinero que merecen despu\u00e9s de un accidente.<\/p>\n<p>Tanto si est\u00e1s navegando por el sistema de\u00a0<a href=\"https:\/\/oreskylaw.com\/es\/bronx\/abogados-de-accidentes-de-soldadura\/\">compensaci\u00f3n a los trabajadores<\/a>\u00a0como si eres elegible para presentar una reclamaci\u00f3n a terceros, trabajaremos duro para conseguir tu m\u00e1xima compensaci\u00f3n econ\u00f3mica. Llama hoy al\u00a0<a href=\"tel:+19293050949\">(929) 305-0949<\/a>\u00a0para una\u00a0<a href=\"https:\/\/oreskylaw.com\/es\/contacto\/\">evaluaci\u00f3n gratuita<\/a>\u00a0y con total confidencialidad sobre su caso.<\/p>\n<h2>C\u00f3mo Oresky &amp; Associates, PLLC puede ayudar despu\u00e9s de un accidente de gr\u00faa en el Bronx, New York<\/h2>\n<p>Los accidentes en la construcci\u00f3n suelen ser complejos y muy disputados por las grandes compa\u00f1\u00edas de seguros. Necesitas un abogado bien establecido y con experiencia que entienda el sector de la construcci\u00f3n. Por eso querr\u00e1s que nuestros premiados\u00a0<a href=\"https:\/\/oreskylaw.com\/es\/nyc\/abogados-de-accidentes-de-construccion\/\">abogados de accidentes de construcci\u00f3n<\/a>\u00a0del Bronx est\u00e9n de tu lado tras un accidente de gr\u00faa.<\/p>\n<p>Cuando nuestro equipo jur\u00eddico acepte tu caso, vamos a:<\/p>\n<ul>\n<li>Presentar y controlar tu reclamaci\u00f3n de indemnizaci\u00f3n por accidente de trabajo<\/li>\n<li>Llevar a cabo una investigaci\u00f3n independiente para determinar si puedes presentar una reclamaci\u00f3n a terceros para recuperar una indemnizaci\u00f3n adicional<\/li>\n<li>Recoger pruebas y entrevistar a los testigos<\/li>\n<li>Contratar a expertos, si es necesario, para respaldar tu reclamaci\u00f3n por da\u00f1os y perjuicios<\/li>\n<li>Representarte en todos los procedimientos administrativos y judiciales<\/li>\n<\/ul>\n<p>Nuestro historial de \u00e9xitos habla por s\u00ed mismo. A lo largo de los a\u00f1os hemos recuperado m\u00e1s de 400 millones de d\u00f3lares en acuerdos y veredictos que han cambiado la vida de nuestros clientes. Somos fervientes defensores de tu futuro. No lo dejes para otro d\u00eda. Llama hoy a nuestros abogados de accidentes de gr\u00faa del Bronx para que empecemos a luchar por ti.<\/p>\n<h2>\u00bfQu\u00e9 provocan los accidentes de gr\u00faa en el Bronx?<\/h2>\n<p>Hay dos tipos generales de gr\u00faas: las gr\u00faas torre y las gr\u00faas m\u00f3viles. Las gr\u00faas torre se mantienen en su sitio durante la construcci\u00f3n de edificios, y se ven por todas partes en la Gran Manzana. Las gr\u00faas <a href=\"https:\/\/proliftcrane.com\/infographic-benefits-of-using-a-mobile-crane-instead-of-a-tower-crane\/\" target=\"_blank\" rel=\"nofollow noopener noreferrer\">m\u00f3viles<\/a> son m\u00e1s peque\u00f1as y pueden desplazarse por la obra.<\/p>\n<p>Algunos de los accidentes de gr\u00faa m\u00e1s comunes son causados por:<\/p>\n<h3>Electrocuci\u00f3n<\/h3>\n<p>En un estudio, la causa n\u00famero uno de\u00a0<a href=\"https:\/\/oreskylaw.com\/es\/nyc\/abogados-de-muerte-por-negligencia\/\">muerte<\/a>\u00a0en accidentes de gr\u00faa fue la\u00a0<a href=\"https:\/\/www.cpwr.com\/wp-content\/uploads\/publications\/CPWR-Crane-Rept-Recmmdtns-Nov-2009-BLS-UPDATED.pdf\" target=\"_blank\" rel=\"nofollow noopener noreferrer\">electrocuci\u00f3n<\/a>\u00a0para l\u00edneas el\u00e9ctricas a\u00e9reas. Los trabajadores pueden morir cuando la pluma de la gr\u00faa o la carga entren en contacto con una l\u00ednea a\u00e9rea.<\/p>\n<h3>Accidentes por atropello<\/h3>\n<p>Los trabajadores pueden resultar heridos o morir al ser golpeados o sepultados por una carga que se desprende del aparejo. O la propia gr\u00faa puede desplazarse, volcar o derrumbarse, golpeando o aplastando a quienes se encuentren en su camino. Los trabajadores tambi\u00e9n pueden resultar heridos al ser golpeados por la pluma o el brazo de la gr\u00faa.<\/p>\n<h3>Falla del equipo<\/h3>\n<p>Un mantenimiento defectuoso puede hacer que las cuerdas o los cables se rompan o se rompan. Un montaje inadecuado puede hacer que la gr\u00faa se desplome. Un mal mantenimiento o unas piezas defectuosas pueden hacer que la gr\u00faa no pueda soportar la carga.<\/p>\n<h3>Sobrecarga o carga insoportable<\/h3>\n<p>Llevar la carga de la gr\u00faa al l\u00edmite puede hacer que la gr\u00faa se duplique bajo el peso. Una mala distribuci\u00f3n del peso puede hacer que la gr\u00faa vuelque.<\/p>\n<h3>Espacio libre de la pluma inadecuado<\/h3>\n<p>Calcula mal el espacio necesario para que la pluma de la gr\u00faa despeje los obst\u00e1culos pueda provocar un desastre. Chocar con otros edificios puede provocar la ca\u00edda de escombros. El mayor peligro es chocar con una l\u00ednea el\u00e9ctrica.<\/p>\n<h3>Funcionamiento incorrecto<\/h3>\n<p>El funcionamiento inadecuado puede incluir no seguir los protocolos de seguridad, no tener en cuenta la velocidad del viento durante el funcionamiento o no asegurar adecuadamente la carga de la gr\u00faa, entre otras cosas.<\/p>\n<h3>Ca\u00edda de escombros<\/h3>\n<p>Los accidentes de gr\u00faa pueden provocar una lluvia de\u00a0<a href=\"https:\/\/www.nbcnewyork.com\/news\/local\/strong-winds-leave-crane-dangling-at-midtown-skyscraper-4-blocks-shut-down\/2695049\/\" target=\"_blank\" rel=\"nofollow noopener noreferrer\">escombros<\/a>\u00a0sobre los trabajadores y los transe\u00fantes. Las lesiones y los da\u00f1os materiales pueden ser importantes.<\/p>\n    <div class=\"cw-cta-box\">\n        <div class=\"cw-cta-box__inner \">\n            <div class=\"cw-cta-box__info\">\n                                    <div class=\"label\">\u00a1Llame ahora!<\/div>\n                            <\/div>\n                            <div class=\"contact-phone\">\n                    <a href=\"tel:7189939999\"\n                        aria-label=\"Tap to call button\">\n                        718-993-9999                    <\/a>\n                <\/div>\n                    <\/div>\n                    <a href=\"\/es\/contacto\/\"\n               class=\"cta-btn btn btn--primary btn\"\n               target=\"\">\n                Obtenga Una Consulta Gratuita            <\/a>\n            <\/div>\n    \n<h2>\u00bfQui\u00e9n es responsable de un accidente de gr\u00faa en New York?<\/h2>\n<p>La responsabilidad puede ser complicada en un accidente de construcci\u00f3n complejo. Si te has lesionado en el trabajo, es probable que est\u00e9s cubierto por la indemnizaci\u00f3n de los trabajadores. En ese caso, la compa\u00f1\u00eda de seguros de tu empresa cubrir\u00e1 tu tratamiento m\u00e9dico y una parte de los salarios perdidos.<\/p>\n<p>Muchas v\u00edctimas de accidentes pueden presentar una reclamaci\u00f3n o demanda a terceros. Esto se debe a que en las obras de construcci\u00f3n suelen trabajar varias empresas en los proyectos. Si una parte distinta de tu empleador es responsable del accidente, puedes obtener una indemnizaci\u00f3n adicional a la que te ofrece la indemnizaci\u00f3n de los trabajadores.<\/p>\n<p>Las partes potencialmente responsables en un accidente de gr\u00faa pueden ser:<\/p>\n<div class=\"row\">\n<ul class=\"col-xl-6\">\n<li>Empresas constructoras<\/li>\n<li>Propietarios<\/li>\n<li>Proveedores o contratistas<\/li>\n<li>Organismos gubernamentales<\/li>\n<\/ul>\n<ul class=\"col-xl-6\">\n<li>Intrusos<\/li>\n<li>Fabricantes de equipos<\/li>\n<li>Empresas de mantenimiento<\/li>\n<\/ul>\n<\/div>\n<p>Averiguar qui\u00e9n es responsable de qu\u00e9 parte del accidente es fundamental para tu caso de accidente en la construcci\u00f3n. No dejamos ninguna piedra sin remover cuando realizamos nuestra investigaci\u00f3n: nos aseguramos de identificar y buscar todas las fuentes de indemnizaci\u00f3n posibles. Programa una consulta gratuita con nuestros\u00a0<a href=\"https:\/\/oreskylaw.com\/es\/bronx\/\">abogados de lesiones personales<\/a>\u00a0especializados en accidentes de gr\u00faa en el Bronx<\/p>\n<p>\u00bfTe has lesionado o has perdido a un familiar en un accidente de gr\u00faa en el Bronx, NNew York? Oresky &amp; Associates, PLLC liderar\u00e1 la lucha para conseguir la indemnizaci\u00f3n que te mereces. Desde 1992, defendemos a las v\u00edctimas lesionadas en accidentes catastr\u00f3ficos y les ayudamos a conseguir importantes indemnizaciones econ\u00f3micas.<\/p>\n<p>Llama o ponte en contacto con nosotros hoy mismo para contarnos tu caso, y te diremos c\u00f3mo podemos ayudarte. Tu consulta inicial es totalmente gratuita, as\u00ed que llama ahora.<\/p>\n\n\t\t\t\t\n\t\t\t\t\t<div itemtype=\"https:\/\/schema.org\/VideoObject\" itemscope=\"\" id=\"video_play-1575\" class=\" vid-aligncenter\" style=\"display:block\">\n\t\t\t\t\t\t<meta itemprop=\"name\" content=\"Oresky &#038; Associates, Construction Accident Lawyers\" \/>\n\t\t\t\t\t\t<meta itemprop=\"thumbnailURL\" content=\"https:\/\/i.ytimg.com\/vi\/-x7Lm41GBRM\/hqdefault.jpg\" \/>\n\t\t\t\t\t\t<meta itemprop=\"uploadDate\" content=\"8 de diciembre de 2025\">\n\t\t\t\t\t\t\t\t\t\t\t\t\t<meta itemprop=\"embedURL\" content=\"https:\/\/www.youtube.com\/watch?v=-x7Lm41GBRM\" \/>\n\t\t\t\t\t\t\t<iframe loading=\"lazy\" class=\"cw_video_single\" src=\"https:\/\/www.youtube.com\/embed\/-x7Lm41GBRM?rel=0&amp;showinfo=1&amp;autoplay=1\" allowfullscreen=\"allowfullscreen\" width=\"100%\" height=\"480px\" ><\/iframe>\n\t\t\t\t\t\t\n\t\t\t\t\t\t\n\t\t\t\t\t\t\t\t\t\t\t\t\t\t\t<meta itemprop=\"description\" content=\"Often, profits are prioritized over job site safety at the workers\u2019 expense. Construction involves heavy equipment such as cranes, hoists, scaffolds, and ladders that can be very dangerous.\" \/>\n\t\t\t\t\t\t\t\n\t\t\t\t\t\t\n\t\t\t\t\t<\/div>\n\n\t\t\t\t\n\n\n\n\t\t\t\n\t\t\t\t\n","protected":false},"excerpt":{"rendered":"<p>Accidentes de Grau en el Bronx, New York Los trabajadores de la construcci\u00f3n de New York se enfrentan a una\u00a0tasa de mortalidad mayor\u00a0que la de cualquier otro lugar del pa\u00eds. A diferencia de otros accidentes de la construcci\u00f3n que pueden estar m\u00e1s limitados al lugar de trabajo, los accidentes de gr\u00faa pueden herir o matar [&hellip;]<\/p>\n","protected":false},"author":9,"featured_media":24025,"parent":17391,"menu_order":38,"comment_status":"closed","ping_status":"closed","template":"","meta":{"_acf_changed":false,"footnotes":""},"class_list":["post-17800","page","type-page","status-publish","has-post-thumbnail","hentry"],"acf":[],"yoast_head":"<!-- This site is optimized with the Yoast SEO plugin v27.3 - https:\/\/yoast.com\/product\/yoast-seo-wordpress\/ -->\n<title>Defensor de accidentes de Gr\u00faa en el Bronx, New York - Oresky &amp; Associates, PLLC<\/title>\n<meta name=\"description\" content=\"\u00bfSufri\u00f3 un accidente de gr\u00faa en el Bronx, New York? Oresky &amp; Associates, PLLC ofrece d\u00e9cadas de experiencia y un historial de \u00e9xitos para su caso. \u00a1Ll\u00e1menos hoy!\" \/>\n<meta name=\"robots\" content=\"index, follow, max-snippet:-1, max-image-preview:large, max-video-preview:-1\" \/>\n<link rel=\"canonical\" href=\"https:\/\/oreskylaw.com\/es\/bronx\/abogados-de-accidentes-de-grua\/\" \/>\n<meta property=\"og:locale\" content=\"es_ES\" \/>\n<meta property=\"og:type\" content=\"article\" \/>\n<meta property=\"og:title\" content=\"Defensor de accidentes de Gr\u00faa en el Bronx, New York - Oresky &amp; Associates, PLLC\" \/>\n<meta property=\"og:description\" content=\"\u00bfSufri\u00f3 un accidente de gr\u00faa en el Bronx, New York? Oresky &amp; Associates, PLLC ofrece d\u00e9cadas de experiencia y un historial de \u00e9xitos para su caso. \u00a1Ll\u00e1menos hoy!\" \/>\n<meta property=\"og:url\" content=\"https:\/\/oreskylaw.com\/es\/bronx\/abogados-de-accidentes-de-grua\/\" \/>\n<meta property=\"og:site_name\" content=\"Oresky &amp; Associates, PLLC\" \/>\n<meta property=\"article:publisher\" content=\"https:\/\/www.facebook.com\/Oreskylaw\/\" \/>\n<meta property=\"article:modified_time\" content=\"2026-01-30T13:13:23+00:00\" \/>\n<meta property=\"og:image\" content=\"https:\/\/oreskylaw.com\/wp-content\/uploads\/2026\/01\/crane-accident-lawyers.png\" \/>\n\t<meta property=\"og:image:width\" content=\"810\" \/>\n\t<meta property=\"og:image:height\" content=\"330\" \/>\n\t<meta property=\"og:image:type\" content=\"image\/png\" \/>\n<meta name=\"twitter:card\" content=\"summary_large_image\" \/>\n<meta name=\"twitter:site\" content=\"@JacobOreskyLaw\" \/>\n<meta name=\"twitter:label1\" content=\"Tiempo de lectura\" \/>\n\t<meta name=\"twitter:data1\" content=\"5 minutos\" \/>\n<!-- \/ Yoast SEO plugin. -->","yoast_head_json":{"title":"Defensor de accidentes de Gr\u00faa en el Bronx, New York - Oresky & Associates, PLLC","description":"\u00bfSufri\u00f3 un accidente de gr\u00faa en el Bronx, New York? Oresky & Associates, PLLC ofrece d\u00e9cadas de experiencia y un historial de \u00e9xitos para su caso. \u00a1Ll\u00e1menos hoy!","robots":{"index":"index","follow":"follow","max-snippet":"max-snippet:-1","max-image-preview":"max-image-preview:large","max-video-preview":"max-video-preview:-1"},"canonical":"https:\/\/oreskylaw.com\/es\/bronx\/abogados-de-accidentes-de-grua\/","og_locale":"es_ES","og_type":"article","og_title":"Defensor de accidentes de Gr\u00faa en el Bronx, New York - Oresky & Associates, PLLC","og_description":"\u00bfSufri\u00f3 un accidente de gr\u00faa en el Bronx, New York? Oresky & Associates, PLLC ofrece d\u00e9cadas de experiencia y un historial de \u00e9xitos para su caso. \u00a1Ll\u00e1menos hoy!","og_url":"https:\/\/oreskylaw.com\/es\/bronx\/abogados-de-accidentes-de-grua\/","og_site_name":"Oresky &amp; Associates, PLLC","article_publisher":"https:\/\/www.facebook.com\/Oreskylaw\/","article_modified_time":"2026-01-30T13:13:23+00:00","og_image":[{"width":810,"height":330,"url":"https:\/\/oreskylaw.com\/wp-content\/uploads\/2026\/01\/crane-accident-lawyers.png","type":"image\/png"}],"twitter_card":"summary_large_image","twitter_site":"@JacobOreskyLaw","twitter_misc":{"Tiempo de lectura":"5 minutos"},"schema":{"@context":"https:\/\/schema.org","@graph":[{"@type":"WebPage","@id":"https:\/\/oreskylaw.com\/es\/bronx\/abogados-de-accidentes-de-grua\/","url":"https:\/\/oreskylaw.com\/es\/bronx\/abogados-de-accidentes-de-grua\/","name":"Defensor de accidentes de Gr\u00faa en el Bronx, New York - Oresky & Associates, PLLC","isPartOf":{"@id":"https:\/\/oreskylaw.com\/es\/#website"},"primaryImageOfPage":{"@id":"https:\/\/oreskylaw.com\/es\/bronx\/abogados-de-accidentes-de-grua\/#primaryimage"},"image":{"@id":"https:\/\/oreskylaw.com\/es\/bronx\/abogados-de-accidentes-de-grua\/#primaryimage"},"thumbnailUrl":"https:\/\/oreskylaw.com\/wp-content\/uploads\/2026\/01\/crane-accident-lawyers.png","datePublished":"2025-12-08T02:22:06+00:00","dateModified":"2026-01-30T13:13:23+00:00","description":"\u00bfSufri\u00f3 un accidente de gr\u00faa en el Bronx, New York? Oresky & Associates, PLLC ofrece d\u00e9cadas de experiencia y un historial de \u00e9xitos para su caso. \u00a1Ll\u00e1menos hoy!","breadcrumb":{"@id":"https:\/\/oreskylaw.com\/es\/bronx\/abogados-de-accidentes-de-grua\/#breadcrumb"},"inLanguage":"es","potentialAction":[{"@type":"ReadAction","target":["https:\/\/oreskylaw.com\/es\/bronx\/abogados-de-accidentes-de-grua\/"]}]},{"@type":"ImageObject","inLanguage":"es","@id":"https:\/\/oreskylaw.com\/es\/bronx\/abogados-de-accidentes-de-grua\/#primaryimage","url":"https:\/\/oreskylaw.com\/wp-content\/uploads\/2026\/01\/crane-accident-lawyers.png","contentUrl":"https:\/\/oreskylaw.com\/wp-content\/uploads\/2026\/01\/crane-accident-lawyers.png","width":810,"height":330,"caption":"crane"},{"@type":"BreadcrumbList","@id":"https:\/\/oreskylaw.com\/es\/bronx\/abogados-de-accidentes-de-grua\/#breadcrumb","itemListElement":[{"@type":"ListItem","position":1,"name":"Inicio","item":"https:\/\/oreskylaw.com\/es\/"},{"@type":"ListItem","position":2,"name":"Abogado de lesiones personales en el Bronx","item":"https:\/\/oreskylaw.com\/es\/bronx\/"},{"@type":"ListItem","position":3,"name":"Accidentes de gr\u00faa"}]},{"@type":"WebSite","@id":"https:\/\/oreskylaw.com\/es\/#website","url":"https:\/\/oreskylaw.com\/es\/","name":"Oresky & Associates PLLC","description":"","publisher":{"@id":"https:\/\/oreskylaw.com\/es\/#organization"},"potentialAction":[{"@type":"SearchAction","target":{"@type":"EntryPoint","urlTemplate":"https:\/\/oreskylaw.com\/es\/?s={search_term_string}"},"query-input":{"@type":"PropertyValueSpecification","valueRequired":true,"valueName":"search_term_string"}}],"inLanguage":"es"}]}},"_links":{"self":[{"href":"https:\/\/oreskylaw.com\/es\/wp-json\/wp\/v2\/pages\/17800","targetHints":{"allow":["GET"]}}],"collection":[{"href":"https:\/\/oreskylaw.com\/es\/wp-json\/wp\/v2\/pages"}],"about":[{"href":"https:\/\/oreskylaw.com\/es\/wp-json\/wp\/v2\/types\/page"}],"author":[{"embeddable":true,"href":"https:\/\/oreskylaw.com\/es\/wp-json\/wp\/v2\/users\/9"}],"replies":[{"embeddable":true,"href":"https:\/\/oreskylaw.com\/es\/wp-json\/wp\/v2\/comments?post=17800"}],"version-history":[{"count":0,"href":"https:\/\/oreskylaw.com\/es\/wp-json\/wp\/v2\/pages\/17800\/revisions"}],"up":[{"embeddable":true,"href":"https:\/\/oreskylaw.com\/es\/wp-json\/wp\/v2\/pages\/17391"}],"wp:featuredmedia":[{"embeddable":true,"href":"https:\/\/oreskylaw.com\/es\/wp-json\/wp\/v2\/media\/24025"}],"wp:attachment":[{"href":"https:\/\/oreskylaw.com\/es\/wp-json\/wp\/v2\/media?parent=17800"}],"curies":[{"name":"wp","href":"https:\/\/api.w.org\/{rel}","templated":true}]}}