{"id":17811,"date":"2025-12-08T02:22:22","date_gmt":"2025-12-08T02:22:22","guid":{"rendered":"https:\/\/oreskylaw.com\/?page_id=17811"},"modified":"2026-01-30T13:14:38","modified_gmt":"2026-01-30T13:14:38","slug":"abogados-de-accidentes-con-escombros","status":"publish","type":"page","link":"https:\/\/oreskylaw.com\/es\/bronx\/abogados-de-accidentes-con-escombros\/","title":{"rendered":"Escombros Cae en Lugares de Trabajo"},"content":{"rendered":"<h2>Escombros Cayendo en Obras de Construcci\u00f3n en el Bronx<\/h2>\n<p>Si result\u00f3 herido en un accidente en un sitio de construcci\u00f3n debido a la ca\u00edda de escombros, nuestros abogados de accidentes de construcci\u00f3n en el Bronx de\u00a0<a href=\"https:\/\/oreskylaw.com\/es\/acerca-de-nosotros\/\">Oresky &amp; Associates, PLLC<\/a>\u00a0pueden ayudarle a obtener el dinero que necesita para su recuperaci\u00f3n.<\/p>\n<p>Con m\u00e1s de 30 a\u00f1os de experiencia colectiva y m\u00e1s de 400 millones de d\u00f3lares recuperados en nombre de v\u00edctimas de accidentes lesionados, nos enorgullecemos de entregar resultados para nuestros clientes.<\/p>\n<p>Nuestros abogados de lesiones personales en el Bronx tienen la habilidad, la experiencia y una amplia red de recursos para ayudarle a luchar por una compensaci\u00f3n. Ll\u00e1menos hoy a nuestras oficinas legales en el Bronx, NY, al\u00a0<a href=\"tel:+19293050949\">(929) 305-0949<\/a>\u00a0o\u00a0<a href=\"https:\/\/oreskylaw.com\/es\/contacto\/\">cont\u00e1ctenos en l\u00ednea<\/a>. Revisaremos su caso y explicaremos sus opciones legales.<\/p>\n<p>Con nuestra estructura de pago de honorarios de contingencia, no tiene que preocuparse por poder pagar a un abogado. Si no obtenemos una compensaci\u00f3n para usted, no debe nada en honorarios de abogados.<\/p>\n<h2>\u00bfPor Qu\u00e9 Contratar a Oresky &amp; Associates, PLLC Tras un Accidente de Escombros Cayendo en el Bronx, NY?<\/h2>\n<p><img loading=\"lazy\" decoding=\"async\" class=\"size-full wp-image-11798 alignleft\" src=\"https:\/\/oreskylaw.com\/wp-content\/uploads\/2026\/01\/Help-After-a-Construction-Accident-in-the-Bronx.webp\" alt=\"Why Hire Oresky &amp; Associates, PLLC After a Falling Debris Accident in the Bronx, NY?\" width=\"300\" height=\"200\" \/>En Oresky &amp; Associates, PLLC, tratamos a nuestros clientes como familia. Eso significa que luchamos por ellos tan arduamente como lo har\u00edamos por los nuestros.<\/p>\n<p>Cuando ha sufrido lesiones en un accidente que involucra escombros cayendo en el Bronx, New York, ya tiene suficiente de qu\u00e9 ocuparse sin preocuparse de c\u00f3mo va a pagar por las lesiones sufridas. Perm\u00edtanos encargarnos de los problemas legales para conseguirle el dinero que necesita.<\/p>\n<p>Cuando elige a Oresky &amp; Associates, PLLC para representarlo, nuestros abogados de lesiones personales en el Bronx se pondr\u00e1n inmediatamente a trabajar realizando lo siguiente:<\/p>\n<ul>\n<li>Realizar una investigaci\u00f3n exhaustiva del accidente para entender c\u00f3mo sucedi\u00f3 y qui\u00e9n podr\u00eda ser responsable.<\/li>\n<li>Revisar pruebas, incluidos registros m\u00e9dicos, pol\u00edticas de la empresa y grabaciones de vigilancia.<\/li>\n<li>Consultar con los mejores expertos del Bronx, incluyendo ingenieros, especialistas en construcci\u00f3n, arquitectos y otros que pueden ayudarnos a entender qu\u00e9 caus\u00f3 la ca\u00edda de escombros.<\/li>\n<li>Dependiendo de las circunstancias, podemos ayudarle a presentar una reclamaci\u00f3n de compensaci\u00f3n para trabajadores o una demanda de terceros.<\/li>\n<\/ul>\n<p>Determinar qu\u00e9 pasos seguir y qu\u00e9 camino elegir puede complicarse. Por eso es tan cr\u00edtico tener a un abogado experimentado en lesiones personales a su lado. A menudo puede marcar la diferencia en el resultado positivo de su caso.<\/p>\n<p>Cont\u00e1ctenos hoy para programar una consulta gratuita.<\/p>\n<h2>\u00bfQu\u00e9 Constituye Escombros Cayendo?<\/h2>\n<p>Las lesiones causadas por escombros cayendo son comunes en los sitios de construcci\u00f3n. Cualquier cosa que caiga o sea dejada caer inadvertidamente desde una altura constituye \u00abescombros cayendo\u00bb. Dependiendo del tipo de escombros, estos accidentes pueden resultar en lesiones graves y posiblemente incluso en la muerte.<\/p>\n<p>Seg\u00fan la Administraci\u00f3n de Seguridad y Salud Ocupacional (Occupational Safety &amp; Health Administration, OSHA), los escombros cayendo son una de las principales causas de accidentes que resultan en muerte en la industria de la construcci\u00f3n.<\/p>\n<p>OSHA destaca cuatro accidentes fatales de la construcci\u00f3n. En a\u00f1os recientes, electrocuciones, accidentes de aplastamiento, ca\u00eddas y escombros cayendo constituyeron casi el 60% de las muertes de trabajadores de la construcci\u00f3n.<\/p>\n<p>Afortunadamente, no tiene que pasar por todo esto solo. Nuestros abogados de lesiones personales en el Bronx entienden la naturaleza de la industria de la construcci\u00f3n y saben qu\u00e9 buscar para construir un caso fuerte en su nombre.<\/p>\n    <div class=\"cw-cta-box\">\n        <div class=\"cw-cta-box__inner \">\n            <div class=\"cw-cta-box__info\">\n                                    <div class=\"label\">\u00a1Llame ahora!<\/div>\n                            <\/div>\n                            <div class=\"contact-phone\">\n                    <a href=\"tel:7189939999\"\n                        aria-label=\"Tap to call button\">\n                        718-993-9999                    <\/a>\n                <\/div>\n                    <\/div>\n                    <a href=\"\/es\/contacto\/\"\n               class=\"cta-btn btn btn--primary btn\"\n               target=\"\">\n                Obtenga Una Consulta Gratuita            <\/a>\n            <\/div>\n    \n<h2>C\u00f3mo Evitar Accidentes Por Escombros Cayendo<\/h2>\n<p>Los siguientes consejos pueden ayudarle a mantenerse seguro de escombros cayendo en sitios de construcci\u00f3n:<\/p>\n<ul>\n<li>Siempre use casco de seguridad.<\/li>\n<li>Cuando se mueva una carga con gr\u00faa u otro equipo, mant\u00e9ngase a una distancia segura.<\/li>\n<li>Preste atenci\u00f3n a cualquier se\u00f1al de advertencia publicada en \u00e1reas especialmente peligrosas.<\/li>\n<li>Aseg\u00farese de que las herramientas, materiales y otros objetos est\u00e9n bien asegurados.<\/li>\n<\/ul>\n<p>Los empleadores son responsables de garantizar la seguridad en los sitios de trabajo. Cuando eso no sucede, trabajadores inocentes como usted resultan lesionados.<\/p>\n<h3>Causas de Escombros Cayendo en Sitios de Construcci\u00f3n en el Bronx:<\/h3>\n<p>Los escombros pueden caer por cualquier motivo, pero las siguientes son causas t\u00edpicas que pueden resultar en este tipo de accidentes:<\/p>\n<div class=\"row\">\n<ul class=\"col-xl-6\">\n<li>Mal funcionamiento del equipo.<\/li>\n<li>Cargas no aseguradas.<\/li>\n<li>Barricadas ubicadas incorrectamente.<\/li>\n<li>Entrenamiento inadecuado.<\/li>\n<li>Materiales defectuosos.<\/li>\n<\/ul>\n<ul class=\"col-xl-6\">\n<li>Falta de dispositivos de seguridad.<\/li>\n<li>Se\u00f1ales de advertencia no publicadas claramente.<\/li>\n<li>Cargas sobredimensionadas.<\/li>\n<li>Uso incorrecto de equipamiento.<\/li>\n<\/ul>\n<\/div>\n<p>Incluso objetos peque\u00f1os pueden volverse peligrosos cuando se caen desde grandes altitudes.<\/p>\n<h2>\u00bfQu\u00e9 Compensaci\u00f3n Puedo Esperar Despu\u00e9s de un Accidente de Escombros Cayendo en el Bronx?<\/h2>\n<p>En los casos de lesiones personales, los da\u00f1os est\u00e1n disponibles en dos categor\u00edas: da\u00f1os econ\u00f3micos y da\u00f1os no econ\u00f3micos.<\/p>\n<h3>Da\u00f1os Econ\u00f3micos<\/h3>\n<p>Los da\u00f1os econ\u00f3micos son p\u00e9rdidas financieras del accidente, tales como:<\/p>\n<div class=\"row\">\n<ul class=\"col-xl-6\">\n<li>Gastos m\u00e9dicos.<\/li>\n<li>Ingresos perdidos.<\/li>\n<li>Capacidad de ganancia reducida.<\/li>\n<\/ul>\n<ul class=\"col-xl-6\">\n<li>Costos de rehabilitaci\u00f3n.<\/li>\n<li>Cuidado m\u00e9dico en el hogar.<\/li>\n<li>Servicios dom\u00e9sticos.<\/li>\n<\/ul>\n<\/div>\n<h3>Da\u00f1os No Econ\u00f3micos<\/h3>\n<p>Los da\u00f1os no econ\u00f3micos son m\u00e1s personales y dif\u00edciles de cuantificar financieramente. Estos podr\u00edan incluir:<\/p>\n<div class=\"row\">\n<ul class=\"col-xl-6\">\n<li>Angustia emocional.<\/li>\n<li>Dolor y sufrimiento.<\/li>\n<li>Calidad de vida reducida.<\/li>\n<li>P\u00e9rdida de consorcio.<\/li>\n<\/ul>\n<ul class=\"col-xl-6\">\n<li>Angustia mental.<\/li>\n<li>Deformidad.<\/li>\n<li>Discapacidad.<\/li>\n<li>Cicatrices.<\/li>\n<\/ul>\n<\/div>\n<p>Puede estar seguro de que tomaremos en cuenta todas sus lesiones al calcular sus da\u00f1os.<\/p>\n<h2>Contacte a Nuestros Abogados de Escombros Cayendo en el Bronx Hoy<\/h2>\n<p>Si result\u00f3 lesionado en un accidente que involucra escombros cayendo en un sitio de trabajo en el Bronx, necesita a los abogados de lesiones personales con experiencia de Oresky &amp; Associates, PLLC.<\/p>\n<p>Ll\u00e1menos hoy para organizar su consulta gratuita. Cuanto antes llame, antes podr\u00e1 estar en camino a lograr una completa recuperaci\u00f3n.<\/p>\n","protected":false},"excerpt":{"rendered":"<p>Escombros Cayendo en Obras de Construcci\u00f3n en el Bronx Si result\u00f3 herido en un accidente en un sitio de construcci\u00f3n debido a la ca\u00edda de escombros, nuestros abogados de accidentes de construcci\u00f3n en el Bronx de\u00a0Oresky &amp; Associates, PLLC\u00a0pueden ayudarle a obtener el dinero que necesita para su recuperaci\u00f3n. Con m\u00e1s de 30 a\u00f1os de [&hellip;]<\/p>\n","protected":false},"author":9,"featured_media":24033,"parent":17391,"menu_order":39,"comment_status":"closed","ping_status":"closed","template":"","meta":{"_acf_changed":false,"footnotes":""},"class_list":["post-17811","page","type-page","status-publish","has-post-thumbnail","hentry"],"acf":[],"yoast_head":"<!-- This site is optimized with the Yoast SEO plugin v27.3 - https:\/\/yoast.com\/product\/yoast-seo-wordpress\/ -->\n<title>Abogado de accidentes por ca\u00edda de escombros en construcci\u00f3n, Bronx - Oresky &amp; Associates, PLLC<\/title>\n<meta name=\"description\" content=\"\u00bfResult\u00f3 herido por escombros ca\u00eddos en el Bronx? El bufete Oresky &amp; Associates, PLLC puede ayudarle a obtener compensaci\u00f3n por su sufrimiento. \u00a1Ll\u00e1menos hoy!\" \/>\n<meta name=\"robots\" content=\"index, follow, max-snippet:-1, max-image-preview:large, max-video-preview:-1\" \/>\n<link rel=\"canonical\" href=\"https:\/\/oreskylaw.com\/es\/bronx\/abogados-de-accidentes-con-escombros\/\" \/>\n<meta property=\"og:locale\" content=\"es_ES\" \/>\n<meta property=\"og:type\" content=\"article\" \/>\n<meta property=\"og:title\" content=\"Abogado de accidentes por ca\u00edda de escombros en construcci\u00f3n, Bronx - Oresky &amp; Associates, PLLC\" \/>\n<meta property=\"og:description\" content=\"\u00bfResult\u00f3 herido por escombros ca\u00eddos en el Bronx? El bufete Oresky &amp; Associates, PLLC puede ayudarle a obtener compensaci\u00f3n por su sufrimiento. \u00a1Ll\u00e1menos hoy!\" \/>\n<meta property=\"og:url\" content=\"https:\/\/oreskylaw.com\/es\/bronx\/abogados-de-accidentes-con-escombros\/\" \/>\n<meta property=\"og:site_name\" content=\"Oresky &amp; Associates, PLLC\" \/>\n<meta property=\"article:publisher\" content=\"https:\/\/www.facebook.com\/Oreskylaw\/\" \/>\n<meta property=\"article:modified_time\" content=\"2026-01-30T13:14:38+00:00\" \/>\n<meta property=\"og:image\" content=\"https:\/\/oreskylaw.com\/wp-content\/uploads\/2026\/01\/debris-accident-lawyers.png\" \/>\n\t<meta property=\"og:image:width\" content=\"810\" \/>\n\t<meta property=\"og:image:height\" content=\"330\" \/>\n\t<meta property=\"og:image:type\" content=\"image\/png\" \/>\n<meta name=\"twitter:card\" content=\"summary_large_image\" \/>\n<meta name=\"twitter:site\" content=\"@JacobOreskyLaw\" \/>\n<meta name=\"twitter:label1\" content=\"Tiempo de lectura\" \/>\n\t<meta name=\"twitter:data1\" content=\"5 minutos\" \/>\n<!-- \/ Yoast SEO plugin. -->","yoast_head_json":{"title":"Abogado de accidentes por ca\u00edda de escombros en construcci\u00f3n, Bronx - Oresky & Associates, PLLC","description":"\u00bfResult\u00f3 herido por escombros ca\u00eddos en el Bronx? El bufete Oresky & Associates, PLLC puede ayudarle a obtener compensaci\u00f3n por su sufrimiento. \u00a1Ll\u00e1menos hoy!","robots":{"index":"index","follow":"follow","max-snippet":"max-snippet:-1","max-image-preview":"max-image-preview:large","max-video-preview":"max-video-preview:-1"},"canonical":"https:\/\/oreskylaw.com\/es\/bronx\/abogados-de-accidentes-con-escombros\/","og_locale":"es_ES","og_type":"article","og_title":"Abogado de accidentes por ca\u00edda de escombros en construcci\u00f3n, Bronx - Oresky & Associates, PLLC","og_description":"\u00bfResult\u00f3 herido por escombros ca\u00eddos en el Bronx? El bufete Oresky & Associates, PLLC puede ayudarle a obtener compensaci\u00f3n por su sufrimiento. \u00a1Ll\u00e1menos hoy!","og_url":"https:\/\/oreskylaw.com\/es\/bronx\/abogados-de-accidentes-con-escombros\/","og_site_name":"Oresky &amp; Associates, PLLC","article_publisher":"https:\/\/www.facebook.com\/Oreskylaw\/","article_modified_time":"2026-01-30T13:14:38+00:00","og_image":[{"width":810,"height":330,"url":"https:\/\/oreskylaw.com\/wp-content\/uploads\/2026\/01\/debris-accident-lawyers.png","type":"image\/png"}],"twitter_card":"summary_large_image","twitter_site":"@JacobOreskyLaw","twitter_misc":{"Tiempo de lectura":"5 minutos"},"schema":{"@context":"https:\/\/schema.org","@graph":[{"@type":"WebPage","@id":"https:\/\/oreskylaw.com\/es\/bronx\/abogados-de-accidentes-con-escombros\/","url":"https:\/\/oreskylaw.com\/es\/bronx\/abogados-de-accidentes-con-escombros\/","name":"Abogado de accidentes por ca\u00edda de escombros en construcci\u00f3n, Bronx - Oresky & Associates, PLLC","isPartOf":{"@id":"https:\/\/oreskylaw.com\/es\/#website"},"primaryImageOfPage":{"@id":"https:\/\/oreskylaw.com\/es\/bronx\/abogados-de-accidentes-con-escombros\/#primaryimage"},"image":{"@id":"https:\/\/oreskylaw.com\/es\/bronx\/abogados-de-accidentes-con-escombros\/#primaryimage"},"thumbnailUrl":"https:\/\/oreskylaw.com\/wp-content\/uploads\/2026\/01\/debris-accident-lawyers.png","datePublished":"2025-12-08T02:22:22+00:00","dateModified":"2026-01-30T13:14:38+00:00","description":"\u00bfResult\u00f3 herido por escombros ca\u00eddos en el Bronx? El bufete Oresky & Associates, PLLC puede ayudarle a obtener compensaci\u00f3n por su sufrimiento. \u00a1Ll\u00e1menos hoy!","breadcrumb":{"@id":"https:\/\/oreskylaw.com\/es\/bronx\/abogados-de-accidentes-con-escombros\/#breadcrumb"},"inLanguage":"es","potentialAction":[{"@type":"ReadAction","target":["https:\/\/oreskylaw.com\/es\/bronx\/abogados-de-accidentes-con-escombros\/"]}]},{"@type":"ImageObject","inLanguage":"es","@id":"https:\/\/oreskylaw.com\/es\/bronx\/abogados-de-accidentes-con-escombros\/#primaryimage","url":"https:\/\/oreskylaw.com\/wp-content\/uploads\/2026\/01\/debris-accident-lawyers.png","contentUrl":"https:\/\/oreskylaw.com\/wp-content\/uploads\/2026\/01\/debris-accident-lawyers.png","width":810,"height":330,"caption":"debris accident"},{"@type":"BreadcrumbList","@id":"https:\/\/oreskylaw.com\/es\/bronx\/abogados-de-accidentes-con-escombros\/#breadcrumb","itemListElement":[{"@type":"ListItem","position":1,"name":"Inicio","item":"https:\/\/oreskylaw.com\/es\/"},{"@type":"ListItem","position":2,"name":"Abogado de lesiones personales en el Bronx","item":"https:\/\/oreskylaw.com\/es\/bronx\/"},{"@type":"ListItem","position":3,"name":"Escombros Cae en Lugares de Trabajo"}]},{"@type":"WebSite","@id":"https:\/\/oreskylaw.com\/es\/#website","url":"https:\/\/oreskylaw.com\/es\/","name":"Oresky & Associates PLLC","description":"","publisher":{"@id":"https:\/\/oreskylaw.com\/es\/#organization"},"potentialAction":[{"@type":"SearchAction","target":{"@type":"EntryPoint","urlTemplate":"https:\/\/oreskylaw.com\/es\/?s={search_term_string}"},"query-input":{"@type":"PropertyValueSpecification","valueRequired":true,"valueName":"search_term_string"}}],"inLanguage":"es"}]}},"_links":{"self":[{"href":"https:\/\/oreskylaw.com\/es\/wp-json\/wp\/v2\/pages\/17811","targetHints":{"allow":["GET"]}}],"collection":[{"href":"https:\/\/oreskylaw.com\/es\/wp-json\/wp\/v2\/pages"}],"about":[{"href":"https:\/\/oreskylaw.com\/es\/wp-json\/wp\/v2\/types\/page"}],"author":[{"embeddable":true,"href":"https:\/\/oreskylaw.com\/es\/wp-json\/wp\/v2\/users\/9"}],"replies":[{"embeddable":true,"href":"https:\/\/oreskylaw.com\/es\/wp-json\/wp\/v2\/comments?post=17811"}],"version-history":[{"count":0,"href":"https:\/\/oreskylaw.com\/es\/wp-json\/wp\/v2\/pages\/17811\/revisions"}],"up":[{"embeddable":true,"href":"https:\/\/oreskylaw.com\/es\/wp-json\/wp\/v2\/pages\/17391"}],"wp:featuredmedia":[{"embeddable":true,"href":"https:\/\/oreskylaw.com\/es\/wp-json\/wp\/v2\/media\/24033"}],"wp:attachment":[{"href":"https:\/\/oreskylaw.com\/es\/wp-json\/wp\/v2\/media?parent=17811"}],"curies":[{"name":"wp","href":"https:\/\/api.w.org\/{rel}","templated":true}]}}