{"id":17822,"date":"2025-12-08T02:22:40","date_gmt":"2025-12-08T02:22:40","guid":{"rendered":"https:\/\/oreskylaw.com\/?page_id=17822"},"modified":"2026-01-30T13:16:38","modified_gmt":"2026-01-30T13:16:38","slug":"abogados-de-accidentes-por-conduccion-distraida","status":"publish","type":"page","link":"https:\/\/oreskylaw.com\/es\/bronx\/abogados-de-accidentes-por-conduccion-distraida\/","title":{"rendered":"Accidentes por Conducir Distra\u00eddo"},"content":{"rendered":"<h2>Accidentes de tr\u00e1fico para conductores distra\u00eddos en el Bronx, NY<\/h2>\n<p>\u00bfSe lesion\u00f3 recientemente en un accidente de veh\u00edculo motorizado en el Bronx, New York, debido a un conductor distra\u00eddo? Si es as\u00ed, podr\u00eda tener derecho a recuperar la compensaci\u00f3n por sus da\u00f1os f\u00edsicos, emocionales y financieros. Nuestros abogados especializados en accidentes de tr\u00e1fico por distracci\u00f3n de\u00a0<a href=\"https:\/\/oreskylaw.com\/es\/acerca-de-nosotros\/\">Oresky &amp; Associates, LLC<\/a>\u00a0pueden ayudar a emprender acciones legales.<\/p>\n<p>Con m\u00e1s de 30 a\u00f1os de experiencia legal, nuestro bufete de abogados conoce la ley de lesiones personales al detalle. Sabemos las t\u00e1cticas que las compa\u00f1\u00edas de seguros suelen utilizar para evitar pagar las reclamaciones, y no les permitimos salirse con la suya.<\/p>\n<p>No dude en llamar a nuestras oficinas legales\u00a0<a href=\"tel:+19299304705\">(929) 930-4705<\/a>. Ofrecemos una consulta gratuita, y usted no paga nada a menos que ganemos. No tiene nada que perder poni\u00e9ndose en\u00a0<a href=\"https:\/\/oreskylaw.com\/es\/contacto\/\">contacto<\/a>\u00a0con nosotros hoy.<\/p>\n<h2>C\u00f3mo Oresky &amp; Associates, PLLC puede ayudarlo despu\u00e9s de un accidente de tr\u00e1fico por conductor distra\u00eddo en Bronx, New York<\/h2>\n<p><img loading=\"lazy\" decoding=\"async\" class=\"size-full wp-image-11828 alignleft\" src=\"https:\/\/oreskylaw.com\/wp-content\/uploads\/2026\/01\/How-Can-Oresky-Associates-PLLC-Help-After-a-Speeding-Accident-in-the-Bronx-NY.webp\" alt=\"bronx bridge construction site accident attorney\" width=\"300\" height=\"200\" \/>Ya sea que su accidente haya involucrado un autom\u00f3vil, cami\u00f3n, autob\u00fas u otro veh\u00edculo motorizado, sufrir lesiones ya es suficientemente dif\u00edcil, pero saber que el accidente podr\u00eda haberse evitado es especialmente frustrante. Cuando los conductores del Bronx no prestan atenci\u00f3n, personas inocentes como usted resultan heridas.<\/p>\n<p>En Oresky &amp; Associates, PLLC, entendemos lo doloroso que es este momento para usted. A pesar de su lesi\u00f3n y angustia emocional, las facturas no se detienen. Tiene obligaciones financieras que son dif\u00edciles de cumplir cuando est\u00e1 herido, especialmente si tambi\u00e9n es incapaz de trabajar. Aqu\u00ed es donde entramos nosotros. Perm\u00edtanos manejar los asuntos legales para que pueda concentrarse en volver a la normalidad.<\/p>\n<p>Si elige a nuestros abogados de accidentes de coche en el Bronx para representarlo en su accidente, obtendr\u00e1 el beneficio de nuestras d\u00e9cadas de experiencia trabajando en nombre de clientes lesionados en el Bronx. Los muchos servicios que ofrecemos incluyen:<\/p>\n<ul>\n<li>Discuta el accidente con usted para obtener todos los detalles<\/li>\n<li>Realizar una investigaci\u00f3n para recopilar pruebas como fotos, v\u00eddeos, informes policiales y registros m\u00e9dicos<\/li>\n<li>Identificar y localizar testigos para obtener sus declaraciones<\/li>\n<li>Consultar con expertos que pueden ayudar a reconstruir el accidente<\/li>\n<\/ul>\n<p>Tambi\u00e9n manejaremos todas las negociaciones con las compa\u00f1\u00edas de seguros para que no tenga que tratar con ellas. Presionaremos para obtener el acuerdo m\u00e1s alto posible y no les permitiremos que se aprovechen de su situaci\u00f3n. Si no juegan limpio, no dudaremos en llevarlos a los tribunales.<\/p>\n<p>Cont\u00e1ctanos hoy para empezar. Operamos sobre una base de honorarios de contingencia, lo que significa que no nos debe nada a menos que podamos asegurar un premio financiero para usted.<\/p>\n<h2>\u00bfQu\u00e9 es la Conducci\u00f3n Distra\u00edda?<\/h2>\n<p>Tan solo en enero de 2022, el Departamento de Polic\u00eda de New York report\u00f3 279 accidentes en el Bronx que ocurrieron espec\u00edficamente debido a la conducci\u00f3n distra\u00edda. Todos estos resultaron en lesiones o muertes.<\/p>\n<p>La conducci\u00f3n distra\u00edda esencialmente significa que el conductor no estaba prestando atenci\u00f3n. Las distracciones desv\u00edan la atenci\u00f3n del conductor, llevando a la falta de conciencia de eventos cr\u00edticos, objetos y se\u00f1ales. Estar distra\u00eddo tambi\u00e9n puede resultar en p\u00e9rdida de control del veh\u00edculo.<\/p>\n<p>Los conductores distra\u00eddos ponen en riesgo no solo a s\u00ed mismos, sino a todos los dem\u00e1s que usan la carretera. Hay cuatro categor\u00edas de conducci\u00f3n distra\u00edda:<\/p>\n<ul>\n<li><strong>Visual:<\/strong> apartar la vista de la carretera<\/li>\n<li><strong>Manual:<\/strong> apartar las manos del volante<\/li>\n<li><strong>Cognitiva:<\/strong> distracciones mentales que desv\u00edan la atenci\u00f3n del conductor<\/li>\n<li><strong>Auditivo:<\/strong> distracciones relacionadas con sonidos fuera del veh\u00edculo<\/li>\n<\/ul>\n<h2>\u00bfCu\u00e1ndo puedo demandar a un tercero por compensaci\u00f3n?<\/h2>\n<p>En la mayor\u00eda de los casos, si alguien o alguna entidad distinta de su empleador (como el contratista general o el gerente del sitio de construcci\u00f3n) fuera responsable de su accidente de construcci\u00f3n de puentes en el Bronx, podr\u00eda obtener una compensaci\u00f3n de ellos en una demanda de terceros.<\/p>\n<p>Por ejemplo, si result\u00f3 herido debido a un andamio o una escalera que no le proporcion\u00f3 la protecci\u00f3n adecuada, usted podr\u00eda demandar a las partes responsables. En una reclamaci\u00f3n de terceros, puede recuperar la compensaci\u00f3n contra esa parte por los ingresos perdidos no cubiertos por la compensaci\u00f3n de los trabajadores, as\u00ed como p\u00e9rdidas no financieras como angustia emocional, dolor y sufrimiento y calidad de vida reducida.<\/p>\n    <div class=\"cw-cta-box\">\n        <div class=\"cw-cta-box__inner \">\n            <div class=\"cw-cta-box__info\">\n                                    <div class=\"label\">\u00a1Llame ahora!<\/div>\n                            <\/div>\n                            <div class=\"contact-phone\">\n                    <a href=\"tel:7189939999\"\n                        aria-label=\"Tap to call button\">\n                        718-993-9999                    <\/a>\n                <\/div>\n                    <\/div>\n                    <a href=\"\/es\/contacto\/\"\n               class=\"cta-btn btn btn--primary btn\"\n               target=\"\">\n                Obtenga Una Consulta Gratuita            <\/a>\n            <\/div>\n    \n<h2>Riesgos comunes en Accidentes de Construcci\u00f3n de Puentes<\/h2>\n<p>Seg\u00fan OSHA, m\u00e1s de 800 trabajadores de la construcci\u00f3n mueren en el trabajo cada a\u00f1o. Las ca\u00eddas son la principal causa de muerte de obreros de la construcci\u00f3n, lo que significa que la construcci\u00f3n de puentes puede ser particularmente peligrosa.<\/p>\n<p>Los trabajadores de construcci\u00f3n de puentes operan en superficies elevadas. Usan rutinariamente andamios y escaleras. A esas alturas, no hay margen de error. Cuando un trabajador de la construcci\u00f3n de puentes sufre una ca\u00edda, las lesiones sostenidas pueden ser graves y permanentes, a veces fatales.<\/p>\n<p>Los trabajadores en los sitios de construcci\u00f3n de puentes en el Bronx enfrentan diariamente una multitud de riesgos, que incluyen ca\u00eddas desde alturas significativas, lesiones por maquinaria pesada y equipo y exposici\u00f3n a materiales peligrosos.<\/p>\n<p>La proximidad a los cuerpos de agua a\u00f1ade una capa adicional de riesgo, como el ahogamiento o los accidentes que involucran a las embarcaciones marinas. Los colapsos, electrocuciones y accidentes debido a medidas de seguridad deficientes tambi\u00e9n son comunes. Estos riesgos subrayan la necesidad de protocolos de seguridad estrictos y la importancia de protecci\u00f3n legal para los trabajadores.<\/p>\n<h3>Comprender los Riesgos de los Sitios de Construcci\u00f3n de Puentes en Bronx<\/h3>\n<p>La construcci\u00f3n de puentes en el Bronx presenta desaf\u00edos y riesgos. Los trabajadores manejan condiciones laborales precarias en estructuras altas, el riesgo de ca\u00edda de escombros y la operaci\u00f3n de maquinaria pesada en espacios restringidos. Los factores ambientales, como los fuertes vientos y las condiciones clim\u00e1ticas variables, exacerban a\u00fan m\u00e1s estos peligros.<\/p>\n<p>Comprender estos riesgos es crucial para identificar la responsabilidad y garantizar la seguridad de los trabajadores. Las lesiones comunes incluyen:<\/p>\n<div class=\"row\">\n<ul class=\"col-xl-6\">\n<li>Huesos ra\u00edces<\/li>\n<li>Lesiones nerviosas<\/li>\n<li>Lesiones por aplastamiento<\/li>\n<li>Accidentes de construcci\u00f3n<\/li>\n<li>Lesiones oculares<\/li>\n<li>Da\u00f1o a tejidos blandos<\/li>\n<li>Traumatismos craneoencef\u00e1licos<\/li>\n<li>Lesiones en la columna vertebral<\/li>\n<\/ul>\n<ul class=\"col-xl-6\">\n<li>Heridas de cabeza y cuello<\/li>\n<li>Conmociones<\/li>\n<li>Lesiones de espalda<\/li>\n<li>Da\u00f1o a los \u00f3rganos<\/li>\n<li>Amputaciones y p\u00e9rdida de extremidades<\/li>\n<li>Par\u00e1lisis<\/li>\n<li>Otras lesiones catastr\u00f3ficas<\/li>\n<\/ul>\n<\/div>\n<p>En los peores accidentes de construcci\u00f3n de puentes, las lesiones no son sobrevivibles. Los familiares dependientes del trabajador pueden buscar beneficios para sobrevivientes a trav\u00e9s del sistema de compensaci\u00f3n de trabajadores o, en algunos casos, emprender acciones legales por la muerte injusta de su ser querido.<\/p>\n<h2>\u00bfQu\u00e9 compensaci\u00f3n puede esperar en casos de accidentes de construcci\u00f3n de puentes?<\/h2>\n<p>Las v\u00edctimas de accidentes de construcci\u00f3n de puentes en el Bronx pueden tener derecho a m\u00faltiples tipos de compensaci\u00f3n. Los beneficios de compensaci\u00f3n para los trabajadores incluyen la cobertura para los gastos m\u00e9dicos, los salarios perdidos y los costos de rehabilitaci\u00f3n.<\/p>\n<p>Dependiendo de la causa del accidente, tambi\u00e9n puede estar disponible la compensaci\u00f3n por futuros salarios perdidos, dolor y sufrimiento, angustia emocional y calidad de vida reducida: es por eso que es importante contar con un equipo legal competente y experimentado como Oresky &amp; Associates detr\u00e1s de usted. En casos tr\u00e1gicos de accidentes fatales, las familias pueden buscar da\u00f1os por muerte injusta, incluyendo gastos funerarios y p\u00e9rdida de consorcio.<\/p>\n<h2>C\u00f3mo abordamos Reclamaciones \u00danicas de Accidentes de Construcci\u00f3n de Puentes<\/h2>\n<p>En Oresky &amp; Associates, PLLC, entendemos que cada accidente de construcci\u00f3n de puentes en el Bronx tiene su propio conjunto de circunstancias y desaf\u00edos. Nuestro enfoque implica una investigaci\u00f3n minuciosa del accidente, incluyendo una evaluaci\u00f3n de los protocolos de seguridad y el equipo utilizado.<\/p>\n<p>Trabajamos estrechamente con ingenieros, expertos en reconstrucci\u00f3n de accidentes para determinar si las violaciones de las normas de seguridad o la negligencia llevaron a su lesi\u00f3n.<\/p>\n","protected":false},"excerpt":{"rendered":"<p>Accidentes de tr\u00e1fico para conductores distra\u00eddos en el Bronx, NY \u00bfSe lesion\u00f3 recientemente en un accidente de veh\u00edculo motorizado en el Bronx, New York, debido a un conductor distra\u00eddo? Si es as\u00ed, podr\u00eda tener derecho a recuperar la compensaci\u00f3n por sus da\u00f1os f\u00edsicos, emocionales y financieros. Nuestros abogados especializados en accidentes de tr\u00e1fico por distracci\u00f3n [&hellip;]<\/p>\n","protected":false},"author":9,"featured_media":24041,"parent":17391,"menu_order":41,"comment_status":"closed","ping_status":"closed","template":"","meta":{"_acf_changed":false,"footnotes":""},"class_list":["post-17822","page","type-page","status-publish","has-post-thumbnail","hentry"],"acf":[],"yoast_head":"<!-- This site is optimized with the Yoast SEO plugin v27.3 - https:\/\/yoast.com\/product\/yoast-seo-wordpress\/ -->\n<title>Abogado de Accidentes por Conducci\u00f3n Distra\u00edda en el Bronx - Oresky &amp; Associates, PLLC<\/title>\n<meta name=\"description\" content=\"\u00bfLesionado en un accidente por conducci\u00f3n distra\u00edda en Bronx, NY? Llame a Oresky &amp; Associates y nuestros abogados le ayudar\u00e1n a luchar por compensaci\u00f3n.\" \/>\n<meta name=\"robots\" content=\"index, follow, max-snippet:-1, max-image-preview:large, max-video-preview:-1\" \/>\n<link rel=\"canonical\" href=\"https:\/\/oreskylaw.com\/es\/bronx\/abogados-de-accidentes-por-conduccion-distraida\/\" \/>\n<meta property=\"og:locale\" content=\"es_ES\" \/>\n<meta property=\"og:type\" content=\"article\" \/>\n<meta property=\"og:title\" content=\"Abogado de Accidentes por Conducci\u00f3n Distra\u00edda en el Bronx - Oresky &amp; Associates, PLLC\" \/>\n<meta property=\"og:description\" content=\"\u00bfLesionado en un accidente por conducci\u00f3n distra\u00edda en Bronx, NY? Llame a Oresky &amp; Associates y nuestros abogados le ayudar\u00e1n a luchar por compensaci\u00f3n.\" \/>\n<meta property=\"og:url\" content=\"https:\/\/oreskylaw.com\/es\/bronx\/abogados-de-accidentes-por-conduccion-distraida\/\" \/>\n<meta property=\"og:site_name\" content=\"Oresky &amp; Associates, PLLC\" \/>\n<meta property=\"article:publisher\" content=\"https:\/\/www.facebook.com\/Oreskylaw\/\" \/>\n<meta property=\"article:modified_time\" content=\"2026-01-30T13:16:38+00:00\" \/>\n<meta property=\"og:image\" content=\"https:\/\/oreskylaw.com\/wp-content\/uploads\/2026\/01\/distracted-driving-accident-lawyers.png\" \/>\n\t<meta property=\"og:image:width\" content=\"810\" \/>\n\t<meta property=\"og:image:height\" content=\"330\" \/>\n\t<meta property=\"og:image:type\" content=\"image\/png\" \/>\n<meta name=\"twitter:card\" content=\"summary_large_image\" \/>\n<meta name=\"twitter:site\" content=\"@JacobOreskyLaw\" \/>\n<meta name=\"twitter:label1\" content=\"Tiempo de lectura\" \/>\n\t<meta name=\"twitter:data1\" content=\"6 minutos\" \/>\n<!-- \/ Yoast SEO plugin. -->","yoast_head_json":{"title":"Abogado de Accidentes por Conducci\u00f3n Distra\u00edda en el Bronx - Oresky & Associates, PLLC","description":"\u00bfLesionado en un accidente por conducci\u00f3n distra\u00edda en Bronx, NY? Llame a Oresky & Associates y nuestros abogados le ayudar\u00e1n a luchar por compensaci\u00f3n.","robots":{"index":"index","follow":"follow","max-snippet":"max-snippet:-1","max-image-preview":"max-image-preview:large","max-video-preview":"max-video-preview:-1"},"canonical":"https:\/\/oreskylaw.com\/es\/bronx\/abogados-de-accidentes-por-conduccion-distraida\/","og_locale":"es_ES","og_type":"article","og_title":"Abogado de Accidentes por Conducci\u00f3n Distra\u00edda en el Bronx - Oresky & Associates, PLLC","og_description":"\u00bfLesionado en un accidente por conducci\u00f3n distra\u00edda en Bronx, NY? Llame a Oresky & Associates y nuestros abogados le ayudar\u00e1n a luchar por compensaci\u00f3n.","og_url":"https:\/\/oreskylaw.com\/es\/bronx\/abogados-de-accidentes-por-conduccion-distraida\/","og_site_name":"Oresky &amp; Associates, PLLC","article_publisher":"https:\/\/www.facebook.com\/Oreskylaw\/","article_modified_time":"2026-01-30T13:16:38+00:00","og_image":[{"width":810,"height":330,"url":"https:\/\/oreskylaw.com\/wp-content\/uploads\/2026\/01\/distracted-driving-accident-lawyers.png","type":"image\/png"}],"twitter_card":"summary_large_image","twitter_site":"@JacobOreskyLaw","twitter_misc":{"Tiempo de lectura":"6 minutos"},"schema":{"@context":"https:\/\/schema.org","@graph":[{"@type":"WebPage","@id":"https:\/\/oreskylaw.com\/es\/bronx\/abogados-de-accidentes-por-conduccion-distraida\/","url":"https:\/\/oreskylaw.com\/es\/bronx\/abogados-de-accidentes-por-conduccion-distraida\/","name":"Abogado de Accidentes por Conducci\u00f3n Distra\u00edda en el Bronx - Oresky & Associates, PLLC","isPartOf":{"@id":"https:\/\/oreskylaw.com\/es\/#website"},"primaryImageOfPage":{"@id":"https:\/\/oreskylaw.com\/es\/bronx\/abogados-de-accidentes-por-conduccion-distraida\/#primaryimage"},"image":{"@id":"https:\/\/oreskylaw.com\/es\/bronx\/abogados-de-accidentes-por-conduccion-distraida\/#primaryimage"},"thumbnailUrl":"https:\/\/oreskylaw.com\/wp-content\/uploads\/2026\/01\/distracted-driving-accident-lawyers.png","datePublished":"2025-12-08T02:22:40+00:00","dateModified":"2026-01-30T13:16:38+00:00","description":"\u00bfLesionado en un accidente por conducci\u00f3n distra\u00edda en Bronx, NY? Llame a Oresky & Associates y nuestros abogados le ayudar\u00e1n a luchar por compensaci\u00f3n.","breadcrumb":{"@id":"https:\/\/oreskylaw.com\/es\/bronx\/abogados-de-accidentes-por-conduccion-distraida\/#breadcrumb"},"inLanguage":"es","potentialAction":[{"@type":"ReadAction","target":["https:\/\/oreskylaw.com\/es\/bronx\/abogados-de-accidentes-por-conduccion-distraida\/"]}]},{"@type":"ImageObject","inLanguage":"es","@id":"https:\/\/oreskylaw.com\/es\/bronx\/abogados-de-accidentes-por-conduccion-distraida\/#primaryimage","url":"https:\/\/oreskylaw.com\/wp-content\/uploads\/2026\/01\/distracted-driving-accident-lawyers.png","contentUrl":"https:\/\/oreskylaw.com\/wp-content\/uploads\/2026\/01\/distracted-driving-accident-lawyers.png","width":810,"height":330,"caption":"distracted driving"},{"@type":"BreadcrumbList","@id":"https:\/\/oreskylaw.com\/es\/bronx\/abogados-de-accidentes-por-conduccion-distraida\/#breadcrumb","itemListElement":[{"@type":"ListItem","position":1,"name":"Inicio","item":"https:\/\/oreskylaw.com\/es\/"},{"@type":"ListItem","position":2,"name":"Abogado de lesiones personales en el Bronx","item":"https:\/\/oreskylaw.com\/es\/bronx\/"},{"@type":"ListItem","position":3,"name":"Accidentes por Conducir Distra\u00eddo"}]},{"@type":"WebSite","@id":"https:\/\/oreskylaw.com\/es\/#website","url":"https:\/\/oreskylaw.com\/es\/","name":"Oresky & Associates PLLC","description":"","publisher":{"@id":"https:\/\/oreskylaw.com\/es\/#organization"},"potentialAction":[{"@type":"SearchAction","target":{"@type":"EntryPoint","urlTemplate":"https:\/\/oreskylaw.com\/es\/?s={search_term_string}"},"query-input":{"@type":"PropertyValueSpecification","valueRequired":true,"valueName":"search_term_string"}}],"inLanguage":"es"}]}},"_links":{"self":[{"href":"https:\/\/oreskylaw.com\/es\/wp-json\/wp\/v2\/pages\/17822","targetHints":{"allow":["GET"]}}],"collection":[{"href":"https:\/\/oreskylaw.com\/es\/wp-json\/wp\/v2\/pages"}],"about":[{"href":"https:\/\/oreskylaw.com\/es\/wp-json\/wp\/v2\/types\/page"}],"author":[{"embeddable":true,"href":"https:\/\/oreskylaw.com\/es\/wp-json\/wp\/v2\/users\/9"}],"replies":[{"embeddable":true,"href":"https:\/\/oreskylaw.com\/es\/wp-json\/wp\/v2\/comments?post=17822"}],"version-history":[{"count":0,"href":"https:\/\/oreskylaw.com\/es\/wp-json\/wp\/v2\/pages\/17822\/revisions"}],"up":[{"embeddable":true,"href":"https:\/\/oreskylaw.com\/es\/wp-json\/wp\/v2\/pages\/17391"}],"wp:featuredmedia":[{"embeddable":true,"href":"https:\/\/oreskylaw.com\/es\/wp-json\/wp\/v2\/media\/24041"}],"wp:attachment":[{"href":"https:\/\/oreskylaw.com\/es\/wp-json\/wp\/v2\/media?parent=17822"}],"curies":[{"name":"wp","href":"https:\/\/api.w.org\/{rel}","templated":true}]}}