{"id":17833,"date":"2025-12-08T02:23:01","date_gmt":"2025-12-08T02:23:01","guid":{"rendered":"https:\/\/oreskylaw.com\/?page_id=17833"},"modified":"2026-01-30T13:18:02","modified_gmt":"2026-01-30T13:18:02","slug":"abogados-de-mordeduras-de-perro","status":"publish","type":"page","link":"https:\/\/oreskylaw.com\/es\/bronx\/abogados-de-mordeduras-de-perro\/","title":{"rendered":"Abogado de Mordeduras de Perro"},"content":{"rendered":"<p>\u00bfUsted o un ser querido sufrieron una lesi\u00f3n por la muerte de un perro en el Bronx, New York? Podr\u00eda tener derecho a recibir una compensaci\u00f3n financiera del due\u00f1o del perro. Un experimentado abogado de mordeduras de perro en el Bronx de\u00a0<a href=\"https:\/\/oreskylaw.com\/es\/acerca-de-nosotros\/\">Oresky &amp; Associates, LLC<\/a> puede ayudar a luchar para recuperar dinero por sus facturas m\u00e9dicas, p\u00e9rdida de salarios y el dolor y sufrimiento sufrido.<\/p>\n<p>Nuestros abogados tienen m\u00e1s de 30 a\u00f1os de experiencia representando a v\u00edctimas de lesiones en toda la ciudad de New York. Hemos recuperado m\u00e1s de 400 millones de d\u00f3lares desde que abrimos nuestras puertas en 1992.<\/p>\n<p>Puede confiar en nuestra experiencia y recursos cuando llegue la hora de enfrentarse a la compa\u00f1\u00eda de seguros. Para saber m\u00e1s sobre c\u00f3mo podemos ayudarle, llame a nuestro bufete de abogados en el Bronx, New York al\u00a0<a href=\"tel:+19299304705\">(929) 930-4705<\/a>\u00a0o\u00a0<a href=\"https:\/\/oreskylaw.com\/es\/contacto\/\">cont\u00e1ctenos<\/a>\u00a0hoy para programar una consulta gratuita.<\/p>\n<h2>C\u00f3mo Oresky &amp; Associates, PLLC puede ayudar despu\u00e9s de una mordedura de perro en el Bronx<\/h2>\n<p>Despu\u00e9s de sufrir una lesi\u00f3n por mordedura de perro, contratar a un abogado experimentado de lesiones personales en el Bronx mejora sus posibilidades de recuperar una compensaci\u00f3n justa. Las compa\u00f1\u00edas de seguros conocen demasiado bien los casos de mordeduras de perros. A menudo utilizan t\u00e1cticas de intimidaci\u00f3n para convencerlo de aceptar menos dinero del que merece.<\/p>\n<p>Nuestros abogados en Oresky &amp; Associates, PLLC tienen d\u00e9cadas de experiencia manejando reclamos por lesiones personales. Sabemos c\u00f3mo evaluar de manera precisa el valor de su caso, para que pueda estar seguro de que est\u00e1 obteniendo cada d\u00f3lar que merece.<\/p>\n<p>Cuando contrate a nuestro equipo legal, puede confiar en que nosotros:<\/p>\n<ul>\n<li>Manejaremos el papeleo y los aspectos administrativos de su caso<\/li>\n<li>Realizaremos una investigaci\u00f3n detallada de las circunstancias de la mordedura de perro<\/li>\n<li>Consultaremos con especialistas l\u00edderes en lesiones por mordeduras de perro cuando sea necesario<\/li>\n<li>Lo defenderemos si el due\u00f1o afirma que usted provoc\u00f3 al perro para que lo mordiera<\/li>\n<li>Negociaremos con las compa\u00f1\u00edas de seguros en su nombre<\/li>\n<\/ul>\n<p>A lo largo de los a\u00f1os, nuestros abogados de mordedura de perro en el Bronx han sido calificados por Super Lawyers y han ganado un lugar en el Million Dollar Advocates Forum. Tambi\u00e9n hemos sido listados como los Abogados L\u00edderes en Lesiones Personales de New York por la revista New York Magazine.<\/p>\n<p>Cuando est\u00e9 herido, puede contar con nosotros para luchar por usted. Solo llame para programar una consulta gratuita para comenzar.<\/p>\n<h2>\u00bfQu\u00e9 son tan comunes las mordeduras de perro en el Bronx?<\/h2>\n<p>Seg\u00fan\u00a0<a href=\"https:\/\/www.aaha.org\/publications\/newstat\/articles\/2019-06\/new-study-identifies-most-damaging-dog-bites-by-breed\/\" target=\"_blank\" rel=\"nofollow noopener noreferrer\">investigaciones<\/a> de la Asociaci\u00f3n Americana de Hospitales para Animales, cerca de cinco millones de estadounidenses son mordidos por perros cada a\u00f1o. Los CDC estiman que aproximadamente 800.000 v\u00edctimas de mordedura de perros requieren tratamiento m\u00e9dico cada a\u00f1o, y m\u00e1s de 14.000 son hospitalizadas con lesiones graves.<\/p>\n<p>En un per\u00edodo de siete a\u00f1os, 6.028 residentes de la ciudad de New York visitaron la sala de emergencia con lesiones por mordedura de perro. M\u00e1s de 300 requirieron hospitalizaci\u00f3n.<\/p>\n<p>El costo de estas lesiones puede ser sorprendente. El promedio de liquidaci\u00f3n de seguros por mordedura de perro en New York fue de 68.203 d\u00f3lares en 2021. De hecho, las compa\u00f1\u00edas de seguros de New York pagaron m\u00e1s por caso de mordedura de perro que cualquier otro estado.<\/p>\n    <div class=\"cw-cta-box\">\n        <div class=\"cw-cta-box__inner \">\n            <div class=\"cw-cta-box__info\">\n                                    <div class=\"label\">\u00a1Llame ahora!<\/div>\n                            <\/div>\n                            <div class=\"contact-phone\">\n                    <a href=\"tel:7189939999\"\n                        aria-label=\"Tap to call button\">\n                        718-993-9999                    <\/a>\n                <\/div>\n                    <\/div>\n                    <a href=\"\/es\/contacto\/\"\n               class=\"cta-btn btn btn--primary btn\"\n               target=\"\">\n                Obtenga Una Consulta Gratuita            <\/a>\n            <\/div>\n    \n<h2>\u00bfQu\u00e9 tipos de da\u00f1os est\u00e1n disponibles para las v\u00edctimas de mordeduras de perro?<\/h2>\n<p>Bajo las leyes de lesiones personales de New York, las partes lesionadas tienen derecho a una compensaci\u00f3n por sus p\u00e9rdidas financieras.<\/p>\n<h3>Da\u00f1os econ\u00f3micos<\/h3>\n<p>Estos \u00abda\u00f1os econ\u00f3micos\u00bb pueden incluir:<\/p>\n<div class=\"row\">\n<ul class=\"col-xl-6\">\n<li>Gastos m\u00e9dicos pasados y futuros<\/li>\n<li>Salarios perdidos<\/li>\n<li>Potencial de ganancias reducido<\/li>\n<li>Physical therapy<\/li>\n<\/ul>\n<ul class=\"col-xl-6\">\n<li>Cirug\u00edas reconstructivas<\/li>\n<li>Costos varios de bolsillo<\/li>\n<li>Consejos psicol\u00f3gicos, especialmente para ni\u00f1os<\/li>\n<\/ul>\n<\/div>\n<p>Tambi\u00e9n tiene derecho a una compensaci\u00f3n por sus p\u00e9rdidas personales intangibles.<\/p>\n<h3>Da\u00f1os no econ\u00f3micos<\/h3>\n<p>Los \u00abda\u00f1os no econ\u00f3micos\u00bb a menudo incluyen:<\/p>\n<ul>\n<li>Dolor y sufrimiento<\/li>\n<li>Angustia mental<\/li>\n<li>Disminuci\u00f3n de la calidad de vida<\/li>\n<li>Desfiguraci\u00f3n f\u00edsica permanente o cicatrices<\/li>\n<li>Trastorno de Estr\u00e9s Postraum\u00e1tico (TEPT), depresi\u00f3n y otros traumas emocionales<\/li>\n<li>Consortium loss<\/li>\n<\/ul>\n<p>Si perdi\u00f3 a un ser querido en un ataque mortal de un perro, nuestros abogados pueden ayudarle a luchar para recuperar dinero para cubrir los costos del funeral y los da\u00f1os adicionales por muerte injusta.<\/p>\n<h2>Lucharemos para Recuperar una Compensaci\u00f3n por Todas Sus Lesiones por Mordedura de Perro<\/h2>\n<p>Las mordeduras de perro pueden causar muchos tipos de lesiones graves, especialmente si la v\u00edctima era un ni\u00f1o peque\u00f1o.<\/p>\n<p>En Oresky &amp; Associates, PLLC, estamos aqu\u00ed para ayudarle a recuperar una compensaci\u00f3n justa por todas esas lesiones, incluyendo:<\/p>\n<div class=\"row\">\n<ul class=\"col-xl-6\">\n<li>Huesos ra\u00edces<\/li>\n<li>Da\u00f1os a los nervios<\/li>\n<li>Punciones y laceraciones<\/li>\n<li>Da\u00f1o a tejidos blandos<\/li>\n<li>Traumatique craneoencef\u00e1lico<\/li>\n<li>Heridas in head and neck<\/li>\n<li>Conmociones<\/li>\n<\/ul>\n<ul class=\"col-xl-6\">\n<li>Articulaciones, lumbares y otras lesiones si el perro lo tira al suelo<\/li>\n<li>Lesiones internas<\/li>\n<li>Amputaciones, generalmente causadas por infecci\u00f3n<\/li>\n<li>Da\u00f1o a la m\u00e9dula espinal<\/li>\n<li>Par\u00e1lisis<\/li>\n<li>Muerte injusta de un ser querido<\/li>\n<\/ul>\n<\/div>\n<p>Si el perro no estaba vacunado, el riesgo de infecci\u00f3n grave y da\u00f1o permanente es mucho mayor.<\/p>\n<p>Las v\u00edctimas de mordeduras de perros y ataques de animales tambi\u00e9n pueden sufrir de dolor cr\u00f3nico. Estas y otras lesiones a largo plazo pueden interrumpir significativamente su vida. Si result\u00f3 herido, no dude en llamar a nuestros abogados en el Bronx para programar una revisi\u00f3n gratuita de su caso hoy mismo.<\/p>\n","protected":false},"excerpt":{"rendered":"<p>\u00bfUsted o un ser querido sufrieron una lesi\u00f3n por la muerte de un perro en el Bronx, New York? Podr\u00eda tener derecho a recibir una compensaci\u00f3n financiera del due\u00f1o del perro. Un experimentado abogado de mordeduras de perro en el Bronx de\u00a0Oresky &amp; Associates, LLC puede ayudar a luchar para recuperar dinero por sus facturas [&hellip;]<\/p>\n","protected":false},"author":9,"featured_media":23878,"parent":17391,"menu_order":42,"comment_status":"closed","ping_status":"closed","template":"practice-area.php","meta":{"_acf_changed":false,"footnotes":""},"class_list":["post-17833","page","type-page","status-publish","has-post-thumbnail","hentry"],"acf":[],"yoast_head":"<!-- This site is optimized with the Yoast SEO plugin v27.3 - https:\/\/yoast.com\/product\/yoast-seo-wordpress\/ -->\n<title>Abogado Especialista en Mordeduras de Perro, Bronx - Oresky &amp; Associates, PLLC<\/title>\n<meta name=\"description\" content=\"\u00bfMordido por un perro en el Bronx, NYC? Llame a un abogado de lesiones personales en Oresky &amp; Associates, PLLC para luchar por compensaci\u00f3n financiera.\" \/>\n<meta name=\"robots\" content=\"index, follow, max-snippet:-1, max-image-preview:large, max-video-preview:-1\" \/>\n<link rel=\"canonical\" href=\"https:\/\/oreskylaw.com\/es\/bronx\/abogados-de-mordeduras-de-perro\/\" \/>\n<meta property=\"og:locale\" content=\"es_ES\" \/>\n<meta property=\"og:type\" content=\"article\" \/>\n<meta property=\"og:title\" content=\"Abogado Especialista en Mordeduras de Perro, Bronx - Oresky &amp; Associates, PLLC\" \/>\n<meta property=\"og:description\" content=\"\u00bfMordido por un perro en el Bronx, NYC? Llame a un abogado de lesiones personales en Oresky &amp; Associates, PLLC para luchar por compensaci\u00f3n financiera.\" \/>\n<meta property=\"og:url\" content=\"https:\/\/oreskylaw.com\/es\/bronx\/abogados-de-mordeduras-de-perro\/\" \/>\n<meta property=\"og:site_name\" content=\"Oresky &amp; Associates, PLLC\" \/>\n<meta property=\"article:publisher\" content=\"https:\/\/www.facebook.com\/Oreskylaw\/\" \/>\n<meta property=\"article:modified_time\" content=\"2026-01-30T13:18:02+00:00\" \/>\n<meta property=\"og:image\" content=\"https:\/\/oreskylaw.com\/wp-content\/uploads\/2026\/01\/dog-bite-lawyers.png\" \/>\n\t<meta property=\"og:image:width\" content=\"810\" \/>\n\t<meta property=\"og:image:height\" content=\"330\" \/>\n\t<meta property=\"og:image:type\" content=\"image\/png\" \/>\n<meta name=\"twitter:card\" content=\"summary_large_image\" \/>\n<meta name=\"twitter:site\" content=\"@JacobOreskyLaw\" \/>\n<meta name=\"twitter:label1\" content=\"Tiempo de lectura\" \/>\n\t<meta name=\"twitter:data1\" content=\"4 minutos\" \/>\n<!-- \/ Yoast SEO plugin. -->","yoast_head_json":{"title":"Abogado Especialista en Mordeduras de Perro, Bronx - Oresky & Associates, PLLC","description":"\u00bfMordido por un perro en el Bronx, NYC? Llame a un abogado de lesiones personales en Oresky & Associates, PLLC para luchar por compensaci\u00f3n financiera.","robots":{"index":"index","follow":"follow","max-snippet":"max-snippet:-1","max-image-preview":"max-image-preview:large","max-video-preview":"max-video-preview:-1"},"canonical":"https:\/\/oreskylaw.com\/es\/bronx\/abogados-de-mordeduras-de-perro\/","og_locale":"es_ES","og_type":"article","og_title":"Abogado Especialista en Mordeduras de Perro, Bronx - Oresky & Associates, PLLC","og_description":"\u00bfMordido por un perro en el Bronx, NYC? Llame a un abogado de lesiones personales en Oresky & Associates, PLLC para luchar por compensaci\u00f3n financiera.","og_url":"https:\/\/oreskylaw.com\/es\/bronx\/abogados-de-mordeduras-de-perro\/","og_site_name":"Oresky &amp; Associates, PLLC","article_publisher":"https:\/\/www.facebook.com\/Oreskylaw\/","article_modified_time":"2026-01-30T13:18:02+00:00","og_image":[{"width":810,"height":330,"url":"https:\/\/oreskylaw.com\/wp-content\/uploads\/2026\/01\/dog-bite-lawyers.png","type":"image\/png"}],"twitter_card":"summary_large_image","twitter_site":"@JacobOreskyLaw","twitter_misc":{"Tiempo de lectura":"4 minutos"},"schema":{"@context":"https:\/\/schema.org","@graph":[{"@type":"WebPage","@id":"https:\/\/oreskylaw.com\/es\/bronx\/abogados-de-mordeduras-de-perro\/","url":"https:\/\/oreskylaw.com\/es\/bronx\/abogados-de-mordeduras-de-perro\/","name":"Abogado Especialista en Mordeduras de Perro, Bronx - Oresky & Associates, PLLC","isPartOf":{"@id":"https:\/\/oreskylaw.com\/es\/#website"},"primaryImageOfPage":{"@id":"https:\/\/oreskylaw.com\/es\/bronx\/abogados-de-mordeduras-de-perro\/#primaryimage"},"image":{"@id":"https:\/\/oreskylaw.com\/es\/bronx\/abogados-de-mordeduras-de-perro\/#primaryimage"},"thumbnailUrl":"https:\/\/oreskylaw.com\/wp-content\/uploads\/2026\/01\/dog-bite-lawyers.png","datePublished":"2025-12-08T02:23:01+00:00","dateModified":"2026-01-30T13:18:02+00:00","description":"\u00bfMordido por un perro en el Bronx, NYC? Llame a un abogado de lesiones personales en Oresky & Associates, PLLC para luchar por compensaci\u00f3n financiera.","breadcrumb":{"@id":"https:\/\/oreskylaw.com\/es\/bronx\/abogados-de-mordeduras-de-perro\/#breadcrumb"},"inLanguage":"es","potentialAction":[{"@type":"ReadAction","target":["https:\/\/oreskylaw.com\/es\/bronx\/abogados-de-mordeduras-de-perro\/"]}]},{"@type":"ImageObject","inLanguage":"es","@id":"https:\/\/oreskylaw.com\/es\/bronx\/abogados-de-mordeduras-de-perro\/#primaryimage","url":"https:\/\/oreskylaw.com\/wp-content\/uploads\/2026\/01\/dog-bite-lawyers.png","contentUrl":"https:\/\/oreskylaw.com\/wp-content\/uploads\/2026\/01\/dog-bite-lawyers.png","width":810,"height":330,"caption":"barking dog"},{"@type":"BreadcrumbList","@id":"https:\/\/oreskylaw.com\/es\/bronx\/abogados-de-mordeduras-de-perro\/#breadcrumb","itemListElement":[{"@type":"ListItem","position":1,"name":"Inicio","item":"https:\/\/oreskylaw.com\/es\/"},{"@type":"ListItem","position":2,"name":"Abogado de lesiones personales en el Bronx","item":"https:\/\/oreskylaw.com\/es\/bronx\/"},{"@type":"ListItem","position":3,"name":"Abogado de Mordeduras de Perro"}]},{"@type":"WebSite","@id":"https:\/\/oreskylaw.com\/es\/#website","url":"https:\/\/oreskylaw.com\/es\/","name":"Oresky & Associates PLLC","description":"","publisher":{"@id":"https:\/\/oreskylaw.com\/es\/#organization"},"potentialAction":[{"@type":"SearchAction","target":{"@type":"EntryPoint","urlTemplate":"https:\/\/oreskylaw.com\/es\/?s={search_term_string}"},"query-input":{"@type":"PropertyValueSpecification","valueRequired":true,"valueName":"search_term_string"}}],"inLanguage":"es"}]}},"_links":{"self":[{"href":"https:\/\/oreskylaw.com\/es\/wp-json\/wp\/v2\/pages\/17833","targetHints":{"allow":["GET"]}}],"collection":[{"href":"https:\/\/oreskylaw.com\/es\/wp-json\/wp\/v2\/pages"}],"about":[{"href":"https:\/\/oreskylaw.com\/es\/wp-json\/wp\/v2\/types\/page"}],"author":[{"embeddable":true,"href":"https:\/\/oreskylaw.com\/es\/wp-json\/wp\/v2\/users\/9"}],"replies":[{"embeddable":true,"href":"https:\/\/oreskylaw.com\/es\/wp-json\/wp\/v2\/comments?post=17833"}],"version-history":[{"count":0,"href":"https:\/\/oreskylaw.com\/es\/wp-json\/wp\/v2\/pages\/17833\/revisions"}],"up":[{"embeddable":true,"href":"https:\/\/oreskylaw.com\/es\/wp-json\/wp\/v2\/pages\/17391"}],"wp:featuredmedia":[{"embeddable":true,"href":"https:\/\/oreskylaw.com\/es\/wp-json\/wp\/v2\/media\/23878"}],"wp:attachment":[{"href":"https:\/\/oreskylaw.com\/es\/wp-json\/wp\/v2\/media?parent=17833"}],"curies":[{"name":"wp","href":"https:\/\/api.w.org\/{rel}","templated":true}]}}