{"id":17846,"date":"2025-12-08T02:23:30","date_gmt":"2025-12-08T02:23:30","guid":{"rendered":"https:\/\/oreskylaw.com\/?page_id=17846"},"modified":"2026-01-23T09:02:03","modified_gmt":"2026-01-23T09:02:03","slug":"abogados-de-accidentes-de-auto-por-conducir-bajo-los-efectos-del-alcohol","status":"publish","type":"page","link":"https:\/\/oreskylaw.com\/es\/bronx\/abogados-de-accidentes-de-auto-por-conducir-bajo-los-efectos-del-alcohol\/","title":{"rendered":"Abogado de Accidentes por Conducir bajo la Influencia (DUI)"},"content":{"rendered":"<p>\u00bfRecientemente result\u00f3 herido en un accidente con un director de orquesta ebrio en el Bronx, New York?\u00a0<a href=\"https:\/\/oreskylaw.com\/es\/contacto\/\">Cont\u00e1ctanos<\/a>\u00a0o llama\u00a0<a href=\"https:\/\/oreskylaw.com\/es\/about-us.html\">Oresky &amp; Associates, LLC<\/a>, Alabama\u00a0<a href=\"tel:+19299304705\">(929) 930-4705<\/a>\u00a0para obtener asistencia legal inmediata. Usted podr\u00eda tener el derecho de presentar una demanda por lesiones personales contra el conductor ebrio y otras partes involucradas. Nuestros abogados especializados en accidentes de DUI en el Bronx est\u00e1n listos para ayudarle a buscar la m\u00e1xima compensaci\u00f3n por sus gastos m\u00e9dicos, p\u00e9rdida de ingresos y sufrimiento.<\/p>\n<p>Desde 1992, nuestro equipo legal galardonado ha ayudado a v\u00edctimas de accidentes y sus familias en toda la ciudad de New York a luchar luego de accidentes devastadores. Cuando su vida cambie a causa de un accidente de DUI en el Bronx, estaremos listos para poner nuestras d\u00e9cadas de experiencia a su favor.<\/p>\n<p>Hemos ganado m\u00e1s de 400 millones de d\u00f3lares para nuestros clientes. Perm\u00edtanos ayudarle a obtener el dinero que merece despu\u00e9s de ser golpeado por un conductor ebrio en el Bronx, New York. Su primera consulta es gratuita, as\u00ed que llame a nuestra oficina legal para programar la suya hoy mismo.<\/p>\n<h2>C\u00f3mo puede ayudar a Oresky &amp; Associates, PLLC Despu\u00e9s de un accidente automovil\u00edstico por conducci\u00f3n bajo la influencia (DUI) en el Bronx<\/h2>\n<p><img loading=\"lazy\" decoding=\"async\" class=\"size-full wp-image-11870 alignleft\" src=\"http:\/\/oreskylaw.com\/wp-content\/uploads\/2026\/01\/hurt-in-a-bronx-red-and-yellow-light-accident.webp\" alt=\"bronx bridge construction site accident attorney\" width=\"300\" height=\"200\" \/>Cuando alguien toma la decisi\u00f3n de ponerse al volante estando ebrio o incapacitado, las consecuencias pueden ser catastr\u00f3ficas. Si ha estado involucrado en un accidente de autom\u00f3vil en el Bronx con un conductor ebrio, usted merece ser compensado completamente por sus lesiones.<\/p>\n<p>Los abogados de accidentes de autom\u00f3vil de Oresky &amp; Associates, PLLC est\u00e1n aqu\u00ed para ayudar a que eso se convierta en una realidad.<\/p>\n<p>Usted dedique el tiempo necesario para recuperarse mientras nuestro bufete de abogados:<\/p>\n<ul>\n<li>Re\u00fane pruebas para demostrar que otro conductor estaba bajo la influencia de drogas o alcohol.<\/li>\n<li>Colabora con expertos mientras construimos su caso y evaluamos su valor.<\/li>\n<li>Refuta las afirmaciones de que usted comparte la responsabilidad por el accidente automovil\u00edstico o por sus lesiones.<\/li>\n<li>Determina qui\u00e9n, adem\u00e1s del conductor afectado, puede tener la culpa y compartir la responsabilidad.<\/li>\n<li>Maneja las negociaciones con la compa\u00f1\u00eda de seguros del conductor ebrio o con otras terceras partes.<\/li>\n<\/ul>\n<p>Si no se le ofrece un acuerdo justo, nuestros respetados abogados de juicio en New York estar\u00e1n preparados para llevar su caso a juicio.<\/p>\n<p>No tememos enfrentarnos a conductores ebrios y compa\u00f1\u00edas de seguros por nuestros clientes. Nuestro bufete est\u00e1 listo para hacer lo que sea necesario para conseguirle hasta el \u00faltimo centavo que se merece. Perm\u00edtanos manejar su caso de accidente DUI de principio a fin. Usted tome esta oportunidad para concentrarse en recuperarse y seguir adelante con su vida.<\/p>\n<h2>\u00bfQu\u00e9 son tan comunes los accidentes de DUI en el Bronx?<\/h2>\n<p>Seg\u00fan la Administraci\u00f3n Nacional de Seguridad del Tr\u00e1fico en Carreteras (NHTSA), una persona muere en un accidente de coche por conducci\u00f3n bajo la influencia cada 52 minutos.<\/p>\n<p>Eso son 28 accidentes de DUI al d\u00eda, o m\u00e1s de 10.200 choques por conducci\u00f3n ebria anualmente.<\/p>\n<p>La conducci\u00f3n bajo la influencia es un problema en todas partes, y el Bronx no es la excepci\u00f3n. Los datos del Departamento de Polic\u00eda de New York (NYPD) muestran que hubo al menos 249 accidentes de autom\u00f3vil bajo los efectos del alcohol en el Bronx en 2021.<\/p>\n<p>Esto solo incluye los choques donde la causaci\u00f3n, incluyendo alcohol, drogas ilegales y medicamentos recetados, se registr\u00f3.<\/p>\n<p>En marzo de 2022, el \u00faltimo mes para el que se dispone de datos, se informaron al menos 33 accidentes de DUI en el Bronx. Esto pone al distrito en camino de superar el n\u00famero de accidentes de conducci\u00f3n ebria reportados el a\u00f1o anterior.<\/p>\n<h2>\u00bfPor qu\u00e9 las drogas y el alcohol causan tantos accidentes de autos?<\/h2>\n<p>Las drogas y el alcohol alteran la capacidad del cuerpo para funcionar. Los conductores que no est\u00e1n alertas y conscientes tienen m\u00e1s probabilidades de causar accidentes de tr\u00e1fico.<\/p>\n<p>Como depresivo, es bien sabido que el alcohol:<\/p>\n<ul>\n<li>Disminuya el tiempo de reacci\u00f3n.<\/li>\n<li>Desacelera el procesamiento cognitivo.<\/li>\n<li>Deteriora la visi\u00f3n y otros sentidos.<\/li>\n<li>Afecta a la funci\u00f3n motora y al control.<\/li>\n<li>Limita la capacidad de concentrarse y tomar decisiones racionales.<\/li>\n<\/ul>\n<p>Este es el problema con eso. A una velocidad de 55 MPH, se puede conducir la longitud de un campo de f\u00fatbol americano en menos de 5 segundos.<\/p>\n<p>Ahora imagina conducir esa distancia y esa velocidad en estado de ebrio. Podr\u00eda causar mucho da\u00f1o, especialmente en una parte concurrida de New York como el Bronx. No puede recorrer 100 yardas en el distrito sin pasar por una intersecci\u00f3n, adelantar otros veh\u00edculos o tener que tomar decisiones cr\u00edticas en fracciones de segundo.<\/p>\n    <div class=\"cw-cta-box\">\n        <div class=\"cw-cta-box__inner \">\n            <div class=\"cw-cta-box__info\">\n                                    <div class=\"label\">\u00a1Llame ahora!<\/div>\n                            <\/div>\n                            <div class=\"contact-phone\">\n                    <a href=\"tel:7189939999\"\n                        aria-label=\"Tap to call button\">\n                        718-993-9999                    <\/a>\n                <\/div>\n                    <\/div>\n                    <a href=\"\/es\/contacto\/\"\n               class=\"cta-btn btn btn--primary btn\"\n               target=\"\">\n                Obtenga Una Consulta Gratuita            <\/a>\n            <\/div>\n    \n<h2>\u00bfQui\u00e9n puede ser responsable de un accidente de DUI en el Bronx?<\/h2>\n<p>Podr\u00eda pensar que el conductor ebrio es el \u00fanico al que puede demandar si result\u00f3 herido en un accidente de DUI en el Bronx. Sin embargo, eso no es necesariamente cierto.<\/p>\n<p>En New York, puede buscar da\u00f1os de cualquier persona que contribuya directa o indirectamente a un accidente automovil\u00edstico.<\/p>\n<p>Esto podr\u00eda incluir:<\/p>\n<ul>\n<li>El director era negro o drogado.<\/li>\n<li>Otros conductores negligentes.<\/li>\n<li>Peatones o ciclistas.<\/li>\n<li>Propietarios de propiedades.<\/li>\n<li>Agencias gubernamentales.<\/li>\n<li>Veh\u00edculos fabricantes.<\/li>\n<\/ul>\n<p>New York tambi\u00e9n tiene una ley de responsabilidad de establecimientos (responsabilidad de tiendas de bebidas alcoh\u00f3licas), lo que significa que quien haya proporcionado alcohol al conductor ebrio podr\u00eda ser considerado financieramente responsable de un accidente.<\/p>\n<p>Esto se aplica a:<\/p>\n<ul>\n<li>Bares, restaurantes y otros establecimientos que venden alcohol a adultos visiblemente intoxicados, o<\/li>\n<li>Anfitriones sociales (padres, hermanos, amigos) que permitan conscientemente que los menores consuman alcohol.<\/li>\n<\/ul>\n<p>Es importante considerar la responsabilidad desde todos los \u00e1ngulos posibles. Buscar compensaci\u00f3n de varias fuentes puede ayudar a asegurar que se le otorgue la compensaci\u00f3n completa por su caso de accidente de conducci\u00f3n ebria.<\/p>\n<h2>Oresky &amp; Associates, PLLC puede ayudar a buscar la m\u00e1xima compensaci\u00f3n despu\u00e9s de un accidente de DUI en el Bronx, New York<\/h2>\n<p>Ya sea que haya sufrido una lesi\u00f3n cerebral traum\u00e1tica, quemaduras graves o haya perdido a un familiar en un fatal accidente de DUI en el Bronx, Oresky &amp; Associates, PLLC puede ayudar. Nuestros abogados de accidentes de DUI en el Bronx pueden luchar para conseguir el dinero que se merece por sus cuentas m\u00e9dicas, otras p\u00e9rdidas financieras y sufrimiento.<\/p>\n<p>Ofrecemos una evaluaci\u00f3n gratuita de su caso y trabajamos bajo contingencia, lo que significa que no paga nada a menos que ganemos su caso. Llame a nuestra oficina de abogados en el Bronx, New York, para obtener m\u00e1s informaci\u00f3n ahora mismo.<\/p>\n","protected":false},"excerpt":{"rendered":"<p>\u00bfRecientemente result\u00f3 herido en un accidente con un director de orquesta ebrio en el Bronx, New York?\u00a0Cont\u00e1ctanos\u00a0o llama\u00a0Oresky &amp; Associates, LLC, Alabama\u00a0(929) 930-4705\u00a0para obtener asistencia legal inmediata. Usted podr\u00eda tener el derecho de presentar una demanda por lesiones personales contra el conductor ebrio y otras partes involucradas. Nuestros abogados especializados en accidentes de DUI en [&hellip;]<\/p>\n","protected":false},"author":9,"featured_media":24049,"parent":17391,"menu_order":44,"comment_status":"closed","ping_status":"closed","template":"","meta":{"_acf_changed":false,"footnotes":""},"class_list":["post-17846","page","type-page","status-publish","has-post-thumbnail","hentry"],"acf":[],"yoast_head":"<!-- This site is optimized with the Yoast SEO plugin v27.3 - https:\/\/yoast.com\/product\/yoast-seo-wordpress\/ -->\n<title>Abogado de Accidentes de DUI en el Bronx, NY - Oresky &amp; Associates, PLLC<\/title>\n<meta name=\"description\" content=\"Accidentes de tr\u00e1fico por alcohol en el Bronx pueden causar lesiones y muerte. Cont\u00e1ctenos hoy y hable con un abogado especializado en accidentes de coche.\" \/>\n<meta name=\"robots\" content=\"index, follow, max-snippet:-1, max-image-preview:large, max-video-preview:-1\" \/>\n<link rel=\"canonical\" href=\"https:\/\/oreskylaw.com\/es\/bronx\/abogados-de-accidentes-de-auto-por-conducir-bajo-los-efectos-del-alcohol\/\" \/>\n<meta property=\"og:locale\" content=\"es_ES\" \/>\n<meta property=\"og:type\" content=\"article\" \/>\n<meta property=\"og:title\" content=\"Abogado de Accidentes de DUI en el Bronx, NY - Oresky &amp; Associates, PLLC\" \/>\n<meta property=\"og:description\" content=\"Accidentes de tr\u00e1fico por alcohol en el Bronx pueden causar lesiones y muerte. Cont\u00e1ctenos hoy y hable con un abogado especializado en accidentes de coche.\" \/>\n<meta property=\"og:url\" content=\"https:\/\/oreskylaw.com\/es\/bronx\/abogados-de-accidentes-de-auto-por-conducir-bajo-los-efectos-del-alcohol\/\" \/>\n<meta property=\"og:site_name\" content=\"Oresky &amp; Associates, PLLC\" \/>\n<meta property=\"article:publisher\" content=\"https:\/\/www.facebook.com\/Oreskylaw\/\" \/>\n<meta property=\"article:modified_time\" content=\"2026-01-23T09:02:03+00:00\" \/>\n<meta property=\"og:image\" content=\"https:\/\/oreskylaw.com\/wp-content\/uploads\/2026\/01\/dui-car-accident-lawyers.png\" \/>\n\t<meta property=\"og:image:width\" content=\"810\" \/>\n\t<meta property=\"og:image:height\" content=\"330\" \/>\n\t<meta property=\"og:image:type\" content=\"image\/png\" \/>\n<meta name=\"twitter:card\" content=\"summary_large_image\" \/>\n<meta name=\"twitter:site\" content=\"@JacobOreskyLaw\" \/>\n<meta name=\"twitter:label1\" content=\"Tiempo de lectura\" \/>\n\t<meta name=\"twitter:data1\" content=\"6 minutos\" \/>\n<!-- \/ Yoast SEO plugin. -->","yoast_head_json":{"title":"Abogado de Accidentes de DUI en el Bronx, NY - Oresky & Associates, PLLC","description":"Accidentes de tr\u00e1fico por alcohol en el Bronx pueden causar lesiones y muerte. Cont\u00e1ctenos hoy y hable con un abogado especializado en accidentes de coche.","robots":{"index":"index","follow":"follow","max-snippet":"max-snippet:-1","max-image-preview":"max-image-preview:large","max-video-preview":"max-video-preview:-1"},"canonical":"https:\/\/oreskylaw.com\/es\/bronx\/abogados-de-accidentes-de-auto-por-conducir-bajo-los-efectos-del-alcohol\/","og_locale":"es_ES","og_type":"article","og_title":"Abogado de Accidentes de DUI en el Bronx, NY - Oresky & Associates, PLLC","og_description":"Accidentes de tr\u00e1fico por alcohol en el Bronx pueden causar lesiones y muerte. Cont\u00e1ctenos hoy y hable con un abogado especializado en accidentes de coche.","og_url":"https:\/\/oreskylaw.com\/es\/bronx\/abogados-de-accidentes-de-auto-por-conducir-bajo-los-efectos-del-alcohol\/","og_site_name":"Oresky &amp; Associates, PLLC","article_publisher":"https:\/\/www.facebook.com\/Oreskylaw\/","article_modified_time":"2026-01-23T09:02:03+00:00","og_image":[{"width":810,"height":330,"url":"https:\/\/oreskylaw.com\/wp-content\/uploads\/2026\/01\/dui-car-accident-lawyers.png","type":"image\/png"}],"twitter_card":"summary_large_image","twitter_site":"@JacobOreskyLaw","twitter_misc":{"Tiempo de lectura":"6 minutos"},"schema":{"@context":"https:\/\/schema.org","@graph":[{"@type":"WebPage","@id":"https:\/\/oreskylaw.com\/es\/bronx\/abogados-de-accidentes-de-auto-por-conducir-bajo-los-efectos-del-alcohol\/","url":"https:\/\/oreskylaw.com\/es\/bronx\/abogados-de-accidentes-de-auto-por-conducir-bajo-los-efectos-del-alcohol\/","name":"Abogado de Accidentes de DUI en el Bronx, NY - Oresky & Associates, PLLC","isPartOf":{"@id":"https:\/\/oreskylaw.com\/es\/#website"},"primaryImageOfPage":{"@id":"https:\/\/oreskylaw.com\/es\/bronx\/abogados-de-accidentes-de-auto-por-conducir-bajo-los-efectos-del-alcohol\/#primaryimage"},"image":{"@id":"https:\/\/oreskylaw.com\/es\/bronx\/abogados-de-accidentes-de-auto-por-conducir-bajo-los-efectos-del-alcohol\/#primaryimage"},"thumbnailUrl":"https:\/\/oreskylaw.com\/wp-content\/uploads\/2026\/01\/dui-car-accident-lawyers.png","datePublished":"2025-12-08T02:23:30+00:00","dateModified":"2026-01-23T09:02:03+00:00","description":"Accidentes de tr\u00e1fico por alcohol en el Bronx pueden causar lesiones y muerte. Cont\u00e1ctenos hoy y hable con un abogado especializado en accidentes de coche.","breadcrumb":{"@id":"https:\/\/oreskylaw.com\/es\/bronx\/abogados-de-accidentes-de-auto-por-conducir-bajo-los-efectos-del-alcohol\/#breadcrumb"},"inLanguage":"es","potentialAction":[{"@type":"ReadAction","target":["https:\/\/oreskylaw.com\/es\/bronx\/abogados-de-accidentes-de-auto-por-conducir-bajo-los-efectos-del-alcohol\/"]}]},{"@type":"ImageObject","inLanguage":"es","@id":"https:\/\/oreskylaw.com\/es\/bronx\/abogados-de-accidentes-de-auto-por-conducir-bajo-los-efectos-del-alcohol\/#primaryimage","url":"https:\/\/oreskylaw.com\/wp-content\/uploads\/2026\/01\/dui-car-accident-lawyers.png","contentUrl":"https:\/\/oreskylaw.com\/wp-content\/uploads\/2026\/01\/dui-car-accident-lawyers.png","width":810,"height":330,"caption":"drinking while driving"},{"@type":"BreadcrumbList","@id":"https:\/\/oreskylaw.com\/es\/bronx\/abogados-de-accidentes-de-auto-por-conducir-bajo-los-efectos-del-alcohol\/#breadcrumb","itemListElement":[{"@type":"ListItem","position":1,"name":"Inicio","item":"https:\/\/oreskylaw.com\/es\/"},{"@type":"ListItem","position":2,"name":"Abogado de lesiones personales en el Bronx","item":"https:\/\/oreskylaw.com\/es\/bronx\/"},{"@type":"ListItem","position":3,"name":"Abogado de Accidentes por Conducir bajo la Influencia (DUI)"}]},{"@type":"WebSite","@id":"https:\/\/oreskylaw.com\/es\/#website","url":"https:\/\/oreskylaw.com\/es\/","name":"Oresky & Associates PLLC","description":"","publisher":{"@id":"https:\/\/oreskylaw.com\/es\/#organization"},"potentialAction":[{"@type":"SearchAction","target":{"@type":"EntryPoint","urlTemplate":"https:\/\/oreskylaw.com\/es\/?s={search_term_string}"},"query-input":{"@type":"PropertyValueSpecification","valueRequired":true,"valueName":"search_term_string"}}],"inLanguage":"es"}]}},"_links":{"self":[{"href":"https:\/\/oreskylaw.com\/es\/wp-json\/wp\/v2\/pages\/17846","targetHints":{"allow":["GET"]}}],"collection":[{"href":"https:\/\/oreskylaw.com\/es\/wp-json\/wp\/v2\/pages"}],"about":[{"href":"https:\/\/oreskylaw.com\/es\/wp-json\/wp\/v2\/types\/page"}],"author":[{"embeddable":true,"href":"https:\/\/oreskylaw.com\/es\/wp-json\/wp\/v2\/users\/9"}],"replies":[{"embeddable":true,"href":"https:\/\/oreskylaw.com\/es\/wp-json\/wp\/v2\/comments?post=17846"}],"version-history":[{"count":0,"href":"https:\/\/oreskylaw.com\/es\/wp-json\/wp\/v2\/pages\/17846\/revisions"}],"up":[{"embeddable":true,"href":"https:\/\/oreskylaw.com\/es\/wp-json\/wp\/v2\/pages\/17391"}],"wp:featuredmedia":[{"embeddable":true,"href":"https:\/\/oreskylaw.com\/es\/wp-json\/wp\/v2\/media\/24049"}],"wp:attachment":[{"href":"https:\/\/oreskylaw.com\/es\/wp-json\/wp\/v2\/media?parent=17846"}],"curies":[{"name":"wp","href":"https:\/\/api.w.org\/{rel}","templated":true}]}}