{"id":17857,"date":"2025-12-08T02:23:48","date_gmt":"2025-12-08T02:23:48","guid":{"rendered":"https:\/\/oreskylaw.com\/?page_id=17857"},"modified":"2026-01-30T13:21:09","modified_gmt":"2026-01-30T13:21:09","slug":"abogados-de-accidentes-de-camiones-por-conducir-bajo-los-efectos-del-alcohol","status":"publish","type":"page","link":"https:\/\/oreskylaw.com\/es\/bronx\/abogados-de-accidentes-de-camiones-por-conducir-bajo-los-efectos-del-alcohol\/","title":{"rendered":"Uso de Drogas y Alcohol por Conductores de Camiones"},"content":{"rendered":"<h2>Uso de Drogas y Alcohol por Conductores de Camiones en el Bronx, NY<\/h2>\n<p>Conducir bajo la influencia de drogas o alcohol es peligroso en cualquier escenario, ya sea que est\u00e9s montando en bicicleta u operando un veh\u00edculo motorizado. Sin embargo, conducir un cami\u00f3n de 80.000 libras bajo la influencia puede resultar en consecuencias desastrosas.<\/p>\n<p>Si has estado involucrado en un accidente causado por el uso de drogas o alcohol de un conductor de cami\u00f3n en el Bronx, NY, necesitas un defensor legal con experiencia a tu lado. Oresky &amp; Associates, PLLC est\u00e1 aqu\u00ed para encargarse de tu caso de accidente de cami\u00f3n comercial mientras t\u00fa te concentras en recuperarte, ll\u00e1manos al\u00a0<a href=\"tel:+19299304705\">(929) 930-4705<\/a>.<\/p>\n<p>Nuestros abogados de accidentes de camiones en el Bronx tienen m\u00e1s de 30 a\u00f1os de experiencia representando a v\u00edctimas de lesiones personales. Hemos adquirido m\u00e1s de $400 millones en compensaciones y veredictos de seguros que cambian vidas, y estamos listos para obtener la m\u00e1xima compensaci\u00f3n para ti.<\/p>\n<p><a href=\"https:\/\/oreskylaw.com\/es\/contacto\/\">Contacta<\/a>\u00a0nuestra oficina legal en el Bronx, New York hoy para programar una consulta gratuita. Ofreceremos un asesoramiento legal honesto y explicaremos tus opciones para recuperar compensaci\u00f3n en una reclamaci\u00f3n o demanda de accidente de cami\u00f3n.<\/p>\n<h2>C\u00f3mo Puede Ayudar Oresky &amp; Associates, PLLC Despu\u00e9s de un Accidente Causado por el Uso de Drogas o Alcohol de un Conductor de Cami\u00f3n en el Bronx<\/h2>\n<p><img loading=\"lazy\" decoding=\"async\" class=\"size-full wp-image-11884 alignleft\" src=\"https:\/\/oreskylaw.com\/wp-content\/uploads\/2026\/01\/Help-After-a-Truck-Accident-in-the-Bronx.webp\" alt=\"bronx bridge construction site accident attorney\" width=\"300\" height=\"207\" \/>Los casos de accidentes de camiones son complejos. Pueden estar involucradas m\u00faltiples partes y regulaciones estatales y federales de camiones pueden afectar tu reclamo. Es imprudente intentar lidiar con un reclamo de veh\u00edculo comercial por tu cuenta. Los abogados de lesiones personales en el Bronx de Oresky &amp; Associates, PLLC saben c\u00f3mo manejar casos dif\u00edciles de accidentes de camiones. Lucharemos para recuperar compensaci\u00f3n por la totalidad de tus da\u00f1os, incluyendo facturas m\u00e9dicas, salarios perdidos y angustia mental.<\/p>\n<p>Cuando contratas a nuestros abogados galardonados para representarte en tu caso de accidente de cami\u00f3n en el Bronx, nosotros:<\/p>\n<ul>\n<li>Investigaremos tu accidente de cami\u00f3n y identificaremos a todas las partes que puedan ser responsables<\/li>\n<li>Reuniremos evidencia para probar que el conductor del cami\u00f3n estaba bajo la influencia en el momento de la colisi\u00f3n<\/li>\n<li>Coordinaremos con agencias estatales y federales en la investigaci\u00f3n de tu accidente<\/li>\n<li>Negociaremos y comunicaremos con compa\u00f1\u00edas de seguros y de camiones en tu nombre<\/li>\n<li>Consultaremos a expertos en reconstrucci\u00f3n de accidentes y expertos en camiones para construir un caso s\u00f3lido<\/li>\n<li>Llevaremos tu caso a un tribunal del condado de Bronx si las partes contrarias se niegan a ofrecer un acuerdo justo<\/li>\n<\/ul>\n<p>No tienes que enfrentar a las empresas de camiones y a sus proveedores de seguros solo. Contacta a Oresky &amp; Associates, PLLC para una consulta inicial gratuita para ver c\u00f3mo podemos ayudar despu\u00e9s de tu accidente con un remolque.<\/p>\n<h2>\u00bfQu\u00e9 Tan Comunes Son los Accidentes Involucrando el Uso de Drogas y Alcohol por Conductores de Camiones?<\/h2>\n<p>Seg\u00fan datos de la Administraci\u00f3n Federal de Seguridad de Autotransportistas (FMCSA), el 6% de los camioneros involucrados en accidentes fatales en 2019 dieron positivo en al menos una droga. Sin embargo, el 59% no fue examinado, por lo que el porcentaje de conductores afectados involucrados en colisiones fatales probablemente sea mucho m\u00e1s alto.<\/p>\n<p>La NHTSA inform\u00f3 que a nivel nacional, el 3% de los accidentes fatales de camiones en 2020 involucraron alcohol. El estado de New York estuvo ligeramente por debajo del promedio nacional, con un 2% de los accidentes mortales de camiones en el estado involucrando alteraci\u00f3n por alcohol.<\/p>\n    <div class=\"cw-cta-box\">\n        <div class=\"cw-cta-box__inner \">\n            <div class=\"cw-cta-box__info\">\n                                    <div class=\"label\">\u00a1Llame ahora!<\/div>\n                            <\/div>\n                            <div class=\"contact-phone\">\n                    <a href=\"tel:7189939999\"\n                        aria-label=\"Tap to call button\">\n                        718-993-9999                    <\/a>\n                <\/div>\n                    <\/div>\n                    <a href=\"\/es\/contacto\/\"\n               class=\"cta-btn btn btn--primary btn\"\n               target=\"\">\n                Obtenga Una Consulta Gratuita            <\/a>\n            <\/div>\n    \n<h2>\u00bfCu\u00e1les Son los Requisitos de Pruebas de Drogas y Alcohol Para la Industria del Transporte de Camiones Comerciales?<\/h2>\n<p>La FMCSA regula el transporte comercial de camiones bajo el T\u00edtulo 49 del C\u00f3digo de Regulaciones Federales (CFR). La Parte 382 y la Parte 40 detallan los requisitos de prueba de alcohol y drogas que las compa\u00f1\u00edas de transporte de camiones deben cumplir, as\u00ed como las consecuencias de las violaciones por abuso de sustancias.<\/p>\n<p>Los conductores con licencia de conductor comercial (CDL) que manejan veh\u00edculos comerciales deben ser examinados regularmente por su empleador para sustancias controladas y alcohol.<\/p>\n<p>Algunos de los requisitos que los empleadores de conductores de camiones deben cumplir incluyen:<\/p>\n<ul>\n<li>Examinar a nuevos conductores antes de permitirles operar un cami\u00f3n<\/li>\n<li>Examinar a los conductores despu\u00e9s de estar involucrados en un accidente de tr\u00e1fico que cause la muerte<\/li>\n<li>Examinar a los conductores si reciben una citaci\u00f3n de tr\u00e1fico por un accidente que cause lesiones o da\u00f1os incapacitantes<\/li>\n<li>Ex\u00e1menes aleatorios a los conductores<\/li>\n<li>Examinar a los conductores que parezcan estar bajo la influencia (pruebas de sospecha razonable)<\/li>\n<li>Suspender a los conductores que fallen una prueba o se nieguen a realizar una prueba<\/li>\n<li>Examinar a los conductores que han vuelto al trabajo despu\u00e9s de ser suspendidos por dar positivo, negarse a una prueba, o violar cualquier regla relacionada con abuso de sustancias<\/li>\n<li>Pruebas de seguimiento a conductores que han vuelto al trabajo despu\u00e9s de una violaci\u00f3n<\/li>\n<\/ul>\n<p>Adem\u00e1s de los programas de pruebas de drogas, los empleadores deben establecer pol\u00edticas sobre el mal uso de alcohol y drogas y garantizar que todos los conductores tengan acceso a la informaci\u00f3n. Los supervisores deben recibir capacitaci\u00f3n para que conozcan los signos de deterioro por drogas o alcohol.<\/p>\n<h2>\u00bfQu\u00e9 Tipos de Lesiones Resultan de Accidentes Causados por Camioneros Conduciendo Bajo la Influencia?<\/h2>\n<p>Debido al tama\u00f1o y peso de un tractor-remolque, las lesiones sufridas en un accidente de cami\u00f3n pueden ser debilitantes y cambiar la vida.<\/p>\n<p>Hemos ayudado a personas que han sufrido todo tipo de lesiones, incluyendo:<\/p>\n<div class=\"row\">\n<ul class=\"col-xl-6\">\n<li>Lesiones cerebrales traum\u00e1ticas<\/li>\n<li>Fracturas de huesos<\/li>\n<li>Lesiones de espalda<\/li>\n<li>Lesiones de cuello, incluyendo latigazo<\/li>\n<li>Quemaduras<\/li>\n<li>Lesiones en el pecho<\/li>\n<\/ul>\n<ul class=\"col-xl-6\">\n<li>Lesiones por cintur\u00f3n de seguridad<\/li>\n<li>Da\u00f1o a \u00f3rganos internos<\/li>\n<li>Lesiones de tejidos blandos<\/li>\n<li>Lesiones catastr\u00f3ficas<\/li>\n<li>Y m\u00e1s<\/li>\n<\/ul>\n<\/div>\n<p>Te ayudaremos a manejar tus reclamos de seguros mientras te enfocas en recuperarte de tus lesiones. Contacta a nuestros abogados de accidentes de cami\u00f3n en el Bronx hoy para comenzar.<\/p>\n<h2>\u00bfQui\u00e9n Podr\u00eda Ser Responsable Cuando el Uso de Drogas o Alcohol por un Conductor de Cami\u00f3n Causa una Colisi\u00f3n en New York?<\/h2>\n<p>Puedes pensar que porque el conductor del cami\u00f3n estaba bajo la influencia, autom\u00e1ticamente ser\u00e1 responsable de cualquier da\u00f1o que exceda los l\u00edmites de tu p\u00f3liza PIP. Sin embargo, no siempre es el caso. La compa\u00f1\u00eda de camiones podr\u00eda ser legalmente responsable del accidente.<\/p>\n<p>Las compa\u00f1\u00edas de camiones deben contratar camioneros competentes y examinarlos regularmente por drogas y alcohol. Pueden ser responsables de tus da\u00f1os si han sido negligentes en seguir las regulaciones de la industria de transporte de camiones descritas en la Parte 382 o la Parte 40, fallan en hacer cumplir las reglas de horas de servicio, o ignoran otras leyes que gobiernan la industria de camiones.<\/p>\n<h2>Contacta a Nuestros Abogados de Accidentes de Camiones Despu\u00e9s de una Colisi\u00f3n Causada por el Uso de Drogas o Alcohol de un Conductor de Cami\u00f3n en Bronx, NY<\/h2>\n<p>\u00bfFuiste herido en un accidente causado por el uso de drogas o alcohol de un conductor de cami\u00f3n en el Bronx, NY? Si es as\u00ed, podr\u00edas tener derecho a una compensaci\u00f3n significativa por tus gastos m\u00e9dicos, capacidad de ganancia perdida y dolor y sufrimiento.<\/p>\n<p>Contacta a los abogados de accidentes de cami\u00f3n en Oresky &amp; Associates, PLLC para programar una consulta gratuita y discutir tus opciones para la recuperaci\u00f3n.<\/p>\n","protected":false},"excerpt":{"rendered":"<p>Uso de Drogas y Alcohol por Conductores de Camiones en el Bronx, NY Conducir bajo la influencia de drogas o alcohol es peligroso en cualquier escenario, ya sea que est\u00e9s montando en bicicleta u operando un veh\u00edculo motorizado. Sin embargo, conducir un cami\u00f3n de 80.000 libras bajo la influencia puede resultar en consecuencias desastrosas. Si [&hellip;]<\/p>\n","protected":false},"author":9,"featured_media":34179,"parent":17391,"menu_order":46,"comment_status":"closed","ping_status":"closed","template":"","meta":{"_acf_changed":false,"footnotes":""},"class_list":["post-17857","page","type-page","status-publish","has-post-thumbnail","hentry"],"acf":[],"yoast_head":"<!-- This site is optimized with the Yoast SEO plugin v27.3 - https:\/\/yoast.com\/product\/yoast-seo-wordpress\/ -->\n<title>Abogado de accidentes por DUI de camioneros, Bronx - Oresky &amp; Associates, PLLC<\/title>\n<meta name=\"description\" content=\"\u00bfSufri\u00f3 lesiones en un choque provocado por un camionero conduciendo bajo los efectos? Cont\u00e1ctenos para hablar con abogado experto en accidentes de cami\u00f3n.\" \/>\n<meta name=\"robots\" content=\"index, follow, max-snippet:-1, max-image-preview:large, max-video-preview:-1\" \/>\n<link rel=\"canonical\" href=\"https:\/\/oreskylaw.com\/es\/bronx\/abogados-de-accidentes-de-camiones-por-conducir-bajo-los-efectos-del-alcohol\/\" \/>\n<meta property=\"og:locale\" content=\"es_ES\" \/>\n<meta property=\"og:type\" content=\"article\" \/>\n<meta property=\"og:title\" content=\"Abogado de accidentes por DUI de camioneros, Bronx - Oresky &amp; Associates, PLLC\" \/>\n<meta property=\"og:description\" content=\"\u00bfSufri\u00f3 lesiones en un choque provocado por un camionero conduciendo bajo los efectos? Cont\u00e1ctenos para hablar con abogado experto en accidentes de cami\u00f3n.\" \/>\n<meta property=\"og:url\" content=\"https:\/\/oreskylaw.com\/es\/bronx\/abogados-de-accidentes-de-camiones-por-conducir-bajo-los-efectos-del-alcohol\/\" \/>\n<meta property=\"og:site_name\" content=\"Oresky &amp; Associates, PLLC\" \/>\n<meta property=\"article:publisher\" content=\"https:\/\/www.facebook.com\/Oreskylaw\/\" \/>\n<meta property=\"article:modified_time\" content=\"2026-01-30T13:21:09+00:00\" \/>\n<meta property=\"og:image\" content=\"https:\/\/oreskylaw.com\/wp-content\/uploads\/2026\/01\/dui-truck-accident-lawyers.png\" \/>\n\t<meta property=\"og:image:width\" content=\"810\" \/>\n\t<meta property=\"og:image:height\" content=\"330\" \/>\n\t<meta property=\"og:image:type\" content=\"image\/png\" \/>\n<meta name=\"twitter:card\" content=\"summary_large_image\" \/>\n<meta name=\"twitter:site\" content=\"@JacobOreskyLaw\" \/>\n<meta name=\"twitter:label1\" content=\"Tiempo de lectura\" \/>\n\t<meta name=\"twitter:data1\" content=\"6 minutos\" \/>\n<!-- \/ Yoast SEO plugin. -->","yoast_head_json":{"title":"Abogado de accidentes por DUI de camioneros, Bronx - Oresky & Associates, PLLC","description":"\u00bfSufri\u00f3 lesiones en un choque provocado por un camionero conduciendo bajo los efectos? Cont\u00e1ctenos para hablar con abogado experto en accidentes de cami\u00f3n.","robots":{"index":"index","follow":"follow","max-snippet":"max-snippet:-1","max-image-preview":"max-image-preview:large","max-video-preview":"max-video-preview:-1"},"canonical":"https:\/\/oreskylaw.com\/es\/bronx\/abogados-de-accidentes-de-camiones-por-conducir-bajo-los-efectos-del-alcohol\/","og_locale":"es_ES","og_type":"article","og_title":"Abogado de accidentes por DUI de camioneros, Bronx - Oresky & Associates, PLLC","og_description":"\u00bfSufri\u00f3 lesiones en un choque provocado por un camionero conduciendo bajo los efectos? Cont\u00e1ctenos para hablar con abogado experto en accidentes de cami\u00f3n.","og_url":"https:\/\/oreskylaw.com\/es\/bronx\/abogados-de-accidentes-de-camiones-por-conducir-bajo-los-efectos-del-alcohol\/","og_site_name":"Oresky &amp; Associates, PLLC","article_publisher":"https:\/\/www.facebook.com\/Oreskylaw\/","article_modified_time":"2026-01-30T13:21:09+00:00","og_image":[{"width":810,"height":330,"url":"https:\/\/oreskylaw.com\/wp-content\/uploads\/2026\/01\/dui-truck-accident-lawyers.png","type":"image\/png"}],"twitter_card":"summary_large_image","twitter_site":"@JacobOreskyLaw","twitter_misc":{"Tiempo de lectura":"6 minutos"},"schema":{"@context":"https:\/\/schema.org","@graph":[{"@type":"WebPage","@id":"https:\/\/oreskylaw.com\/es\/bronx\/abogados-de-accidentes-de-camiones-por-conducir-bajo-los-efectos-del-alcohol\/","url":"https:\/\/oreskylaw.com\/es\/bronx\/abogados-de-accidentes-de-camiones-por-conducir-bajo-los-efectos-del-alcohol\/","name":"Abogado de accidentes por DUI de camioneros, Bronx - Oresky & Associates, PLLC","isPartOf":{"@id":"https:\/\/oreskylaw.com\/es\/#website"},"primaryImageOfPage":{"@id":"https:\/\/oreskylaw.com\/es\/bronx\/abogados-de-accidentes-de-camiones-por-conducir-bajo-los-efectos-del-alcohol\/#primaryimage"},"image":{"@id":"https:\/\/oreskylaw.com\/es\/bronx\/abogados-de-accidentes-de-camiones-por-conducir-bajo-los-efectos-del-alcohol\/#primaryimage"},"thumbnailUrl":"https:\/\/oreskylaw.com\/wp-content\/uploads\/2026\/01\/dui-truck-accident-lawyers.png","datePublished":"2025-12-08T02:23:48+00:00","dateModified":"2026-01-30T13:21:09+00:00","description":"\u00bfSufri\u00f3 lesiones en un choque provocado por un camionero conduciendo bajo los efectos? Cont\u00e1ctenos para hablar con abogado experto en accidentes de cami\u00f3n.","breadcrumb":{"@id":"https:\/\/oreskylaw.com\/es\/bronx\/abogados-de-accidentes-de-camiones-por-conducir-bajo-los-efectos-del-alcohol\/#breadcrumb"},"inLanguage":"es","potentialAction":[{"@type":"ReadAction","target":["https:\/\/oreskylaw.com\/es\/bronx\/abogados-de-accidentes-de-camiones-por-conducir-bajo-los-efectos-del-alcohol\/"]}]},{"@type":"ImageObject","inLanguage":"es","@id":"https:\/\/oreskylaw.com\/es\/bronx\/abogados-de-accidentes-de-camiones-por-conducir-bajo-los-efectos-del-alcohol\/#primaryimage","url":"https:\/\/oreskylaw.com\/wp-content\/uploads\/2026\/01\/dui-truck-accident-lawyers.png","contentUrl":"https:\/\/oreskylaw.com\/wp-content\/uploads\/2026\/01\/dui-truck-accident-lawyers.png","width":810,"height":330,"caption":"truck driver"},{"@type":"BreadcrumbList","@id":"https:\/\/oreskylaw.com\/es\/bronx\/abogados-de-accidentes-de-camiones-por-conducir-bajo-los-efectos-del-alcohol\/#breadcrumb","itemListElement":[{"@type":"ListItem","position":1,"name":"Inicio","item":"https:\/\/oreskylaw.com\/es\/"},{"@type":"ListItem","position":2,"name":"Abogado de lesiones personales en el Bronx","item":"https:\/\/oreskylaw.com\/es\/bronx\/"},{"@type":"ListItem","position":3,"name":"Uso de Drogas y Alcohol por Conductores de Camiones"}]},{"@type":"WebSite","@id":"https:\/\/oreskylaw.com\/es\/#website","url":"https:\/\/oreskylaw.com\/es\/","name":"Oresky & Associates PLLC","description":"","publisher":{"@id":"https:\/\/oreskylaw.com\/es\/#organization"},"potentialAction":[{"@type":"SearchAction","target":{"@type":"EntryPoint","urlTemplate":"https:\/\/oreskylaw.com\/es\/?s={search_term_string}"},"query-input":{"@type":"PropertyValueSpecification","valueRequired":true,"valueName":"search_term_string"}}],"inLanguage":"es"}]}},"_links":{"self":[{"href":"https:\/\/oreskylaw.com\/es\/wp-json\/wp\/v2\/pages\/17857","targetHints":{"allow":["GET"]}}],"collection":[{"href":"https:\/\/oreskylaw.com\/es\/wp-json\/wp\/v2\/pages"}],"about":[{"href":"https:\/\/oreskylaw.com\/es\/wp-json\/wp\/v2\/types\/page"}],"author":[{"embeddable":true,"href":"https:\/\/oreskylaw.com\/es\/wp-json\/wp\/v2\/users\/9"}],"replies":[{"embeddable":true,"href":"https:\/\/oreskylaw.com\/es\/wp-json\/wp\/v2\/comments?post=17857"}],"version-history":[{"count":0,"href":"https:\/\/oreskylaw.com\/es\/wp-json\/wp\/v2\/pages\/17857\/revisions"}],"up":[{"embeddable":true,"href":"https:\/\/oreskylaw.com\/es\/wp-json\/wp\/v2\/pages\/17391"}],"wp:featuredmedia":[{"embeddable":true,"href":"https:\/\/oreskylaw.com\/es\/wp-json\/wp\/v2\/media\/34179"}],"wp:attachment":[{"href":"https:\/\/oreskylaw.com\/es\/wp-json\/wp\/v2\/media?parent=17857"}],"curies":[{"name":"wp","href":"https:\/\/api.w.org\/{rel}","templated":true}]}}