{"id":17868,"date":"2025-12-08T02:24:07","date_gmt":"2025-12-08T02:24:07","guid":{"rendered":"https:\/\/oreskylaw.com\/?page_id=17868"},"modified":"2026-01-30T13:20:23","modified_gmt":"2026-01-30T13:20:23","slug":"abogados-de-accidentes-de-scooter-electrico","status":"publish","type":"page","link":"https:\/\/oreskylaw.com\/es\/bronx\/abogados-de-accidentes-de-scooter-electrico\/","title":{"rendered":"Abogado Especialista en Accidentes de Scooters El\u00e9ctricos en el Bronx"},"content":{"rendered":"<p>\u00bfUsted o un miembro de su familia sufrieron lesiones en un accidente de scooter el\u00e9ctrico en el Bronx, NY? Usted puede tener derecho a recibir una compensaci\u00f3n de la parte culpable. Un abogado experimentado en accidentes de scooters el\u00e9ctricos del Bronx en\u00a0<a href=\"https:\/\/oreskylaw.com\/es\/acerca-de-nosotros\/\">Oresky &amp; Associates, PLLC<\/a>\u00a0le puede ayudar a luchar para recuperar la compensaci\u00f3n por gastos m\u00e9dicos, salarios perdidos y m\u00e1s.<\/p>\n<p>Nuestros abogados tienen m\u00e1s de 30 a\u00f1os de experiencia combinada representando a v\u00edctimas de lesiones personales en toda la ciudad de New York. Trabajando arduamente por nuestros clientes, hemos recuperado m\u00e1s de $400 millones en acuerdos y veredictos desde nuestra fundaci\u00f3n.<\/p>\n<p>Usted merece tiempo para enfocarse en su recuperaci\u00f3n. Para conocer m\u00e1s acerca de sus opciones legales,\u00a0<a href=\"https:\/\/oreskylaw.com\/es\/contact-us.html\">contacte<\/a>\u00a0nuestras oficinas de abogados en el Bronx, New York al\u00a0<a href=\"tel:+19299304705\">(929) 930-4705<\/a>\u00a0y programe una consulta gratuita.<\/p>\n<h2>C\u00f3mo Oresky &amp; Associates, PLLC Puede Ayudar Despu\u00e9s de un Accidente de Scooter El\u00e9ctrico en el Bronx<\/h2>\n<p>Tener un abogado experimentado en su esquina puede mejorar en gran medida sus posibilidades de recuperar la m\u00e1xima compensaci\u00f3n posible. Las compa\u00f1\u00edas de seguros har\u00e1n grandes esfuerzos para pagar menos de lo que usted merece. Incluso podr\u00edan culparlo por el accidente. Es importante tener a un experimentado abogado de lesiones personales del Bronx a su lado para protegerlo.<\/p>\n<p>Nuestros abogados en Oresky &amp; Associates, PLLC han sido reconocidos por Super Lawyers y hemos obtenido un lugar en el Foro de Abogados de Millones de D\u00f3lares. Nuestro abogado fundador tambi\u00e9n ha sido incluido en la lista de \u00abLos Principales Abogados de Lesiones Personales de New York \u00bb de la revista New York.<\/p>\n<p>Contratarnos puede darle una ventaja a su caso porque:<\/p>\n<ul>\n<li>Manejaremos la investigaci\u00f3n del accidente<\/li>\n<li>Recopilaremos pruebas para demostrar su caso<\/li>\n<li>Calcularemos el valor justo de su reclamaci\u00f3n por lesiones personales<\/li>\n<li>Nos enfrentaremos a la compa\u00f1\u00eda de seguros si intentan culparlo<\/li>\n<li>Consultaremos expertos cuando sea necesario para fortalecer su caso<\/li>\n<li>Negociaremos con la compa\u00f1\u00eda de seguros en su nombre<\/li>\n<\/ul>\n<p>Manejar su caso solo puede ser un error. Las compa\u00f1\u00edas de seguros cuentan con el hecho de que usted no tiene mucha experiencia legal. Podr\u00edan utilizar eso para manipularlo y que acepte un acuerdo bajo.<\/p>\n<p>Para aprender m\u00e1s acerca de c\u00f3mo un abogado de lesiones personales del Bronx puede ayudar con su caso, llame para una revisi\u00f3n de caso gratuita hoy.<\/p>\n<h2>\u00bfQu\u00e9 Tan Comunes Son los Accidentes de Scooter El\u00e9ctrico en el Bronx?<\/h2>\n<p>Los scooters el\u00e9ctricos ahora son legales en el Bronx y en gran parte del estado de New York. Aunque los e-scooters como Bird y Lime pueden ser econ\u00f3micos y convenientes, tambi\u00e9n pueden ser m\u00e1s peligrosos que los veh\u00edculos tradicionales de pasajeros. Los e-scooters no ofrecen ninguna protecci\u00f3n para los conductores en un accidente de coche, lo que significa que los conductores de e-scooters tienen mucha m\u00e1s probabilidad de sufrir lesiones graves en un choque.<\/p>\n<p>Los estudios muestran que las lesiones de e-scooter est\u00e1n en aumento. A nivel nacional, la Comisi\u00f3n de Seguridad de Productos del Consumidor encontr\u00f3 que aproximadamente 50.000 v\u00edctimas de accidentes de e-scooter visitaron la sala de emergencias entre 2017 y 2019. Al menos 27 personas murieron en accidentes de scooters el\u00e9ctricos en ese per\u00edodo de tiempo.<\/p>\n<p>Seg\u00fan un informe, se han reportado 588 accidentes de scooters el\u00e9ctricos en toda la ciudad de New York desde 2020. Al menos 538 personas resultaron heridas en esos accidentes. Tres peatones murieron en accidentes de e-scooter.<\/p>\n<p>En otras palabras, casi cada accidente de e-scooter result\u00f3 en una lesi\u00f3n o fatalidad.<\/p>\n    <div class=\"cw-cta-box\">\n        <div class=\"cw-cta-box__inner \">\n            <div class=\"cw-cta-box__info\">\n                                    <div class=\"label\">\u00a1Llame ahora!<\/div>\n                            <\/div>\n                            <div class=\"contact-phone\">\n                    <a href=\"tel:7189939999\"\n                        aria-label=\"Tap to call button\">\n                        718-993-9999                    <\/a>\n                <\/div>\n                    <\/div>\n                    <a href=\"\/es\/contacto\/\"\n               class=\"cta-btn btn btn--primary btn\"\n               target=\"\">\n                Obtenga Una Consulta Gratuita            <\/a>\n            <\/div>\n    \n<h2>\u00bfCu\u00e1nto Vale Mi Caso de Accidente de Scooter El\u00e9ctrico en el Bronx?<\/h2>\n<p>Algunas de las consideraciones m\u00e1s importantes para determinar el valor de su caso incluyen:<\/p>\n<ul>\n<li>El tipo de lesiones involucradas<\/li>\n<li>Si se recuperar\u00e1 por completo o sufrir\u00e1 una discapacidad a largo plazo<\/li>\n<li>El costo de su tratamiento m\u00e9dico<\/li>\n<li>El impacto del accidente en su trabajo, educaci\u00f3n y estilo de vida<\/li>\n<li>Su sufrimiento f\u00edsico y emocional<\/li>\n<li>Las circunstancias del accidente<\/li>\n<li>Si su propia negligencia contribuy\u00f3 al accidente de alguna manera<\/li>\n<\/ul>\n<p>Recuperar una compensaci\u00f3n financiera justa puede ser la clave para ayudarle a volver a ponerse de pie despu\u00e9s de un accidente. Para aprender m\u00e1s acerca de c\u00f3mo nuestros abogados experimentados en Oresky &amp; Associates, PLLC pueden ayudarle a luchar por el dinero que se merece, llame a nuestro bufete de abogados para una revisi\u00f3n gratuita de su caso hoy.<\/p>\n<h2>\u00bfQu\u00e9 Tipos de Da\u00f1os Est\u00e1n Disponibles para las V\u00edctimas de Accidentes de Scooters El\u00e9ctricos?<\/h2>\n<p>Las leyes de lesiones personales de New York clasifican los da\u00f1os como econ\u00f3micos o no econ\u00f3micos por naturaleza.<\/p>\n<h3>Da\u00f1os Econ\u00f3micos<\/h3>\n<p>Los da\u00f1os econ\u00f3micos son sus costos financieros, tales como:<\/p>\n<div class=\"row\">\n<ul class=\"col-xl-6\">\n<li>Gastos m\u00e9dicos pasados y futuros<\/li>\n<li>Salarios perdidos<\/li>\n<li>Capacidad de ingresos reducida<\/li>\n<li>Modificaciones en el hogar y el veh\u00edculo<\/li>\n<\/ul>\n<ul class=\"col-xl-6\">\n<li>Rehabilitaci\u00f3n<\/li>\n<li>Cuidados de enfermer\u00eda y asistencia en el hogar<\/li>\n<li>Da\u00f1o a la propiedad<\/li>\n<\/ul>\n<\/div>\n<h3>Da\u00f1os No Econ\u00f3micos<\/h3>\n<p>Los da\u00f1os no econ\u00f3micos son sus p\u00e9rdidas personales, tales como:<\/p>\n<div class=\"row\">\n<ul class=\"col-xl-6\">\n<li>Dolor y sufrimiento<\/li>\n<li>Angustia mental<\/li>\n<li>Disminuci\u00f3n de la calidad de vida<\/li>\n<\/ul>\n<ul class=\"col-xl-6\">\n<li>Desfiguraciones o cicatrices permanentes<\/li>\n<li>Ansiedad, depresi\u00f3n y PTSD<\/li>\n<li>P\u00e9rdida de consorcio<\/li>\n<\/ul>\n<\/div>\n<p>Su abogado puede ayudarle a determinar los tipos de da\u00f1os que ha sufrido. Trabajaremos incansablemente para recuperar cada d\u00f3lar que merece despu\u00e9s de un accidente de scooter en la ciudad de New York.<\/p>\n<h2>Lucharemos para Recuperar la Compensaci\u00f3n por Todas Sus Lesiones del Accidente de Scooter El\u00e9ctrico<\/h2>\n<p>Nuestros abogados de accidentes de scooter el\u00e9ctrico en el Bronx luchar\u00e1n para recuperar una compensaci\u00f3n justa por todas sus lesiones, incluyendo:<\/p>\n<div class=\"row\">\n<ul class=\"col-xl-6\">\n<li>Fracturas \u00f3seas<\/li>\n<li>Quemaduras y abrasiones por el asfalto<\/li>\n<li>Lesiones cerebrales, incluyendo lesiones cerebrales traum\u00e1ticas y conmociones<\/li>\n<li>Lesiones del cuello<\/li>\n<li>Da\u00f1o a los tejidos blandos<\/li>\n<\/ul>\n<ul class=\"col-xl-6\">\n<li>Lesiones de la m\u00e9dula espinal<\/li>\n<li>Hemorragias internas y da\u00f1o a \u00f3rganos<\/li>\n<li>Amputaciones<\/li>\n<li>Par\u00e1lisis<\/li>\n<li>Lesiones catastr\u00f3ficas<\/li>\n<li>Muerte injusta de un ser querido<\/li>\n<\/ul>\n<\/div>\n<p>Si sufri\u00f3 una lesi\u00f3n, usted podr\u00eda tener un caso v\u00e1lido de lesiones personales contra un tercero negligente. Para aprender m\u00e1s acerca de sus opciones legales, ll\u00e1menos para una evaluaci\u00f3n de caso gratuita hoy.<\/p>\n","protected":false},"excerpt":{"rendered":"<p>\u00bfUsted o un miembro de su familia sufrieron lesiones en un accidente de scooter el\u00e9ctrico en el Bronx, NY? Usted puede tener derecho a recibir una compensaci\u00f3n de la parte culpable. Un abogado experimentado en accidentes de scooters el\u00e9ctricos del Bronx en\u00a0Oresky &amp; Associates, PLLC\u00a0le puede ayudar a luchar para recuperar la compensaci\u00f3n por gastos [&hellip;]<\/p>\n","protected":false},"author":9,"featured_media":23886,"parent":17391,"menu_order":49,"comment_status":"closed","ping_status":"closed","template":"practice-area.php","meta":{"_acf_changed":false,"footnotes":""},"class_list":["post-17868","page","type-page","status-publish","has-post-thumbnail","hentry"],"acf":[],"yoast_head":"<!-- This site is optimized with the Yoast SEO plugin v27.3 - https:\/\/yoast.com\/product\/yoast-seo-wordpress\/ -->\n<title>Abogado de Accidentes de Patinetes El\u00e9ctricos, Bronx - Oresky &amp; Associates, PLLC<\/title>\n<meta name=\"description\" content=\"Si sufri\u00f3 lesiones en un accidente de patinete el\u00e9ctrico, contacte nuestro abogado de lesiones personales en el Bronx para conocer sus derechos.\" \/>\n<meta name=\"robots\" content=\"index, follow, max-snippet:-1, max-image-preview:large, max-video-preview:-1\" \/>\n<link rel=\"canonical\" href=\"https:\/\/oreskylaw.com\/es\/bronx\/abogados-de-accidentes-de-scooter-electrico\/\" \/>\n<meta property=\"og:locale\" content=\"es_ES\" \/>\n<meta property=\"og:type\" content=\"article\" \/>\n<meta property=\"og:title\" content=\"Abogado de Accidentes de Patinetes El\u00e9ctricos, Bronx - Oresky &amp; Associates, PLLC\" \/>\n<meta property=\"og:description\" content=\"Si sufri\u00f3 lesiones en un accidente de patinete el\u00e9ctrico, contacte nuestro abogado de lesiones personales en el Bronx para conocer sus derechos.\" \/>\n<meta property=\"og:url\" content=\"https:\/\/oreskylaw.com\/es\/bronx\/abogados-de-accidentes-de-scooter-electrico\/\" \/>\n<meta property=\"og:site_name\" content=\"Oresky &amp; Associates, PLLC\" \/>\n<meta property=\"article:publisher\" content=\"https:\/\/www.facebook.com\/Oreskylaw\/\" \/>\n<meta property=\"article:modified_time\" content=\"2026-01-30T13:20:23+00:00\" \/>\n<meta property=\"og:image\" content=\"https:\/\/oreskylaw.com\/wp-content\/uploads\/2026\/01\/electric-scooter-accident-lawyers.png\" \/>\n\t<meta property=\"og:image:width\" content=\"810\" \/>\n\t<meta property=\"og:image:height\" content=\"330\" \/>\n\t<meta property=\"og:image:type\" content=\"image\/png\" \/>\n<meta name=\"twitter:card\" content=\"summary_large_image\" \/>\n<meta name=\"twitter:site\" content=\"@JacobOreskyLaw\" \/>\n<meta name=\"twitter:label1\" content=\"Tiempo de lectura\" \/>\n\t<meta name=\"twitter:data1\" content=\"5 minutos\" \/>\n<!-- \/ Yoast SEO plugin. -->","yoast_head_json":{"title":"Abogado de Accidentes de Patinetes El\u00e9ctricos, Bronx - Oresky & Associates, PLLC","description":"Si sufri\u00f3 lesiones en un accidente de patinete el\u00e9ctrico, contacte nuestro abogado de lesiones personales en el Bronx para conocer sus derechos.","robots":{"index":"index","follow":"follow","max-snippet":"max-snippet:-1","max-image-preview":"max-image-preview:large","max-video-preview":"max-video-preview:-1"},"canonical":"https:\/\/oreskylaw.com\/es\/bronx\/abogados-de-accidentes-de-scooter-electrico\/","og_locale":"es_ES","og_type":"article","og_title":"Abogado de Accidentes de Patinetes El\u00e9ctricos, Bronx - Oresky & Associates, PLLC","og_description":"Si sufri\u00f3 lesiones en un accidente de patinete el\u00e9ctrico, contacte nuestro abogado de lesiones personales en el Bronx para conocer sus derechos.","og_url":"https:\/\/oreskylaw.com\/es\/bronx\/abogados-de-accidentes-de-scooter-electrico\/","og_site_name":"Oresky &amp; Associates, PLLC","article_publisher":"https:\/\/www.facebook.com\/Oreskylaw\/","article_modified_time":"2026-01-30T13:20:23+00:00","og_image":[{"width":810,"height":330,"url":"https:\/\/oreskylaw.com\/wp-content\/uploads\/2026\/01\/electric-scooter-accident-lawyers.png","type":"image\/png"}],"twitter_card":"summary_large_image","twitter_site":"@JacobOreskyLaw","twitter_misc":{"Tiempo de lectura":"5 minutos"},"schema":{"@context":"https:\/\/schema.org","@graph":[{"@type":"WebPage","@id":"https:\/\/oreskylaw.com\/es\/bronx\/abogados-de-accidentes-de-scooter-electrico\/","url":"https:\/\/oreskylaw.com\/es\/bronx\/abogados-de-accidentes-de-scooter-electrico\/","name":"Abogado de Accidentes de Patinetes El\u00e9ctricos, Bronx - Oresky & Associates, PLLC","isPartOf":{"@id":"https:\/\/oreskylaw.com\/es\/#website"},"primaryImageOfPage":{"@id":"https:\/\/oreskylaw.com\/es\/bronx\/abogados-de-accidentes-de-scooter-electrico\/#primaryimage"},"image":{"@id":"https:\/\/oreskylaw.com\/es\/bronx\/abogados-de-accidentes-de-scooter-electrico\/#primaryimage"},"thumbnailUrl":"https:\/\/oreskylaw.com\/wp-content\/uploads\/2026\/01\/electric-scooter-accident-lawyers.png","datePublished":"2025-12-08T02:24:07+00:00","dateModified":"2026-01-30T13:20:23+00:00","description":"Si sufri\u00f3 lesiones en un accidente de patinete el\u00e9ctrico, contacte nuestro abogado de lesiones personales en el Bronx para conocer sus derechos.","breadcrumb":{"@id":"https:\/\/oreskylaw.com\/es\/bronx\/abogados-de-accidentes-de-scooter-electrico\/#breadcrumb"},"inLanguage":"es","potentialAction":[{"@type":"ReadAction","target":["https:\/\/oreskylaw.com\/es\/bronx\/abogados-de-accidentes-de-scooter-electrico\/"]}]},{"@type":"ImageObject","inLanguage":"es","@id":"https:\/\/oreskylaw.com\/es\/bronx\/abogados-de-accidentes-de-scooter-electrico\/#primaryimage","url":"https:\/\/oreskylaw.com\/wp-content\/uploads\/2026\/01\/electric-scooter-accident-lawyers.png","contentUrl":"https:\/\/oreskylaw.com\/wp-content\/uploads\/2026\/01\/electric-scooter-accident-lawyers.png","width":810,"height":330,"caption":"electric scooter"},{"@type":"BreadcrumbList","@id":"https:\/\/oreskylaw.com\/es\/bronx\/abogados-de-accidentes-de-scooter-electrico\/#breadcrumb","itemListElement":[{"@type":"ListItem","position":1,"name":"Inicio","item":"https:\/\/oreskylaw.com\/es\/"},{"@type":"ListItem","position":2,"name":"Abogado de lesiones personales en el Bronx","item":"https:\/\/oreskylaw.com\/es\/bronx\/"},{"@type":"ListItem","position":3,"name":"Abogado Especialista en Accidentes de Scooters El\u00e9ctricos en el Bronx"}]},{"@type":"WebSite","@id":"https:\/\/oreskylaw.com\/es\/#website","url":"https:\/\/oreskylaw.com\/es\/","name":"Oresky & Associates PLLC","description":"","publisher":{"@id":"https:\/\/oreskylaw.com\/es\/#organization"},"potentialAction":[{"@type":"SearchAction","target":{"@type":"EntryPoint","urlTemplate":"https:\/\/oreskylaw.com\/es\/?s={search_term_string}"},"query-input":{"@type":"PropertyValueSpecification","valueRequired":true,"valueName":"search_term_string"}}],"inLanguage":"es"}]}},"_links":{"self":[{"href":"https:\/\/oreskylaw.com\/es\/wp-json\/wp\/v2\/pages\/17868","targetHints":{"allow":["GET"]}}],"collection":[{"href":"https:\/\/oreskylaw.com\/es\/wp-json\/wp\/v2\/pages"}],"about":[{"href":"https:\/\/oreskylaw.com\/es\/wp-json\/wp\/v2\/types\/page"}],"author":[{"embeddable":true,"href":"https:\/\/oreskylaw.com\/es\/wp-json\/wp\/v2\/users\/9"}],"replies":[{"embeddable":true,"href":"https:\/\/oreskylaw.com\/es\/wp-json\/wp\/v2\/comments?post=17868"}],"version-history":[{"count":0,"href":"https:\/\/oreskylaw.com\/es\/wp-json\/wp\/v2\/pages\/17868\/revisions"}],"up":[{"embeddable":true,"href":"https:\/\/oreskylaw.com\/es\/wp-json\/wp\/v2\/pages\/17391"}],"wp:featuredmedia":[{"embeddable":true,"href":"https:\/\/oreskylaw.com\/es\/wp-json\/wp\/v2\/media\/23886"}],"wp:attachment":[{"href":"https:\/\/oreskylaw.com\/es\/wp-json\/wp\/v2\/media?parent=17868"}],"curies":[{"name":"wp","href":"https:\/\/api.w.org\/{rel}","templated":true}]}}