{"id":17899,"date":"2025-12-08T02:24:47","date_gmt":"2025-12-08T02:24:47","guid":{"rendered":"https:\/\/oreskylaw.com\/?page_id=17899"},"modified":"2026-01-30T13:24:22","modified_gmt":"2026-01-30T13:24:22","slug":"abogados-de-accidentes-de-excavacion","status":"publish","type":"page","link":"https:\/\/oreskylaw.com\/es\/bronx\/abogados-de-accidentes-de-excavacion\/","title":{"rendered":"Abogado Especialista en Accidentes de Excavaci\u00f3n"},"content":{"rendered":"<p>Los trabajadores de la construcci\u00f3n enfrentan numerosos riesgos cada d\u00eda en el sitio de trabajo. Una causa com\u00fan de accidentes de construcci\u00f3n es la excavaci\u00f3n y las zanjas. Seg\u00fan OSHA, la excavaci\u00f3n y construcci\u00f3n de zanjas est\u00e1n entre los trabajos m\u00e1s peligrosos en un sitio de construcci\u00f3n.<\/p>\n<p>Nuestros abogados de accidentes de excavaci\u00f3n en el Bronx de\u00a0<a href=\"https:\/\/oreskylaw.com\/es\/acerca-de-nosotros\/\">Oresky &amp; Associates, PLLC<\/a>\u00a0entienden los peligros que enfrentan los trabajadores de la construcci\u00f3n. Nuestros abogados tienen una amplia experiencia en el manejo de casos\u00a0<a href=\"https:\/\/oreskylaw.com\/es\/bronx\/abogados-de-accidentes-de-construccion\/\">de accidentes de construcci\u00f3n<\/a>, incluyendo aquellos que involucran accidentes de excavaci\u00f3n. Desafortunadamente, los accidentes de excavaci\u00f3n a menudo conducen a muertes por negligencia y lesiones catastr\u00f3ficas.<\/p>\n<p>Numerosas partes podr\u00edan ser responsables de las lesiones de un trabajador sostenidas mientras excavaba. En Oresky &amp; Associates, PLLC, nuestros abogados de accidentes de construcci\u00f3n en New York determinar\u00e1n lo que sucedi\u00f3 y perseguir\u00e1n reclamaciones contra todas las partes responsables.<\/p>\n<p><a href=\"https:\/\/oreskylaw.com\/es\/contacto\/\">Contacte<\/a> a nuestro despacho de abogados al\u00a0<a href=\"tel:+19293050949\">(929) 305-0949<\/a>\u00a0para programar una consulta gratuita con uno de nuestros experimentados abogados de accidentes de excavaci\u00f3n en el Bronx, New York.<\/p>\n<h2>\u00bfC\u00f3mo Pueden Ayudar Nuestros Abogados de Accidentes de Construcci\u00f3n en el Bronx si Usted Ha Sido Lesionado en un Accidente de Excavaci\u00f3n?<\/h2>\n<p><img loading=\"lazy\" decoding=\"async\" class=\"size-full wp-image-11926 alignright\" src=\"https:\/\/oreskylaw.com\/wp-content\/uploads\/2026\/01\/How-Do-I-Prove-Negligence-After-a-Construction-Accident-in-New-York.webp\" alt=\"ow Our Bronx Construction Accident Lawyers Can Help If You?ve Been Injured in an Excavation Accident\" width=\"300\" height=\"136\" \/>Muchos de nuestros veredictos y acuerdos por millones de d\u00f3lares han sido en casos de construcci\u00f3n. Nuestro abogado fundador, Jacob Oresky, y el equipo de abogados de Oresky &amp; Associates, PLLC, son litigantes de juicio agresivos y negociadores feroces en el Bronx, NY.<\/p>\n<p>Las principales organizaciones legales han reconocido a nuestros abogados y despacho jur\u00eddico, incluyendo:<\/p>\n<ul>\n<li>The New York Law Journal<\/li>\n<li>Super Lawyers<\/li>\n<li>Multi-Million Dollar Advocates Forum<\/li>\n<\/ul>\n<p>Los abogados de lesiones personales en el Bronx de Oresky &amp; Associates, PLLC est\u00e1n comprometidos con luchar por los derechos de las v\u00edctimas lesionadas. Nuestros abogados han estado luchando por una compensaci\u00f3n justa para clientes de lesiones personales durante m\u00e1s de 30 a\u00f1os. Durante ese tiempo, hemos asegurado m\u00e1s de $400 millones en acuerdos y veredictos.<\/p>\n<p>Una lesi\u00f3n por excavaci\u00f3n puede tener consecuencias que cambian la vida del trabajador y su familia. El equipo legal de Oresky &amp; Associates, PLLC cuenta con los recursos necesarios para luchar contra grandes compa\u00f1\u00edas de seguros y otras partes para recuperar la compensaci\u00f3n que usted merece.<\/p>\n<p>Cuando contrata a nuestros abogados de lesiones personales de alta calificaci\u00f3n en el Bronx, nosotros:<\/p>\n<ul>\n<li>Investigaremos de manera independiente la causa del accidente de excavaci\u00f3n para recopilar evidencia e identificar a las partes responsables<\/li>\n<li>Supervisaremos investigaciones por parte de OSHA y otras agencias gubernamentales<\/li>\n<li>Verificaremos la cobertura de seguro y presentaremos reclamaciones de seguro<\/li>\n<li>Trabajaremos con los mejores expertos en la industria de la construcci\u00f3n para recopilar evidencia adicional<\/li>\n<li>Documentaremos meticulosamente sus da\u00f1os para calcular cu\u00e1nto vale su caso<\/li>\n<li>Perseguiremos agresivamente ofertas de acuerdo por el monto total de sus da\u00f1os<\/li>\n<li>Prepararemos y presentaremos una demanda y llevaremos el caso a juicio, si es necesario<\/li>\n<\/ul>\n<p>Nuestros abogados toman casos de accidentes de excavaci\u00f3n en base a honorarios de contingencia. Por lo tanto, no necesita preocuparse por pagar una tarifa de retenci\u00f3n inicial para contratar un abogado. En cambio, recibimos pago por servicios legales cuando recuperamos dinero para su reclamo.<\/p>\n<p>Llame ahora para una evaluaci\u00f3n gratuita de su caso con un experimentado abogado de accidentes de excavaci\u00f3n en el Bronx de Oresky &amp; Associates, PLLC.<\/p>\n<h2>\u00bfQu\u00e9 Causa los Accidentes de Excavaci\u00f3n en el Bronx, NY?<\/h2>\n<p>La excavaci\u00f3n es cualquier zanja, cavidad, corte o depresi\u00f3n hecha por el hombre en el suelo, formada por mover tierra. Una zanja es una forma de excavaci\u00f3n. Es estrecha con relaci\u00f3n a la longitud y se hace debajo de la superficie del suelo.<\/p>\n<p>Desafortunadamente, muchos accidentes de excavaci\u00f3n son causados por negligencia, incluyendo el incumplimiento de regulaciones de seguridad estatales y federales.<\/p>\n<p>Las causas comunes de accidentes de excavaci\u00f3n en New York incluyen:<\/p>\n<ul>\n<li>Ca\u00eddas de trabajadores debido a zanjas sin protecci\u00f3n<\/li>\n<li>Colapsos y derrumbes<\/li>\n<li>Accidentes de vuelco de excavadoras<\/li>\n<li>Inundaciones por roturas de l\u00edneas de agua y lluvia, que pueden resultar en ahogamiento y electrocuci\u00f3n<\/li>\n<li>Objetos y escombros que caen en el sitio de excavaci\u00f3n o zanja<\/li>\n<li>Lesiones causadas por cableado subterr\u00e1neo expuesto<\/li>\n<li>Exposici\u00f3n a sustancias peligrosas y humos t\u00f3xicos o qu\u00edmicos<\/li>\n<li>Planos de excavaci\u00f3n dise\u00f1ados defectuosamente<\/li>\n<li>Falta de capacitaci\u00f3n en seguridad<\/li>\n<li>Sistemas de seguridad inadecuados y ausentes<\/li>\n<\/ul>\n<p>En los primeros seis meses de 2022, los accidentes de excavaci\u00f3n y zanjas causaron 22 muertes de trabajadores. Los empleadores pueden ayudar a prevenir accidentes de zanjas y excavaci\u00f3n siguiendo los requisitos de excavaci\u00f3n de OSHA y los est\u00e1ndares de seguridad de excavaci\u00f3n de NYC.<\/p>\n    <div class=\"cw-cta-box\">\n        <div class=\"cw-cta-box__inner \">\n            <div class=\"cw-cta-box__info\">\n                                    <div class=\"label\">\u00a1Llame ahora!<\/div>\n                            <\/div>\n                            <div class=\"contact-phone\">\n                    <a href=\"tel:7189939999\"\n                        aria-label=\"Tap to call button\">\n                        718-993-9999                    <\/a>\n                <\/div>\n                    <\/div>\n                    <a href=\"\/es\/contacto\/\"\n               class=\"cta-btn btn btn--primary btn\"\n               target=\"\">\n                Obtenga Una Consulta Gratuita            <\/a>\n            <\/div>\n    \n<h2>Oresky &amp; Associates, PLLC Maneja Todo Tipo de Lesiones por Accidentes de Excavaci\u00f3n<\/h2>\n<p>Los accidentes de excavaci\u00f3n y zanjas pueden causar lesiones traum\u00e1ticas.<\/p>\n<p>Las lesiones comunes sostenidas en accidentes de excavaci\u00f3n incluyen:<\/p>\n<div class=\"row\">\n<ul class=\"col-xl-6\">\n<li>Lesi\u00f3n cerebral traum\u00e1tica<\/li>\n<li>Fracturas y huesos rotos<\/li>\n<li>Electrocuci\u00f3n<\/li>\n<li>Par\u00e1lisis y lesiones de la m\u00e9dula espinal<\/li>\n<li>Lesi\u00f3n de pecho<\/li>\n<\/ul>\n<ul class=\"col-xl-6\">\n<li>Exposici\u00f3n t\u00f3xica<\/li>\n<li>Lesiones relacionadas con aplastamiento<\/li>\n<li>Da\u00f1o a \u00f3rganos internos<\/li>\n<li>P\u00e9rdida de extremidades y amputaciones<\/li>\n<\/ul>\n<\/div>\n<p>Las lesiones causadas por un accidente de excavaci\u00f3n o zanja pueden causar impedimentos y discapacidades permanentes. Un trabajador puede tener derecho a compensaci\u00f3n laboral por sus lesiones. Sin embargo, otras partes podr\u00edan ser responsables de los da\u00f1os debido a negligencia o agravios intencionales.<\/p>\n<h2>\u00bfQui\u00e9n Es Responsable por los Da\u00f1os Causados por un Accidente de Excavaci\u00f3n en el Bronx?<\/h2>\n<p>T\u00edpicamente, los trabajadores no pueden demandar a su empleador por una lesi\u00f3n relacionada con el trabajo cubierta por la compensaci\u00f3n laboral. Sin embargo, podr\u00eda haber un tercero responsable de causar el accidente. Si es as\u00ed, un trabajador podr\u00eda presentar una reclamaci\u00f3n por lesiones personales para recuperar compensaci\u00f3n por da\u00f1os econ\u00f3micos y no econ\u00f3micos.<\/p>\n<p>Las posibles partes que podr\u00edan ser responsables de accidentes de excavaci\u00f3n incluyen:<\/p>\n<div class=\"row\">\n<ul class=\"col-xl-6\">\n<li>El propietario del inmueble<\/li>\n<li>Un contratista general<\/li>\n<li>El fabricante de herramientas y equipos defectuosos<\/li>\n<li>Subcontratistas<\/li>\n<\/ul>\n<ul class=\"col-xl-6\">\n<li>Una compa\u00f1\u00eda responsable de contratar a un operador de excavadora negligente<\/li>\n<li>Top\u00f3grafos<\/li>\n<li>La empresa que controla el sitio de trabajo<\/li>\n<\/ul>\n<\/div>\n<p>Nuestros experimentados abogados de accidentes de construcci\u00f3n en el Bronx investigar\u00e1n a fondo su lesi\u00f3n para determinar qui\u00e9n contribuy\u00f3 a la causa del accidente de excavaci\u00f3n. El objetivo es identificar todas las posibles fuentes de compensaci\u00f3n para maximizar su recuperaci\u00f3n por da\u00f1os.<\/p>\n<h2>Programe una Consulta Gratuita Con Nuestros Abogados de Accidentes de Excavaci\u00f3n en el Bronx<\/h2>\n<p>Usted no est\u00e1 solo. Estamos aqu\u00ed para ayudarle mientras contin\u00faa recuper\u00e1ndose de una lesi\u00f3n por excavaci\u00f3n. Contacte a nuestros experimentados abogados de lesiones personales en el Bronx para programar una revisi\u00f3n de caso gratuita para conocer sus opciones legales.<\/p>\n","protected":false},"excerpt":{"rendered":"<p>Los trabajadores de la construcci\u00f3n enfrentan numerosos riesgos cada d\u00eda en el sitio de trabajo. Una causa com\u00fan de accidentes de construcci\u00f3n es la excavaci\u00f3n y las zanjas. Seg\u00fan OSHA, la excavaci\u00f3n y construcci\u00f3n de zanjas est\u00e1n entre los trabajos m\u00e1s peligrosos en un sitio de construcci\u00f3n. Nuestros abogados de accidentes de excavaci\u00f3n en el [&hellip;]<\/p>\n","protected":false},"author":9,"featured_media":24057,"parent":17391,"menu_order":53,"comment_status":"closed","ping_status":"closed","template":"","meta":{"_acf_changed":false,"footnotes":""},"class_list":["post-17899","page","type-page","status-publish","has-post-thumbnail","hentry"],"acf":[],"yoast_head":"<!-- This site is optimized with the Yoast SEO plugin v27.3 - https:\/\/yoast.com\/product\/yoast-seo-wordpress\/ -->\n<title>Abogado Especialista en Accidentes de Excavaci\u00f3n, Bronx - Oresky &amp; Associates, PLLC<\/title>\n<meta name=\"description\" content=\"\u00bfSufri\u00f3 lesiones en accidente de excavaci\u00f3n? Nuestros abogados de accidentes de construcci\u00f3n en el Bronx pueden ayudarle. Cont\u00e1ctenos hoy para consulta.\" \/>\n<meta name=\"robots\" content=\"index, follow, max-snippet:-1, max-image-preview:large, max-video-preview:-1\" \/>\n<link rel=\"canonical\" href=\"https:\/\/oreskylaw.com\/es\/bronx\/abogados-de-accidentes-de-excavacion\/\" \/>\n<meta property=\"og:locale\" content=\"es_ES\" \/>\n<meta property=\"og:type\" content=\"article\" \/>\n<meta property=\"og:title\" content=\"Abogado Especialista en Accidentes de Excavaci\u00f3n, Bronx - Oresky &amp; Associates, PLLC\" \/>\n<meta property=\"og:description\" content=\"\u00bfSufri\u00f3 lesiones en accidente de excavaci\u00f3n? Nuestros abogados de accidentes de construcci\u00f3n en el Bronx pueden ayudarle. Cont\u00e1ctenos hoy para consulta.\" \/>\n<meta property=\"og:url\" content=\"https:\/\/oreskylaw.com\/es\/bronx\/abogados-de-accidentes-de-excavacion\/\" \/>\n<meta property=\"og:site_name\" content=\"Oresky &amp; Associates, PLLC\" \/>\n<meta property=\"article:publisher\" content=\"https:\/\/www.facebook.com\/Oreskylaw\/\" \/>\n<meta property=\"article:modified_time\" content=\"2026-01-30T13:24:22+00:00\" \/>\n<meta property=\"og:image\" content=\"https:\/\/oreskylaw.com\/wp-content\/uploads\/2026\/01\/excavation-accident-lawyers.png\" \/>\n\t<meta property=\"og:image:width\" content=\"810\" \/>\n\t<meta property=\"og:image:height\" content=\"330\" \/>\n\t<meta property=\"og:image:type\" content=\"image\/png\" \/>\n<meta name=\"twitter:card\" content=\"summary_large_image\" \/>\n<meta name=\"twitter:site\" content=\"@JacobOreskyLaw\" \/>\n<meta name=\"twitter:label1\" content=\"Tiempo de lectura\" \/>\n\t<meta name=\"twitter:data1\" content=\"6 minutos\" \/>\n<!-- \/ Yoast SEO plugin. -->","yoast_head_json":{"title":"Abogado Especialista en Accidentes de Excavaci\u00f3n, Bronx - Oresky & Associates, PLLC","description":"\u00bfSufri\u00f3 lesiones en accidente de excavaci\u00f3n? Nuestros abogados de accidentes de construcci\u00f3n en el Bronx pueden ayudarle. Cont\u00e1ctenos hoy para consulta.","robots":{"index":"index","follow":"follow","max-snippet":"max-snippet:-1","max-image-preview":"max-image-preview:large","max-video-preview":"max-video-preview:-1"},"canonical":"https:\/\/oreskylaw.com\/es\/bronx\/abogados-de-accidentes-de-excavacion\/","og_locale":"es_ES","og_type":"article","og_title":"Abogado Especialista en Accidentes de Excavaci\u00f3n, Bronx - Oresky & Associates, PLLC","og_description":"\u00bfSufri\u00f3 lesiones en accidente de excavaci\u00f3n? Nuestros abogados de accidentes de construcci\u00f3n en el Bronx pueden ayudarle. Cont\u00e1ctenos hoy para consulta.","og_url":"https:\/\/oreskylaw.com\/es\/bronx\/abogados-de-accidentes-de-excavacion\/","og_site_name":"Oresky &amp; Associates, PLLC","article_publisher":"https:\/\/www.facebook.com\/Oreskylaw\/","article_modified_time":"2026-01-30T13:24:22+00:00","og_image":[{"width":810,"height":330,"url":"https:\/\/oreskylaw.com\/wp-content\/uploads\/2026\/01\/excavation-accident-lawyers.png","type":"image\/png"}],"twitter_card":"summary_large_image","twitter_site":"@JacobOreskyLaw","twitter_misc":{"Tiempo de lectura":"6 minutos"},"schema":{"@context":"https:\/\/schema.org","@graph":[{"@type":"WebPage","@id":"https:\/\/oreskylaw.com\/es\/bronx\/abogados-de-accidentes-de-excavacion\/","url":"https:\/\/oreskylaw.com\/es\/bronx\/abogados-de-accidentes-de-excavacion\/","name":"Abogado Especialista en Accidentes de Excavaci\u00f3n, Bronx - Oresky & Associates, PLLC","isPartOf":{"@id":"https:\/\/oreskylaw.com\/es\/#website"},"primaryImageOfPage":{"@id":"https:\/\/oreskylaw.com\/es\/bronx\/abogados-de-accidentes-de-excavacion\/#primaryimage"},"image":{"@id":"https:\/\/oreskylaw.com\/es\/bronx\/abogados-de-accidentes-de-excavacion\/#primaryimage"},"thumbnailUrl":"https:\/\/oreskylaw.com\/wp-content\/uploads\/2026\/01\/excavation-accident-lawyers.png","datePublished":"2025-12-08T02:24:47+00:00","dateModified":"2026-01-30T13:24:22+00:00","description":"\u00bfSufri\u00f3 lesiones en accidente de excavaci\u00f3n? Nuestros abogados de accidentes de construcci\u00f3n en el Bronx pueden ayudarle. Cont\u00e1ctenos hoy para consulta.","breadcrumb":{"@id":"https:\/\/oreskylaw.com\/es\/bronx\/abogados-de-accidentes-de-excavacion\/#breadcrumb"},"inLanguage":"es","potentialAction":[{"@type":"ReadAction","target":["https:\/\/oreskylaw.com\/es\/bronx\/abogados-de-accidentes-de-excavacion\/"]}]},{"@type":"ImageObject","inLanguage":"es","@id":"https:\/\/oreskylaw.com\/es\/bronx\/abogados-de-accidentes-de-excavacion\/#primaryimage","url":"https:\/\/oreskylaw.com\/wp-content\/uploads\/2026\/01\/excavation-accident-lawyers.png","contentUrl":"https:\/\/oreskylaw.com\/wp-content\/uploads\/2026\/01\/excavation-accident-lawyers.png","width":810,"height":330,"caption":"excavation worker"},{"@type":"BreadcrumbList","@id":"https:\/\/oreskylaw.com\/es\/bronx\/abogados-de-accidentes-de-excavacion\/#breadcrumb","itemListElement":[{"@type":"ListItem","position":1,"name":"Inicio","item":"https:\/\/oreskylaw.com\/es\/"},{"@type":"ListItem","position":2,"name":"Abogado de lesiones personales en el Bronx","item":"https:\/\/oreskylaw.com\/es\/bronx\/"},{"@type":"ListItem","position":3,"name":"Abogado Especialista en Accidentes de Excavaci\u00f3n"}]},{"@type":"WebSite","@id":"https:\/\/oreskylaw.com\/es\/#website","url":"https:\/\/oreskylaw.com\/es\/","name":"Oresky & Associates PLLC","description":"","publisher":{"@id":"https:\/\/oreskylaw.com\/es\/#organization"},"potentialAction":[{"@type":"SearchAction","target":{"@type":"EntryPoint","urlTemplate":"https:\/\/oreskylaw.com\/es\/?s={search_term_string}"},"query-input":{"@type":"PropertyValueSpecification","valueRequired":true,"valueName":"search_term_string"}}],"inLanguage":"es"}]}},"_links":{"self":[{"href":"https:\/\/oreskylaw.com\/es\/wp-json\/wp\/v2\/pages\/17899","targetHints":{"allow":["GET"]}}],"collection":[{"href":"https:\/\/oreskylaw.com\/es\/wp-json\/wp\/v2\/pages"}],"about":[{"href":"https:\/\/oreskylaw.com\/es\/wp-json\/wp\/v2\/types\/page"}],"author":[{"embeddable":true,"href":"https:\/\/oreskylaw.com\/es\/wp-json\/wp\/v2\/users\/9"}],"replies":[{"embeddable":true,"href":"https:\/\/oreskylaw.com\/es\/wp-json\/wp\/v2\/comments?post=17899"}],"version-history":[{"count":0,"href":"https:\/\/oreskylaw.com\/es\/wp-json\/wp\/v2\/pages\/17899\/revisions"}],"up":[{"embeddable":true,"href":"https:\/\/oreskylaw.com\/es\/wp-json\/wp\/v2\/pages\/17391"}],"wp:featuredmedia":[{"embeddable":true,"href":"https:\/\/oreskylaw.com\/es\/wp-json\/wp\/v2\/media\/24057"}],"wp:attachment":[{"href":"https:\/\/oreskylaw.com\/es\/wp-json\/wp\/v2\/media?parent=17899"}],"curies":[{"name":"wp","href":"https:\/\/api.w.org\/{rel}","templated":true}]}}