{"id":17910,"date":"2025-12-08T02:25:05","date_gmt":"2025-12-08T02:25:05","guid":{"rendered":"https:\/\/oreskylaw.com\/?page_id=17910"},"modified":"2026-01-28T22:10:40","modified_gmt":"2026-01-28T22:10:40","slug":"abogado-de-accidentes-de-montacargas","status":"publish","type":"page","link":"https:\/\/oreskylaw.com\/es\/bronx\/abogado-de-accidentes-de-montacargas\/","title":{"rendered":"Abogado de Accidentes con Montacargas"},"content":{"rendered":"<h2>Abogados de Accidentes con Montacargas Confiables en el Bronx<\/h2>\n<p>Desde 1992, los\u00a0<strong>abogados de accidentes con montacargas<\/strong>\u00a0de Oresky &amp; Associates, PLLC han estado de su lado.<\/p>\n<p>Vemos todos los d\u00edas c\u00f3mo las empresas poderosas y sus aseguradoras se aprovechan de los trabajadores y transe\u00fantes lesionados. Es por eso que nuestros abogados utilizan su conocimiento y experiencia para nivelar el campo de juego para los clientes lesionados.<\/p>\n<p>Usted ya sabe lo peligrosos que son los montacargas para los operadores y las personas a su alrededor. Los montacargas transportan cargas pesadas y pueden lesionar gravemente a un trabajador de la construcci\u00f3n en su camino. Si un trabajador es golpeado por un montacargas, las lesiones pueden ser graves y potencialmente mortales, incluso resultar en la muerte. Luchamos por las personas lesionadas en accidentes con montacargas para que puedan recibir la compensaci\u00f3n financiera que tanto necesitan. Cont\u00e1ctenos para una consulta gratuita para discutir su caso y c\u00f3mo podemos ayudarle.<\/p>\n<h2>\u00bfQu\u00e9 Causa los Accidentes de Construcci\u00f3n con Montacargas?<\/h2>\n<p>Carretillas elevadoras, transpaletas y carretillas de mano motorizadas son solo algunos tipos de montacargas, m\u00e1quinas con horquillas o plataformas que levantan y transportan cargas pesadas. El peso del operador y el motor o el motor de combusti\u00f3n contrarrestan la carga.<\/p>\n<p>Los montacargas son m\u00e1quinas pesadas y complicadas. Requieren habilidades para operarlas de manera segura. Y, aunque se operen perfectamente, pueden fallar. Los accidentes con montacargas pueden tener las siguientes causas:<\/p>\n<div class=\"row\">\n<ul class=\"col-xl-6\">\n<li>Falta de experiencia del operador<\/li>\n<li>Errores del conductor, como el exceso de velocidad o conducir con cargas elevadas<\/li>\n<li>Vistas obstruidas<\/li>\n<\/ul>\n<ul class=\"col-xl-6\">\n<li>Cargas desequilibradas o con sobrepeso<\/li>\n<li>Suelos irregulares<\/li>\n<li>Mal funcionamiento del veh\u00edculo y mantenimiento deficiente<\/li>\n<\/ul>\n<\/div>\n<p>Estos problemas pueden lesionar a los operadores, trabajadores y transe\u00fantes.<\/p>\n<h2>Lesiones Comunes en Accidentes con Montacargas<\/h2>\n<p>Los accidentes con montacargas suelen tener algunas formas comunes. Un vuelco puede ocurrir cuando un operador gira demasiado r\u00e1pido, sobrecarga el veh\u00edculo o conduce en superficies irregulares. Tambi\u00e9n puede suceder cuando la carga se desplaza repentinamente debido a un aseguramiento inadecuado. Los accidentes de vuelco pueden causar lesiones por aplastamiento cuando el veh\u00edculo cae sobre un trabajador de la construcci\u00f3n.<\/p>\n<p>Las cargas ca\u00eddas pueden ocurrir cuando fallan los sistemas hidr\u00e1ulicos, el conductor acelera o la carga se suelta de las horquillas. La carga que cae puede golpear a trabajadores y transe\u00fantes, causando huesos rotos y otras lesiones por aplastamiento. El cambio repentino de peso puede hacer que el montacargas se incline o vuelque, lesionando al operador.<\/p>\n<p>Las colisiones ocurren cuando un montacargas choca con otro veh\u00edculo o un objeto fijo. Estos accidentes pueden ser el resultado de una operaci\u00f3n descuidada, obstrucciones de vista y fallas en la direcci\u00f3n o los frenos. Al igual que un accidente automovil\u00edstico, una colisi\u00f3n con un montacargas puede causar las siguientes lesiones al operador:<\/p>\n<ul>\n<li>Lesiones en el cuello, como latigazo cervical<\/li>\n<li>Lesiones en la espalda, como hernias discales o fracturas vertebrales<\/li>\n<li>Lesiones cerebrales<\/li>\n<li>Huesos rotos<\/li>\n<li>Lesiones de tejidos blandos<\/li>\n<\/ul>\n<p>Las colisiones con montacargas tambi\u00e9n pueden desencadenar otros accidentes de lesiones. Por ejemplo, un montacargas podr\u00eda golpear una estanter\u00eda, haciendo que esta se caiga y aplaste a otros trabajadores.<\/p>\n<h2>\u00bfC\u00f3mo Puede Ayudar Oresky &amp; Associates con un Accidente de Montacargas?<\/h2>\n<p>Uno de los roles importantes que desempe\u00f1amos es recopilar toda la informaci\u00f3n posible y descubrir qui\u00e9n fue responsable del accidente. Por ejemplo, en ciertas ocasiones, se podr\u00eda haber requerido un se\u00f1alero para asistir al operador del montacargas. La falta de proporcionar un se\u00f1alero puede hacer que otras partes sean responsables del accidente.<\/p>\n<p>Una vez que determinamos lo que sucedi\u00f3, un\u00a0<strong>abogado experimentado en accidentes con montacargas del Bronx<\/strong>\u00a0de Oresky &amp; Associates se reunir\u00e1 con usted para discutir los pr\u00f3ximos pasos. Podr\u00eda tener las siguientes opciones:<\/p>\n<ul>\n<li>Presentar una demanda en el tribunal<\/li>\n<li>Buscar un acuerdo temprano para su caso<\/li>\n<\/ul>\n<p>Una vez que identifiquemos a la parte culpable, podemos ofrecer los siguientes servicios:<\/p>\n<div class=\"row\">\n<ul class=\"col-xl-6\">\n<li>Evaluar el valor y la solidez de su caso<\/li>\n<li>Recopilar evidencia para respaldar su reclamaci\u00f3n<\/li>\n<li>Preparar y presentar una demanda<\/li>\n<li>Contratar a testigos expertos<\/li>\n<\/ul>\n<ul class=\"col-xl-6\">\n<li>Presentar una reclamaci\u00f3n de seguro contra la parte culpable<\/li>\n<li>Negociar con la aseguradora para resolver su reclamaci\u00f3n<\/li>\n<li>Llevar su caso a juicio<\/li>\n<\/ul>\n<\/div>\n<p>Lo representamos sobre una base de contingencia. Esto significa que solo paga si ganamos o resolvemos su caso.<\/p>\n    <div class=\"cw-cta-box\">\n        <div class=\"cw-cta-box__inner \">\n            <div class=\"cw-cta-box__info\">\n                                    <div class=\"label\">\u00a1Llame ahora!<\/div>\n                            <\/div>\n                            <div class=\"contact-phone\">\n                    <a href=\"tel:7189939999\"\n                        aria-label=\"Tap to call button\">\n                        718-993-9999                    <\/a>\n                <\/div>\n                    <\/div>\n                    <a href=\"\/es\/contacto\/\"\n               class=\"cta-btn btn btn--primary btn\"\n               target=\"\">\n                Obtenga Una Consulta Gratuita            <\/a>\n            <\/div>\n    \n<h2>Qu\u00e9 Hacer Si Se Lesion\u00f3 en un Accidente con Montacargas<\/h2>\n<p>Despu\u00e9s de su accidente con montacargas, debe actuar de inmediato para preservar sus derechos legales. Aqu\u00ed hay algunos pasos \u00fatiles a seguir despu\u00e9s de su lesi\u00f3n:<\/p>\n<ul>\n<li>Notificar a su empleador sobre el accidente si est\u00e1 relacionado con el trabajo<\/li>\n<li>Documentar la escena del accidente con fotos y videos, si es posible<\/li>\n<li>Buscar atenci\u00f3n m\u00e9dica de emergencia si es necesario<\/li>\n<li>Una vez que su condici\u00f3n sea estable, contin\u00fae recibiendo la atenci\u00f3n m\u00e9dica adecuada para sus lesiones<\/li>\n<li>Lleve un registro de su tratamiento m\u00e9dico y costos<\/li>\n<\/ul>\n<p>Tambi\u00e9n debe solicitar beneficios de compensaci\u00f3n para trabajadores. Su empleador est\u00e1 legalmente obligado a proporcionar este seguro. Bajo este sistema sin culpa, el asegurador paga los beneficios de compensaci\u00f3n para trabajadores independientemente de qui\u00e9n caus\u00f3 sus lesiones.<\/p>\n<p>Despu\u00e9s de una lesi\u00f3n en el trabajo, la compa\u00f1\u00eda de seguros pagar\u00e1 toda su atenci\u00f3n m\u00e9dica razonable y necesaria. Tambi\u00e9n puede pagar para reemplazar parte de sus ingresos si no puede regresar al trabajo de inmediato.<\/p>\n<h2>\u00bfQu\u00e9 Da\u00f1os Est\u00e1n Disponibles para las V\u00edctimas de Accidentes con Montacargas?<\/h2>\n<p>Bajo la ley de Nueva York, puede presentar reclamaciones contra personas o empresas, adem\u00e1s de su empleador, que lo lesionen por negligencia.<\/p>\n<p>Cuando prueba con \u00e9xito la responsabilidad, puede buscar compensaci\u00f3n por p\u00e9rdidas econ\u00f3micas y no econ\u00f3micas. Las p\u00e9rdidas no econ\u00f3micas cubren los da\u00f1os por dolor y sufrimiento, tanto pasados como futuros.<\/p>\n<p>Los Da\u00f1os Econ\u00f3micos incluyen los costos de superar sus lesiones:<\/p>\n<ul>\n<li>Facturas m\u00e9dicas pasadas y futuras<\/li>\n<li>Ingresos perdidos por faltar al trabajo<\/li>\n<li>Ingresos futuros reducidos debido a condiciones cr\u00f3nicas<\/li>\n<li>Cantidades gastadas de su propio bolsillo para necesidades m\u00e9dicas, como muletas, sillas de ruedas y un asistente para ayudar con el cuidado personal<\/li>\n<\/ul>\n<p>Puede documentar estas p\u00e9rdidas llevando un registro de los documentos financieros. Guarde copias de las facturas, recibos y estados de cuenta que muestren la raz\u00f3n y el monto de los costos incurridos relacionados con sus lesiones.<\/p>\n<p>Las p\u00e9rdidas no econ\u00f3micas tienen en cuenta el impacto de sus lesiones en su calidad de vida. Por definici\u00f3n, estas p\u00e9rdidas no tienen un precio simple. Pero, no obstante, afectan su felicidad y bienestar. Algunos ejemplos de estas p\u00e9rdidas incluyen:<\/p>\n<ul>\n<li>Dolor y sufrimiento f\u00edsico pasados y futuros<\/li>\n<li>Sufrimiento mental<\/li>\n<li>Discapacidad<\/li>\n<li>Desmembramiento<\/li>\n<li>Desfiguraci\u00f3n<\/li>\n<\/ul>\n<h2>\u00bfQu\u00e9 Factores Determinan Su Acuerdo?<\/h2>\n<p>Varios factores afectar\u00e1n el monto de un acuerdo:<\/p>\n<ul>\n<li>Las causas de su accidente<\/li>\n<li>La gravedad de sus lesiones<\/li>\n<li>El impacto de sus lesiones en su capacidad para trabajar<\/li>\n<li>Los efectos de las lesiones en su vida diaria<\/li>\n<li>La cobertura de seguro disponible o los activos de la parte responsable<\/li>\n<\/ul>\n<p>La gravedad de sus lesiones ayudar\u00e1 a un ajustador de reclamaciones o jurado a entender la necesidad de cualquier tratamiento m\u00e9dico que haya recibido, as\u00ed como el tratamiento que pueda necesitar en el futuro.<\/p>\n<p>La gravedad de las lesiones tambi\u00e9n afectar\u00e1 los costos del tratamiento debido a su\u00a0<strong>accidente con montacargas<\/strong>. Los costos m\u00e9dicos en el\u00a0<strong>Bronx, NY<\/strong>, pueden ser bastante altos, y el tratamiento continuo para las lesiones por accidentes con montacargas puede variar ampliamente.<\/p>\n<h2>El Cheque de Compensaci\u00f3n para Trabajadores<\/h2>\n<p>El seguro de compensaci\u00f3n para trabajadores cubre todos los gastos m\u00e9dicos necesarios, incluido cualquier tratamiento de emergencia que haya necesitado antes de presentar su reclamaci\u00f3n. Tambi\u00e9n reemplaza parte de sus ingresos si no puede regresar al trabajo de inmediato.<\/p>\n<p>Puede presentar una reclamaci\u00f3n de compensaci\u00f3n para trabajadores sin afectar su derecho a presentar una demanda de terceros. Sin embargo, la compensaci\u00f3n para trabajadores no cubre todo. Parte de sus ingresos perdidos no ser\u00e1n reembolsados y no puede obtener da\u00f1os por su dolor y sufrimiento.<\/p>\n<p>Despu\u00e9s de presentar su reclamaci\u00f3n de compensaci\u00f3n para trabajadores, hable con nuestros <strong>abogados de lesiones por montacargas<\/strong>. Los operadores de montacargas del\u00a0<strong>Bronx<\/strong>\u00a0y aquellos lesionados por un montacargas en el Bronx pueden tener opciones adicionales para obtener compensaci\u00f3n.<\/p>\n","protected":false},"excerpt":{"rendered":"<p>Abogados de Accidentes con Montacargas Confiables en el Bronx Desde 1992, los\u00a0abogados de accidentes con montacargas\u00a0de Oresky &amp; Associates, PLLC han estado de su lado. Vemos todos los d\u00edas c\u00f3mo las empresas poderosas y sus aseguradoras se aprovechan de los trabajadores y transe\u00fantes lesionados. Es por eso que nuestros abogados utilizan su conocimiento y experiencia [&hellip;]<\/p>\n","protected":false},"author":9,"featured_media":24065,"parent":17391,"menu_order":54,"comment_status":"closed","ping_status":"closed","template":"","meta":{"_acf_changed":false,"footnotes":""},"class_list":["post-17910","page","type-page","status-publish","has-post-thumbnail","hentry"],"acf":[],"yoast_head":"<!-- This site is optimized with the Yoast SEO plugin v27.3 - https:\/\/yoast.com\/product\/yoast-seo-wordpress\/ -->\n<title>Abogados de Accidentes con Montacargas Confiables en el Bronx<\/title>\n<meta name=\"description\" content=\"\u00bfHerido en un accidente de montacargas en el Bronx? No se conforme con menos. Nuestros abogados de accidentes con montacargas del Bronx buscan agresivamente la m\u00e1xima compensaci\u00f3n. Llame ahora para una consulta gratuita.\" \/>\n<meta name=\"robots\" content=\"index, follow, max-snippet:-1, max-image-preview:large, max-video-preview:-1\" \/>\n<link rel=\"canonical\" href=\"https:\/\/oreskylaw.com\/es\/bronx\/abogado-de-accidentes-de-montacargas\/\" \/>\n<meta property=\"og:locale\" content=\"es_ES\" \/>\n<meta property=\"og:type\" content=\"article\" \/>\n<meta property=\"og:title\" content=\"Abogados de Accidentes con Montacargas Confiables en el Bronx\" \/>\n<meta property=\"og:description\" content=\"\u00bfHerido en un accidente de montacargas en el Bronx? No se conforme con menos. Nuestros abogados de accidentes con montacargas del Bronx buscan agresivamente la m\u00e1xima compensaci\u00f3n. Llame ahora para una consulta gratuita.\" \/>\n<meta property=\"og:url\" content=\"https:\/\/oreskylaw.com\/es\/bronx\/abogado-de-accidentes-de-montacargas\/\" \/>\n<meta property=\"og:site_name\" content=\"Oresky &amp; Associates, PLLC\" \/>\n<meta property=\"article:publisher\" content=\"https:\/\/www.facebook.com\/Oreskylaw\/\" \/>\n<meta property=\"article:modified_time\" content=\"2026-01-28T22:10:40+00:00\" \/>\n<meta property=\"og:image\" content=\"https:\/\/oreskylaw.com\/wp-content\/uploads\/2026\/01\/forklift-accident-lawyer.png\" \/>\n\t<meta property=\"og:image:width\" content=\"810\" \/>\n\t<meta property=\"og:image:height\" content=\"330\" \/>\n\t<meta property=\"og:image:type\" content=\"image\/png\" \/>\n<meta name=\"twitter:card\" content=\"summary_large_image\" \/>\n<meta name=\"twitter:site\" content=\"@JacobOreskyLaw\" \/>\n<meta name=\"twitter:label1\" content=\"Tiempo de lectura\" \/>\n\t<meta name=\"twitter:data1\" content=\"6 minutos\" \/>\n<!-- \/ Yoast SEO plugin. -->","yoast_head_json":{"title":"Abogados de Accidentes con Montacargas Confiables en el Bronx","description":"\u00bfHerido en un accidente de montacargas en el Bronx? No se conforme con menos. Nuestros abogados de accidentes con montacargas del Bronx buscan agresivamente la m\u00e1xima compensaci\u00f3n. Llame ahora para una consulta gratuita.","robots":{"index":"index","follow":"follow","max-snippet":"max-snippet:-1","max-image-preview":"max-image-preview:large","max-video-preview":"max-video-preview:-1"},"canonical":"https:\/\/oreskylaw.com\/es\/bronx\/abogado-de-accidentes-de-montacargas\/","og_locale":"es_ES","og_type":"article","og_title":"Abogados de Accidentes con Montacargas Confiables en el Bronx","og_description":"\u00bfHerido en un accidente de montacargas en el Bronx? No se conforme con menos. Nuestros abogados de accidentes con montacargas del Bronx buscan agresivamente la m\u00e1xima compensaci\u00f3n. Llame ahora para una consulta gratuita.","og_url":"https:\/\/oreskylaw.com\/es\/bronx\/abogado-de-accidentes-de-montacargas\/","og_site_name":"Oresky &amp; Associates, PLLC","article_publisher":"https:\/\/www.facebook.com\/Oreskylaw\/","article_modified_time":"2026-01-28T22:10:40+00:00","og_image":[{"width":810,"height":330,"url":"https:\/\/oreskylaw.com\/wp-content\/uploads\/2026\/01\/forklift-accident-lawyer.png","type":"image\/png"}],"twitter_card":"summary_large_image","twitter_site":"@JacobOreskyLaw","twitter_misc":{"Tiempo de lectura":"6 minutos"},"schema":{"@context":"https:\/\/schema.org","@graph":[{"@type":"WebPage","@id":"https:\/\/oreskylaw.com\/es\/bronx\/abogado-de-accidentes-de-montacargas\/","url":"https:\/\/oreskylaw.com\/es\/bronx\/abogado-de-accidentes-de-montacargas\/","name":"Abogados de Accidentes con Montacargas Confiables en el Bronx","isPartOf":{"@id":"https:\/\/oreskylaw.com\/es\/#website"},"primaryImageOfPage":{"@id":"https:\/\/oreskylaw.com\/es\/bronx\/abogado-de-accidentes-de-montacargas\/#primaryimage"},"image":{"@id":"https:\/\/oreskylaw.com\/es\/bronx\/abogado-de-accidentes-de-montacargas\/#primaryimage"},"thumbnailUrl":"https:\/\/oreskylaw.com\/wp-content\/uploads\/2026\/01\/forklift-accident-lawyer.png","datePublished":"2025-12-08T02:25:05+00:00","dateModified":"2026-01-28T22:10:40+00:00","description":"\u00bfHerido en un accidente de montacargas en el Bronx? No se conforme con menos. Nuestros abogados de accidentes con montacargas del Bronx buscan agresivamente la m\u00e1xima compensaci\u00f3n. Llame ahora para una consulta gratuita.","breadcrumb":{"@id":"https:\/\/oreskylaw.com\/es\/bronx\/abogado-de-accidentes-de-montacargas\/#breadcrumb"},"inLanguage":"es","potentialAction":[{"@type":"ReadAction","target":["https:\/\/oreskylaw.com\/es\/bronx\/abogado-de-accidentes-de-montacargas\/"]}]},{"@type":"ImageObject","inLanguage":"es","@id":"https:\/\/oreskylaw.com\/es\/bronx\/abogado-de-accidentes-de-montacargas\/#primaryimage","url":"https:\/\/oreskylaw.com\/wp-content\/uploads\/2026\/01\/forklift-accident-lawyer.png","contentUrl":"https:\/\/oreskylaw.com\/wp-content\/uploads\/2026\/01\/forklift-accident-lawyer.png","width":810,"height":330,"caption":"forklift worker"},{"@type":"BreadcrumbList","@id":"https:\/\/oreskylaw.com\/es\/bronx\/abogado-de-accidentes-de-montacargas\/#breadcrumb","itemListElement":[{"@type":"ListItem","position":1,"name":"Inicio","item":"https:\/\/oreskylaw.com\/es\/"},{"@type":"ListItem","position":2,"name":"Abogado de lesiones personales en el Bronx","item":"https:\/\/oreskylaw.com\/es\/bronx\/"},{"@type":"ListItem","position":3,"name":"Abogado de Accidentes con Montacargas"}]},{"@type":"WebSite","@id":"https:\/\/oreskylaw.com\/es\/#website","url":"https:\/\/oreskylaw.com\/es\/","name":"Oresky & Associates PLLC","description":"","publisher":{"@id":"https:\/\/oreskylaw.com\/es\/#organization"},"potentialAction":[{"@type":"SearchAction","target":{"@type":"EntryPoint","urlTemplate":"https:\/\/oreskylaw.com\/es\/?s={search_term_string}"},"query-input":{"@type":"PropertyValueSpecification","valueRequired":true,"valueName":"search_term_string"}}],"inLanguage":"es"}]}},"_links":{"self":[{"href":"https:\/\/oreskylaw.com\/es\/wp-json\/wp\/v2\/pages\/17910","targetHints":{"allow":["GET"]}}],"collection":[{"href":"https:\/\/oreskylaw.com\/es\/wp-json\/wp\/v2\/pages"}],"about":[{"href":"https:\/\/oreskylaw.com\/es\/wp-json\/wp\/v2\/types\/page"}],"author":[{"embeddable":true,"href":"https:\/\/oreskylaw.com\/es\/wp-json\/wp\/v2\/users\/9"}],"replies":[{"embeddable":true,"href":"https:\/\/oreskylaw.com\/es\/wp-json\/wp\/v2\/comments?post=17910"}],"version-history":[{"count":0,"href":"https:\/\/oreskylaw.com\/es\/wp-json\/wp\/v2\/pages\/17910\/revisions"}],"up":[{"embeddable":true,"href":"https:\/\/oreskylaw.com\/es\/wp-json\/wp\/v2\/pages\/17391"}],"wp:featuredmedia":[{"embeddable":true,"href":"https:\/\/oreskylaw.com\/es\/wp-json\/wp\/v2\/media\/24065"}],"wp:attachment":[{"href":"https:\/\/oreskylaw.com\/es\/wp-json\/wp\/v2\/media?parent=17910"}],"curies":[{"name":"wp","href":"https:\/\/api.w.org\/{rel}","templated":true}]}}