{"id":17922,"date":"2025-12-08T02:25:25","date_gmt":"2025-12-08T02:25:25","guid":{"rendered":"https:\/\/oreskylaw.com\/?page_id=17922"},"modified":"2026-01-30T13:29:06","modified_gmt":"2026-01-30T13:29:06","slug":"abogados-de-accidentes-frontales","status":"publish","type":"page","link":"https:\/\/oreskylaw.com\/es\/bronx\/abogados-de-accidentes-frontales\/","title":{"rendered":"Abogado de Choques Frontales del Bronx"},"content":{"rendered":"<h2>Abogados de Confianza en Choques Frontales del Bronx<\/h2>\n<p>Si sufri\u00f3 lesiones en un choque frontal en el Bronx, nuestros abogados buscar\u00e1n que la parte responsable le otorgue una compensaci\u00f3n financiera justa mientras usted se enfoca en recibir tratamiento.<\/p>\n<p>Oresky &amp; Associates, PLLC, comprende lo devastadores que pueden ser los choques frontales. Nuestros <a href=\"https:\/\/oreskylaw.com\/es\/bronx\/abogados-de-accidentes-de-auto\/\">abogados de accidentes automovil\u00edsticos en el Bronx<\/a> ayudan a las v\u00edctimas a navegar por los problemas y procesos legales despu\u00e9s de un choque con lesiones graves. Ofrecemos una\u00a0<strong>consulta gratuita<\/strong>\u00a0para analizar su accidente y revisar sus opciones. Cont\u00e1ctenos hoy para comenzar.<\/p>\n<h2>\u00bfQu\u00e9 tan comunes son los accidentes automovil\u00edsticos frontales?<\/h2>\n<p>Seg\u00fan el\u00a0<a href=\"https:\/\/www.iii.org\/fact-statistic\/facts-statistics-highway-safety\" target=\"_blank\" rel=\"nofollow noopener noreferrer\">Instituto de Informaci\u00f3n de Seguros (III)<\/a>, hubo 4,253 choques frontales fatales en los Estados Unidos en 2022. Los choques frontales representaron el 10.8% de todos los accidentes automovil\u00edsticos fatales ese a\u00f1o, convirti\u00e9ndose en el segundo tipo de accidente fatal m\u00e1s com\u00fan en el pa\u00eds.<\/p>\n<h2>Las calles y cruces m\u00e1s peligrosos del Bronx, Nueva York<\/h2>\n<p>Seg\u00fan el\u00a0<a href=\"https:\/\/www.nyc.gov\/site\/nypd\/stats\/traffic-data\/traffic-data-archive-2024.page\" target=\"_blank\" rel=\"nofollow noopener noreferrer\">Departamento de Polic\u00eda de la Ciudad de Nueva York (NYPD)<\/a>, en julio de 2024, m\u00faltiples accidentes involucraron cambios de carril peligrosos o inadecuados y maniobras de adelantamiento incorrectas, aumentando el riesgo de choques frontales, en las siguientes intersecciones del Bronx:<\/p>\n<ul>\n<li>Calle exterior y salida 3 de Major Deegan Expressway SB<\/li>\n<li>3ra Avenida y Calle 163 Este<\/li>\n<li>East 161st Street y Grand Concourse<\/li>\n<\/ul>\n<h2>\u00bfCu\u00e1les son las principales causas de los choques frontales en el Bronx?<\/h2>\n<p>Los choques frontales ocurren cuando un veh\u00edculo cruza a un carril de tr\u00e1fico opuesto y choca con un auto que viaja en direcci\u00f3n contraria. Tambi\u00e9n pueden suceder cuando un conductor maneja en sentido contrario por una calle de un solo sentido.<\/p>\n<p><strong>Algunas causas comunes de colisiones frontales que nuestros Abogados de colisi\u00f3n frontal del Bronx puede investigar incluyen:<\/strong><\/p>\n<ul>\n<li>Conducir distra\u00eddo, como enviar mensajes de texto, hablar por tel\u00e9fono o no prestar atenci\u00f3n.<\/li>\n<li>Manejar bajo la influencia de drogas o alcohol.<\/li>\n<li>Adelantar en una zona prohibida o de manera indebida.<\/li>\n<li>Conducir fatigado, especialmente si el conductor se queda dormido y se desv\u00eda hacia el tr\u00e1fico en sentido contrario.<\/li>\n<\/ul>\n<p>Nuestros abogados de accidentes automovil\u00edsticos en el Bronx responsabilizan a los conductores negligentes por estas y otras acciones da\u00f1inas que causan choques frontales.<\/p>\n<h2>Lesiones graves causadas por accidentes automovil\u00edsticos frontales<\/h2>\n<p><img loading=\"lazy\" decoding=\"async\" class=\"size-medium wp-image-11948 alignright\" src=\"https:\/\/oreskylaw.com\/wp-content\/uploads\/2026\/01\/serious-injuries-caused-by-head-on-car-accidents-300x200.webp\" alt=\"foot injury\" width=\"300\" height=\"200\" srcset=\"https:\/\/oreskylaw.com\/wp-content\/uploads\/2026\/01\/serious-injuries-caused-by-head-on-car-accidents-300x200.webp 300w, https:\/\/oreskylaw.com\/wp-content\/uploads\/2026\/01\/serious-injuries-caused-by-head-on-car-accidents-768x512.webp 768w, https:\/\/oreskylaw.com\/wp-content\/uploads\/2026\/01\/serious-injuries-caused-by-head-on-car-accidents.webp 900w\" sizes=\"auto, (max-width: 300px) 100vw, 300px\" \/>Las colisiones frontales pueden causar lesiones catastr\u00f3ficas. La fuerza de la colisi\u00f3n es inmensa cuando dos veh\u00edculos que viajan a altas velocidades chocan de frente, lo que aumenta el riesgo de lesiones graves como lesi\u00f3n cerebral traum\u00e1tica, lesi\u00f3n de la m\u00e9dula espinal y m\u00e1s.<\/p>\n<p><strong>Los abogados de accidentes del Bronx en nuestra firma representamos a clientes que sufrieron<\/strong>:<\/p>\n<div class=\"row\">\n<ul class=\"col-xl-6\">\n<li>Huesos rotos<\/li>\n<li><a href=\"https:\/\/oreskylaw.com\/es\/lesion\/abogados-de-lesiones-cerebrales\/\">Lesiones cerebrales traum\u00e1ticas<\/a><\/li>\n<li><a href=\"https:\/\/oreskylaw.com\/es\/lesion\/abogados-de-lesiones-de-la-medula-espinal\/\">Lesiones de la m\u00e9dula espinal<\/a><\/li>\n<li>P\u00e9rdida de extremidades o amputaciones.<\/li>\n<\/ul>\n<ul class=\"col-xl-6\">\n<li>Lesiones tor\u00e1cicas y abdominales<\/li>\n<li>Lesiones por airbag y cintur\u00f3n de seguridad<\/li>\n<li>Cuello y\u00a0<a href=\"https:\/\/oreskylaw.com\/es\/lesion\/abogados-de-lesiones-de-espalda\/\">lesiones de espalda<\/a><\/li>\n<\/ul>\n<\/div>\n<p>Si no necesit\u00f3 atenci\u00f3n de emergencia despu\u00e9s de su accidente,\u00a0<strong>consulte a un profesional m\u00e9dico lo antes posible<\/strong>\u00a0despu\u00e9s de un accidente automovil\u00edstico para identificar lesiones y comenzar el tratamiento.<\/p>\n<h2>\u00bfQui\u00e9n es responsable de un accidente automovil\u00edstico frontal en el Bronx?<\/h2>\n<p>Determinar qui\u00e9n es responsable de un choque frontal es esencial para obtener una compensaci\u00f3n por sus lesiones. Nuestro abogados de accidentes frontales responsabilizar\u00e1:<\/p>\n<h3>Uno de los Conductores<\/h3>\n<p>Cualquier conductor cuya negligencia haya causado un choque frontal, incluso por no obedecer las se\u00f1ales de tr\u00e1nsito o permanecer en su carril, debe ser considerado responsable.<\/p>\n<h3>Terceros<\/h3>\n<p>En algunos casos, un empleador podr\u00eda ser responsable si su empleado provoc\u00f3 un accidente durante el curso de su empleo. Los propietarios de veh\u00edculos tambi\u00e9n son legalmente responsables de las consecuencias de la operaci\u00f3n negligente de su veh\u00edculo por parte de terceros.<\/p>\n<p>Nuestros abogados de accidentes automovil\u00edsticos en el Bronx buscar\u00e1n responsabilizar indirectamente a los empleadores y propietarios seg\u00fan sea necesario.<\/p>\n    <div class=\"cw-cta-box\">\n        <div class=\"cw-cta-box__inner \">\n            <div class=\"cw-cta-box__info\">\n                                    <div class=\"label\">\u00a1Llame ahora!<\/div>\n                            <\/div>\n                            <div class=\"contact-phone\">\n                    <a href=\"tel:7189939999\"\n                        aria-label=\"Tap to call button\">\n                        718-993-9999                    <\/a>\n                <\/div>\n                    <\/div>\n                    <a href=\"\/es\/contacto\/\"\n               class=\"cta-btn btn btn--primary btn\"\n               target=\"\">\n                Obtenga Una Consulta Gratuita            <\/a>\n            <\/div>\n    \n<h2>\u00bfQu\u00e9 da\u00f1os puede recuperar como v\u00edctima de una colisi\u00f3n frontal?<\/h2>\n<p>Tienes derecho a buscar\u00a0<a href=\"https:\/\/oreskylaw.com\/es\/blog\/lesiones-personales-danos-economicos\/\">da\u00f1os econ\u00f3micos<\/a>\u00a0y da\u00f1os no econ\u00f3micos si otro conductor caus\u00f3 su colisi\u00f3n frontal.<\/p>\n<p>Los da\u00f1os econ\u00f3micos se refieren a los costos financieros de una lesi\u00f3n o accidente. Estos son costos y p\u00e9rdidas reales en los que ha incurrido o en los que incurrir\u00e1 en el futuro. Los da\u00f1os econ\u00f3micos pueden incluir:<\/p>\n<div class=\"row\">\n<ul class=\"col-xl-6\">\n<li>Facturas m\u00e9dicas pasadas<\/li>\n<li>Costos m\u00e9dicos y de rehabilitaci\u00f3n futuros<\/li>\n<li>Salarios perdidos<\/li>\n<\/ul>\n<ul class=\"col-xl-6\">\n<li>P\u00e9rdida de capacidad de generar ingresos<\/li>\n<li>P\u00e9rdida de beneficios sindicales<\/li>\n<li>Da\u00f1os a la propiedad<\/li>\n<\/ul>\n<\/div>\n<p>Los da\u00f1os no econ\u00f3micos no se relacionan directamente con los costos financieros de un accidente. En cambio, se basan en la experiencia y la agitaci\u00f3n emocional de la v\u00edctima durante y despu\u00e9s del accidente. Los da\u00f1os no econ\u00f3micos incluyen:<\/p>\n<ul>\n<li>Dolor y sufrimiento pasado y futuro<\/li>\n<li>Angustia mental<\/li>\n<li>Disminuci\u00f3n del disfrute de la vida<\/li>\n<li>Desfiguraci\u00f3n o discapacidad<\/li>\n<li>P\u00e9rdida de compa\u00f1erismo o consorcio<\/li>\n<\/ul>\n<p>Los da\u00f1os no econ\u00f3micos suelen ser m\u00e1s dif\u00edciles de calcular porque se relacionan con las experiencias subjetivas de la v\u00edctima. Los abogados de choques frontales en Oresky &amp; Associates, PLLC, lucharemos para conseguir la compensaci\u00f3n que se merece.<\/p>\n<h2>\u00bfPuede Recuperar Da\u00f1os si le Culpan de una Choque Frontal en el Bronx?<\/h2>\n<p><img loading=\"lazy\" decoding=\"async\" class=\"size-medium wp-image-11966 alignleft\" src=\"https:\/\/oreskylaw.com\/wp-content\/uploads\/2026\/01\/can-you-recover-damages-if-you-are-being-blamed-for-a-head-on-collision-in-the-bronx-300x200.webp\" alt=\"man frustrated in car collision\" width=\"300\" height=\"200\" srcset=\"https:\/\/oreskylaw.com\/wp-content\/uploads\/2026\/01\/can-you-recover-damages-if-you-are-being-blamed-for-a-head-on-collision-in-the-bronx-300x200.webp 300w, https:\/\/oreskylaw.com\/wp-content\/uploads\/2026\/01\/can-you-recover-damages-if-you-are-being-blamed-for-a-head-on-collision-in-the-bronx-768x512.webp 768w, https:\/\/oreskylaw.com\/wp-content\/uploads\/2026\/01\/can-you-recover-damages-if-you-are-being-blamed-for-a-head-on-collision-in-the-bronx.webp 900w\" sizes=\"auto, (max-width: 300px) 100vw, 300px\" \/>S\u00ed.\u00a0Nueva York opera bajo una doctrina de culpa comparativa. Como est\u00e1 codificado en\u00a0<a href=\"https:\/\/www.nysenate.gov\/legislation\/laws\/CVP\/1411\" target=\"_blank\" rel=\"nofollow noopener noreferrer\">CPLR 1411<\/a>,\u00a0<strong>un demandante puede presentar un reclamo incluso si tiene parcialmente la culpa<\/strong>. Su abogado puede responder cualquier otra pregunta sobre c\u00f3mo la culpa comparativa puede afectar su caso particular de colisi\u00f3n frontal.<\/p>\n<h2>Legislaci\u00f3n Sobre Accidentes Automovil\u00edsticos en el Bronx: Leyes de Choque Frontal<\/h2>\n<p>Nuestros abogados de accidentes automovil\u00edsticos en el Bronx le informar\u00e1n sobre todas las leyes que podr\u00edan afectar su caso, incluyendo:<\/p>\n<ul>\n<li><strong>Leyes de Tr\u00e1nsito:<\/strong>\u00a0Por ejemplo,\u00a0<a href=\"https:\/\/www.nysenate.gov\/legislation\/laws\/VAT\/1120\" target=\"_blank\" rel=\"nofollow noopener noreferrer\">VTL 1120<\/a>\u00a0Requiere que los conductores permanezcan en el lado derecho de la carretera excepto en circunstancias particulares. Violar esta ley puede aumentar la probabilidad de una colisi\u00f3n frontal.<\/li>\n<li><strong>Leyes de seguros:<\/strong>\u00a0Los conductores deben adquirir cobertura de protecci\u00f3n contra lesiones personales (PIP) sin culpa. Despu\u00e9s de un accidente, usted presenta un reclamo ante su proveedor de PIP, pero tambi\u00e9n puede calificar para presentar un reclamo de responsabilidad contra el conductor culpable.<\/li>\n<li><strong>El estatuto de limitaciones:<\/strong>\u00a0<a href=\"https:\/\/www.nysenate.gov\/legislation\/laws\/CVP\/214\" target=\"_blank\" rel=\"nofollow noopener noreferrer\">CPLR 214(4)<\/a>\u00a0le da un tiempo limitado para presentar una demanda por dolor y sufrimiento y otros da\u00f1os.<\/li>\n<\/ul>\n<h3>Reclamaciones por Lesiones Personales vs. Demandas Despu\u00e9s de Un Choque Frontal: Comprenda su Cobertura<\/h3>\n<p>Es posible que tenga varias v\u00edas para solicitar una compensaci\u00f3n por las lesiones y p\u00e9rdidas que sufri\u00f3 debido a su accidente frontal. Estos incluyen:<\/p>\n<ul>\n<li>Presentar un reclamo con su proveedor de PIP.<\/li>\n<li>Presentar un reclamo ante su cobertura de conductor sin seguro si la parte culpable no estaba asegurada adecuadamente o huy\u00f3 de la escena.<\/li>\n<li>Presentar un reclamo o demanda contra la parte culpable.<\/li>\n<\/ul>\n<p>Nuestros abogados de lesiones personales del Bronx lo ayudar\u00e1n a clasificar sus opciones legales y de seguro para identificar el curso de acci\u00f3n correcto.<\/p>\n    <div class=\"cw-cta-box\">\n        <div class=\"cw-cta-box__inner \">\n            <div class=\"cw-cta-box__info\">\n                                    <div class=\"label\">\u00a1Llame ahora!<\/div>\n                            <\/div>\n                            <div class=\"contact-phone\">\n                    <a href=\"tel:7189939999\"\n                        aria-label=\"Tap to call button\">\n                        718-993-9999                    <\/a>\n                <\/div>\n                    <\/div>\n                    <a href=\"\/es\/contacto\/\"\n               class=\"cta-btn btn btn--primary btn\"\n               target=\"\">\n                Obtenga Una Consulta Gratuita            <\/a>\n            <\/div>\n    \n<h2>Qu\u00e9 Hacer Despu\u00e9s de un Choque Frontal en el Bronx: Primeros Pasos Hacia la Compensaci\u00f3n<\/h2>\n<p>Tu primera prioridad despu\u00e9s de cualquier accidente es tu salud. Si usted o alguien involucrado en el accidente necesita asistencia m\u00e9dica de emergencia, llame al 911 de inmediato. Si puede, tome tambi\u00e9n estas otras medidas para proteger su salud y su reclamo legal.<\/p>\n<ul>\n<li>Informar del accidente a la polic\u00eda.<\/li>\n<li>Recopilar informaci\u00f3n de otros conductores, incluida informaci\u00f3n del seguro.<\/li>\n<li>Documentar la escena tomando fotograf\u00edas.<\/li>\n<li>Obtener informaci\u00f3n de testigos presenciales.<\/li>\n<li>Conserve cualquier evidencia relacionada con el accidente y comp\u00e1rtala con su abogado.<\/li>\n<li>Consulte a un abogado de accidentes automovil\u00edsticos del Bronx.<\/li>\n<\/ul>\n<p>Si no requiri\u00f3 atenci\u00f3n de emergencia, consulte a un m\u00e9dico para una evaluaci\u00f3n y comenzar a tratar sus lesiones.<\/p>\n<h2>C\u00f3mo Oresky &amp; Associates, PLLC, Puede Ayudarle con su Caso de Choque Frontal<\/h2>\n<p>Nuestro bufete de abogados del Bronx lucha para conseguir justicia para nuestros clientes. Utilizaremos nuestra experiencia, reputaci\u00f3n y recursos para responsabilizar a la parte o partes culpables y recuperar el dinero al que tiene derecho en funci\u00f3n de las lesiones, costos y p\u00e9rdidas en las que haya incurrido.<\/p>\n<p>Cuando nos contrata para manejar su caso de colisi\u00f3n frontal, puede esperar que:<\/p>\n<h3>Realice una evaluaci\u00f3n exhaustiva del caso de accidente automovil\u00edstico<\/h3>\n<p>Estamos listos para comenzar con su caso de inmediato. Cuando nos llame, escucharemos su historia y nos pondremos a trabajar. Siempre somos abiertos y sinceros sobre su caso.<\/p>\n<h3>Tratar con compa\u00f1\u00edas de seguros de autom\u00f3viles<\/h3>\n<p>Nuestros abogados de choques frontales se har\u00e1n cargo de toda la comunicaci\u00f3n con las compa\u00f1\u00edas de seguros. Ya no tienes que preocuparte por sus llamadas.<\/p>\n<h3>Busque una compensaci\u00f3n total por su colisi\u00f3n frontal<\/h3>\n<p>Lucharemos por el dinero que necesita para cubrir todos sus gastos, incluidas las p\u00e9rdidas futuras, as\u00ed como su dolor y sufrimiento pasados \u200b\u200by futuros.<\/p>\n<h3>Actualizarlo sobre su caso de accidente automovil\u00edstico<\/h3>\n<p>Espere actualizaciones peri\u00f3dicas de casos de nuestro equipo. Estamos disponibles para responder sus preguntas o abordar cualquier inquietud que tenga.<\/p>\n","protected":false},"excerpt":{"rendered":"<p>Abogados de Confianza en Choques Frontales del Bronx Si sufri\u00f3 lesiones en un choque frontal en el Bronx, nuestros abogados buscar\u00e1n que la parte responsable le otorgue una compensaci\u00f3n financiera justa mientras usted se enfoca en recibir tratamiento. Oresky &amp; Associates, PLLC, comprende lo devastadores que pueden ser los choques frontales. Nuestros abogados de accidentes [&hellip;]<\/p>\n","protected":false},"author":9,"featured_media":24078,"parent":17391,"menu_order":55,"comment_status":"closed","ping_status":"closed","template":"","meta":{"_acf_changed":false,"footnotes":""},"class_list":["post-17922","page","type-page","status-publish","has-post-thumbnail","hentry"],"acf":[],"yoast_head":"<!-- This site is optimized with the Yoast SEO plugin v27.3 - https:\/\/yoast.com\/product\/yoast-seo-wordpress\/ -->\n<title>Abogado Especialistas en Colisiones Frontales en el Bronx - Oresky &amp; Associates, PLLC<\/title>\n<meta name=\"description\" content=\"\u00bfSufri\u00f3 lesiones en un choque frontal en el Bronx, NY? Cont\u00e1ctenos ahora para hablar sobre sus opciones con un abogado experto en accidentes de tr\u00e1fico.\" \/>\n<meta name=\"robots\" content=\"index, follow, max-snippet:-1, max-image-preview:large, max-video-preview:-1\" \/>\n<link rel=\"canonical\" href=\"https:\/\/oreskylaw.com\/es\/bronx\/abogados-de-accidentes-frontales\/\" \/>\n<meta property=\"og:locale\" content=\"es_ES\" \/>\n<meta property=\"og:type\" content=\"article\" \/>\n<meta property=\"og:title\" content=\"Abogado Especialistas en Colisiones Frontales en el Bronx - Oresky &amp; Associates, PLLC\" \/>\n<meta property=\"og:description\" content=\"\u00bfSufri\u00f3 lesiones en un choque frontal en el Bronx, NY? Cont\u00e1ctenos ahora para hablar sobre sus opciones con un abogado experto en accidentes de tr\u00e1fico.\" \/>\n<meta property=\"og:url\" content=\"https:\/\/oreskylaw.com\/es\/bronx\/abogados-de-accidentes-frontales\/\" \/>\n<meta property=\"og:site_name\" content=\"Oresky &amp; Associates, PLLC\" \/>\n<meta property=\"article:publisher\" content=\"https:\/\/www.facebook.com\/Oreskylaw\/\" \/>\n<meta property=\"article:modified_time\" content=\"2026-01-30T13:29:06+00:00\" \/>\n<meta property=\"og:image\" content=\"https:\/\/oreskylaw.com\/wp-content\/uploads\/2026\/01\/head-on-crash-lawyers.png\" \/>\n\t<meta property=\"og:image:width\" content=\"810\" \/>\n\t<meta property=\"og:image:height\" content=\"330\" \/>\n\t<meta property=\"og:image:type\" content=\"image\/png\" \/>\n<meta name=\"twitter:card\" content=\"summary_large_image\" \/>\n<meta name=\"twitter:site\" content=\"@JacobOreskyLaw\" \/>\n<meta name=\"twitter:label1\" content=\"Tiempo de lectura\" \/>\n\t<meta name=\"twitter:data1\" content=\"7 minutos\" \/>\n<!-- \/ Yoast SEO plugin. -->","yoast_head_json":{"title":"Abogado Especialistas en Colisiones Frontales en el Bronx - Oresky & Associates, PLLC","description":"\u00bfSufri\u00f3 lesiones en un choque frontal en el Bronx, NY? Cont\u00e1ctenos ahora para hablar sobre sus opciones con un abogado experto en accidentes de tr\u00e1fico.","robots":{"index":"index","follow":"follow","max-snippet":"max-snippet:-1","max-image-preview":"max-image-preview:large","max-video-preview":"max-video-preview:-1"},"canonical":"https:\/\/oreskylaw.com\/es\/bronx\/abogados-de-accidentes-frontales\/","og_locale":"es_ES","og_type":"article","og_title":"Abogado Especialistas en Colisiones Frontales en el Bronx - Oresky & Associates, PLLC","og_description":"\u00bfSufri\u00f3 lesiones en un choque frontal en el Bronx, NY? Cont\u00e1ctenos ahora para hablar sobre sus opciones con un abogado experto en accidentes de tr\u00e1fico.","og_url":"https:\/\/oreskylaw.com\/es\/bronx\/abogados-de-accidentes-frontales\/","og_site_name":"Oresky &amp; Associates, PLLC","article_publisher":"https:\/\/www.facebook.com\/Oreskylaw\/","article_modified_time":"2026-01-30T13:29:06+00:00","og_image":[{"width":810,"height":330,"url":"https:\/\/oreskylaw.com\/wp-content\/uploads\/2026\/01\/head-on-crash-lawyers.png","type":"image\/png"}],"twitter_card":"summary_large_image","twitter_site":"@JacobOreskyLaw","twitter_misc":{"Tiempo de lectura":"7 minutos"},"schema":{"@context":"https:\/\/schema.org","@graph":[{"@type":"WebPage","@id":"https:\/\/oreskylaw.com\/es\/bronx\/abogados-de-accidentes-frontales\/","url":"https:\/\/oreskylaw.com\/es\/bronx\/abogados-de-accidentes-frontales\/","name":"Abogado Especialistas en Colisiones Frontales en el Bronx - Oresky & Associates, PLLC","isPartOf":{"@id":"https:\/\/oreskylaw.com\/es\/#website"},"primaryImageOfPage":{"@id":"https:\/\/oreskylaw.com\/es\/bronx\/abogados-de-accidentes-frontales\/#primaryimage"},"image":{"@id":"https:\/\/oreskylaw.com\/es\/bronx\/abogados-de-accidentes-frontales\/#primaryimage"},"thumbnailUrl":"https:\/\/oreskylaw.com\/wp-content\/uploads\/2026\/01\/head-on-crash-lawyers.png","datePublished":"2025-12-08T02:25:25+00:00","dateModified":"2026-01-30T13:29:06+00:00","description":"\u00bfSufri\u00f3 lesiones en un choque frontal en el Bronx, NY? Cont\u00e1ctenos ahora para hablar sobre sus opciones con un abogado experto en accidentes de tr\u00e1fico.","breadcrumb":{"@id":"https:\/\/oreskylaw.com\/es\/bronx\/abogados-de-accidentes-frontales\/#breadcrumb"},"inLanguage":"es","potentialAction":[{"@type":"ReadAction","target":["https:\/\/oreskylaw.com\/es\/bronx\/abogados-de-accidentes-frontales\/"]}]},{"@type":"ImageObject","inLanguage":"es","@id":"https:\/\/oreskylaw.com\/es\/bronx\/abogados-de-accidentes-frontales\/#primaryimage","url":"https:\/\/oreskylaw.com\/wp-content\/uploads\/2026\/01\/head-on-crash-lawyers.png","contentUrl":"https:\/\/oreskylaw.com\/wp-content\/uploads\/2026\/01\/head-on-crash-lawyers.png","width":810,"height":330,"caption":"head-on crash"},{"@type":"BreadcrumbList","@id":"https:\/\/oreskylaw.com\/es\/bronx\/abogados-de-accidentes-frontales\/#breadcrumb","itemListElement":[{"@type":"ListItem","position":1,"name":"Inicio","item":"https:\/\/oreskylaw.com\/es\/"},{"@type":"ListItem","position":2,"name":"Abogado de lesiones personales en el Bronx","item":"https:\/\/oreskylaw.com\/es\/bronx\/"},{"@type":"ListItem","position":3,"name":"Abogado de Choques Frontales del Bronx"}]},{"@type":"WebSite","@id":"https:\/\/oreskylaw.com\/es\/#website","url":"https:\/\/oreskylaw.com\/es\/","name":"Oresky & Associates PLLC","description":"","publisher":{"@id":"https:\/\/oreskylaw.com\/es\/#organization"},"potentialAction":[{"@type":"SearchAction","target":{"@type":"EntryPoint","urlTemplate":"https:\/\/oreskylaw.com\/es\/?s={search_term_string}"},"query-input":{"@type":"PropertyValueSpecification","valueRequired":true,"valueName":"search_term_string"}}],"inLanguage":"es"}]}},"_links":{"self":[{"href":"https:\/\/oreskylaw.com\/es\/wp-json\/wp\/v2\/pages\/17922","targetHints":{"allow":["GET"]}}],"collection":[{"href":"https:\/\/oreskylaw.com\/es\/wp-json\/wp\/v2\/pages"}],"about":[{"href":"https:\/\/oreskylaw.com\/es\/wp-json\/wp\/v2\/types\/page"}],"author":[{"embeddable":true,"href":"https:\/\/oreskylaw.com\/es\/wp-json\/wp\/v2\/users\/9"}],"replies":[{"embeddable":true,"href":"https:\/\/oreskylaw.com\/es\/wp-json\/wp\/v2\/comments?post=17922"}],"version-history":[{"count":0,"href":"https:\/\/oreskylaw.com\/es\/wp-json\/wp\/v2\/pages\/17922\/revisions"}],"up":[{"embeddable":true,"href":"https:\/\/oreskylaw.com\/es\/wp-json\/wp\/v2\/pages\/17391"}],"wp:featuredmedia":[{"embeddable":true,"href":"https:\/\/oreskylaw.com\/es\/wp-json\/wp\/v2\/media\/24078"}],"wp:attachment":[{"href":"https:\/\/oreskylaw.com\/es\/wp-json\/wp\/v2\/media?parent=17922"}],"curies":[{"name":"wp","href":"https:\/\/api.w.org\/{rel}","templated":true}]}}