{"id":17986,"date":"2025-12-08T02:25:43","date_gmt":"2025-12-08T02:25:43","guid":{"rendered":"https:\/\/oreskylaw.com\/?page_id=17986"},"modified":"2026-01-30T13:31:19","modified_gmt":"2026-01-30T13:31:19","slug":"abogados-de-atropellos-y-fugas","status":"publish","type":"page","link":"https:\/\/oreskylaw.com\/es\/bronx\/abogados-de-atropellos-y-fugas\/","title":{"rendered":"Abogado de Accidentes por Choque y Fuga"},"content":{"rendered":"<h2>Nuestros Abogados de Confianza en Accidentes por Choque y Fuga en el Bronx<\/h2>\n<p>Cuando un conductor negligente abandona la escena de un accidente, no es justo que te dejen solo para lidiar con las consecuencias. Un abogado de accidentes por choque y fuga en el Bronx de Oresky &amp; Associates, PLLC est\u00e1 aqu\u00ed para ayudarte a buscar una compensaci\u00f3n justa por tus lesiones y p\u00e9rdidas.<\/p>\n<p>Hemos ayudado a conductores, peatones y pasajeros lesionados en el Bronx y en toda la ciudad de Nueva York a recuperar dinero por lesiones graves, y estamos listos para ayudarte. Ll\u00e1manos hoy para comenzar con una revisi\u00f3n gratuita de tu caso.<\/p>\n<h2>\u00bfC\u00f3mo Puede Ayudarte Oresky &amp; Associates, PLLC Despu\u00e9s de un Choque y Fuga en el Bronx?<\/h2>\n<p><img loading=\"lazy\" decoding=\"async\" class=\"size-full wp-image-11998 alignleft\" src=\"http:\/\/oreskylaw.com\/wp-content\/uploads\/2026\/01\/Help-After-a-Bicycle-Accident-in-the-Bronx.webp\" alt=\"bronx bridge construction site accident attorney\" width=\"300\" height=\"200\" \/>Nuestra firma tiene\u00a0<strong>m\u00e1s de 30 a\u00f1os de experiencia<\/strong>\u00a0en todo tipo de accidentes automovil\u00edsticos en el Bronx y \u00e1reas circundantes, incluidos los accidentes por choque y fuga. Nuestro equipo ofrece atenci\u00f3n personalizada y compasiva a todos los que solicitan nuestra ayuda.<\/p>\n<p>Sabemos lo dif\u00edciles que son estos casos para las v\u00edctimas de accidentes, y queremos ayudarte a aliviar algunas de estas cargas. Podemos usar nuestros recursos para intentar localizar a la parte negligente o revisar tu p\u00f3liza de seguro para explorar tus opciones de cobertura para conductores sin seguro. Si no hay otras opciones, podemos presentar una reclamaci\u00f3n ante la Corporaci\u00f3n de Indemnizaci\u00f3n por Accidentes de Veh\u00edculos Motorizados (MVAIC, por sus siglas en ingl\u00e9s) en tu nombre. MVAIC proporciona cobertura de no culpabilidad y de lesiones corporales a los reclamantes elegibles que son v\u00edctimas de accidentes de choque y fuga o de conductores sin seguro.<\/p>\n<p>Nuestros abogados han obtenido\u00a0<a href=\"https:\/\/oreskylaw.com\/es\/resultados-del-casos\/\">acuerdos sustanciales<\/a>\u00a0para las v\u00edctimas de accidentes automovil\u00edsticos, incluidos\u00a0<strong>$1.2 millones<\/strong>\u00a0para la familia de un hombre que muri\u00f3 en un accidente por choque y fuga. Si trabajas con nuestros abogados para un caso de choque y fuga en el Bronx, trabajaremos para obtener un resultado satisfactorio en tu nombre.<\/p>\n<h2>\u00bfQu\u00e9 Tan Comunes Son los Accidentes por Choque y Fuga en el Bronx, NY?<\/h2>\n<p>Lamentablemente, los accidentes por choque y fuga son comunes en el Bronx. El Departamento de Polic\u00eda de Nueva York (NYPD) public\u00f3 un <a href=\"https:\/\/www.nyc.gov\/site\/nypd\/stats\/traffic-data\/traffic-data-leaving-the-scene.page\" target=\"_blank\" rel=\"nofollow noopener noreferrer\">informe anual en 2023<\/a>\u00a0sobre accidentes en los que alguien abandon\u00f3 la escena del incidente sin presentar un informe. Seg\u00fan este informe, el Bronx tuvo 1,776 accidentes por choque y fuga que resultaron en al menos una lesi\u00f3n personal ese a\u00f1o. Incluso m\u00e1s accidentes por choque y fuga resultaron solo en da\u00f1os a la propiedad.<\/p>\n    <div class=\"cw-cta-box\">\n        <div class=\"cw-cta-box__inner \">\n            <div class=\"cw-cta-box__info\">\n                                    <div class=\"label\">\u00a1Llame ahora!<\/div>\n                            <\/div>\n                            <div class=\"contact-phone\">\n                    <a href=\"tel:7189939999\"\n                        aria-label=\"Tap to call button\">\n                        718-993-9999                    <\/a>\n                <\/div>\n                    <\/div>\n                    <a href=\"\/es\/contacto\/\"\n               class=\"cta-btn btn btn--primary btn\"\n               target=\"\">\n                Obtenga Una Consulta Gratuita            <\/a>\n            <\/div>\n    \n<h2>\u00bfCu\u00e1les Son las Principales Causas de un Choque y Fuga en el Bronx, NY?<\/h2>\n<p>Los conductores negligentes pueden intentar huir de la escena de un accidente porque:<\/p>\n<ul>\n<li>Est\u00e1n intoxicados o bajo los efectos de sustancias.<\/li>\n<li>Tienen una licencia suspendida o una p\u00f3liza de seguro vencida.<\/li>\n<li>Tienen una orden de arresto.<\/li>\n<li>Se les suspender\u00e1 la licencia.<\/li>\n<li>No quieren acumular puntos en su licencia o aumentar sus primas de seguro.<\/li>\n<\/ul>\n<p>Cualquiera que sea la raz\u00f3n que lleva a un conductor a huir, no deber\u00edas tener que lidiar con su negligencia solo. Estamos aqu\u00ed para ayudarte.<\/p>\n<h2>Las Calles y Cruces M\u00e1s Peligrosos en el Bronx, NY<\/h2>\n<p>El Bronx es\u00a0<a href=\"https:\/\/www.bxtimes.com\/bronx-deadliest-street-report\/\" target=\"_blank\" rel=\"nofollow noopener noreferrer\">uno de los distritos m\u00e1s peligrosos de Nueva York<\/a>\u00a0para conductores, pasajeros y peatones. Al revisar los datos de 2023 de\u00a0<a href=\"https:\/\/crashmapper.org\/#\/?cfat=true&amp;cinj=true&amp;endDate=2023-12&amp;geo=borough&amp;identifier=Bronx&amp;lat=40.85039971446861&amp;lng=-73.77510053906249&amp;lngLats=%255B%255D&amp;mfat=true&amp;minj=true&amp;noInjFat=false&amp;pfat=true&amp;pinj=true&amp;startDate=2023-01&amp;vbicycle=true&amp;vbusvan=true&amp;vcar=true&amp;vmotorcycle=true&amp;vother=true&amp;vscooter=true&amp;vsuv=true&amp;vtruck=true&amp;zoom=11\" target=\"_blank\" rel=\"nofollow noopener noreferrer\">NYC Crash Mapper<\/a>, algunas calles e intersecciones del Bronx que son especialmente peligrosas incluyen:<\/p>\n<ul>\n<li>Grand Concourse<\/li>\n<li>Cross Bronx Expressway<\/li>\n<li>The Bronx River Parkway<\/li>\n<li>East Fordham Road<\/li>\n<\/ul>\n<h2>Puedes Sufrir Lesiones Graves en un Accidente por Choque y Fuga en el Bronx, NY<\/h2>\n<p>Muchas lesiones en un accidente por choque y fuga en el Bronx pueden causar da\u00f1os a largo plazo e incluso permanentes. Tu salud f\u00edsica, emocional, mental y financiera puede verse gravemente afectada.<\/p>\n<p>Nuestro equipo puede ayudar a las v\u00edctimas con lesiones como:<\/p>\n<div class=\"row\">\n<ul class=\"col-xl-6\">\n<li>Lesiones de la m\u00e9dula espinal.<\/li>\n<li>Huesos rotos y aplastados.<\/li>\n<li>Traumatismo craneal y da\u00f1o cerebral.<\/li>\n<\/ul>\n<ul class=\"col-xl-6\">\n<li>Hemorragia interna y da\u00f1o a \u00f3rganos.<\/li>\n<li>Laceraciones y abrasiones graves.<\/li>\n<li>Amputaciones.<\/li>\n<\/ul>\n<\/div>\n<p>Tr\u00e1gicamente, algunas v\u00edctimas tambi\u00e9n mueren como resultado de estos accidentes. Nuestros abogados de choque y fuga en la ciudad de Nueva York est\u00e1n preparados para buscar compensaci\u00f3n por la totalidad de tus p\u00e9rdidas.<\/p>\n<h2>Legislaci\u00f3n de Accidentes Automovil\u00edsticos en el Bronx: Leyes de Choque y Fuga<\/h2>\n<p>Varias leyes y regulaciones pueden afectar tu caso de choque y fuga. Estas son solo algunas de las leyes relevantes para estos accidentes en el Bronx:<\/p>\n<h3>Estatuto de Limitaciones<\/h3>\n<p>Las leyes estatales determinan cu\u00e1nto tiempo tienes para presentar una demanda por da\u00f1os despu\u00e9s de un accidente por choque y fuga. Nuestros abogados pueden decirte cu\u00e1nto tiempo tienes para tomar acci\u00f3n legal y si hay circunstancias que impacten este plazo.<\/p>\n<h2>Requisitos de Seguro<\/h2>\n<p><a href=\"https:\/\/www.dfs.ny.gov\/consumers\/auto_insurance\/minimum_auto_insurance_requirements\" target=\"_blank\" rel=\"nofollow noopener noreferrer\">El estado de Nueva York<\/a>\u00a0requiere que los conductores obtengan seguro de protecci\u00f3n contra lesiones personales (PIP, por sus siglas en ingl\u00e9s), seguro de responsabilidad civil y cobertura para conductores sin seguro por lesiones corporales. Despu\u00e9s de tu accidente, nuestros abogados pueden ayudarte a buscar da\u00f1os a trav\u00e9s de tus p\u00f3lizas de PIP y de conductores sin seguro. Si es posible, tambi\u00e9n buscaremos da\u00f1os del conductor culpable a trav\u00e9s de una reclamaci\u00f3n de responsabilidad civil una vez que sea encontrado.<\/p>\n<p>Ya sea que estuvieras en un veh\u00edculo sin seguro en el momento del accidente, lesionado mientras caminabas o andabas en bicicleta, o cubierto por la p\u00f3liza de un familiar, nos aseguraremos de buscar la compensaci\u00f3n total a trav\u00e9s de las p\u00f3lizas disponibles.<\/p>\n<h2>\u00bfQui\u00e9n Puede Ser Responsable por un Accidente por Choque y Fuga en el Bronx?<\/h2>\n<p>En Oresky &amp; Associates, PLLC, intentaremos identificar a las partes responsables y perseguirlas por todos los da\u00f1os que mereces. Normalmente, las siguientes partes son las responsables en los accidentes por choque y fuga.<\/p>\n<h3>El Conductor Fugitivo<\/h3>\n<p>Si podemos localizar al conductor que huy\u00f3 de la escena del accidente, podemos perseguir da\u00f1os contra esta parte.<\/p>\n<h3>El Propietario del Veh\u00edculo<\/h3>\n<p>Si el conductor del veh\u00edculo involucrado en el choque y fuga no era el propietario del veh\u00edculo, entonces podemos perseguir da\u00f1os contra el conductor y la persona que prest\u00f3 su autom\u00f3vil al conductor irresponsable.<\/p>\n<h2>\u00bfQu\u00e9 Da\u00f1os Puedo Recuperar Como V\u00edctima de un Accidente de Choque y Fuga?<\/h2>\n<p>Primero, nuestra firma le ayudar\u00e1 a navegar sus p\u00f3lizas de seguro sin culpa y de conductores no asegurados. El seguro sin culpa proporciona una compensaci\u00f3n limitada por p\u00e9rdidas como:<\/p>\n<ul>\n<li>Gastos de tratamiento m\u00e9dico<\/li>\n<li>Una parte de los ingresos perdidos<\/li>\n<li>Gastos relacionados con las lesiones<\/li>\n<\/ul>\n<p>Es posible que pueda reclamar da\u00f1os a trav\u00e9s de una reclamaci\u00f3n de conductores no asegurados. Podemos buscar compensaci\u00f3n por p\u00e9rdidas econ\u00f3micas y no econ\u00f3micas.<\/p>\n<p>Esta reclamaci\u00f3n puede presentarse a trav\u00e9s de su propia p\u00f3liza de seguro de autom\u00f3vil, la p\u00f3liza de seguro del veh\u00edculo anfitri\u00f3n o a trav\u00e9s de la p\u00f3liza de seguro de un miembro de su familia. Su recuperaci\u00f3n estar\u00e1 limitada por los l\u00edmites de la p\u00f3liza de seguro. Si no hay una p\u00f3liza de seguro aplicable, puede presentar una reclamaci\u00f3n a trav\u00e9s de MVAIC si es elegible.<\/p>\n<p>Nuestro equipo de choque y fuga se asegurar\u00e1 de explorar todas las posibles v\u00edas de compensaci\u00f3n para obtener el dinero que necesita. Estas incluyen la cobertura de conductores no asegurados y la cobertura de la Corporaci\u00f3n de Indemnizaci\u00f3n por Accidentes de Veh\u00edculos de Motor (MVAIC, por sus siglas en ingl\u00e9s).<\/p>\n<h2>\u00bfPuedo Recuperar Da\u00f1os Si Se Me Culpa Parcialmente por un Accidente de Choque y Fuga en el Bronx?<\/h2>\n<p>Nueva York sigue una\u00a0<a href=\"https:\/\/www.nysenate.gov\/legislation\/laws\/CVP\/1411\" target=\"_blank\" rel=\"nofollow noopener noreferrer\">ley de culpa comparativa<\/a>, que permite a las v\u00edctimas de accidentes buscar da\u00f1os, incluso si comparten parte de la culpa por el accidente.<\/p>\n<h2>\u00bfCu\u00e1l Es el Valor de Mi Caso de Choque y Fuga en el Bronx?<\/h2>\n<p>Es dif\u00edcil determinar una cifra sin todos los detalles, pero al evaluar su caso, nuestros abogados de choque y fuga en el Bronx considerar\u00e1n factores como:<\/p>\n<ul>\n<li>El tipo de cobertura de seguro disponible<\/li>\n<li>La gravedad de sus lesiones y otras p\u00e9rdidas<\/li>\n<li>La disponibilidad y fortaleza de su evidencia<\/li>\n<\/ul>\n<p>Aqu\u00ed en Oresky &amp; Associates, PLLC, nos aseguramos de no dejar ninguna compensaci\u00f3n sin reclamar cuando lo representamos.<\/p>\n<h2>Qu\u00e9 Hacer Despu\u00e9s de un Accidente de Choque y Fuga en el Bronx: Primeros Pasos hacia la Compensaci\u00f3n<\/h2>\n<p>Los accidentes de choque y fuga pueden ser aterradores y abrumadores. Aqu\u00ed hay algunos consejos que pueden ayudar a mantenerlo seguro y proteger sus derechos.<\/p>\n<ul>\n<li><strong>Priorice la Seguridad:<\/strong> Su seguridad y la de los dem\u00e1s es la prioridad principal despu\u00e9s de un accidente. Mu\u00e9vase a un lugar seguro antes de cualquier otra cosa.<\/li>\n<li><strong>Reporte el Accidente:<\/strong> Debe reportar todos los accidentes que involucren lesiones personales, muertes o da\u00f1os a la propiedad de m\u00e1s de $1,000. Llame al 911 para los primeros respondedores.<\/li>\n<li><strong>Re\u00fana Informaci\u00f3n:<\/strong> Recoja tanta informaci\u00f3n como pueda sobre el otro conductor involucrado en su accidente, incluidos n\u00fameros de matr\u00edcula, marca, modelo y color del veh\u00edculo, y otros detalles del veh\u00edculo.<\/li>\n<li><strong>Documente la Escena:<\/strong> Si es seguro hacerlo, use su tel\u00e9fono m\u00f3vil o una c\u00e1mara para documentar todos los aspectos del accidente que pueda.<\/li>\n<li><strong>Obtenga Informaci\u00f3n de Testigos:<\/strong> Los testigos pueden proporcionar un testimonio poderoso en su caso de choque y fuga. Si puede hacerlo, trate de obtener su informaci\u00f3n de contacto antes de que se vayan.\u200d<\/li>\n<li><strong>Busque Atenci\u00f3n M\u00e9dica:<\/strong> Debe buscar atenci\u00f3n m\u00e9dica de un profesional calificado para recibir la atenci\u00f3n m\u00e9dica adecuada y documentar sus lesiones.<\/li>\n<\/ul>\n    <div class=\"cw-cta-box\">\n        <div class=\"cw-cta-box__inner \">\n            <div class=\"cw-cta-box__info\">\n                                    <div class=\"label\">\u00a1Llame ahora!<\/div>\n                            <\/div>\n                            <div class=\"contact-phone\">\n                    <a href=\"tel:7189939999\"\n                        aria-label=\"Tap to call button\">\n                        718-993-9999                    <\/a>\n                <\/div>\n                    <\/div>\n                    <a href=\"\/es\/contacto\/\"\n               class=\"cta-btn btn btn--primary btn\"\n               target=\"\">\n                Obtenga Una Consulta Gratuita            <\/a>\n            <\/div>\n    \n<h2>\u00bfC\u00f3mo Hago un Informe de Accidente Despu\u00e9s de un Choque y Fuga?<\/h2>\n<p>Despu\u00e9s de un accidente de choque y fuga en el Bronx, llame a la polic\u00eda para reportar el accidente. Los conductores deben ponerse en contacto con la polic\u00eda\u00a0de inmediato\u00a0si alguien result\u00f3 herido o muerto, si un animal dom\u00e9stico fue herido o muerto, o si golpearon un coche estacionado y no pueden localizar al propietario.<\/p>\n<p>Los conductores a\u00fan deben reportar accidentes si nadie result\u00f3 herido o muerto si los da\u00f1os superan los $1,000. Tambi\u00e9n puede presentar un informe de accidente completando el Formulario MV-104. El formulario le pedir\u00e1 su informaci\u00f3n de contacto y detalles sobre el accidente.<\/p>\n<p>Puede descargar el Formulario MV-104 en l\u00ednea o encontrarlo en los\u00a0<a href=\"https:\/\/www.nyc.gov\/site\/nypd\/bureaus\/patrol\/precincts-landing.page\" target=\"_blank\" rel=\"nofollow noopener noreferrer\">precintos policiales locales<\/a>\u00a0de todo el Bronx. Los conductores deben reportar el accidente dentro de los 10 d\u00edas del evento. Su abogado de accidentes en el Bronx puede ayudarlo a completar este documento y solicitar una\u00a0<a href=\"https:\/\/collisionreport.nypdonline.org\/\" target=\"_blank\" rel=\"nofollow noopener noreferrer\">copia de su informe de colisi\u00f3n<\/a>\u00a0cuando sea necesario.<\/p>\n<h2>C\u00f3mo Nuestros Abogados Manejan Casos de Accidentes de Choque y Fuga en el Bronx<\/h2>\n<p>Nuestro equipo cree en una comunicaci\u00f3n honesta y directa, asegur\u00e1ndose de que sepa lo que est\u00e1 sucediendo con su caso y brind\u00e1ndole expectativas realistas. Tambi\u00e9n:<\/p>\n<h3>Realizamos una Evaluaci\u00f3n Exhaustiva del Caso<\/h3>\n<p>Revisaremos e investigaremos minuciosamente cada aspecto de su caso, descubriendo y documentando toda la compensaci\u00f3n por lesiones que le corresponde.<\/p>\n<h3>Tratamos con las Compa\u00f1\u00edas de Seguros<\/h3>\n<p>Las compa\u00f1\u00edas de seguros son responsables ante los accionistas y les importan las ganancias. Nosotros las responsabilizamos de todas las p\u00e9rdidas que deben cubrir.<\/p>\n<h3>Buscamos la Compensaci\u00f3n Completa<\/h3>\n<p>En Oresky &amp; Associates, PLLC, no dejamos ninguna fuente de compensaci\u00f3n atr\u00e1s. Nuestro equipo identifica todas sus p\u00e9rdidas y busca la m\u00e1xima recuperaci\u00f3n.<\/p>\n<h3>Nos Mantenemos en Contacto Constante sobre su Caso<\/h3>\n<p>En otras firmas, es imposible comunicarse con su abogado por tel\u00e9fono. En Oresky &amp; Associates, PLLC, nuestro equipo le informa regularmente sobre su caso y responde cualquier pregunta que tenga durante todo el proceso.<\/p>\n","protected":false},"excerpt":{"rendered":"<p>Nuestros Abogados de Confianza en Accidentes por Choque y Fuga en el Bronx Cuando un conductor negligente abandona la escena de un accidente, no es justo que te dejen solo para lidiar con las consecuencias. Un abogado de accidentes por choque y fuga en el Bronx de Oresky &amp; Associates, PLLC est\u00e1 aqu\u00ed para ayudarte [&hellip;]<\/p>\n","protected":false},"author":9,"featured_media":24086,"parent":17391,"menu_order":56,"comment_status":"closed","ping_status":"closed","template":"","meta":{"_acf_changed":false,"footnotes":""},"class_list":["post-17986","page","type-page","status-publish","has-post-thumbnail","hentry"],"acf":[],"yoast_head":"<!-- This site is optimized with the Yoast SEO plugin v27.3 - https:\/\/yoast.com\/product\/yoast-seo-wordpress\/ -->\n<title>Abogado especializado en accidentes de atropello y fuga en el Bronx - Oresky &amp; Associates, PLLC<\/title>\n<meta name=\"description\" content=\"Conf\u00ede en nuestros abogados con experiencia en accidentes automovil\u00edsticos de Oresky &amp; Associates para obtener apoyo legal y garantizar el acuerdo por accidente de atropello y fuga que se merece. \u00a1Ll\u00e1menos hoy mismo!\" \/>\n<meta name=\"robots\" content=\"index, follow, max-snippet:-1, max-image-preview:large, max-video-preview:-1\" \/>\n<link rel=\"canonical\" href=\"https:\/\/oreskylaw.com\/es\/bronx\/abogados-de-atropellos-y-fugas\/\" \/>\n<meta property=\"og:locale\" content=\"es_ES\" \/>\n<meta property=\"og:type\" content=\"article\" \/>\n<meta property=\"og:title\" content=\"Abogado especializado en accidentes de atropello y fuga en el Bronx - Oresky &amp; Associates, PLLC\" \/>\n<meta property=\"og:description\" content=\"Conf\u00ede en nuestros abogados con experiencia en accidentes automovil\u00edsticos de Oresky &amp; Associates para obtener apoyo legal y garantizar el acuerdo por accidente de atropello y fuga que se merece. \u00a1Ll\u00e1menos hoy mismo!\" \/>\n<meta property=\"og:url\" content=\"https:\/\/oreskylaw.com\/es\/bronx\/abogados-de-atropellos-y-fugas\/\" \/>\n<meta property=\"og:site_name\" content=\"Oresky &amp; Associates, PLLC\" \/>\n<meta property=\"article:publisher\" content=\"https:\/\/www.facebook.com\/Oreskylaw\/\" \/>\n<meta property=\"article:modified_time\" content=\"2026-01-30T13:31:19+00:00\" \/>\n<meta property=\"og:image\" content=\"https:\/\/oreskylaw.com\/wp-content\/uploads\/2026\/01\/hit-and-run-lawyers.png\" \/>\n\t<meta property=\"og:image:width\" content=\"810\" \/>\n\t<meta property=\"og:image:height\" content=\"330\" \/>\n\t<meta property=\"og:image:type\" content=\"image\/png\" \/>\n<meta name=\"twitter:card\" content=\"summary_large_image\" \/>\n<meta name=\"twitter:site\" content=\"@JacobOreskyLaw\" \/>\n<meta name=\"twitter:label1\" content=\"Tiempo de lectura\" \/>\n\t<meta name=\"twitter:data1\" content=\"9 minutos\" \/>\n<!-- \/ Yoast SEO plugin. -->","yoast_head_json":{"title":"Abogado especializado en accidentes de atropello y fuga en el Bronx - Oresky & Associates, PLLC","description":"Conf\u00ede en nuestros abogados con experiencia en accidentes automovil\u00edsticos de Oresky & Associates para obtener apoyo legal y garantizar el acuerdo por accidente de atropello y fuga que se merece. \u00a1Ll\u00e1menos hoy mismo!","robots":{"index":"index","follow":"follow","max-snippet":"max-snippet:-1","max-image-preview":"max-image-preview:large","max-video-preview":"max-video-preview:-1"},"canonical":"https:\/\/oreskylaw.com\/es\/bronx\/abogados-de-atropellos-y-fugas\/","og_locale":"es_ES","og_type":"article","og_title":"Abogado especializado en accidentes de atropello y fuga en el Bronx - Oresky & Associates, PLLC","og_description":"Conf\u00ede en nuestros abogados con experiencia en accidentes automovil\u00edsticos de Oresky & Associates para obtener apoyo legal y garantizar el acuerdo por accidente de atropello y fuga que se merece. \u00a1Ll\u00e1menos hoy mismo!","og_url":"https:\/\/oreskylaw.com\/es\/bronx\/abogados-de-atropellos-y-fugas\/","og_site_name":"Oresky &amp; Associates, PLLC","article_publisher":"https:\/\/www.facebook.com\/Oreskylaw\/","article_modified_time":"2026-01-30T13:31:19+00:00","og_image":[{"width":810,"height":330,"url":"https:\/\/oreskylaw.com\/wp-content\/uploads\/2026\/01\/hit-and-run-lawyers.png","type":"image\/png"}],"twitter_card":"summary_large_image","twitter_site":"@JacobOreskyLaw","twitter_misc":{"Tiempo de lectura":"9 minutos"},"schema":{"@context":"https:\/\/schema.org","@graph":[{"@type":"WebPage","@id":"https:\/\/oreskylaw.com\/es\/bronx\/abogados-de-atropellos-y-fugas\/","url":"https:\/\/oreskylaw.com\/es\/bronx\/abogados-de-atropellos-y-fugas\/","name":"Abogado especializado en accidentes de atropello y fuga en el Bronx - Oresky & Associates, PLLC","isPartOf":{"@id":"https:\/\/oreskylaw.com\/es\/#website"},"primaryImageOfPage":{"@id":"https:\/\/oreskylaw.com\/es\/bronx\/abogados-de-atropellos-y-fugas\/#primaryimage"},"image":{"@id":"https:\/\/oreskylaw.com\/es\/bronx\/abogados-de-atropellos-y-fugas\/#primaryimage"},"thumbnailUrl":"https:\/\/oreskylaw.com\/wp-content\/uploads\/2026\/01\/hit-and-run-lawyers.png","datePublished":"2025-12-08T02:25:43+00:00","dateModified":"2026-01-30T13:31:19+00:00","description":"Conf\u00ede en nuestros abogados con experiencia en accidentes automovil\u00edsticos de Oresky & Associates para obtener apoyo legal y garantizar el acuerdo por accidente de atropello y fuga que se merece. \u00a1Ll\u00e1menos hoy mismo!","breadcrumb":{"@id":"https:\/\/oreskylaw.com\/es\/bronx\/abogados-de-atropellos-y-fugas\/#breadcrumb"},"inLanguage":"es","potentialAction":[{"@type":"ReadAction","target":["https:\/\/oreskylaw.com\/es\/bronx\/abogados-de-atropellos-y-fugas\/"]}]},{"@type":"ImageObject","inLanguage":"es","@id":"https:\/\/oreskylaw.com\/es\/bronx\/abogados-de-atropellos-y-fugas\/#primaryimage","url":"https:\/\/oreskylaw.com\/wp-content\/uploads\/2026\/01\/hit-and-run-lawyers.png","contentUrl":"https:\/\/oreskylaw.com\/wp-content\/uploads\/2026\/01\/hit-and-run-lawyers.png","width":810,"height":330,"caption":"hit-and-run victim"},{"@type":"BreadcrumbList","@id":"https:\/\/oreskylaw.com\/es\/bronx\/abogados-de-atropellos-y-fugas\/#breadcrumb","itemListElement":[{"@type":"ListItem","position":1,"name":"Inicio","item":"https:\/\/oreskylaw.com\/es\/"},{"@type":"ListItem","position":2,"name":"Abogado de lesiones personales en el Bronx","item":"https:\/\/oreskylaw.com\/es\/bronx\/"},{"@type":"ListItem","position":3,"name":"Abogado de Accidentes por Choque y Fuga"}]},{"@type":"WebSite","@id":"https:\/\/oreskylaw.com\/es\/#website","url":"https:\/\/oreskylaw.com\/es\/","name":"Oresky & Associates PLLC","description":"","publisher":{"@id":"https:\/\/oreskylaw.com\/es\/#organization"},"potentialAction":[{"@type":"SearchAction","target":{"@type":"EntryPoint","urlTemplate":"https:\/\/oreskylaw.com\/es\/?s={search_term_string}"},"query-input":{"@type":"PropertyValueSpecification","valueRequired":true,"valueName":"search_term_string"}}],"inLanguage":"es"}]}},"_links":{"self":[{"href":"https:\/\/oreskylaw.com\/es\/wp-json\/wp\/v2\/pages\/17986","targetHints":{"allow":["GET"]}}],"collection":[{"href":"https:\/\/oreskylaw.com\/es\/wp-json\/wp\/v2\/pages"}],"about":[{"href":"https:\/\/oreskylaw.com\/es\/wp-json\/wp\/v2\/types\/page"}],"author":[{"embeddable":true,"href":"https:\/\/oreskylaw.com\/es\/wp-json\/wp\/v2\/users\/9"}],"replies":[{"embeddable":true,"href":"https:\/\/oreskylaw.com\/es\/wp-json\/wp\/v2\/comments?post=17986"}],"version-history":[{"count":0,"href":"https:\/\/oreskylaw.com\/es\/wp-json\/wp\/v2\/pages\/17986\/revisions"}],"up":[{"embeddable":true,"href":"https:\/\/oreskylaw.com\/es\/wp-json\/wp\/v2\/pages\/17391"}],"wp:featuredmedia":[{"embeddable":true,"href":"https:\/\/oreskylaw.com\/es\/wp-json\/wp\/v2\/media\/24086"}],"wp:attachment":[{"href":"https:\/\/oreskylaw.com\/es\/wp-json\/wp\/v2\/media?parent=17986"}],"curies":[{"name":"wp","href":"https:\/\/api.w.org\/{rel}","templated":true}]}}