{"id":18001,"date":"2025-12-08T02:26:00","date_gmt":"2025-12-08T02:26:00","guid":{"rendered":"https:\/\/oreskylaw.com\/?page_id=18001"},"modified":"2026-01-30T13:34:58","modified_gmt":"2026-01-30T13:34:58","slug":"abogados-de-accidentes-de-trabajadores-del-hierro","status":"publish","type":"page","link":"https:\/\/oreskylaw.com\/es\/bronx\/abogados-de-accidentes-de-trabajadores-del-hierro\/","title":{"rendered":"Trabajadores de herrer\u00eda"},"content":{"rendered":"<p>Durante m\u00e1s de 30 a\u00f1os, los\u00a0<a href=\"https:\/\/oreskylaw.com\/es\/bronx\/abogados-de-accidentes-de-construccion\/\">abogados de accidentes de la construcci\u00f3n del Bronx<\/a>\u00a0en\u00a0<a href=\"https:\/\/oreskylaw.com\/es\/\">Oresky &amp; Associates, PLLC<\/a>\u00a0han \u00a0luchado por los derechos de los trabajadores lesionados en New York. Los herreros se enfrentan a muchos peligros cada d\u00eda cuando van a trabajar. Tienen uno de los trabajos m\u00e1s peligrosos en una obra de construcci\u00f3n del Bronx, NY.<\/p>\n<p>Desde 1992, nuestro equipo jur\u00eddico de Oresky &amp; Associates, PLLC ha recuperado m\u00e1s de 400 millones de d\u00f3lares para nuestros clientes. Queremos ayudarte a recibir el dinero que te mereces por una lesi\u00f3n en el trabajo del hierro.<\/p>\n<p>Comun\u00edcate con nuestro despacho de abogados al\u00a0<a href=\"tel:+19299304705\">(929)930-4705<\/a>\u00a0para programar una\u00a0<a href=\"https:\/\/oreskylaw.com\/es\/contacto\/\">consulta gratuita<\/a>\u00a0con un abogado experimentado en accidentes de herradores del Bronx.<\/p>\n<h2>C\u00f3mo pueden ayudar a los herreros nuestros abogados de indemnizaci\u00f3n laboral del Bronx tras un accidente o lesi\u00f3n<\/h2>\n<p><img loading=\"lazy\" decoding=\"async\" class=\"size-full wp-image-27895 alignleft\" src=\"https:\/\/oreskylaw.com\/wp-content\/uploads\/2026\/01\/Como-pueden-ayudar-a-los-herreros-nuestros-abogados-de-indemnizacion-laboral-del-Bronx-tras-un-accidente-o-lesion.webp\" alt=\"C\u00f3mo pueden ayudar a los herreros nuestros abogados de indemnizaci\u00f3n laboral del \" width=\"300\" height=\"200\" \/>Los herreros y soldadores son empleados esenciales en el sector de la construcci\u00f3n. Son responsables de elementos cr\u00edticos de la construcci\u00f3n de un edificio, incluida la construcci\u00f3n del armaz\u00f3n de la estructura. Sin embargo, el trabajo del hierro es intr\u00ednsecamente peligroso, por lo que los accidentes son frecuentes.<\/p>\n<p>Podr\u00edas tener derecho a una indemnizaci\u00f3n, adem\u00e1s de la indemnizaci\u00f3n por accidente laboral. Sin embargo, las reclamaciones por accidentes en el trabajo de los herreros son casos complejos de lesiones personales. Por lo tanto, necesitas abogados con experiencia en accidentes laborales en el Bronx para luchar por una indemnizaci\u00f3n justa por una lesi\u00f3n relacionada con tu trabajo.<\/p>\n<p>Cuando contrates a nuestros galardonados abogados de Oresky &amp; Associates, PLLC, nosotros:<\/p>\n<ul>\n<li>Investigaremos tu caso para determinar la causa del accidente<\/li>\n<li>Reuniremos pruebas para presentar una demanda de indemnizaci\u00f3n por accidente de trabajo y\/o a terceros<\/li>\n<li>Buscaremos todas las formas de indemnizaci\u00f3n para tu reclamaci\u00f3n por accidente de ferralla<\/li>\n<li>Trabajaremos con testigos expertos para reforzar tu caso si es necesario<\/li>\n<li>Calcularemos el valor de tu reclamaci\u00f3n y lucharemos para conseguir esa cantidad para ti<\/li>\n<li>Presentaremos una demanda y llevaremos tu reclamaci\u00f3n ante los tribunales si es necesario<\/li>\n<\/ul>\n<p>Los accidentes de los herreros pueden causar lesiones graves por ello necesitas una indemnizaci\u00f3n por tus gastos y facturas m\u00e9dicas. Nuestros abogados trabajar\u00e1n para poner el m\u00e1ximo dinero posible en tus bolsillos.<\/p>\n<p>Ponte en contacto con nosotros para programar una evaluaci\u00f3n gratuita de tu caso con un abogado experto en accidentes de herrer\u00eda en el Bronx, New York.<\/p>\n<h2>\u00bfCu\u00e1les son las causas habituales de los accidentes y lesiones de los herreros en el Bronx?<\/h2>\n<p>Los herreros pueden lesionarse debido a los numerosos peligros y riesgos de su trabajo.<\/p>\n<p>Entre los tipos habituales de accidentes de herrer\u00eda se incluyen, entre otros:<\/p>\n<div class=\"row\">\n<ul class=\"col-xl-6\">\n<li>Exposici\u00f3n a sustancias t\u00f3xicas<\/li>\n<li>Accidentes por atropello<\/li>\n<li>Ca\u00eddas desde altura<\/li>\n<li>Accidentes de soldadura<\/li>\n<li>Accidentes por atrapamiento o entre objetos<\/li>\n<\/ul>\n<ul class=\"col-xl-6\">\n<li>Electrocuci\u00f3n y accidentes el\u00e9ctricos<\/li>\n<li>Aplastamiento<\/li>\n<li>Enfermedad por el calor al estar expuesto a temperaturas elevadas y a la intemperie<\/li>\n<li>Derrumbamiento de estructuras, columnas y muros<\/li>\n<li>Productos y herramientas defectuosos<\/li>\n<\/ul>\n<\/div>\n<p>La lista anterior no incluye todos los peligros a los que se enfrenta un herrero ni c\u00f3mo puede lesionarse un trabajador. Los accidentes de los soldadores pueden tener consecuencias que cambien la vida de los trabajadores y sus familias. Independientemente de c\u00f3mo se haya producido la lesi\u00f3n, es importante que recibas todas las prestaciones e indemnizaciones que te correspondan por ley.<\/p>\n    <div class=\"cw-cta-box\">\n        <div class=\"cw-cta-box__inner \">\n            <div class=\"cw-cta-box__info\">\n                                    <div class=\"label\">\u00a1Llame ahora!<\/div>\n                            <\/div>\n                            <div class=\"contact-phone\">\n                    <a href=\"tel:7189939999\"\n                        aria-label=\"Tap to call button\">\n                        718-993-9999                    <\/a>\n                <\/div>\n                    <\/div>\n                    <a href=\"\/es\/contacto\/\"\n               class=\"cta-btn btn btn--primary btn\"\n               target=\"\">\n                Obtenga Una Consulta Gratuita            <\/a>\n            <\/div>\n    \n<h2>Lesiones comunes en accidentes de herrer\u00eda<\/h2>\n<p>Un trabajador del hierro puede sufrir lesiones leves en un accidente, sin embargo, muchos sufren lesiones graves que requieren tratamiento m\u00e9dico prolongado y su baja laboral.<\/p>\n<p>Las lesiones m\u00e1s comunes en accidentes de herrer\u00eda son, entre otras:<\/p>\n<div class=\"row\">\n<ul class=\"col-xl-6\">\n<li>Huesos rotos y fracturas<\/li>\n<li>Da\u00f1os oculares y p\u00e9rdida de visi\u00f3n<\/li>\n<li>Quemaduras graves y lesiones el\u00e9ctricas<\/li>\n<li>Miembros del cuerpo aplastados<\/li>\n<li>Amputaciones y p\u00e9rdida de miembros<\/li>\n<\/ul>\n<ul class=\"col-xl-6\">\n<li>P\u00e9rdida de la audici\u00f3n<\/li>\n<li>Cortes, abrasiones y heridas punzantes<\/li>\n<li>Par\u00e1lisis y lesiones medulares<\/li>\n<li>Muerte<\/li>\n<\/ul>\n<\/div>\n<p>Un herrero lesionado en el trabajo debe buscar tratamiento m\u00e9dico inmediato. Es esencial notificar todas las lesiones, independientemente de su gravedad. Informar del accidente y buscar atenci\u00f3n m\u00e9dica inmediata ayuda a proteger tu derecho a una indemnizaci\u00f3n por tus lesiones.<\/p>\n<h2>\u00bfQu\u00e9 indemnizaci\u00f3n puedo recibir tras un accidente de herrer\u00eda en el Bronx?<\/h2>\n<p>La parte responsable de tu lesi\u00f3n depende de los hechos y circunstancias de tu caso. Si te lesionaste en un accidente de herrer\u00eda mientras trabajabas, deber\u00edas estar cubierto por un seguro de indemnizaci\u00f3n por accidentes laborales. La mayor\u00eda de las empresas de New York deben tener un seguro de accidentes laborales para sus empleados.<\/p>\n<p>La indemnizaci\u00f3n por accidente laboral es un sistema sin culpa que proporciona tratamiento m\u00e9dico y prestaciones por p\u00e9rdida de ingresos a los trabajadores lesionados. Los empleados cubiertos por el seguro de accidentes laborales no suelen poder demandar a sus empresas para obtener una indemnizaci\u00f3n adicional.<\/p>\n<p>Sin embargo, puede haber otras reclamaciones que podr\u00edan aplicarse a tu accidente de herrer\u00eda. Podr\u00edas tener derecho a una reclamaci\u00f3n de terceros si tu lesi\u00f3n fue causada por la negligencia o los agravios intencionados de otra parte. Por ejemplo, podr\u00edas demandar a un fabricante si tu lesi\u00f3n fue causada por una herramienta defectuosa.<\/p>\n<p>Las reclamaciones de terceros proporcionan una indemnizaci\u00f3n adicional y pueden presentarse simult\u00e1neamente con una reclamaci\u00f3n de indemnizaci\u00f3n por accidente laboral. Podr\u00edas tener derecho a una indemnizaci\u00f3n por da\u00f1os y perjuicios no cubiertos por las prestaciones de la compensaci\u00f3n de los trabajadores, incluidos los da\u00f1os econ\u00f3micos y no econ\u00f3micos.<\/p>\n<p>Adem\u00e1s, las leyes laborales de New York ofrecen protecciones adicionales a los trabajadores de la construcci\u00f3n. Podr\u00edas tener una demanda contra una o varias partes en virtud de los art\u00edculos 200, 240 y 241 de la Ley Laboral.<\/p>\n<p>Nuestros abogados del Bronx especializados en accidentes de herrer\u00eda analizar\u00e1n tu caso para determinar todas las reclamaciones que tienes derecho a presentar. Identificaremos a todas las partes responsables de tus lesiones y perseguiremos agresivamente cada fuente de indemnizaci\u00f3n.<\/p>\n<h2>\u00bfDe cu\u00e1nto tiempo dispongo para presentar una reclamaci\u00f3n por accidente de herrer\u00eda en el Bronx?<\/h2>\n<p>El tipo de reclamaci\u00f3n determina el plazo de presentaci\u00f3n. Te recomendamos encarecidamente que te pongas en contacto con nuestro despacho lo antes posible para evitar perder el derecho a presentar una reclamaci\u00f3n en virtud de una o varias causas de acci\u00f3n.<\/p>\n<h2>Programa una consulta gratuita con nuestros abogados de accidentes de herrer\u00eda del Bronx<\/h2>\n<p>Si has sufrido una lesi\u00f3n a causa de un accidente de herrer\u00eda, estamos aqu\u00ed para ayudarte. Llama ahora para una consulta gratuita con uno de nuestros abogados de\u00a0<a href=\"https:\/\/oreskylaw.com\/es\/bronx\/\">lesiones personales del Bronx<\/a>. Podemos ayudarte con la indemnizaci\u00f3n laboral y las reclamaciones de terceros.<\/p>\n","protected":false},"excerpt":{"rendered":"<p>Durante m\u00e1s de 30 a\u00f1os, los\u00a0abogados de accidentes de la construcci\u00f3n del Bronx\u00a0en\u00a0Oresky &amp; Associates, PLLC\u00a0han \u00a0luchado por los derechos de los trabajadores lesionados en New York. Los herreros se enfrentan a muchos peligros cada d\u00eda cuando van a trabajar. Tienen uno de los trabajos m\u00e1s peligrosos en una obra de construcci\u00f3n del Bronx, NY. [&hellip;]<\/p>\n","protected":false},"author":9,"featured_media":24094,"parent":17391,"menu_order":57,"comment_status":"closed","ping_status":"closed","template":"","meta":{"_acf_changed":false,"footnotes":""},"class_list":["post-18001","page","type-page","status-publish","has-post-thumbnail","hentry"],"acf":[],"yoast_head":"<!-- This site is optimized with the Yoast SEO plugin v27.3 - https:\/\/yoast.com\/product\/yoast-seo-wordpress\/ -->\n<title>Abogado de accidentes de trabajadores de herrer\u00eda, Bronx - Oresky &amp; Associates, PLLC<\/title>\n<meta name=\"description\" content=\"\u00bfSufri\u00f3 un accidente como trabajador de herrer\u00eda? Nuestros abogados de compensaci\u00f3n laboral en el Bronx pueden ayudarle. Contacte nuestro bufete hoy.\" \/>\n<meta name=\"robots\" content=\"index, follow, max-snippet:-1, max-image-preview:large, max-video-preview:-1\" \/>\n<link rel=\"canonical\" href=\"https:\/\/oreskylaw.com\/es\/bronx\/abogados-de-accidentes-de-trabajadores-del-hierro\/\" \/>\n<meta property=\"og:locale\" content=\"es_ES\" \/>\n<meta property=\"og:type\" content=\"article\" \/>\n<meta property=\"og:title\" content=\"Abogado de accidentes de trabajadores de herrer\u00eda, Bronx - Oresky &amp; Associates, PLLC\" \/>\n<meta property=\"og:description\" content=\"\u00bfSufri\u00f3 un accidente como trabajador de herrer\u00eda? Nuestros abogados de compensaci\u00f3n laboral en el Bronx pueden ayudarle. Contacte nuestro bufete hoy.\" \/>\n<meta property=\"og:url\" content=\"https:\/\/oreskylaw.com\/es\/bronx\/abogados-de-accidentes-de-trabajadores-del-hierro\/\" \/>\n<meta property=\"og:site_name\" content=\"Oresky &amp; Associates, PLLC\" \/>\n<meta property=\"article:publisher\" content=\"https:\/\/www.facebook.com\/Oreskylaw\/\" \/>\n<meta property=\"article:modified_time\" content=\"2026-01-30T13:34:58+00:00\" \/>\n<meta property=\"og:image\" content=\"https:\/\/oreskylaw.com\/wp-content\/uploads\/2026\/01\/ironworker-accident-lawyers.png\" \/>\n\t<meta property=\"og:image:width\" content=\"810\" \/>\n\t<meta property=\"og:image:height\" content=\"330\" \/>\n\t<meta property=\"og:image:type\" content=\"image\/png\" \/>\n<meta name=\"twitter:card\" content=\"summary_large_image\" \/>\n<meta name=\"twitter:site\" content=\"@JacobOreskyLaw\" \/>\n<meta name=\"twitter:label1\" content=\"Tiempo de lectura\" \/>\n\t<meta name=\"twitter:data1\" content=\"6 minutos\" \/>\n<!-- \/ Yoast SEO plugin. -->","yoast_head_json":{"title":"Abogado de accidentes de trabajadores de herrer\u00eda, Bronx - Oresky & Associates, PLLC","description":"\u00bfSufri\u00f3 un accidente como trabajador de herrer\u00eda? Nuestros abogados de compensaci\u00f3n laboral en el Bronx pueden ayudarle. Contacte nuestro bufete hoy.","robots":{"index":"index","follow":"follow","max-snippet":"max-snippet:-1","max-image-preview":"max-image-preview:large","max-video-preview":"max-video-preview:-1"},"canonical":"https:\/\/oreskylaw.com\/es\/bronx\/abogados-de-accidentes-de-trabajadores-del-hierro\/","og_locale":"es_ES","og_type":"article","og_title":"Abogado de accidentes de trabajadores de herrer\u00eda, Bronx - Oresky & Associates, PLLC","og_description":"\u00bfSufri\u00f3 un accidente como trabajador de herrer\u00eda? Nuestros abogados de compensaci\u00f3n laboral en el Bronx pueden ayudarle. Contacte nuestro bufete hoy.","og_url":"https:\/\/oreskylaw.com\/es\/bronx\/abogados-de-accidentes-de-trabajadores-del-hierro\/","og_site_name":"Oresky &amp; Associates, PLLC","article_publisher":"https:\/\/www.facebook.com\/Oreskylaw\/","article_modified_time":"2026-01-30T13:34:58+00:00","og_image":[{"width":810,"height":330,"url":"https:\/\/oreskylaw.com\/wp-content\/uploads\/2026\/01\/ironworker-accident-lawyers.png","type":"image\/png"}],"twitter_card":"summary_large_image","twitter_site":"@JacobOreskyLaw","twitter_misc":{"Tiempo de lectura":"6 minutos"},"schema":{"@context":"https:\/\/schema.org","@graph":[{"@type":"WebPage","@id":"https:\/\/oreskylaw.com\/es\/bronx\/abogados-de-accidentes-de-trabajadores-del-hierro\/","url":"https:\/\/oreskylaw.com\/es\/bronx\/abogados-de-accidentes-de-trabajadores-del-hierro\/","name":"Abogado de accidentes de trabajadores de herrer\u00eda, Bronx - Oresky & Associates, PLLC","isPartOf":{"@id":"https:\/\/oreskylaw.com\/es\/#website"},"primaryImageOfPage":{"@id":"https:\/\/oreskylaw.com\/es\/bronx\/abogados-de-accidentes-de-trabajadores-del-hierro\/#primaryimage"},"image":{"@id":"https:\/\/oreskylaw.com\/es\/bronx\/abogados-de-accidentes-de-trabajadores-del-hierro\/#primaryimage"},"thumbnailUrl":"https:\/\/oreskylaw.com\/wp-content\/uploads\/2026\/01\/ironworker-accident-lawyers.png","datePublished":"2025-12-08T02:26:00+00:00","dateModified":"2026-01-30T13:34:58+00:00","description":"\u00bfSufri\u00f3 un accidente como trabajador de herrer\u00eda? Nuestros abogados de compensaci\u00f3n laboral en el Bronx pueden ayudarle. Contacte nuestro bufete hoy.","breadcrumb":{"@id":"https:\/\/oreskylaw.com\/es\/bronx\/abogados-de-accidentes-de-trabajadores-del-hierro\/#breadcrumb"},"inLanguage":"es","potentialAction":[{"@type":"ReadAction","target":["https:\/\/oreskylaw.com\/es\/bronx\/abogados-de-accidentes-de-trabajadores-del-hierro\/"]}]},{"@type":"ImageObject","inLanguage":"es","@id":"https:\/\/oreskylaw.com\/es\/bronx\/abogados-de-accidentes-de-trabajadores-del-hierro\/#primaryimage","url":"https:\/\/oreskylaw.com\/wp-content\/uploads\/2026\/01\/ironworker-accident-lawyers.png","contentUrl":"https:\/\/oreskylaw.com\/wp-content\/uploads\/2026\/01\/ironworker-accident-lawyers.png","width":810,"height":330,"caption":"ironworkers"},{"@type":"BreadcrumbList","@id":"https:\/\/oreskylaw.com\/es\/bronx\/abogados-de-accidentes-de-trabajadores-del-hierro\/#breadcrumb","itemListElement":[{"@type":"ListItem","position":1,"name":"Inicio","item":"https:\/\/oreskylaw.com\/es\/"},{"@type":"ListItem","position":2,"name":"Abogado de lesiones personales en el Bronx","item":"https:\/\/oreskylaw.com\/es\/bronx\/"},{"@type":"ListItem","position":3,"name":"Trabajadores de herrer\u00eda"}]},{"@type":"WebSite","@id":"https:\/\/oreskylaw.com\/es\/#website","url":"https:\/\/oreskylaw.com\/es\/","name":"Oresky & Associates PLLC","description":"","publisher":{"@id":"https:\/\/oreskylaw.com\/es\/#organization"},"potentialAction":[{"@type":"SearchAction","target":{"@type":"EntryPoint","urlTemplate":"https:\/\/oreskylaw.com\/es\/?s={search_term_string}"},"query-input":{"@type":"PropertyValueSpecification","valueRequired":true,"valueName":"search_term_string"}}],"inLanguage":"es"}]}},"_links":{"self":[{"href":"https:\/\/oreskylaw.com\/es\/wp-json\/wp\/v2\/pages\/18001","targetHints":{"allow":["GET"]}}],"collection":[{"href":"https:\/\/oreskylaw.com\/es\/wp-json\/wp\/v2\/pages"}],"about":[{"href":"https:\/\/oreskylaw.com\/es\/wp-json\/wp\/v2\/types\/page"}],"author":[{"embeddable":true,"href":"https:\/\/oreskylaw.com\/es\/wp-json\/wp\/v2\/users\/9"}],"replies":[{"embeddable":true,"href":"https:\/\/oreskylaw.com\/es\/wp-json\/wp\/v2\/comments?post=18001"}],"version-history":[{"count":0,"href":"https:\/\/oreskylaw.com\/es\/wp-json\/wp\/v2\/pages\/18001\/revisions"}],"up":[{"embeddable":true,"href":"https:\/\/oreskylaw.com\/es\/wp-json\/wp\/v2\/pages\/17391"}],"wp:featuredmedia":[{"embeddable":true,"href":"https:\/\/oreskylaw.com\/es\/wp-json\/wp\/v2\/media\/24094"}],"wp:attachment":[{"href":"https:\/\/oreskylaw.com\/es\/wp-json\/wp\/v2\/media?parent=18001"}],"curies":[{"name":"wp","href":"https:\/\/api.w.org\/{rel}","templated":true}]}}