{"id":18018,"date":"2025-12-08T02:26:27","date_gmt":"2025-12-08T02:26:27","guid":{"rendered":"https:\/\/oreskylaw.com\/?page_id=18018"},"modified":"2026-01-30T13:38:32","modified_gmt":"2026-01-30T13:38:32","slug":"abogados-de-accidentes-de-escalera","status":"publish","type":"page","link":"https:\/\/oreskylaw.com\/es\/bronx\/abogados-de-accidentes-de-escalera\/","title":{"rendered":"Abogado de accidentes de escalera"},"content":{"rendered":"<p>Los accidentes con escaleras suelen provocar lesiones que cambian la vida. Las personas se encuentran con dolor, incapaces de trabajar y sin un ingreso constante. La compensaci\u00f3n laboral, por lo general, cubre parte de la necesidad, pagando las facturas m\u00e9dicas y una porci\u00f3n de los salarios perdidos; sin embargo, no restituye por completo al trabajador lesionado. Presentar una demanda contra las partes legalmente responsables permite a los trabajadores lesionados exigir cuentas a quienes causaron sus lesiones.<\/p>\n<p>Los abogados de accidentes en escaleras en el Bronx de Oresky &amp; Associates, PLLC representan con orgullo a los trabajadores neoyorquinos que buscan justicia por sus lesiones. Contamos con el conocimiento y la experiencia que necesita para luchar por la compensaci\u00f3n que merece.<\/p>\n<p>Comun\u00edquese con nosotros hoy mismo para una consulta inicial gratuita y sin compromiso para hablar de su caso con un abogado con experiencia en accidentes en escaleras en el Bronx. La evaluaci\u00f3n de su caso es completamente confidencial y usted no paga nada a menos que resolvamos su asunto con \u00e9xito. <em>Hablamos espa\u00f1ol.<\/em><\/p>\n<h2>\u00bfPor qu\u00e9 deber\u00eda contratar a un abogado de accidentes en escaleras en el Bronx?<\/h2>\n<p>Un abogado con experiencia en accidentes en escaleras en el Bronx puede brindarle una ventaja clara al buscar compensaci\u00f3n por sus lesiones. El equipo de Oresky &amp; Associates, PLLC ofrece a sus clientes lo siguiente:<\/p>\n<ul>\n<li><strong>Experiencia significativa:<\/strong> contamos con m\u00e1s de 30 a\u00f1os de experiencia en casos de lesiones por escaleras. Esto significa que entendemos los tribunales y las leyes que pueden influir en su caso, y sabemos qu\u00e9 se necesita para ganar.<\/li>\n<li><strong>Resultados s\u00f3lidos:<\/strong> hemos recuperado m\u00e1s de $500 millones en veredictos y acuerdos en nombre de clientes como usted. Estas cifras hablan por s\u00ed solas.<\/li>\n<li><strong>Reputaci\u00f3n s\u00f3lida:<\/strong> no solo contamos con cientos de rese\u00f1as positivas de antiguos clientes satisfechos en los cinco distritos, sino que nuestros colegas, abogados contrarios y los tribunales locales nos consideran honestos, trabajadores y profesionales.<\/li>\n<li><strong>Apoyo compasivo:<\/strong> adoptamos un enfoque humano en todos nuestros casos, asegur\u00e1ndonos de escuchar atentamente las necesidades de nuestros clientes, ofrecer orientaci\u00f3n s\u00f3lida y comunicarnos abiertamente durante todo el proceso.<\/li>\n<li><strong>Defensa agresiva:<\/strong> tratamos a cada cliente y a sus seres queridos como si fueran parte de nuestra propia familia, y luchamos para proteger a nuestra familia. Esto significa que nuestro equipo puede defender de manera agresiva los mejores resultados posibles en su caso.<\/li>\n<li><strong>Sin honorarios a menos que ganemos:<\/strong> no se preocupe por el costo de contratar representaci\u00f3n legal para su reclamo por lesiones con escaleras. No le cobramos nada por adelantado y no nos deber\u00e1 absolutamente nada a menos que recuperemos compensaci\u00f3n para usted.<\/li>\n<\/ul>\n<p>Comun\u00edquese con nosotros hoy mismo. La revisi\u00f3n de su caso es gratuita y completamente confidencial.<\/p>\n<h2>\u00bfCu\u00e1les son algunos de los peligros y riesgos asociados con el trabajo en escaleras?<\/h2>\n<p>Los sitios de construcci\u00f3n en el Bronx y en toda la ciudad de Nueva York utilizan escaleras para innumerables tareas, incluidas labores el\u00e9ctricas, pintura, instalaci\u00f3n de paneles de yeso, techado y plomer\u00eda. Cada trabajo con escaleras conlleva riesgos, y las condiciones inseguras aumentan dr\u00e1sticamente el peligro.<\/p>\n<p>Los peligros comunes que provocan lesiones por escaleras incluyen los siguientes:<\/p>\n<ul>\n<li><strong>Superficies inestables<\/strong>: las escaleras colocadas sobre terreno irregular, pisos resbaladizos o escombros sueltos pueden desplazarse repentinamente durante su uso, causando ca\u00eddas violentas.<\/li>\n<li><strong>Equipo defectuoso<\/strong>: pelda\u00f1os da\u00f1ados o estructuras dobladas pueden poner en riesgo a los trabajadores. Desafortunadamente, algunos empleadores mantienen escaleras antiguas o mal mantenidas en los sitios de trabajo a pesar de estos riesgos.<\/li>\n<li><strong>Colocaci\u00f3n incorrecta<\/strong>: las escaleras deben colocarse en un \u00e1ngulo seguro y apoyarse en puntos de soporte resistentes. No es raro que los trabajadores ignoren este protocolo, y el uso inadecuado de escaleras puede resultar f\u00e1cilmente en un accidente catastr\u00f3fico.<\/li>\n<li><strong>Condiciones ambientales<\/strong>: la lluvia, el viento, la poca iluminaci\u00f3n e incluso el polvo pueden comprometer el equilibrio y la visibilidad, aumentando de manera significativa el riesgo de lesiones.<\/li>\n<li><strong>Falta de equipo de seguridad adecuado<\/strong>: el equipo de seguridad, como arneses y calzado antideslizante, puede contribuir en gran medida a proteger a los trabajadores y reducir el riesgo de lesiones. Lamentablemente, no todos los empleadores proporcionan este equipo a sus trabajadores.<\/li>\n<\/ul>\n<h2>\u00bfQui\u00e9n puede ser considerado responsable por mis lesiones en un accidente con escaleras?<\/h2>\n<p>El seguro de compensaci\u00f3n laboral protege a los empleadores de demandas por lesiones personales a cambio de proporcionar beneficios de compensaci\u00f3n laboral a los empleados lesionados. Esto significa que, por lo general, usted no puede demandarlos por una lesi\u00f3n causada por una falla de la escalera.<\/p>\n<p>Sin embargo, existen otras partes contra las cuales usted puede tener una demanda v\u00e1lida por lesiones con escaleras, incluidas las siguientes:<\/p>\n<ul>\n<li>Propietarios del inmueble<\/li>\n<li>Contratistas<\/li>\n<li>Subcontratistas<\/li>\n<li>Agentes del propietario<\/li>\n<\/ul>\n<h2>\u00bfQu\u00e9 tipos de compensaci\u00f3n est\u00e1n disponibles para las v\u00edctimas de accidentes en escaleras?<\/h2>\n<p>Las v\u00edctimas de accidentes en escaleras cuentan con dos v\u00edas principales para buscar compensaci\u00f3n: la compensaci\u00f3n laboral y los reclamos contra terceros.<\/p>\n<h3>Compensaci\u00f3n laboral<\/h3>\n<p>Si usted califica para la compensaci\u00f3n laboral, puede recibir lo siguiente:<\/p>\n<ul>\n<li>Cobertura de todo el tratamiento m\u00e9dico razonable<\/li>\n<li>Un porcentaje de sus salarios perdidos mientras se encuentra fuera del trabajo durante su recuperaci\u00f3n<\/li>\n<li>Beneficios por discapacidad parcial cuando su lesi\u00f3n limita su capacidad para trabajar<\/li>\n<li>Beneficios por incapacidades permanentes<\/li>\n<\/ul>\n<p>La compensaci\u00f3n laboral solo cubre la atenci\u00f3n m\u00e9dica y una parte de sus ingresos perdidos, y no lo compensa por su dolor y sufrimiento ni por otras p\u00e9rdidas econ\u00f3micas. Existe compensaci\u00f3n adicional disponible a trav\u00e9s de un reclamo por lesiones personales.<\/p>\n<h3>Reclamos contra terceros<\/h3>\n<p>M\u00faltiples terceros pueden ser responsables de sus lesiones y de los da\u00f1os consecuentes. Un reclamo contra terceros le permite recuperar dinero por lo siguiente:<\/p>\n<div class=\"row\">\n<ul class=\"col-xl-6\">\n<li>La totalidad de los salarios perdidos<\/li>\n<li>La p\u00e9rdida de capacidad de generar ingresos<\/li>\n<li>Todos los gastos de su propio bolsillo relacionados con su lesi\u00f3n<\/li>\n<\/ul>\n<ul class=\"col-xl-6\">\n<li>Dolor y sufrimiento<\/li>\n<li>Angustia emocional<\/li>\n<li>P\u00e9rdida del disfrute de la vida<\/li>\n<\/ul>\n<\/div>\n<p>Un abogado con experiencia en lesiones personales de Oresky &amp; Associates, PLLC puede revisar su caso para determinar si usted tiene un reclamo v\u00e1lido contra un tercero.<\/p>\n<h2>\u00bfCu\u00e1nto podr\u00eda valer mi caso de accidente con escaleras?<\/h2>\n<p>Cada caso es \u00fanico, lo que significa que es dif\u00edcil proporcionar una estimaci\u00f3n precisa del valor de su caso sin considerar varios factores. Estos factores incluyen los siguientes:<\/p>\n<div class=\"row\">\n<ul class=\"col-xl-6\">\n<li>La gravedad de sus lesiones<\/li>\n<li>La duraci\u00f3n de su per\u00edodo de recuperaci\u00f3n<\/li>\n<li>Los gastos m\u00e9dicos incurridos<\/li>\n<li>Si necesita cirug\u00eda o terapia extensa<\/li>\n<li>Sus salarios perdidos<\/li>\n<li>Si puede regresar a su empleo anterior<\/li>\n<\/ul>\n<ul class=\"col-xl-6\">\n<li>El impacto en su capacidad de generar ingresos a largo plazo<\/li>\n<li>Su grado de discapacidad a largo plazo<\/li>\n<li>La cantidad de dolor y angustia emocional que experimenta<\/li>\n<li>La duraci\u00f3n de sus s\u00edntomas<\/li>\n<\/ul>\n<\/div>\n<p>Nuestros abogados reflexionan de manera exhaustiva y cuidadosa al calcular el potencial econ\u00f3mico de un caso. Adem\u00e1s de los factores anteriores, la cantidad de seguro disponible influye en la recuperaci\u00f3n potencial. Podemos trabajar con expertos m\u00e9dicos y econ\u00f3micos para calcular su compensaci\u00f3n m\u00e1xima.<\/p>\n<h2>\u00bfCu\u00e1nto tiempo tengo para presentar una demanda despu\u00e9s de un accidente con escaleras en Nueva York?<\/h2>\n<p>La ley de Nueva York establece plazos estrictos para presentar una demanda. Si usted planea presentar una demanda por lesiones personales contra un tercero, por lo general tiene <em><a href=\"https:\/\/www.nysenate.gov\/legislation\/laws\/CVP\/214\" target=\"_blank\" rel=\"noopener\">tres a\u00f1os<\/a><\/em> a partir de la fecha del accidente. Los reclamos de compensaci\u00f3n laboral siguen plazos diferentes. Debe notificar a su empleador sobre el accidente dentro de 30 d\u00edas y tiene dos a\u00f1os a partir de la fecha de la lesi\u00f3n para presentar un reclamo de compensaci\u00f3n laboral.<\/p>\n<p>No cumplir con alguno de estos plazos puede limitar gravemente sus opciones legales. Es esencial actuar con rapidez y comunicarse con un abogado con conocimientos si desea recuperar la compensaci\u00f3n que merece.<\/p>\n","protected":false},"excerpt":{"rendered":"<p>Los accidentes con escaleras suelen provocar lesiones que cambian la vida. Las personas se encuentran con dolor, incapaces de trabajar y sin un ingreso constante. La compensaci\u00f3n laboral, por lo general, cubre parte de la necesidad, pagando las facturas m\u00e9dicas y una porci\u00f3n de los salarios perdidos; sin embargo, no restituye por completo al trabajador [&hellip;]<\/p>\n","protected":false},"author":9,"featured_media":23902,"parent":17391,"menu_order":59,"comment_status":"closed","ping_status":"closed","template":"practice-area.php","meta":{"_acf_changed":false,"footnotes":""},"class_list":["post-18018","page","type-page","status-publish","has-post-thumbnail","hentry"],"acf":[],"yoast_head":"<!-- This site is optimized with the Yoast SEO plugin v27.3 - https:\/\/yoast.com\/product\/yoast-seo-wordpress\/ -->\n<title>Abogado de accidentes de escalera en el Bronx - Oresky &amp; Associates, PLLC<\/title>\n<meta name=\"description\" content=\"Merece una indemnizaci\u00f3n si sufri\u00f3 lesiones en un accidente con una escalera en el Bronx. Contacte hoy mismo con nuestros abogados para una revisi\u00f3n gratuita de su caso.\" \/>\n<meta name=\"robots\" content=\"index, follow, max-snippet:-1, max-image-preview:large, max-video-preview:-1\" \/>\n<link rel=\"canonical\" href=\"https:\/\/oreskylaw.com\/es\/bronx\/abogados-de-accidentes-de-escalera\/\" \/>\n<meta property=\"og:locale\" content=\"es_ES\" \/>\n<meta property=\"og:type\" content=\"article\" \/>\n<meta property=\"og:title\" content=\"Abogado de accidentes de escalera en el Bronx - Oresky &amp; Associates, PLLC\" \/>\n<meta property=\"og:description\" content=\"Merece una indemnizaci\u00f3n si sufri\u00f3 lesiones en un accidente con una escalera en el Bronx. Contacte hoy mismo con nuestros abogados para una revisi\u00f3n gratuita de su caso.\" \/>\n<meta property=\"og:url\" content=\"https:\/\/oreskylaw.com\/es\/bronx\/abogados-de-accidentes-de-escalera\/\" \/>\n<meta property=\"og:site_name\" content=\"Oresky &amp; Associates, PLLC\" \/>\n<meta property=\"article:publisher\" content=\"https:\/\/www.facebook.com\/Oreskylaw\/\" \/>\n<meta property=\"article:modified_time\" content=\"2026-01-30T13:38:32+00:00\" \/>\n<meta property=\"og:image\" content=\"https:\/\/oreskylaw.com\/wp-content\/uploads\/2026\/01\/ladder-accident-lawyers.png\" \/>\n\t<meta property=\"og:image:width\" content=\"810\" \/>\n\t<meta property=\"og:image:height\" content=\"330\" \/>\n\t<meta property=\"og:image:type\" content=\"image\/png\" \/>\n<meta name=\"twitter:card\" content=\"summary_large_image\" \/>\n<meta name=\"twitter:site\" content=\"@JacobOreskyLaw\" \/>\n<meta name=\"twitter:label1\" content=\"Tiempo de lectura\" \/>\n\t<meta name=\"twitter:data1\" content=\"6 minutos\" \/>\n<!-- \/ Yoast SEO plugin. -->","yoast_head_json":{"title":"Abogado de accidentes de escalera en el Bronx - Oresky & Associates, PLLC","description":"Merece una indemnizaci\u00f3n si sufri\u00f3 lesiones en un accidente con una escalera en el Bronx. Contacte hoy mismo con nuestros abogados para una revisi\u00f3n gratuita de su caso.","robots":{"index":"index","follow":"follow","max-snippet":"max-snippet:-1","max-image-preview":"max-image-preview:large","max-video-preview":"max-video-preview:-1"},"canonical":"https:\/\/oreskylaw.com\/es\/bronx\/abogados-de-accidentes-de-escalera\/","og_locale":"es_ES","og_type":"article","og_title":"Abogado de accidentes de escalera en el Bronx - Oresky & Associates, PLLC","og_description":"Merece una indemnizaci\u00f3n si sufri\u00f3 lesiones en un accidente con una escalera en el Bronx. Contacte hoy mismo con nuestros abogados para una revisi\u00f3n gratuita de su caso.","og_url":"https:\/\/oreskylaw.com\/es\/bronx\/abogados-de-accidentes-de-escalera\/","og_site_name":"Oresky &amp; Associates, PLLC","article_publisher":"https:\/\/www.facebook.com\/Oreskylaw\/","article_modified_time":"2026-01-30T13:38:32+00:00","og_image":[{"width":810,"height":330,"url":"https:\/\/oreskylaw.com\/wp-content\/uploads\/2026\/01\/ladder-accident-lawyers.png","type":"image\/png"}],"twitter_card":"summary_large_image","twitter_site":"@JacobOreskyLaw","twitter_misc":{"Tiempo de lectura":"6 minutos"},"schema":{"@context":"https:\/\/schema.org","@graph":[{"@type":"WebPage","@id":"https:\/\/oreskylaw.com\/es\/bronx\/abogados-de-accidentes-de-escalera\/","url":"https:\/\/oreskylaw.com\/es\/bronx\/abogados-de-accidentes-de-escalera\/","name":"Abogado de accidentes de escalera en el Bronx - Oresky & Associates, PLLC","isPartOf":{"@id":"https:\/\/oreskylaw.com\/es\/#website"},"primaryImageOfPage":{"@id":"https:\/\/oreskylaw.com\/es\/bronx\/abogados-de-accidentes-de-escalera\/#primaryimage"},"image":{"@id":"https:\/\/oreskylaw.com\/es\/bronx\/abogados-de-accidentes-de-escalera\/#primaryimage"},"thumbnailUrl":"https:\/\/oreskylaw.com\/wp-content\/uploads\/2026\/01\/ladder-accident-lawyers.png","datePublished":"2025-12-08T02:26:27+00:00","dateModified":"2026-01-30T13:38:32+00:00","description":"Merece una indemnizaci\u00f3n si sufri\u00f3 lesiones en un accidente con una escalera en el Bronx. Contacte hoy mismo con nuestros abogados para una revisi\u00f3n gratuita de su caso.","breadcrumb":{"@id":"https:\/\/oreskylaw.com\/es\/bronx\/abogados-de-accidentes-de-escalera\/#breadcrumb"},"inLanguage":"es","potentialAction":[{"@type":"ReadAction","target":["https:\/\/oreskylaw.com\/es\/bronx\/abogados-de-accidentes-de-escalera\/"]}]},{"@type":"ImageObject","inLanguage":"es","@id":"https:\/\/oreskylaw.com\/es\/bronx\/abogados-de-accidentes-de-escalera\/#primaryimage","url":"https:\/\/oreskylaw.com\/wp-content\/uploads\/2026\/01\/ladder-accident-lawyers.png","contentUrl":"https:\/\/oreskylaw.com\/wp-content\/uploads\/2026\/01\/ladder-accident-lawyers.png","width":810,"height":330,"caption":"person using ladder"},{"@type":"BreadcrumbList","@id":"https:\/\/oreskylaw.com\/es\/bronx\/abogados-de-accidentes-de-escalera\/#breadcrumb","itemListElement":[{"@type":"ListItem","position":1,"name":"Inicio","item":"https:\/\/oreskylaw.com\/es\/"},{"@type":"ListItem","position":2,"name":"Abogado de lesiones personales en el Bronx","item":"https:\/\/oreskylaw.com\/es\/bronx\/"},{"@type":"ListItem","position":3,"name":"Abogado de accidentes de escalera"}]},{"@type":"WebSite","@id":"https:\/\/oreskylaw.com\/es\/#website","url":"https:\/\/oreskylaw.com\/es\/","name":"Oresky & Associates PLLC","description":"","publisher":{"@id":"https:\/\/oreskylaw.com\/es\/#organization"},"potentialAction":[{"@type":"SearchAction","target":{"@type":"EntryPoint","urlTemplate":"https:\/\/oreskylaw.com\/es\/?s={search_term_string}"},"query-input":{"@type":"PropertyValueSpecification","valueRequired":true,"valueName":"search_term_string"}}],"inLanguage":"es"}]}},"_links":{"self":[{"href":"https:\/\/oreskylaw.com\/es\/wp-json\/wp\/v2\/pages\/18018","targetHints":{"allow":["GET"]}}],"collection":[{"href":"https:\/\/oreskylaw.com\/es\/wp-json\/wp\/v2\/pages"}],"about":[{"href":"https:\/\/oreskylaw.com\/es\/wp-json\/wp\/v2\/types\/page"}],"author":[{"embeddable":true,"href":"https:\/\/oreskylaw.com\/es\/wp-json\/wp\/v2\/users\/9"}],"replies":[{"embeddable":true,"href":"https:\/\/oreskylaw.com\/es\/wp-json\/wp\/v2\/comments?post=18018"}],"version-history":[{"count":0,"href":"https:\/\/oreskylaw.com\/es\/wp-json\/wp\/v2\/pages\/18018\/revisions"}],"up":[{"embeddable":true,"href":"https:\/\/oreskylaw.com\/es\/wp-json\/wp\/v2\/pages\/17391"}],"wp:featuredmedia":[{"embeddable":true,"href":"https:\/\/oreskylaw.com\/es\/wp-json\/wp\/v2\/media\/23902"}],"wp:attachment":[{"href":"https:\/\/oreskylaw.com\/es\/wp-json\/wp\/v2\/media?parent=18018"}],"curies":[{"name":"wp","href":"https:\/\/api.w.org\/{rel}","templated":true}]}}