{"id":18034,"date":"2025-12-08T02:26:46","date_gmt":"2025-12-08T02:26:46","guid":{"rendered":"https:\/\/oreskylaw.com\/?page_id=18034"},"modified":"2026-01-30T13:44:17","modified_gmt":"2026-01-30T13:44:17","slug":"abogados-de-accidentes-por-cambio-de-carril","status":"publish","type":"page","link":"https:\/\/oreskylaw.com\/es\/bronx\/abogados-de-accidentes-por-cambio-de-carril\/","title":{"rendered":"El cambio de carril se bloquea"},"content":{"rendered":"<p>Los accidentes causados por cambios de carril peligrosos son evitables. Sin embargo, los cambios de carril inseguros contribuyeron a 27 accidentes en el Bronx solo en julio de 2024, seg\u00fan el Departamento de Polic\u00eda de la Ciudad de Nueva York (NYPD). Si result\u00f3 lesionado en un accidente porque otro conductor hizo un cambio de carril inseguro, nuestros abogados en el Bronx pueden ayudarle a obtener una compensaci\u00f3n justa.<\/p>\n<p>Puede tener derecho a recibir compensaci\u00f3n por las facturas m\u00e9dicas, salarios perdidos y el dolor y sufrimiento que haya soportado. Si un autom\u00f3vil lo golpe\u00f3 al cambiar de carril, llame ahora a los <a href=\"https:\/\/oreskylaw.com\/es\/bronx\/abogados-de-accidentes-de-auto\/\">abogados de accidentes automovil\u00edsticos<\/a> de\u00a0<strong>Oresky &amp; Associates, PLLC <\/strong>al <strong>(929) 930-4705<\/strong> para una <strong>consulta gratuita<\/strong>. Hemos servido al Bronx por m\u00e1s de 30 a\u00f1os y estamos listos para ayudarle hoy mismo.<\/p>\n<h2>Principales Causas de los Accidentes por Cambio de Carril en el Bronx<\/h2>\n<p>Los accidentes por cambio de carril ocurren cuando los conductores desobedecen las reglas de tr\u00e1nsito o no prestan atenci\u00f3n a su entorno. Podr\u00edan:<\/p>\n<ul>\n<li>No usar la se\u00f1al de giro<\/li>\n<li>Se\u00f1alar en la direcci\u00f3n incorrecta<\/li>\n<li>No verificar los puntos ciegos al cambiar de carril o al fusionarse<\/li>\n<li>Zigzaguear agresivamente entre autos<\/li>\n<li>Cambiar de carril mientras exceden el l\u00edmite de velocidad<\/li>\n<li><a href=\"https:\/\/oreskylaw.com\/es\/bronx\/abogados-de-accidentes-por-conduccion-distraida\/\">Conducir distra\u00eddos<\/a>, como al enviar mensajes de texto o ajustar la radio<\/li>\n<li>Cortar el paso a otros conductores que tienen el derecho de paso<\/li>\n<li><a href=\"https:\/\/oreskylaw.com\/es\/bronx\/abogados-de-accidentes-de-auto-por-conducir-bajo-los-efectos-del-alcohol\/\">Conducir bajo la influencia<\/a><\/li>\n<\/ul>\n<p>Si fue v\u00edctima de tal negligencia, nuestros abogados de accidentes automovil\u00edsticos en el Bronx le brindar\u00e1n asesoramiento realista sobre c\u00f3mo manejar esta situaci\u00f3n dif\u00edcil y recuperar una compensaci\u00f3n por las p\u00e9rdidas relacionadas con sus lesiones.<\/p>\n<h3>Las Calles y Cruces M\u00e1s Peligrosas en el Bronx, NY<\/h3>\n<p>Cualquier carretera de varios carriles puede volverse peligrosa debido a conductores negligentes. El\u00a0<a href=\"https:\/\/home.nyc.gov\/site\/nypd\/stats\/traffic-data\/traffic-data-archive.page\" target=\"_blank\" rel=\"nofollow noopener noreferrer\">NYPD<\/a>\u00a0informa que, en julio de 2024, los cambios de carril inseguros contribuyeron a accidentes en los siguientes lugares:<\/p>\n<div class=\"row\">\n<ul class=\"col-xl-6\">\n<li>3rd Avenue y East 138th Street<\/li>\n<li>East 161st Street y Grand Concourse<\/li>\n<li>Bruckner Boulevard y Brush Avenue<\/li>\n<li>Bruckner Expressway<\/li>\n<li>Cross Bronx Expressway<\/li>\n<\/ul>\n<ul class=\"col-xl-6\">\n<li>Bronx Whitestone Bridge<\/li>\n<li>Throgs Neck Bridge<\/li>\n<li>Bronx River Parkway<\/li>\n<li>Major Deegan Expressway<\/li>\n<\/ul>\n<\/div>\n<h2>\u00bfQu\u00e9 Da\u00f1os Puedo Recuperar como V\u00edctima de un Accidente por Cambio de Carril?<\/h2>\n<p><img loading=\"lazy\" decoding=\"async\" class=\"size-medium wp-image-12058 alignright\" src=\"https:\/\/oreskylaw.com\/wp-content\/uploads\/2026\/01\/what-damages-can-i-recover-as-a-lane-change-accident-victim-300x187.webp\" alt=\"car collision accident damages\" width=\"300\" height=\"187\" srcset=\"https:\/\/oreskylaw.com\/wp-content\/uploads\/2026\/01\/what-damages-can-i-recover-as-a-lane-change-accident-victim-300x187.webp 300w, https:\/\/oreskylaw.com\/wp-content\/uploads\/2026\/01\/what-damages-can-i-recover-as-a-lane-change-accident-victim-768x480.webp 768w, https:\/\/oreskylaw.com\/wp-content\/uploads\/2026\/01\/what-damages-can-i-recover-as-a-lane-change-accident-victim-91x58.webp 91w, https:\/\/oreskylaw.com\/wp-content\/uploads\/2026\/01\/what-damages-can-i-recover-as-a-lane-change-accident-victim.webp 900w\" sizes=\"auto, (max-width: 300px) 100vw, 300px\" \/>Dado que los accidentes por cambio de carril a menudo ocurren a\u00a0<a href=\"https:\/\/oreskylaw.com\/es\/bronx\/abogados-de-accidentes-por-exceso-de-velocidad\/\">velocidades m\u00e1s altas<\/a>, los conductores, pasajeros y peatones a menudo sufren lesiones graves en un accidente de cambio de carril:<\/p>\n<ul>\n<li><a href=\"https:\/\/oreskylaw.com\/es\/blog\/lesiones-de-espalda-comunes-en-accidentes\/\">Lesiones de espalda<\/a><\/li>\n<li>Lesiones cerebrales traum\u00e1ticas (TBI)<\/li>\n<li>Fracturas \u00f3seas<\/li>\n<li>Latigazo cervical<\/li>\n<li>Cortes y laceraciones<\/li>\n<li>Da\u00f1o a \u00f3rganos internos<\/li>\n<li>Cicatrices y desfiguraci\u00f3n<\/li>\n<li>Lesiones en el hombro<\/li>\n<li>Lesiones de tejidos blandos<\/li>\n<li>Lesiones de la m\u00e9dula espinal<\/li>\n<\/ul>\n<p>Para asegurarse de solicitar la cantidad correcta de dinero para cubrir todas las p\u00e9rdidas pasadas y futuras, nuestros abogados de accidentes por cambio de carril en el Bronx trabajan con nuestros clientes para determinar qu\u00e9 representa una compensaci\u00f3n justa. Luego, perseguiremos ese dinero mediante una negociaci\u00f3n rigurosa o una representaci\u00f3n agresiva en el tribunal, seg\u00fan lo que requiera su caso.<\/p>\n<p><strong>Nuestros abogados de accidentes automovil\u00edsticos en el Bronx ayudan a las v\u00edctimas de lesiones como usted a buscar da\u00f1os por:<\/strong><\/p>\n<ul>\n<li>Dolor y sufrimiento pasados, actuales y futuros, incluyendo tanto angustia f\u00edsica como emocional<\/li>\n<li>Lesiones incapacitantes<\/li>\n<li>P\u00e9rdida de independencia o disfrute de la vida<\/li>\n<li>Salarios perdidos, bonificaciones, pensiones y beneficios sindicales<\/li>\n<li>Gastos m\u00e9dicos pasados y futuros por todas las lesiones relacionadas con el accidente<\/li>\n<li>Da\u00f1o o p\u00e9rdida de propiedad personal, especialmente su veh\u00edculo<\/li>\n<\/ul>\n<p>Nuestros\u00a0<a href=\"https:\/\/oreskylaw.com\/es\/bronx\/abogados-de-accidentes-de-auto\/\">abogados de accidentes automovil\u00edsticos en el Bronx<\/a>\u00a0manejar\u00e1n su caso mientras usted se enfoca en recuperarse y recibir tratamiento por tales lesiones.<\/p>\n<h2>Nuestros Abogados de Accidentes Automovil\u00edsticos en el Bronx Manejan Casos de Lesiones por Cambio de Carril<\/h2>\n<p>Los cambios de carril inseguros pueden llevar a:<\/p>\n<ul>\n<li>Colisiones laterales<\/li>\n<li><a href=\"https:\/\/oreskylaw.com\/es\/bronx\/abogados-de-accidentes-de-coche-por-alcance\/\">Colisiones traseras<\/a><\/li>\n<li>Colisiones de impacto lateral<\/li>\n<li>Volcaduras<\/li>\n<li>Propulsi\u00f3n hacia otros veh\u00edculos u objetos estacionarios<\/li>\n<\/ul>\n<p>Nuestra experiencia de d\u00e9cadas nos ha preparado para manejar casos de accidentes automovil\u00edsticos de todo tipo. Nuestro equipo biling\u00fce est\u00e1 aqu\u00ed para ayudarle a enfrentar al conductor responsable y a su compa\u00f1\u00eda de seguros, independientemente de las particularidades de su caso.<\/p>\n    <div class=\"cw-cta-box\">\n        <div class=\"cw-cta-box__inner \">\n            <div class=\"cw-cta-box__info\">\n                                    <div class=\"label\">\u00a1Llame ahora!<\/div>\n                            <\/div>\n                            <div class=\"contact-phone\">\n                    <a href=\"tel:7189939999\"\n                        aria-label=\"Tap to call button\">\n                        718-993-9999                    <\/a>\n                <\/div>\n                    <\/div>\n                    <a href=\"\/es\/contacto\/\"\n               class=\"cta-btn btn btn--primary btn\"\n               target=\"\">\n                Obtenga Una Consulta Gratuita            <\/a>\n            <\/div>\n    \n<h2>\u00bfQui\u00e9n es Responsable de un Accidente por Cambio de Carril en el Bronx?<\/h2>\n<p>Seg\u00fan la ley estatal, los conductores deben tomar ciertas acciones para evitar una colisi\u00f3n. Por ejemplo:<\/p>\n<ul>\n<li>Los conductores deben permanecer en un solo carril hasta que sea seguro cambiar de carril (<a href=\"https:\/\/www.nysenate.gov\/legislation\/laws\/VAT\/1128\" target=\"_blank\" rel=\"nofollow noopener noreferrer\">VTL 1128(a)<\/a>).<\/li>\n<li>Los conductores no deben cruzar marcas en la carretera que indiquen que cambiar de carril o cruzar esas marcas ser\u00eda peligroso (VTL 1128(d)).<\/li>\n<li>Todos los conductores deben tener un seguro de autom\u00f3vil que cubra las lesiones corporales y los da\u00f1os a la propiedad que causen a otros (<a href=\"https:\/\/www.nysenate.gov\/legislation\/laws\/VAT\/312\" target=\"_blank\" rel=\"nofollow noopener noreferrer\">VTL 312<\/a>).<\/li>\n<\/ul>\n<p><strong>Los conductores generalmente causan accidentes por cambio de carril de una de dos maneras:<\/strong><\/p>\n<ul>\n<li>El conductor que cambia de carril no espera hasta que sea seguro mover su veh\u00edculo al siguiente carril, poniendo en peligro a los conductores y peatones a su alrededor.<\/li>\n<li>Los conductores que rodean al que cambia de carril podr\u00edan no darle espacio para maniobrar o intentar bloquearlo deliberadamente para que no cambie de carril.<\/li>\n<\/ul>\n<p>En algunos casos, varios conductores contribuyen a un accidente. Nuestros abogados de accidentes por cambio de carril en el Bronx investigan la causa de su accidente e identifican los factores que contribuyeron para que podamos responsabilizar a la parte culpable.<\/p>\n<h3>\u00bfCual Seguro Paga Despu\u00e9s de un Accidente por Cambio de Carril?<\/h3>\n<p><img loading=\"lazy\" decoding=\"async\" class=\"size-medium wp-image-12064 alignright\" src=\"https:\/\/oreskylaw.com\/wp-content\/uploads\/2026\/01\/whose-insurance-pays-after-a-lane-change-crash-300x200.webp\" alt=\"toy car\" width=\"300\" height=\"200\" srcset=\"https:\/\/oreskylaw.com\/wp-content\/uploads\/2026\/01\/whose-insurance-pays-after-a-lane-change-crash-300x200.webp 300w, https:\/\/oreskylaw.com\/wp-content\/uploads\/2026\/01\/whose-insurance-pays-after-a-lane-change-crash-768x512.webp 768w, https:\/\/oreskylaw.com\/wp-content\/uploads\/2026\/01\/whose-insurance-pays-after-a-lane-change-crash.webp 900w\" sizes=\"auto, (max-width: 300px) 100vw, 300px\" \/>Generalmente hay dos compa\u00f1\u00edas de seguros que le deben da\u00f1os despu\u00e9s de un accidente por cambio de carril:<\/p>\n<ul>\n<li><strong>Su propio seguro de autom\u00f3vil:\u00a0<\/strong>Seg\u00fan el\u00a0<a href=\"https:\/\/www.dfs.ny.gov\/consumers\/auto_insurance\/minimum_auto_insurance_requirements\" target=\"_blank\" rel=\"nofollow noopener noreferrer\">Departamento de Servicios Financieros de Nueva York (DFS)<\/a>, todos los conductores deben comprar un seguro de protecci\u00f3n contra lesiones personales (PIP), que paga independientemente de qui\u00e9n sea responsable. Esta p\u00f3liza ayudar\u00e1 a cubrir sus facturas m\u00e9dicas relacionadas con el accidente.<\/li>\n<li><strong>El seguro de responsabilidad del otro conductor:\u00a0<\/strong>Una vez que encontremos pruebas de la negligencia del conductor culpable, nuestro equipo presentar\u00e1 un reclamo de lesiones personales contra \u00e9l por todas sus p\u00e9rdidas recuperables.<\/li>\n<\/ul>\n<p>En algunos casos, usted podr\u00eda recuperar da\u00f1os bajo su cobertura de motorista sin seguro. Esta p\u00f3liza paga por sus da\u00f1os si el conductor culpable no tiene seguro o si el otro conductor huy\u00f3 de la escena. Si fue v\u00edctima de un choque y fuga, nuestros\u00a0<a href=\"https:\/\/oreskylaw.com\/es\/bronx\/abogados-de-atropellos-y-fugas\/\">abogados de choques y fugas en el Bronx<\/a>\u00a0pueden presentar un reclamo contra su p\u00f3liza de motorista sin seguro.<\/p>\n<p>Si no tiene acceso a ninguna de las opciones anteriores, podemos presentar un reclamo a trav\u00e9s de la Corporaci\u00f3n de Indemnizaci\u00f3n de Accidentes de Veh\u00edculos Motorizados (MVAIC), que brinda cobertura de seguro a los neoyorquinos si no tienen otra fuente de cobertura.<\/p>\n<h2>\u00bfPuedo Recuperar Da\u00f1os Si Soy Responsable de una Colisi\u00f3n por Cambio de Carril en el Bronx?<\/h2>\n<p>S\u00ed.\u00a0Seg\u00fan el\u00a0<a href=\"https:\/\/www.nysenate.gov\/legislation\/laws\/CVP\/1411\" target=\"_blank\" rel=\"nofollow noopener noreferrer\">CPLR 1411<\/a>, los conductores que contribuyen a un accidente a\u00fan pueden solicitar compensaci\u00f3n. La \u00fanica advertencia es que, a medida que aumenta su parte de responsabilidad, la compensaci\u00f3n que reciba disminuir\u00e1.<\/p>\n<p>Permita que nuestros abogados de accidentes por cambio de carril cerca de usted recopilen pruebas para mostrar que merece la m\u00e1xima cantidad posible de da\u00f1os. Si alguien lo ha acusado falsamente de causar el accidente, lucharemos contra las acusaciones para responsabilizar plenamente al conductor negligente.<\/p>\n<h2>Qu\u00e9 Hacer Despu\u00e9s de un Accidente por Cambio de Carril en el Bronx<\/h2>\n<p><img loading=\"lazy\" decoding=\"async\" class=\"size-medium wp-image-12069 alignright\" src=\"https:\/\/oreskylaw.com\/wp-content\/uploads\/2026\/01\/what-to-do-after-a-lane-change-accident-in-the-bronx-300x199.webp\" alt=\"first aid response on a accident\" width=\"300\" height=\"199\" srcset=\"https:\/\/oreskylaw.com\/wp-content\/uploads\/2026\/01\/what-to-do-after-a-lane-change-accident-in-the-bronx-300x199.webp 300w, https:\/\/oreskylaw.com\/wp-content\/uploads\/2026\/01\/what-to-do-after-a-lane-change-accident-in-the-bronx-768x510.webp 768w, https:\/\/oreskylaw.com\/wp-content\/uploads\/2026\/01\/what-to-do-after-a-lane-change-accident-in-the-bronx-360x238.webp 360w, https:\/\/oreskylaw.com\/wp-content\/uploads\/2026\/01\/what-to-do-after-a-lane-change-accident-in-the-bronx.webp 900w\" sizes=\"auto, (max-width: 300px) 100vw, 300px\" \/>Es esencial proteger sus derechos despu\u00e9s de un accidente de tr\u00e1fico. Los abogados de lesiones por accidentes en el Bronx de Oresky &amp; Associates, PLLC, le aconsejan:<\/p>\n<h3>Aseg\u00farese de su Seguridad Despu\u00e9s de un Accidente<\/h3>\n<p>Si es posible, saque su autom\u00f3vil del flujo de tr\u00e1fico. Si su autom\u00f3vil est\u00e1 claramente inseguro, d\u00e9jelo de inmediato.<\/p>\n<h3>Reporte el Accidente por Cambio de Carril<\/h3>\n<p>Si est\u00e1 en condiciones de quedarse en la escena, llame al 911 y explique al NYPD lo que sucedi\u00f3.<\/p>\n<h3>Busque Atenci\u00f3n M\u00e9dica por sus Lesiones del Accidente Automovil\u00edstico<\/h3>\n<p><img loading=\"lazy\" decoding=\"async\" class=\"size-medium wp-image-12074 alignright\" src=\"https:\/\/oreskylaw.com\/wp-content\/uploads\/2026\/01\/seek-medical-attention-for-your-car-accident-injuries-300x200.webp\" alt=\"seek medical attention\" width=\"300\" height=\"200\" srcset=\"https:\/\/oreskylaw.com\/wp-content\/uploads\/2026\/01\/seek-medical-attention-for-your-car-accident-injuries-300x200.webp 300w, https:\/\/oreskylaw.com\/wp-content\/uploads\/2026\/01\/seek-medical-attention-for-your-car-accident-injuries-768x511.webp 768w, https:\/\/oreskylaw.com\/wp-content\/uploads\/2026\/01\/seek-medical-attention-for-your-car-accident-injuries.webp 900w\" sizes=\"auto, (max-width: 300px) 100vw, 300px\" \/>Esto siempre debe ser su prioridad principal despu\u00e9s de un accidente. Si requiere atenci\u00f3n de emergencia, llame a una ambulancia o vaya a la sala de emergencias m\u00e1s cercana.<\/p>\n<h3>Recolecte Informaci\u00f3n Sobre la Colisi\u00f3n<\/h3>\n<p>Esto incluye obtener la informaci\u00f3n de contacto de la parte responsable y de cualquier testigo que haya visto al otro conductor hacer un cambio de carril inseguro y causar su accidente.<\/p>\n<h3>Documente la Escena del Accidente Automovil\u00edstico<\/h3>\n<p>Use su tel\u00e9fono celular para tomar fotos y videos de todo lo que vea, incluida la escena del accidente, los veh\u00edculos involucrados y sus lesiones.<\/p>\n<h3>Preserve Evidencia de sus Lesiones en el Accidente<\/h3>\n<p>Guarde todos los recibos, facturas, comunicaciones de compa\u00f1\u00edas de seguros y otros materiales relacionados con el accidente.<\/p>\n<h3>Consulte a Nuestros Abogados de Accidentes Automovil\u00edsticos en el Bronx<\/h3>\n<p>Tratamos a nuestros clientes como familia y tenemos un historial comprobado de obtener acuerdos y premios justos.<\/p>\n    <div class=\"cw-cta-box\">\n        <div class=\"cw-cta-box__inner \">\n            <div class=\"cw-cta-box__info\">\n                                    <div class=\"label\">\u00a1Llame ahora!<\/div>\n                            <\/div>\n                            <div class=\"contact-phone\">\n                    <a href=\"tel:7189939999\"\n                        aria-label=\"Tap to call button\">\n                        718-993-9999                    <\/a>\n                <\/div>\n                    <\/div>\n                    <a href=\"\/es\/contacto\/\"\n               class=\"cta-btn btn btn--primary btn\"\n               target=\"\">\n                Obtenga Una Consulta Gratuita            <\/a>\n            <\/div>\n    \n<h2>Oresky &amp; Associates, PLLC, est\u00e1 Comprometido a Representar a las V\u00edctimas de Accidentes por Cambio de Carril<\/h2>\n<p>En Oresky &amp; Associates, PLLC, hemos dedicado nuestras carreras a servir a los clientes en el Bronx y en toda la ciudad de Nueva York. Mostramos nuestro compromiso al:<\/p>\n<ul>\n<li><strong>Crear una estrategia legal personalizada:\u00a0<\/strong>Queremos entender exactamente lo que sucedi\u00f3 para desarrollar una estrategia que se adapte mejor a asegurar la compensaci\u00f3n que necesita.<\/li>\n<li><strong>Lidiar con todas las compa\u00f1\u00edas de seguros:<\/strong>\u00a0Ninguna compa\u00f1\u00eda de seguros quiere pagar un acuerdo justo si pueden ofrecer menos. Nuestro bufete de abogados en el Bronx proteger\u00e1 su derecho a buscar una compensaci\u00f3n completa por todas sus p\u00e9rdidas.<\/li>\n<li><strong>Buscar compensaci\u00f3n:<\/strong>\u00a0Su familia depende de esta compensaci\u00f3n para reconstruirse, por eso Oresky &amp; Associates, PLLC, lucha incansablemente en cada caso.<\/li>\n<li><strong>Mantener el contacto constante sobre su caso:\u00a0<\/strong>Nuestros abogados de accidentes por cambio de carril en el Bronx est\u00e1n listos para comenzar a trabajar para usted desde el momento en que tomamos su caso. Proporcionamos actualizaciones, asesoramiento legal y respuestas hasta el final.<\/li>\n<\/ul>\n","protected":false},"excerpt":{"rendered":"<p>Los accidentes causados por cambios de carril peligrosos son evitables. Sin embargo, los cambios de carril inseguros contribuyeron a 27 accidentes en el Bronx solo en julio de 2024, seg\u00fan el Departamento de Polic\u00eda de la Ciudad de Nueva York (NYPD). Si result\u00f3 lesionado en un accidente porque otro conductor hizo un cambio de carril [&hellip;]<\/p>\n","protected":false},"author":9,"featured_media":24102,"parent":17391,"menu_order":63,"comment_status":"closed","ping_status":"closed","template":"","meta":{"_acf_changed":false,"footnotes":""},"class_list":["post-18034","page","type-page","status-publish","has-post-thumbnail","hentry"],"acf":[],"yoast_head":"<!-- This site is optimized with the Yoast SEO plugin v27.3 - https:\/\/yoast.com\/product\/yoast-seo-wordpress\/ -->\n<title>Abogado especializado en accidentes por cambio de carril en el Bronx - Oresky &amp; Associates, PLLC<\/title>\n<meta name=\"description\" content=\"Conf\u00ede en los abogados de lesiones personales de Oresky &amp; Associates para obtener apoyo legal experimentado para garantizar el acuerdo por accidente automovil\u00edstico por cambio de carril que se merece. \u00a1Ll\u00e1menos hoy mismo!\" \/>\n<meta name=\"robots\" content=\"index, follow, max-snippet:-1, max-image-preview:large, max-video-preview:-1\" \/>\n<link rel=\"canonical\" href=\"https:\/\/oreskylaw.com\/es\/bronx\/abogados-de-accidentes-por-cambio-de-carril\/\" \/>\n<meta property=\"og:locale\" content=\"es_ES\" \/>\n<meta property=\"og:type\" content=\"article\" \/>\n<meta property=\"og:title\" content=\"Abogado especializado en accidentes por cambio de carril en el Bronx - Oresky &amp; Associates, PLLC\" \/>\n<meta property=\"og:description\" content=\"Conf\u00ede en los abogados de lesiones personales de Oresky &amp; Associates para obtener apoyo legal experimentado para garantizar el acuerdo por accidente automovil\u00edstico por cambio de carril que se merece. \u00a1Ll\u00e1menos hoy mismo!\" \/>\n<meta property=\"og:url\" content=\"https:\/\/oreskylaw.com\/es\/bronx\/abogados-de-accidentes-por-cambio-de-carril\/\" \/>\n<meta property=\"og:site_name\" content=\"Oresky &amp; Associates, PLLC\" \/>\n<meta property=\"article:publisher\" content=\"https:\/\/www.facebook.com\/Oreskylaw\/\" \/>\n<meta property=\"article:modified_time\" content=\"2026-01-30T13:44:17+00:00\" \/>\n<meta property=\"og:image\" content=\"https:\/\/oreskylaw.com\/wp-content\/uploads\/2026\/01\/lane-change-crashes-lawyers.png\" \/>\n\t<meta property=\"og:image:width\" content=\"810\" \/>\n\t<meta property=\"og:image:height\" content=\"330\" \/>\n\t<meta property=\"og:image:type\" content=\"image\/png\" \/>\n<meta name=\"twitter:card\" content=\"summary_large_image\" \/>\n<meta name=\"twitter:site\" content=\"@JacobOreskyLaw\" \/>\n<meta name=\"twitter:label1\" content=\"Tiempo de lectura\" \/>\n\t<meta name=\"twitter:data1\" content=\"8 minutos\" \/>\n<!-- \/ Yoast SEO plugin. -->","yoast_head_json":{"title":"Abogado especializado en accidentes por cambio de carril en el Bronx - Oresky & Associates, PLLC","description":"Conf\u00ede en los abogados de lesiones personales de Oresky & Associates para obtener apoyo legal experimentado para garantizar el acuerdo por accidente automovil\u00edstico por cambio de carril que se merece. \u00a1Ll\u00e1menos hoy mismo!","robots":{"index":"index","follow":"follow","max-snippet":"max-snippet:-1","max-image-preview":"max-image-preview:large","max-video-preview":"max-video-preview:-1"},"canonical":"https:\/\/oreskylaw.com\/es\/bronx\/abogados-de-accidentes-por-cambio-de-carril\/","og_locale":"es_ES","og_type":"article","og_title":"Abogado especializado en accidentes por cambio de carril en el Bronx - Oresky & Associates, PLLC","og_description":"Conf\u00ede en los abogados de lesiones personales de Oresky & Associates para obtener apoyo legal experimentado para garantizar el acuerdo por accidente automovil\u00edstico por cambio de carril que se merece. \u00a1Ll\u00e1menos hoy mismo!","og_url":"https:\/\/oreskylaw.com\/es\/bronx\/abogados-de-accidentes-por-cambio-de-carril\/","og_site_name":"Oresky &amp; Associates, PLLC","article_publisher":"https:\/\/www.facebook.com\/Oreskylaw\/","article_modified_time":"2026-01-30T13:44:17+00:00","og_image":[{"width":810,"height":330,"url":"https:\/\/oreskylaw.com\/wp-content\/uploads\/2026\/01\/lane-change-crashes-lawyers.png","type":"image\/png"}],"twitter_card":"summary_large_image","twitter_site":"@JacobOreskyLaw","twitter_misc":{"Tiempo de lectura":"8 minutos"},"schema":{"@context":"https:\/\/schema.org","@graph":[{"@type":"WebPage","@id":"https:\/\/oreskylaw.com\/es\/bronx\/abogados-de-accidentes-por-cambio-de-carril\/","url":"https:\/\/oreskylaw.com\/es\/bronx\/abogados-de-accidentes-por-cambio-de-carril\/","name":"Abogado especializado en accidentes por cambio de carril en el Bronx - Oresky & Associates, PLLC","isPartOf":{"@id":"https:\/\/oreskylaw.com\/es\/#website"},"primaryImageOfPage":{"@id":"https:\/\/oreskylaw.com\/es\/bronx\/abogados-de-accidentes-por-cambio-de-carril\/#primaryimage"},"image":{"@id":"https:\/\/oreskylaw.com\/es\/bronx\/abogados-de-accidentes-por-cambio-de-carril\/#primaryimage"},"thumbnailUrl":"https:\/\/oreskylaw.com\/wp-content\/uploads\/2026\/01\/lane-change-crashes-lawyers.png","datePublished":"2025-12-08T02:26:46+00:00","dateModified":"2026-01-30T13:44:17+00:00","description":"Conf\u00ede en los abogados de lesiones personales de Oresky & Associates para obtener apoyo legal experimentado para garantizar el acuerdo por accidente automovil\u00edstico por cambio de carril que se merece. \u00a1Ll\u00e1menos hoy mismo!","breadcrumb":{"@id":"https:\/\/oreskylaw.com\/es\/bronx\/abogados-de-accidentes-por-cambio-de-carril\/#breadcrumb"},"inLanguage":"es","potentialAction":[{"@type":"ReadAction","target":["https:\/\/oreskylaw.com\/es\/bronx\/abogados-de-accidentes-por-cambio-de-carril\/"]}]},{"@type":"ImageObject","inLanguage":"es","@id":"https:\/\/oreskylaw.com\/es\/bronx\/abogados-de-accidentes-por-cambio-de-carril\/#primaryimage","url":"https:\/\/oreskylaw.com\/wp-content\/uploads\/2026\/01\/lane-change-crashes-lawyers.png","contentUrl":"https:\/\/oreskylaw.com\/wp-content\/uploads\/2026\/01\/lane-change-crashes-lawyers.png","width":810,"height":330,"caption":"highway lanes"},{"@type":"BreadcrumbList","@id":"https:\/\/oreskylaw.com\/es\/bronx\/abogados-de-accidentes-por-cambio-de-carril\/#breadcrumb","itemListElement":[{"@type":"ListItem","position":1,"name":"Inicio","item":"https:\/\/oreskylaw.com\/es\/"},{"@type":"ListItem","position":2,"name":"Abogado de lesiones personales en el Bronx","item":"https:\/\/oreskylaw.com\/es\/bronx\/"},{"@type":"ListItem","position":3,"name":"El cambio de carril se bloquea"}]},{"@type":"WebSite","@id":"https:\/\/oreskylaw.com\/es\/#website","url":"https:\/\/oreskylaw.com\/es\/","name":"Oresky & Associates PLLC","description":"","publisher":{"@id":"https:\/\/oreskylaw.com\/es\/#organization"},"potentialAction":[{"@type":"SearchAction","target":{"@type":"EntryPoint","urlTemplate":"https:\/\/oreskylaw.com\/es\/?s={search_term_string}"},"query-input":{"@type":"PropertyValueSpecification","valueRequired":true,"valueName":"search_term_string"}}],"inLanguage":"es"}]}},"_links":{"self":[{"href":"https:\/\/oreskylaw.com\/es\/wp-json\/wp\/v2\/pages\/18034","targetHints":{"allow":["GET"]}}],"collection":[{"href":"https:\/\/oreskylaw.com\/es\/wp-json\/wp\/v2\/pages"}],"about":[{"href":"https:\/\/oreskylaw.com\/es\/wp-json\/wp\/v2\/types\/page"}],"author":[{"embeddable":true,"href":"https:\/\/oreskylaw.com\/es\/wp-json\/wp\/v2\/users\/9"}],"replies":[{"embeddable":true,"href":"https:\/\/oreskylaw.com\/es\/wp-json\/wp\/v2\/comments?post=18034"}],"version-history":[{"count":0,"href":"https:\/\/oreskylaw.com\/es\/wp-json\/wp\/v2\/pages\/18034\/revisions"}],"up":[{"embeddable":true,"href":"https:\/\/oreskylaw.com\/es\/wp-json\/wp\/v2\/pages\/17391"}],"wp:featuredmedia":[{"embeddable":true,"href":"https:\/\/oreskylaw.com\/es\/wp-json\/wp\/v2\/media\/24102"}],"wp:attachment":[{"href":"https:\/\/oreskylaw.com\/es\/wp-json\/wp\/v2\/media?parent=18034"}],"curies":[{"name":"wp","href":"https:\/\/api.w.org\/{rel}","templated":true}]}}