{"id":18049,"date":"2025-12-08T02:27:08","date_gmt":"2025-12-08T02:27:08","guid":{"rendered":"https:\/\/oreskylaw.com\/?page_id=18049"},"modified":"2026-01-30T13:48:21","modified_gmt":"2026-01-30T13:48:21","slug":"abogados-de-accidentes-de-giro-a-la-izquierda","status":"publish","type":"page","link":"https:\/\/oreskylaw.com\/es\/bronx\/abogados-de-accidentes-de-giro-a-la-izquierda\/","title":{"rendered":"Abogado de Accidentes de Giro a la Izquierda"},"content":{"rendered":"<h2>Abogados Confiables de Choques por Giro a la Izquierda en el Bronx<\/h2>\n<p>Si usted o alguien que ama result\u00f3 lesionado en un<strong>\u00a0accidente de giro a la izquierda<\/strong>, nuestros abogados en el Bronx luchar\u00e1n por su derecho a una compensaci\u00f3n justa. Usted tiene el derecho de responsabilizar a la parte culpable por sus acciones y recuperar dinero para compensarlo por su dolor y sufrimiento, pagar sus facturas m\u00e9dicas, recuperar salarios perdidos y cubrir otros gastos y p\u00e9rdidas.<\/p>\n<p>En Oresky &amp; Associates, PLLC, nuestros\u00a0<a href=\"https:\/\/oreskylaw.com\/es\/bronx\/abogados-de-accidentes-de-auto\/\">aboados de accidentes de auto en el Bronx<\/a> han recuperado m\u00e1s de $500 millones en acuerdos y veredictos para clientes como usted. Llame al <a href=\"tel:+19299304705\">(929) 930-4705<\/a>\u00a0para obtener m\u00e1s informaci\u00f3n a trav\u00e9s de una\u00a0<strong>consulta gratuita<\/strong>.<\/p>\n<h2>\u00bfCu\u00e1n comunes son los accidentes de auto por giro a la izquierda en el Bronx, NY?<\/h2>\n<p>Un informe del\u00a0<a href=\"https:\/\/home.nyc.gov\/site\/nypd\/stats\/traffic-data\/traffic-data-collision.page\" target=\"_blank\" rel=\"nofollow noopener noreferrer\">Departamento de Polic\u00eda de Nueva York (NYPD)<\/a>\u00a0muestra que \u00abgirar incorrectamente\u00bb jug\u00f3 un papel en 35 accidentes con lesiones o muertes en el Bronx solo en julio de 2024. El seis por ciento de todas las colisiones con lesiones o muertes que ocurrieron en el Bronx ese mes involucraron un giro incorrecto.<\/p>\n<h2>\u00bfCu\u00e1les son las principales causas de los choques por giro a la izquierda en el Bronx?<\/h2>\n<p><img loading=\"lazy\" decoding=\"async\" class=\"size-full wp-image-12084 alignright\" src=\"http:\/\/oreskylaw.com\/wp-content\/uploads\/2026\/01\/Can-Help-After-a-Pedestrian-Accident-in-the-Bronx.webp\" alt=\"bronx bridge construction site accident attorney\" width=\"300\" height=\"207\" \/>Existen varias causas de\u00a0<strong>choques de autos por giro a la izquierda<\/strong>, incluidas:<\/p>\n<ul>\n<li>No verificar la presencia de veh\u00edculos que se acercan al girar<\/li>\n<li>Exceder la velocidad al pasar por una intersecci\u00f3n<\/li>\n<li>No ceder el derecho de paso<\/li>\n<li>Desobedecer se\u00f1ales de tr\u00e1fico<\/li>\n<li>Distraerse, como al enviar mensajes de texto<\/li>\n<li>No usar las se\u00f1ales al girar<\/li>\n<li>Conducir bajo la influencia del alcohol o drogas<\/li>\n<\/ul>\n<p>Todas estas causas son evitables. Nuestros\u00a0<strong>abogados de accidentes de veh\u00edculos en el Bronx<\/strong>\u00a0lo ayudar\u00e1n a responsabilizar al conductor negligente por el comportamiento inexcusable que caus\u00f3 sus lesiones.<\/p>\n<h2>Las calles m\u00e1s peligrosas del Bronx, NYC<\/h2>\n<p>Los\u00a0<strong>choques por giro a la izquierda<\/strong>\u00a0generalmente ocurren en cualquier lugar donde el tr\u00e1fico converge, haciendo que las intersecciones sean especialmente peligrosas. Otro\u00a0<a href=\"https:\/\/home.nyc.gov\/site\/nypd\/stats\/traffic-data\/traffic-data-archive-2024.page\" target=\"_blank\" rel=\"nofollow noopener noreferrer\">informe del NYPD de julio de 2024<\/a>\u00a0revela que algunas de las intersecciones con mayor n\u00famero de accidentes en el Bronx incluyen:<\/p>\n<ul>\n<li>La intersecci\u00f3n de Bruckner Boulevard y East 138th Street, donde ocurrieron cinco accidentes ese mes<\/li>\n<li>La intersecci\u00f3n de Exterior Street y la salida SB 3 de la Major Deegan Expressway, donde ocurrieron cinco accidentes<\/li>\n<li>La intersecci\u00f3n de East Tremont Avenue y Webster Avenue, donde ocurrieron cinco accidentes<\/li>\n<li>La intersecci\u00f3n de 3rd Avenue y East 163rd Street, donde ocurrieron cuatro accidentes<\/li>\n<\/ul>\n<h2>Nuestros abogados de accidentes de auto en el Bronx manejan estos casos de lesiones por colisiones en giros a la izquierda<\/h2>\n<p>Si ha estado en un\u00a0<strong>choque de auto durante un giro a la izquierda<\/strong>, nuestros\u00a0<a href=\"https:\/\/oreskylaw.com\/es\/bronx\/abogados-de-accidentes-de-auto\/\" target=\"_blank\" rel=\"nofollow noopener noreferrer\">abogados de accidentes de auto en el Bronx<\/a>\u00a0est\u00e1n aqu\u00ed para luchar por usted. El equipo legal de Oresky &amp; Associates, PLLC, incluye profesionales preparados para ayudar con una variedad de tipos de accidentes, incluidos:<\/p>\n<div class=\"row\">\n<ul class=\"col-xl-6\">\n<li><a href=\"https:\/\/oreskylaw.com\/es\/bronx\/abogados-de-atropellos-y-fugas\/\">Accidentes con fuga<\/a><\/li>\n<li><a href=\"https:\/\/oreskylaw.com\/es\/bronx\/abogados-de-accidentes-de-auto-por-conducir-bajo-los-efectos-del-alcohol\/\">Accidentes de auto por DUI<\/a><\/li>\n<li><a href=\"https:\/\/oreskylaw.com\/es\/bronx\/abogados-de-accidentes-por-exceso-de-velocidad\/\">Accidentes por exceso de velocidad<\/a><\/li>\n<li><a href=\"https:\/\/oreskylaw.com\/es\/bronx\/abogados-de-accidentes-por-conduccion-distraida\/\">Accidentes por conducir distra\u00eddo<\/a><\/li>\n<\/ul>\n<ul class=\"col-xl-6\">\n<li><a href=\"https:\/\/oreskylaw.com\/es\/bronx\/abogados-de-accidentes-frontales\/\">Choques frontales<\/a><\/li>\n<li><a href=\"https:\/\/oreskylaw.com\/es\/bronx\/abogados-de-accidentes-de-coche-por-alcance\/\">Choques por alcance<\/a><\/li>\n<li><a href=\"https:\/\/oreskylaw.com\/es\/bronx\/abogados-de-accidentes-de-coche-con-luces-rojas-y-amarillas\/\">Accidentes por sem\u00e1foros en rojo o amarillo<\/a><\/li>\n<\/ul>\n<\/div>\n<p>Independientemente de las circunstancias de su choque, puede confiar con seguridad en nuestro equipo de\u00a0abogados de accidentes de giro a la izquierda.<\/p>\n    <div class=\"cw-cta-box\">\n        <div class=\"cw-cta-box__inner \">\n            <div class=\"cw-cta-box__info\">\n                                    <div class=\"label\">\u00a1Llame ahora!<\/div>\n                            <\/div>\n                            <div class=\"contact-phone\">\n                    <a href=\"tel:7189939999\"\n                        aria-label=\"Tap to call button\">\n                        718-993-9999                    <\/a>\n                <\/div>\n                    <\/div>\n                    <a href=\"\/es\/contacto\/\"\n               class=\"cta-btn btn btn--primary btn\"\n               target=\"\">\n                Obtenga Una Consulta Gratuita            <\/a>\n            <\/div>\n    \n<h2>Legislaci\u00f3n sobre accidentes de autos en el Bronx: Leyes sobre choques por giro a la izquierda<\/h2>\n<p>Su abogado construir\u00e1 su caso para demostrar que el acusado fue negligente y caus\u00f3 su accidente. Las siguientes leyes pueden ser relevantes para su caso de accidente por giro a la izquierda:<\/p>\n<ul>\n<li>La ley\u00a0<a href=\"https:\/\/www.nysenate.gov\/legislation\/laws\/VAT\/1141\" target=\"_blank\" rel=\"nofollow noopener noreferrer\">VAT 1141<\/a>\u00a0establece que los conductores que giran a la izquierda deben ceder el derecho de paso a los veh\u00edculos que ya est\u00e1n dentro o muy cerca de la intersecci\u00f3n<\/li>\n<li>La ley\u00a0<a href=\"https:\/\/www.nysenate.gov\/legislation\/laws\/VAT\/1160\" target=\"_blank\" rel=\"nofollow noopener noreferrer\">VAT 1160<\/a>\u00a0dice que los conductores que giran a la izquierda deben estar lo m\u00e1s cerca posible del lado izquierdo de la carretera sin cruzar la l\u00ednea central (si existe una)<\/li>\n<li>La ley\u00a0<a href=\"https:\/\/www.nysenate.gov\/legislation\/laws\/VAT\/1163\" target=\"_blank\" rel=\"nofollow noopener noreferrer\">VAT 1163<\/a>\u00a0exige que los conductores est\u00e9n en la posici\u00f3n correcta (como se detall\u00f3 anteriormente) y se\u00f1alicen antes de girar<\/li>\n<li>La ley\u00a0<a href=\"https:\/\/www.nysenate.gov\/legislation\/laws\/VAT\/312\" target=\"_blank\" rel=\"nofollow noopener noreferrer\">VAT 312<\/a>\u00a0exige que todos los conductores adquieran un seguro para ayudar a cubrir los costos de cualquier accidente en el que se vean involucrados<\/li>\n<\/ul>\n<p>Si usted es v\u00edctima de un conductor negligente, nuestros\u00a0<strong>abogados de accidentes de auto en el Bronx<\/strong>\u00a0lo ayudar\u00e1n a presentar su reclamo, probar la culpa del acusado y luchar para obtener una compensaci\u00f3n justa.<\/p>\n<h2>\u00bfQui\u00e9n es responsable de un accidente de auto por giro a la izquierda en el Bronx?<\/h2>\n<p>Diversas partes pueden ser responsables, seg\u00fan las circunstancias del accidente. Nuestros\u00a0<strong>abogados de accidentes por giro a la izquierda en el Bronx<\/strong>\u00a0responsabilizar\u00e1n a las partes negligentes.<\/p>\n<h3>El conductor que gira a la izquierda<\/h3>\n<p>El conductor que realiza el giro puede tener la culpa si no se\u00f1aliza, no observa el tr\u00e1fico que se aproxima, no cede el derecho de paso cuando corresponde o no ejecuta correctamente el giro.<\/p>\n<h3>El conductor que se aproxima<\/h3>\n<p>El conductor que se aproxima generalmente tiene el derecho de paso cuando otro conductor est\u00e1 realizando un giro a la izquierda. Sin embargo, exceder la velocidad, no tomar medidas evasivas disponibles o no obedecer se\u00f1ales de alto o luces puede hacerlo responsable en un accidente por giro a la izquierda.<\/p>\n<h2>\u00bfQu\u00e9 da\u00f1os puedo recuperar como v\u00edctima de una colisi\u00f3n por giro a la izquierda?<\/h2>\n<p>El equipo legal biling\u00fce de Oresky &amp; Associates, PLLC, se compromete a recuperar todos los da\u00f1os que usted merece despu\u00e9s de un accidente por giro a la izquierda. Presentaremos un reclamo de seguro o una\u00a0<strong>demanda por accidente de veh\u00edculo en el Bronx<\/strong>\u00a0en busca de:<\/p>\n<div class=\"row\">\n<ul class=\"col-xl-6\">\n<li>Dolor y sufrimiento pasados y futuros<\/li>\n<li>Disminuci\u00f3n de la calidad de vida<\/li>\n<li>Lesiones incapacitantes<\/li>\n<li>Cicatrices y desfiguraci\u00f3n<\/li>\n<li>P\u00e9rdida de consorcio<\/li>\n<\/ul>\n<ul class=\"col-xl-6\">\n<li>Gastos m\u00e9dicos pasados y futuros<\/li>\n<li>Da\u00f1os a la propiedad<\/li>\n<li>P\u00e9rdida de salarios pasados y futuros<\/li>\n<li>P\u00e9rdida de beneficios sindicales<\/li>\n<\/ul>\n<\/div>\n<p>Si perdi\u00f3 a un ser querido en un accidente por giro a la izquierda, su familia podr\u00eda tener derecho a otros da\u00f1os, como gastos funerarios y p\u00e9rdida de compa\u00f1\u00eda. Ya sea que result\u00f3 lesionado en una colisi\u00f3n frontal o haya sido\u00a0<strong>alcanzado por detr\u00e1s al girar a la izquierda<\/strong>, no deber\u00eda tener que soportar solo la carga financiera de este accidente. Nuestros\u00a0<strong>abogados de accidentes de auto en el Bronx<\/strong>\u00a0buscar\u00e1n justicia para su familia.<\/p>\n<h2>\u00bfPuedo recuperar da\u00f1os si me culpan de un accidente por giro a la izquierda en el Bronx?<\/h2>\n<p>S\u00ed, la ley del estado de Nueva York le permite recuperar da\u00f1os por accidentes de auto incluso si tiene parte de la culpa. Como explica\u00a0<a href=\"https:\/\/www.nysenate.gov\/legislation\/laws\/CVP\/1411\" target=\"_blank\" rel=\"nofollow noopener noreferrer\">CVP 1411<\/a>, la culpa parcial no impide la recuperaci\u00f3n financiera.<\/p>\n<h2>Qu\u00e9 hacer despu\u00e9s de un accidente de giro a la izquierda en el Bronx: primeros pasos para la compensaci\u00f3n<\/h2>\n<p>Si ha estado en una colisi\u00f3n por giro a la izquierda, nuestros\u00a0<strong>abogados de accidentes en el Bronx<\/strong>\u00a0le recomiendan que tome los siguientes pasos para protegerse y proteger sus reclamos de compensaci\u00f3n:<\/p>\n<ul>\n<li><strong>Aseg\u00farese de estar seguro:<\/strong> Si es posible, mueva su auto al lado de la carretera para que est\u00e9 fuera del tr\u00e1fico. Si no puede mover su auto, encienda las luces de emergencia antes de salir del veh\u00edculo.<\/li>\n<li><strong>Informe el accidente:<\/strong> Llame al 911 para reportar el accidente a la polic\u00eda y a los primeros en responder. Informar los accidentes de autos que resulten en lesiones, muerte o da\u00f1os importantes a la propiedad es obligatorio bajo VAT 605.<\/li>\n<li><strong>Recoja informaci\u00f3n de otros conductores y testigos:<\/strong> Escriba o registre de alguna manera informaci\u00f3n pertinente sobre la escena, como la identificaci\u00f3n del otro conductor, su veh\u00edculo e informaci\u00f3n del seguro. Registre los nombres y la informaci\u00f3n de contacto de cualquier persona que haya sido testigo del accidente.<\/li>\n<li><strong>Documente la escena:<\/strong> Use su tel\u00e9fono para tomar fotograf\u00edas y grabar videos documentando la mayor cantidad posible de la escena, incluidas las posiciones de los autos, marcas de neum\u00e1ticos, da\u00f1os en los veh\u00edculos y sus lesiones visibles.<\/li>\n<li><strong>Busque atenci\u00f3n m\u00e9dica:<\/strong> Solicite atenci\u00f3n de emergencia si la necesita. Si no recibi\u00f3 tratamiento en la escena, vaya a una sala de emergencias o consulte a un m\u00e9dico lo antes posible para una evaluaci\u00f3n m\u00e9dica. La atenci\u00f3n m\u00e9dica no solo protege su salud y bienestar, sino que crea un registro que vincula sus lesiones con el accidente.<\/li>\n<li><strong>Consulte con nuestros abogados de accidentes de auto en el Bronx:<\/strong> Nuestros abogados de accidentes de auto le explicar\u00e1n sus opciones legales, recopilar\u00e1n pruebas y luchar\u00e1n agresivamente por el dinero que necesita.<\/li>\n<\/ul>\n    <div class=\"cw-cta-box\">\n        <div class=\"cw-cta-box__inner \">\n            <div class=\"cw-cta-box__info\">\n                                    <div class=\"label\">\u00a1Llame ahora!<\/div>\n                            <\/div>\n                            <div class=\"contact-phone\">\n                    <a href=\"tel:7189939999\"\n                        aria-label=\"Tap to call button\">\n                        718-993-9999                    <\/a>\n                <\/div>\n                    <\/div>\n                    <a href=\"\/es\/contacto\/\"\n               class=\"cta-btn btn btn--primary btn\"\n               target=\"\">\n                Obtenga Una Consulta Gratuita            <\/a>\n            <\/div>\n    \n<h2>Su seguro de auto vs. reclamo por lesiones personales despu\u00e9s de un accidente de giro a la izquierda: comprensi\u00f3n de su cobertura<\/h2>\n<p>Nuestros\u00a0<strong>abogados de accidentes por giro a la izquierda<\/strong>\u00a0explorar\u00e1n las siguientes opciones para recuperar su compensaci\u00f3n:<\/p>\n<ul>\n<li><strong>Presentar un reclamo de seguro sin culpa<\/strong>, que proporciona cierta cobertura de su propia compa\u00f1\u00eda de seguros de auto, sin importar qui\u00e9n tenga la culpa<\/li>\n<li><strong>Presentar un reclamo por conductor no asegurado<\/strong>, que le permite buscar da\u00f1os a trav\u00e9s de su p\u00f3liza de seguro de auto si el otro conductor no est\u00e1 asegurado o huy\u00f3 de la escena<\/li>\n<li><strong>Presentar un reclamo por lesiones personales<\/strong>, que le permite responsabilizar a la parte responsable buscando una amplia gama de da\u00f1os a trav\u00e9s de su seguro de responsabilidad civil<\/li>\n<\/ul>\n<p>La compa\u00f1\u00eda de seguros puede negar su reclamo, ofrecer un acuerdo bajo o de alguna otra manera desafiar su derecho a recuperar p\u00e9rdidas. Deje que nuestros\u00a0<strong>abogados de accidentes de auto en el Bronx<\/strong>\u00a0defiendan sus derechos mientras usted se enfoca en recuperarse.<\/p>\n<h2>C\u00f3mo nuestros abogados de accidentes por giro a la izquierda lo ayudan a obtener el dinero que merece<\/h2>\n<p>Los\u00a0<strong>abogados de accidentes por giro a la izquierda en el Bronx\u00a0<\/strong>de Oresky &amp; Associates, PLLC, siempre ponen a los clientes en primer lugar.\u00a0<strong>Lo servimos y gestionamos su caso desde el momento en que nos contrata.<\/strong><\/p>\n<h3>Investigando su accidente por giro a la izquierda<\/h3>\n<p>Recopilaremos pruebas del NYPD, de sus m\u00e9dicos, de la parte responsable, de expertos en la materia y de cualquier parte que tenga informaci\u00f3n relevante sobre su accidente o lesiones.<\/p>\n<h3>Manteni\u00e9ndose en contacto constante sobre su caso<\/h3>\n<p>Su tranquilidad es importante para nosotros. Nuestros abogados de accidentes de auto en el Bronx proporcionar\u00e1n una comunicaci\u00f3n frecuente y honesta sobre su caso y el proceso legal. Nunca debe quedarse pregunt\u00e1ndose sobre el estado de su caso de accidente de auto.<\/p>\n<h3>Buscando una compensaci\u00f3n justa<\/h3>\n<p>Ya sea que negociemos con las compa\u00f1\u00edas de seguros o lo representemos en el tribunal, nuestros <strong>abogados de accidentes de auto en el Bronx\u00a0<\/strong>est\u00e1n a la altura del desaf\u00edo. Oresky &amp; Associates, PLLC, hace un esfuerzo adicional para responder sus preguntas y asegurar justicia para su familia. Llame al <a href=\"tel:+19299304705\">(929) 930-4705<\/a>\u00a0para comenzar con nuestros abogados hoy.<\/p>\n","protected":false},"excerpt":{"rendered":"<p>Abogados Confiables de Choques por Giro a la Izquierda en el Bronx Si usted o alguien que ama result\u00f3 lesionado en un\u00a0accidente de giro a la izquierda, nuestros abogados en el Bronx luchar\u00e1n por su derecho a una compensaci\u00f3n justa. Usted tiene el derecho de responsabilizar a la parte culpable por sus acciones y recuperar [&hellip;]<\/p>\n","protected":false},"author":9,"featured_media":24110,"parent":17391,"menu_order":67,"comment_status":"closed","ping_status":"closed","template":"","meta":{"_acf_changed":false,"footnotes":""},"class_list":["post-18049","page","type-page","status-publish","has-post-thumbnail","hentry"],"acf":[],"yoast_head":"<!-- This site is optimized with the Yoast SEO plugin v27.3 - https:\/\/yoast.com\/product\/yoast-seo-wordpress\/ -->\n<title>Abogado de accidentes por giro a la izquierda en el Bronx - Oresky &amp; Associates, PLLC<\/title>\n<meta name=\"description\" content=\"Conf\u00ede en nuestros abogados de lesiones personales en Oresky &amp; Associates para obtener apoyo legal experimentado para garantizar el acuerdo por accidente automovil\u00edstico por giro a la izquierda que se merece. \u00a1Ll\u00e1menos hoy mismo!\" \/>\n<meta name=\"robots\" content=\"index, follow, max-snippet:-1, max-image-preview:large, max-video-preview:-1\" \/>\n<link rel=\"canonical\" href=\"https:\/\/oreskylaw.com\/es\/bronx\/abogados-de-accidentes-de-giro-a-la-izquierda\/\" \/>\n<meta property=\"og:locale\" content=\"es_ES\" \/>\n<meta property=\"og:type\" content=\"article\" \/>\n<meta property=\"og:title\" content=\"Abogado de accidentes por giro a la izquierda en el Bronx - Oresky &amp; Associates, PLLC\" \/>\n<meta property=\"og:description\" content=\"Conf\u00ede en nuestros abogados de lesiones personales en Oresky &amp; Associates para obtener apoyo legal experimentado para garantizar el acuerdo por accidente automovil\u00edstico por giro a la izquierda que se merece. \u00a1Ll\u00e1menos hoy mismo!\" \/>\n<meta property=\"og:url\" content=\"https:\/\/oreskylaw.com\/es\/bronx\/abogados-de-accidentes-de-giro-a-la-izquierda\/\" \/>\n<meta property=\"og:site_name\" content=\"Oresky &amp; Associates, PLLC\" \/>\n<meta property=\"article:publisher\" content=\"https:\/\/www.facebook.com\/Oreskylaw\/\" \/>\n<meta property=\"article:modified_time\" content=\"2026-01-30T13:48:21+00:00\" \/>\n<meta property=\"og:image\" content=\"https:\/\/oreskylaw.com\/wp-content\/uploads\/2026\/01\/left-turn-accident-lawyers.png\" \/>\n\t<meta property=\"og:image:width\" content=\"810\" \/>\n\t<meta property=\"og:image:height\" content=\"330\" \/>\n\t<meta property=\"og:image:type\" content=\"image\/png\" \/>\n<meta name=\"twitter:card\" content=\"summary_large_image\" \/>\n<meta name=\"twitter:site\" content=\"@JacobOreskyLaw\" \/>\n<meta name=\"twitter:label1\" content=\"Tiempo de lectura\" \/>\n\t<meta name=\"twitter:data1\" content=\"9 minutos\" \/>\n<!-- \/ Yoast SEO plugin. -->","yoast_head_json":{"title":"Abogado de accidentes por giro a la izquierda en el Bronx - Oresky & Associates, PLLC","description":"Conf\u00ede en nuestros abogados de lesiones personales en Oresky & Associates para obtener apoyo legal experimentado para garantizar el acuerdo por accidente automovil\u00edstico por giro a la izquierda que se merece. \u00a1Ll\u00e1menos hoy mismo!","robots":{"index":"index","follow":"follow","max-snippet":"max-snippet:-1","max-image-preview":"max-image-preview:large","max-video-preview":"max-video-preview:-1"},"canonical":"https:\/\/oreskylaw.com\/es\/bronx\/abogados-de-accidentes-de-giro-a-la-izquierda\/","og_locale":"es_ES","og_type":"article","og_title":"Abogado de accidentes por giro a la izquierda en el Bronx - Oresky & Associates, PLLC","og_description":"Conf\u00ede en nuestros abogados de lesiones personales en Oresky & Associates para obtener apoyo legal experimentado para garantizar el acuerdo por accidente automovil\u00edstico por giro a la izquierda que se merece. \u00a1Ll\u00e1menos hoy mismo!","og_url":"https:\/\/oreskylaw.com\/es\/bronx\/abogados-de-accidentes-de-giro-a-la-izquierda\/","og_site_name":"Oresky &amp; Associates, PLLC","article_publisher":"https:\/\/www.facebook.com\/Oreskylaw\/","article_modified_time":"2026-01-30T13:48:21+00:00","og_image":[{"width":810,"height":330,"url":"https:\/\/oreskylaw.com\/wp-content\/uploads\/2026\/01\/left-turn-accident-lawyers.png","type":"image\/png"}],"twitter_card":"summary_large_image","twitter_site":"@JacobOreskyLaw","twitter_misc":{"Tiempo de lectura":"9 minutos"},"schema":{"@context":"https:\/\/schema.org","@graph":[{"@type":"WebPage","@id":"https:\/\/oreskylaw.com\/es\/bronx\/abogados-de-accidentes-de-giro-a-la-izquierda\/","url":"https:\/\/oreskylaw.com\/es\/bronx\/abogados-de-accidentes-de-giro-a-la-izquierda\/","name":"Abogado de accidentes por giro a la izquierda en el Bronx - Oresky & Associates, PLLC","isPartOf":{"@id":"https:\/\/oreskylaw.com\/es\/#website"},"primaryImageOfPage":{"@id":"https:\/\/oreskylaw.com\/es\/bronx\/abogados-de-accidentes-de-giro-a-la-izquierda\/#primaryimage"},"image":{"@id":"https:\/\/oreskylaw.com\/es\/bronx\/abogados-de-accidentes-de-giro-a-la-izquierda\/#primaryimage"},"thumbnailUrl":"https:\/\/oreskylaw.com\/wp-content\/uploads\/2026\/01\/left-turn-accident-lawyers.png","datePublished":"2025-12-08T02:27:08+00:00","dateModified":"2026-01-30T13:48:21+00:00","description":"Conf\u00ede en nuestros abogados de lesiones personales en Oresky & Associates para obtener apoyo legal experimentado para garantizar el acuerdo por accidente automovil\u00edstico por giro a la izquierda que se merece. \u00a1Ll\u00e1menos hoy mismo!","breadcrumb":{"@id":"https:\/\/oreskylaw.com\/es\/bronx\/abogados-de-accidentes-de-giro-a-la-izquierda\/#breadcrumb"},"inLanguage":"es","potentialAction":[{"@type":"ReadAction","target":["https:\/\/oreskylaw.com\/es\/bronx\/abogados-de-accidentes-de-giro-a-la-izquierda\/"]}]},{"@type":"ImageObject","inLanguage":"es","@id":"https:\/\/oreskylaw.com\/es\/bronx\/abogados-de-accidentes-de-giro-a-la-izquierda\/#primaryimage","url":"https:\/\/oreskylaw.com\/wp-content\/uploads\/2026\/01\/left-turn-accident-lawyers.png","contentUrl":"https:\/\/oreskylaw.com\/wp-content\/uploads\/2026\/01\/left-turn-accident-lawyers.png","width":810,"height":330,"caption":"left turn"},{"@type":"BreadcrumbList","@id":"https:\/\/oreskylaw.com\/es\/bronx\/abogados-de-accidentes-de-giro-a-la-izquierda\/#breadcrumb","itemListElement":[{"@type":"ListItem","position":1,"name":"Inicio","item":"https:\/\/oreskylaw.com\/es\/"},{"@type":"ListItem","position":2,"name":"Abogado de lesiones personales en el Bronx","item":"https:\/\/oreskylaw.com\/es\/bronx\/"},{"@type":"ListItem","position":3,"name":"Abogado de Accidentes de Giro a la Izquierda"}]},{"@type":"WebSite","@id":"https:\/\/oreskylaw.com\/es\/#website","url":"https:\/\/oreskylaw.com\/es\/","name":"Oresky & Associates PLLC","description":"","publisher":{"@id":"https:\/\/oreskylaw.com\/es\/#organization"},"potentialAction":[{"@type":"SearchAction","target":{"@type":"EntryPoint","urlTemplate":"https:\/\/oreskylaw.com\/es\/?s={search_term_string}"},"query-input":{"@type":"PropertyValueSpecification","valueRequired":true,"valueName":"search_term_string"}}],"inLanguage":"es"}]}},"_links":{"self":[{"href":"https:\/\/oreskylaw.com\/es\/wp-json\/wp\/v2\/pages\/18049","targetHints":{"allow":["GET"]}}],"collection":[{"href":"https:\/\/oreskylaw.com\/es\/wp-json\/wp\/v2\/pages"}],"about":[{"href":"https:\/\/oreskylaw.com\/es\/wp-json\/wp\/v2\/types\/page"}],"author":[{"embeddable":true,"href":"https:\/\/oreskylaw.com\/es\/wp-json\/wp\/v2\/users\/9"}],"replies":[{"embeddable":true,"href":"https:\/\/oreskylaw.com\/es\/wp-json\/wp\/v2\/comments?post=18049"}],"version-history":[{"count":0,"href":"https:\/\/oreskylaw.com\/es\/wp-json\/wp\/v2\/pages\/18049\/revisions"}],"up":[{"embeddable":true,"href":"https:\/\/oreskylaw.com\/es\/wp-json\/wp\/v2\/pages\/17391"}],"wp:featuredmedia":[{"embeddable":true,"href":"https:\/\/oreskylaw.com\/es\/wp-json\/wp\/v2\/media\/24110"}],"wp:attachment":[{"href":"https:\/\/oreskylaw.com\/es\/wp-json\/wp\/v2\/media?parent=18049"}],"curies":[{"name":"wp","href":"https:\/\/api.w.org\/{rel}","templated":true}]}}