{"id":18067,"date":"2025-12-08T02:27:28","date_gmt":"2025-12-08T02:27:28","guid":{"rendered":"https:\/\/oreskylaw.com\/?page_id=18067"},"modified":"2026-01-30T13:49:30","modified_gmt":"2026-01-30T13:49:30","slug":"abogados-de-accidentes-de-lyft","status":"publish","type":"page","link":"https:\/\/oreskylaw.com\/es\/bronx\/abogados-de-accidentes-de-lyft\/","title":{"rendered":"Abogado de Accidentes de Lyft"},"content":{"rendered":"<p>\u00bfRecientemente estuvo involucrado en un accidente con un veh\u00edculo de viajes compartidos Lyft en el Bronx, NY? Si es as\u00ed, es importante buscar ayuda legal de inmediato. Podr\u00eda tener derecho a compensaci\u00f3n, y un experimentado abogado de accidentes de Lyft en el Bronx de <a href=\"https:\/\/oreskylaw.com\/es\/acerca-de-nosotros\/\">Oresky &amp; Associates, PLLC<\/a>\u00a0puede ayudarlo a maximizar su recuperaci\u00f3n.<\/p>\n<p>Desde 1992, nuestro bufete de abogados ha ayudado a las v\u00edctimas de accidentes y a sus familias a defenderse y luchar por la compensaci\u00f3n que merecen. Con m\u00e1s de un siglo de experiencia combinada en cada caso, hemos ganado m\u00e1s de $400 millones (y contando) para clientes como usted.<\/p>\n<p>Ahora estamos aqu\u00ed para ayudarlo despu\u00e9s de su accidente de viajes compartidos. \u00a0<a href=\"https:\/\/oreskylaw.com\/es\/contacto\/\">Comun\u00edquese con nuestra oficina legal<\/a> que sirve al Bronx, New York, para comenzar con una evaluaci\u00f3n de caso gratuita y sin obligaci\u00f3n. Nuestro equipo est\u00e1 disponible para atender su llamada al <a href=\"tel:+19299304705\">(929) 930-4705<\/a>\u00a0las 24 horas del d\u00eda, los 7 d\u00edas de la semana.<\/p>\n<h2>C\u00f3mo Oresky &amp; Associates, PLLC Puede Ayudar Despu\u00e9s de un Accidente de Lyft en el Bronx<\/h2>\n<p>\u00bfQu\u00e9 caus\u00f3 su accidente de Lyft? \u00bfQui\u00e9n tiene la culpa? \u00bfQui\u00e9n es financieramente responsable de los costos y consecuencias? \u00bfQu\u00e9 pasa si alguien intenta culparte?<\/p>\n<p>Estas son preguntas importantes, pero las respuestas no siempre son f\u00e1ciles de encontrar. Y usted deber\u00eda estar enfocado en mejorar ahora, no en navegar una reclamaci\u00f3n legal por da\u00f1os.<\/p>\n<p>Aqu\u00ed es donde nuestros abogados de accidentes automovil\u00edsticos en el Bronx pueden ayudar.<\/p>\n<p>En Oresky &amp; Associates, PLLC, entendemos cu\u00e1n importante puede ser una recuperaci\u00f3n financiera despu\u00e9s de un accidente de viajes compartidos en New York. Tambi\u00e9n sabemos que las compa\u00f1\u00edas de seguros no le facilitar\u00e1n las cosas. Estamos aqu\u00ed para nivelar el campo de juego y trabajar arduamente para conseguirle cada centavo que se merece.<\/p>\n<p>Mientras usted se enfoca en mejorar, nuestro bufete de abogados:<\/p>\n<ul>\n<li>Investigar\u00e1 las circunstancias de su accidente de coche Lyft<\/li>\n<li>Determinar\u00e1 el estado del conductor de Uber o Lyft en el momento del accidente<\/li>\n<li>Identificar\u00e1 qui\u00e9n, adem\u00e1s del conductor negligente de viajes compartidos, puede ser financieramente responsable por sus da\u00f1os<\/li>\n<li>Lo defender\u00e1 contra reclamos de que comparte culpa<\/li>\n<li>Traer\u00e1 expertos y especialistas mientras construimos y evaluamos el valor de su caso<\/li>\n<\/ul>\n<p>Nuestros abogados de lesiones personales en el Bronx trabajar\u00e1n incansablemente para negociar el mejor acuerdo posible en su nombre. Sin embargo, tenga la seguridad de que estaremos preparados para llevar su caso a juicio si no se le ofrece un trato justo.<\/p>\n<p>Nuestros respetados litigantes tienen una capacidad demostrada para ganar los casos m\u00e1s dif\u00edciles, y esto puede ser un gran activo para usted durante todo el proceso de reclamaci\u00f3n.<\/p>\n<h2>\u00bfQu\u00e9 Tan Comunes Son los Accidentes de Coche Lyft?<\/h2>\n<p>No hay estad\u00edsticas exactas sobre los choques de coches Lyft, pero un estudio revel\u00f3 que los accidentes de tr\u00e1fico han aumentado desde que los servicios de viajes compartidos comenzaron a operar.<\/p>\n<p>Seg\u00fan investigadores de la Universidad de Chicago y Rice University, los accidentes de coche mortales han aumentado un 3 por ciento desde 2011, el primer a\u00f1o que las compa\u00f1\u00edas de viajes compartidos como Uber y Lyft estaban en la carretera. Eso es un extra de 1.100 muertes al a\u00f1o.<\/p>\n<p>Ahora, no todas estas muertes involucran directamente a veh\u00edculos de viajes compartidos Lyft. Sin embargo, la presencia de veh\u00edculos Uber y Lyft y la forma en que se operan aparentemente han hecho que las carreteras sean menos seguras.<\/p>\n<img loading=\"lazy\" decoding=\"async\" class=\"aligncenter wp-image-11408 size-full\" src=\"http:\/\/oreskylaw.com\/wp-content\/uploads\/2026\/01\/bronx-construction-site-accident-attorney.webp\" alt=\"bronx construction site accident attorney\" width=\"746\" height=\"420\" srcset=\"https:\/\/oreskylaw.com\/wp-content\/uploads\/2026\/01\/bronx-construction-site-accident-attorney.webp 746w, https:\/\/oreskylaw.com\/wp-content\/uploads\/2026\/01\/bronx-construction-site-accident-attorney-300x169.webp 300w\" sizes=\"auto, (max-width: 746px) 100vw, 746px\" \/>\n    <div class=\"cw-cta-box\">\n        <div class=\"cw-cta-box__inner \">\n            <div class=\"cw-cta-box__info\">\n                                    <div class=\"label\">\u00a1Llame ahora!<\/div>\n                            <\/div>\n                            <div class=\"contact-phone\">\n                    <a href=\"tel:7189939999\"\n                        aria-label=\"Tap to call button\">\n                        718-993-9999                    <\/a>\n                <\/div>\n                    <\/div>\n                    <a href=\"\/es\/contacto\/\"\n               class=\"cta-btn btn btn--primary btn\"\n               target=\"\">\n                Obtenga Una Consulta Gratuita            <\/a>\n            <\/div>\n    \n<h2>\u00bfQu\u00e9 Causa la Mayor\u00eda de los Accidentes de Lyft en el Bronx, NY?<\/h2>\n<p>La mayor\u00eda de los accidentes automovil\u00edsticos, incluidos los que involucran a Lyfts, son evitables. La mayor\u00eda de las veces, suceden porque alguien es negligente.<\/p>\n<p>Dada las exigencias del trabajo, a menudo es un conductor de Lyft quien se descuida y causa un desastre.<\/p>\n<h3>Distracci\u00f3n del Conductor<\/h3>\n<p>La conducci\u00f3n distra\u00edda es cada vez m\u00e1s problem\u00e1tica para todos los conductores. Los conductores de Lyft est\u00e1n atados a sus tel\u00e9fonos y electr\u00f3nica casi constantemente. Es c\u00f3mo encuentran pasajeros, navegan por las calles del distrito y se comunican. Por lo tanto, los conductores de viajes compartidos tienden a estar incluso m\u00e1s distra\u00eddos que el conductor promedio.<\/p>\n<h3>Fatiga del Conductor<\/h3>\n<p>Los conductores de Lyft pueden trabajar largas horas, especialmente en la noche. Si una persona conduce para Lyft para obtener un segundo ingreso, significa que probablemente ya hayan registrado m\u00e1s de 8 horas en su trabajo principal. Los conductores fatigados tienen menos probabilidades de reaccionar a los peligros en la carretera y m\u00e1s probabilidades de quedarse dormidos al volante.<\/p>\n<h3>Conducci\u00f3n bajo la Influencia<\/h3>\n<p>Las drogas y el alcohol pueden y juegan un papel en muchos accidentes con veh\u00edculos Lyft.<\/p>\n<h3>Conductores sin Experiencia<\/h3>\n<p>El hecho de que alguien conduzca un Lyft no significa que sean buenos en su trabajo. No hay requisitos especiales, a diferencia de los taxistas, conductores de limusinas u otros conductores de servicios. Los conductores de Lyft no tienen que obtener una licencia especial o endoso para hacer el trabajo.<\/p>\n<h3>Exceso de Velocidad<\/h3>\n<p>Cuantos m\u00e1s viajes pueda completar un conductor de Lyft, m\u00e1s dinero puede ganar. Entonces, para algunos conductores, el l\u00edmite de velocidad puede convertirse m\u00e1s en una sugerencia que en una regla a seguir. Esto puede ser particularmente peligroso en el Bronx con sus carreteras y cruces concurridos.<\/p>\n<h3>Giros y Paradas Inseguras<\/h3>\n<p>Los pasajeros de Lyft querr\u00e1n ser recogidos y dejados en ubicaciones muy espec\u00edficas, y eso puede plantear un problema en un distrito como el Bronx. Los veh\u00edculos Lyft pueden detenerse y bloquear el tr\u00e1fico, lo que puede crear un potencial para un choque.<\/p>\n<p>No solo los conductores de Lyft pueden compartir la responsabilidad de un accidente automovil\u00edstico. Otros factores contribuyentes pueden incluir:<\/p>\n<div class=\"row\">\n<ul class=\"col-xl-6\">\n<li>Ciclistas o peatones distra\u00eddos<\/li>\n<li>Conductores agresivos<\/li>\n<li>Autobuses o veh\u00edculos detenidos incorrectamente<\/li>\n<\/ul>\n<ul class=\"col-xl-6\">\n<li>Defectos en la carretera<\/li>\n<li>Condiciones clim\u00e1ticas peligrosas<\/li>\n<li>Mal funcionamiento o defecto del veh\u00edculo<\/li>\n<\/ul>\n<\/div>\n<p>Es importante identificar todas las posibles causas de un accidente de Lyft en el Bronx. Seg\u00fan la ley del estado de New York, cualquier persona que comparta responsabilidad puede ser responsable de los costos.<\/p>\n","protected":false},"excerpt":{"rendered":"<p>\u00bfRecientemente estuvo involucrado en un accidente con un veh\u00edculo de viajes compartidos Lyft en el Bronx, NY? Si es as\u00ed, es importante buscar ayuda legal de inmediato. Podr\u00eda tener derecho a compensaci\u00f3n, y un experimentado abogado de accidentes de Lyft en el Bronx de Oresky &amp; Associates, PLLC\u00a0puede ayudarlo a maximizar su recuperaci\u00f3n. Desde 1992, [&hellip;]<\/p>\n","protected":false},"author":9,"featured_media":23910,"parent":17391,"menu_order":71,"comment_status":"closed","ping_status":"closed","template":"practice-area.php","meta":{"_acf_changed":false,"footnotes":""},"class_list":["post-18067","page","type-page","status-publish","has-post-thumbnail","hentry"],"acf":[],"yoast_head":"<!-- This site is optimized with the Yoast SEO plugin v27.3 - https:\/\/yoast.com\/product\/yoast-seo-wordpress\/ -->\n<title>Abogado de Accidentes de Lyft en el Bronx - Oresky &amp; Associates, PLLC<\/title>\n<meta name=\"description\" content=\"Accidentes de Lyft pueden provocar lesiones graves y altos costos financieros. Contacte a nuestros abogados expertos en lesiones del Bronx para compensaci\u00f3n.\" \/>\n<meta name=\"robots\" content=\"index, follow, max-snippet:-1, max-image-preview:large, max-video-preview:-1\" \/>\n<link rel=\"canonical\" href=\"https:\/\/oreskylaw.com\/es\/bronx\/abogados-de-accidentes-de-lyft\/\" \/>\n<meta property=\"og:locale\" content=\"es_ES\" \/>\n<meta property=\"og:type\" content=\"article\" \/>\n<meta property=\"og:title\" content=\"Abogado de Accidentes de Lyft en el Bronx - Oresky &amp; Associates, PLLC\" \/>\n<meta property=\"og:description\" content=\"Accidentes de Lyft pueden provocar lesiones graves y altos costos financieros. Contacte a nuestros abogados expertos en lesiones del Bronx para compensaci\u00f3n.\" \/>\n<meta property=\"og:url\" content=\"https:\/\/oreskylaw.com\/es\/bronx\/abogados-de-accidentes-de-lyft\/\" \/>\n<meta property=\"og:site_name\" content=\"Oresky &amp; Associates, PLLC\" \/>\n<meta property=\"article:publisher\" content=\"https:\/\/www.facebook.com\/Oreskylaw\/\" \/>\n<meta property=\"article:modified_time\" content=\"2026-01-30T13:49:30+00:00\" \/>\n<meta property=\"og:image\" content=\"https:\/\/oreskylaw.com\/wp-content\/uploads\/2026\/01\/lyft-accident-lawyers.png\" \/>\n\t<meta property=\"og:image:width\" content=\"810\" \/>\n\t<meta property=\"og:image:height\" content=\"330\" \/>\n\t<meta property=\"og:image:type\" content=\"image\/png\" \/>\n<meta name=\"twitter:card\" content=\"summary_large_image\" \/>\n<meta name=\"twitter:site\" content=\"@JacobOreskyLaw\" \/>\n<meta name=\"twitter:label1\" content=\"Tiempo de lectura\" \/>\n\t<meta name=\"twitter:data1\" content=\"5 minutos\" \/>\n<!-- \/ Yoast SEO plugin. -->","yoast_head_json":{"title":"Abogado de Accidentes de Lyft en el Bronx - Oresky & Associates, PLLC","description":"Accidentes de Lyft pueden provocar lesiones graves y altos costos financieros. Contacte a nuestros abogados expertos en lesiones del Bronx para compensaci\u00f3n.","robots":{"index":"index","follow":"follow","max-snippet":"max-snippet:-1","max-image-preview":"max-image-preview:large","max-video-preview":"max-video-preview:-1"},"canonical":"https:\/\/oreskylaw.com\/es\/bronx\/abogados-de-accidentes-de-lyft\/","og_locale":"es_ES","og_type":"article","og_title":"Abogado de Accidentes de Lyft en el Bronx - Oresky & Associates, PLLC","og_description":"Accidentes de Lyft pueden provocar lesiones graves y altos costos financieros. Contacte a nuestros abogados expertos en lesiones del Bronx para compensaci\u00f3n.","og_url":"https:\/\/oreskylaw.com\/es\/bronx\/abogados-de-accidentes-de-lyft\/","og_site_name":"Oresky &amp; Associates, PLLC","article_publisher":"https:\/\/www.facebook.com\/Oreskylaw\/","article_modified_time":"2026-01-30T13:49:30+00:00","og_image":[{"width":810,"height":330,"url":"https:\/\/oreskylaw.com\/wp-content\/uploads\/2026\/01\/lyft-accident-lawyers.png","type":"image\/png"}],"twitter_card":"summary_large_image","twitter_site":"@JacobOreskyLaw","twitter_misc":{"Tiempo de lectura":"5 minutos"},"schema":{"@context":"https:\/\/schema.org","@graph":[{"@type":"WebPage","@id":"https:\/\/oreskylaw.com\/es\/bronx\/abogados-de-accidentes-de-lyft\/","url":"https:\/\/oreskylaw.com\/es\/bronx\/abogados-de-accidentes-de-lyft\/","name":"Abogado de Accidentes de Lyft en el Bronx - Oresky & Associates, PLLC","isPartOf":{"@id":"https:\/\/oreskylaw.com\/es\/#website"},"primaryImageOfPage":{"@id":"https:\/\/oreskylaw.com\/es\/bronx\/abogados-de-accidentes-de-lyft\/#primaryimage"},"image":{"@id":"https:\/\/oreskylaw.com\/es\/bronx\/abogados-de-accidentes-de-lyft\/#primaryimage"},"thumbnailUrl":"https:\/\/oreskylaw.com\/wp-content\/uploads\/2026\/01\/lyft-accident-lawyers.png","datePublished":"2025-12-08T02:27:28+00:00","dateModified":"2026-01-30T13:49:30+00:00","description":"Accidentes de Lyft pueden provocar lesiones graves y altos costos financieros. Contacte a nuestros abogados expertos en lesiones del Bronx para compensaci\u00f3n.","breadcrumb":{"@id":"https:\/\/oreskylaw.com\/es\/bronx\/abogados-de-accidentes-de-lyft\/#breadcrumb"},"inLanguage":"es","potentialAction":[{"@type":"ReadAction","target":["https:\/\/oreskylaw.com\/es\/bronx\/abogados-de-accidentes-de-lyft\/"]}]},{"@type":"ImageObject","inLanguage":"es","@id":"https:\/\/oreskylaw.com\/es\/bronx\/abogados-de-accidentes-de-lyft\/#primaryimage","url":"https:\/\/oreskylaw.com\/wp-content\/uploads\/2026\/01\/lyft-accident-lawyers.png","contentUrl":"https:\/\/oreskylaw.com\/wp-content\/uploads\/2026\/01\/lyft-accident-lawyers.png","width":810,"height":330,"caption":"lyft driver"},{"@type":"BreadcrumbList","@id":"https:\/\/oreskylaw.com\/es\/bronx\/abogados-de-accidentes-de-lyft\/#breadcrumb","itemListElement":[{"@type":"ListItem","position":1,"name":"Inicio","item":"https:\/\/oreskylaw.com\/es\/"},{"@type":"ListItem","position":2,"name":"Abogado de lesiones personales en el Bronx","item":"https:\/\/oreskylaw.com\/es\/bronx\/"},{"@type":"ListItem","position":3,"name":"Abogado de Accidentes de Lyft"}]},{"@type":"WebSite","@id":"https:\/\/oreskylaw.com\/es\/#website","url":"https:\/\/oreskylaw.com\/es\/","name":"Oresky & Associates PLLC","description":"","publisher":{"@id":"https:\/\/oreskylaw.com\/es\/#organization"},"potentialAction":[{"@type":"SearchAction","target":{"@type":"EntryPoint","urlTemplate":"https:\/\/oreskylaw.com\/es\/?s={search_term_string}"},"query-input":{"@type":"PropertyValueSpecification","valueRequired":true,"valueName":"search_term_string"}}],"inLanguage":"es"}]}},"_links":{"self":[{"href":"https:\/\/oreskylaw.com\/es\/wp-json\/wp\/v2\/pages\/18067","targetHints":{"allow":["GET"]}}],"collection":[{"href":"https:\/\/oreskylaw.com\/es\/wp-json\/wp\/v2\/pages"}],"about":[{"href":"https:\/\/oreskylaw.com\/es\/wp-json\/wp\/v2\/types\/page"}],"author":[{"embeddable":true,"href":"https:\/\/oreskylaw.com\/es\/wp-json\/wp\/v2\/users\/9"}],"replies":[{"embeddable":true,"href":"https:\/\/oreskylaw.com\/es\/wp-json\/wp\/v2\/comments?post=18067"}],"version-history":[{"count":0,"href":"https:\/\/oreskylaw.com\/es\/wp-json\/wp\/v2\/pages\/18067\/revisions"}],"up":[{"embeddable":true,"href":"https:\/\/oreskylaw.com\/es\/wp-json\/wp\/v2\/pages\/17391"}],"wp:featuredmedia":[{"embeddable":true,"href":"https:\/\/oreskylaw.com\/es\/wp-json\/wp\/v2\/media\/23910"}],"wp:attachment":[{"href":"https:\/\/oreskylaw.com\/es\/wp-json\/wp\/v2\/media?parent=18067"}],"curies":[{"name":"wp","href":"https:\/\/api.w.org\/{rel}","templated":true}]}}