{"id":18081,"date":"2025-12-08T02:27:47","date_gmt":"2025-12-08T02:27:47","guid":{"rendered":"https:\/\/oreskylaw.com\/?page_id=18081"},"modified":"2026-01-30T13:52:24","modified_gmt":"2026-01-30T13:52:24","slug":"abogados-de-negligencia-medica","status":"publish","type":"page","link":"https:\/\/oreskylaw.com\/es\/bronx\/abogados-de-negligencia-medica\/","title":{"rendered":"Abogado de negligencia m\u00e9dica en el Bronx"},"content":{"rendered":"<p>Puedes tener derecho a una indemnizaci\u00f3n si t\u00fa o un ser querido han sido v\u00edctima de una negligencia m\u00e9dica en el Bronx, NY. Ya sea que tu m\u00e9dico no haya diagnosticado tu afecci\u00f3n, haya recetado la medicaci\u00f3n equivocada o haya cometido un error durante la cirug\u00eda,\u00a0<a href=\"https:\/\/oreskylaw.com\/es\/acerca-de-nosotros\/\">Oresky &amp; Associates, PLLC<\/a> luchar\u00e1 para que rinda cuentas.<\/p>\n<p>Desde 1992, nuestros abogados especializados en negligencias m\u00e9dicas del Bronx se han enfrentado a las compa\u00f1\u00edas de seguros, a los hospitales y a los profesionales sanitarios negligentes. Hemos ganado con \u00e9xito m\u00e1s de 400 millones de d\u00f3lares (y seguimos sumando) para clientes como t\u00fa.<\/p>\n<p>No dejes que el hospital o la compa\u00f1\u00eda de seguros se interpongan entre t\u00fa y el dinero que mereces. Ponte en\u00a0<a href=\"https:\/\/oreskylaw.com\/es\/contacto\/\">contacto<\/a>\u00a0con nuestro despacho de\u00a0<a href=\"https:\/\/oreskylaw.com\/es\/testimonios\/\">abogados de accidentes<\/a>\u00a0del Bronx y nivela el terreno de juego. Tu primera consulta es gratuita, as\u00ed que llama ahora al\u00a0<a href=\"tel:+19298102243\">(929)810-2243<\/a>.<\/p>\n<h2>C\u00f3mo puede ayudar Oresky &amp; Associates, PLLC con tu caso de negligencia m\u00e9dica en el Bronx<\/h2>\n<p>Confiaste en tu m\u00e9dico para que te ayudara a mejorar, pero en cambio cometi\u00f3 un error. Ahora te toca lidiar con las consecuencias. Presentar una demanda por negligencia m\u00e9dica puede ayudar a aliviar la carga financiera de tu lesi\u00f3n y sufrimiento.<\/p>\n<p>Puedes concentrarte en recuperarte y aumentar las probabilidades de ganar tu caso contratando a un abogado experto en lesiones personales del Bronx.<\/p>\n<p>Oresky &amp; Associates, PLLC es un despacho de abogados galardonado y de primera categor\u00eda que lucha a diario por las v\u00edctimas de accidentes y lesiones en el Bronx. Somos negociadores duros y no tememos llevar las disputas a la sala del tribunal. Cuando contratas a nuestro despacho, obtienes d\u00e9cadas de experiencia y un equipo que ha ganado cientos de millones de d\u00f3lares en tu esquina.<\/p>\n<p>As\u00ed es como podemos ayudarte:<\/p>\n<ul>\n<li>Investigaremos tu caso a fondo con la ayuda de expertos, incluidos profesionales m\u00e9dicos y especialistas forenses.<\/li>\n<li>Nuestro equipo trabajar\u00e1 para identificar la causa de tu lesi\u00f3n y determinar c\u00f3mo contribuy\u00f3 el error m\u00e9dico.<\/li>\n<li>Nos encargaremos de todas las conversaciones y negociaciones con otras partes, incluidos el hospital, los proveedores de seguros y otros acusados.<\/li>\n<li>Los mejores abogados litigantes estar\u00e1n preparados para llevar tu caso ante un jurado compasivo si no te ofrecen un acuerdo justo.<\/li>\n<\/ul>\n<p>Ahora es el momento de tomar medidas. Llama a nuestro despacho de abogados en el Bronx, New York, para comenzar hoy mismo con la evaluaci\u00f3n inicial gratuita de tu caso.<\/p>\n<h2>\u00bfQu\u00e9 es la negligencia m\u00e9dica?<\/h2>\n<p><img loading=\"lazy\" decoding=\"async\" class=\"size-full wp-image-15285 alignleft\" src=\"https:\/\/oreskylaw.com\/wp-content\/uploads\/2026\/01\/Help-With-Your-Bronx-Medical-Malpractice-Case.webp\" alt=\"construction accident attorney Bronx NY\" width=\"300\" height=\"215\" \/>Como lo que hacen es tan importante, los profesionales sanitarios reciben una amplia formaci\u00f3n, se someten a pruebas para demostrar que entienden la medicina y tienen que demostrar que pueden aplicar lo que saben en la pr\u00e1ctica.<\/p>\n<p>A su vez, todos los profesionales sanitarios est\u00e1n sujetos a un alto nivel de atenci\u00f3n.<\/p>\n<p>Los m\u00e9dicos tienen que emplear una habilidad y competencia equivalentes a las que emplear\u00eda otro m\u00e9dico razonable en las mismas circunstancias.<\/p>\n<p>Dicho de forma m\u00e1s sencilla, si un m\u00e9dico no hace lo que otro m\u00e9dico razonable habr\u00eda hecho en una situaci\u00f3n, ha infringido la norma de atenci\u00f3n.<\/p>\n<p>El incumplimiento de esta norma de atenci\u00f3n puede considerarse negligencia m\u00e9dica, especialmente cuando se produce una lesi\u00f3n o la muerte.<\/p>\n    <div class=\"cw-cta-box\">\n        <div class=\"cw-cta-box__inner \">\n            <div class=\"cw-cta-box__info\">\n                                    <div class=\"label\">\u00a1Llame ahora!<\/div>\n                            <\/div>\n                            <div class=\"contact-phone\">\n                    <a href=\"tel:7189939999\"\n                        aria-label=\"Tap to call button\">\n                        718-993-9999                    <\/a>\n                <\/div>\n                    <\/div>\n                    <a href=\"\/es\/contacto\/\"\n               class=\"cta-btn btn btn--primary btn\"\n               target=\"\">\n                Obtenga Una Consulta Gratuita            <\/a>\n            <\/div>\n    \n<h2>\u00bfQu\u00e9 frecuencia tiene la negligencia m\u00e9dica?<\/h2>\n<p>La Asociaci\u00f3n M\u00e9dica Americana (AMA) calcula que uno de cada tres m\u00e9dicos ser\u00e1 demandado por negligencia m\u00e9dica en alg\u00fan momento de su carrera. Tambi\u00e9n se cree que solo el 2% de los pacientes afectados por una negligencia m\u00e9dica tomar\u00e1n medidas y presentar\u00e1n una demanda.<\/p>\n<p>As\u00ed que, aunque sabemos que la negligencia m\u00e9dica es demasiado com\u00fan, es dif\u00edcil decir con certeza lo frecuente que es realmente.<\/p>\n<p>Sin embargo, en general, los errores m\u00e9dicos se consideran tan problem\u00e1ticos que se reconocen como la tercera causa de muerte evitable en Estados Unidos.<\/p>\n<p>Seg\u00fan las investigaciones, los accidentes m\u00e9dicos causan entre 65.000 y 200.000 muertes al a\u00f1o. La Universidad Johns Hopkins cree que el n\u00famero de muertes causadas por errores m\u00e9dicos est\u00e1 m\u00e1s cerca de las 250.000.<\/p>\n<p>En comparaci\u00f3n, las muertes accidentales por otras causas -incluidos los accidentes de tr\u00e1fico y los accidentes laborales- alcanzan un m\u00e1ximo de 98.000.<\/p>\n<h2>\u00bfCu\u00e1nto vale mi demanda por negligencia m\u00e9dica?<\/h2>\n<p>Seg\u00fan un informe del National Practitioner Data Bank, los demandantes recibieron m\u00e1s de 4 millones de d\u00f3lares en indemnizaciones por negligencia m\u00e9dica en 2018. La gran mayor\u00eda de estas compensaciones -m\u00e1s del 96%- fueron el resultado de acuerdos privados. Solo el 3.5% fueron veredictos del jurado.<\/p>\n<p>La indemnizaci\u00f3n media en estos casos de negligencia m\u00e9dica fue de 348.065 d\u00f3lares.<\/p>\n<p>El valor de cada demanda por negligencia m\u00e9dica es diferente y depender\u00e1 de aspectos como<\/p>\n<ul>\n<li>El tipo de lesi\u00f3n o traumatismo que sufra el paciente<\/li>\n<li>Qu\u00e9 tipo de atenci\u00f3n o tratamiento m\u00e9dico ser\u00e1 necesario para tratar la lesi\u00f3n<\/li>\n<li>Si el paciente podr\u00e1 recuperarse del error m\u00e9dico<\/li>\n<li>Los costos de bolsillo del paciente<\/li>\n<li>El grado en que el error m\u00e9dico contribuy\u00f3 a la lesi\u00f3n del paciente<\/li>\n<li>La cantidad de dolor y sufrimiento que ha experimentado el paciente<\/li>\n<\/ul>\n<p>Cuanto m\u00e1s grave sea la lesi\u00f3n o el error, mayor ser\u00e1 el valor del caso. Solo un abogado experto en lesiones personales del Bronx puede ayudarte a entender los detalles de tu caso concreto. Ponte en contacto con Oresky y Associates para obtener m\u00e1s informaci\u00f3n hoy mismo.<\/p>\n<h2>\u00bfQu\u00e9 indemnizaci\u00f3n pueden recibir las v\u00edctimas de una negligencia m\u00e9dica en New York?<\/h2>\n<p>En las demandas por negligencia m\u00e9dica de New York se pueden conceder da\u00f1os econ\u00f3micos y no econ\u00f3micos.<\/p>\n<h3>Da\u00f1os Econ\u00f3micos<\/h3>\n<p>Los da\u00f1os econ\u00f3micos compensan los costos financieros de un error m\u00e9dico, como, por ejemplo<\/p>\n<div class=\"row\">\n<ul class=\"col-xl-6\">\n<li>Facturas m\u00e9dicas presentes y futuras<\/li>\n<li>Rehabilitaci\u00f3n y terapia<\/li>\n<li>Cuidados de enfermer\u00eda<\/li>\n<li>Dispositivos m\u00e9dicos<\/li>\n<\/ul>\n<ul class=\"col-xl-6\">\n<li>Equipos m\u00e9dicos<\/li>\n<li>P\u00e9rdida de salarios e ingresos<\/li>\n<li>Reducci\u00f3n de la capacidad de ganancia<\/li>\n<li>Incapacidad, y m\u00e1s<\/li>\n<\/ul>\n<\/div>\n<h3>Da\u00f1os No Econ\u00f3micos<\/h3>\n<p>Los da\u00f1os no econ\u00f3micos compensan las consecuencias dif\u00edciles de valorar de los errores m\u00e9dicos, como:<\/p>\n<div class=\"row\">\n<ul class=\"col-xl-6\">\n<li>Dolor cr\u00f3nico<\/li>\n<li>Angustia emocional<\/li>\n<li>Desfiguraci\u00f3n<\/li>\n<\/ul>\n<ul class=\"col-xl-6\">\n<li>Cicatrices<\/li>\n<li>Reducci\u00f3n de la calidad de vida<\/li>\n<li>P\u00e9rdida del c\u00f3nyuge<\/li>\n<\/ul>\n<\/div>\n<p>A diferencia de muchos otros estados, en el de New York no hay l\u00edmites a las indemnizaciones.<\/p>\n<h3>Da\u00f1os Punitivos<\/h3>\n<p>En casos limitados, tambi\u00e9n puede haber indemnizaciones punitivas. Sin embargo, debe haber pruebas claras y convincentes de que el m\u00e9dico o el proveedor de atenci\u00f3n sanitaria actu\u00f3 intencionadamente o con una negligencia tan grave que es necesario castigarlo.<\/p>\n","protected":false},"excerpt":{"rendered":"<p>Puedes tener derecho a una indemnizaci\u00f3n si t\u00fa o un ser querido han sido v\u00edctima de una negligencia m\u00e9dica en el Bronx, NY. Ya sea que tu m\u00e9dico no haya diagnosticado tu afecci\u00f3n, haya recetado la medicaci\u00f3n equivocada o haya cometido un error durante la cirug\u00eda,\u00a0Oresky &amp; Associates, PLLC luchar\u00e1 para que rinda cuentas. Desde [&hellip;]<\/p>\n","protected":false},"author":9,"featured_media":21582,"parent":17391,"menu_order":72,"comment_status":"closed","ping_status":"closed","template":"practice-area.php","meta":{"_acf_changed":false,"footnotes":""},"class_list":["post-18081","page","type-page","status-publish","has-post-thumbnail","hentry"],"acf":[],"yoast_head":"<!-- This site is optimized with the Yoast SEO plugin v27.3 - https:\/\/yoast.com\/product\/yoast-seo-wordpress\/ -->\n<title>Abogado de negligencia m\u00e9dica en el Bronx - Oresky &amp; Associates, PLLC<\/title>\n<meta name=\"description\" content=\"V\u00edctimas de negligencia m\u00e9dica en el Bronx podr\u00edan tener derecho a una compensaci\u00f3n considerable. Cont\u00e1ctenos en Oresky &amp; Associates para asistencia.\" \/>\n<meta name=\"robots\" content=\"index, follow, max-snippet:-1, max-image-preview:large, max-video-preview:-1\" \/>\n<link rel=\"canonical\" href=\"https:\/\/oreskylaw.com\/es\/bronx\/abogados-de-negligencia-medica\/\" \/>\n<meta property=\"og:locale\" content=\"es_ES\" \/>\n<meta property=\"og:type\" content=\"article\" \/>\n<meta property=\"og:title\" content=\"Abogado de negligencia m\u00e9dica en el Bronx - Oresky &amp; Associates, PLLC\" \/>\n<meta property=\"og:description\" content=\"V\u00edctimas de negligencia m\u00e9dica en el Bronx podr\u00edan tener derecho a una compensaci\u00f3n considerable. Cont\u00e1ctenos en Oresky &amp; Associates para asistencia.\" \/>\n<meta property=\"og:url\" content=\"https:\/\/oreskylaw.com\/es\/bronx\/abogados-de-negligencia-medica\/\" \/>\n<meta property=\"og:site_name\" content=\"Oresky &amp; Associates, PLLC\" \/>\n<meta property=\"article:publisher\" content=\"https:\/\/www.facebook.com\/Oreskylaw\/\" \/>\n<meta property=\"article:modified_time\" content=\"2026-01-30T13:52:24+00:00\" \/>\n<meta property=\"og:image\" content=\"https:\/\/oreskylaw.com\/wp-content\/uploads\/2025\/12\/bronx-medical-malpractice-lawyers.jpg\" \/>\n\t<meta property=\"og:image:width\" content=\"890\" \/>\n\t<meta property=\"og:image:height\" content=\"331\" \/>\n\t<meta property=\"og:image:type\" content=\"image\/jpeg\" \/>\n<meta name=\"twitter:card\" content=\"summary_large_image\" \/>\n<meta name=\"twitter:site\" content=\"@JacobOreskyLaw\" \/>\n<meta name=\"twitter:label1\" content=\"Tiempo de lectura\" \/>\n\t<meta name=\"twitter:data1\" content=\"5 minutos\" \/>\n<!-- \/ Yoast SEO plugin. -->","yoast_head_json":{"title":"Abogado de negligencia m\u00e9dica en el Bronx - Oresky & Associates, PLLC","description":"V\u00edctimas de negligencia m\u00e9dica en el Bronx podr\u00edan tener derecho a una compensaci\u00f3n considerable. Cont\u00e1ctenos en Oresky & Associates para asistencia.","robots":{"index":"index","follow":"follow","max-snippet":"max-snippet:-1","max-image-preview":"max-image-preview:large","max-video-preview":"max-video-preview:-1"},"canonical":"https:\/\/oreskylaw.com\/es\/bronx\/abogados-de-negligencia-medica\/","og_locale":"es_ES","og_type":"article","og_title":"Abogado de negligencia m\u00e9dica en el Bronx - Oresky & Associates, PLLC","og_description":"V\u00edctimas de negligencia m\u00e9dica en el Bronx podr\u00edan tener derecho a una compensaci\u00f3n considerable. Cont\u00e1ctenos en Oresky & Associates para asistencia.","og_url":"https:\/\/oreskylaw.com\/es\/bronx\/abogados-de-negligencia-medica\/","og_site_name":"Oresky &amp; Associates, PLLC","article_publisher":"https:\/\/www.facebook.com\/Oreskylaw\/","article_modified_time":"2026-01-30T13:52:24+00:00","og_image":[{"width":890,"height":331,"url":"https:\/\/oreskylaw.com\/wp-content\/uploads\/2025\/12\/bronx-medical-malpractice-lawyers.jpg","type":"image\/jpeg"}],"twitter_card":"summary_large_image","twitter_site":"@JacobOreskyLaw","twitter_misc":{"Tiempo de lectura":"5 minutos"},"schema":{"@context":"https:\/\/schema.org","@graph":[{"@type":"WebPage","@id":"https:\/\/oreskylaw.com\/es\/bronx\/abogados-de-negligencia-medica\/","url":"https:\/\/oreskylaw.com\/es\/bronx\/abogados-de-negligencia-medica\/","name":"Abogado de negligencia m\u00e9dica en el Bronx - Oresky & Associates, PLLC","isPartOf":{"@id":"https:\/\/oreskylaw.com\/es\/#website"},"primaryImageOfPage":{"@id":"https:\/\/oreskylaw.com\/es\/bronx\/abogados-de-negligencia-medica\/#primaryimage"},"image":{"@id":"https:\/\/oreskylaw.com\/es\/bronx\/abogados-de-negligencia-medica\/#primaryimage"},"thumbnailUrl":"https:\/\/oreskylaw.com\/wp-content\/uploads\/2025\/12\/bronx-medical-malpractice-lawyers.jpg","datePublished":"2025-12-08T02:27:47+00:00","dateModified":"2026-01-30T13:52:24+00:00","description":"V\u00edctimas de negligencia m\u00e9dica en el Bronx podr\u00edan tener derecho a una compensaci\u00f3n considerable. Cont\u00e1ctenos en Oresky & Associates para asistencia.","breadcrumb":{"@id":"https:\/\/oreskylaw.com\/es\/bronx\/abogados-de-negligencia-medica\/#breadcrumb"},"inLanguage":"es","potentialAction":[{"@type":"ReadAction","target":["https:\/\/oreskylaw.com\/es\/bronx\/abogados-de-negligencia-medica\/"]}]},{"@type":"ImageObject","inLanguage":"es","@id":"https:\/\/oreskylaw.com\/es\/bronx\/abogados-de-negligencia-medica\/#primaryimage","url":"https:\/\/oreskylaw.com\/wp-content\/uploads\/2025\/12\/bronx-medical-malpractice-lawyers.jpg","contentUrl":"https:\/\/oreskylaw.com\/wp-content\/uploads\/2025\/12\/bronx-medical-malpractice-lawyers.jpg","width":890,"height":331,"caption":"medical malpractice"},{"@type":"BreadcrumbList","@id":"https:\/\/oreskylaw.com\/es\/bronx\/abogados-de-negligencia-medica\/#breadcrumb","itemListElement":[{"@type":"ListItem","position":1,"name":"Inicio","item":"https:\/\/oreskylaw.com\/es\/"},{"@type":"ListItem","position":2,"name":"Abogado de lesiones personales en el Bronx","item":"https:\/\/oreskylaw.com\/es\/bronx\/"},{"@type":"ListItem","position":3,"name":"Abogado de negligencia m\u00e9dica en el Bronx"}]},{"@type":"WebSite","@id":"https:\/\/oreskylaw.com\/es\/#website","url":"https:\/\/oreskylaw.com\/es\/","name":"Oresky & Associates PLLC","description":"","publisher":{"@id":"https:\/\/oreskylaw.com\/es\/#organization"},"potentialAction":[{"@type":"SearchAction","target":{"@type":"EntryPoint","urlTemplate":"https:\/\/oreskylaw.com\/es\/?s={search_term_string}"},"query-input":{"@type":"PropertyValueSpecification","valueRequired":true,"valueName":"search_term_string"}}],"inLanguage":"es"}]}},"_links":{"self":[{"href":"https:\/\/oreskylaw.com\/es\/wp-json\/wp\/v2\/pages\/18081","targetHints":{"allow":["GET"]}}],"collection":[{"href":"https:\/\/oreskylaw.com\/es\/wp-json\/wp\/v2\/pages"}],"about":[{"href":"https:\/\/oreskylaw.com\/es\/wp-json\/wp\/v2\/types\/page"}],"author":[{"embeddable":true,"href":"https:\/\/oreskylaw.com\/es\/wp-json\/wp\/v2\/users\/9"}],"replies":[{"embeddable":true,"href":"https:\/\/oreskylaw.com\/es\/wp-json\/wp\/v2\/comments?post=18081"}],"version-history":[{"count":0,"href":"https:\/\/oreskylaw.com\/es\/wp-json\/wp\/v2\/pages\/18081\/revisions"}],"up":[{"embeddable":true,"href":"https:\/\/oreskylaw.com\/es\/wp-json\/wp\/v2\/pages\/17391"}],"wp:featuredmedia":[{"embeddable":true,"href":"https:\/\/oreskylaw.com\/es\/wp-json\/wp\/v2\/media\/21582"}],"wp:attachment":[{"href":"https:\/\/oreskylaw.com\/es\/wp-json\/wp\/v2\/media?parent=18081"}],"curies":[{"name":"wp","href":"https:\/\/api.w.org\/{rel}","templated":true}]}}