{"id":18098,"date":"2026-01-19T06:18:15","date_gmt":"2026-01-19T06:18:15","guid":{"rendered":"https:\/\/oreskylaw.com\/?page_id=18098"},"modified":"2026-01-30T13:54:35","modified_gmt":"2026-01-30T13:54:35","slug":"abogados-de-accidentes-de-motocicleta","status":"publish","type":"page","link":"https:\/\/oreskylaw.com\/es\/bronx\/abogados-de-accidentes-de-motocicleta\/","title":{"rendered":"Abogado de Accidentes de Motocicleta"},"content":{"rendered":"<h2>Abogados de Accidentes de Motocicleta Confiables en el Bronx<\/h2>\n<p>Cada a\u00f1o, conductores imprudentes lesionan o matan a miles de motociclistas en los EE. UU. Desde 1992, Oresky &amp; Associates, PLLC ha representado valientemente a operadores y pasajeros de motocicletas contra conductores negligentes que chocaron con ellos.<\/p>\n<p>Durante ese tiempo, hemos sido defensores de los lesionados, recuperando m\u00e1s de $500 millones en acuerdos y veredictos para ayudar a nuestros clientes en sus mayores desaf\u00edos de salud y financieros.<\/p>\n<p>Cuando contrata a nuestra firma, un\u00a0<strong>abogado experimentado en accidentes de motocicleta del Bronx<\/strong>\u00a0lo protege agresivamente de las t\u00e1cticas injustas que utilizan las compa\u00f1\u00edas de seguros en su contra. Cont\u00e1ctenos para una consulta gratuita y descubra c\u00f3mo ayudamos a los motociclistas a obtener justicia y un trato justo.<\/p>\n<h2>\u00bfQu\u00e9 tan Comunes Son los Accidentes de Motocicleta en el Bronx, NY?<\/h2>\n<p>El NYPD report\u00f3\u00a0<a href=\"https:\/\/data.cityofnewyork.us\/Public-Safety\/Motor-Vehicle-Collisions-Crashes\/h9gi-nx95\/about_data\" target=\"_blank\" rel=\"nofollow noopener noreferrer\">229 accidentes de motocicleta<\/a>\u00a0en el Bronx en 2023. Estos accidentes incluyeron colisiones de un solo veh\u00edculo y colisiones multiveh\u00edculo. Los operadores de motocicletas en el Bronx ese a\u00f1o estuvieron involucrados en:<\/p>\n<ul>\n<li>Tres accidentes con muertes<\/li>\n<li>168 accidentes con lesiones no mortales<\/li>\n<li>58 accidentes que causaron solo da\u00f1os a la propiedad<\/li>\n<\/ul>\n<p>En total, estos accidentes causaron tres muertes y 203 lesiones. Entre los lesionados o fallecidos se encontraban 171 motociclistas y 35 automovilistas.<\/p>\n<p>En los cinco distritos de la ciudad, ocurrieron 2,033 accidentes de motocicleta en 2023. El Bronx, con el \u00e1rea m\u00e1s peque\u00f1a y la segunda poblaci\u00f3n m\u00e1s peque\u00f1a de los distritos, represent\u00f3 el 11.3% de los accidentes de motocicleta de la ciudad.<\/p>\n<p>Aproximadamente el\u00a0<a href=\"https:\/\/oreskylaw.com\/portals\/0\/pdf\/CPT-HSP\/NYMTC%20coord%20plan%20NYC%20CH03.pdf\" target=\"_blank\" rel=\"nofollow noopener noreferrer\">16.6% de los residentes de la ciudad de Nueva York<\/a>\u00a0viven en el Bronx. Con solo el 11.3% de los accidentes de motocicleta de la ciudad, los motociclistas en el Bronx tienen menos colisiones de lo esperado seg\u00fan la proporci\u00f3n de la poblaci\u00f3n del distrito.<\/p>\n<p>Aun as\u00ed, andar en motocicleta en el Bronx no est\u00e1 exento de peligros; los motociclistas involucrados en colisiones tienen un alto riesgo de lesiones o muerte. Casi el 75% de los que fueron golpeados por veh\u00edculos en 2023 sufrieron una lesi\u00f3n fatal o no fatal.<\/p>\n<p>Los accidentes de motocicleta ocurrieron en todo el distrito en 2023. Sin embargo, dos carreteras, Webster Avenue y Bruckner Boulevard, tuvieron m\u00faltiples accidentes.<\/p>\n<h2>\u00bfQu\u00e9 Causa la Mayor\u00eda de los Accidentes de Motocicleta en el Bronx, Nueva York?<\/h2>\n<p>De los 229 accidentes de motocicleta en el Bronx en 2023, 105 fueron accidentes de un solo veh\u00edculo o colisiones multiveh\u00edculo que se determin\u00f3 fueron culpa del motociclista. Las 124 colisiones restantes se atribuyeron a los conductores de autom\u00f3viles. As\u00ed, m\u00e1s del 54% de los accidentes de motocicleta fueron causados por conductores imprudentes.<br \/>\nMuchas de estas colisiones surgen de solo unas pocas causas comunes:<\/p>\n<ul>\n<li>Inatenci\u00f3n y distracciones<\/li>\n<li>Juzgar incorrectamente la velocidad o distancia de un motociclista<\/li>\n<li>No detectar a un motociclista en la carretera<\/li>\n<\/ul>\n<p>Comportamientos de conducci\u00f3n peligrosos como estos pueden llevar a los siguientes escenarios comunes de accidentes:<\/p>\n<ul>\n<li>Un conductor gira a la izquierda cruzando el camino de un motociclista que se aproxima<\/li>\n<li>Un conductor gira a la derecha en una intersecci\u00f3n o entrada en el camino de un motociclista<\/li>\n<li>Un conductor cambia de carril sin mirar, golpeando lateralmente a un motociclista<\/li>\n<\/ul>\n<p>Un problema que enfrentan los motociclistas es un fen\u00f3meno llamado \u00abceguera por falta de atenci\u00f3n\u00bb. Este es un sesgo cognitivo donde los conductores no reconocen a las motocicletas simplemente porque no las buscan.<\/p>\n<p>La ceguera por falta de atenci\u00f3n puede llevar a accidentes en los que se \u00abmir\u00f3 pero no se vio\u00bb. En un estudio, los participantes fueron presentados con una simulaci\u00f3n de conducci\u00f3n con una motocicleta o un taxi en el carril opuesto. Casi dos tercios\u00a0<a href=\"https:\/\/www.psychologicalscience.org\/news\/motr\/motorcycles-are-missed-because-drivers-arent-looking-for-them.html\" target=\"_blank\" rel=\"nofollow noopener noreferrer\">no vieron<\/a>\u00a0la motocicleta, mientras que menos de un tercio no vio el taxi.<\/p>\n<h2>\u00bfC\u00f3mo Puede Ayudar Oresky &amp; Associates en Su Reclamaci\u00f3n por Accidente de Motocicleta?<\/h2>\n<p>El sistema de seguro sin culpa de Nueva York no se aplica a las motocicletas. Cuando te golpean mientras conduces, tu camino hacia la compensaci\u00f3n por lesiones comienza luchando contra compa\u00f1\u00edas de seguros de miles de millones de d\u00f3lares. Oresky &amp; Associates es tu mayor defensor y m\u00e1s feroz defensor contra los conductores culpables y los poderosos aseguradores en tu b\u00fasqueda de justicia.<\/p>\n<p>Cuando nos contratas, tu\u00a0<strong>abogado de accidentes de motocicleta en el Bronx<\/strong>\u00a0brinda los siguientes servicios:<\/p>\n<ul>\n<li>Evaluar tu caso y asesorarte sobre tus opciones legales.<\/li>\n<li>Investigar el accidente y reunir pruebas para respaldar tu reclamaci\u00f3n.<\/li>\n<li>Preparar tu reclamaci\u00f3n de seguro y negociar con el asegurador para resolverla.<\/li>\n<li>Redactar una demanda contra el conductor culpable si el asegurador se niega a un acuerdo.<\/li>\n<li>Litigar contra el conductor y su asegurador.<\/li>\n<li>Presentar tu caso ante un juez o jurado y abogar por una compensaci\u00f3n justa.<\/li>\n<\/ul>\n<p>Mientras luchamos por ganar tu caso, enfrentamos a los aseguradores para demostrar que el otro conductor caus\u00f3 tu accidente. Nuestros abogados tienen d\u00e9cadas de experiencia legal combinada. Defendemos tus intereses en tus momentos m\u00e1s oscuros al abogar ferozmente por tus intereses, proteger firmemente tu futuro y luchar resueltamente por una compensaci\u00f3n justa por tus lesiones.<\/p>\n    <div class=\"cw-cta-box\">\n        <div class=\"cw-cta-box__inner \">\n            <div class=\"cw-cta-box__info\">\n                                    <div class=\"label\">\u00a1Llame ahora!<\/div>\n                            <\/div>\n                            <div class=\"contact-phone\">\n                    <a href=\"tel:7189939999\"\n                        aria-label=\"Tap to call button\">\n                        718-993-9999                    <\/a>\n                <\/div>\n                    <\/div>\n                    <a href=\"\/es\/contacto\/\"\n               class=\"cta-btn btn btn--primary btn\"\n               target=\"\">\n                Obtenga Una Consulta Gratuita            <\/a>\n            <\/div>\n    \n<h2>Lesiones Comunes que Pueden Ocurrir en Accidentes de Motocicleta en el Bronx<\/h2>\n<p>Las motocicletas carecen de protecci\u00f3n estructural para los motociclistas. Est\u00e1s expuesto durante un accidente, con solo tu casco y ropa de conducci\u00f3n para protegerte de lesiones. El impacto puede volcar tu motocicleta, aplast\u00e1ndote y atrap\u00e1ndote. Tu accidente incluso puede expulsarte, causando lesiones graves al impactar tu cuerpo en la carretera.<br \/>\nLos motociclistas a menudo sufren las siguientes lesiones:<\/p>\n<ul>\n<li>Raspones<\/li>\n<li>Laceraciones<\/li>\n<li>Fracturas \u00f3seas<\/li>\n<li>Traumatismos faciales<\/li>\n<li>Lesiones cerebrales<\/li>\n<\/ul>\n<p>Algunas de estas lesiones son especialmente caracter\u00edsticas de los accidentes de motocicleta. Los\u00a0<a href=\"https:\/\/www.webmd.com\/first-aid\/what-to-know-road-rash\" target=\"_blank\" rel=\"nofollow noopener noreferrer\">raspones<\/a>\u00a0ocurren cuando la piel se raspa contra el pavimento. La superficie rugosa abrasa la piel. Incluso puede introducir escombros bajo la piel, produciendo decoloraci\u00f3n llamada \u00abtatuajes traum\u00e1ticos\u00bb. La fricci\u00f3n entre la carretera y tu piel tambi\u00e9n la quema.<\/p>\n<p>El\u00a0<a href=\"https:\/\/crashstats.nhtsa.dot.gov\/Api\/Public\/ViewPublication\/811208\" target=\"_blank\" rel=\"nofollow noopener noreferrer\">trauma en la cabeza<\/a>\u00a0es una lesi\u00f3n principal en motocicletas, incluso entre los motociclistas que usan casco. Un casco puede absorber y disipar algunas fuerzas cuando tu cabeza golpea el suelo, pero el impacto a\u00fan puede sacudir tu cerebro.<\/p>\n<p>El da\u00f1o resultante a las c\u00e9lulas cerebrales puede causar sangrado e hinchaz\u00f3n. Los s\u00edntomas de las lesiones cerebrales incluyen torpeza, confusi\u00f3n y amnesia. Las lesiones cerebrales graves pueden causar discapacidades permanentes, coma o muerte.<\/p>\n<h2>\u00bfCu\u00e1nto Vale Mi Caso de Accidente de Motocicleta en el Bronx?<\/h2>\n<p>No existe un valor est\u00e1ndar para una reclamaci\u00f3n por accidente de motocicleta. Al calcular un valor potencial, tu\u00a0<strong>abogado de accidentes de motocicleta en el Bronx<\/strong>\u00a0considerar\u00e1 varios factores:<\/p>\n<ul>\n<li>La gravedad de tus lesiones<\/li>\n<li>El efecto de tus lesiones en tu capacidad para ganarte la vida<\/li>\n<li>Las acciones de qui\u00e9n causaron el accidente<\/li>\n<li>Los l\u00edmites de la p\u00f3liza de seguro del conductor culpable<\/li>\n<li>La culpa en el accidente<\/li>\n<\/ul>\n<p>Las lesiones m\u00e1s graves generalmente valen m\u00e1s que las lesiones menores. Requieren tratamiento y terapia m\u00e1s extensos y costosos. Del mismo modo, las lesiones con efectos permanentes valen m\u00e1s que las que se curan por completo. Las cicatrices, complicaciones y discapacidades justificar\u00e1n una mayor compensaci\u00f3n.<\/p>\n<p>Si tus lesiones afectan tu capacidad para realizar tu trabajo, perder\u00e1s ingresos. Las lesiones incapacitantes pueden incluso afectar tu capacidad de ingresos futuros. Por ejemplo, una discapacidad que te obligue a cambiar tus tareas laborales o dejar tu trabajo puede llevar a a\u00f1os de p\u00e9rdida de ingresos. En una demanda, eso es una parte compensable de tu caso.<\/p>\n<h2>\u00bfQu\u00e9 Tipos de Da\u00f1os Est\u00e1n Disponibles para las V\u00edctimas de Accidentes de Motocicleta?<\/h2>\n<p><img loading=\"lazy\" decoding=\"async\" class=\"size-medium wp-image-26010 alignleft\" src=\"https:\/\/oreskylaw.com\/wp-content\/uploads\/2026\/01\/Can-I-Recover-Damages-If-Im-Being-Blamed-for-a-Car-Accident-in-New-York-300x200.webp\" alt=\"construction accident attorney Bronx NY\" width=\"300\" height=\"200\" srcset=\"https:\/\/oreskylaw.com\/wp-content\/uploads\/2026\/01\/Can-I-Recover-Damages-If-Im-Being-Blamed-for-a-Car-Accident-in-New-York-300x200.webp 300w, https:\/\/oreskylaw.com\/wp-content\/uploads\/2026\/01\/Can-I-Recover-Damages-If-Im-Being-Blamed-for-a-Car-Accident-in-New-York-1024x682.webp 1024w, https:\/\/oreskylaw.com\/wp-content\/uploads\/2026\/01\/Can-I-Recover-Damages-If-Im-Being-Blamed-for-a-Car-Accident-in-New-York-768x512.webp 768w, https:\/\/oreskylaw.com\/wp-content\/uploads\/2026\/01\/Can-I-Recover-Damages-If-Im-Being-Blamed-for-a-Car-Accident-in-New-York-1536x1023.webp 1536w, https:\/\/oreskylaw.com\/wp-content\/uploads\/2026\/01\/Can-I-Recover-Damages-If-Im-Being-Blamed-for-a-Car-Accident-in-New-York.webp 1698w\" sizes=\"auto, (max-width: 300px) 100vw, 300px\" \/>Cuando nos contrates, discutir\u00e1s tu caso con un\u00a0<strong>abogado experimentado en accidentes de motocicleta<\/strong>. Los accidentes de motocicleta en el\u00a0<strong>Bronx<\/strong>\u00a0pueden causar p\u00e9rdidas extensas, y estas p\u00e9rdidas determinar\u00e1n la compensaci\u00f3n que puedes recuperar. Las v\u00edctimas de accidentes de motocicleta pueden buscar diferentes tipos de da\u00f1os.<\/p>\n<p>Los da\u00f1os son recuperables por p\u00e9rdidas no econ\u00f3micas causadas por la disminuci\u00f3n en tu calidad de vida debido a tus lesiones. Estas p\u00e9rdidas son m\u00e1s dif\u00edciles de cuantificar y var\u00edan caso por caso. Estas p\u00e9rdidas incluyen las siguientes:<\/p>\n<ul>\n<li>Dolor f\u00edsico<\/li>\n<li>Sufrimiento mental<\/li>\n<li>P\u00e9rdida del disfrute de la vida<\/li>\n<\/ul>\n<p>Los da\u00f1os por p\u00e9rdidas econ\u00f3micas incluyen el impacto financiero de tus lesiones. Estas p\u00e9rdidas son \u00abespec\u00edficas\u00bb de tu caso particular. Las pruebas se presentan utilizando documentos y registros como recibos, talones de pago y extractos de tarjetas de cr\u00e9dito. Ejemplos de estas p\u00e9rdidas incluyen:<\/p>\n<ul>\n<li>Facturas m\u00e9dicas pasadas<\/li>\n<li>Costos m\u00e9dicos futuros<\/li>\n<li>P\u00e9rdida de ingresos<\/li>\n<li>Reducci\u00f3n futura de ingresos<\/li>\n<li>Gastos de bolsillo<\/li>\n<\/ul>\n<h2>\u00bfPuedo Recuperar Da\u00f1os Si Me Culpan por un Accidente de Motocicleta en Nueva York?<\/h2>\n<p>Cuando un reclamante tiene alguna culpa por sus lesiones, Nueva York se basa en una doctrina llamada \u00abnegligencia comparativa\u00bb. Esta regla afecta los da\u00f1os del demandante de dos maneras.<\/p>\n<p>Primero, la regla cambia la antigua regla del derecho consuetudinario que un reclamante negligente pierde su derecho a cualquier compensaci\u00f3n por lesiones. En su lugar, se distribuye la culpa entre las partes negligentes.<\/p>\n<p>Segundo, el porcentaje de culpa del motociclista reduce su compensaci\u00f3n. As\u00ed, un motociclista que tuvo un 25% de culpa por el accidente solo podr\u00eda recuperar el 75% de sus p\u00e9rdidas.<\/p>\n<h2>\u00bfC\u00f3mo Demuestro la Negligencia Despu\u00e9s de un Accidente de Motocicleta en Nueva York?<\/h2>\n<p>La negligencia es un concepto legal complejo. Para entenderlo, es posible que necesites la ayuda de un\u00a0abogado experimentado en accidentes de motocicleta. Los abogados de lesiones personales del\u00a0Bronx\u00a0de Oresky &amp; Associates son litigantes experimentados y negociadores h\u00e1biles. Presentar\u00e1n evidencia de los siguientes elementos para probar la negligencia:<\/p>\n<ul>\n<li>Deber de cuidado<\/li>\n<li>Incumplimiento del deber<\/li>\n<li>Da\u00f1os<\/li>\n<li>Causalidad<\/li>\n<\/ul>\n<p>Todos los conductores tienen el deber legal de conducir con cuidado. Este deber no les exige conducir a la perfecci\u00f3n. En su lugar, simplemente significa que deben ejercer el mismo nivel de prudencia que un conductor ordinario y cuidadoso.<\/p>\n<p>Los conductores incumplen este deber cuando su conducci\u00f3n expone a otros a un riesgo irrazonable de lesiones o muerte. Un conductor puede incumplir su deber de cuidado al violar las leyes de tr\u00e1fico. Por ejemplo, cuando un conductor gira cruzando el camino de un motociclista que se aproxima y que tiene el derecho de paso, el conductor ha actuado con negligencia.<\/p>\n<p>Los da\u00f1os est\u00e1n relacionados con tus lesiones, incluyendo su impacto financiero y emocional. Finalmente, debemos probar un v\u00ednculo causal entre el incumplimiento del deber y tus lesiones. Este v\u00ednculo requiere que el incumplimiento fuera una causa real y pr\u00f3xima de la lesi\u00f3n. Normalmente, mostraremos que el incumplimiento conducir\u00eda l\u00f3gicamente y previsiblemente a da\u00f1ar a alguien.<\/p>\n","protected":false},"excerpt":{"rendered":"<p>Abogados de Accidentes de Motocicleta Confiables en el Bronx Cada a\u00f1o, conductores imprudentes lesionan o matan a miles de motociclistas en los EE. UU. Desde 1992, Oresky &amp; Associates, PLLC ha representado valientemente a operadores y pasajeros de motocicletas contra conductores negligentes que chocaron con ellos. Durante ese tiempo, hemos sido defensores de los lesionados, [&hellip;]<\/p>\n","protected":false},"author":9,"featured_media":28004,"parent":17391,"menu_order":86,"comment_status":"closed","ping_status":"closed","template":"","meta":{"_acf_changed":false,"footnotes":""},"class_list":["post-18098","page","type-page","status-publish","has-post-thumbnail","hentry"],"acf":[],"yoast_head":"<!-- This site is optimized with the Yoast SEO plugin v27.3 - https:\/\/yoast.com\/product\/yoast-seo-wordpress\/ -->\n<title>Abogados de accidentes de motocicleta en el Bronx - Oresky &amp; Associates, PLLC<\/title>\n<meta name=\"description\" content=\"Si ha resultado lesionado en un accidente de motocicleta en el Bronx, nuestros abogados expertos est\u00e1n listos para ayudarlo. Obtenga la m\u00e1xima compensaci\u00f3n: \u00a1llame ahora!\" \/>\n<meta name=\"robots\" content=\"index, follow, max-snippet:-1, max-image-preview:large, max-video-preview:-1\" \/>\n<link rel=\"canonical\" href=\"https:\/\/oreskylaw.com\/es\/bronx\/abogados-de-accidentes-de-motocicleta\/\" \/>\n<meta property=\"og:locale\" content=\"es_ES\" \/>\n<meta property=\"og:type\" content=\"article\" \/>\n<meta property=\"og:title\" content=\"Abogados de accidentes de motocicleta en el Bronx - Oresky &amp; Associates, PLLC\" \/>\n<meta property=\"og:description\" content=\"Si ha resultado lesionado en un accidente de motocicleta en el Bronx, nuestros abogados expertos est\u00e1n listos para ayudarlo. Obtenga la m\u00e1xima compensaci\u00f3n: \u00a1llame ahora!\" \/>\n<meta property=\"og:url\" content=\"https:\/\/oreskylaw.com\/es\/bronx\/abogados-de-accidentes-de-motocicleta\/\" \/>\n<meta property=\"og:site_name\" content=\"Oresky &amp; Associates, PLLC\" \/>\n<meta property=\"article:publisher\" content=\"https:\/\/www.facebook.com\/Oreskylaw\/\" \/>\n<meta property=\"article:modified_time\" content=\"2026-01-30T13:54:35+00:00\" \/>\n<meta property=\"og:image\" content=\"https:\/\/oreskylaw.com\/wp-content\/uploads\/2026\/01\/abogados-de-accidentes-de-motocicleta.jpg\" \/>\n\t<meta property=\"og:image:width\" content=\"809\" \/>\n\t<meta property=\"og:image:height\" content=\"331\" \/>\n\t<meta property=\"og:image:type\" content=\"image\/jpeg\" \/>\n<meta name=\"twitter:card\" content=\"summary_large_image\" \/>\n<meta name=\"twitter:site\" content=\"@JacobOreskyLaw\" \/>\n<meta name=\"twitter:label1\" content=\"Tiempo de lectura\" \/>\n\t<meta name=\"twitter:data1\" content=\"8 minutos\" \/>\n<!-- \/ Yoast SEO plugin. -->","yoast_head_json":{"title":"Abogados de accidentes de motocicleta en el Bronx - Oresky & Associates, PLLC","description":"Si ha resultado lesionado en un accidente de motocicleta en el Bronx, nuestros abogados expertos est\u00e1n listos para ayudarlo. Obtenga la m\u00e1xima compensaci\u00f3n: \u00a1llame ahora!","robots":{"index":"index","follow":"follow","max-snippet":"max-snippet:-1","max-image-preview":"max-image-preview:large","max-video-preview":"max-video-preview:-1"},"canonical":"https:\/\/oreskylaw.com\/es\/bronx\/abogados-de-accidentes-de-motocicleta\/","og_locale":"es_ES","og_type":"article","og_title":"Abogados de accidentes de motocicleta en el Bronx - Oresky & Associates, PLLC","og_description":"Si ha resultado lesionado en un accidente de motocicleta en el Bronx, nuestros abogados expertos est\u00e1n listos para ayudarlo. Obtenga la m\u00e1xima compensaci\u00f3n: \u00a1llame ahora!","og_url":"https:\/\/oreskylaw.com\/es\/bronx\/abogados-de-accidentes-de-motocicleta\/","og_site_name":"Oresky &amp; Associates, PLLC","article_publisher":"https:\/\/www.facebook.com\/Oreskylaw\/","article_modified_time":"2026-01-30T13:54:35+00:00","og_image":[{"width":809,"height":331,"url":"https:\/\/oreskylaw.com\/wp-content\/uploads\/2026\/01\/abogados-de-accidentes-de-motocicleta.jpg","type":"image\/jpeg"}],"twitter_card":"summary_large_image","twitter_site":"@JacobOreskyLaw","twitter_misc":{"Tiempo de lectura":"8 minutos"},"schema":{"@context":"https:\/\/schema.org","@graph":[{"@type":"WebPage","@id":"https:\/\/oreskylaw.com\/es\/bronx\/abogados-de-accidentes-de-motocicleta\/","url":"https:\/\/oreskylaw.com\/es\/bronx\/abogados-de-accidentes-de-motocicleta\/","name":"Abogados de accidentes de motocicleta en el Bronx - Oresky & Associates, PLLC","isPartOf":{"@id":"https:\/\/oreskylaw.com\/es\/#website"},"primaryImageOfPage":{"@id":"https:\/\/oreskylaw.com\/es\/bronx\/abogados-de-accidentes-de-motocicleta\/#primaryimage"},"image":{"@id":"https:\/\/oreskylaw.com\/es\/bronx\/abogados-de-accidentes-de-motocicleta\/#primaryimage"},"thumbnailUrl":"https:\/\/oreskylaw.com\/wp-content\/uploads\/2026\/01\/abogados-de-accidentes-de-motocicleta.jpg","datePublished":"2026-01-19T06:18:15+00:00","dateModified":"2026-01-30T13:54:35+00:00","description":"Si ha resultado lesionado en un accidente de motocicleta en el Bronx, nuestros abogados expertos est\u00e1n listos para ayudarlo. Obtenga la m\u00e1xima compensaci\u00f3n: \u00a1llame ahora!","breadcrumb":{"@id":"https:\/\/oreskylaw.com\/es\/bronx\/abogados-de-accidentes-de-motocicleta\/#breadcrumb"},"inLanguage":"es","potentialAction":[{"@type":"ReadAction","target":["https:\/\/oreskylaw.com\/es\/bronx\/abogados-de-accidentes-de-motocicleta\/"]}]},{"@type":"ImageObject","inLanguage":"es","@id":"https:\/\/oreskylaw.com\/es\/bronx\/abogados-de-accidentes-de-motocicleta\/#primaryimage","url":"https:\/\/oreskylaw.com\/wp-content\/uploads\/2026\/01\/abogados-de-accidentes-de-motocicleta.jpg","contentUrl":"https:\/\/oreskylaw.com\/wp-content\/uploads\/2026\/01\/abogados-de-accidentes-de-motocicleta.jpg","width":809,"height":331},{"@type":"BreadcrumbList","@id":"https:\/\/oreskylaw.com\/es\/bronx\/abogados-de-accidentes-de-motocicleta\/#breadcrumb","itemListElement":[{"@type":"ListItem","position":1,"name":"Inicio","item":"https:\/\/oreskylaw.com\/es\/"},{"@type":"ListItem","position":2,"name":"Abogado de lesiones personales en el Bronx","item":"https:\/\/oreskylaw.com\/es\/bronx\/"},{"@type":"ListItem","position":3,"name":"Abogado de Accidentes de Motocicleta"}]},{"@type":"WebSite","@id":"https:\/\/oreskylaw.com\/es\/#website","url":"https:\/\/oreskylaw.com\/es\/","name":"Oresky & Associates PLLC","description":"","publisher":{"@id":"https:\/\/oreskylaw.com\/es\/#organization"},"potentialAction":[{"@type":"SearchAction","target":{"@type":"EntryPoint","urlTemplate":"https:\/\/oreskylaw.com\/es\/?s={search_term_string}"},"query-input":{"@type":"PropertyValueSpecification","valueRequired":true,"valueName":"search_term_string"}}],"inLanguage":"es"}]}},"_links":{"self":[{"href":"https:\/\/oreskylaw.com\/es\/wp-json\/wp\/v2\/pages\/18098","targetHints":{"allow":["GET"]}}],"collection":[{"href":"https:\/\/oreskylaw.com\/es\/wp-json\/wp\/v2\/pages"}],"about":[{"href":"https:\/\/oreskylaw.com\/es\/wp-json\/wp\/v2\/types\/page"}],"author":[{"embeddable":true,"href":"https:\/\/oreskylaw.com\/es\/wp-json\/wp\/v2\/users\/9"}],"replies":[{"embeddable":true,"href":"https:\/\/oreskylaw.com\/es\/wp-json\/wp\/v2\/comments?post=18098"}],"version-history":[{"count":0,"href":"https:\/\/oreskylaw.com\/es\/wp-json\/wp\/v2\/pages\/18098\/revisions"}],"up":[{"embeddable":true,"href":"https:\/\/oreskylaw.com\/es\/wp-json\/wp\/v2\/pages\/17391"}],"wp:featuredmedia":[{"embeddable":true,"href":"https:\/\/oreskylaw.com\/es\/wp-json\/wp\/v2\/media\/28004"}],"wp:attachment":[{"href":"https:\/\/oreskylaw.com\/es\/wp-json\/wp\/v2\/media?parent=18098"}],"curies":[{"name":"wp","href":"https:\/\/api.w.org\/{rel}","templated":true}]}}