{"id":18115,"date":"2025-12-08T02:28:38","date_gmt":"2025-12-08T02:28:38","guid":{"rendered":"https:\/\/oreskylaw.com\/?page_id=18115"},"modified":"2026-01-30T13:56:24","modified_gmt":"2026-01-30T13:56:24","slug":"abogados-de-abuso-en-residencias-de-ancianos","status":"publish","type":"page","link":"https:\/\/oreskylaw.com\/es\/bronx\/abogados-de-abuso-en-residencias-de-ancianos\/","title":{"rendered":"Abogado de Abuso en Hogares de Ancianos"},"content":{"rendered":"<p>\u00bfUsted o un miembro de su familia sufrieron abuso o negligencia en un hogar de ancianos en el Bronx, NY? P\u00f3ngase en contacto con\u00a0<a href=\"https:\/\/oreskylaw.com\/es\/\">Oresky &amp; Associates, PLLC<\/a>\u00a0para asistencia legal hoy mismo.<\/p>\n<p>Usted podr\u00eda tener derecho a una compensaci\u00f3n significativa. Un abogado con experiencia en abuso de ancianos en el Bronx le puede ayudar a recuperar compensaci\u00f3n por facturas m\u00e9dicas, salarios perdidos, dolor, sufrimiento y m\u00e1s.<\/p>\n<p>Nuestros abogados tienen m\u00e1s de 30 a\u00f1os de experiencia representando a v\u00edctimas de lesiones personales en NYC.<\/p>\n<p>Desde que fundamos nuestro bufete de abogados, hemos recuperado m\u00e1s de $400 millones en acuerdos y veredictos para nuestros clientes.<\/p>\n<p>Para aprender m\u00e1s sobre nuestro equipo, contacte nuestras oficinas legales en el Bronx, New York, para programar una consulta gratuita hoy.<\/p>\n<p><a href=\"https:\/\/oreskylaw.com\/es\/contacto\/\">Cont\u00e1ctenos<\/a>\u00a0al\u00a0<a href=\"tel:+19299304705\">(929) 930-4705<\/a>.<\/p>\n<h2>\u00bfC\u00f3mo Puede Ayudar Oresky &amp; Associates, PLLC Si Mi Ser Querido Fue V\u00edctima de Abuso en un Hogar de Ancianos en el Bronx?<\/h2>\n<p>Los hogares de ancianos son responsables de proporcionar a los residentes un entorno seguro. Adem\u00e1s de recibir cuidado y supervisi\u00f3n adecuados, los residentes tambi\u00e9n tienen derecho a ser tratados con dignidad y respeto. Cuando alguien que ama es abusado por un cuidador de confianza, un experimentado abogado de lesiones personales en el Bronx puede ayudarlo a luchar por justicia.<\/p>\n<p>Cuando contrata a Oresky &amp; Associates, PLLC tendr\u00e1 un abogado para:<\/p>\n<ul role=\"list\">\n<li>Investigar y determinar qui\u00e9n es responsable de pagar sus da\u00f1os<\/li>\n<li>Reunir evidencia s\u00f3lida para respaldar su reclamo<\/li>\n<li>Calcular el valor de su caso<\/li>\n<li>Trabajar con expertos de alto nivel que pueden ayudar a probar su caso<\/li>\n<li>Identificar todas las fuentes de cobertura de seguro<\/li>\n<li>Negociar con las compa\u00f1\u00edas de seguros y abogados defensores<\/li>\n<\/ul>\n<p>Nuestro abogado fundador ha sido calificado por Super Lawyers e incluido en la lista de \u00abNew York\u2019s Leading Personal Injury Lawyers\u00bb de la revista New York. Puede contar con nuestros abogados de lesiones personales en el Bronx para hacer todo lo posible para ayudar a su familia a recuperar la compensaci\u00f3n que necesita para seguir adelante. Simplemente ll\u00e1menos hoy para programar su consulta inicial gratuita.<\/p>\n<h2>\u00bfQu\u00e9 Tan Com\u00fan Es el Abuso en Hogares de Ancianos?<\/h2>\n<p>Seg\u00fan la Organizaci\u00f3n Mundial de la Salud (OMS), uno de cada seis adultos mayores ha admitido haber sido abusado en una instalaci\u00f3n de vida asistida. Sorprendentemente, dos de cada tres miembros del personal de hogares de ancianos admitieron haber cometido actos de abuso en el a\u00f1o anterior.<\/p>\n<p>Hay al menos 612 hogares de ancianos registrados en el Estado de New York. Seg\u00fan algunos estudios, al menos 260.000 residentes de hogares de ancianos fueron sujetos a alg\u00fan tipo de abuso en el a\u00f1o anterior.<\/p>\n<p>Si usted o un ser querido fueron v\u00edctimas de abuso o negligencia en un hogar de ancianos, nuestros abogados en el Bronx est\u00e1n aqu\u00ed para luchar por usted. Contacte a Oresky &amp; Associates, PLLC para aprender m\u00e1s sobre sus opciones legales. Ofrecemos una revisi\u00f3n gratuita de casos, as\u00ed que no dude en llamar a nuestros abogados de abuso en hogares de ancianos en el Bronx hoy.<\/p>\n    <div class=\"cw-cta-box\">\n        <div class=\"cw-cta-box__inner \">\n            <div class=\"cw-cta-box__info\">\n                                    <div class=\"label\">\u00a1Llame ahora!<\/div>\n                            <\/div>\n                            <div class=\"contact-phone\">\n                    <a href=\"tel:7189939999\"\n                        aria-label=\"Tap to call button\">\n                        718-993-9999                    <\/a>\n                <\/div>\n                    <\/div>\n                    <a href=\"\/es\/contacto\/\"\n               class=\"cta-btn btn btn--primary btn\"\n               target=\"\">\n                Obtenga Una Consulta Gratuita            <\/a>\n            <\/div>\n    \n<h2>Nuestros Abogados Manejan Todo Tipo de Casos de Abuso y Negligencia en Hogares de Ancianos<\/h2>\n<p>Hay muchos tipos diferentes de abuso en hogares de ancianos y de ancianos.<\/p>\n<p>Nuestros abogados manejan todos los tipos de casos de abuso en hogares de ancianos, incluyendo aquellos que involucran:<\/p>\n<ul>\n<li>Abuso f\u00edsico<\/li>\n<li>Abuso sexual<\/li>\n<li>Abuso emocional<\/li>\n<li>Explotaci\u00f3n financiera<\/li>\n<li>Negligencia o negligencia en hogares de ancianos<\/li>\n<\/ul>\n<p>Cualquier forma de abuso en hogares de ancianos puede ser devastadora para la v\u00edctima. Si sospecha que su ser querido est\u00e1 siendo abusado en una instituci\u00f3n de cuidado a largo plazo, contacte a nuestro bufete de abogados en el Bronx de inmediato. Haremos todo lo posible para ayudarle a detener el abuso y responsabilizar a las partes responsables.<\/p>\n<h2>\u00bfCu\u00e1nta Compensaci\u00f3n Puedo Recuperar al Presentar una Demanda por Abuso en Hogares de Ancianos en el Bronx?<\/h2>\n<p>El valor de su caso puede depender de muchos factores diferentes.<\/p>\n<p>Cuando nuestros abogados est\u00e1n construyendo nuestro caso, evaluaremos:<\/p>\n<ul>\n<li>El costo de su tratamiento m\u00e9dico y gastos incurridos debido al abuso<\/li>\n<li>La naturaleza de las acciones de la parte culpable<\/li>\n<li>C\u00f3mo el abuso afect\u00f3 la salud f\u00edsica y emocional de su ser querido<\/li>\n<li>C\u00f3mo el abuso afectar\u00e1 la calidad de vida de su ser querido<\/li>\n<\/ul>\n<p>Ninguna demanda por lesiones personales es exactamente igual. Nuestros abogados revisar\u00e1n cuidadosamente su caso y traer\u00e1n expertos seg\u00fan sea necesario para probar sus da\u00f1os.<\/p>\n<h2>\u00bfQu\u00e9 Tipos de Da\u00f1os Est\u00e1n Disponibles para las V\u00edctimas de Abuso en Hogares de Ancianos en el Bronx?<\/h2>\n<p>En New York, las v\u00edctimas de abuso en hogares de ancianos pueden recibir compensaci\u00f3n por sus da\u00f1os econ\u00f3micos y no econ\u00f3micos.<\/p>\n<h3>Da\u00f1os Econ\u00f3micos<\/h3>\n<p>Los da\u00f1os econ\u00f3micos compensan las p\u00e9rdidas financieras que sufre debido al abuso, como:<\/p>\n<ul>\n<li>Gastos m\u00e9dicos pasados y futuros<\/li>\n<li>El costo de trasladar a su ser querido a un hogar de ancianos seguro<\/li>\n<li>Sus salarios perdidos mientras asiste a su familiar<\/li>\n<li>Rehabilitaci\u00f3n<\/li>\n<li>Restituci\u00f3n en casos de abuso financiero<\/li>\n<\/ul>\n<h3>Da\u00f1os No Econ\u00f3micos<\/h3>\n<p>Los da\u00f1os no econ\u00f3micos compensan las p\u00e9rdidas \u00abinvisibles\u00bb que su familia ha sufrido debido al abuso.<\/p>\n<p>Ejemplos de da\u00f1os no econ\u00f3micos incluyen:<\/p>\n<div class=\"row\">\n<ul class=\"col-xl-6\">\n<li>Dolor y sufrimiento<\/li>\n<li>Angustia emocional<\/li>\n<li>Depresi\u00f3n<\/li>\n<li>Ansiedad<\/li>\n<\/ul>\n<ul class=\"col-xl-6\">\n<li>TEPT<\/li>\n<li>Calidad de vida disminuida<\/li>\n<li>Verg\u00fcenza y humillaci\u00f3n<\/li>\n<li>Expectativa de vida reducida<\/li>\n<\/ul>\n<\/div>\n<h3>Da\u00f1os Punitivos<\/h3>\n<p>Tambi\u00e9n es posible que la parte abusiva o el hogar de ancianos sean responsables por da\u00f1os punitivos. Estos da\u00f1os se otorgan solo para castigar al demandado. Si bien rara vez est\u00e1n disponibles, pueden ser apropiados si el demandado es culpable de mala conducta intencional o negligencia grave.<\/p>\n<h2>El Abuso en Hogares de Ancianos Puede Causar Da\u00f1os Devastadores<\/h2>\n<p><img loading=\"lazy\" decoding=\"async\" class=\"size-full wp-image-12339 alignright\" src=\"https:\/\/oreskylaw.com\/wp-content\/uploads\/2026\/01\/How-Oresky-Associates-PLLC-Can-Help-With-a-Child-Injury-Claim-in-the-Bronx.webp\" alt=\"construction accident attorney bronx ny\" width=\"300\" height=\"200\" \/>El da\u00f1o causado por el abuso en hogares de ancianos puede atormentar a su familia durante a\u00f1os.<\/p>\n<p>Algunas de las consecuencias a largo plazo m\u00e1s comunes del abuso incluyen:<\/p>\n<ul>\n<li>Desarrollo de condiciones m\u00e9dicas adicionales<\/li>\n<li>Depresi\u00f3n severa<\/li>\n<li>\u00dalceras de presi\u00f3n e infecciones<\/li>\n<li>Inseguridad financiera<\/li>\n<li>Expectativa de vida reducida<\/li>\n<li>P\u00e9rdida del disfrute de la vida<\/li>\n<li>Muerte por negligencia de su ser querido<\/li>\n<\/ul>\n<p>La gravedad de estas consecuencias no debe ser ignorada. Nuestros abogados est\u00e1n aqu\u00ed para ayudarlo a luchar para recuperar la m\u00e1xima compensaci\u00f3n posible. Ll\u00e1menos hoy para obtener m\u00e1s informaci\u00f3n sobre c\u00f3mo podemos ayudar a construir su caso.<\/p>\n","protected":false},"excerpt":{"rendered":"<p>\u00bfUsted o un miembro de su familia sufrieron abuso o negligencia en un hogar de ancianos en el Bronx, NY? P\u00f3ngase en contacto con\u00a0Oresky &amp; Associates, PLLC\u00a0para asistencia legal hoy mismo. Usted podr\u00eda tener derecho a una compensaci\u00f3n significativa. Un abogado con experiencia en abuso de ancianos en el Bronx le puede ayudar a recuperar [&hellip;]<\/p>\n","protected":false},"author":9,"featured_media":23918,"parent":17391,"menu_order":74,"comment_status":"closed","ping_status":"closed","template":"practice-area.php","meta":{"_acf_changed":false,"footnotes":""},"class_list":["post-18115","page","type-page","status-publish","has-post-thumbnail","hentry"],"acf":[],"yoast_head":"<!-- This site is optimized with the Yoast SEO plugin v27.3 - https:\/\/yoast.com\/product\/yoast-seo-wordpress\/ -->\n<title>Abogado Especializado en Abuso en Hogares de Ancianos, Bronx - Oresky &amp; Associates, PLLC<\/title>\n<meta name=\"description\" content=\"Si su ser querido fue v\u00edctima de abuso en un asilo de ancianos en el Bronx, nuestro abogado de lesiones personales puede ayudarle. Ll\u00e1menos hoy mismo.\" \/>\n<meta name=\"robots\" content=\"index, follow, max-snippet:-1, max-image-preview:large, max-video-preview:-1\" \/>\n<link rel=\"canonical\" href=\"https:\/\/oreskylaw.com\/es\/bronx\/abogados-de-abuso-en-residencias-de-ancianos\/\" \/>\n<meta property=\"og:locale\" content=\"es_ES\" \/>\n<meta property=\"og:type\" content=\"article\" \/>\n<meta property=\"og:title\" content=\"Abogado Especializado en Abuso en Hogares de Ancianos, Bronx - Oresky &amp; Associates, PLLC\" \/>\n<meta property=\"og:description\" content=\"Si su ser querido fue v\u00edctima de abuso en un asilo de ancianos en el Bronx, nuestro abogado de lesiones personales puede ayudarle. Ll\u00e1menos hoy mismo.\" \/>\n<meta property=\"og:url\" content=\"https:\/\/oreskylaw.com\/es\/bronx\/abogados-de-abuso-en-residencias-de-ancianos\/\" \/>\n<meta property=\"og:site_name\" content=\"Oresky &amp; Associates, PLLC\" \/>\n<meta property=\"article:publisher\" content=\"https:\/\/www.facebook.com\/Oreskylaw\/\" \/>\n<meta property=\"article:modified_time\" content=\"2026-01-30T13:56:24+00:00\" \/>\n<meta property=\"og:image\" content=\"https:\/\/oreskylaw.com\/wp-content\/uploads\/2026\/01\/nursing-home-abuse-lawyers.png\" \/>\n\t<meta property=\"og:image:width\" content=\"810\" \/>\n\t<meta property=\"og:image:height\" content=\"330\" \/>\n\t<meta property=\"og:image:type\" content=\"image\/png\" \/>\n<meta name=\"twitter:card\" content=\"summary_large_image\" \/>\n<meta name=\"twitter:site\" content=\"@JacobOreskyLaw\" \/>\n<meta name=\"twitter:label1\" content=\"Tiempo de lectura\" \/>\n\t<meta name=\"twitter:data1\" content=\"5 minutos\" \/>\n<!-- \/ Yoast SEO plugin. -->","yoast_head_json":{"title":"Abogado Especializado en Abuso en Hogares de Ancianos, Bronx - Oresky & Associates, PLLC","description":"Si su ser querido fue v\u00edctima de abuso en un asilo de ancianos en el Bronx, nuestro abogado de lesiones personales puede ayudarle. Ll\u00e1menos hoy mismo.","robots":{"index":"index","follow":"follow","max-snippet":"max-snippet:-1","max-image-preview":"max-image-preview:large","max-video-preview":"max-video-preview:-1"},"canonical":"https:\/\/oreskylaw.com\/es\/bronx\/abogados-de-abuso-en-residencias-de-ancianos\/","og_locale":"es_ES","og_type":"article","og_title":"Abogado Especializado en Abuso en Hogares de Ancianos, Bronx - Oresky & Associates, PLLC","og_description":"Si su ser querido fue v\u00edctima de abuso en un asilo de ancianos en el Bronx, nuestro abogado de lesiones personales puede ayudarle. Ll\u00e1menos hoy mismo.","og_url":"https:\/\/oreskylaw.com\/es\/bronx\/abogados-de-abuso-en-residencias-de-ancianos\/","og_site_name":"Oresky &amp; Associates, PLLC","article_publisher":"https:\/\/www.facebook.com\/Oreskylaw\/","article_modified_time":"2026-01-30T13:56:24+00:00","og_image":[{"width":810,"height":330,"url":"https:\/\/oreskylaw.com\/wp-content\/uploads\/2026\/01\/nursing-home-abuse-lawyers.png","type":"image\/png"}],"twitter_card":"summary_large_image","twitter_site":"@JacobOreskyLaw","twitter_misc":{"Tiempo de lectura":"5 minutos"},"schema":{"@context":"https:\/\/schema.org","@graph":[{"@type":"WebPage","@id":"https:\/\/oreskylaw.com\/es\/bronx\/abogados-de-abuso-en-residencias-de-ancianos\/","url":"https:\/\/oreskylaw.com\/es\/bronx\/abogados-de-abuso-en-residencias-de-ancianos\/","name":"Abogado Especializado en Abuso en Hogares de Ancianos, Bronx - Oresky & Associates, PLLC","isPartOf":{"@id":"https:\/\/oreskylaw.com\/es\/#website"},"primaryImageOfPage":{"@id":"https:\/\/oreskylaw.com\/es\/bronx\/abogados-de-abuso-en-residencias-de-ancianos\/#primaryimage"},"image":{"@id":"https:\/\/oreskylaw.com\/es\/bronx\/abogados-de-abuso-en-residencias-de-ancianos\/#primaryimage"},"thumbnailUrl":"https:\/\/oreskylaw.com\/wp-content\/uploads\/2026\/01\/nursing-home-abuse-lawyers.png","datePublished":"2025-12-08T02:28:38+00:00","dateModified":"2026-01-30T13:56:24+00:00","description":"Si su ser querido fue v\u00edctima de abuso en un asilo de ancianos en el Bronx, nuestro abogado de lesiones personales puede ayudarle. Ll\u00e1menos hoy mismo.","breadcrumb":{"@id":"https:\/\/oreskylaw.com\/es\/bronx\/abogados-de-abuso-en-residencias-de-ancianos\/#breadcrumb"},"inLanguage":"es","potentialAction":[{"@type":"ReadAction","target":["https:\/\/oreskylaw.com\/es\/bronx\/abogados-de-abuso-en-residencias-de-ancianos\/"]}]},{"@type":"ImageObject","inLanguage":"es","@id":"https:\/\/oreskylaw.com\/es\/bronx\/abogados-de-abuso-en-residencias-de-ancianos\/#primaryimage","url":"https:\/\/oreskylaw.com\/wp-content\/uploads\/2026\/01\/nursing-home-abuse-lawyers.png","contentUrl":"https:\/\/oreskylaw.com\/wp-content\/uploads\/2026\/01\/nursing-home-abuse-lawyers.png","width":810,"height":330,"caption":"nursing home patient"},{"@type":"BreadcrumbList","@id":"https:\/\/oreskylaw.com\/es\/bronx\/abogados-de-abuso-en-residencias-de-ancianos\/#breadcrumb","itemListElement":[{"@type":"ListItem","position":1,"name":"Inicio","item":"https:\/\/oreskylaw.com\/es\/"},{"@type":"ListItem","position":2,"name":"Abogado de lesiones personales en el Bronx","item":"https:\/\/oreskylaw.com\/es\/bronx\/"},{"@type":"ListItem","position":3,"name":"Abogado de Abuso en Hogares de Ancianos"}]},{"@type":"WebSite","@id":"https:\/\/oreskylaw.com\/es\/#website","url":"https:\/\/oreskylaw.com\/es\/","name":"Oresky & Associates PLLC","description":"","publisher":{"@id":"https:\/\/oreskylaw.com\/es\/#organization"},"potentialAction":[{"@type":"SearchAction","target":{"@type":"EntryPoint","urlTemplate":"https:\/\/oreskylaw.com\/es\/?s={search_term_string}"},"query-input":{"@type":"PropertyValueSpecification","valueRequired":true,"valueName":"search_term_string"}}],"inLanguage":"es"}]}},"_links":{"self":[{"href":"https:\/\/oreskylaw.com\/es\/wp-json\/wp\/v2\/pages\/18115","targetHints":{"allow":["GET"]}}],"collection":[{"href":"https:\/\/oreskylaw.com\/es\/wp-json\/wp\/v2\/pages"}],"about":[{"href":"https:\/\/oreskylaw.com\/es\/wp-json\/wp\/v2\/types\/page"}],"author":[{"embeddable":true,"href":"https:\/\/oreskylaw.com\/es\/wp-json\/wp\/v2\/users\/9"}],"replies":[{"embeddable":true,"href":"https:\/\/oreskylaw.com\/es\/wp-json\/wp\/v2\/comments?post=18115"}],"version-history":[{"count":0,"href":"https:\/\/oreskylaw.com\/es\/wp-json\/wp\/v2\/pages\/18115\/revisions"}],"up":[{"embeddable":true,"href":"https:\/\/oreskylaw.com\/es\/wp-json\/wp\/v2\/pages\/17391"}],"wp:featuredmedia":[{"embeddable":true,"href":"https:\/\/oreskylaw.com\/es\/wp-json\/wp\/v2\/media\/23918"}],"wp:attachment":[{"href":"https:\/\/oreskylaw.com\/es\/wp-json\/wp\/v2\/media?parent=18115"}],"curies":[{"name":"wp","href":"https:\/\/api.w.org\/{rel}","templated":true}]}}