{"id":18133,"date":"2025-12-08T02:28:57","date_gmt":"2025-12-08T02:28:57","guid":{"rendered":"https:\/\/oreskylaw.com\/?page_id=18133"},"modified":"2026-01-30T14:00:03","modified_gmt":"2026-01-30T14:00:03","slug":"abogados-de-accidentes-de-coche-en-estacionamientos","status":"publish","type":"page","link":"https:\/\/oreskylaw.com\/es\/bronx\/abogados-de-accidentes-de-coche-en-estacionamientos\/","title":{"rendered":"Abogado Especialista en Accidentes en Estacionamientos"},"content":{"rendered":"<p>Si sufri\u00f3 lesiones en un accidente en un estacionamiento en el Bronx, NY, es posible que tenga derecho a recibir una compensaci\u00f3n por sus lesiones. Nuestros abogados en\u00a0<strong>Oresky &amp; Associates, PLLC<\/strong>, est\u00e1n aqu\u00ed para defenderlo. Con m\u00e1s de 30 a\u00f1os de experiencia en derecho de lesiones personales, nuestros\u00a0<a href=\"https:\/\/oreskylaw.com\/es\/bronx\/\">abogados de lesiones personales en el Bronx<\/a>\u00a0saben c\u00f3mo obtener resultados. Obtenga una\u00a0<strong>consulta gratuita <\/strong>con nuestro equipo legal llamando al\u00a0<strong>(929) 930-4705<\/strong>\u00a0para que podamos revisar su caso y ofrecerle asesor\u00eda legal preliminar.<\/p>\n<h2>Abogados Confiables de Accidentes en Estacionamientos en el Bronx<\/h2>\n<p>Los accidentes en estacionamientos pueden afectar a conductores, pasajeros, ciclistas y peatones. Para muchos, son m\u00e1s que peque\u00f1os choques. Los accidentes en estacionamientos y garajes causan <a href=\"https:\/\/www.nsc.org\/road\/safety-topics\/distracted-driving\/parking-lot-safety?srsltid=AfmBOorI-d5CustAkqWUz6lEsSgdHFx-eIcEmL3oIkWTbuX6n4fx-JBF\" target=\"_blank\" rel=\"nofollow noopener noreferrer\">muertes y lesiones<\/a>\u00a0cada a\u00f1o en todo el pa\u00eds.<\/p>\n<p>Ya sea que usted fuera peat\u00f3n, ciclista, pasajero o conductor de un veh\u00edculo, si otro conductor lo atropell\u00f3 en un estacionamiento, nuestros abogados de accidentes en estacionamientos en el Bronx est\u00e1n comprometidos a ayudarlo a ejercer sus derechos y a obtener una compensaci\u00f3n justa. Logramos esto mediante:<\/p>\n<ul>\n<li><strong>Realizar una evaluaci\u00f3n y una investigaci\u00f3n gratuitas del caso:\u00a0<\/strong>Cuando llame, evaluamos su caso de manera gratuita para que comprenda sus derechos.<\/li>\n<li><strong>Investigar su caso:\u00a0<\/strong>Recuperamos y revisamos las pruebas para identificar a la parte negligente y construir un caso que demuestre su responsabilidad.<\/li>\n<li><strong>Buscar compensaci\u00f3n:\u00a0<\/strong>Oresky &amp; Associates, PLLC, ha\u00a0recuperado m\u00e1s de $500 millones\u00a0en acuerdos y veredictos para nuestros clientes. Buscaremos un acuerdo o compensaci\u00f3n que cubra sus p\u00e9rdidas.<\/li>\n<li><strong>Mantener el contacto sobre su caso:\u00a0<\/strong>El proceso legal es agotador, pero nuestros abogados de accidentes en estacionamientos en la ciudad de Nueva York responder\u00e1n todas sus preguntas y le explicar\u00e1n todo.<\/li>\n<\/ul>\n<p>Somos negociadores duros y agresivos, pero si la compa\u00f1\u00eda de seguros no ofrece un acuerdo justo, no nos detendremos ah\u00ed. Llevaremos su caso a juicio y lo representaremos en el tribunal.<\/p>\n<h2>\u00bfQu\u00e9 Da\u00f1os Puedo Recuperar como V\u00edctima de un Accidente en un Estacionamiento?<\/h2>\n<p><img loading=\"lazy\" decoding=\"async\" class=\"size-medium wp-image-12355 alignright\" src=\"https:\/\/oreskylaw.com\/wp-content\/uploads\/2026\/01\/what-damages-can-i-recover-as-a-parking-lot-crash-victim-300x198.webp\" alt=\"foot injury\" width=\"300\" height=\"198\" srcset=\"https:\/\/oreskylaw.com\/wp-content\/uploads\/2026\/01\/what-damages-can-i-recover-as-a-parking-lot-crash-victim-300x198.webp 300w, https:\/\/oreskylaw.com\/wp-content\/uploads\/2026\/01\/what-damages-can-i-recover-as-a-parking-lot-crash-victim-768x508.webp 768w, https:\/\/oreskylaw.com\/wp-content\/uploads\/2026\/01\/what-damages-can-i-recover-as-a-parking-lot-crash-victim-360x238.webp 360w, https:\/\/oreskylaw.com\/wp-content\/uploads\/2026\/01\/what-damages-can-i-recover-as-a-parking-lot-crash-victim.webp 900w\" sizes=\"auto, (max-width: 300px) 100vw, 300px\" \/>Los conductores que no tienen precauci\u00f3n en un estacionamiento pueden causar lesiones graves. Conducir a exceso de velocidad, mirar el tel\u00e9fono o manejar descuidadamente en un estacionamiento pone a todos en riesgo. Incluso los accidentes a baja velocidad pueden causar lesiones graves, especialmente a peatones y ciclistas.<\/p>\n<ul>\n<li>Lesiones de espalda y columna<\/li>\n<li>Lesiones cerebrales traum\u00e1ticas<\/li>\n<li>Fracturas \u00f3seas<\/li>\n<li>Laceraciones<\/li>\n<li>Da\u00f1os a \u00f3rganos<\/li>\n<\/ul>\n<p>Si sufri\u00f3 lesiones, busque ayuda m\u00e9dica de inmediato y luego hable con nuestro bufete de abogados en el Bronx sobre sus derechos. Usted merece una compensaci\u00f3n por las p\u00e9rdidas financieras y de otro tipo relacionadas con sus lesiones. En casos de lesiones personales, como accidentes automovil\u00edsticos, los da\u00f1os suelen dividirse en dos categor\u00edas: da\u00f1os econ\u00f3micos y da\u00f1os no econ\u00f3micos.<\/p>\n<h3>Da\u00f1os Econ\u00f3micos<\/h3>\n<p>Los\u00a0<a href=\"https:\/\/oreskylaw.com\/es\/blog\/lesiones-personales-danos-economicos\/\">da\u00f1os econ\u00f3micos<\/a>\u00a0compensan las p\u00e9rdidas financieras incurridas como resultado directo del accidente. Estos da\u00f1os pueden incluir:<\/p>\n<div class=\"row\">\n<ul class=\"col-xl-6\">\n<li>Gastos m\u00e9dicos<\/li>\n<li>Ingresos perdidos<\/li>\n<li>Beneficios de sindicato perdidos<\/li>\n<li>Rehabilitaci\u00f3n<\/li>\n<li>Equipo m\u00e9dico<\/li>\n<\/ul>\n<ul class=\"col-xl-6\">\n<li>Medicamentos<\/li>\n<li>Transporte<\/li>\n<li>Cuidado de enfermer\u00eda en el hogar<\/li>\n<li>Da\u00f1os a la propiedad<\/li>\n<\/ul>\n<\/div>\n<p>Recuerde que esta no es una lista completa. Nuestros abogados de accidentes en estacionamientos considerar\u00e1n todo al negociar su acuerdo.<\/p>\n<h3>Da\u00f1os No Econ\u00f3micos<\/h3>\n<p>Los da\u00f1os no econ\u00f3micos compensan las p\u00e9rdidas que pueden ser dif\u00edciles de cuantificar financieramente. Ejemplos de estos da\u00f1os incluyen:<\/p>\n<div class=\"row\">\n<ul class=\"col-xl-6\">\n<li>Dolor y sufrimiento pasado, actual y futuro<\/li>\n<li>Angustia emocional<\/li>\n<li>Desfiguraci\u00f3n<\/li>\n<\/ul>\n<ul class=\"col-xl-6\">\n<li>Vivir con una discapacidad<\/li>\n<li>Reducci\u00f3n de la calidad de vida<\/li>\n<li>Angustia mental<\/li>\n<\/ul>\n<\/div>\n<p>Estas lesiones menos tangibles son igual de importantes. Pueden tener un gran impacto en su vida, al igual que cualquier lesi\u00f3n f\u00edsica, y usted merece una compensaci\u00f3n por ellas.<\/p>\n<h3>\u00bfPuede Recuperar Da\u00f1os Si le Echan la Culpa de un Accidente en un Estacionamiento en el Bronx?<\/h3>\n<p>La ley de Nueva York (CPLR\u00a0<a href=\"https:\/\/www.nysenate.gov\/legislation\/laws\/CVP\/1411\" target=\"_blank\" rel=\"nofollow noopener noreferrer\">1411<\/a>) permite que las personas lesionadas en un accidente busquen compensaci\u00f3n, incluso si contribuyeron al accidente. Sin embargo, sus da\u00f1os se reducir\u00e1n a medida que aumente su parte de responsabilidad. Por esta raz\u00f3n, es importante trabajar con nuestros abogados de accidentes en estacionamientos de la ciudad de Nueva York para que podamos contrarrestar las acusaciones de culpa compartida y buscar la cantidad total de da\u00f1os que necesita y merece.<\/p>\n    <div class=\"cw-cta-box\">\n        <div class=\"cw-cta-box__inner \">\n            <div class=\"cw-cta-box__info\">\n                                    <div class=\"label\">\u00a1Llame ahora!<\/div>\n                            <\/div>\n                            <div class=\"contact-phone\">\n                    <a href=\"tel:7189939999\"\n                        aria-label=\"Tap to call button\">\n                        718-993-9999                    <\/a>\n                <\/div>\n                    <\/div>\n                    <a href=\"\/es\/contacto\/\"\n               class=\"cta-btn btn btn--primary btn\"\n               target=\"\">\n                Obtenga Una Consulta Gratuita            <\/a>\n            <\/div>\n    \n<h2>Nuestros Abogados de Accidentes en el Bronx Manejan Estos Casos de Lesiones por Colisiones en Estacionamientos<\/h2>\n<p>Algunos conductores creen err\u00f3neamente que conducir a baja velocidad en un estacionamiento es seguro. Esto podr\u00eda resultar en una menor vigilancia y menos conciencia de su entorno. Es posible que tengan m\u00e1s probabilidades de usar su tel\u00e9fono en un estacionamiento, por ejemplo. Nuestros abogados de accidentes en estacionamientos en Nueva York est\u00e1n preparados para responsabilizar a los conductores por comportamientos negligentes que causan accidentes:<\/p>\n<ul>\n<li><strong>Retroceso inseguro:<\/strong>\u00a0Un conductor sale de un espacio sin verificar si el camino est\u00e1 despejado, golpeando a un veh\u00edculo, ciclista o peat\u00f3n. El retroceso inseguro caus\u00f3 46 accidentes en el Bronx en julio de 2024.<\/li>\n<li><strong>Conducci\u00f3n distra\u00edda:\u00a0<\/strong>Un conductor no est\u00e1 prestando atenci\u00f3n a su entorno, en cuyo caso nuestros\u00a0<a href=\"https:\/\/oreskylaw.com\/es\/bronx\/abogados-de-accidentes-por-conduccion-distraida\/\">abogados de accidentes por conducci\u00f3n distra\u00edda en el Bronx<\/a>\u00a0los responsabilizar\u00e1n.<\/li>\n<li><strong>Exceso de velocidad:<\/strong>\u00a0Un conductor maniobra por el estacionamiento o garaje a una velocidad insegura. Nuestros\u00a0<a href=\"https:\/\/oreskylaw.com\/es\/bronx\/abogados-de-accidentes-por-exceso-de-velocidad\/\">abogados de accidentes por exceso de velocidad en el Bronx<\/a>\u00a0est\u00e1n listos para ayudarlo.<\/li>\n<li><strong>Ignorar el control de tr\u00e1fico:\u00a0<\/strong>Un conductor ignora las se\u00f1ales de tr\u00e1fico, como se\u00f1ales de alto o de ceda el paso, que indican respetar los derechos de los dem\u00e1s.<\/li>\n<li><strong>Conducir en sentido contrario:\u00a0<\/strong>El conductor va en la direcci\u00f3n incorrecta por un carril del estacionamiento, a pesar de que la direcci\u00f3n correcta est\u00e1 marcada con una se\u00f1al o flecha visible.<\/li>\n<li><strong>Conducir bajo los efectos del alcohol o drogas:\u00a0<\/strong>Un conductor est\u00e1 ebrio o drogado, por lo que su capacidad para tomar buenas decisiones y obedecer la ley est\u00e1 deteriorada.<\/li>\n<\/ul>\n<h2>\u00bfQui\u00e9n es Responsable de un Accidente de Auto en un Estacionamiento en el Bronx?<\/h2>\n<p><img loading=\"lazy\" decoding=\"async\" class=\"size-medium wp-image-12360 alignright\" src=\"https:\/\/oreskylaw.com\/wp-content\/uploads\/2026\/01\/who-is-liable-for-a-parking-lot-car-accident-in-the-bronx-300x200.webp\" alt=\"parking lot accidents\" width=\"300\" height=\"200\" srcset=\"https:\/\/oreskylaw.com\/wp-content\/uploads\/2026\/01\/who-is-liable-for-a-parking-lot-car-accident-in-the-bronx-300x200.webp 300w, https:\/\/oreskylaw.com\/wp-content\/uploads\/2026\/01\/who-is-liable-for-a-parking-lot-car-accident-in-the-bronx-768x512.webp 768w, https:\/\/oreskylaw.com\/wp-content\/uploads\/2026\/01\/who-is-liable-for-a-parking-lot-car-accident-in-the-bronx.webp 900w\" sizes=\"auto, (max-width: 300px) 100vw, 300px\" \/>Como muestran los ejemplos anteriores, la parte responsable puede ser:<\/p>\n<ul>\n<li><strong>Los conductores involucrados:\u00a0<\/strong>Veh\u00edculos, carritos de compras y familias caminando hacen de los estacionamientos \u00e1reas de tr\u00e1fico pesado que requieren cuidado adicional para navegar de manera segura.<\/li>\n<li><strong>El due\u00f1o\/operador del estacionamiento:<\/strong>\u00a0Es su trabajo mantener el estacionamiento bien iluminado, seguro y adecuado para conductores, peatones y ciclistas.<\/li>\n<li><strong>El empleador de un conductor:<\/strong>\u00a0Por ejemplo, si fue atropellado por el conductor de un cami\u00f3n de reparto, nuestros abogados de accidentes responsabilizar\u00e1n tanto al conductor como a la empresa de transporte.<\/li>\n<\/ul>\n<h2>Qu\u00e9 Hacer Despu\u00e9s de un Accidente en un Estacionamiento en el Bronx<\/h2>\n<p>Cada uno de los siguientes pasos le ayudar\u00e1 a protegerse hasta que nuestros abogados de lesiones personales puedan proporcionarle asesor\u00eda personalizada:<\/p>\n<ul>\n<li><strong>Aseg\u00farese de estar seguro:<\/strong>\u00a0Salga del flujo de tr\u00e1fico y llame al 911.<\/li>\n<li><strong>Obtenga ayuda m\u00e9dica:<\/strong>\u00a0Si necesita atenci\u00f3n de emergencia, solic\u00edtela en el lugar o vaya al hospital. De lo contrario, programe una cita con su m\u00e9dico de inmediato.<\/li>\n<li><strong>Reporte el accidente:\u00a0<\/strong>Cuando llegue la polic\u00eda, crear\u00e1n un informe que su abogado podr\u00e1 usar para construir su caso.<\/li>\n<li><strong>Re\u00fana informaci\u00f3n de otras partes:<\/strong>\u00a0Si es posible, obtenga el nombre y la informaci\u00f3n del seguro del conductor, as\u00ed como los datos de contacto de los testigos.<\/li>\n<li><strong>Documente la escena del accidente:<\/strong>\u00a0Tome fotos o videos del estacionamiento, los veh\u00edculos y personas involucradas y de sus lesiones.<\/li>\n<li><strong>Preserve la evidencia:\u00a0<\/strong>Guarde todas las facturas, recibos y comunicaciones de otras partes.<\/li>\n<li><strong>Consulte con nuestros abogados de accidentes en el Bronx:\u00a0<\/strong>Le informaremos sobre sus derechos, le ayudaremos a presentar una reclamaci\u00f3n de seguro y buscaremos da\u00f1os de la parte culpable.<\/li>\n<\/ul>\n<h2>Accidentes de Auto en el Bronx: Leyes de Choques en Estacionamientos<\/h2>\n<p>Si un conductor viola leyes dise\u00f1adas para mantener la seguridad en estacionamientos, utilizaremos su violaci\u00f3n para demostrar su responsabilidad en el accidente. Por ejemplo, la\u00a0<a href=\"https:\/\/www.nysenate.gov\/legislation\/laws\/VAT\/1211\" target=\"_blank\" rel=\"nofollow noopener noreferrer\">VTL 1211(a)<\/a>\u00a0establece que los conductores solo pueden retroceder cuando saben que es seguro. Si un conductor lo atropell\u00f3 al retroceder, puede estar violando esta ley.<\/p>\n<p>Otra ley, la\u00a0<a href=\"https:\/\/www.nysenate.gov\/legislation\/laws\/VAT\/1110\" target=\"_blank\" rel=\"nofollow noopener noreferrer\">VTL 1110<\/a>, exige que los conductores obedezcan las se\u00f1ales de tr\u00e1fico en todo momento. Si un conductor ignor\u00f3 las se\u00f1ales de control de tr\u00e1fico en un estacionamiento, puede estar violando esta ley. Los abogados de accidentes en estacionamientos de\u00a0<strong>Oresky &amp; Associates, PLLC<\/strong>, conocen las leyes estatales dise\u00f1adas para proteger a las personas en estacionamientos y le explicar\u00e1n c\u00f3mo estas y otras leyes se aplican a su caso.<\/p>\n<h2>Qu\u00e9 Acci\u00f3n Legal Tomar Despu\u00e9s de un Accidente en un Estacionamiento<\/h2>\n<p>Las v\u00edctimas de accidentes en estacionamientos pueden tener varias opciones para recuperar compensaci\u00f3n. Estas opciones suelen ser dif\u00edciles de entender, especialmente si la compa\u00f1\u00eda de seguros se resiste a pagar. Nuestros abogados de accidentes en estacionamientos le explicar\u00e1n todo. Algunas de sus opciones pueden incluir:<\/p>\n<ul>\n<li>Presentar una reclamaci\u00f3n con su seguro de protecci\u00f3n contra lesiones personales (PIP) para reembolsarse las facturas m\u00e9dicas, independientemente de la culpa.<\/li>\n<li>Presentar una reclamaci\u00f3n de responsabilidad con la compa\u00f1\u00eda de seguros de la parte negligente para obtener compensaci\u00f3n por da\u00f1os econ\u00f3micos y no econ\u00f3micos.<\/li>\n<li>Presentar una reclamaci\u00f3n con su cobertura de conductor sin seguro, si la parte culpable no tiene seguro o huy\u00f3 de la escena.<\/li>\n<li>Presentar una reclamaci\u00f3n con la Corporaci\u00f3n de Indemnizaci\u00f3n por Accidentes de Veh\u00edculos a Motor (MVAIC) si los veh\u00edculos no est\u00e1n asegurados.<\/li>\n<\/ul>\n<p>Seg\u00fan su caso, m\u00faltiples opciones pueden estar disponibles. Tambi\u00e9n podemos presentar una demanda si es necesario para recuperar la compensaci\u00f3n que merece. Cuanto antes llame, antes podr\u00e1 seguir adelante y dejar atr\u00e1s este accidente.<\/p>\n","protected":false},"excerpt":{"rendered":"<p>Si sufri\u00f3 lesiones en un accidente en un estacionamiento en el Bronx, NY, es posible que tenga derecho a recibir una compensaci\u00f3n por sus lesiones. Nuestros abogados en\u00a0Oresky &amp; Associates, PLLC, est\u00e1n aqu\u00ed para defenderlo. Con m\u00e1s de 30 a\u00f1os de experiencia en derecho de lesiones personales, nuestros\u00a0abogados de lesiones personales en el Bronx\u00a0saben c\u00f3mo [&hellip;]<\/p>\n","protected":false},"author":9,"featured_media":24118,"parent":17391,"menu_order":75,"comment_status":"closed","ping_status":"closed","template":"","meta":{"_acf_changed":false,"footnotes":""},"class_list":["post-18133","page","type-page","status-publish","has-post-thumbnail","hentry"],"acf":[],"yoast_head":"<!-- This site is optimized with the Yoast SEO plugin v27.3 - https:\/\/yoast.com\/product\/yoast-seo-wordpress\/ -->\n<title>Abogado de Accidentes en Estacionamientos del Bronx - Oresky &amp; Associates, PLLC<\/title>\n<meta name=\"description\" content=\"Si sufri\u00f3 lesiones en un accidente en un estacionamiento del Bronx, cont\u00e1ctenos en Oresky &amp; Associates, PLLC hoy para una consulta y discutir sus opciones.\" \/>\n<meta name=\"robots\" content=\"index, follow, max-snippet:-1, max-image-preview:large, max-video-preview:-1\" \/>\n<link rel=\"canonical\" href=\"https:\/\/oreskylaw.com\/es\/bronx\/abogados-de-accidentes-de-coche-en-estacionamientos\/\" \/>\n<meta property=\"og:locale\" content=\"es_ES\" \/>\n<meta property=\"og:type\" content=\"article\" \/>\n<meta property=\"og:title\" content=\"Abogado de Accidentes en Estacionamientos del Bronx - Oresky &amp; Associates, PLLC\" \/>\n<meta property=\"og:description\" content=\"Si sufri\u00f3 lesiones en un accidente en un estacionamiento del Bronx, cont\u00e1ctenos en Oresky &amp; Associates, PLLC hoy para una consulta y discutir sus opciones.\" \/>\n<meta property=\"og:url\" content=\"https:\/\/oreskylaw.com\/es\/bronx\/abogados-de-accidentes-de-coche-en-estacionamientos\/\" \/>\n<meta property=\"og:site_name\" content=\"Oresky &amp; Associates, PLLC\" \/>\n<meta property=\"article:publisher\" content=\"https:\/\/www.facebook.com\/Oreskylaw\/\" \/>\n<meta property=\"article:modified_time\" content=\"2026-01-30T14:00:03+00:00\" \/>\n<meta property=\"og:image\" content=\"https:\/\/oreskylaw.com\/wp-content\/uploads\/2026\/01\/parking-lot-car-accident-lawyers.png\" \/>\n\t<meta property=\"og:image:width\" content=\"810\" \/>\n\t<meta property=\"og:image:height\" content=\"330\" \/>\n\t<meta property=\"og:image:type\" content=\"image\/png\" \/>\n<meta name=\"twitter:card\" content=\"summary_large_image\" \/>\n<meta name=\"twitter:site\" content=\"@JacobOreskyLaw\" \/>\n<meta name=\"twitter:label1\" content=\"Tiempo de lectura\" \/>\n\t<meta name=\"twitter:data1\" content=\"8 minutos\" \/>\n<!-- \/ Yoast SEO plugin. -->","yoast_head_json":{"title":"Abogado de Accidentes en Estacionamientos del Bronx - Oresky & Associates, PLLC","description":"Si sufri\u00f3 lesiones en un accidente en un estacionamiento del Bronx, cont\u00e1ctenos en Oresky & Associates, PLLC hoy para una consulta y discutir sus opciones.","robots":{"index":"index","follow":"follow","max-snippet":"max-snippet:-1","max-image-preview":"max-image-preview:large","max-video-preview":"max-video-preview:-1"},"canonical":"https:\/\/oreskylaw.com\/es\/bronx\/abogados-de-accidentes-de-coche-en-estacionamientos\/","og_locale":"es_ES","og_type":"article","og_title":"Abogado de Accidentes en Estacionamientos del Bronx - Oresky & Associates, PLLC","og_description":"Si sufri\u00f3 lesiones en un accidente en un estacionamiento del Bronx, cont\u00e1ctenos en Oresky & Associates, PLLC hoy para una consulta y discutir sus opciones.","og_url":"https:\/\/oreskylaw.com\/es\/bronx\/abogados-de-accidentes-de-coche-en-estacionamientos\/","og_site_name":"Oresky &amp; Associates, PLLC","article_publisher":"https:\/\/www.facebook.com\/Oreskylaw\/","article_modified_time":"2026-01-30T14:00:03+00:00","og_image":[{"width":810,"height":330,"url":"https:\/\/oreskylaw.com\/wp-content\/uploads\/2026\/01\/parking-lot-car-accident-lawyers.png","type":"image\/png"}],"twitter_card":"summary_large_image","twitter_site":"@JacobOreskyLaw","twitter_misc":{"Tiempo de lectura":"8 minutos"},"schema":{"@context":"https:\/\/schema.org","@graph":[{"@type":"WebPage","@id":"https:\/\/oreskylaw.com\/es\/bronx\/abogados-de-accidentes-de-coche-en-estacionamientos\/","url":"https:\/\/oreskylaw.com\/es\/bronx\/abogados-de-accidentes-de-coche-en-estacionamientos\/","name":"Abogado de Accidentes en Estacionamientos del Bronx - Oresky & Associates, PLLC","isPartOf":{"@id":"https:\/\/oreskylaw.com\/es\/#website"},"primaryImageOfPage":{"@id":"https:\/\/oreskylaw.com\/es\/bronx\/abogados-de-accidentes-de-coche-en-estacionamientos\/#primaryimage"},"image":{"@id":"https:\/\/oreskylaw.com\/es\/bronx\/abogados-de-accidentes-de-coche-en-estacionamientos\/#primaryimage"},"thumbnailUrl":"https:\/\/oreskylaw.com\/wp-content\/uploads\/2026\/01\/parking-lot-car-accident-lawyers.png","datePublished":"2025-12-08T02:28:57+00:00","dateModified":"2026-01-30T14:00:03+00:00","description":"Si sufri\u00f3 lesiones en un accidente en un estacionamiento del Bronx, cont\u00e1ctenos en Oresky & Associates, PLLC hoy para una consulta y discutir sus opciones.","breadcrumb":{"@id":"https:\/\/oreskylaw.com\/es\/bronx\/abogados-de-accidentes-de-coche-en-estacionamientos\/#breadcrumb"},"inLanguage":"es","potentialAction":[{"@type":"ReadAction","target":["https:\/\/oreskylaw.com\/es\/bronx\/abogados-de-accidentes-de-coche-en-estacionamientos\/"]}]},{"@type":"ImageObject","inLanguage":"es","@id":"https:\/\/oreskylaw.com\/es\/bronx\/abogados-de-accidentes-de-coche-en-estacionamientos\/#primaryimage","url":"https:\/\/oreskylaw.com\/wp-content\/uploads\/2026\/01\/parking-lot-car-accident-lawyers.png","contentUrl":"https:\/\/oreskylaw.com\/wp-content\/uploads\/2026\/01\/parking-lot-car-accident-lawyers.png","width":810,"height":330,"caption":"parking lot cars"},{"@type":"BreadcrumbList","@id":"https:\/\/oreskylaw.com\/es\/bronx\/abogados-de-accidentes-de-coche-en-estacionamientos\/#breadcrumb","itemListElement":[{"@type":"ListItem","position":1,"name":"Inicio","item":"https:\/\/oreskylaw.com\/es\/"},{"@type":"ListItem","position":2,"name":"Abogado de lesiones personales en el Bronx","item":"https:\/\/oreskylaw.com\/es\/bronx\/"},{"@type":"ListItem","position":3,"name":"Abogado Especialista en Accidentes en Estacionamientos"}]},{"@type":"WebSite","@id":"https:\/\/oreskylaw.com\/es\/#website","url":"https:\/\/oreskylaw.com\/es\/","name":"Oresky & Associates PLLC","description":"","publisher":{"@id":"https:\/\/oreskylaw.com\/es\/#organization"},"potentialAction":[{"@type":"SearchAction","target":{"@type":"EntryPoint","urlTemplate":"https:\/\/oreskylaw.com\/es\/?s={search_term_string}"},"query-input":{"@type":"PropertyValueSpecification","valueRequired":true,"valueName":"search_term_string"}}],"inLanguage":"es"}]}},"_links":{"self":[{"href":"https:\/\/oreskylaw.com\/es\/wp-json\/wp\/v2\/pages\/18133","targetHints":{"allow":["GET"]}}],"collection":[{"href":"https:\/\/oreskylaw.com\/es\/wp-json\/wp\/v2\/pages"}],"about":[{"href":"https:\/\/oreskylaw.com\/es\/wp-json\/wp\/v2\/types\/page"}],"author":[{"embeddable":true,"href":"https:\/\/oreskylaw.com\/es\/wp-json\/wp\/v2\/users\/9"}],"replies":[{"embeddable":true,"href":"https:\/\/oreskylaw.com\/es\/wp-json\/wp\/v2\/comments?post=18133"}],"version-history":[{"count":0,"href":"https:\/\/oreskylaw.com\/es\/wp-json\/wp\/v2\/pages\/18133\/revisions"}],"up":[{"embeddable":true,"href":"https:\/\/oreskylaw.com\/es\/wp-json\/wp\/v2\/pages\/17391"}],"wp:featuredmedia":[{"embeddable":true,"href":"https:\/\/oreskylaw.com\/es\/wp-json\/wp\/v2\/media\/24118"}],"wp:attachment":[{"href":"https:\/\/oreskylaw.com\/es\/wp-json\/wp\/v2\/media?parent=18133"}],"curies":[{"name":"wp","href":"https:\/\/api.w.org\/{rel}","templated":true}]}}