{"id":18144,"date":"2025-12-08T02:29:21","date_gmt":"2025-12-08T02:29:21","guid":{"rendered":"https:\/\/oreskylaw.com\/?page_id=18144"},"modified":"2026-01-30T14:03:05","modified_gmt":"2026-01-30T14:03:05","slug":"abogados-de-accidentes-de-peatones","status":"publish","type":"page","link":"https:\/\/oreskylaw.com\/es\/bronx\/abogados-de-accidentes-de-peatones\/","title":{"rendered":"Abogado de accidentes de peatones"},"content":{"rendered":"<p>\u00bfT\u00fa o un miembro de tu familia sufrieron una lesi\u00f3n como peat\u00f3n en el Bronx, NY? Si es as\u00ed, puedes tener derecho a recibir una indemnizaci\u00f3n por da\u00f1os y perjuicios. Un abogado con experiencia en accidentes de peatones en el\u00a0<a href=\"https:\/\/oreskylaw.com\/es\/acerca-de-nosotros\/\">Bronx de Oresky &amp; Associates, PLLC<\/a> puede ayudarte a luchar para recuperar una compensaci\u00f3n por las facturas m\u00e9dicas, los salarios perdidos y m\u00e1s.<\/p>\n<p>Nuestros galardonados abogados han recuperado m\u00e1s de 400 millones de d\u00f3lares en indemnizaciones para clientes lesionados en toda la ciudad de New York. Puedes contar con nosotros para hacer todo lo posible para maximizar tu indemnizaci\u00f3n.<\/p>\n<p>No permitas que la compa\u00f1\u00eda de seguros decida cu\u00e1nto mereces. Llama a nuestras oficinas legales en el Bronx, New York, al\u00a0<a href=\"tel:+19299304705\">(929)930-4705<\/a> o <a href=\"https:\/\/oreskylaw.com\/es\/contacto\/\">cont\u00e1ctanos<\/a>\u00a0para programar una consulta gratuita hoy.<\/p>\n<h2>C\u00f3mo Oresky &amp; Associates, PLLC puede ayudar despu\u00e9s de un accidente de peatones en el Bronx<\/h2>\n<p>Los peatones est\u00e1n completamente desprotegidos en un accidente. Los peatones involucrados en accidentes automovil\u00edsticos a menudo quedan con impedimentos f\u00edsicos y emocionales a largo plazo. Si los actos descuidados o imprudentes de otra persona causaron el accidente, te mereces una compensaci\u00f3n econ\u00f3mica<\/p>\n<p>Las leyes de lesiones personales de New York otorgan a los peatones el derecho a pedir una indemnizaci\u00f3n a todas las partes negligentes. Lamentablemente, la ley no puede garantizar un resultado justo. Trabajar con un abogado con experiencia en lesiones personales del Bronx es la mejor manera de asegurarse de recibir la compensaci\u00f3n total que mereces.<\/p>\n<p>En Oresky &amp; Associates, PLLC, tenemos m\u00e1s de 35 a\u00f1os de experiencia luchando para proteger a las v\u00edctimas de accidentes. Nuestro equipo legal ha sido calificado por Super Lawyers y se ha ganado un lugar en el Foro de Defensores de Millones de D\u00f3lares.<\/p>\n<p>Puedes contar con nuestros\u00a0<a href=\"https:\/\/oreskylaw.com\/es\/\">abogados de accidentes de New York<\/a> para:<\/p>\n<ul role=\"list\">\n<li>Proporcionarte un s\u00f3lido asesoramiento legal y explicar todas sus opciones<\/li>\n<li>Investigar para reunir pruebas s\u00f3lidas que respalden su caso<\/li>\n<li>Contratar a los mejores expertos y especialistas<\/li>\n<li>Asegurarse de que tu indemnizaci\u00f3n por da\u00f1os y perjuicios se valora con precisi\u00f3n<\/li>\n<li>Defenderte si la compa\u00f1\u00eda de seguros intenta echarte la culpa<\/li>\n<li>Negociar con las compa\u00f1\u00edas de seguros en tu nombre<\/li>\n<\/ul>\n<p>Nuestro probado historial de \u00e9xitos se basa en el trabajo duro y la dedicaci\u00f3n. Para saber m\u00e1s sobre una relaci\u00f3n abogado-cliente, cont\u00e1ctanos para una consulta gratuita hoy.<\/p>\n    <div class=\"cw-cta-box\">\n        <div class=\"cw-cta-box__inner \">\n            <div class=\"cw-cta-box__info\">\n                                    <div class=\"label\">\u00a1Llame ahora!<\/div>\n                            <\/div>\n                            <div class=\"contact-phone\">\n                    <a href=\"tel:7189939999\"\n                        aria-label=\"Tap to call button\">\n                        718-993-9999                    <\/a>\n                <\/div>\n                    <\/div>\n                    <a href=\"\/es\/contacto\/\"\n               class=\"cta-btn btn btn--primary btn\"\n               target=\"\">\n                Obtenga Una Consulta Gratuita            <\/a>\n            <\/div>\n    \n<h2>\u00bfQu\u00e9 tan comunes son los accidentes de peatones en el Bronx, NY?<\/h2>\n<p>Caminar es una gran manera de moverse por la ciudad de New York. Desafortunadamente, no siempre es el modo de transporte m\u00e1s seguro. En 2020, 6.815 peatones resultaron heridos y 96 personas murieron caminando en la ciudad de New York. En el Bronx, se registraron 1.302 lesiones y 21 muertes de peatones.<\/p>\n<p>La polic\u00eda de New York tambi\u00e9n informa de los datos mensuales sobre los accidentes de peatones. En toda la ciudad, el NYPD inform\u00f3 de 7.733 accidentes de veh\u00edculos de motor en enero de 2022, con 668 de esos accidentes que involucran a los peatones. Lamentablemente, 657 peatones sufrieron lesiones y 11 peatones murieron.<\/p>\n<p>En otras palabras, el 100% de los peatones involucrados en accidentes automovil\u00edsticos de NYC durante enero de 2022 resultaron heridos o muertos.<\/p>\n<p>Solo en el Bronx, 134 peatones resultaron heridos, y un peat\u00f3n muri\u00f3 en accidentes de tr\u00e1fico durante un solo mes.<\/p>\n<h2>\u00bfCu\u00e1nto vale mi caso de accidente de peat\u00f3n en el Bronx?<\/h2>\n<p>Tu abogado primero evaluar\u00e1 las p\u00e9rdidas econ\u00f3micas actuales y trabajar\u00e1 para anticipar tus costos financieros futuros. Luego, tu abogado considerar\u00e1 las p\u00e9rdidas m\u00e1s subjetivas, no financieras.<\/p>\n<p>Muchos factores diferentes afectar\u00e1n el valor justo de tu caso, incluyendo:<\/p>\n<ul>\n<li>El tipo de lesi\u00f3n que sufriste<\/li>\n<li>Los gastos financieros, incluyendo el costo del tratamiento m\u00e9dico<\/li>\n<li>El impacto de la lesi\u00f3n en tu capacidad futura para trabajar y disfrutar de la vida<\/li>\n<li>Tu sufrimiento f\u00edsico y emocional<\/li>\n<li>La cobertura de seguro disponible<\/li>\n<li>La solidez de la reclamaci\u00f3n por negligencia<\/li>\n<\/ul>\n<p>Muchos factores pueden ser relevantes para calcular el valor de tu reclamaci\u00f3n por accidente de peat\u00f3n. No hay dos casos id\u00e9nticos, y tu abogado debe revisar cuidadosamente los hechos antes de llegar a un valor estimado del caso.<\/p>\n<h2>\u00bfQu\u00e9 tipos de da\u00f1os est\u00e1n disponibles para las v\u00edctimas de accidentes de peatones?<\/h2>\n<p>En un caso exitoso de lesiones personales, las partes lesionadas pueden recuperar los da\u00f1os compensatorios para compensar todo lo que perdieron en el accidente. Eso incluye\u00a0<a href=\"https:\/\/oreskylaw.com\/es\/blog\/lesiones-personales-danos-economicos\/\">da\u00f1os econ\u00f3micos<\/a>\u00a0y da\u00f1os no econ\u00f3micos que pueden no tener un valor financiero claro.<\/p>\n<p>Nuestros abogados ayudar\u00e1n a buscar da\u00f1os por todas las p\u00e9rdidas, que pueden incluir:<\/p>\n<div class=\"row\">\n<ul class=\"col-xl-6\">\n<li>Gastos m\u00e9dicos pasados y futuros<\/li>\n<li>P\u00e9rdida de ingresos y salarios<\/li>\n<li>Reducci\u00f3n de la capacidad de ganancia futura<\/li>\n<li>Terapia f\u00edsica<\/li>\n<li>Rehabilitaci\u00f3n<\/li>\n<li>Cuidados de enfermer\u00eda<\/li>\n<li>Da\u00f1os a la propiedad<\/li>\n<\/ul>\n<ul class=\"col-xl-6\">\n<li>Dolor y sufrimiento<\/li>\n<li>Angustia emocional<\/li>\n<li>P\u00e9rdida del disfrute de la vida<\/li>\n<li>Desfiguraci\u00f3n f\u00edsica o cicatrices<\/li>\n<li>Ansiedad<\/li>\n<li>Depresi\u00f3n<\/li>\n<li>TEPT<\/li>\n<li>P\u00e9rdida del c\u00f3nyuge<\/li>\n<\/ul>\n<\/div>\n<p>Los da\u00f1os punitivos tambi\u00e9n est\u00e1n disponibles en casos raros. Los tribunales pueden otorgar da\u00f1os punitivos si se puede demostrar que las lesiones fueron causadas por el comportamiento intencional o malicioso del acusado.<\/p>\n<h2>Lucharemos para recuperar la compensaci\u00f3n por todas tus lesiones por accidente de peatones<\/h2>\n<p><img loading=\"lazy\" decoding=\"async\" class=\"size-full wp-image-11518 alignright\" src=\"https:\/\/oreskylaw.com\/wp-content\/uploads\/2026\/01\/How-Long-Will-My-Case-Take.webp\" alt=\"bronx construction site accident attorney\" width=\"300\" height=\"200\" \/>Muchos factores diferentes pueden influir en la gravedad de las lesiones de un peat\u00f3n en un accidente. Los accidentes de alta velocidad tienden a resultar en lesiones m\u00e1s severas. Cuando la cabeza de un peat\u00f3n golpea el concreto, las lesiones resultantes pueden ser a\u00fan m\u00e1s graves.<\/p>\n<p>En Oresky &amp; Associates, PLLC, nuestros abogados de accidentes de peatones del Bronx a menudo representan a clientes que han sufrido:<\/p>\n<div class=\"row\">\n<ul class=\"col-xl-6\">\n<li>Huesos rotos<\/li>\n<li>Lesiones en la cabeza, la cara y el cuello<\/li>\n<li>Lesiones por aplastamiento<\/li>\n<li>Raspones en la carretera, quemaduras y laceraciones<\/li>\n<li>Lesiones p\u00e9lvicas y roturas de cadera<\/li>\n<li>Lesiones nerviosas<\/li>\n<li>Da\u00f1os en los tejidos blandos<\/li>\n<li>Lesiones cerebrales traum\u00e1ticas<\/li>\n<\/ul>\n<ul class=\"col-xl-6\">\n<li>Lesiones de la m\u00e9dula espinal<\/li>\n<li>Conmociones cerebrales<\/li>\n<li>Lesiones en la espalda<\/li>\n<li>Da\u00f1os en \u00f3rganos internos<\/li>\n<li>Lesiones en el pecho<\/li>\n<li>P\u00e9rdida de miembros y amputaciones<\/li>\n<li>Par\u00e1lisis<\/li>\n<li>Lesiones catastr\u00f3ficas<\/li>\n<\/ul>\n<\/div>\n<p>Los accidentes de peatones suelen ser mortales, especialmente si la v\u00edctima sufre lesiones en la cabeza o en el pecho. Si perdiste a un ser querido en un accidente fatal, nuestros abogados pueden ayudarte a luchar para recuperar los da\u00f1os por muerte injusta.<\/p>\n","protected":false},"excerpt":{"rendered":"<p>\u00bfT\u00fa o un miembro de tu familia sufrieron una lesi\u00f3n como peat\u00f3n en el Bronx, NY? Si es as\u00ed, puedes tener derecho a recibir una indemnizaci\u00f3n por da\u00f1os y perjuicios. Un abogado con experiencia en accidentes de peatones en el\u00a0Bronx de Oresky &amp; Associates, PLLC puede ayudarte a luchar para recuperar una compensaci\u00f3n por las [&hellip;]<\/p>\n","protected":false},"author":9,"featured_media":23926,"parent":17391,"menu_order":77,"comment_status":"closed","ping_status":"closed","template":"practice-area.php","meta":{"_acf_changed":false,"footnotes":""},"class_list":["post-18144","page","type-page","status-publish","has-post-thumbnail","hentry"],"acf":[],"yoast_head":"<!-- This site is optimized with the Yoast SEO plugin v27.3 - https:\/\/yoast.com\/product\/yoast-seo-wordpress\/ -->\n<title>Abogado de accidentes de peatones en el Bronx - Oresky &amp; Associates, PLLC<\/title>\n<meta name=\"description\" content=\"\u00bfSufri\u00f3 una lesi\u00f3n como peat\u00f3n en el Bronx? Nuestro abogado experto en lesiones personales puede ayudarle a luchar por el dinero que merece. Ll\u00e1menos hoy.\" \/>\n<meta name=\"robots\" content=\"index, follow, max-snippet:-1, max-image-preview:large, max-video-preview:-1\" \/>\n<link rel=\"canonical\" href=\"https:\/\/oreskylaw.com\/es\/bronx\/abogados-de-accidentes-de-peatones\/\" \/>\n<meta property=\"og:locale\" content=\"es_ES\" \/>\n<meta property=\"og:type\" content=\"article\" \/>\n<meta property=\"og:title\" content=\"Abogado de accidentes de peatones en el Bronx - Oresky &amp; Associates, PLLC\" \/>\n<meta property=\"og:description\" content=\"\u00bfSufri\u00f3 una lesi\u00f3n como peat\u00f3n en el Bronx? Nuestro abogado experto en lesiones personales puede ayudarle a luchar por el dinero que merece. Ll\u00e1menos hoy.\" \/>\n<meta property=\"og:url\" content=\"https:\/\/oreskylaw.com\/es\/bronx\/abogados-de-accidentes-de-peatones\/\" \/>\n<meta property=\"og:site_name\" content=\"Oresky &amp; Associates, PLLC\" \/>\n<meta property=\"article:publisher\" content=\"https:\/\/www.facebook.com\/Oreskylaw\/\" \/>\n<meta property=\"article:modified_time\" content=\"2026-01-30T14:03:05+00:00\" \/>\n<meta property=\"og:image\" content=\"https:\/\/oreskylaw.com\/wp-content\/uploads\/2026\/01\/pedestrian-accident-lawyers.png\" \/>\n\t<meta property=\"og:image:width\" content=\"810\" \/>\n\t<meta property=\"og:image:height\" content=\"330\" \/>\n\t<meta property=\"og:image:type\" content=\"image\/png\" \/>\n<meta name=\"twitter:card\" content=\"summary_large_image\" \/>\n<meta name=\"twitter:site\" content=\"@JacobOreskyLaw\" \/>\n<meta name=\"twitter:label1\" content=\"Tiempo de lectura\" \/>\n\t<meta name=\"twitter:data1\" content=\"5 minutos\" \/>\n<!-- \/ Yoast SEO plugin. -->","yoast_head_json":{"title":"Abogado de accidentes de peatones en el Bronx - Oresky & Associates, PLLC","description":"\u00bfSufri\u00f3 una lesi\u00f3n como peat\u00f3n en el Bronx? Nuestro abogado experto en lesiones personales puede ayudarle a luchar por el dinero que merece. Ll\u00e1menos hoy.","robots":{"index":"index","follow":"follow","max-snippet":"max-snippet:-1","max-image-preview":"max-image-preview:large","max-video-preview":"max-video-preview:-1"},"canonical":"https:\/\/oreskylaw.com\/es\/bronx\/abogados-de-accidentes-de-peatones\/","og_locale":"es_ES","og_type":"article","og_title":"Abogado de accidentes de peatones en el Bronx - Oresky & Associates, PLLC","og_description":"\u00bfSufri\u00f3 una lesi\u00f3n como peat\u00f3n en el Bronx? Nuestro abogado experto en lesiones personales puede ayudarle a luchar por el dinero que merece. Ll\u00e1menos hoy.","og_url":"https:\/\/oreskylaw.com\/es\/bronx\/abogados-de-accidentes-de-peatones\/","og_site_name":"Oresky &amp; Associates, PLLC","article_publisher":"https:\/\/www.facebook.com\/Oreskylaw\/","article_modified_time":"2026-01-30T14:03:05+00:00","og_image":[{"width":810,"height":330,"url":"https:\/\/oreskylaw.com\/wp-content\/uploads\/2026\/01\/pedestrian-accident-lawyers.png","type":"image\/png"}],"twitter_card":"summary_large_image","twitter_site":"@JacobOreskyLaw","twitter_misc":{"Tiempo de lectura":"5 minutos"},"schema":{"@context":"https:\/\/schema.org","@graph":[{"@type":"WebPage","@id":"https:\/\/oreskylaw.com\/es\/bronx\/abogados-de-accidentes-de-peatones\/","url":"https:\/\/oreskylaw.com\/es\/bronx\/abogados-de-accidentes-de-peatones\/","name":"Abogado de accidentes de peatones en el Bronx - Oresky & Associates, PLLC","isPartOf":{"@id":"https:\/\/oreskylaw.com\/es\/#website"},"primaryImageOfPage":{"@id":"https:\/\/oreskylaw.com\/es\/bronx\/abogados-de-accidentes-de-peatones\/#primaryimage"},"image":{"@id":"https:\/\/oreskylaw.com\/es\/bronx\/abogados-de-accidentes-de-peatones\/#primaryimage"},"thumbnailUrl":"https:\/\/oreskylaw.com\/wp-content\/uploads\/2026\/01\/pedestrian-accident-lawyers.png","datePublished":"2025-12-08T02:29:21+00:00","dateModified":"2026-01-30T14:03:05+00:00","description":"\u00bfSufri\u00f3 una lesi\u00f3n como peat\u00f3n en el Bronx? Nuestro abogado experto en lesiones personales puede ayudarle a luchar por el dinero que merece. Ll\u00e1menos hoy.","breadcrumb":{"@id":"https:\/\/oreskylaw.com\/es\/bronx\/abogados-de-accidentes-de-peatones\/#breadcrumb"},"inLanguage":"es","potentialAction":[{"@type":"ReadAction","target":["https:\/\/oreskylaw.com\/es\/bronx\/abogados-de-accidentes-de-peatones\/"]}]},{"@type":"ImageObject","inLanguage":"es","@id":"https:\/\/oreskylaw.com\/es\/bronx\/abogados-de-accidentes-de-peatones\/#primaryimage","url":"https:\/\/oreskylaw.com\/wp-content\/uploads\/2026\/01\/pedestrian-accident-lawyers.png","contentUrl":"https:\/\/oreskylaw.com\/wp-content\/uploads\/2026\/01\/pedestrian-accident-lawyers.png","width":810,"height":330,"caption":"pedestrian crossing"},{"@type":"BreadcrumbList","@id":"https:\/\/oreskylaw.com\/es\/bronx\/abogados-de-accidentes-de-peatones\/#breadcrumb","itemListElement":[{"@type":"ListItem","position":1,"name":"Inicio","item":"https:\/\/oreskylaw.com\/es\/"},{"@type":"ListItem","position":2,"name":"Abogado de lesiones personales en el Bronx","item":"https:\/\/oreskylaw.com\/es\/bronx\/"},{"@type":"ListItem","position":3,"name":"Abogado de accidentes de peatones"}]},{"@type":"WebSite","@id":"https:\/\/oreskylaw.com\/es\/#website","url":"https:\/\/oreskylaw.com\/es\/","name":"Oresky & Associates PLLC","description":"","publisher":{"@id":"https:\/\/oreskylaw.com\/es\/#organization"},"potentialAction":[{"@type":"SearchAction","target":{"@type":"EntryPoint","urlTemplate":"https:\/\/oreskylaw.com\/es\/?s={search_term_string}"},"query-input":{"@type":"PropertyValueSpecification","valueRequired":true,"valueName":"search_term_string"}}],"inLanguage":"es"}]}},"_links":{"self":[{"href":"https:\/\/oreskylaw.com\/es\/wp-json\/wp\/v2\/pages\/18144","targetHints":{"allow":["GET"]}}],"collection":[{"href":"https:\/\/oreskylaw.com\/es\/wp-json\/wp\/v2\/pages"}],"about":[{"href":"https:\/\/oreskylaw.com\/es\/wp-json\/wp\/v2\/types\/page"}],"author":[{"embeddable":true,"href":"https:\/\/oreskylaw.com\/es\/wp-json\/wp\/v2\/users\/9"}],"replies":[{"embeddable":true,"href":"https:\/\/oreskylaw.com\/es\/wp-json\/wp\/v2\/comments?post=18144"}],"version-history":[{"count":0,"href":"https:\/\/oreskylaw.com\/es\/wp-json\/wp\/v2\/pages\/18144\/revisions"}],"up":[{"embeddable":true,"href":"https:\/\/oreskylaw.com\/es\/wp-json\/wp\/v2\/pages\/17391"}],"wp:featuredmedia":[{"embeddable":true,"href":"https:\/\/oreskylaw.com\/es\/wp-json\/wp\/v2\/media\/23926"}],"wp:attachment":[{"href":"https:\/\/oreskylaw.com\/es\/wp-json\/wp\/v2\/media?parent=18144"}],"curies":[{"name":"wp","href":"https:\/\/api.w.org\/{rel}","templated":true}]}}