{"id":18158,"date":"2025-12-08T02:30:43","date_gmt":"2025-12-08T02:30:43","guid":{"rendered":"https:\/\/oreskylaw.com\/?page_id=18158"},"modified":"2026-01-30T14:05:03","modified_gmt":"2026-01-30T14:05:03","slug":"abogados-de-accidentes-de-plomero","status":"publish","type":"page","link":"https:\/\/oreskylaw.com\/es\/bronx\/abogados-de-accidentes-de-plomero\/","title":{"rendered":"Plomer\u00eda"},"content":{"rendered":"<p>Los plomeros de las obras se enfrentan cada d\u00eda a numerosos peligros. Las condiciones de trabajo pueden ser dif\u00edciles por diversos motivos. Por lo tanto, los accidentes y lesiones de plomer\u00eda en las obras del Bronx, NY, son frecuentes.<\/p>\n<p>Los\u00a0<a href=\"https:\/\/oreskylaw.com\/es\/bronx\/abogados-de-accidentes-de-construccion\/\">abogados especializados en accidentes de la construcci\u00f3n del Bronx<\/a>\u00a0de\u00a0<a href=\"https:\/\/oreskylaw.com\/es\/\">Oresky &amp; Associates, PLLC<\/a>\u00a0luchan por los derechos de los plomeros, los instaladores de vapor y los instaladores de tuber\u00edas. Trabajaremos para conseguirles el dinero que merecen tras un accidente de este tipo.<\/p>\n<p>Ponte en contacto con nuestro despacho al\u00a0<a href=\"tel:+19299304705\">(929) 930-4705<\/a>\u00a0para programar una\u00a0<a href=\"https:\/\/oreskylaw.com\/es\/contacto\/\">consulta gratuita<\/a> con uno de nuestros abogados expertos en accidentes de plomer\u00eda del Bronx. Nos ocupamos de todo tipo de reclamaciones por accidentes, incluidas las de indemnizaci\u00f3n laboral, reclamaciones de terceros y reclamaciones de derecho laboral.<\/p>\n<h2>C\u00f3mo pueden ayudarte nuestros abogados de indemnizaci\u00f3n laboral del Bronx con una reclamaci\u00f3n por accidente de plomer\u00eda<\/h2>\n<p><img loading=\"lazy\" decoding=\"async\" class=\"size-full wp-image-28070 alignleft\" src=\"https:\/\/oreskylaw.com\/wp-content\/uploads\/2026\/01\/Como-pueden-ayudarte-nuestros-abogados-de-indemnizacion-laboral-del-Bronx-con-una-reclamacion-por-accidente-de-plomeria.webp\" alt=\"C\u00f3mo pueden ayudarte nuestros abogados de indemnizaci\u00f3n laboral del Bronx con una reclamaci\u00f3n por accidente de plomer\u00eda\" width=\"300\" height=\"200\" \/>Un accidente de plomer\u00eda puede causar da\u00f1os sustanciales. Los plomeros lesionados podr\u00edan sufrir una p\u00e9rdida sustancial de ingresos, adem\u00e1s del dolor y el sufrimiento que experimentan a causa de una lesi\u00f3n. Desde 1992, nuestro despacho ha recuperado para nuestros clientes m\u00e1s de 400 millones de d\u00f3lares en sentencias y acuerdos.<\/p>\n<p>Las obras de construcci\u00f3n son los lugares de trabajo m\u00e1s peligrosos. Los trabajos de fontaner\u00eda suelen ser seguros, sin embargo, las condiciones de trabajo en una obra pueden aumentar el riesgo de lesiones.<\/p>\n<p>Si te lesionas en un accidente de plomer\u00eda en el Bronx, New York, necesitas abogados calificados y con experiencia que se ocupen de tu caso.<\/p>\n<p>Cuando contrates la asistencia de Oresky &amp; Associates, PLLC, puedes esperar que:<\/p>\n<ul>\n<li>Investiguemos c\u00f3mo ocurri\u00f3 el accidente de plomer\u00eda para identificar a todas las partes responsables y reclamantes<\/li>\n<li>Reunir pruebas para construir un caso s\u00f3lido para obtener la m\u00e1xima indemnizaci\u00f3n<\/li>\n<li>Trabajemos con testigos expertos, seg\u00fan sea necesario<\/li>\n<li>Presentemos todas las reclamaciones y gestionemos todos los asuntos relacionados con ellas<\/li>\n<li>Negociemos por el valor total de todos los da\u00f1os y perjuicios<\/li>\n<li>Te mantengamos informado del progreso de tu caso<\/li>\n<li>Presentemos una demanda y llevemos tu caso a juicio, si es necesario<\/li>\n<\/ul>\n<p>Los casos de accidente de plomer\u00eda pueden ser complicados. Al tramitar tu reclamaci\u00f3n, la compa\u00f1\u00eda de seguros, tu empleador y las partes responsables de tu lesi\u00f3n pueden no tener en cuenta tus intereses. Nuestros abogados de lesiones personales del Bronx proteger\u00e1n tus derechos mientras tramitamos tu caso de principio a fin.<\/p>\n<p>Llama a nuestro despacho para programar una evaluaci\u00f3n gratuita de tu caso con un\u00a0<a href=\"https:\/\/oreskylaw.com\/es\/bronx\/\">abogado experto en lesiones personales del Bronx<\/a>.<\/p>\n<h2>Tipos comunes de accidentes de plomer\u00eda en el Bronx, NY<\/h2>\n<p>Los plomeros de las obras de construcci\u00f3n y otros lugares de trabajo pueden lesionarse debido a lo siguiente:<\/p>\n<ul>\n<li>Accidentes por resbalones, tropiezos y ca\u00eddas causados por superficies irregulares, escombros en las pasarelas, etc.<\/li>\n<li>Ca\u00eddas desde alturas<\/li>\n<li>Lesiones el\u00e9ctricas y electrocuci\u00f3n<\/li>\n<li>P\u00e9rdida de audici\u00f3n por exposici\u00f3n a entornos de trabajo ruidosos<\/li>\n<li>Golpes o atrapamiento entre objetos y maquinaria<\/li>\n<li>Exposici\u00f3n a sustancias t\u00f3xicas, como productos qu\u00edmicos, moho y amianto<\/li>\n<li>Lesiones causadas por movimientos repetitivos<\/li>\n<li>Lesiones oculares y p\u00e9rdida de visi\u00f3n<\/li>\n<li>Lesiones causadas por herramientas y equipos defectuosos<\/li>\n<li>Derrumbamientos y ca\u00eddas<\/li>\n<li>No utilizar el equipo de seguridad<\/li>\n<li>Ca\u00edda de objetos y escombros<\/li>\n<\/ul>\n<p>Un accidente de plomer\u00eda puede causar lesiones graves, como traumatismo craneoencef\u00e1lico, fractura de huesos, amputaciones y lesiones medulares. A veces, las lesiones provocan la muerte.<\/p>\n<p>Si sufres lesiones en un accidente de este tipo en el Bronx, informa del accidente a tu empleador. Busca atenci\u00f3n m\u00e9dica inmediatamente para reducir el riesgo de afecciones potencialmente mortales. Luego, cuando est\u00e9s estable, ponte en contacto con nuestros abogados de accidentes de plomer\u00eda del Bronx para hablar de tus opciones legales para recibir una indemnizaci\u00f3n por tus lesiones.<\/p>\n    <div class=\"cw-cta-box\">\n        <div class=\"cw-cta-box__inner \">\n            <div class=\"cw-cta-box__info\">\n                                    <div class=\"label\">\u00a1Llame ahora!<\/div>\n                            <\/div>\n                            <div class=\"contact-phone\">\n                    <a href=\"tel:7189939999\"\n                        aria-label=\"Tap to call button\">\n                        718-993-9999                    <\/a>\n                <\/div>\n                    <\/div>\n                    <a href=\"\/es\/contacto\/\"\n               class=\"cta-btn btn btn--primary btn\"\n               target=\"\">\n                Obtenga Una Consulta Gratuita            <\/a>\n            <\/div>\n    \n<h2>Indemnizaci\u00f3n por accidente de plomer\u00eda en el Bronx<\/h2>\n<p>La mayor\u00eda de los empresarios de New York deben tener un seguro de accidentes laborales para sus empleados. Las prestaciones del seguro de accidentes de trabajo incluyen el tratamiento m\u00e9dico de las lesiones y la p\u00e9rdida de salario.<\/p>\n<p>La indemnizaci\u00f3n laboral no te compensa por todos los da\u00f1os sufridos por una lesi\u00f3n laboral. Adem\u00e1s, los trabajadores lesionados suelen tener prohibido demandar a su empresa si est\u00e1n cubiertos por el seguro de accidentes laborales.<\/p>\n<h2>Presentar una demanda de terceros o una demanda laboral en NY<\/h2>\n<p>Adem\u00e1s de las prestaciones del seguro de accidentes de trabajo, puedes tener derecho a una indemnizaci\u00f3n adicional si un tercero caus\u00f3 tu lesi\u00f3n. Las reclamaciones de terceros pueden indemnizarte por todos los da\u00f1os econ\u00f3micos, incluida toda p\u00e9rdida de ingresos y gastos de bolsillo. Tambi\u00e9n podr\u00edas recibir una indemnizaci\u00f3n por da\u00f1os no econ\u00f3micos.<\/p>\n<p>Las demandas a terceros se presentan cuando otra parte causa tu lesi\u00f3n por negligencia o dolo. Algunos ejemplos de reclamaciones de terceros por accidente de plomer\u00eda son las acciones por herramientas defectuosas y condiciones de la propiedad inseguras.<\/p>\n<p>Adem\u00e1s, podr\u00edas tener derecho a indemnizaci\u00f3n por una demanda presentada en virtud de los art\u00edculos 200, 240 o 241 de la Ley Laboral de New York. Las leyes laborales ofrecen protecciones adicionales a los trabajadores de la construcci\u00f3n en New York.<\/p>\n<p>La presentaci\u00f3n de una demanda por lesiones personales o una demanda en virtud de la legislaci\u00f3n laboral no afecta a tu caso de compensaci\u00f3n de trabajadores. Nuestros abogados de accidentes de plomer\u00eda del Bronx en Oresky &amp; Associates, PLLC evaluar\u00e1n tu caso para determinar todas las causas de acci\u00f3n por da\u00f1os y perjuicios. Perseguiremos a todas las partes y reclamaciones que puedan dar lugar a una indemnizaci\u00f3n por tus lesiones, p\u00e9rdidas econ\u00f3micas y otros da\u00f1os.<\/p>\n<h2>Programa una consulta gratuita con nuestros abogados del Bronx especializados en accidentes de plomer\u00eda<\/h2>\n<p>Es estresante tratar con las consecuencias de un accidente de plomer\u00eda. Deber\u00edas poder concentrarte en curarte de tus lesiones en lugar de tener que completar documentos, presentar reclamaciones y tratar con los peritos del seguro.<\/p>\n<p>Nuestro equipo jur\u00eddico de Oresky &amp; Associates, PLLC se encargar\u00e1 del proceso de reclamaci\u00f3n por ti. Llama ahora para tu consulta gratuita con un abogado experto en indemnizaci\u00f3n laboral del Bronx.<\/p>\n","protected":false},"excerpt":{"rendered":"<p>Los plomeros de las obras se enfrentan cada d\u00eda a numerosos peligros. Las condiciones de trabajo pueden ser dif\u00edciles por diversos motivos. Por lo tanto, los accidentes y lesiones de plomer\u00eda en las obras del Bronx, NY, son frecuentes. Los\u00a0abogados especializados en accidentes de la construcci\u00f3n del Bronx\u00a0de\u00a0Oresky &amp; Associates, PLLC\u00a0luchan por los derechos de [&hellip;]<\/p>\n","protected":false},"author":9,"featured_media":24126,"parent":17391,"menu_order":78,"comment_status":"closed","ping_status":"closed","template":"","meta":{"_acf_changed":false,"footnotes":""},"class_list":["post-18158","page","type-page","status-publish","has-post-thumbnail","hentry"],"acf":[],"yoast_head":"<!-- This site is optimized with the Yoast SEO plugin v27.3 - https:\/\/yoast.com\/product\/yoast-seo-wordpress\/ -->\n<title>Abogado de accidentes de plomer\u00eda del Bronx - Oresky &amp; Associates, PLLC<\/title>\n<meta name=\"description\" content=\"\u00bfSufri\u00f3 un accidente de plomer\u00eda en el Bronx? Los abogados especialistas en accidentes de fontaneros de Oresky &amp; Associates, PLLC pueden ayudarle. Llame ahora.\" \/>\n<meta name=\"robots\" content=\"index, follow, max-snippet:-1, max-image-preview:large, max-video-preview:-1\" \/>\n<link rel=\"canonical\" href=\"https:\/\/oreskylaw.com\/es\/bronx\/abogados-de-accidentes-de-plomero\/\" \/>\n<meta property=\"og:locale\" content=\"es_ES\" \/>\n<meta property=\"og:type\" content=\"article\" \/>\n<meta property=\"og:title\" content=\"Abogado de accidentes de plomer\u00eda del Bronx - Oresky &amp; Associates, PLLC\" \/>\n<meta property=\"og:description\" content=\"\u00bfSufri\u00f3 un accidente de plomer\u00eda en el Bronx? Los abogados especialistas en accidentes de fontaneros de Oresky &amp; Associates, PLLC pueden ayudarle. Llame ahora.\" \/>\n<meta property=\"og:url\" content=\"https:\/\/oreskylaw.com\/es\/bronx\/abogados-de-accidentes-de-plomero\/\" \/>\n<meta property=\"og:site_name\" content=\"Oresky &amp; Associates, PLLC\" \/>\n<meta property=\"article:publisher\" content=\"https:\/\/www.facebook.com\/Oreskylaw\/\" \/>\n<meta property=\"article:modified_time\" content=\"2026-01-30T14:05:03+00:00\" \/>\n<meta property=\"og:image\" content=\"https:\/\/oreskylaw.com\/wp-content\/uploads\/2026\/01\/plumber-accident-lawyers.png\" \/>\n\t<meta property=\"og:image:width\" content=\"810\" \/>\n\t<meta property=\"og:image:height\" content=\"330\" \/>\n\t<meta property=\"og:image:type\" content=\"image\/png\" \/>\n<meta name=\"twitter:card\" content=\"summary_large_image\" \/>\n<meta name=\"twitter:site\" content=\"@JacobOreskyLaw\" \/>\n<meta name=\"twitter:label1\" content=\"Tiempo de lectura\" \/>\n\t<meta name=\"twitter:data1\" content=\"5 minutos\" \/>\n<!-- \/ Yoast SEO plugin. -->","yoast_head_json":{"title":"Abogado de accidentes de plomer\u00eda del Bronx - Oresky & Associates, PLLC","description":"\u00bfSufri\u00f3 un accidente de plomer\u00eda en el Bronx? Los abogados especialistas en accidentes de fontaneros de Oresky & Associates, PLLC pueden ayudarle. Llame ahora.","robots":{"index":"index","follow":"follow","max-snippet":"max-snippet:-1","max-image-preview":"max-image-preview:large","max-video-preview":"max-video-preview:-1"},"canonical":"https:\/\/oreskylaw.com\/es\/bronx\/abogados-de-accidentes-de-plomero\/","og_locale":"es_ES","og_type":"article","og_title":"Abogado de accidentes de plomer\u00eda del Bronx - Oresky & Associates, PLLC","og_description":"\u00bfSufri\u00f3 un accidente de plomer\u00eda en el Bronx? Los abogados especialistas en accidentes de fontaneros de Oresky & Associates, PLLC pueden ayudarle. Llame ahora.","og_url":"https:\/\/oreskylaw.com\/es\/bronx\/abogados-de-accidentes-de-plomero\/","og_site_name":"Oresky &amp; Associates, PLLC","article_publisher":"https:\/\/www.facebook.com\/Oreskylaw\/","article_modified_time":"2026-01-30T14:05:03+00:00","og_image":[{"width":810,"height":330,"url":"https:\/\/oreskylaw.com\/wp-content\/uploads\/2026\/01\/plumber-accident-lawyers.png","type":"image\/png"}],"twitter_card":"summary_large_image","twitter_site":"@JacobOreskyLaw","twitter_misc":{"Tiempo de lectura":"5 minutos"},"schema":{"@context":"https:\/\/schema.org","@graph":[{"@type":"WebPage","@id":"https:\/\/oreskylaw.com\/es\/bronx\/abogados-de-accidentes-de-plomero\/","url":"https:\/\/oreskylaw.com\/es\/bronx\/abogados-de-accidentes-de-plomero\/","name":"Abogado de accidentes de plomer\u00eda del Bronx - Oresky & Associates, PLLC","isPartOf":{"@id":"https:\/\/oreskylaw.com\/es\/#website"},"primaryImageOfPage":{"@id":"https:\/\/oreskylaw.com\/es\/bronx\/abogados-de-accidentes-de-plomero\/#primaryimage"},"image":{"@id":"https:\/\/oreskylaw.com\/es\/bronx\/abogados-de-accidentes-de-plomero\/#primaryimage"},"thumbnailUrl":"https:\/\/oreskylaw.com\/wp-content\/uploads\/2026\/01\/plumber-accident-lawyers.png","datePublished":"2025-12-08T02:30:43+00:00","dateModified":"2026-01-30T14:05:03+00:00","description":"\u00bfSufri\u00f3 un accidente de plomer\u00eda en el Bronx? Los abogados especialistas en accidentes de fontaneros de Oresky & Associates, PLLC pueden ayudarle. Llame ahora.","breadcrumb":{"@id":"https:\/\/oreskylaw.com\/es\/bronx\/abogados-de-accidentes-de-plomero\/#breadcrumb"},"inLanguage":"es","potentialAction":[{"@type":"ReadAction","target":["https:\/\/oreskylaw.com\/es\/bronx\/abogados-de-accidentes-de-plomero\/"]}]},{"@type":"ImageObject","inLanguage":"es","@id":"https:\/\/oreskylaw.com\/es\/bronx\/abogados-de-accidentes-de-plomero\/#primaryimage","url":"https:\/\/oreskylaw.com\/wp-content\/uploads\/2026\/01\/plumber-accident-lawyers.png","contentUrl":"https:\/\/oreskylaw.com\/wp-content\/uploads\/2026\/01\/plumber-accident-lawyers.png","width":810,"height":330,"caption":"plumber"},{"@type":"BreadcrumbList","@id":"https:\/\/oreskylaw.com\/es\/bronx\/abogados-de-accidentes-de-plomero\/#breadcrumb","itemListElement":[{"@type":"ListItem","position":1,"name":"Inicio","item":"https:\/\/oreskylaw.com\/es\/"},{"@type":"ListItem","position":2,"name":"Abogado de lesiones personales en el Bronx","item":"https:\/\/oreskylaw.com\/es\/bronx\/"},{"@type":"ListItem","position":3,"name":"Plomer\u00eda"}]},{"@type":"WebSite","@id":"https:\/\/oreskylaw.com\/es\/#website","url":"https:\/\/oreskylaw.com\/es\/","name":"Oresky & Associates PLLC","description":"","publisher":{"@id":"https:\/\/oreskylaw.com\/es\/#organization"},"potentialAction":[{"@type":"SearchAction","target":{"@type":"EntryPoint","urlTemplate":"https:\/\/oreskylaw.com\/es\/?s={search_term_string}"},"query-input":{"@type":"PropertyValueSpecification","valueRequired":true,"valueName":"search_term_string"}}],"inLanguage":"es"}]}},"_links":{"self":[{"href":"https:\/\/oreskylaw.com\/es\/wp-json\/wp\/v2\/pages\/18158","targetHints":{"allow":["GET"]}}],"collection":[{"href":"https:\/\/oreskylaw.com\/es\/wp-json\/wp\/v2\/pages"}],"about":[{"href":"https:\/\/oreskylaw.com\/es\/wp-json\/wp\/v2\/types\/page"}],"author":[{"embeddable":true,"href":"https:\/\/oreskylaw.com\/es\/wp-json\/wp\/v2\/users\/9"}],"replies":[{"embeddable":true,"href":"https:\/\/oreskylaw.com\/es\/wp-json\/wp\/v2\/comments?post=18158"}],"version-history":[{"count":0,"href":"https:\/\/oreskylaw.com\/es\/wp-json\/wp\/v2\/pages\/18158\/revisions"}],"up":[{"embeddable":true,"href":"https:\/\/oreskylaw.com\/es\/wp-json\/wp\/v2\/pages\/17391"}],"wp:featuredmedia":[{"embeddable":true,"href":"https:\/\/oreskylaw.com\/es\/wp-json\/wp\/v2\/media\/24126"}],"wp:attachment":[{"href":"https:\/\/oreskylaw.com\/es\/wp-json\/wp\/v2\/media?parent=18158"}],"curies":[{"name":"wp","href":"https:\/\/api.w.org\/{rel}","templated":true}]}}