{"id":18173,"date":"2025-12-08T02:30:57","date_gmt":"2025-12-08T02:30:57","guid":{"rendered":"https:\/\/oreskylaw.com\/?page_id=18173"},"modified":"2026-01-30T14:47:33","modified_gmt":"2026-01-30T14:47:33","slug":"abogados-de-responsabilidad-de-locales","status":"publish","type":"page","link":"https:\/\/oreskylaw.com\/es\/bronx\/abogados-de-responsabilidad-de-locales\/","title":{"rendered":"Abogado de Responsabilidad de Propiedades"},"content":{"rendered":"<p>\u00bfUsted o un ser querido result\u00f3 lesionado debido a condiciones peligrosas en la propiedad de otra persona en el Bronx, NY? Los propietarios de propiedades en New York pueden ser considerados responsables por el mantenimiento negligente de la propiedad. Un abogado con experiencia en responsabilidad de propiedad en el Bronx de\u00a0<a href=\"https:\/\/oreskylaw.com\/es\/acerca-de-nosotros\/\">Oresky &amp; Associates, PLLC<\/a>\u00a0puede ayudarlo a luchar para recuperar compensaci\u00f3n por gastos m\u00e9dicos, salarios perdidos y m\u00e1s..<\/p>\n<p>Nuestros abogados tienen m\u00e1s de 30 a\u00f1os de experiencia ayudando a las v\u00edctimas de accidentes en NYC a recuperar una compensaci\u00f3n justa por sus lesiones. Debido a nuestro arduo trabajo, hemos recuperado m\u00e1s de $400 millones para nuestros clientes lesionados.<\/p>\n<p>Si ha resultado herido, comun\u00edquese con nuestras oficinas legales en el Bronx, New York o llame al <a href=\"tel:+19293050949\">(929) 305-0949<\/a> para programar una consulta gratuita hoy.<\/p>\n<h2>C\u00f3mo Oresky &amp; Associates, PLLC Puede Ayudar con una Reclamaci\u00f3n de Responsabilidad de Propiedad en el Bronx, NY<\/h2>\n<p>Hay innumerables formas en que puede resultar herido si un propietario no mantiene sus instalaciones. Aunque las leyes de responsabilidad de propiedad de New York exigen que los propietarios mantengan su propiedad, no todos siguen al pie de la letra la ley.<\/p>\n<p>En Oresky &amp; Associates, PLLC, tenemos m\u00e1s de 30 a\u00f1os de experiencia luchando por clientes como usted. Entendemos los desaf\u00edos que enfrenta y sabemos c\u00f3mo ayudarlo a superarlos.<\/p>\n<p>Contratar a un abogado de lesiones personales en el Bronx puede mejorar sus posibilidades de \u00e9xito de muchas maneras. Nuestro equipo:<\/p>\n<ul>\n<li>Realizar\u00e1 una investigaci\u00f3n y reunir\u00e1 evidencia para respaldar su caso.<\/li>\n<li>Localizar\u00e1 a todas las partes responsables.<\/li>\n<li>Evaluar\u00e1 el valor de su caso.<\/li>\n<li>Lo proteger\u00e1 si el propietario de la propiedad lo culpa por haberse lesionado.<\/li>\n<li>Consultar\u00e1 a expertos y especialistas para fortalecer su reclamo.<\/li>\n<li>Manejar\u00e1 todas las negociaciones y comunicaciones con el seguro.<\/li>\n<\/ul>\n<p>Nuestros abogados han sido calificados por Super Lawyers y han obtenido algunos de los acuerdos y veredictos m\u00e1s altos en New York. Tambi\u00e9n hemos estado enfrent\u00e1ndonos a compa\u00f1\u00edas de seguros y abogados defensores desde 1987. Sabemos lo que se necesita para ganar y pondremos toda la fuerza de nuestra experiencia a trabajar para usted.<\/p>\n<h2>\u00bfCu\u00e1nto Vale mi Caso de Responsabilidad de Propiedad en el Bronx?<\/h2>\n<p>Analizar los hechos espec\u00edficos de su caso es la \u00fanica forma de estimar el valor de su caso. Nuestros abogados examinar\u00e1n las circunstancias \u00fanicas de sus lesiones para determinar cu\u00e1nto vale su reclamo por lesiones personales.<\/p>\n<p>Los factores relevantes incluyen:<\/p>\n<div class=\"row\">\n<ul class=\"col-xl-6\">\n<li>El tipo de lesi\u00f3n que ha sufrido.<\/li>\n<li>La duraci\u00f3n de su recuperaci\u00f3n.<\/li>\n<li>El costo de su tratamiento m\u00e9dico y gastos.<\/li>\n<li>Sus ingresos perdidos.<\/li>\n<\/ul>\n<ul class=\"col-xl-6\">\n<li>C\u00f3mo la lesi\u00f3n afectar\u00e1 su futuro, incluyendo su calidad de vida y capacidad para trabajar.<\/li>\n<li>La fortaleza de su caso de negligencia.<\/li>\n<li>Cobertura de seguro disponible.<\/li>\n<\/ul>\n<\/div>\n<p>No espere que la compa\u00f1\u00eda de seguros simplemente acepte la evaluaci\u00f3n de sus da\u00f1os. En su lugar, empujar\u00e1n hacia atr\u00e1s y tratar\u00e1n de minimizar sus lesiones. Puede contar con nuestros abogados para ayudarle a luchar. Llame ahora para obtener m\u00e1s informaci\u00f3n sobre el valor de su caso hoy.<\/p>\n    <div class=\"cw-cta-box\">\n        <div class=\"cw-cta-box__inner \">\n            <div class=\"cw-cta-box__info\">\n                                    <div class=\"label\">\u00a1Llame ahora!<\/div>\n                            <\/div>\n                            <div class=\"contact-phone\">\n                    <a href=\"tel:7189939999\"\n                        aria-label=\"Tap to call button\">\n                        718-993-9999                    <\/a>\n                <\/div>\n                    <\/div>\n                    <a href=\"\/es\/contacto\/\"\n               class=\"cta-btn btn btn--primary btn\"\n               target=\"\">\n                Obtenga Una Consulta Gratuita            <\/a>\n            <\/div>\n    \n<h2>\u00bfQu\u00e9 Tipos de Da\u00f1os est\u00e1n Disponibles en un Caso de Responsabilidad de Propiedad?<\/h2>\n<p>Bajo las leyes de lesiones personales de New York, usted tiene derecho a da\u00f1os y perjuicios tanto por sus p\u00e9rdidas econ\u00f3micas como no econ\u00f3micas. Sin embargo, tendr\u00e1 que identificar todas las p\u00e9rdidas que haya sufrido antes de que la compa\u00f1\u00eda de seguros emita un cheque.<\/p>\n<h3>Da\u00f1os Econ\u00f3micos en New York<\/h3>\n<p>Sus da\u00f1os econ\u00f3micos son sus p\u00e9rdidas financieras. Dependiendo de los hechos, pueden incluir:<\/p>\n<div class=\"row\">\n<ul class=\"col-xl-6\">\n<li>Gastos m\u00e9dicos pasados y futuros.<\/li>\n<li>Salarios perdidos.<\/li>\n<li>Potencial de ganancias reducido.<\/li>\n<li>Terapia f\u00edsica.<\/li>\n<\/ul>\n<ul class=\"col-xl-6\">\n<li>Cuidado de enfermer\u00eda.<\/li>\n<li>Asesoramiento.<\/li>\n<li>Da\u00f1os a la propiedad.<\/li>\n<\/ul>\n<\/div>\n<p>La mayor\u00eda de sus da\u00f1os econ\u00f3micos estar\u00e1n respaldados por recibos y registros. Sin embargo, usted tambi\u00e9n tiene derecho a dinero por sus p\u00e9rdidas futuras, que pueden ser dif\u00edciles de calcular por su cuenta.<\/p>\n<h3>Da\u00f1os No Econ\u00f3micos en New York<\/h3>\n<p>Los da\u00f1os no econ\u00f3micos a menudo se llaman \u00abda\u00f1os por dolor y sufrimiento\u00bb. Ejemplos de los tipos de p\u00e9rdidas no financieras que puede sufrir incluyen:<\/p>\n<ul>\n<li>P\u00edldoras y sufrimientos f\u00edsicos.<\/li>\n<li>Angustia emocional.<\/li>\n<li>Disminuci\u00f3n de la calidad de vida.<\/li>\n<li>Desfiguraci\u00f3n f\u00edsica y cicatrices.<\/li>\n<li>Problemas de salud mental en curso, incluyendo ansiedad, depresi\u00f3n y TEPT.<\/li>\n<li>P\u00e9rdida de consorcio o da\u00f1o a las relaciones.<\/li>\n<\/ul>\n<p>Puede contar con nuestros abogados para luchar por cada d\u00f3lar que merece. Para obtener m\u00e1s informaci\u00f3n sobre c\u00f3mo podemos ayudar a maximizar su recuperaci\u00f3n financiera, llame a nuestro bufete de abogados hoy.<\/p>\n<h2>Nuestros Abogados de Responsabilidad de Propiedad en el Bronx Luchar\u00e1n para Recuperar Compensaci\u00f3n por Todas Sus Lesiones<\/h2>\n<p>Cualquier lesi\u00f3n inesperada puede tener consecuencias graves. En Oresky &amp; Associates, PLLC, lucharemos para recuperar la compensaci\u00f3n justa que se merece por todas sus lesiones, incluyendo:<\/p>\n<div class=\"row\">\n<ul class=\"col-xl-6\">\n<li>Huesos rotos.<\/li>\n<li>Lesiones nerviosas.<\/li>\n<li>Caderas rotas.<\/li>\n<li>Lesiones en manos y mu\u00f1ecas.<\/li>\n<li>Lesiones de rodilla.<\/li>\n<li>Da\u00f1o a tejidos blandos.<\/li>\n<li>Lesiones cerebrales traum\u00e1ticas.<\/li>\n<li>Lesiones de la m\u00e9dula espinal.<\/li>\n<li>Lesiones en la cabeza y el cuello.<\/li>\n<\/ul>\n<ul class=\"col-xl-6\">\n<li>Conmociones cerebrales.<\/li>\n<li>Lesiones de espalda.<\/li>\n<li>Lesiones internas.<\/li>\n<li>Quemaduras.<\/li>\n<li>Lesiones por amputaci\u00f3n.<\/li>\n<li>Par\u00e1lisis.<\/li>\n<li>Lesiones catastr\u00f3ficas.<\/li>\n<li>Muerte por negligencia de un ser querido.<\/li>\n<\/ul>\n<\/div>\n<p>Las lesiones pueden impactar su vida de maneras inesperadas. No deje que las compa\u00f1\u00edas de seguros le digan si sus lesiones son lo suficientemente graves como para tomar medidas legales. En cambio, llame a nuestro equipo legal para una evaluaci\u00f3n gratuita del caso hoy.<\/p>\n<h2>Descripci\u00f3n General de las Leyes de Responsabilidad de Propiedad en el Bronx, New York<\/h2>\n<p>Las leyes de responsabilidad de propiedad hacen responsable financieramente a los propietarios de propiedades negligentes cuando otros resultan heridos debido a condiciones inseguras en su propiedad.<\/p>\n<p>Los propietarios tienen el deber legal de mantener su propiedad en condiciones razonablemente seguras. Usted puede tener un caso v\u00e1lido de accidente de responsabilidad de propiedad si result\u00f3 herido visitando:<\/p>\n<div class=\"row\">\n<ul class=\"col-xl-6\">\n<li>Bares o restaurantes.<\/li>\n<li>Centros comerciales.<\/li>\n<li>Tiendas de comestibles.<\/li>\n<li>Clubes nocturnos.<\/li>\n<li>Edificios de oficinas.<\/li>\n<li>Hoteles.<\/li>\n<\/ul>\n<ul class=\"col-xl-6\">\n<li>Hospitales.<\/li>\n<li>Edificios de apartamentos de alquiler.<\/li>\n<li>Arenas deportivas.<\/li>\n<li>Centros de entretenimiento.<\/li>\n<li>Estacionamientos o garajes.<\/li>\n<\/ul>\n<\/div>\n<p>En Oresky &amp; Associates, PLLC, manejamos todo tipo de reclamaciones de responsabilidad de propiedad en el Bronx, incluyendo aquellas que involucran:<\/p>\n<div class=\"row\">\n<ul class=\"col-xl-6\">\n<li>Accidentes por resbalones y ca\u00eddas.<\/li>\n<li>Reclamos de seguridad negligente que involucran delitos de terceros.<\/li>\n<li>Mordeduras de perros y ataques de animales.<\/li>\n<li>Reclamos de mantenimiento de propiedad negligente.<\/li>\n<li>Iluminaci\u00f3n inadecuada.<\/li>\n<li>Chinches.<\/li>\n<li>Accidentes en el metro.<\/li>\n<\/ul>\n<ul class=\"col-xl-6\">\n<li>Accidentes en parques infantiles.<\/li>\n<li>Accidentes en guarder\u00edas o escuelas.<\/li>\n<li>Lesiones por pintura con plomo.<\/li>\n<li>Accidentes en ascensores.<\/li>\n<li>Seguridad de hotel negligente.<\/li>\n<li>Ca\u00eddas en nieve y hielo.<\/li>\n<\/ul>\n<\/div>\n<p><img loading=\"lazy\" decoding=\"async\" class=\"size-full wp-image-26136 alignleft\" src=\"https:\/\/oreskylaw.com\/wp-content\/uploads\/2026\/01\/Help-After-a-Building-Collapse-Accident.webp\" alt=\"construction accident attorney Bronx NY\" width=\"300\" height=\"197\" \/>Y m\u00e1s<\/p>\n<p>Pr\u00e1cticamente todos los propietarios de propiedades pueden ser considerados responsables por el mantenimiento negligente de la propiedad. Eso incluye propietarios de propiedades privadas, propietarios de negocios, agencias de transporte y otras autoridades gubernamentales responsables de mantener espacios p\u00fablicos.<\/p>\n<p>\u00bfTiene preguntas sobre sus derechos legales despu\u00e9s de un accidente en la propiedad de otra persona? Llame a nuestros abogados en el Bronx para programar una revisi\u00f3n gratuita de su caso hoy.<\/p>\n","protected":false},"excerpt":{"rendered":"<p>\u00bfUsted o un ser querido result\u00f3 lesionado debido a condiciones peligrosas en la propiedad de otra persona en el Bronx, NY? Los propietarios de propiedades en New York pueden ser considerados responsables por el mantenimiento negligente de la propiedad. Un abogado con experiencia en responsabilidad de propiedad en el Bronx de\u00a0Oresky &amp; Associates, PLLC\u00a0puede ayudarlo [&hellip;]<\/p>\n","protected":false},"author":9,"featured_media":23934,"parent":17391,"menu_order":79,"comment_status":"closed","ping_status":"closed","template":"practice-area.php","meta":{"_acf_changed":false,"footnotes":""},"class_list":["post-18173","page","type-page","status-publish","has-post-thumbnail","hentry"],"acf":[],"yoast_head":"<!-- This site is optimized with the Yoast SEO plugin v27.3 - https:\/\/yoast.com\/product\/yoast-seo-wordpress\/ -->\n<title>Abogado de Responsabilidad por Propiedades en el Bronx - Oresky &amp; Associates, PLLC<\/title>\n<meta name=\"description\" content=\"\u00bfLesionado en propiedad ajena en el Bronx? Llame a Oresky &amp; Associates, PLLC para hablar con abogado de lesiones personales que le ayudar\u00e1 ganar compensaci\u00f3n.\" \/>\n<meta name=\"robots\" content=\"index, follow, max-snippet:-1, max-image-preview:large, max-video-preview:-1\" \/>\n<link rel=\"canonical\" href=\"https:\/\/oreskylaw.com\/es\/bronx\/abogados-de-responsabilidad-de-locales\/\" \/>\n<meta property=\"og:locale\" content=\"es_ES\" \/>\n<meta property=\"og:type\" content=\"article\" \/>\n<meta property=\"og:title\" content=\"Abogado de Responsabilidad por Propiedades en el Bronx - Oresky &amp; Associates, PLLC\" \/>\n<meta property=\"og:description\" content=\"\u00bfLesionado en propiedad ajena en el Bronx? Llame a Oresky &amp; Associates, PLLC para hablar con abogado de lesiones personales que le ayudar\u00e1 ganar compensaci\u00f3n.\" \/>\n<meta property=\"og:url\" content=\"https:\/\/oreskylaw.com\/es\/bronx\/abogados-de-responsabilidad-de-locales\/\" \/>\n<meta property=\"og:site_name\" content=\"Oresky &amp; Associates, PLLC\" \/>\n<meta property=\"article:publisher\" content=\"https:\/\/www.facebook.com\/Oreskylaw\/\" \/>\n<meta property=\"article:modified_time\" content=\"2026-01-30T14:47:33+00:00\" \/>\n<meta property=\"og:image\" content=\"https:\/\/oreskylaw.com\/wp-content\/uploads\/2026\/01\/premises-liability-lawyers.png\" \/>\n\t<meta property=\"og:image:width\" content=\"810\" \/>\n\t<meta property=\"og:image:height\" content=\"330\" \/>\n\t<meta property=\"og:image:type\" content=\"image\/png\" \/>\n<meta name=\"twitter:card\" content=\"summary_large_image\" \/>\n<meta name=\"twitter:site\" content=\"@JacobOreskyLaw\" \/>\n<meta name=\"twitter:label1\" content=\"Tiempo de lectura\" \/>\n\t<meta name=\"twitter:data1\" content=\"6 minutos\" \/>\n<!-- \/ Yoast SEO plugin. -->","yoast_head_json":{"title":"Abogado de Responsabilidad por Propiedades en el Bronx - Oresky & Associates, PLLC","description":"\u00bfLesionado en propiedad ajena en el Bronx? Llame a Oresky & Associates, PLLC para hablar con abogado de lesiones personales que le ayudar\u00e1 ganar compensaci\u00f3n.","robots":{"index":"index","follow":"follow","max-snippet":"max-snippet:-1","max-image-preview":"max-image-preview:large","max-video-preview":"max-video-preview:-1"},"canonical":"https:\/\/oreskylaw.com\/es\/bronx\/abogados-de-responsabilidad-de-locales\/","og_locale":"es_ES","og_type":"article","og_title":"Abogado de Responsabilidad por Propiedades en el Bronx - Oresky & Associates, PLLC","og_description":"\u00bfLesionado en propiedad ajena en el Bronx? Llame a Oresky & Associates, PLLC para hablar con abogado de lesiones personales que le ayudar\u00e1 ganar compensaci\u00f3n.","og_url":"https:\/\/oreskylaw.com\/es\/bronx\/abogados-de-responsabilidad-de-locales\/","og_site_name":"Oresky &amp; Associates, PLLC","article_publisher":"https:\/\/www.facebook.com\/Oreskylaw\/","article_modified_time":"2026-01-30T14:47:33+00:00","og_image":[{"width":810,"height":330,"url":"https:\/\/oreskylaw.com\/wp-content\/uploads\/2026\/01\/premises-liability-lawyers.png","type":"image\/png"}],"twitter_card":"summary_large_image","twitter_site":"@JacobOreskyLaw","twitter_misc":{"Tiempo de lectura":"6 minutos"},"schema":{"@context":"https:\/\/schema.org","@graph":[{"@type":"WebPage","@id":"https:\/\/oreskylaw.com\/es\/bronx\/abogados-de-responsabilidad-de-locales\/","url":"https:\/\/oreskylaw.com\/es\/bronx\/abogados-de-responsabilidad-de-locales\/","name":"Abogado de Responsabilidad por Propiedades en el Bronx - Oresky & Associates, PLLC","isPartOf":{"@id":"https:\/\/oreskylaw.com\/es\/#website"},"primaryImageOfPage":{"@id":"https:\/\/oreskylaw.com\/es\/bronx\/abogados-de-responsabilidad-de-locales\/#primaryimage"},"image":{"@id":"https:\/\/oreskylaw.com\/es\/bronx\/abogados-de-responsabilidad-de-locales\/#primaryimage"},"thumbnailUrl":"https:\/\/oreskylaw.com\/wp-content\/uploads\/2026\/01\/premises-liability-lawyers.png","datePublished":"2025-12-08T02:30:57+00:00","dateModified":"2026-01-30T14:47:33+00:00","description":"\u00bfLesionado en propiedad ajena en el Bronx? Llame a Oresky & Associates, PLLC para hablar con abogado de lesiones personales que le ayudar\u00e1 ganar compensaci\u00f3n.","breadcrumb":{"@id":"https:\/\/oreskylaw.com\/es\/bronx\/abogados-de-responsabilidad-de-locales\/#breadcrumb"},"inLanguage":"es","potentialAction":[{"@type":"ReadAction","target":["https:\/\/oreskylaw.com\/es\/bronx\/abogados-de-responsabilidad-de-locales\/"]}]},{"@type":"ImageObject","inLanguage":"es","@id":"https:\/\/oreskylaw.com\/es\/bronx\/abogados-de-responsabilidad-de-locales\/#primaryimage","url":"https:\/\/oreskylaw.com\/wp-content\/uploads\/2026\/01\/premises-liability-lawyers.png","contentUrl":"https:\/\/oreskylaw.com\/wp-content\/uploads\/2026\/01\/premises-liability-lawyers.png","width":810,"height":330,"caption":"walking up stairs"},{"@type":"BreadcrumbList","@id":"https:\/\/oreskylaw.com\/es\/bronx\/abogados-de-responsabilidad-de-locales\/#breadcrumb","itemListElement":[{"@type":"ListItem","position":1,"name":"Inicio","item":"https:\/\/oreskylaw.com\/es\/"},{"@type":"ListItem","position":2,"name":"Abogado de lesiones personales en el Bronx","item":"https:\/\/oreskylaw.com\/es\/bronx\/"},{"@type":"ListItem","position":3,"name":"Abogado de Responsabilidad de Propiedades"}]},{"@type":"WebSite","@id":"https:\/\/oreskylaw.com\/es\/#website","url":"https:\/\/oreskylaw.com\/es\/","name":"Oresky & Associates PLLC","description":"","publisher":{"@id":"https:\/\/oreskylaw.com\/es\/#organization"},"potentialAction":[{"@type":"SearchAction","target":{"@type":"EntryPoint","urlTemplate":"https:\/\/oreskylaw.com\/es\/?s={search_term_string}"},"query-input":{"@type":"PropertyValueSpecification","valueRequired":true,"valueName":"search_term_string"}}],"inLanguage":"es"}]}},"_links":{"self":[{"href":"https:\/\/oreskylaw.com\/es\/wp-json\/wp\/v2\/pages\/18173","targetHints":{"allow":["GET"]}}],"collection":[{"href":"https:\/\/oreskylaw.com\/es\/wp-json\/wp\/v2\/pages"}],"about":[{"href":"https:\/\/oreskylaw.com\/es\/wp-json\/wp\/v2\/types\/page"}],"author":[{"embeddable":true,"href":"https:\/\/oreskylaw.com\/es\/wp-json\/wp\/v2\/users\/9"}],"replies":[{"embeddable":true,"href":"https:\/\/oreskylaw.com\/es\/wp-json\/wp\/v2\/comments?post=18173"}],"version-history":[{"count":0,"href":"https:\/\/oreskylaw.com\/es\/wp-json\/wp\/v2\/pages\/18173\/revisions"}],"up":[{"embeddable":true,"href":"https:\/\/oreskylaw.com\/es\/wp-json\/wp\/v2\/pages\/17391"}],"wp:featuredmedia":[{"embeddable":true,"href":"https:\/\/oreskylaw.com\/es\/wp-json\/wp\/v2\/media\/23934"}],"wp:attachment":[{"href":"https:\/\/oreskylaw.com\/es\/wp-json\/wp\/v2\/media?parent=18173"}],"curies":[{"name":"wp","href":"https:\/\/api.w.org\/{rel}","templated":true}]}}