{"id":18184,"date":"2025-12-08T02:31:18","date_gmt":"2025-12-08T02:31:18","guid":{"rendered":"https:\/\/oreskylaw.com\/?page_id=18184"},"modified":"2026-01-30T14:07:47","modified_gmt":"2026-01-30T14:07:47","slug":"abogados-de-responsabilidad-del-producto","status":"publish","type":"page","link":"https:\/\/oreskylaw.com\/es\/bronx\/abogados-de-responsabilidad-del-producto\/","title":{"rendered":"Abogado de Responsabilidad de Producto"},"content":{"rendered":"<p>\u00bfUsted o un ser querido sufri\u00f3 lesiones mientras utilizaba un producto defectuoso o peligroso en el Bronx, NY? Los fabricantes de productos pueden ser estrictamente responsables por productos defectuosos. Un abogado de responsabilidad de producto en el Bronx de\u00a0<a href=\"https:\/\/oreskylaw.com\/es\/acerca-de-nosotros\/\">Oresky &amp; Associates, PLLC<\/a> puede ayudarle a luchar para recuperar compensaci\u00f3n por gastos m\u00e9dicos, salarios perdidos y m\u00e1s.<\/p>\n<p>Hemos estado luchando arduamente para proteger los derechos de clientes lesionados en NYC desde nuestra fundaci\u00f3n en 1992. En ese tiempo, hemos recuperado m\u00e1s de $400 millones en compensaci\u00f3n para nuestros clientes satisfechos.<\/p>\n<p>Estamos listos para poner nuestra experiencia a trabajar para usted. Todo lo que tiene que hacer es llamar a nuestro bufete de abogados en el Bronx, New York al\u00a0<a href=\"tel:+19299304705\">(929) 930-4705<\/a>\u00a0o\u00a0<a href=\"https:\/\/oreskylaw.com\/es\/contacto\/\">contactarnos aqu\u00ed<\/a> para programar una consulta gratuita hoy.<\/p>\n<h2>C\u00f3mo Puede Ayudar Oresky &amp; Associates, PLLC con una Reclamaci\u00f3n de Responsabilidad de Producto en el Bronx<\/h2>\n<p>Big Pharma y otras compa\u00f1\u00edas manufactureras generan miles de millones de d\u00f3lares vendiendo productos al consumidor cada a\u00f1o. Con demasiada frecuencia, esos productos son peligrosos para los consumidores.<\/p>\n<p>Aunque los fabricantes pueden ser estrictamente responsables por da\u00f1os, probar un caso de responsabilidad de producto no es f\u00e1cil. Incluso si el defecto parece obvio, las compa\u00f1\u00edas de seguros dificultan la obtenci\u00f3n de la compensaci\u00f3n justa que merece. Un experimentado abogado de responsabilidad de producto en el Bronx puede nivelar el campo de juego y luchar por el dinero que necesita.<\/p>\n<p>Cuando contrata a Oresky &amp; Associates, PLLC tendr\u00e1 un abogado con m\u00e1s de 30 a\u00f1os de experiencia en su esquina. Nuestros respetados abogados han sido calificados por Super Lawyers e incluidos en la revista \u00abNew York&#8217;s Leading Personal Injury Lawyers\u00bb de New York Magazine.<\/p>\n<p>Cuenta con nosotros para:<\/p>\n<ul>\n<li>Identificar el defecto del producto y probar que el defecto caus\u00f3 sus lesiones.<\/li>\n<li>Calcular el valor justo de su reclamaci\u00f3n por lesiones personales.<\/li>\n<li>Identificar todas las posibles fuentes de compensaci\u00f3n.<\/li>\n<li>Contratar expertos y especialistas para fortalecer su caso.<\/li>\n<li>Negociar con las compa\u00f1\u00edas de seguros en su nombre.<\/li>\n<\/ul>\n<p>Tomar acci\u00f3n legal puede ser abrumador. Nuestros abogados de lesiones personales en el Bronx est\u00e1n aqu\u00ed para ayudar. Llame para su consulta inicial gratuita para aprender m\u00e1s sobre nuestras \u00e1reas de pr\u00e1ctica y resultados de casos.<\/p>\n<h2>\u00bfQu\u00e9 tan Comunes son los Productos de Consumo Defectuosos?<\/h2>\n<p>No todos los productos defectuosos atraen una cobertura medi\u00e1tica generalizada. De manera similar, la FDA y la CPSC no tienen que emitir un retiro de producto para que un producto sea peligroso.<\/p>\n<p>Aqu\u00ed hay algunas estad\u00edsticas que ilustran cu\u00e1n comunes son los productos defectuosos:<\/p>\n<ul>\n<li>Estudios muestran que alrededor de un tercio de todos los medicamentos aprobados por la FDA sufren de efectos secundarios peligrosos.<\/li>\n<li>En un solo a\u00f1o, 1.000 retiros de veh\u00edculos afectaron a 35 millones de consumidores.<\/li>\n<li>Dispositivos m\u00e9dicos defectuosos causaron 1.7 millones de lesiones y 83.000 muertes durante un per\u00edodo de nueve a\u00f1os.<\/li>\n<\/ul>\n<p>En general, alrededor de 40 millones de estadounidenses son lesionados por productos defectuosos cada a\u00f1o. Otros 46.200 pierden sus vidas.<\/p>\n    <div class=\"cw-cta-box\">\n        <div class=\"cw-cta-box__inner \">\n            <div class=\"cw-cta-box__info\">\n                                    <div class=\"label\">\u00a1Llame ahora!<\/div>\n                            <\/div>\n                            <div class=\"contact-phone\">\n                    <a href=\"tel:7189939999\"\n                        aria-label=\"Tap to call button\">\n                        718-993-9999                    <\/a>\n                <\/div>\n                    <\/div>\n                    <a href=\"\/es\/contacto\/\"\n               class=\"cta-btn btn btn--primary btn\"\n               target=\"\">\n                Obtenga Una Consulta Gratuita            <\/a>\n            <\/div>\n    \n<h2>Panorama General de las Leyes de Responsabilidad de Producto en New York<\/h2>\n<p>Los fabricantes, dise\u00f1adores e incluso los mayoristas pueden ser estrictamente responsables por da\u00f1os cuando venden productos defectuosos. Muchas partes diferentes est\u00e1n involucradas en la producci\u00f3n de un producto al consumidor. Dependiendo de los hechos, cualquiera de esas partes podr\u00eda ser responsable de permitir que un producto defectuoso llegue al mercado.<\/p>\n<p>Usted no tiene que esperar un retiro de producto para tomar acci\u00f3n legal. Algunos defectos de productos no se descubren hasta que miles de personas han sido da\u00f1adas.<\/p>\n<p>Si usted fue lesionado, nuestros abogados pueden ayudarle a probar qui\u00e9n fue responsable.<\/p>\n<h2>\u00bfCu\u00e1nto Vale Mi Caso de Responsabilidad de Producto en el Bronx?<\/h2>\n<p>Las leyes de lesiones personales de New York est\u00e1n dise\u00f1adas para hacer que las v\u00edctimas se \u00abrecuperen\u00bb nuevamente despu\u00e9s de un accidente. Eso puede parecer imposible si ha sufrido una lesi\u00f3n permanente. A\u00fan as\u00ed, es necesario poner un valor monetario en su sufrimiento para responsabilizar a las partes responsables.<\/p>\n<p>Muchos factores son relevantes para calcular el valor de su caso de lesiones personales, incluyendo:<\/p>\n<ul>\n<li>El tipo de da\u00f1o que ha sufrido.<\/li>\n<li>El costo de su tratamiento m\u00e9dico.<\/li>\n<li>Si sufrir\u00e1 da\u00f1os permanentes.<\/li>\n<li>El impacto de la lesi\u00f3n o enfermedad en su capacidad para trabajar y calidad de vida.<\/li>\n<li>Si la responsabilidad ha sido claramente establecida.<\/li>\n<li>Si es elegible para presentar una demanda colectiva o participar en litigios multidistritales (MDL).<\/li>\n<\/ul>\n<p>Los casos de responsabilidad de producto pueden ser dif\u00edciles de manejar por su cuenta. En casi todos los casos, el demandado es una gran corporaci\u00f3n con equipos de abogados defensores de su lado. Estas corporaciones saben c\u00f3mo defenderse y c\u00f3mo minimizar la gravedad de sus lesiones.<\/p>\n<p>Afortunadamente, nuestros abogados de responsabilidad de producto en el Bronx saben c\u00f3mo contraatacar. Haremos todo lo posible para recuperar la m\u00e1xima compensaci\u00f3n que se merece. Ll\u00e1menos hoy para programar una evaluaci\u00f3n de caso gratuita y obtener la representaci\u00f3n legal de confianza que se merece.<\/p>\n<h2>\u00bfQu\u00e9 Tipos de Da\u00f1os Est\u00e1n Disponibles en Casos de Responsabilidad de Producto?<\/h2>\n<p>Las v\u00edctimas de productos defectuosos pueden buscar compensaci\u00f3n por sus da\u00f1os econ\u00f3micos y da\u00f1os no econ\u00f3micos. Eso significa que tiene derecho a compensaci\u00f3n tanto por p\u00e9rdidas financieras como por p\u00e9rdidas que no tienen un valor financiero claro.<\/p>\n<p>Usted puede tener derecho a compensaci\u00f3n por:<\/p>\n<div class=\"row\">\n<ul class=\"col-xl-6\">\n<li>Gastos m\u00e9dicos pasados y futuros.<\/li>\n<li>Salarios perdidos.<\/li>\n<li>Reducci\u00f3n del potencial de ganancias futuras.<\/li>\n<li>Rehabilitaci\u00f3n.<\/li>\n<li>Cuidado de enfermer\u00eda.<\/li>\n<li>Cuidado a largo plazo.<\/li>\n<\/ul>\n<ul class=\"col-xl-6\">\n<li>Medicamentos y dispositivos m\u00e9dicos.<\/li>\n<li>Dolor y sufrimiento.<\/li>\n<li>Angustia emocional.<\/li>\n<li>Disminuci\u00f3n de la calidad de vida.<\/li>\n<li>Desfiguraci\u00f3n o cicatrices permanentes.<\/li>\n<li>Ansiedad, depresi\u00f3n y TEPT.<\/li>\n<li>P\u00e9rdida de consorcio.<\/li>\n<\/ul>\n<\/div>\n<p>Algunos actos son tan impactantes que los tribunales otorgar\u00e1n da\u00f1os punitivos. Los da\u00f1os punitivos se otorgan \u00fanicamente para castigar al demandado en lugar de compensar al demandante por una p\u00e9rdida espec\u00edfica.<\/p>\n<h2>Nuestros Abogados de Responsabilidad de Producto en el Bronx Luchar\u00e1n para Recuperar Compensaci\u00f3n por Todas Sus Lesiones<\/h2>\n<p>Los productos defectuosos pueden causar da\u00f1os graves a largo plazo.<\/p>\n<p>Nuestros abogados en el Bronx a menudo representan a clientes que han sufrido:<\/p>\n<div class=\"row\">\n<ul class=\"col-xl-6\">\n<li>Cortes y laceraciones.<\/li>\n<li>Quemaduras.<\/li>\n<li>Huesos rotos.<\/li>\n<li>Da\u00f1o nervioso.<\/li>\n<li>Da\u00f1o en tejidos blandos.<\/li>\n<li>Lesiones cerebrales traum\u00e1ticas.<\/li>\n<li>Lesiones de la m\u00e9dula espinal.<\/li>\n<li>C\u00e1ncer y otras enfermedades graves.<\/li>\n<\/ul>\n<ul class=\"col-xl-6\">\n<li>Problemas respiratorios.<\/li>\n<li>Electrocuci\u00f3n o choque el\u00e9ctrico.<\/li>\n<li>Da\u00f1o de \u00f3rganos internos.<\/li>\n<li>Envenenamiento.<\/li>\n<li>Amputaciones, par\u00e1lisis y otras lesiones catastr\u00f3ficas.<\/li>\n<li>Muerte injusta de un ser querido.<\/li>\n<\/ul>\n<\/div>\n<p>Una lesi\u00f3n o enfermedad grave tambi\u00e9n puede causar serios problemas de salud mental. Si usted o un ser querido est\u00e1 sufriendo, no dude en llamar a nuestras oficinas legales para programar una revisi\u00f3n de caso gratuita hoy.<\/p>\n<h2>Manejamos Todo Tipo de Reclamaciones de Responsabilidad de Producto en el Bronx, New York<\/h2>\n<p>Nuestros abogados tienen experiencia manejando una amplia gama de casos complejos de responsabilidad de producto.<\/p>\n<p>Estamos aqu\u00ed para ayudar si fue lesionado debido a un peligroso o defectuoso:<\/p>\n<div class=\"row\">\n<ul class=\"col-xl-6\">\n<li>Medicamento recetado, incluyendo opioides.<\/li>\n<li>Medicamento de venta libre, incluyendo Prilosec y Nexium.<\/li>\n<li>Dispositivo m\u00e9dico, incluyendo malla para hernias, m\u00e1quinas CPAP y filtros IVC.<\/li>\n<li>Electrodom\u00e9stico.<\/li>\n<li>Roundup herbicida y otros productos de cuidado del c\u00e9sped.<\/li>\n<li>Juguete infantil, muebles y asientos de coches.<\/li>\n<\/ul>\n<ul class=\"col-xl-6\">\n<li>Componentes de seguridad del autom\u00f3vil, como bolsas de aire y cinturones de seguridad.<\/li>\n<li>Bater\u00eda.<\/li>\n<li>Bol\u00edgrafo de vapeo.<\/li>\n<li>Herramienta el\u00e9ctrica.<\/li>\n<li>Equipo de construcci\u00f3n.<\/li>\n<li>Producto de cuidado personal, incluyendo talco en polvo.<\/li>\n<\/ul>\n<\/div>\n<p>Cualquier tipo de producto puede volverse peligroso si se ensambla incorrectamente. Nuestros abogados evaluar\u00e1n su caso de forma gratuita, as\u00ed que no dude en comunicarse para una revisi\u00f3n de caso gratuita si ha sido lesionado utilizando un producto de consumo.<\/p>\n<h3>Defectos de Dise\u00f1o<\/h3>\n<p>Un defecto de dise\u00f1o es un problema con el dise\u00f1o, composici\u00f3n o estructura del producto. En casos que involucran defectos de dise\u00f1o, cada producto del mismo tipo sufre del mismo defecto. Por eso, estos casos a menudo son objeto de demandas colectivas.<\/p>\n<p>El herbicida Roundup es un ejemplo reciente de un producto que sufri\u00f3 de un defecto de dise\u00f1o. Eso se debe a que se ha demostrado que la exposici\u00f3n al ingrediente activo del producto aumenta el riesgo de desarrollar c\u00e1ncer.<\/p>\n<h3>Defectos de Fabricaci\u00f3n<\/h3>\n<p>Algunos productos son peligrosos debido a un error en el proceso de fabricaci\u00f3n. Por ejemplo, si un medicamento recetado se contamina durante la fabricaci\u00f3n, un lote \u00fanico puede sufrir de un defecto. Tambi\u00e9n es posible que solo un producto haya sido defectuoso.<\/p>\n<h3>Defectos de Comercializaci\u00f3n<\/h3>\n<p>Un defecto de comercializaci\u00f3n es un fallo en advertir a los consumidores sobre los riesgos asociados con un producto. Los casos de defecto de comercializaci\u00f3n tambi\u00e9n pueden basarse en la falta de proporcionar instrucciones para el uso correcto.<\/p>\n<p>Un ejemplo de un defecto de comercializaci\u00f3n es cuando una compa\u00f1\u00eda farmac\u00e9utica no advierte a los pacientes sobre los riesgos asociados con un medicamento recetado.<\/p>\n<h3>Teor\u00edas de Negligencia<\/h3>\n<p>Tambi\u00e9n es posible que pueda tener un caso v\u00e1lido de responsabilidad de producto basado en negligencia. Si el fabricante no ejerci\u00f3 un cuidado razonable para garantizar la seguridad del producto, pueden ser responsables por da\u00f1os.<\/p>\n<h2>\u00bfQu\u00e9 Tipo de Da\u00f1os Est\u00e1n Disponibles para las V\u00edctimas de Accidentes de Construcci\u00f3n?<\/h2>\n<p><img loading=\"lazy\" decoding=\"async\" class=\"size-full wp-image-12401 alignright\" src=\"https:\/\/oreskylaw.com\/wp-content\/uploads\/2026\/01\/How-Can-I-Recover-Compensation-After-a-Welding-Accident-on-a-Construction-Site.webp\" alt=\"construction accident attorney bronx ny\" width=\"300\" height=\"200\" \/>Las leyes de compensaci\u00f3n para trabajadores de New York proporcionan compensaci\u00f3n por:<\/p>\n<ul>\n<li>Toda la atenci\u00f3n m\u00e9dica razonable y necesaria.<\/li>\n<li>Beneficios por discapacidad temporal.<\/li>\n<li>Beneficios por discapacidad permanente.<\/li>\n<li>Beneficios por muerte para los sobrevivientes en casos de accidentes laborales fatales.<\/li>\n<\/ul>\n<p>Usted tiene autom\u00e1ticamente derecho a beneficios de compensaci\u00f3n laboral. Sin embargo, eso no siempre significa que sea f\u00e1cil obtener el monto total que se le debe.<\/p>\n<p>Oresky &amp; Associates, PLLC puede ayudarle a manejar cualquier desaf\u00edo que encuentre en su camino hacia la compensaci\u00f3n. Establezca una evaluaci\u00f3n de caso gratuita hoy para descubrir cu\u00e1nto podr\u00eda valer su reclamo.<\/p>\n<h3>Da\u00f1os Monetarios por Lesiones Personales en una Demanda de Terceros<\/h3>\n<p>Es posible que alguien que no sea su empleador o un compa\u00f1ero de trabajo haya causado el accidente. En casos de lesiones personales, los demandantes tienen derecho a da\u00f1os econ\u00f3micos y no econ\u00f3micos.<\/p>\n<p>Estos da\u00f1os est\u00e1n destinados a pagar por p\u00e9rdidas resultantes de:<\/p>\n<div class=\"row\">\n<ul class=\"col-xl-6\">\n<li>Dolor y sufrimiento.<\/li>\n<li>Dolor emocional y sufrimiento.<\/li>\n<li>P\u00e9rdida de servicios.<\/li>\n<li>P\u00e9rdida futura de salario y beneficios no cubiertos por la compensaci\u00f3n para trabajadores.<\/li>\n<li>Gastos m\u00e9dicos que la compensaci\u00f3n para trabajadores no cubrir\u00e1.<\/li>\n<\/ul>\n<ul class=\"col-xl-6\">\n<li>Reducci\u00f3n del potencial de ganancias.<\/li>\n<li>Da\u00f1o a la propiedad.<\/li>\n<li>Disminuci\u00f3n de la calidad de vida.<\/li>\n<li>Desfiguraci\u00f3n o cicatrices.<\/li>\n<li>Ansiedad, depresi\u00f3n o TEPT.<\/li>\n<li>P\u00e9rdida de consorcio.<\/li>\n<\/ul>\n<\/div>\n<p>Si tiene preguntas sobre su derecho a compensaci\u00f3n despu\u00e9s de un accidente de construcci\u00f3n, estamos felices de ayudar. Contacte a nuestro equipo hoy para una revisi\u00f3n inicial gratuita.<\/p>\n<h2>Lucharemos para Recuperar Compensaci\u00f3n por Todas sus Lesiones en Accidentes de Construcci\u00f3n<\/h2>\n<p>Cualquier lesi\u00f3n relacionada con el trabajo puede trastornar su mundo. Afortunadamente, no tiene que dejar que los proveedores de seguros decidan si sus lesiones son lo suficientemente graves como para justificar una indemnizaci\u00f3n. En su lugar, llame a Oresky &amp; Associates, PLLC para obtener m\u00e1s informaci\u00f3n sobre sus derechos legales.<\/p>\n<p>En Oresky &amp; Associates, PLLC, hemos representado a clientes que han sufrido:<\/p>\n<div class=\"row\">\n<ul class=\"col-xl-6\">\n<li>Huesos rotos.<\/li>\n<li>Lesiones por aplastamiento.<\/li>\n<li>Quemaduras.<\/li>\n<li>Lesiones oculares.<\/li>\n<li>Lesiones cerebrales traum\u00e1ticas.<\/li>\n<li>Lesiones de la m\u00e9dula espinal.<\/li>\n<li>Lesiones de cabeza y cuello.<\/li>\n<li>Conmociones cerebrales.<\/li>\n<\/ul>\n<ul class=\"col-xl-6\">\n<li>Lesiones de espalda.<\/li>\n<li>Da\u00f1o de \u00f3rganos.<\/li>\n<li>Lesiones nerviosas.<\/li>\n<li>Amputaciones y p\u00e9rdida de extremidades.<\/li>\n<li>Par\u00e1lisis.<\/li>\n<li>Lesiones catastr\u00f3ficas.<\/li>\n<li>Da\u00f1o de tejidos blandos.<\/li>\n<li>Muerte injusta de un ser querido.<\/li>\n<\/ul>\n<\/div>\n<p>Usted merece ayuda para lidiar con las p\u00e9rdidas que ha experimentado. Podemos ayudar a asegurarnos de que obtenga lo que necesita.<\/p>\n","protected":false},"excerpt":{"rendered":"<p>\u00bfUsted o un ser querido sufri\u00f3 lesiones mientras utilizaba un producto defectuoso o peligroso en el Bronx, NY? Los fabricantes de productos pueden ser estrictamente responsables por productos defectuosos. Un abogado de responsabilidad de producto en el Bronx de\u00a0Oresky &amp; Associates, PLLC puede ayudarle a luchar para recuperar compensaci\u00f3n por gastos m\u00e9dicos, salarios perdidos y [&hellip;]<\/p>\n","protected":false},"author":9,"featured_media":23942,"parent":17391,"menu_order":80,"comment_status":"closed","ping_status":"closed","template":"practice-area.php","meta":{"_acf_changed":false,"footnotes":""},"class_list":["post-18184","page","type-page","status-publish","has-post-thumbnail","hentry"],"acf":[],"yoast_head":"<!-- This site is optimized with the Yoast SEO plugin v27.3 - https:\/\/yoast.com\/product\/yoast-seo-wordpress\/ -->\n<title>Abogado de Responsabilidad por Productos en el Bronx - Oresky &amp; Associates, PLLC<\/title>\n<meta name=\"description\" content=\"\u00bfLesionado por un producto defectuoso? Llame a nuestro abogado especialista en responsabilidad de producto en Bronx para conocer su derecho a compensaci\u00f3n.\" \/>\n<meta name=\"robots\" content=\"index, follow, max-snippet:-1, max-image-preview:large, max-video-preview:-1\" \/>\n<link rel=\"canonical\" href=\"https:\/\/oreskylaw.com\/es\/bronx\/abogados-de-responsabilidad-del-producto\/\" \/>\n<meta property=\"og:locale\" content=\"es_ES\" \/>\n<meta property=\"og:type\" content=\"article\" \/>\n<meta property=\"og:title\" content=\"Abogado de Responsabilidad por Productos en el Bronx - Oresky &amp; Associates, PLLC\" \/>\n<meta property=\"og:description\" content=\"\u00bfLesionado por un producto defectuoso? Llame a nuestro abogado especialista en responsabilidad de producto en Bronx para conocer su derecho a compensaci\u00f3n.\" \/>\n<meta property=\"og:url\" content=\"https:\/\/oreskylaw.com\/es\/bronx\/abogados-de-responsabilidad-del-producto\/\" \/>\n<meta property=\"og:site_name\" content=\"Oresky &amp; Associates, PLLC\" \/>\n<meta property=\"article:publisher\" content=\"https:\/\/www.facebook.com\/Oreskylaw\/\" \/>\n<meta property=\"article:modified_time\" content=\"2026-01-30T14:07:47+00:00\" \/>\n<meta property=\"og:image\" content=\"https:\/\/oreskylaw.com\/wp-content\/uploads\/2026\/01\/product-liability-lawyers.png\" \/>\n\t<meta property=\"og:image:width\" content=\"810\" \/>\n\t<meta property=\"og:image:height\" content=\"330\" \/>\n\t<meta property=\"og:image:type\" content=\"image\/png\" \/>\n<meta name=\"twitter:card\" content=\"summary_large_image\" \/>\n<meta name=\"twitter:site\" content=\"@JacobOreskyLaw\" \/>\n<meta name=\"twitter:label1\" content=\"Tiempo de lectura\" \/>\n\t<meta name=\"twitter:data1\" content=\"9 minutos\" \/>\n<!-- \/ Yoast SEO plugin. -->","yoast_head_json":{"title":"Abogado de Responsabilidad por Productos en el Bronx - Oresky & Associates, PLLC","description":"\u00bfLesionado por un producto defectuoso? Llame a nuestro abogado especialista en responsabilidad de producto en Bronx para conocer su derecho a compensaci\u00f3n.","robots":{"index":"index","follow":"follow","max-snippet":"max-snippet:-1","max-image-preview":"max-image-preview:large","max-video-preview":"max-video-preview:-1"},"canonical":"https:\/\/oreskylaw.com\/es\/bronx\/abogados-de-responsabilidad-del-producto\/","og_locale":"es_ES","og_type":"article","og_title":"Abogado de Responsabilidad por Productos en el Bronx - Oresky & Associates, PLLC","og_description":"\u00bfLesionado por un producto defectuoso? Llame a nuestro abogado especialista en responsabilidad de producto en Bronx para conocer su derecho a compensaci\u00f3n.","og_url":"https:\/\/oreskylaw.com\/es\/bronx\/abogados-de-responsabilidad-del-producto\/","og_site_name":"Oresky &amp; Associates, PLLC","article_publisher":"https:\/\/www.facebook.com\/Oreskylaw\/","article_modified_time":"2026-01-30T14:07:47+00:00","og_image":[{"width":810,"height":330,"url":"https:\/\/oreskylaw.com\/wp-content\/uploads\/2026\/01\/product-liability-lawyers.png","type":"image\/png"}],"twitter_card":"summary_large_image","twitter_site":"@JacobOreskyLaw","twitter_misc":{"Tiempo de lectura":"9 minutos"},"schema":{"@context":"https:\/\/schema.org","@graph":[{"@type":"WebPage","@id":"https:\/\/oreskylaw.com\/es\/bronx\/abogados-de-responsabilidad-del-producto\/","url":"https:\/\/oreskylaw.com\/es\/bronx\/abogados-de-responsabilidad-del-producto\/","name":"Abogado de Responsabilidad por Productos en el Bronx - Oresky & Associates, PLLC","isPartOf":{"@id":"https:\/\/oreskylaw.com\/es\/#website"},"primaryImageOfPage":{"@id":"https:\/\/oreskylaw.com\/es\/bronx\/abogados-de-responsabilidad-del-producto\/#primaryimage"},"image":{"@id":"https:\/\/oreskylaw.com\/es\/bronx\/abogados-de-responsabilidad-del-producto\/#primaryimage"},"thumbnailUrl":"https:\/\/oreskylaw.com\/wp-content\/uploads\/2026\/01\/product-liability-lawyers.png","datePublished":"2025-12-08T02:31:18+00:00","dateModified":"2026-01-30T14:07:47+00:00","description":"\u00bfLesionado por un producto defectuoso? Llame a nuestro abogado especialista en responsabilidad de producto en Bronx para conocer su derecho a compensaci\u00f3n.","breadcrumb":{"@id":"https:\/\/oreskylaw.com\/es\/bronx\/abogados-de-responsabilidad-del-producto\/#breadcrumb"},"inLanguage":"es","potentialAction":[{"@type":"ReadAction","target":["https:\/\/oreskylaw.com\/es\/bronx\/abogados-de-responsabilidad-del-producto\/"]}]},{"@type":"ImageObject","inLanguage":"es","@id":"https:\/\/oreskylaw.com\/es\/bronx\/abogados-de-responsabilidad-del-producto\/#primaryimage","url":"https:\/\/oreskylaw.com\/wp-content\/uploads\/2026\/01\/product-liability-lawyers.png","contentUrl":"https:\/\/oreskylaw.com\/wp-content\/uploads\/2026\/01\/product-liability-lawyers.png","width":810,"height":330,"caption":"defective drugs"},{"@type":"BreadcrumbList","@id":"https:\/\/oreskylaw.com\/es\/bronx\/abogados-de-responsabilidad-del-producto\/#breadcrumb","itemListElement":[{"@type":"ListItem","position":1,"name":"Inicio","item":"https:\/\/oreskylaw.com\/es\/"},{"@type":"ListItem","position":2,"name":"Abogado de lesiones personales en el Bronx","item":"https:\/\/oreskylaw.com\/es\/bronx\/"},{"@type":"ListItem","position":3,"name":"Abogado de Responsabilidad de Producto"}]},{"@type":"WebSite","@id":"https:\/\/oreskylaw.com\/es\/#website","url":"https:\/\/oreskylaw.com\/es\/","name":"Oresky & Associates PLLC","description":"","publisher":{"@id":"https:\/\/oreskylaw.com\/es\/#organization"},"potentialAction":[{"@type":"SearchAction","target":{"@type":"EntryPoint","urlTemplate":"https:\/\/oreskylaw.com\/es\/?s={search_term_string}"},"query-input":{"@type":"PropertyValueSpecification","valueRequired":true,"valueName":"search_term_string"}}],"inLanguage":"es"}]}},"_links":{"self":[{"href":"https:\/\/oreskylaw.com\/es\/wp-json\/wp\/v2\/pages\/18184","targetHints":{"allow":["GET"]}}],"collection":[{"href":"https:\/\/oreskylaw.com\/es\/wp-json\/wp\/v2\/pages"}],"about":[{"href":"https:\/\/oreskylaw.com\/es\/wp-json\/wp\/v2\/types\/page"}],"author":[{"embeddable":true,"href":"https:\/\/oreskylaw.com\/es\/wp-json\/wp\/v2\/users\/9"}],"replies":[{"embeddable":true,"href":"https:\/\/oreskylaw.com\/es\/wp-json\/wp\/v2\/comments?post=18184"}],"version-history":[{"count":0,"href":"https:\/\/oreskylaw.com\/es\/wp-json\/wp\/v2\/pages\/18184\/revisions"}],"up":[{"embeddable":true,"href":"https:\/\/oreskylaw.com\/es\/wp-json\/wp\/v2\/pages\/17391"}],"wp:featuredmedia":[{"embeddable":true,"href":"https:\/\/oreskylaw.com\/es\/wp-json\/wp\/v2\/media\/23942"}],"wp:attachment":[{"href":"https:\/\/oreskylaw.com\/es\/wp-json\/wp\/v2\/media?parent=18184"}],"curies":[{"name":"wp","href":"https:\/\/api.w.org\/{rel}","templated":true}]}}