{"id":18198,"date":"2025-12-08T02:31:36","date_gmt":"2025-12-08T02:31:36","guid":{"rendered":"https:\/\/oreskylaw.com\/?page_id=18198"},"modified":"2026-01-30T14:11:39","modified_gmt":"2026-01-30T14:11:39","slug":"abogados-de-accidentes-de-coche-por-alcance","status":"publish","type":"page","link":"https:\/\/oreskylaw.com\/es\/bronx\/abogados-de-accidentes-de-coche-por-alcance\/","title":{"rendered":"Abogado de Accidentes de Auto por Alcance Trasero"},"content":{"rendered":"<p>\u00bfResultaste herido en un choque por alcance trasero en el Bronx, NY? No est\u00e1s solo. Las colisiones por alcance trasero ocurren con frecuencia en lugares congestionados como la ciudad de Nueva York. Si alguien m\u00e1s tuvo la culpa, deben ser responsables financieramente.<\/p>\n<p>Oresky &amp; Associates, PLLC luchar\u00e1 para obtener la compensaci\u00f3n que mereces por tu dolor y sufrimiento, facturas m\u00e9dicas y salarios perdidos. Durante\u00a0<strong>m\u00e1s de 30 a\u00f1os<\/strong>, hemos ayudado a v\u00edctimas lesionadas a obtener el dinero que les corresponde despu\u00e9s de que <a href=\"https:\/\/oreskylaw.com\/es\/bronx\/abogados-de-accidentes-de-auto\/\">accidentes automovil\u00edsticos<\/a>\u00a0afectaron sus vidas. Nuestro historial de \u00e9xitos habla por s\u00ed solo: hemos ganado\u00a0<strong>m\u00e1s de $500 millones de d\u00f3lares<\/strong>\u00a0en acuerdos y veredictos para nuestros clientes a lo largo de los a\u00f1os.<\/p>\n<p>Mereces un equipo experimentado de abogados de tu lado. Llama hoy a nuestro bufete de abogados en el Bronx, Nueva York, para tu consulta gratuita. Nuestros abogados de accidentes por alcance trasero en el Bronx est\u00e1n listos para ayudarte ahora.<\/p>\n<h2>Fui chocado por detr\u00e1s, \u00bfDeber\u00eda contratar a un abogado para ayudarme?<\/h2>\n<p><img loading=\"lazy\" decoding=\"async\" class=\"size-full wp-image-15609 alignright\" src=\"http:\/\/oreskylaw.com\/wp-content\/uploads\/2026\/01\/How-Can-Oresky-Associates-PLLC-Help-After-a-Rear-End-Crash-in-the-Bronx.webp\" alt=\"construction accident attorney Bronx NY\" width=\"300\" height=\"200\" \/>Aunque algunas colisiones por alcance trasero son incidentes menores, muchas pueden ser choques graves. Cuando esto te suceda, nuestros abogados de accidentes de auto en el Bronx se encargar\u00e1n de todo para que no tengas que preocuparte. Oresky &amp; Associates, PLLC quiere protegerte de las compa\u00f1\u00edas de seguros que intentan culparte o evitar pagarte lo que te corresponde.<\/p>\n<p>Cuando contratas a nuestros abogados de accidentes de auto en el Bronx, puedes contar con nosotros para:<\/p>\n<ul>\n<li>Supervisar los plazos<\/li>\n<li>Manejar todas las tareas administrativas<\/li>\n<li>Investigar la causa de tu accidente e identificar a todas las partes responsables<\/li>\n<li>Consultar con expertos que puedan respaldar tu reclamo por da\u00f1os<\/li>\n<li>Redactar una carta de demanda con evidencia para respaldar tu reclamo por da\u00f1os<\/li>\n<li>Presentar una demanda y representarte en la corte si la compa\u00f1\u00eda de seguros no te ofrece un acuerdo justo<\/li>\n<\/ul>\n<h2>Elegir a nuestros abogados de colisiones por alcance trasero en NYC para representar tu caso en el Bronx<\/h2>\n<p>Encontrar un bufete de abogados despu\u00e9s de un accidente automovil\u00edstico puede ser abrumador. Muchos bufetes afirman que pueden obtener lo que necesitas, pero no cumplen con resultados satisfactorios.<\/p>\n<p>En Oresky &amp; Associates, PLLC, tenemos m\u00e1s de 30 a\u00f1os de experiencia manejando casos dif\u00edciles de accidentes. Nos enorgullecemos de ofrecer atenci\u00f3n compasiva y dedicada que obtiene resultados. Estos son algunos de nuestros logros:<\/p>\n<ul>\n<li>Ayudamos a un cliente a obtener un acuerdo de\u00a0<strong>$2.25 millones<\/strong>\u00a0despu\u00e9s de un accidente por alcance trasero.<\/li>\n<li>Nuestro equipo luch\u00f3 por un veredicto de\u00a0<strong>$4.6 millones<\/strong>\u00a0en nombre de un cliente que result\u00f3 herido en un accidente de tres autos.<\/li>\n<\/ul>\n<p>Cuando eliges nuestro bufete, comenzamos a trabajar de inmediato. Puedes esperar que pongamos tus necesidades al frente, asegur\u00e1ndonos de que est\u00e9s bien atendido durante este momento dif\u00edcil. Siempre seremos honestos y transparentes sobre tu caso, y nuestro equipo est\u00e1 disponible para responder a tus preguntas.<\/p>\n<h2>\u00bfQu\u00e9 da\u00f1os pueden recuperar las v\u00edctimas de un choque por alcance trasero?<\/h2>\n<p>La mayor\u00eda de las personas heridas en colisiones por alcance trasero en Nueva York pueden buscar da\u00f1os econ\u00f3micos, as\u00ed como da\u00f1os no econ\u00f3micos.<\/p>\n<h3>Da\u00f1os Econ\u00f3micos<\/h3>\n<p>Los da\u00f1os econ\u00f3micos son p\u00e9rdidas monetarias calculables como:<\/p>\n<ul>\n<li><strong>Facturas m\u00e9dicas:<\/strong> Los accidentes por alcance trasero pueden resultar en gastos m\u00e9dicos costosos. Nuestro bufete tendr\u00e1 en cuenta tus gastos m\u00e9dicos actuales y futuros al buscar da\u00f1os del responsable. Consideramos hospitalizaciones, terapias f\u00edsicas y ocupacionales, medicamentos y otros gastos.<\/li>\n<li><strong><a href=\"https:\/\/oreskylaw.com\/es\/blog\/can-i-be-reimbursed-for-lost-wages.html\">Salarios perdidos<\/a>\u00a0y beneficios sindicales perdidos:<\/strong> Aunque tu p\u00f3liza de seguro debe cubrir algunas de estas p\u00e9rdidas, tus ingresos perdidos pueden exceder los l\u00edmites de tu p\u00f3liza sin culpa. Nuestros abogados de accidentes en el Bronx pueden asegurarse de que seas compensado justamente por ingresos y beneficios perdidos.<\/li>\n<li><strong>P\u00e9rdida de capacidad de\u00a0<a href=\"https:\/\/oreskylaw.com\/es\/blog\/lesiones-personales-perdida-de-ingresos-disminucion-de-la-capacidad-de-ingresos\/\">ingresos futuros<\/a>:<\/strong> Si tus lesiones te impiden regresar al trabajo o hacer el mismo tipo de trabajo que antes del accidente, podr\u00edas perder m\u00e1s que solo tus ingresos. Lucharemos por un acuerdo o veredicto que cubra cualquier p\u00e9rdida de tu potencial de ingresos.<\/li>\n<li><strong>Otros\u00a0<a href=\"https:\/\/oreskylaw.com\/es\/blog\/gastos-de-bolsillo-por-lesiones-personales\/\">gastos de bolsillo<\/a>\u00a0relacionados con tu accidente:<\/strong> Podr\u00edas necesitar equipo m\u00e9dico, dispositivos de asistencia, cuidados de enfermer\u00eda en el hogar o renovaciones en tu hogar despu\u00e9s de tus lesiones. Incluso podr\u00edas tener gastos de viaje relacionados con el tratamiento m\u00e9dico. Cualesquiera que sean los gastos relacionados con la lesi\u00f3n, buscaremos una compensaci\u00f3n justa en tu nombre.<\/li>\n<\/ul>\n<h3>Da\u00f1os No Econ\u00f3micos<\/h3>\n<p>Los da\u00f1os no econ\u00f3micos compensan por p\u00e9rdidas como:<\/p>\n<ul>\n<li><strong>Dolor y sufrimiento pasado, presente y futuro causado por las lesiones:<\/strong> Mereces compensaci\u00f3n por el dolor f\u00edsico y sufrimiento de tus lesiones.<\/li>\n<li><strong>Angustia emocional:<\/strong> Los da\u00f1os pueden abordar el trauma que experimentas despu\u00e9s de una colisi\u00f3n por alcance trasero. Podr\u00edas sufrir ansiedad, TEPT u otros problemas que pueden afectar tu vida y bienestar.\u200d<\/li>\n<li><strong>Discapacidad o desfiguraci\u00f3n:<\/strong> El impacto emocional y mental de discapacidades y da\u00f1o f\u00edsico severo es algo que no tomamos a la ligera. Nuestros abogados de accidentes de auto en el Bronx luchar\u00e1n por da\u00f1os que reconozcan las p\u00e9rdidas y dificultades asociadas con tus lesiones.<\/li>\n<\/ul>\n<p>Contratamos expertos para ayudarnos a calcular con precisi\u00f3n el valor total de tus da\u00f1os, incluyendo toda la atenci\u00f3n m\u00e9dica futura y los efectos traum\u00e1ticos de por vida del accidente.<\/p>\n    <div class=\"cw-cta-box\">\n        <div class=\"cw-cta-box__inner \">\n            <div class=\"cw-cta-box__info\">\n                                    <div class=\"label\">\u00a1Llame ahora!<\/div>\n                            <\/div>\n                            <div class=\"contact-phone\">\n                    <a href=\"tel:7189939999\"\n                        aria-label=\"Tap to call button\">\n                        718-993-9999                    <\/a>\n                <\/div>\n                    <\/div>\n                    <a href=\"\/es\/contacto\/\"\n               class=\"cta-btn btn btn--primary btn\"\n               target=\"\">\n                Obtenga Una Consulta Gratuita            <\/a>\n            <\/div>\n    \n<h2>\u00bfQu\u00e9 Causa los Accidentes de Colisi\u00f3n Trasera en el Bronx?<\/h2>\n<p>La mayor\u00eda de las colisiones traseras ocurren porque alguien no prest\u00f3 atenci\u00f3n. Algunas causas comunes de los accidentes de colisi\u00f3n trasera incluyen:<\/p>\n<ul>\n<li><strong><a href=\"https:\/\/oreskylaw.com\/es\/bronx\/abogados-de-accidentes-por-conduccion-distraida\/\">Conducci\u00f3n distra\u00edda<\/a>:\u00a0<\/strong>Los conductores negligentes pueden causar accidentes si est\u00e1n enviando mensajes de texto mientras conducen, alcanzando algo en el asiento trasero o hablando por tel\u00e9fono. La falta de atenci\u00f3n del conductor y no reconocer un veh\u00edculo detenido o que reduce la velocidad son causas comunes de colisiones traseras.<\/li>\n<li><strong>Exceso de velocidad:\u00a0<\/strong>Superar el l\u00edmite de velocidad puede dificultar detenerse r\u00e1pidamente, y las altas velocidades pueden causar lesiones graves.<\/li>\n<li><strong>Conducir bajo los efectos del alcohol o las drogas:\u00a0<\/strong>Las drogas y el alcohol afectan seriamente la capacidad de un conductor para operar un veh\u00edculo y reaccionar r\u00e1pidamente.<\/li>\n<\/ul>\n<p>El veh\u00edculo trasero no siempre tiene la culpa en este tipo de accidentes. Incluso si golpeaste a alguien por detr\u00e1s, a\u00fan podr\u00edas tener derecho a una compensaci\u00f3n dependiendo de las circunstancias que rodean tu colisi\u00f3n.<\/p>\n<h2>\u00bfQu\u00e9 Tan Comunes Son las Colisiones Traseras en el Bronx?<\/h2>\n<p>Los datos del\u00a0<a href=\"https:\/\/crashmapper.org\/#\/?cfat=true&amp;cinj=true&amp;endDate=2024-08&amp;geo=borough&amp;identifier=Bronx&amp;lat=40.850436490715694&amp;lng=-73.77525329589844&amp;lngLats=%255B%255D&amp;mfat=true&amp;minj=true&amp;noInjFat=false&amp;pfat=true&amp;pinj=true&amp;startDate=2024-01&amp;vbicycle=true&amp;vbusvan=true&amp;vcar=true&amp;vmotorcycle=true&amp;vother=true&amp;vscooter=true&amp;vsuv=true&amp;vtruck=true&amp;zoom=11\" target=\"_blank\" rel=\"nofollow noopener noreferrer\">NYC Crash Mapper<\/a>\u00a0indican que hubo 3,196 colisiones de veh\u00edculos motorizados de enero a agosto de 2024 en el Bronx.<\/p>\n<ul>\n<li>M\u00e1s de 3,500 automovilistas resultaron heridos y 15 fallecieron en este per\u00edodo de ocho meses. Los ciclistas y peatones representaron 1,070 lesiones y 9 muertes.<\/li>\n<li>Al menos 219 accidentes fueron causados por un conductor que segu\u00eda demasiado cerca.<\/li>\n<li>61 de estos accidentes involucraron conductores que retrocedieron de manera insegura.<\/li>\n<li>Los frenos defectuosos se mencionaron como factores contribuyentes en 9 de estos accidentes.<\/li>\n<\/ul>\n<p>Si bien estos datos pueden no contabilizar todos los accidentes de colisi\u00f3n trasera en el Bronx, indican que estos accidentes ocurren con regularidad.<\/p>\n<h2>\u00bfQui\u00e9n es Responsable de un Accidente de Colisi\u00f3n Trasera en el Bronx?<\/h2>\n<p>Determinar la responsabilidad en un accidente de colisi\u00f3n trasera no es tan sencillo como parece. Nuestros abogados de accidentes de colisi\u00f3n trasera pueden revisar tu caso para ver si una o m\u00e1s partes son responsables de tu accidente. Estas partes pueden incluir:<\/p>\n<h3>El conductor trasero<\/h3>\n<p>La persona que conduce detr\u00e1s de otro autom\u00f3vil es a menudo la parte negligente. La velocidad, la fatiga, la intoxicaci\u00f3n y las distracciones son factores contribuyentes comunes en estos accidentes.<\/p>\n<h3>El conductor delantero<\/h3>\n<p>Es posible que el conductor que va delante de otro autom\u00f3vil sea responsable de un accidente de colisi\u00f3n trasera. Estos conductores pueden haber frenado bruscamente, retrocedido contra el autom\u00f3vil que estaba detr\u00e1s o haber realizado una maniobra r\u00e1pida frente al otro conductor, por ejemplo, haciendo imposible que el otro conductor evitara una colisi\u00f3n.<\/p>\n<h3>Agencias gubernamentales<\/h3>\n<p>Las agencias gubernamentales responsables de mantener las carreteras e infraestructura podr\u00edan ser responsables de tu colisi\u00f3n trasera. Por ejemplo, se\u00f1ales de tr\u00e1fico defectuosas o escombros de trabajadores de la ciudad pueden contribuir a los accidentes automovil\u00edsticos, incluidas las colisiones traseras. Si este es el caso, nuestros abogados de colisiones traseras en el Bronx pueden ayudarte a luchar por una compensaci\u00f3n.<\/p>\n<h2>Luchamos por Recuperar la Compensaci\u00f3n por Todas Tus Lesiones en una Colisi\u00f3n Trasera<\/h2>\n<p>Vemos una amplia gama de lesiones en colisiones traseras, que incluyen:<\/p>\n<div class=\"row\">\n<ul class=\"col-xl-6\">\n<li>Latigazo cervical<\/li>\n<li>Lesiones por cintur\u00f3n de seguridad y\u00a0<a href=\"https:\/\/oreskylaw.com\/es\/lesion\/abogados-de-lesiones-por-airbag\/\">bolsas de aire<\/a><\/li>\n<li>Fracturas<\/li>\n<li>Laceraciones y hematomas en el rostro y cuello<\/li>\n<li>Lesiones por aplastamiento, particularmente en las piernas y pies<\/li>\n<\/ul>\n<ul class=\"col-xl-6\">\n<li>Amputaciones<\/li>\n<li>Par\u00e1lisis<\/li>\n<li>Quemaduras y abrasiones<\/li>\n<li><a href=\"https:\/\/oreskylaw.com\/es\/bronx\/abogados-de-muerte-por-negligencia\/\">Muerte por negligencia<\/a><\/li>\n<\/ul>\n<\/div>\n<p>Nuestros abogados de accidentes en el Bronx trabajan para recuperar la m\u00e1xima compensaci\u00f3n para el tratamiento m\u00e9dico y los efectos a largo plazo de todas tus lesiones.<\/p>\n    <div class=\"cw-cta-box\">\n        <div class=\"cw-cta-box__inner \">\n            <div class=\"cw-cta-box__info\">\n                                    <div class=\"label\">\u00a1Llame ahora!<\/div>\n                            <\/div>\n                            <div class=\"contact-phone\">\n                    <a href=\"tel:7189939999\"\n                        aria-label=\"Tap to call button\">\n                        718-993-9999                    <\/a>\n                <\/div>\n                    <\/div>\n                    <a href=\"\/es\/contacto\/\"\n               class=\"cta-btn btn btn--primary btn\"\n               target=\"\">\n                Obtenga Una Consulta Gratuita            <\/a>\n            <\/div>\n    \n<h2>\u00bfCu\u00e1nto Vale Mi Caso de Colisi\u00f3n Trasera?<\/h2>\n<p>No lo sabremos hasta que tengamos m\u00e1s informaci\u00f3n sobre los detalles de tu caso, pero algunos factores generales que afectan los acuerdos o sentencias incluyen:<\/p>\n<ul>\n<li>La gravedad de tus lesiones<\/li>\n<li>Cu\u00e1nto tiempo estuviste obligado a faltar al trabajo<\/li>\n<li>Si tuviste alguna culpa en el accidente<\/li>\n<li>El valor de las p\u00f3lizas de seguro involucradas<\/li>\n<li>Si buscaste atenci\u00f3n m\u00e9dica de inmediato<\/li>\n<li>La magnitud de los da\u00f1os materiales<\/li>\n<li>C\u00f3mo te afecta el accidente mental y emocionalmente<\/li>\n<li>C\u00f3mo el accidente afecta tu capacidad para mantener a tu familia (financieramente, f\u00edsicamente o emocionalmente)<\/li>\n<\/ul>\n<p>Las lesiones catastr\u00f3ficas y los accidentes fatales pueden tener acuerdos y sentencias m\u00e1s altos debido a la naturaleza de las p\u00e9rdidas involucradas y el impacto en tu vida o en tu familia.<\/p>\n<h2>Act\u00faa R\u00e1pidamente para Proteger Tu Derecho a Da\u00f1os Despu\u00e9s de un Caso de Colisi\u00f3n Trasera en el Bronx<\/h2>\n<p>Ten en cuenta que si tienes una demanda por accidente de veh\u00edculo motorizado, tienes un tiempo limitado para actuar. Las circunstancias que rodean una demanda por accidente de colisi\u00f3n trasera pueden significar diferentes plazos. Nuestros abogados de accidentes en el Bronx pueden revisar tu caso e informarte de tus plazos.<\/p>\n<h2>\u00bfC\u00f3mo Funciona la Cobertura de Accidentes Automovil\u00edsticos en una Colisi\u00f3n Trasera en el Bronx?<\/h2>\n<p>Los conductores de Nueva York deben cumplir con los m\u00ednimos de seguro estatales. Los conductores deben tener una p\u00f3liza de protecci\u00f3n contra lesiones personales (PIP), que ayuda a pagar algunas p\u00e9rdidas, independientemente de la culpa. El PIP puede ayudar a pagar los gastos m\u00e9dicos, algunos ingresos perdidos y gastos adicionales.<\/p>\n<p>Sin embargo, algunas lesiones de accidentes superan los l\u00edmites de cobertura proporcionados por la p\u00f3liza PIP. Si enfrentas lesiones graves despu\u00e9s de un accidente de colisi\u00f3n trasera, es posible que puedas presentar una demanda contra el conductor culpable por estos gastos y cualquier da\u00f1o no econ\u00f3mico que tengas. Nuestros abogados de accidentes automovil\u00edsticos en el Bronx pueden ayudarte a buscar estas p\u00e9rdidas.<\/p>\n<h2>\u00bfPuedo Recuperar Da\u00f1os Si Me Culpan por un Accidente de Colisi\u00f3n Trasera en el Bronx?<\/h2>\n<p>Nueva York sigue el concepto legal de culpa comparativa, descrito en\u00a0<a href=\"https:\/\/www.nysenate.gov\/legislation\/laws\/CVP\/1411\" target=\"_blank\" rel=\"nofollow noopener noreferrer\">CVP \u00a7 1411<\/a>. Esto significa que las v\u00edctimas de accidentes que tienen parte de la culpa en el accidente a\u00fan pueden reclamar una compensaci\u00f3n de un conductor negligente.<\/p>\n<p>Los conductores culpables y sus representantes a menudo intentan culpar a las v\u00edctimas, diciendo que las acciones de la parte lesionada contribuyeron a la colisi\u00f3n trasera. Esto puede ser injusto para las v\u00edctimas, ya que estos intentos de reducir sus da\u00f1os pueden significar que no reciban suficiente compensaci\u00f3n para cubrir sus p\u00e9rdidas graves.<\/p>\n<p>Nuestros abogados de accidentes automovil\u00edsticos en el Bronx ayudar\u00e1n a establecer la responsabilidad y luchar\u00e1n por una cantidad que satisfaga tus necesidades.<\/p>\n","protected":false},"excerpt":{"rendered":"<p>\u00bfResultaste herido en un choque por alcance trasero en el Bronx, NY? No est\u00e1s solo. Las colisiones por alcance trasero ocurren con frecuencia en lugares congestionados como la ciudad de Nueva York. Si alguien m\u00e1s tuvo la culpa, deben ser responsables financieramente. Oresky &amp; Associates, PLLC luchar\u00e1 para obtener la compensaci\u00f3n que mereces por tu [&hellip;]<\/p>\n","protected":false},"author":9,"featured_media":24134,"parent":17391,"menu_order":82,"comment_status":"closed","ping_status":"closed","template":"","meta":{"_acf_changed":false,"footnotes":""},"class_list":["post-18198","page","type-page","status-publish","has-post-thumbnail","hentry"],"acf":[],"yoast_head":"<!-- This site is optimized with the Yoast SEO plugin v27.3 - https:\/\/yoast.com\/product\/yoast-seo-wordpress\/ -->\n<title>Abogado de accidentes automovil\u00edsticos traseros en el Bronx - Oresky &amp; Associates, PLLC<\/title>\n<meta name=\"description\" content=\"Conf\u00ede en nuestros abogados de accidentes automovil\u00edsticos en Oresky &amp; Associates, PLLC para obtener apoyo legal experimentado para garantizar el acuerdo por accidente automovil\u00edstico trasero que se merece. \u00a1Ll\u00e1menos hoy mismo!\" \/>\n<meta name=\"robots\" content=\"index, follow, max-snippet:-1, max-image-preview:large, max-video-preview:-1\" \/>\n<link rel=\"canonical\" href=\"https:\/\/oreskylaw.com\/es\/bronx\/abogados-de-accidentes-de-coche-por-alcance\/\" \/>\n<meta property=\"og:locale\" content=\"es_ES\" \/>\n<meta property=\"og:type\" content=\"article\" \/>\n<meta property=\"og:title\" content=\"Abogado de accidentes automovil\u00edsticos traseros en el Bronx - Oresky &amp; Associates, PLLC\" \/>\n<meta property=\"og:description\" content=\"Conf\u00ede en nuestros abogados de accidentes automovil\u00edsticos en Oresky &amp; Associates, PLLC para obtener apoyo legal experimentado para garantizar el acuerdo por accidente automovil\u00edstico trasero que se merece. \u00a1Ll\u00e1menos hoy mismo!\" \/>\n<meta property=\"og:url\" content=\"https:\/\/oreskylaw.com\/es\/bronx\/abogados-de-accidentes-de-coche-por-alcance\/\" \/>\n<meta property=\"og:site_name\" content=\"Oresky &amp; Associates, PLLC\" \/>\n<meta property=\"article:publisher\" content=\"https:\/\/www.facebook.com\/Oreskylaw\/\" \/>\n<meta property=\"article:modified_time\" content=\"2026-01-30T14:11:39+00:00\" \/>\n<meta property=\"og:image\" content=\"https:\/\/oreskylaw.com\/wp-content\/uploads\/2026\/01\/rear-end-car-accident-lawyers.png\" \/>\n\t<meta property=\"og:image:width\" content=\"810\" \/>\n\t<meta property=\"og:image:height\" content=\"330\" \/>\n\t<meta property=\"og:image:type\" content=\"image\/png\" \/>\n<meta name=\"twitter:card\" content=\"summary_large_image\" \/>\n<meta name=\"twitter:site\" content=\"@JacobOreskyLaw\" \/>\n<meta name=\"twitter:label1\" content=\"Tiempo de lectura\" \/>\n\t<meta name=\"twitter:data1\" content=\"9 minutos\" \/>\n<!-- \/ Yoast SEO plugin. -->","yoast_head_json":{"title":"Abogado de accidentes automovil\u00edsticos traseros en el Bronx - Oresky & Associates, PLLC","description":"Conf\u00ede en nuestros abogados de accidentes automovil\u00edsticos en Oresky & Associates, PLLC para obtener apoyo legal experimentado para garantizar el acuerdo por accidente automovil\u00edstico trasero que se merece. \u00a1Ll\u00e1menos hoy mismo!","robots":{"index":"index","follow":"follow","max-snippet":"max-snippet:-1","max-image-preview":"max-image-preview:large","max-video-preview":"max-video-preview:-1"},"canonical":"https:\/\/oreskylaw.com\/es\/bronx\/abogados-de-accidentes-de-coche-por-alcance\/","og_locale":"es_ES","og_type":"article","og_title":"Abogado de accidentes automovil\u00edsticos traseros en el Bronx - Oresky & Associates, PLLC","og_description":"Conf\u00ede en nuestros abogados de accidentes automovil\u00edsticos en Oresky & Associates, PLLC para obtener apoyo legal experimentado para garantizar el acuerdo por accidente automovil\u00edstico trasero que se merece. \u00a1Ll\u00e1menos hoy mismo!","og_url":"https:\/\/oreskylaw.com\/es\/bronx\/abogados-de-accidentes-de-coche-por-alcance\/","og_site_name":"Oresky &amp; Associates, PLLC","article_publisher":"https:\/\/www.facebook.com\/Oreskylaw\/","article_modified_time":"2026-01-30T14:11:39+00:00","og_image":[{"width":810,"height":330,"url":"https:\/\/oreskylaw.com\/wp-content\/uploads\/2026\/01\/rear-end-car-accident-lawyers.png","type":"image\/png"}],"twitter_card":"summary_large_image","twitter_site":"@JacobOreskyLaw","twitter_misc":{"Tiempo de lectura":"9 minutos"},"schema":{"@context":"https:\/\/schema.org","@graph":[{"@type":"WebPage","@id":"https:\/\/oreskylaw.com\/es\/bronx\/abogados-de-accidentes-de-coche-por-alcance\/","url":"https:\/\/oreskylaw.com\/es\/bronx\/abogados-de-accidentes-de-coche-por-alcance\/","name":"Abogado de accidentes automovil\u00edsticos traseros en el Bronx - Oresky & Associates, PLLC","isPartOf":{"@id":"https:\/\/oreskylaw.com\/es\/#website"},"primaryImageOfPage":{"@id":"https:\/\/oreskylaw.com\/es\/bronx\/abogados-de-accidentes-de-coche-por-alcance\/#primaryimage"},"image":{"@id":"https:\/\/oreskylaw.com\/es\/bronx\/abogados-de-accidentes-de-coche-por-alcance\/#primaryimage"},"thumbnailUrl":"https:\/\/oreskylaw.com\/wp-content\/uploads\/2026\/01\/rear-end-car-accident-lawyers.png","datePublished":"2025-12-08T02:31:36+00:00","dateModified":"2026-01-30T14:11:39+00:00","description":"Conf\u00ede en nuestros abogados de accidentes automovil\u00edsticos en Oresky & Associates, PLLC para obtener apoyo legal experimentado para garantizar el acuerdo por accidente automovil\u00edstico trasero que se merece. \u00a1Ll\u00e1menos hoy mismo!","breadcrumb":{"@id":"https:\/\/oreskylaw.com\/es\/bronx\/abogados-de-accidentes-de-coche-por-alcance\/#breadcrumb"},"inLanguage":"es","potentialAction":[{"@type":"ReadAction","target":["https:\/\/oreskylaw.com\/es\/bronx\/abogados-de-accidentes-de-coche-por-alcance\/"]}]},{"@type":"ImageObject","inLanguage":"es","@id":"https:\/\/oreskylaw.com\/es\/bronx\/abogados-de-accidentes-de-coche-por-alcance\/#primaryimage","url":"https:\/\/oreskylaw.com\/wp-content\/uploads\/2026\/01\/rear-end-car-accident-lawyers.png","contentUrl":"https:\/\/oreskylaw.com\/wp-content\/uploads\/2026\/01\/rear-end-car-accident-lawyers.png","width":810,"height":330,"caption":"rear end car accident"},{"@type":"BreadcrumbList","@id":"https:\/\/oreskylaw.com\/es\/bronx\/abogados-de-accidentes-de-coche-por-alcance\/#breadcrumb","itemListElement":[{"@type":"ListItem","position":1,"name":"Inicio","item":"https:\/\/oreskylaw.com\/es\/"},{"@type":"ListItem","position":2,"name":"Abogado de lesiones personales en el Bronx","item":"https:\/\/oreskylaw.com\/es\/bronx\/"},{"@type":"ListItem","position":3,"name":"Abogado de Accidentes de Auto por Alcance Trasero"}]},{"@type":"WebSite","@id":"https:\/\/oreskylaw.com\/es\/#website","url":"https:\/\/oreskylaw.com\/es\/","name":"Oresky & Associates PLLC","description":"","publisher":{"@id":"https:\/\/oreskylaw.com\/es\/#organization"},"potentialAction":[{"@type":"SearchAction","target":{"@type":"EntryPoint","urlTemplate":"https:\/\/oreskylaw.com\/es\/?s={search_term_string}"},"query-input":{"@type":"PropertyValueSpecification","valueRequired":true,"valueName":"search_term_string"}}],"inLanguage":"es"}]}},"_links":{"self":[{"href":"https:\/\/oreskylaw.com\/es\/wp-json\/wp\/v2\/pages\/18198","targetHints":{"allow":["GET"]}}],"collection":[{"href":"https:\/\/oreskylaw.com\/es\/wp-json\/wp\/v2\/pages"}],"about":[{"href":"https:\/\/oreskylaw.com\/es\/wp-json\/wp\/v2\/types\/page"}],"author":[{"embeddable":true,"href":"https:\/\/oreskylaw.com\/es\/wp-json\/wp\/v2\/users\/9"}],"replies":[{"embeddable":true,"href":"https:\/\/oreskylaw.com\/es\/wp-json\/wp\/v2\/comments?post=18198"}],"version-history":[{"count":0,"href":"https:\/\/oreskylaw.com\/es\/wp-json\/wp\/v2\/pages\/18198\/revisions"}],"up":[{"embeddable":true,"href":"https:\/\/oreskylaw.com\/es\/wp-json\/wp\/v2\/pages\/17391"}],"wp:featuredmedia":[{"embeddable":true,"href":"https:\/\/oreskylaw.com\/es\/wp-json\/wp\/v2\/media\/24134"}],"wp:attachment":[{"href":"https:\/\/oreskylaw.com\/es\/wp-json\/wp\/v2\/media?parent=18198"}],"curies":[{"name":"wp","href":"https:\/\/api.w.org\/{rel}","templated":true}]}}