{"id":18215,"date":"2025-12-08T02:31:51","date_gmt":"2025-12-08T02:31:51","guid":{"rendered":"https:\/\/oreskylaw.com\/?page_id=18215"},"modified":"2026-01-30T14:17:20","modified_gmt":"2026-01-30T14:17:20","slug":"abogados-de-accidentes-de-coche-con-luces-rojas-y-amarillas","status":"publish","type":"page","link":"https:\/\/oreskylaw.com\/es\/bronx\/abogados-de-accidentes-de-coche-con-luces-rojas-y-amarillas\/","title":{"rendered":"Abogado de Accidentes de Auto por Luz Roja y Amarilla en el Bronx"},"content":{"rendered":"<p>El Bronx, NY, es una zona concurrida con intersecciones de alto tr\u00e1fico donde los accidentes son comunes. Nuestros abogados de accidentes por luz roja y amarilla en el Bronx est\u00e1n listos para ayudarlo si ha sufrido una lesi\u00f3n en un choque en el \u00e1rea.<\/p>\n<p>Los\u00a0<a href=\"https:\/\/oreskylaw.com\/es\/bronx\/abogados-de-accidentes-de-auto\/\">abogados de accidentes de auto en el Bronx<\/a>\u00a0de Oresky &amp; Associates, PLLC, son conocidos por obtener resultados significativos para nuestros clientes. Durante\u00a0<strong>m\u00e1s de 30 a\u00f1os<\/strong>, hemos luchado arduamente para lograr\u00a0<strong>m\u00e1s de $500 millones en acuerdos y veredictos<\/strong>\u00a0para las v\u00edctimas de accidentes. Entendemos que cada caso es \u00fanico y que no hay una soluci\u00f3n est\u00e1ndar para las reclamaciones por lesiones. Lo trataremos como una persona, no como un n\u00famero, y dise\u00f1aremos una soluci\u00f3n legal que responsabilice al conductor por pasar una luz roja y causarle lesiones. Obtenga una consulta gratuita contactandonos hoy.<\/p>\n<h2>\u00bfC\u00f3mo Pueden Ayudar los Abogados si He Resultado Lesionado en un Accidente por Luz Roja o Amarilla en el Bronx?<\/h2>\n<p>Si un accidente de luz roja o amarilla en el Bronx, Nueva York, caus\u00f3 sus lesiones y p\u00e9rdidas, recurra a nuestros abogados de lesiones personales para ayudarlo en este momento dif\u00edcil. Nos tomaremos el tiempo para conocerlo y obtener una imagen completa del accidente. Podemos identificar cualquier infracci\u00f3n de las leyes de control de tr\u00e1fico que exigen que los conductores procedan con precauci\u00f3n en las luces amarillas o se detengan por completo en una luz roja.<\/p>\n<p>Su abogado tambi\u00e9n trabajar\u00e1 para comprender sus lesiones y c\u00f3mo han afectado su vida, y desarrollar\u00e1 una estrategia para responsabilizar al demandado por pasar una luz roja y causar su accidente.<\/p>\n<p><strong>Realizamos muchas tareas en su nombre, como:<\/strong><\/p>\n<ul>\n<li>Comunicarnos con las aseguradoras<\/li>\n<li>Solicitar beneficios de no culpa<\/li>\n<li>Obtener informes policiales<\/li>\n<li>Recopilar pruebas<\/li>\n<li>Navegar las leyes de seguro de no culpa de Nueva York<\/li>\n<li>Probar que el demandado viol\u00f3 las leyes de control de tr\u00e1fico y caus\u00f3 su accidente<\/li>\n<li>Negociar y litigar en su nombre<\/li>\n<\/ul>\n<p>Tambi\u00e9n monitoreamos cualquier plazo que aplique a su caso. El estatuto de limitaciones de Nueva York limita el tiempo que las v\u00edctimas tienen para tomar acci\u00f3n legal, y el reloj comienza a contar el d\u00eda del accidente. Revisaremos su caso y verificaremos cu\u00e1nto tiempo tiene para actuar, asegur\u00e1ndonos de presentar su caso a tiempo.<\/p>\n<h3>Obtenemos Resultados para las V\u00edctimas de Accidentes de Veh\u00edculo<\/h3>\n<p>Los accidentes causados por conductores que pasan luces rojas, especialmente aquellos que aceleran para no perder la luz, pueden ser catastr\u00f3ficos. Muchos sufren lesiones graves que requieren atenci\u00f3n m\u00e9dica extensa o afectan su capacidad para trabajar y ganarse la vida. Tenemos d\u00e9cadas de experiencia defendiendo a las v\u00edctimas de lesiones y podemos respaldar esto con\u00a0<a href=\"https:\/\/oreskylaw.com\/es\/resultados-del-casos\/\">pruebas de nuestros resultados que cambian vidas<\/a>.<\/p>\n<p>Cuando contrata a Oresky &amp; Associates, PLLC, para manejar su caso de accidente de luz roja y amarilla, obtiene un equipo de abogados que ha logrado los siguientes resultados para nuestros clientes:<\/p>\n<ul>\n<li><strong>$5,000,000<\/strong>\u00a0por un accidente fatal que involucr\u00f3 un autob\u00fas escolar<\/li>\n<li><strong>$4,600,000<\/strong>\u00a0para un conductor lesionado en un accidente de auto<\/li>\n<li><strong>$1,500,000<\/strong>\u00a0para un pasajero que sufri\u00f3 lesiones en un accidente de auto<\/li>\n<li><strong>$1,200,000<\/strong>\u00a0para la familia de un hombre asesinado en un accidente de atropello y fuga<\/li>\n<\/ul>\n    <div class=\"cw-cta-box\">\n        <div class=\"cw-cta-box__inner \">\n            <div class=\"cw-cta-box__info\">\n                                    <div class=\"label\">\u00a1Llame ahora!<\/div>\n                            <\/div>\n                            <div class=\"contact-phone\">\n                    <a href=\"tel:7189939999\"\n                        aria-label=\"Tap to call button\">\n                        718-993-9999                    <\/a>\n                <\/div>\n                    <\/div>\n                    <a href=\"\/es\/contacto\/\"\n               class=\"cta-btn btn btn--primary btn\"\n               target=\"\">\n                Obtenga Una Consulta Gratuita            <\/a>\n            <\/div>\n    \n<h2>\u00bfQu\u00e9 Da\u00f1os Puedo Recuperar por Lesiones en un Accidente de Luz Roja y Amarilla en el Bronx?<\/h2>\n<p>Si est\u00e1 lesionado en un accidente de luz roja y amarilla en el Bronx, generalmente puede recuperar dos tipos de da\u00f1os: econ\u00f3micos y no econ\u00f3micos.<\/p>\n<h3>Compensaci\u00f3n Econ\u00f3mica por un Accidente de Luz Roja o Amarilla<\/h3>\n<p>Los da\u00f1os econ\u00f3micos lo compensan por los gastos y p\u00e9rdidas que incurri\u00f3 como resultado del accidente. Aunque el seguro de no culpa generalmente cubrir\u00e1 los primeros $50,000 en gastos, a menudo estos superan el l\u00edmite de no culpa. Las p\u00e9rdidas econ\u00f3micas pueden cubrir una amplia gama de gastos, que incluyen:<\/p>\n<ul>\n<li><strong>Facturas m\u00e9dicas:<\/strong>\u00a0Los accidentes de auto causados por conductores que aceleran para pasar una luz roja pueden causar da\u00f1os significativos, y es posible que necesite tratamiento extenso. Nuestros abogados lo ayudar\u00e1n a buscar el pago de cirug\u00edas, estad\u00edas en el hospital, servicios de salud mental, costos de ambulancia y emergencias, medicamentos recetados y visitas de seguimiento, entre otros. Buscamos el pago de sus costos actuales y futuros.<\/li>\n<li><strong>Cualquier ingreso y potencial de ingresos perdidos:\u00a0<\/strong>Los accidentes de luz roja y amarilla en el Bronx pueden dejarlo sin trabajar por semanas, meses o incluso a\u00f1os. Nuestros abogados de accidentes en el Bronx buscar\u00e1n da\u00f1os por cualquier ingreso perdido, salarios y beneficios sindicales. Si el accidente ha afectado su capacidad de ganar en el futuro, tambi\u00e9n buscaremos compensaci\u00f3n por los beneficios que podr\u00eda haber recibido.<\/li>\n<li><strong>Gastos del hogar:<\/strong>\u00a0Sus lesiones pueden ser temporalmente o permanentemente incapacitantes, y puede necesitar ayuda en el hogar. Buscaremos da\u00f1os que lo compensen por ayuda en el hogar, dispositivos asistivos, modificaciones en el hogar, cuidado de ni\u00f1os y otros servicios.<\/li>\n<li><strong>Gastos de viaje:\u00a0<\/strong>Si necesita viajar a otra ciudad o estado para recibir atenci\u00f3n m\u00e9dica, o contratar transporte para ir a citas m\u00e9dicas, buscaremos el reembolso de sus gastos de viaje.<\/li>\n<\/ul>\n<p>Estos y otros da\u00f1os econ\u00f3micos tienen un impacto financiero inmenso en usted y sus seres queridos, y lucharemos para que los conductores negligentes sean responsables de estas p\u00e9rdidas.<\/p>\n<h3>Da\u00f1os No Econ\u00f3micos Despu\u00e9s de Su Accidente en el Bronx<\/h3>\n<p>Los choques por luces roja y amarilla afectan m\u00e1s all\u00e1 de las finanzas, da\u00f1ando su bienestar f\u00edsico, emocional y mental. Estos son llamados da\u00f1os no econ\u00f3micos e incluyen:<\/p>\n<ul>\n<li><strong>Dolor y sufrimiento:\u00a0<\/strong>Sus lesiones pueden causarle dolor significativo y hacerlo sufrir durante semanas o meses. Nuestro equipo busca da\u00f1os para abordar su dolor y sufrimiento actuales y futuros, reconociendo el impacto de sus lesiones.<\/li>\n<li><strong>Angustia emocional:\u00a0<\/strong>La angustia despu\u00e9s de un accidente puede manifestarse de varias formas. Puede desarrollar depresi\u00f3n por sus lesiones y el dolor que le causan. Tal vez ya no pueda disfrutar de la vida como antes, especialmente si sufri\u00f3 lesiones que cambiaron su vida, como par\u00e1lisis o amputaci\u00f3n. Revisaremos su caso para comprender estas p\u00e9rdidas en profundidad.<\/li>\n<li><strong>Cicatrices y desfiguraci\u00f3n:\u00a0<\/strong>Algunas lesiones dejan una marca f\u00edsica permanente, y las v\u00edctimas de accidentes pueden sufrir efectos emocionales, no solo financieros.<\/li>\n<li><strong>P\u00e9rdida de consorcio:\u00a0<\/strong>Su relaci\u00f3n con su pareja es importante, y sus lesiones pueden da\u00f1arla. Tal vez ya no pueda brindar intimidad emocional o f\u00edsica, o no pueda contribuir al hogar. Lucharemos por la compensaci\u00f3n total para reconocer estas p\u00e9rdidas.<\/li>\n<\/ul>\n<p>Oresky &amp; Associates, PLLC, revisar\u00e1 su caso de cerca para asegurarse de que reciba compensaci\u00f3n por todas sus p\u00e9rdidas no econ\u00f3micas.<\/p>\n<h2>Seguro de Auto y Cobertura por Lesiones Personales en Choques por Luz de Tr\u00e1fico<\/h2>\n<p>Los conductores en Nueva York deben tener seguro PIP de no culpa. Su cobertura de no culpa puede ayudar a pagar la atenci\u00f3n m\u00e9dica y cubrir parte de sus salarios perdidos, pero no cubre todas sus p\u00e9rdidas. Podemos ayudarlo a presentar una reclamaci\u00f3n de responsabilidad contra el conductor que pas\u00f3 la luz roja y caus\u00f3 su accidente.<\/p>\n<p>Si el conductor culpable huy\u00f3 de la escena o no tiene seguro de auto, su abogado puede ayudarlo a presentar una reclamaci\u00f3n con su cobertura de conductor sin seguro. La cobertura UM sustituye la p\u00f3liza de responsabilidad ausente, cubriendo da\u00f1os por dolor y sufrimiento. Algunos pueden calificar para recuperar de la Corporaci\u00f3n de Indemnizaci\u00f3n por Accidentes de Veh\u00edculos a Motor (MVAIC) si no hay p\u00f3lizas de seguro aplicables disponibles.<\/p>\n    <div class=\"cw-cta-box\">\n        <div class=\"cw-cta-box__inner \">\n            <div class=\"cw-cta-box__info\">\n                                    <div class=\"label\">\u00a1Llame ahora!<\/div>\n                            <\/div>\n                            <div class=\"contact-phone\">\n                    <a href=\"tel:7189939999\"\n                        aria-label=\"Tap to call button\">\n                        718-993-9999                    <\/a>\n                <\/div>\n                    <\/div>\n                    <a href=\"\/es\/contacto\/\"\n               class=\"cta-btn btn btn--primary btn\"\n               target=\"\">\n                Obtenga Una Consulta Gratuita            <\/a>\n            <\/div>\n    \n<h2>\u00bfCu\u00e1les Son Algunas Causas Comunes de Accidentes de Luz Roja y Amarilla en el Bronx?<\/h2>\n<p>De enero a septiembre de 2024, hubo\u00a0<a href=\"https:\/\/data.cityofnewyork.us\/Public-Safety\/Motor-Vehicle-Collisions-Crashes\/h9gi-nx95\/data_preview\" target=\"_blank\" rel=\"nofollow noopener noreferrer\">aproximadamente 7,300 choques en el Bronx<\/a>. M\u00e1s de 250 de estos involucraron conductores que ignoraron los controles de tr\u00e1fico o se enfrentaron a controles de tr\u00e1fico defectuosos o mal operados. Las causas de accidentes por luz roja y amarilla en el Bronx son diversas, pero algunas de las m\u00e1s comunes incluyen:<\/p>\n<ul>\n<li>Conductores que aceleran para \u201cganarle a la luz roja\u201d<\/li>\n<li>No ceder el paso al girar a la izquierda<\/li>\n<li>Conductores distra\u00eddos<\/li>\n<li>Conductores bajo la influencia de alcohol o drogas<\/li>\n<li>Defectos de la carretera o se\u00f1ales de tr\u00e1fico defectuosas<\/li>\n<\/ul>\n<p>Buscar compensaci\u00f3n por sus p\u00e9rdidas puede ser un asunto complejo. Necesita probar que el demandado tuvo la culpa, pas\u00f3 la luz roja y caus\u00f3 sus lesiones. La aseguradora solo tiene en mente su ganancia financiera, no sus lesiones y recuperaci\u00f3n. Oresky &amp; Associates, PLLC, lo proteger\u00e1 contra aseguradoras que puedan ofrecerle un acuerdo bajo al principio. No permitiremos que subvaloren su reclamaci\u00f3n o la nieguen por completo.<\/p>\n<h2>Responsabilidad en Accidentes de Luz Roja y Amarilla en el Bronx<\/h2>\n<p><img loading=\"lazy\" decoding=\"async\" class=\"size-medium wp-image-12449 alignleft\" src=\"http:\/\/oreskylaw.com\/wp-content\/uploads\/2026\/01\/fee_liability-for-red-and-yellow-light-accidents-in-the-bronx-300x171.webp\" alt=\"overspeeding\" width=\"300\" height=\"171\" srcset=\"https:\/\/oreskylaw.com\/wp-content\/uploads\/2026\/01\/fee_liability-for-red-and-yellow-light-accidents-in-the-bronx-300x171.webp 300w, https:\/\/oreskylaw.com\/wp-content\/uploads\/2026\/01\/fee_liability-for-red-and-yellow-light-accidents-in-the-bronx-768x439.webp 768w, https:\/\/oreskylaw.com\/wp-content\/uploads\/2026\/01\/fee_liability-for-red-and-yellow-light-accidents-in-the-bronx.webp 900w\" sizes=\"auto, (max-width: 300px) 100vw, 300px\" \/>Por lo general, el conductor que pas\u00f3 la luz roja o aceler\u00f3 en una amarilla es responsable de sus da\u00f1os.<\/p>\n<p>Por ejemplo, la ley\u00a0<a href=\"https:\/\/www.nysenate.gov\/legislation\/laws\/VAT\/1111\" target=\"_blank\" rel=\"nofollow noopener noreferrer\">VTL 1111<\/a>\u00a0establece que el tr\u00e1fico debe detenerse en luces rojas en una l\u00ednea de parada marcada o, si no hay, antes de entrar en un cruce peatonal. Aunque la mayor\u00eda de las \u00e1reas de Nueva York permiten giros a la derecha en rojo, los conductores en la ciudad de Nueva York, incluido el Bronx, no pueden girar a la derecha en rojo a menos que una se\u00f1al lo permita expl\u00edcitamente.<\/p>\n<p>Para probar la responsabilidad en estos accidentes, nuestros abogados de accidentes de luz roja y amarilla en el Bronx deben establecer cuatro elementos de negligencia:<\/p>\n<ul>\n<li><strong>La otra parte ten\u00eda un deber de cuidado:\u00a0<\/strong>Los conductores deben operar sus veh\u00edculos de manera segura y seguir las leyes de tr\u00e1fico, incluidas las de se\u00f1ales de control de tr\u00e1fico.<\/li>\n<li><strong>La otra parte no cumpli\u00f3 con este deber:\u00a0<\/strong>Debemos mostrar que las acciones de la otra parte violaron este deber de cuidado, como pasar una luz roja.<\/li>\n<li><strong>Estas acciones causaron su accidente:\u00a0<\/strong>Nuestros abogados de accidentes de luz roja y amarilla deben demostrar que las acciones de la otra parte causaron sus lesiones.<\/li>\n<li><strong>Tiene da\u00f1os relacionados con las acciones de la otra parte:<\/strong>\u00a0Usaremos facturas y otras pruebas para vincular sus lesiones y p\u00e9rdidas con la colisi\u00f3n de luz roja o amarilla.<\/li>\n<\/ul>\n<h2>Llame a Oresky &amp; Associates, PLLC, para Programar su Consulta Gratuita<\/h2>\n<p>Demasiado est\u00e1 en juego si ha sufrido lesiones en un accidente de luz roja y amarilla en el Bronx. Comience su camino hacia la recuperaci\u00f3n llamando a Oresky &amp; Associates, PLLC, para programar su consulta gratuita y sin compromiso. Nuestros abogados de accidentes de luz roja y amarilla en el Bronx pueden responder sus preguntas y ofrecerle una evaluaci\u00f3n honesta y directa de su caso. Llame hoy para comenzar.<\/p>\n","protected":false},"excerpt":{"rendered":"<p>El Bronx, NY, es una zona concurrida con intersecciones de alto tr\u00e1fico donde los accidentes son comunes. Nuestros abogados de accidentes por luz roja y amarilla en el Bronx est\u00e1n listos para ayudarlo si ha sufrido una lesi\u00f3n en un choque en el \u00e1rea. Los\u00a0abogados de accidentes de auto en el Bronx\u00a0de Oresky &amp; Associates, [&hellip;]<\/p>\n","protected":false},"author":9,"featured_media":34171,"parent":17391,"menu_order":84,"comment_status":"closed","ping_status":"closed","template":"","meta":{"_acf_changed":false,"footnotes":""},"class_list":["post-18215","page","type-page","status-publish","has-post-thumbnail","hentry"],"acf":[],"yoast_head":"<!-- This site is optimized with the Yoast SEO plugin v27.3 - https:\/\/yoast.com\/product\/yoast-seo-wordpress\/ -->\n<title>Abogado de accidentes con sem\u00e1foros rojos y amarillos del Bronx - Oresky &amp; Associates, PLLC<\/title>\n<meta name=\"description\" content=\"Conf\u00ede en los abogados de accidentes automovil\u00edsticos de Oresky &amp; Associates, PLLC para obtener apoyo legal experimentado para garantizar el acuerdo por accidente de sem\u00e1foro en rojo y amarillo que se merece. \u00a1Ll\u00e1menos hoy mismo!\" \/>\n<meta name=\"robots\" content=\"index, follow, max-snippet:-1, max-image-preview:large, max-video-preview:-1\" \/>\n<link rel=\"canonical\" href=\"https:\/\/oreskylaw.com\/es\/bronx\/abogados-de-accidentes-de-coche-con-luces-rojas-y-amarillas\/\" \/>\n<meta property=\"og:locale\" content=\"es_ES\" \/>\n<meta property=\"og:type\" content=\"article\" \/>\n<meta property=\"og:title\" content=\"Abogado de accidentes con sem\u00e1foros rojos y amarillos del Bronx - Oresky &amp; Associates, PLLC\" \/>\n<meta property=\"og:description\" content=\"Conf\u00ede en los abogados de accidentes automovil\u00edsticos de Oresky &amp; Associates, PLLC para obtener apoyo legal experimentado para garantizar el acuerdo por accidente de sem\u00e1foro en rojo y amarillo que se merece. \u00a1Ll\u00e1menos hoy mismo!\" \/>\n<meta property=\"og:url\" content=\"https:\/\/oreskylaw.com\/es\/bronx\/abogados-de-accidentes-de-coche-con-luces-rojas-y-amarillas\/\" \/>\n<meta property=\"og:site_name\" content=\"Oresky &amp; Associates, PLLC\" \/>\n<meta property=\"article:publisher\" content=\"https:\/\/www.facebook.com\/Oreskylaw\/\" \/>\n<meta property=\"article:modified_time\" content=\"2026-01-30T14:17:20+00:00\" \/>\n<meta property=\"og:image\" content=\"https:\/\/oreskylaw.com\/wp-content\/uploads\/2026\/01\/red-and-yellow-light-car-accident-lawyers.png\" \/>\n\t<meta property=\"og:image:width\" content=\"810\" \/>\n\t<meta property=\"og:image:height\" content=\"330\" \/>\n\t<meta property=\"og:image:type\" content=\"image\/png\" \/>\n<meta name=\"twitter:card\" content=\"summary_large_image\" \/>\n<meta name=\"twitter:site\" content=\"@JacobOreskyLaw\" \/>\n<meta name=\"twitter:label1\" content=\"Tiempo de lectura\" \/>\n\t<meta name=\"twitter:data1\" content=\"8 minutos\" \/>\n<!-- \/ Yoast SEO plugin. -->","yoast_head_json":{"title":"Abogado de accidentes con sem\u00e1foros rojos y amarillos del Bronx - Oresky & Associates, PLLC","description":"Conf\u00ede en los abogados de accidentes automovil\u00edsticos de Oresky & Associates, PLLC para obtener apoyo legal experimentado para garantizar el acuerdo por accidente de sem\u00e1foro en rojo y amarillo que se merece. \u00a1Ll\u00e1menos hoy mismo!","robots":{"index":"index","follow":"follow","max-snippet":"max-snippet:-1","max-image-preview":"max-image-preview:large","max-video-preview":"max-video-preview:-1"},"canonical":"https:\/\/oreskylaw.com\/es\/bronx\/abogados-de-accidentes-de-coche-con-luces-rojas-y-amarillas\/","og_locale":"es_ES","og_type":"article","og_title":"Abogado de accidentes con sem\u00e1foros rojos y amarillos del Bronx - Oresky & Associates, PLLC","og_description":"Conf\u00ede en los abogados de accidentes automovil\u00edsticos de Oresky & Associates, PLLC para obtener apoyo legal experimentado para garantizar el acuerdo por accidente de sem\u00e1foro en rojo y amarillo que se merece. \u00a1Ll\u00e1menos hoy mismo!","og_url":"https:\/\/oreskylaw.com\/es\/bronx\/abogados-de-accidentes-de-coche-con-luces-rojas-y-amarillas\/","og_site_name":"Oresky &amp; Associates, PLLC","article_publisher":"https:\/\/www.facebook.com\/Oreskylaw\/","article_modified_time":"2026-01-30T14:17:20+00:00","og_image":[{"width":810,"height":330,"url":"https:\/\/oreskylaw.com\/wp-content\/uploads\/2026\/01\/red-and-yellow-light-car-accident-lawyers.png","type":"image\/png"}],"twitter_card":"summary_large_image","twitter_site":"@JacobOreskyLaw","twitter_misc":{"Tiempo de lectura":"8 minutos"},"schema":{"@context":"https:\/\/schema.org","@graph":[{"@type":"WebPage","@id":"https:\/\/oreskylaw.com\/es\/bronx\/abogados-de-accidentes-de-coche-con-luces-rojas-y-amarillas\/","url":"https:\/\/oreskylaw.com\/es\/bronx\/abogados-de-accidentes-de-coche-con-luces-rojas-y-amarillas\/","name":"Abogado de accidentes con sem\u00e1foros rojos y amarillos del Bronx - Oresky & Associates, PLLC","isPartOf":{"@id":"https:\/\/oreskylaw.com\/es\/#website"},"primaryImageOfPage":{"@id":"https:\/\/oreskylaw.com\/es\/bronx\/abogados-de-accidentes-de-coche-con-luces-rojas-y-amarillas\/#primaryimage"},"image":{"@id":"https:\/\/oreskylaw.com\/es\/bronx\/abogados-de-accidentes-de-coche-con-luces-rojas-y-amarillas\/#primaryimage"},"thumbnailUrl":"https:\/\/oreskylaw.com\/wp-content\/uploads\/2026\/01\/red-and-yellow-light-car-accident-lawyers.png","datePublished":"2025-12-08T02:31:51+00:00","dateModified":"2026-01-30T14:17:20+00:00","description":"Conf\u00ede en los abogados de accidentes automovil\u00edsticos de Oresky & Associates, PLLC para obtener apoyo legal experimentado para garantizar el acuerdo por accidente de sem\u00e1foro en rojo y amarillo que se merece. \u00a1Ll\u00e1menos hoy mismo!","breadcrumb":{"@id":"https:\/\/oreskylaw.com\/es\/bronx\/abogados-de-accidentes-de-coche-con-luces-rojas-y-amarillas\/#breadcrumb"},"inLanguage":"es","potentialAction":[{"@type":"ReadAction","target":["https:\/\/oreskylaw.com\/es\/bronx\/abogados-de-accidentes-de-coche-con-luces-rojas-y-amarillas\/"]}]},{"@type":"ImageObject","inLanguage":"es","@id":"https:\/\/oreskylaw.com\/es\/bronx\/abogados-de-accidentes-de-coche-con-luces-rojas-y-amarillas\/#primaryimage","url":"https:\/\/oreskylaw.com\/wp-content\/uploads\/2026\/01\/red-and-yellow-light-car-accident-lawyers.png","contentUrl":"https:\/\/oreskylaw.com\/wp-content\/uploads\/2026\/01\/red-and-yellow-light-car-accident-lawyers.png","width":810,"height":330,"caption":"stoplight"},{"@type":"BreadcrumbList","@id":"https:\/\/oreskylaw.com\/es\/bronx\/abogados-de-accidentes-de-coche-con-luces-rojas-y-amarillas\/#breadcrumb","itemListElement":[{"@type":"ListItem","position":1,"name":"Inicio","item":"https:\/\/oreskylaw.com\/es\/"},{"@type":"ListItem","position":2,"name":"Abogado de lesiones personales en el Bronx","item":"https:\/\/oreskylaw.com\/es\/bronx\/"},{"@type":"ListItem","position":3,"name":"Abogado de Accidentes de Auto por Luz Roja y Amarilla en el Bronx"}]},{"@type":"WebSite","@id":"https:\/\/oreskylaw.com\/es\/#website","url":"https:\/\/oreskylaw.com\/es\/","name":"Oresky & Associates PLLC","description":"","publisher":{"@id":"https:\/\/oreskylaw.com\/es\/#organization"},"potentialAction":[{"@type":"SearchAction","target":{"@type":"EntryPoint","urlTemplate":"https:\/\/oreskylaw.com\/es\/?s={search_term_string}"},"query-input":{"@type":"PropertyValueSpecification","valueRequired":true,"valueName":"search_term_string"}}],"inLanguage":"es"}]}},"_links":{"self":[{"href":"https:\/\/oreskylaw.com\/es\/wp-json\/wp\/v2\/pages\/18215","targetHints":{"allow":["GET"]}}],"collection":[{"href":"https:\/\/oreskylaw.com\/es\/wp-json\/wp\/v2\/pages"}],"about":[{"href":"https:\/\/oreskylaw.com\/es\/wp-json\/wp\/v2\/types\/page"}],"author":[{"embeddable":true,"href":"https:\/\/oreskylaw.com\/es\/wp-json\/wp\/v2\/users\/9"}],"replies":[{"embeddable":true,"href":"https:\/\/oreskylaw.com\/es\/wp-json\/wp\/v2\/comments?post=18215"}],"version-history":[{"count":0,"href":"https:\/\/oreskylaw.com\/es\/wp-json\/wp\/v2\/pages\/18215\/revisions"}],"up":[{"embeddable":true,"href":"https:\/\/oreskylaw.com\/es\/wp-json\/wp\/v2\/pages\/17391"}],"wp:featuredmedia":[{"embeddable":true,"href":"https:\/\/oreskylaw.com\/es\/wp-json\/wp\/v2\/media\/34171"}],"wp:attachment":[{"href":"https:\/\/oreskylaw.com\/es\/wp-json\/wp\/v2\/media?parent=18215"}],"curies":[{"name":"wp","href":"https:\/\/api.w.org\/{rel}","templated":true}]}}