{"id":18226,"date":"2025-12-08T02:32:10","date_gmt":"2025-12-08T02:32:10","guid":{"rendered":"https:\/\/oreskylaw.com\/?page_id=18226"},"modified":"2026-01-30T14:16:02","modified_gmt":"2026-01-30T14:16:02","slug":"abogados-de-accidentes-de-techos","status":"publish","type":"page","link":"https:\/\/oreskylaw.com\/es\/bronx\/abogados-de-accidentes-de-techos\/","title":{"rendered":"Abogado Especialista en Accidentes de Techos"},"content":{"rendered":"<p>El trabajo de construcci\u00f3n, incluido el techado, es un campo peligroso. Los techadores corren un alto riesgo de accidentes debido a la naturaleza de su trabajo. Trabajan a gran altura, lo que aumenta el riesgo de ca\u00eddas.<\/p>\n<p>Si ha sufrido un accidente de techado en el Bronx, NY, podr\u00eda tener derecho a recibir compensaci\u00f3n por sus lesiones, p\u00e9rdidas financieras, dolor y sufrimiento. En\u00a0<a href=\"https:\/\/oreskylaw.com\/es\/acerca-de-nosotros\/\">Oresky &amp; Associates, PLLC<\/a>, nuestros abogados de accidentes de techado en el Bronx pueden ayudarlo a presentar reclamos de compensaci\u00f3n laboral y\u00a0<a href=\"https:\/\/oreskylaw.com\/es\/bronx-personal-injury-lawyers.html\">de da\u00f1os personales<\/a>. Contamos con m\u00e1s de 30 a\u00f1os de experiencia ayudando a v\u00edctimas de accidentes.<\/p>\n<p><a href=\"https:\/\/oreskylaw.com\/es\/contacto\/\">Comun\u00edquese<\/a>\u00a0con nuestro bufete de abogados al\u00a0<a href=\"tel:+19299304705\">(929) 930-4705<\/a>\u00a0para programar una consulta gratuita con uno de nuestros\u00a0<a href=\"https:\/\/oreskylaw.com\/es\/bronx\/abogados-de-accidentes-de-construccion\/\">abogados de accidentes de construcci\u00f3n en el Bronx<\/a>.<\/p>\n<h2>C\u00f3mo Nuestros Abogados de Lesiones Personales en el Bronx Pueden Ayudarle Despu\u00e9s de un Accidente de Techado en el Bronx, NY<\/h2>\n<p><img loading=\"lazy\" decoding=\"async\" class=\"size-full wp-image-11594 alignleft\" src=\"https:\/\/oreskylaw.com\/wp-content\/uploads\/2026\/01\/How-Much-Does-it-Cost-to-Hire-a-Personal-Injury-Lawyer.webp\" alt=\"construction accident attorney bronx ny\" width=\"300\" height=\"200\" \/>Despu\u00e9s de un accidente de techado en el Bronx, es posible que no sepa qu\u00e9 hacer con respecto a sus facturas m\u00e9dicas y salarios perdidos. Puede que no est\u00e9 consciente de su derecho legal a presentar un reclamo de terceros adem\u00e1s de un reclamo de compensaci\u00f3n laboral. Nuestros abogados de accidentes de techado en Oresky &amp; Associates, PLLC est\u00e1n aqu\u00ed para ayudar.<\/p>\n<p>Tenemos una amplia experiencia manejando reclamos de accidentes de construcci\u00f3n, incluidos casos de accidentes de techado. Nuestros abogados han ganado m\u00e1s de $400 millones en acuerdos y veredictos de jurado para nuestros clientes. Nuestro bufete es reconocido a nivel nacional y local por nuestra dedicaci\u00f3n a los clientes y nuestro historial de \u00e9xito.<\/p>\n<p>Cuando contrata a Oresky &amp; Associates, PLLC, puede confiar en que nuestros abogados de lesiones personales altamente calificados en New York:<\/p>\n<ul>\n<li>Investigar\u00e1n el accidente de techado para determinar c\u00f3mo ocurri\u00f3.<\/li>\n<li>Proporcionar\u00e1n asesoramiento legal s\u00f3lido y explicar\u00e1n sus opciones para recibir compensaci\u00f3n por lesiones.<\/li>\n<li>Presentar\u00e1n un reclamo de compensaci\u00f3n laboral y luchar\u00e1n por todos los beneficios que merece por ley.<\/li>\n<li>Trabajar\u00e1n con especialistas m\u00e9dicos y otros testigos expertos seg\u00fan sea necesario.<\/li>\n<li>Explorar\u00e1n reclamos de da\u00f1os personales contra terceros.<\/li>\n<li>Negociar\u00e1n acuerdos justos por el valor total de su caso.<\/li>\n<li>Presentar\u00e1n demandas y proceder\u00e1n a juicio si esa es la mejor manera de proteger su derecho a una compensaci\u00f3n justa.<\/li>\n<\/ul>\n<p>Las lesiones sufridas en accidentes de techado pueden afectar su vida para siempre. Sin embargo, no tiene que luchar por la justicia solo. En su lugar, puede contar con un equipo de profesionales legales de su lado.<\/p>\n<p>Llame a Oresky &amp; Associates, PLLC hoy para programar una evaluaci\u00f3n gratuita de su caso con un experimentado abogado de accidentes de techado en el Bronx, New York.<\/p>\n<h2>Causas Comunes de Accidentes de Techado en el Bronx, NY<\/h2>\n<p>La industria de la construcci\u00f3n tiene una de las tasas de lesiones m\u00e1s altas de todas las industrias de servicios en los Estados Unidos. Cientos de trabajadores de la construcci\u00f3n resultan heridos o muertos en la Ciudad de New York cada a\u00f1o.<\/p>\n<p>Los techadores enfrentan muchas situaciones peligrosas mientras trabajan en lo alto de los edificios. Resbalones, tropiezos y ca\u00eddas provocan muchos accidentes. Sin embargo, las severas condiciones de trabajo y otros peligros pueden contribuir a la causa de un accidente de techado.<\/p>\n<p>Las causas comunes de accidentes de techado en el Bronx, NY incluyen:<\/p>\n<div class=\"row\">\n<ul class=\"col-xl-6\">\n<li>Caer desde el techo, escaleras o andamios.<\/li>\n<li>Contacto con l\u00edneas el\u00e9ctricas.<\/li>\n<li>Escombros ca\u00eddos.<\/li>\n<li>Exposici\u00f3n al calor.<\/li>\n<li>Colapso del edificio y\/o techo.<\/li>\n<\/ul>\n<ul class=\"col-xl-6\">\n<li>Lesiones causadas por herramientas defectuosas.<\/li>\n<li>No utilizar sistemas adecuados de protecci\u00f3n contra ca\u00eddas.<\/li>\n<li>Vientos fuertes y condiciones clim\u00e1ticas.<\/li>\n<li>Lesiones por movimientos repetitivos.<\/li>\n<\/ul>\n<\/div>\n<p>Lamentablemente, muchos accidentes de techado se pueden prevenir siguiendo las pautas de seguridad estatales y federales. Las violaciones a OSHA son una causa com\u00fan de lesiones en la industria de la construcci\u00f3n.<\/p>\n    <div class=\"cw-cta-box\">\n        <div class=\"cw-cta-box__inner \">\n            <div class=\"cw-cta-box__info\">\n                                    <div class=\"label\">\u00a1Llame ahora!<\/div>\n                            <\/div>\n                            <div class=\"contact-phone\">\n                    <a href=\"tel:7189939999\"\n                        aria-label=\"Tap to call button\">\n                        718-993-9999                    <\/a>\n                <\/div>\n                    <\/div>\n                    <a href=\"\/es\/contacto\/\"\n               class=\"cta-btn btn btn--primary btn\"\n               target=\"\">\n                Obtenga Una Consulta Gratuita            <\/a>\n            <\/div>\n    \n<h2>Lesiones Comunes Causadas por Accidentes de Techado en el Bronx<\/h2>\n<p>Los techadores pueden sufrir lesiones por una ca\u00edda, por exposici\u00f3n a los elementos o debido a una herramienta defectuosa.<\/p>\n<p>Las lesiones comunes de techado que nuestros abogados manejan incluyen:<\/p>\n<div class=\"row\">\n<ul class=\"col-xl-6\">\n<li>Huesos rotos y fracturas<\/li>\n<li>Heridas punzantes<\/li>\n<li>Quemaduras<\/li>\n<li>Electrocuci\u00f3n y lesiones por choque el\u00e9ctrico<\/li>\n<li>Lesiones en la espalda<\/li>\n<li>Lesiones por movimientos repetitivos<\/li>\n<\/ul>\n<ul class=\"col-xl-6\">\n<li>Lesi\u00f3n de la m\u00e9dula espinal<\/li>\n<li>Golpe de calor<\/li>\n<li>Lesi\u00f3n cerebral traum\u00e1tica<\/li>\n<li>Amputaciones<\/li>\n<li>Lesiones por aplastamiento<\/li>\n<li>Lesiones de tejidos blandos<\/li>\n<\/ul>\n<\/div>\n<p>Cualquier accidente de techado puede llevar a lesiones graves y muerte. Buscar atenci\u00f3n m\u00e9dica inmediata puede ayudar a reducir el riesgo de lesiones permanentes y fatalidades.<\/p>\n<h2>\u00bfQu\u00e9 Compensaci\u00f3n Puedo Recibir Despu\u00e9s de un Accidente de Techado en el Bronx, NY?<\/h2>\n<p>El tipo de compensaci\u00f3n que recibe depende de los hechos y circunstancias del accidente de techado. La mayor\u00eda de los techadores est\u00e1n cubiertos por un seguro de compensaci\u00f3n laboral. Por lo tanto, deber\u00eda tener derecho a beneficios m\u00e9dicos y beneficios salariales al presentar un reclamo de compensaci\u00f3n laboral.<\/p>\n<p>Sin embargo, tambi\u00e9n podr\u00eda tener un reclamo contra un tercero bajo las leyes de lesiones personales de New York. Si otra parte fue negligente o caus\u00f3 intencionalmente su lesi\u00f3n, podr\u00eda recibir compensaci\u00f3n por todos los da\u00f1os econ\u00f3micos. Tambi\u00e9n podr\u00eda tener derecho a compensaci\u00f3n por sus da\u00f1os no econ\u00f3micos.<\/p>\n<p>Los beneficios de compensaci\u00f3n laboral no le compensan completamente por todas las p\u00e9rdidas y da\u00f1os. Por lo tanto, es importante consultar a un abogado de accidentes de construcci\u00f3n en el Bronx para explorar todas las fuentes de compensaci\u00f3n y maximizar el dinero que recibe como techador lesionado.<\/p>\n<h2>Plazos para Presentar Reclamaciones por Accidentes de Techado en New York<\/h2>\n<p>Si sufre un accidente de techado, debe informar la lesi\u00f3n a su empleador dentro de 30 d\u00edas. El plazo para presentar un reclamo de compensaci\u00f3n laboral es t\u00edpicamente de dos a\u00f1os despu\u00e9s de la fecha de la lesi\u00f3n.<\/p>\n<p>New York tiene un plazo de tres a\u00f1os para presentar la mayor\u00eda de las reclamaciones de lesiones personales contra terceros. Sin embargo, las excepciones a estas reglas podr\u00edan cambiar estos plazos.<\/p>\n<h2>Programe una Consulta Gratuita Con Nuestros Abogados de Accidentes de Techado en el Bronx<\/h2>\n<p>No espere demasiado para buscar asesoramiento legal despu\u00e9s de un accidente de techado en el Bronx. Su tiempo para presentar reclamos est\u00e1 limitado por la ley. Llame a nuestra oficina de abogados hoy para hablar con un abogado experimentado en accidentes de techado en el Bronx.<\/p>\n","protected":false},"excerpt":{"rendered":"<p>El trabajo de construcci\u00f3n, incluido el techado, es un campo peligroso. Los techadores corren un alto riesgo de accidentes debido a la naturaleza de su trabajo. Trabajan a gran altura, lo que aumenta el riesgo de ca\u00eddas. Si ha sufrido un accidente de techado en el Bronx, NY, podr\u00eda tener derecho a recibir compensaci\u00f3n por [&hellip;]<\/p>\n","protected":false},"author":9,"featured_media":24142,"parent":17391,"menu_order":85,"comment_status":"closed","ping_status":"closed","template":"","meta":{"_acf_changed":false,"footnotes":""},"class_list":["post-18226","page","type-page","status-publish","has-post-thumbnail","hentry"],"acf":[],"yoast_head":"<!-- This site is optimized with the Yoast SEO plugin v27.3 - https:\/\/yoast.com\/product\/yoast-seo-wordpress\/ -->\n<title>Abogado de accidentes de techos en el Bronx - Oresky &amp; Associates, PLLC<\/title>\n<meta name=\"description\" content=\"Si sufri\u00f3 lesiones en un accidente de techado en el Bronx, NY, los abogados de accidentes de construcci\u00f3n pueden ayudarle. \u00a1Ll\u00e1menos hoy para una consulta!\" \/>\n<meta name=\"robots\" content=\"index, follow, max-snippet:-1, max-image-preview:large, max-video-preview:-1\" \/>\n<link rel=\"canonical\" href=\"https:\/\/oreskylaw.com\/es\/bronx\/abogados-de-accidentes-de-techos\/\" \/>\n<meta property=\"og:locale\" content=\"es_ES\" \/>\n<meta property=\"og:type\" content=\"article\" \/>\n<meta property=\"og:title\" content=\"Abogado de accidentes de techos en el Bronx - Oresky &amp; Associates, PLLC\" \/>\n<meta property=\"og:description\" content=\"Si sufri\u00f3 lesiones en un accidente de techado en el Bronx, NY, los abogados de accidentes de construcci\u00f3n pueden ayudarle. \u00a1Ll\u00e1menos hoy para una consulta!\" \/>\n<meta property=\"og:url\" content=\"https:\/\/oreskylaw.com\/es\/bronx\/abogados-de-accidentes-de-techos\/\" \/>\n<meta property=\"og:site_name\" content=\"Oresky &amp; Associates, PLLC\" \/>\n<meta property=\"article:publisher\" content=\"https:\/\/www.facebook.com\/Oreskylaw\/\" \/>\n<meta property=\"article:modified_time\" content=\"2026-01-30T14:16:02+00:00\" \/>\n<meta property=\"og:image\" content=\"https:\/\/oreskylaw.com\/wp-content\/uploads\/2026\/01\/roofing-accident-lawyers.png\" \/>\n\t<meta property=\"og:image:width\" content=\"810\" \/>\n\t<meta property=\"og:image:height\" content=\"330\" \/>\n\t<meta property=\"og:image:type\" content=\"image\/png\" \/>\n<meta name=\"twitter:card\" content=\"summary_large_image\" \/>\n<meta name=\"twitter:site\" content=\"@JacobOreskyLaw\" \/>\n<meta name=\"twitter:label1\" content=\"Tiempo de lectura\" \/>\n\t<meta name=\"twitter:data1\" content=\"5 minutos\" \/>\n<!-- \/ Yoast SEO plugin. -->","yoast_head_json":{"title":"Abogado de accidentes de techos en el Bronx - Oresky & Associates, PLLC","description":"Si sufri\u00f3 lesiones en un accidente de techado en el Bronx, NY, los abogados de accidentes de construcci\u00f3n pueden ayudarle. \u00a1Ll\u00e1menos hoy para una consulta!","robots":{"index":"index","follow":"follow","max-snippet":"max-snippet:-1","max-image-preview":"max-image-preview:large","max-video-preview":"max-video-preview:-1"},"canonical":"https:\/\/oreskylaw.com\/es\/bronx\/abogados-de-accidentes-de-techos\/","og_locale":"es_ES","og_type":"article","og_title":"Abogado de accidentes de techos en el Bronx - Oresky & Associates, PLLC","og_description":"Si sufri\u00f3 lesiones en un accidente de techado en el Bronx, NY, los abogados de accidentes de construcci\u00f3n pueden ayudarle. \u00a1Ll\u00e1menos hoy para una consulta!","og_url":"https:\/\/oreskylaw.com\/es\/bronx\/abogados-de-accidentes-de-techos\/","og_site_name":"Oresky &amp; Associates, PLLC","article_publisher":"https:\/\/www.facebook.com\/Oreskylaw\/","article_modified_time":"2026-01-30T14:16:02+00:00","og_image":[{"width":810,"height":330,"url":"https:\/\/oreskylaw.com\/wp-content\/uploads\/2026\/01\/roofing-accident-lawyers.png","type":"image\/png"}],"twitter_card":"summary_large_image","twitter_site":"@JacobOreskyLaw","twitter_misc":{"Tiempo de lectura":"5 minutos"},"schema":{"@context":"https:\/\/schema.org","@graph":[{"@type":"WebPage","@id":"https:\/\/oreskylaw.com\/es\/bronx\/abogados-de-accidentes-de-techos\/","url":"https:\/\/oreskylaw.com\/es\/bronx\/abogados-de-accidentes-de-techos\/","name":"Abogado de accidentes de techos en el Bronx - Oresky & Associates, PLLC","isPartOf":{"@id":"https:\/\/oreskylaw.com\/es\/#website"},"primaryImageOfPage":{"@id":"https:\/\/oreskylaw.com\/es\/bronx\/abogados-de-accidentes-de-techos\/#primaryimage"},"image":{"@id":"https:\/\/oreskylaw.com\/es\/bronx\/abogados-de-accidentes-de-techos\/#primaryimage"},"thumbnailUrl":"https:\/\/oreskylaw.com\/wp-content\/uploads\/2026\/01\/roofing-accident-lawyers.png","datePublished":"2025-12-08T02:32:10+00:00","dateModified":"2026-01-30T14:16:02+00:00","description":"Si sufri\u00f3 lesiones en un accidente de techado en el Bronx, NY, los abogados de accidentes de construcci\u00f3n pueden ayudarle. \u00a1Ll\u00e1menos hoy para una consulta!","breadcrumb":{"@id":"https:\/\/oreskylaw.com\/es\/bronx\/abogados-de-accidentes-de-techos\/#breadcrumb"},"inLanguage":"es","potentialAction":[{"@type":"ReadAction","target":["https:\/\/oreskylaw.com\/es\/bronx\/abogados-de-accidentes-de-techos\/"]}]},{"@type":"ImageObject","inLanguage":"es","@id":"https:\/\/oreskylaw.com\/es\/bronx\/abogados-de-accidentes-de-techos\/#primaryimage","url":"https:\/\/oreskylaw.com\/wp-content\/uploads\/2026\/01\/roofing-accident-lawyers.png","contentUrl":"https:\/\/oreskylaw.com\/wp-content\/uploads\/2026\/01\/roofing-accident-lawyers.png","width":810,"height":330,"caption":"roofing worker"},{"@type":"BreadcrumbList","@id":"https:\/\/oreskylaw.com\/es\/bronx\/abogados-de-accidentes-de-techos\/#breadcrumb","itemListElement":[{"@type":"ListItem","position":1,"name":"Inicio","item":"https:\/\/oreskylaw.com\/es\/"},{"@type":"ListItem","position":2,"name":"Abogado de lesiones personales en el Bronx","item":"https:\/\/oreskylaw.com\/es\/bronx\/"},{"@type":"ListItem","position":3,"name":"Abogado Especialista en Accidentes de Techos"}]},{"@type":"WebSite","@id":"https:\/\/oreskylaw.com\/es\/#website","url":"https:\/\/oreskylaw.com\/es\/","name":"Oresky & Associates PLLC","description":"","publisher":{"@id":"https:\/\/oreskylaw.com\/es\/#organization"},"potentialAction":[{"@type":"SearchAction","target":{"@type":"EntryPoint","urlTemplate":"https:\/\/oreskylaw.com\/es\/?s={search_term_string}"},"query-input":{"@type":"PropertyValueSpecification","valueRequired":true,"valueName":"search_term_string"}}],"inLanguage":"es"}]}},"_links":{"self":[{"href":"https:\/\/oreskylaw.com\/es\/wp-json\/wp\/v2\/pages\/18226","targetHints":{"allow":["GET"]}}],"collection":[{"href":"https:\/\/oreskylaw.com\/es\/wp-json\/wp\/v2\/pages"}],"about":[{"href":"https:\/\/oreskylaw.com\/es\/wp-json\/wp\/v2\/types\/page"}],"author":[{"embeddable":true,"href":"https:\/\/oreskylaw.com\/es\/wp-json\/wp\/v2\/users\/9"}],"replies":[{"embeddable":true,"href":"https:\/\/oreskylaw.com\/es\/wp-json\/wp\/v2\/comments?post=18226"}],"version-history":[{"count":0,"href":"https:\/\/oreskylaw.com\/es\/wp-json\/wp\/v2\/pages\/18226\/revisions"}],"up":[{"embeddable":true,"href":"https:\/\/oreskylaw.com\/es\/wp-json\/wp\/v2\/pages\/17391"}],"wp:featuredmedia":[{"embeddable":true,"href":"https:\/\/oreskylaw.com\/es\/wp-json\/wp\/v2\/media\/24142"}],"wp:attachment":[{"href":"https:\/\/oreskylaw.com\/es\/wp-json\/wp\/v2\/media?parent=18226"}],"curies":[{"name":"wp","href":"https:\/\/api.w.org\/{rel}","templated":true}]}}