{"id":18241,"date":"2025-12-08T02:32:31","date_gmt":"2025-12-08T02:32:31","guid":{"rendered":"https:\/\/oreskylaw.com\/?page_id=18241"},"modified":"2026-01-30T14:20:16","modified_gmt":"2026-01-30T14:20:16","slug":"abogados-de-accidentes-de-andamios","status":"publish","type":"page","link":"https:\/\/oreskylaw.com\/es\/bronx\/abogados-de-accidentes-de-andamios\/","title":{"rendered":"Andamios"},"content":{"rendered":"<p>Con la cantidad de construcci\u00f3n que hay en la ciudad de New York, no es sorprendente que los accidentes con andamios en el Bronx, NY, causen a menudo lesiones graves a trabajadores y transe\u00fantes. Si te lesionas en un\u00a0<a href=\"https:\/\/oreskylaw.com\/es\/bronx\/abogados-de-accidentes-de-construccion\/\">accidente de construcci\u00f3n<\/a>\u00a0en el que interviene un andamio o una escalera, es posible que puedas obtener una indemnizaci\u00f3n por lesiones f\u00edsicas, salarios perdidos y mucho m\u00e1s.<\/p>\n<p><a href=\"https:\/\/oreskylaw.com\/es\/acerca-de-nosotros\/\">Oresky &amp; Associates, PLLC<\/a>\u00a0lleva m\u00e1s de 30 a\u00f1os defendiendo los derechos de los lesionados en accidentes de la construcci\u00f3n. Tanto si te has visto implicado en un accidente laboral o te lesionan mientras paseabas por la calle, estamos preparados para dar la cara y ayudarte a conseguir el dinero que te mereces.<\/p>\n<p>Hemos recuperado m\u00e1s de 400 millones de d\u00f3lares en indemnizaciones econ\u00f3micas que han cambiado la vida de v\u00edctimas lesionadas en accidentes evitables. Llama hoy para saber c\u00f3mo pueden ayudarte nuestros abogados especializados en accidentes de andamios del Bronx. Estamos aqu\u00ed las 24 horas al d\u00eda, los 7 d\u00edas a la semana, as\u00ed que <a href=\"https:\/\/oreskylaw.com\/es\/contacto\/\">contactanos ahora<\/a> al\u00a0<a href=\"tel:+19293050949\">(929) 305-0949<\/a>. Las consultas iniciales son siempre gratuitas.<\/p>\n<h2>\u00bfC\u00f3mo puede Oresky &amp; Associates, PLLC ayudarte despu\u00e9s de un accidente de andamio en el Bronx?<\/h2>\n<p><img loading=\"lazy\" decoding=\"async\" class=\"size-full wp-image-12467 alignleft\" src=\"https:\/\/oreskylaw.com\/wp-content\/uploads\/2026\/01\/Help-After-a-Scaffolding-Accident-in-the-Bronx.webp\" alt=\"bridge construction accident attorney bronx\" width=\"300\" height=\"169\" \/>Los casos de accidentes en la construcci\u00f3n ser\u00e1n duramente combatidos por las compa\u00f1\u00edas de seguros ya que intentan proteger sus ganancias. Cuando te est\u00e1s recuperando de una lesi\u00f3n, no necesitas el estr\u00e9s de preguntarte si te pagar\u00e1n las facturas. Permite que tomemos las riendas y pongamos nuestros m\u00e1s de 30 a\u00f1os de experiencia a trabajar para luchar por la indemnizaci\u00f3n que mereces.<\/p>\n<p>Nuestros abogados del Bronx especializados en accidentes de la construcci\u00f3n han sido nombrados por la revista New York Magazine \u201cNew York\u2019s Leading Personal Injury Lawyers\u201d, Super Lawyers y Million Dollar Advocates Forum. Estos son solo algunos de los honores que destacan nuestra trayectoria de \u00e9xitos en casos complejos.<\/p>\n<p>Nuestro equipo jur\u00eddico de primera categor\u00eda est\u00e1 bien equipado para:<\/p>\n<ul>\n<li>Determinar por qu\u00e9 se produjo tu accidente de andamio<\/li>\n<li>Consultar con expertos del sector de la construcci\u00f3n para analizar todas las causas que contribuyeron a tu accidente<\/li>\n<li>Ayudarte a presentar una reclamaci\u00f3n o recurso de indemnizaci\u00f3n por accidente laboral si tu accidente ocurri\u00f3 en el trabajo<\/li>\n<li>Negociar con las compa\u00f1\u00edas de seguros en tu nombre<\/li>\n<li>Presentar tu caso ante un jurado si las conversaciones para llegar a un acuerdo no tienen \u00e9xito<\/li>\n<\/ul>\n<p>Nos hemos forjado una reputaci\u00f3n en el Bronx, New York, por ser implacables cuando perseguimos reclamaciones y justicia para nuestros clientes. Lo hacemos con la m\u00e1xima profesionalidad y respeto, pero estamos decididos a conseguir para nuestros clientes el dinero que se les debe. Llama hoy para tu consulta gratuita.<\/p>\n<h2>\u00bfQu\u00e9 causa los accidentes de andamio en el Bronx, NY?<\/h2>\n<p><img loading=\"lazy\" decoding=\"async\" class=\"size-full wp-image-26423 alignright\" src=\"https:\/\/oreskylaw.com\/wp-content\/uploads\/2026\/01\/Como-puede-Oresky-Associates-PLLC-ayudarte-despues-de-un-accidente-de-andamio-en-el-Bronx.webp\" alt=\"\u00bfC\u00f3mo puede Oresky &amp; Associates, PLLC ayudarte despu\u00e9s de un accidente de andam\" width=\"300\" height=\"200\" \/>A menudo, los accidentes de andamios se deben a una negligencia o a un equipo defectuoso.<\/p>\n<p>Algunas causas frecuentes de accidentes en andamios son:<\/p>\n<ul>\n<li>Falta de capacitaci\u00f3n sobre c\u00f3mo montar correctamente los andamios<\/li>\n<li>No limpiar los derrames en las superficies de los andamios<\/li>\n<li>Supervisi\u00f3n negligente<\/li>\n<li>No seguir las indicacioes de\u00a0<a href=\"https:\/\/www.osha.gov\/laws-regs\/regulations\/standardnumber\/1926\/1926.451\" target=\"_blank\" rel=\"nofollow noopener noreferrer\">la OSHA<\/a>\u00a0u otras directrices de seguridad<\/li>\n<li>Andamios o soportes defectuosos<\/li>\n<li>Obst\u00e1culos con los que se tropiezan o enredan dejados en las superficies de los andamios<\/li>\n<\/ul>\n<p>La causa de un accidente de andamio puede ser dif\u00edcil de determinar. Contamos con expertos de confianza que nos ayudan a resolver casos complejos para que podamos rastrear la causa hasta la parte responsable.<\/p>\n<h2>Lucharemos para obtener una indemnizaci\u00f3n por todas tus lesiones por accidente de andamio<\/h2>\n<p>Muchos accidentes de andamio implican ca\u00eddas desde alturas, que provocan lesiones graves o mortales.<\/p>\n<p>Algunas de las lesiones m\u00e1s comunes que vemos por accidentes de andamio son:<\/p>\n<div class=\"row\">\n<ul class=\"col-xl-6\">\n<li>Conmociones cerebrales y otras\u00a0<a href=\"https:\/\/blogs.cdc.gov\/niosh-science-blog\/2016\/03\/21\/constructiontbi\/\" target=\"_blank\" rel=\"nofollow noopener noreferrer\">lesiones cerebrales traum\u00e1ticas<\/a><\/li>\n<li>Rotura de v\u00e9rtebras y otras lesiones de espalda<\/li>\n<li>Lesiones medulares<\/li>\n<li>Lesiones de tejidos blandos<\/li>\n<\/ul>\n<ul class=\"col-xl-6\">\n<li>Rotura de huesos del brazo y de la mano<\/li>\n<li>Electrocuci\u00f3n<\/li>\n<li>Amputaci\u00f3n<\/li>\n<li>Punciones de \u00f3rganos<\/li>\n<li>Empalamientos<\/li>\n<\/ul>\n<\/div>\n<p>Por leves o graves que sean tus lesiones, trabajaremos sin descanso para obtener una indemnizaci\u00f3n que te compense suficientemente por tus necesidades m\u00e9dicas actuales y futuras.<\/p>\n    <div class=\"cw-cta-box\">\n        <div class=\"cw-cta-box__inner \">\n            <div class=\"cw-cta-box__info\">\n                                    <div class=\"label\">\u00a1Llame ahora!<\/div>\n                            <\/div>\n                            <div class=\"contact-phone\">\n                    <a href=\"tel:7189939999\"\n                        aria-label=\"Tap to call button\">\n                        718-993-9999                    <\/a>\n                <\/div>\n                    <\/div>\n                    <a href=\"\/es\/contacto\/\"\n               class=\"cta-btn btn btn--primary btn\"\n               target=\"\">\n                Obtenga Una Consulta Gratuita            <\/a>\n            <\/div>\n    \n<h2>\u00bfQui\u00e9n es responsable de mis lesiones por accidente de andamio en el Bronx?<\/h2>\n<p>Si te lesionas en el trabajo, puedes estar limitado a las prestaciones del seguro de indemnizaci\u00f3n por accidentes laborales. Si un tercero fue responsable, determinaremos si puedes presentar una demanda contra terceros para obtener una indemnizaci\u00f3n adicional en un juicio por lesiones personales. Los transe\u00fantes tambi\u00e9n pueden solicitar una indemnizaci\u00f3n en una demanda por lesiones personales.<\/p>\n<p>Las partes potencialmente responsables pueden ser:<\/p>\n<div class=\"row\">\n<ul class=\"col-xl-6\">\n<li>Empresa constructora<\/li>\n<li>Propietario<\/li>\n<li>Contratista<\/li>\n<li>Vendedor<\/li>\n<\/ul>\n<ul class=\"col-xl-6\">\n<li>Intruso<\/li>\n<li>Entidad gubernamental<\/li>\n<li>Fabricante de andamios<\/li>\n<li>Compa\u00f1\u00eda el\u00e9ctrica<\/li>\n<\/ul>\n<\/div>\n<p>Nuestros experimentados abogados de accidentes de la construcci\u00f3n del Bronx no temen enfrentarse incluso a los acusados m\u00e1s formidables. Investigaremos cada detalle y haremos todo lo posible para maximizar la indemnizaci\u00f3n para ti y tu familia.<\/p>\n\n\t\t\t\t\n\t\t\t\t\t<div itemtype=\"https:\/\/schema.org\/VideoObject\" itemscope=\"\" id=\"video_play-12477\" class=\" vid-aligncenter\" style=\"display:block\">\n\t\t\t\t\t\t<meta itemprop=\"name\" content=\"Bronx construction accident lawyers. OK ORESKY &#8211; Oresky &#038; Associates, PLLC\" \/>\n\t\t\t\t\t\t<meta itemprop=\"thumbnailURL\" content=\"https:\/\/i.ytimg.com\/vi\/Eo7ELg8m-hg\/hqdefault.jpg\" \/>\n\t\t\t\t\t\t<meta itemprop=\"uploadDate\" content=\"8 de diciembre de 2025\">\n\t\t\t\t\t\t\t\t\t\t\t\t\t<meta itemprop=\"embedURL\" content=\"https:\/\/www.youtube.com\/watch?v=Eo7ELg8m-hg\" \/>\n\t\t\t\t\t\t\t<iframe loading=\"lazy\" class=\"cw_video_single\" src=\"https:\/\/www.youtube.com\/embed\/Eo7ELg8m-hg?rel=0&amp;showinfo=1&amp;autoplay=1\" allowfullscreen=\"allowfullscreen\" width=\"100%\" height=\"480px\" ><\/iframe>\n\t\t\t\t\t\t\n\t\t\t\t\t\t\n\t\t\t\t\t\t\t\t\t\t\t\t\t\t\t<meta itemprop=\"description\" content=\"You might have the hardest job, the most dangerous one. \r\nAnd if you get injured you need a lawyer that fights the hardest for you, a fearless ally. Oresky &amp; Associates, the accident attorneys of the Bronx. \" \/>\n\t\t\t\t\t\t\t\n\t\t\t\t\t\t\n\t\t\t\t\t<\/div>\n\n\t\t\t\t\n\n\n\n\t\t\t\n\t\t\t\t\n<h2>\u00bfQu\u00e9 indemnizaci\u00f3n puedo obtener por un accidente de andamio en el Bronx?<\/h2>\n<p><img loading=\"lazy\" decoding=\"async\" class=\"size-full wp-image-11737 alignleft\" src=\"https:\/\/oreskylaw.com\/wp-content\/uploads\/2026\/01\/After-a-Scaffolding-Accident-in-the-Bronx-New-York.webp\" alt=\"Falls on Construction Sites in the Bronx \" width=\"300\" height=\"169\" \/>Si tienes derecho a la indemnizaci\u00f3n por accidente laboral, se cubrir\u00e1 tu tratamiento m\u00e9dico y una parte de los salarios perdidos. Si tienes derecho a presentar una demanda por lesiones personales, normalmente puedes solicitar una indemnizaci\u00f3n por todos los da\u00f1os\u00a0<a href=\"https:\/\/oreskylaw.com\/es\/blog\/lesiones-personales-danos-economicos\/\">econ\u00f3micos<\/a>\u00a0y no econ\u00f3micos. Esto puede incluir los gastos m\u00e9dicos, el valor total de los salarios perdidos y la p\u00e9rdida de capacidad de ganancia, as\u00ed como el dolor y el sufrimiento.<\/p>\n<p>Es posible recuperar dinero de un acuerdo por lesiones personales y de una indemnizaci\u00f3n por accidente laboral, dependiendo de las circunstancias.<\/p>\n<h2>Llama a Oresky &amp; Associates, PLLC despu\u00e9s de un accidente con un andamio en el Bronx, \u00a0New York<\/h2>\n<p>\u00bfTe has lesionado en un accidente de andamio en el Bronx? Oresky &amp; Associates, PLLC est\u00e1 dispuesto a luchar por la indemnizaci\u00f3n que te corresponde. Si te has visto involucrado en un accidente laboral, podemos ayudarte a obtener las prestaciones de indemnizaci\u00f3n laboral a las que tienes derecho y a determinar si re\u00fanes los requisitos para presentar una reclamaci\u00f3n a terceros.<\/p>\n<p>Nuestros abogados del Bronx especializados en accidentes con andamios se ocupan habitualmente de casos complejos de accidentes de la construcci\u00f3n. Contamos con los recursos y la experiencia necesarios para hacer frente a las grandes empresas de la construcci\u00f3n y tenemos un historial de victorias en el que puedes confiar. Ll\u00e1manos o ponte en contacto con nosotros online hoy mismo para programar la evaluaci\u00f3n gratuita de tu caso.<\/p>\n","protected":false},"excerpt":{"rendered":"<p>Con la cantidad de construcci\u00f3n que hay en la ciudad de New York, no es sorprendente que los accidentes con andamios en el Bronx, NY, causen a menudo lesiones graves a trabajadores y transe\u00fantes. Si te lesionas en un\u00a0accidente de construcci\u00f3n\u00a0en el que interviene un andamio o una escalera, es posible que puedas obtener una [&hellip;]<\/p>\n","protected":false},"author":9,"featured_media":24150,"parent":17391,"menu_order":86,"comment_status":"closed","ping_status":"closed","template":"","meta":{"_acf_changed":false,"footnotes":""},"class_list":["post-18241","page","type-page","status-publish","has-post-thumbnail","hentry"],"acf":[],"yoast_head":"<!-- This site is optimized with the Yoast SEO plugin v27.3 - https:\/\/yoast.com\/product\/yoast-seo-wordpress\/ -->\n<title>Accidentes con andamios en el Bronx - Oresky &amp; Associates, PLLC<\/title>\n<meta name=\"description\" content=\"\u00bfTe lesionaste en un accidente de andamio en el Bronx, NY? Llama a Oresky &amp; Associates, PLLC para una consulta gratuita.\" \/>\n<meta name=\"robots\" content=\"index, follow, max-snippet:-1, max-image-preview:large, max-video-preview:-1\" \/>\n<link rel=\"canonical\" href=\"https:\/\/oreskylaw.com\/es\/bronx\/abogados-de-accidentes-de-andamios\/\" \/>\n<meta property=\"og:locale\" content=\"es_ES\" \/>\n<meta property=\"og:type\" content=\"article\" \/>\n<meta property=\"og:title\" content=\"Accidentes con andamios en el Bronx - Oresky &amp; Associates, PLLC\" \/>\n<meta property=\"og:description\" content=\"\u00bfTe lesionaste en un accidente de andamio en el Bronx, NY? Llama a Oresky &amp; Associates, PLLC para una consulta gratuita.\" \/>\n<meta property=\"og:url\" content=\"https:\/\/oreskylaw.com\/es\/bronx\/abogados-de-accidentes-de-andamios\/\" \/>\n<meta property=\"og:site_name\" content=\"Oresky &amp; Associates, PLLC\" \/>\n<meta property=\"article:publisher\" content=\"https:\/\/www.facebook.com\/Oreskylaw\/\" \/>\n<meta property=\"article:modified_time\" content=\"2026-01-30T14:20:16+00:00\" \/>\n<meta property=\"og:image\" content=\"https:\/\/oreskylaw.com\/wp-content\/uploads\/2026\/01\/scaffold-accident-lawyers.png\" \/>\n\t<meta property=\"og:image:width\" content=\"810\" \/>\n\t<meta property=\"og:image:height\" content=\"330\" \/>\n\t<meta property=\"og:image:type\" content=\"image\/png\" \/>\n<meta name=\"twitter:card\" content=\"summary_large_image\" \/>\n<meta name=\"twitter:site\" content=\"@JacobOreskyLaw\" \/>\n<meta name=\"twitter:label1\" content=\"Tiempo de lectura\" \/>\n\t<meta name=\"twitter:data1\" content=\"6 minutos\" \/>\n<!-- \/ Yoast SEO plugin. -->","yoast_head_json":{"title":"Accidentes con andamios en el Bronx - Oresky & Associates, PLLC","description":"\u00bfTe lesionaste en un accidente de andamio en el Bronx, NY? Llama a Oresky & Associates, PLLC para una consulta gratuita.","robots":{"index":"index","follow":"follow","max-snippet":"max-snippet:-1","max-image-preview":"max-image-preview:large","max-video-preview":"max-video-preview:-1"},"canonical":"https:\/\/oreskylaw.com\/es\/bronx\/abogados-de-accidentes-de-andamios\/","og_locale":"es_ES","og_type":"article","og_title":"Accidentes con andamios en el Bronx - Oresky & Associates, PLLC","og_description":"\u00bfTe lesionaste en un accidente de andamio en el Bronx, NY? Llama a Oresky & Associates, PLLC para una consulta gratuita.","og_url":"https:\/\/oreskylaw.com\/es\/bronx\/abogados-de-accidentes-de-andamios\/","og_site_name":"Oresky &amp; Associates, PLLC","article_publisher":"https:\/\/www.facebook.com\/Oreskylaw\/","article_modified_time":"2026-01-30T14:20:16+00:00","og_image":[{"width":810,"height":330,"url":"https:\/\/oreskylaw.com\/wp-content\/uploads\/2026\/01\/scaffold-accident-lawyers.png","type":"image\/png"}],"twitter_card":"summary_large_image","twitter_site":"@JacobOreskyLaw","twitter_misc":{"Tiempo de lectura":"6 minutos"},"schema":{"@context":"https:\/\/schema.org","@graph":[{"@type":"WebPage","@id":"https:\/\/oreskylaw.com\/es\/bronx\/abogados-de-accidentes-de-andamios\/","url":"https:\/\/oreskylaw.com\/es\/bronx\/abogados-de-accidentes-de-andamios\/","name":"Accidentes con andamios en el Bronx - Oresky & Associates, PLLC","isPartOf":{"@id":"https:\/\/oreskylaw.com\/es\/#website"},"primaryImageOfPage":{"@id":"https:\/\/oreskylaw.com\/es\/bronx\/abogados-de-accidentes-de-andamios\/#primaryimage"},"image":{"@id":"https:\/\/oreskylaw.com\/es\/bronx\/abogados-de-accidentes-de-andamios\/#primaryimage"},"thumbnailUrl":"https:\/\/oreskylaw.com\/wp-content\/uploads\/2026\/01\/scaffold-accident-lawyers.png","datePublished":"2025-12-08T02:32:31+00:00","dateModified":"2026-01-30T14:20:16+00:00","description":"\u00bfTe lesionaste en un accidente de andamio en el Bronx, NY? Llama a Oresky & Associates, PLLC para una consulta gratuita.","breadcrumb":{"@id":"https:\/\/oreskylaw.com\/es\/bronx\/abogados-de-accidentes-de-andamios\/#breadcrumb"},"inLanguage":"es","potentialAction":[{"@type":"ReadAction","target":["https:\/\/oreskylaw.com\/es\/bronx\/abogados-de-accidentes-de-andamios\/"]}]},{"@type":"ImageObject","inLanguage":"es","@id":"https:\/\/oreskylaw.com\/es\/bronx\/abogados-de-accidentes-de-andamios\/#primaryimage","url":"https:\/\/oreskylaw.com\/wp-content\/uploads\/2026\/01\/scaffold-accident-lawyers.png","contentUrl":"https:\/\/oreskylaw.com\/wp-content\/uploads\/2026\/01\/scaffold-accident-lawyers.png","width":810,"height":330,"caption":"scaffolding worker"},{"@type":"BreadcrumbList","@id":"https:\/\/oreskylaw.com\/es\/bronx\/abogados-de-accidentes-de-andamios\/#breadcrumb","itemListElement":[{"@type":"ListItem","position":1,"name":"Inicio","item":"https:\/\/oreskylaw.com\/es\/"},{"@type":"ListItem","position":2,"name":"Abogado de lesiones personales en el Bronx","item":"https:\/\/oreskylaw.com\/es\/bronx\/"},{"@type":"ListItem","position":3,"name":"Andamios"}]},{"@type":"WebSite","@id":"https:\/\/oreskylaw.com\/es\/#website","url":"https:\/\/oreskylaw.com\/es\/","name":"Oresky & Associates PLLC","description":"","publisher":{"@id":"https:\/\/oreskylaw.com\/es\/#organization"},"potentialAction":[{"@type":"SearchAction","target":{"@type":"EntryPoint","urlTemplate":"https:\/\/oreskylaw.com\/es\/?s={search_term_string}"},"query-input":{"@type":"PropertyValueSpecification","valueRequired":true,"valueName":"search_term_string"}}],"inLanguage":"es"}]}},"_links":{"self":[{"href":"https:\/\/oreskylaw.com\/es\/wp-json\/wp\/v2\/pages\/18241","targetHints":{"allow":["GET"]}}],"collection":[{"href":"https:\/\/oreskylaw.com\/es\/wp-json\/wp\/v2\/pages"}],"about":[{"href":"https:\/\/oreskylaw.com\/es\/wp-json\/wp\/v2\/types\/page"}],"author":[{"embeddable":true,"href":"https:\/\/oreskylaw.com\/es\/wp-json\/wp\/v2\/users\/9"}],"replies":[{"embeddable":true,"href":"https:\/\/oreskylaw.com\/es\/wp-json\/wp\/v2\/comments?post=18241"}],"version-history":[{"count":0,"href":"https:\/\/oreskylaw.com\/es\/wp-json\/wp\/v2\/pages\/18241\/revisions"}],"up":[{"embeddable":true,"href":"https:\/\/oreskylaw.com\/es\/wp-json\/wp\/v2\/pages\/17391"}],"wp:featuredmedia":[{"embeddable":true,"href":"https:\/\/oreskylaw.com\/es\/wp-json\/wp\/v2\/media\/24150"}],"wp:attachment":[{"href":"https:\/\/oreskylaw.com\/es\/wp-json\/wp\/v2\/media?parent=18241"}],"curies":[{"name":"wp","href":"https:\/\/api.w.org\/{rel}","templated":true}]}}