{"id":18256,"date":"2025-12-08T02:32:44","date_gmt":"2025-12-08T02:32:44","guid":{"rendered":"https:\/\/oreskylaw.com\/?page_id=18256"},"modified":"2026-01-30T14:21:00","modified_gmt":"2026-01-30T14:21:00","slug":"abogados-de-accidentes-en-aceras","status":"publish","type":"page","link":"https:\/\/oreskylaw.com\/es\/bronx\/abogados-de-accidentes-en-aceras\/","title":{"rendered":"Abogado de accidentes en la acera"},"content":{"rendered":"<p>Las aceras del Bronx deber\u00edan ofrecer un paso seguro para los residentes de Nueva York mientras caminan al trabajo, a la escuela, a las tiendas y al transporte p\u00fablico. Lamentablemente, problemas como pavimento agrietado, losas de acera desniveladas, hielo resbaladizo y falta de mantenimiento pueden convertir un trayecto por la cuadra en una visita al hospital. Cuando una acera insegura le causa da\u00f1os graves, usted merece que se rindan cuentas. Los abogados con experiencia en accidentes en aceras del Bronx de Oresky &amp; Associates, PLLC, quieren ayudarle a obtenerlas.<\/p>\n<p>Contamos con m\u00e1s de 30 a\u00f1os de \u00e9xito en casos de lesiones personales, hemos recuperado m\u00e1s de $500 millones en acuerdos y veredictos, y hemos recibido cientos de rese\u00f1as positivas de clientes en los cinco distritos. Estamos preparados para luchar por el resultado que usted merece. Cont\u00e1ctenos hoy mismo para conocer sus opciones en una consulta gratuita y sin compromiso. La evaluaci\u00f3n de su caso es totalmente confidencial y usted no paga nada a menos que resolvamos su asunto con \u00e9xito. Hablamos espa\u00f1ol.<\/p>\n<h2>\u00bfPor qu\u00e9 deber\u00eda contratar a un abogado del Bronx para mi reclamo por accidente en una acera?<\/h2>\n<p>Cualquier reclamo por lesiones personales puede ser dif\u00edcil de llevar adelante sin ayuda legal, pero los reclamos por lesiones en aceras presentan desaf\u00edos \u00fanicos que las hacen especialmente complejas. Estos casos pueden implicar responsabilidades legales complejas, ya que no siempre est\u00e1 claro si el gobierno o el propietario del inmueble es responsable del mantenimiento de la acera. Cuando el gobierno es responsable, usted debe cumplir con requisitos estrictos de notificaci\u00f3n y plazos m\u00e1s ajustados.<\/p>\n<p>Debido a estas complicaciones, es fundamental trabajar con un abogado con experiencia. Los abogados de Oresky &amp; Associates, PLLC, pueden ayudarle de las siguientes maneras:<\/p>\n<ul>\n<li><strong>Informarle sobre sus derechos: <\/strong>nuestros abogados pueden revisar su caso de forma gratuita y explicarle las mejores opciones para exigir responsabilidades a la parte culpable y recuperar la m\u00e1xima compensaci\u00f3n.<\/li>\n<li><strong>Investigar el incidente:<\/strong> la responsabilidad puede ser compleja en estos casos, pero nuestros abogados especializados saben c\u00f3mo investigar el incidente y determinar qui\u00e9n es responsable.<\/li>\n<li><strong>Recopilar pruebas:<\/strong> probar su reclamo y responsabilizar a la parte culpable requiere pruebas suficientes. Podemos obtener reportes del incidente, declaraciones de testigos, fotos del lugar del accidente, registros de mantenimiento, grabaciones de vigilancia, historiales m\u00e9dicos y testimonios de expertos.<\/li>\n<li><strong>Brindar apoyo compasivo:<\/strong> nuestro equipo pone a los clientes y a sus seres queridos en primer lugar y los trata como familia. Nos aseguramos de escuchar, comprender, orientar y comunicarnos abiertamente durante todo el proceso legal.<\/li>\n<li><strong>Calcular la compensaci\u00f3n:<\/strong> su abogado puede trabajar con expertos m\u00e9dicos y financieros para determinar el alcance total y el impacto de sus lesiones en su vida diaria y en sus finanzas, y as\u00ed calcular el valor total de su reclamo.<\/li>\n<li><strong>Tratar con las aseguradoras:<\/strong> estas utilizan diversas t\u00e1cticas para reducir su pago. Nuestros abogados pueden proteger sus derechos manejando todas las comunicaciones con ellas.<\/li>\n<li><strong>Negociar y litigar:<\/strong> su abogado de accidentes en aceras del Bronx puede defender de manera en\u00e9rgica el acuerdo que usted merece. Si las aseguradoras se niegan, estaremos listos para llevar su reclamo a los tribunales y luchar por un veredicto favorable.<\/li>\n<\/ul>\n<p>Comun\u00edquese con nosotros hoy mismo. La revisi\u00f3n de su caso es gratuita y totalmente confidencial.<\/p>\n<h2>\u00bfCu\u00e1les son los tipos y las causas de los accidentes en aceras?<\/h2>\n<p>Las lesiones en aceras ocurren por muchas razones, especialmente en un distrito tan concurrido como el Bronx. Algunas de las causas m\u00e1s comunes incluyen:<\/p>\n<ul>\n<li>Losas de concreto rotas, levantadas o desniveladas<\/li>\n<li>Aceras irregulares o losas desalineadas<\/li>\n<li>Baches y hundimientos causados por ra\u00edces de \u00e1rboles<\/li>\n<li>Agua estancada por un drenaje deficiente<\/li>\n<li>Hielo o nieve que los propietarios no retiran<\/li>\n<li>Escombros sueltos, basura, materiales de construcci\u00f3n y otros obst\u00e1culos<\/li>\n<li>Puertas de s\u00f3tano o tapas de servicios p\u00fablicos mal colocadas.<\/li>\n<\/ul>\n<h2>\u00bfCu\u00e1les son las leyes de Nueva York sobre defectos en aceras?<\/h2>\n<p>El <a href=\"https:\/\/codelibrary.amlegal.com\/codes\/newyorkcity\/latest\/NYCadmin\/0-0-0-218000\" target=\"_blank\" rel=\"noopener\">C\u00f3digo de Nueva York \u00a7 19-152<\/a> desempe\u00f1a un papel importante en los casos de accidentes en aceras. Esta disposici\u00f3n aborda el mantenimiento de las aceras y exige que los propietarios mantengan las aceras adyacentes en condiciones razonablemente seguras. Las violaciones a este c\u00f3digo suelen constituir pruebas s\u00f3lidas para un reclamo por lesiones en una acera.<\/p>\n<p>La ley de Nueva York reconoce que no toda imperfecci\u00f3n en una acera debe generar responsabilidad. La ley se centra en defectos significativos que generan condiciones peligrosas para los peatones. Para determinar si un defecto genera responsabilidad, su abogado de accidentes en aceras del Bronx toma en cuenta lo siguiente:<\/p>\n<ul>\n<li>El tama\u00f1o, la profundidad y la apariencia del defecto<\/li>\n<li>La ubicaci\u00f3n del defecto y la cantidad de tr\u00e1nsito peatonal<\/li>\n<li>Las condiciones de iluminaci\u00f3n al momento del accidente<\/li>\n<li>Las condiciones clim\u00e1ticas y la visibilidad<\/li>\n<\/ul>\n<p>Cuando queda claro que el propietario caus\u00f3 la condici\u00f3n que result\u00f3 en el accidente, o no atendi\u00f3 un defecto peligroso que deber\u00eda haber conocido, esas acciones u omisiones pueden dar lugar a responsabilidad por la cual usted puede recibir una compensaci\u00f3n.<\/p>\n<h2>\u00bfQui\u00e9nes pueden ser considerados responsables de los accidentes en las aceras?<\/h2>\n<p>La responsabilidad en los casos de lesiones en aceras en Nueva York puede ser un tema complejo. El <a href=\"https:\/\/codelibrary.amlegal.com\/codes\/newyorkcity\/latest\/NYCadmin\/0-0-0-4164\" target=\"_blank\" rel=\"noopener\">C\u00f3digo de Nueva York \u00a7 7-210<\/a> traslada la mayor parte de la responsabilidad del mantenimiento de las aceras de la ciudad a los propietarios, pero muchos casos involucran a m\u00faltiples partes que podr\u00edan ser responsables.<\/p>\n<p>Seg\u00fan el C\u00f3digo de Nueva York \u00a7 7-210, los propietarios de bienes inmuebles colindantes con una acera deben mantenerla en condiciones razonablemente seguras. Esta norma se aplica a la mayor\u00eda de las propiedades residenciales y comerciales, con excepci\u00f3n de ciertas viviendas ocupadas por sus propios due\u00f1os.<\/p>\n<p>Las partes que potencialmente pueden ser responsables en una demanda por lesiones en una acera incluyen:<\/p>\n<ul>\n<li>Propietarios de inmuebles comerciales<\/li>\n<li>Arrendadores y empresas de administraci\u00f3n de propiedades<\/li>\n<li>Negocios que controlan o utilizan el \u00e1rea de la acera<\/li>\n<li>La Ciudad de Nueva York, en situaciones limitadas<\/li>\n<li>Contratistas que realizaron trabajos negligentes en la acera<\/li>\n<\/ul>\n<p>En Oresky &amp; Associates, PLLC, nuestro equipo investiga registros de propiedad, bit\u00e1coras de mantenimiento, permisos y quejas previas para identificar a cada parte que pueda tener responsabilidad por un accidente en una acera. Este enfoque maximiza la cobertura de seguros disponible y fortalece su reclamo.<\/p>\n","protected":false},"excerpt":{"rendered":"<p>Las aceras del Bronx deber\u00edan ofrecer un paso seguro para los residentes de Nueva York mientras caminan al trabajo, a la escuela, a las tiendas y al transporte p\u00fablico. Lamentablemente, problemas como pavimento agrietado, losas de acera desniveladas, hielo resbaladizo y falta de mantenimiento pueden convertir un trayecto por la cuadra en una visita al [&hellip;]<\/p>\n","protected":false},"author":9,"featured_media":23950,"parent":17391,"menu_order":88,"comment_status":"closed","ping_status":"closed","template":"practice-area.php","meta":{"_acf_changed":false,"footnotes":""},"class_list":["post-18256","page","type-page","status-publish","has-post-thumbnail","hentry"],"acf":[],"yoast_head":"<!-- This site is optimized with the Yoast SEO plugin v27.3 - https:\/\/yoast.com\/product\/yoast-seo-wordpress\/ -->\n<title>Abogado de accidentes en aceras en el Bronx - Oresky &amp; Associates, PLLC<\/title>\n<meta name=\"description\" content=\"Merece una indemnizaci\u00f3n si sufri\u00f3 lesiones en un accidente en la acera del Bronx. Contacte hoy mismo con nuestros abogados para una revisi\u00f3n gratuita de su caso.\" \/>\n<meta name=\"robots\" content=\"index, follow, max-snippet:-1, max-image-preview:large, max-video-preview:-1\" \/>\n<link rel=\"canonical\" href=\"https:\/\/oreskylaw.com\/es\/bronx\/abogados-de-accidentes-en-aceras\/\" \/>\n<meta property=\"og:locale\" content=\"es_ES\" \/>\n<meta property=\"og:type\" content=\"article\" \/>\n<meta property=\"og:title\" content=\"Abogado de accidentes en aceras en el Bronx - Oresky &amp; Associates, PLLC\" \/>\n<meta property=\"og:description\" content=\"Merece una indemnizaci\u00f3n si sufri\u00f3 lesiones en un accidente en la acera del Bronx. Contacte hoy mismo con nuestros abogados para una revisi\u00f3n gratuita de su caso.\" \/>\n<meta property=\"og:url\" content=\"https:\/\/oreskylaw.com\/es\/bronx\/abogados-de-accidentes-en-aceras\/\" \/>\n<meta property=\"og:site_name\" content=\"Oresky &amp; Associates, PLLC\" \/>\n<meta property=\"article:publisher\" content=\"https:\/\/www.facebook.com\/Oreskylaw\/\" \/>\n<meta property=\"article:modified_time\" content=\"2026-01-30T14:21:00+00:00\" \/>\n<meta property=\"og:image\" content=\"https:\/\/oreskylaw.com\/wp-content\/uploads\/2026\/01\/sidewalk-accident-lawyers.png\" \/>\n\t<meta property=\"og:image:width\" content=\"810\" \/>\n\t<meta property=\"og:image:height\" content=\"330\" \/>\n\t<meta property=\"og:image:type\" content=\"image\/png\" \/>\n<meta name=\"twitter:card\" content=\"summary_large_image\" \/>\n<meta name=\"twitter:site\" content=\"@JacobOreskyLaw\" \/>\n<meta name=\"twitter:label1\" content=\"Tiempo de lectura\" \/>\n\t<meta name=\"twitter:data1\" content=\"5 minutos\" \/>\n<!-- \/ Yoast SEO plugin. -->","yoast_head_json":{"title":"Abogado de accidentes en aceras en el Bronx - Oresky & Associates, PLLC","description":"Merece una indemnizaci\u00f3n si sufri\u00f3 lesiones en un accidente en la acera del Bronx. Contacte hoy mismo con nuestros abogados para una revisi\u00f3n gratuita de su caso.","robots":{"index":"index","follow":"follow","max-snippet":"max-snippet:-1","max-image-preview":"max-image-preview:large","max-video-preview":"max-video-preview:-1"},"canonical":"https:\/\/oreskylaw.com\/es\/bronx\/abogados-de-accidentes-en-aceras\/","og_locale":"es_ES","og_type":"article","og_title":"Abogado de accidentes en aceras en el Bronx - Oresky & Associates, PLLC","og_description":"Merece una indemnizaci\u00f3n si sufri\u00f3 lesiones en un accidente en la acera del Bronx. Contacte hoy mismo con nuestros abogados para una revisi\u00f3n gratuita de su caso.","og_url":"https:\/\/oreskylaw.com\/es\/bronx\/abogados-de-accidentes-en-aceras\/","og_site_name":"Oresky &amp; Associates, PLLC","article_publisher":"https:\/\/www.facebook.com\/Oreskylaw\/","article_modified_time":"2026-01-30T14:21:00+00:00","og_image":[{"width":810,"height":330,"url":"https:\/\/oreskylaw.com\/wp-content\/uploads\/2026\/01\/sidewalk-accident-lawyers.png","type":"image\/png"}],"twitter_card":"summary_large_image","twitter_site":"@JacobOreskyLaw","twitter_misc":{"Tiempo de lectura":"5 minutos"},"schema":{"@context":"https:\/\/schema.org","@graph":[{"@type":"WebPage","@id":"https:\/\/oreskylaw.com\/es\/bronx\/abogados-de-accidentes-en-aceras\/","url":"https:\/\/oreskylaw.com\/es\/bronx\/abogados-de-accidentes-en-aceras\/","name":"Abogado de accidentes en aceras en el Bronx - Oresky & Associates, PLLC","isPartOf":{"@id":"https:\/\/oreskylaw.com\/es\/#website"},"primaryImageOfPage":{"@id":"https:\/\/oreskylaw.com\/es\/bronx\/abogados-de-accidentes-en-aceras\/#primaryimage"},"image":{"@id":"https:\/\/oreskylaw.com\/es\/bronx\/abogados-de-accidentes-en-aceras\/#primaryimage"},"thumbnailUrl":"https:\/\/oreskylaw.com\/wp-content\/uploads\/2026\/01\/sidewalk-accident-lawyers.png","datePublished":"2025-12-08T02:32:44+00:00","dateModified":"2026-01-30T14:21:00+00:00","description":"Merece una indemnizaci\u00f3n si sufri\u00f3 lesiones en un accidente en la acera del Bronx. Contacte hoy mismo con nuestros abogados para una revisi\u00f3n gratuita de su caso.","breadcrumb":{"@id":"https:\/\/oreskylaw.com\/es\/bronx\/abogados-de-accidentes-en-aceras\/#breadcrumb"},"inLanguage":"es","potentialAction":[{"@type":"ReadAction","target":["https:\/\/oreskylaw.com\/es\/bronx\/abogados-de-accidentes-en-aceras\/"]}]},{"@type":"ImageObject","inLanguage":"es","@id":"https:\/\/oreskylaw.com\/es\/bronx\/abogados-de-accidentes-en-aceras\/#primaryimage","url":"https:\/\/oreskylaw.com\/wp-content\/uploads\/2026\/01\/sidewalk-accident-lawyers.png","contentUrl":"https:\/\/oreskylaw.com\/wp-content\/uploads\/2026\/01\/sidewalk-accident-lawyers.png","width":810,"height":330,"caption":"cracked sidewalk"},{"@type":"BreadcrumbList","@id":"https:\/\/oreskylaw.com\/es\/bronx\/abogados-de-accidentes-en-aceras\/#breadcrumb","itemListElement":[{"@type":"ListItem","position":1,"name":"Inicio","item":"https:\/\/oreskylaw.com\/es\/"},{"@type":"ListItem","position":2,"name":"Abogado de lesiones personales en el Bronx","item":"https:\/\/oreskylaw.com\/es\/bronx\/"},{"@type":"ListItem","position":3,"name":"Abogado de accidentes en la acera"}]},{"@type":"WebSite","@id":"https:\/\/oreskylaw.com\/es\/#website","url":"https:\/\/oreskylaw.com\/es\/","name":"Oresky & Associates PLLC","description":"","publisher":{"@id":"https:\/\/oreskylaw.com\/es\/#organization"},"potentialAction":[{"@type":"SearchAction","target":{"@type":"EntryPoint","urlTemplate":"https:\/\/oreskylaw.com\/es\/?s={search_term_string}"},"query-input":{"@type":"PropertyValueSpecification","valueRequired":true,"valueName":"search_term_string"}}],"inLanguage":"es"}]}},"_links":{"self":[{"href":"https:\/\/oreskylaw.com\/es\/wp-json\/wp\/v2\/pages\/18256","targetHints":{"allow":["GET"]}}],"collection":[{"href":"https:\/\/oreskylaw.com\/es\/wp-json\/wp\/v2\/pages"}],"about":[{"href":"https:\/\/oreskylaw.com\/es\/wp-json\/wp\/v2\/types\/page"}],"author":[{"embeddable":true,"href":"https:\/\/oreskylaw.com\/es\/wp-json\/wp\/v2\/users\/9"}],"replies":[{"embeddable":true,"href":"https:\/\/oreskylaw.com\/es\/wp-json\/wp\/v2\/comments?post=18256"}],"version-history":[{"count":0,"href":"https:\/\/oreskylaw.com\/es\/wp-json\/wp\/v2\/pages\/18256\/revisions"}],"up":[{"embeddable":true,"href":"https:\/\/oreskylaw.com\/es\/wp-json\/wp\/v2\/pages\/17391"}],"wp:featuredmedia":[{"embeddable":true,"href":"https:\/\/oreskylaw.com\/es\/wp-json\/wp\/v2\/media\/23950"}],"wp:attachment":[{"href":"https:\/\/oreskylaw.com\/es\/wp-json\/wp\/v2\/media?parent=18256"}],"curies":[{"name":"wp","href":"https:\/\/api.w.org\/{rel}","templated":true}]}}