{"id":18267,"date":"2025-12-08T02:32:59","date_gmt":"2025-12-08T02:32:59","guid":{"rendered":"https:\/\/oreskylaw.com\/?page_id=18267"},"modified":"2026-01-30T14:24:42","modified_gmt":"2026-01-30T14:24:42","slug":"abogados-de-resbalones-y-caidas","status":"publish","type":"page","link":"https:\/\/oreskylaw.com\/es\/bronx\/abogados-de-resbalones-y-caidas\/","title":{"rendered":"Abogado de accidentes de resbal\u00f3n y ca\u00edda"},"content":{"rendered":"<p>\u00bfResbalaste y ca\u00edste recientemente en la propiedad de otra persona en el Bronx, New York? Ya sea que hayas estado en un restaurante, una tienda o un edificio gubernamental, puedes tener derecho a una indemnizaci\u00f3n importante.<\/p>\n<p>Los abogados especializados en resbalones y ca\u00eddas del Bronx de\u00a0<a href=\"https:\/\/oreskylaw.com\/es\/acerca-de-nosotros\/\">Oresky &amp; Associates, PLLC<\/a>\u00a0pueden ayudarte a luchar para maximizar tu indemnizaci\u00f3n por las facturas m\u00e9dicas y otros da\u00f1os.<\/p>\n<p>Hemos sido defensores agresivos y exitosos de las v\u00edctimas de accidentes por resbalones y ca\u00eddas en el Bronx desde 1992. Nuestra dedicaci\u00f3n ha dado lugar a m\u00e1s de 400 millones de d\u00f3lares en acuerdos y veredictos para clientes como t\u00fa.<\/p>\n<p><a href=\"https:\/\/oreskylaw.com\/es\/contacto\/\">Ponte en contacto<\/a>\u00a0con nuestras oficinas de abogados del Bronx, NY, o llame al\u00a0<a href=\"tel:+19293050949\">(929) 305-0949<\/a>\u00a0para discutir tus opciones legales y obtener m\u00e1s informaci\u00f3n. Ofrecemos una evaluaci\u00f3n gratuita del caso, as\u00ed que no dudes en ponerte en contacto con nosotros hoy mismo.<\/p>\n<h2>C\u00f3mo puede ayudar Oresky &amp; Associates, PLLC despu\u00e9s de un accidente por resbal\u00f3n y ca\u00edda en el Bronx<\/h2>\n<p>Los resbalones y las ca\u00eddas pueden cambiar el curso de tu vida para siempre. Cuando la culpa es de otra persona, el culpable debe rendir cuentas. Pero ahora es el momento de recuperarte, no de centrar tu energ\u00eda en una dura reclamaci\u00f3n al seguro o en una demanda.<\/p>\n<p>Los\u00a0<a href=\"https:\/\/oreskylaw.com\/es\/\">abogados de accidentes<\/a>\u00a0del Bronx de Oresky &amp; Associates, PLLC se enfrentan cada d\u00eda a las compa\u00f1\u00edas de seguros, a los propietarios negligentes y a los acusados m\u00e1s duros. Perm\u00edtenos luchar de tu lado en estos momentos dif\u00edciles.<\/p>\n<p>Cuando contratas a nuestro despacho de abogados de lesiones personales despu\u00e9s de un resbal\u00f3n y una ca\u00edda, puedes esperar que nosotros vamos a:<\/p>\n<ul>\n<li>Investigar a fondo las circunstancias que rodean tu resbal\u00f3n y ca\u00edda<\/li>\n<li>Determinar la causa del accidente e identificar al responsable<\/li>\n<li>Consultar con expertos, como reconstructores de accidentes, profesionales m\u00e9dicos y especialistas forenses<\/li>\n<li>Reclamar da\u00f1os y perjuicios a todas las partes culpables y\/o a sus aseguradoras<\/li>\n<li>Negociar un acuerdo en tu nombre<\/li>\n<li>Hacer que un abogado experto y respetado lleve tu caso ante un jurado, si es necesario.<\/li>\n<\/ul>\n<p>Pondremos m\u00e1s de 25 a\u00f1os de experiencia de tu lado. Haz que nuestros galardonados abogados del Bronx, New York, nivelen el terreno de juego y te ayuden a ganar el dinero que mereces. Tu primera consulta es gratuita, y no tiene ning\u00fan costo para ti a menos que ganemos tu caso. Si no ganas, no pagas.<\/p>\n<h2>Estad\u00edsticas de accidentes por resbalones y ca\u00eddas<\/h2>\n<p>Seg\u00fan el Instituto Nacional de Seguridad en el Suelo, las ca\u00eddas son la principal causa de visitas a las salas de urgencias en todo Estados Unidos. Cada a\u00f1o, m\u00e1s de 8 millones de estadounidenses visitan las urgencias con lesiones relacionadas con ca\u00eddas.<\/p>\n<p>Los accidentes por resbalones y ca\u00eddas, concretamente, suponen el 12% de estas visitas. Eso significa que casi 1 mill\u00f3n de accidentes por resbalones y ca\u00eddas provocan lesiones o la muerte cada a\u00f1o.<\/p>\n    <div class=\"cw-cta-box\">\n        <div class=\"cw-cta-box__inner \">\n            <div class=\"cw-cta-box__info\">\n                                    <div class=\"label\">\u00a1Llame ahora!<\/div>\n                            <\/div>\n                            <div class=\"contact-phone\">\n                    <a href=\"tel:7189939999\"\n                        aria-label=\"Tap to call button\">\n                        718-993-9999                    <\/a>\n                <\/div>\n                    <\/div>\n                    <a href=\"\/es\/contacto\/\"\n               class=\"cta-btn btn btn--primary btn\"\n               target=\"\">\n                Obtenga Una Consulta Gratuita            <\/a>\n            <\/div>\n    \n<h2>C\u00f3mo entender la responsabilidad de los accidentes por resbalones y ca\u00eddas en New York<\/h2>\n<p>Los propietarios del Bronx tienen la obligaci\u00f3n legal de mantener sus locales en condiciones razonablemente seguras. Aunque las medidas espec\u00edficas que debe tomar un propietario dependen del motivo por el que un visitante entra en tu propiedad, los locales deben ser generalmente seguros y estar libres de peligros inesperados.<\/p>\n<p>Los propietarios de negocios, en particular, deben inspeccionar peri\u00f3dicamente sus locales en busca de peligros potenciales, arreglar los peligros descubiertos y\/o advertir de los riesgos potenciales.<\/p>\n<p>Cuando un propietario no toma medidas razonables y se produce un accidente por resbal\u00f3n y ca\u00edda, puede ser responsable de las consecuencias resultantes.<\/p>\n<h2>Llevamos todos los casos de accidentes por resbalones y ca\u00eddas en el Bronx<\/h2>\n<p>Los resbalones y las ca\u00eddas pueden ocurrir en cualquier lugar. Los abogados de responsabilidad de locales del Bronx en Oresky &amp; Associates, PLLC ayudan a clientes que han sufrido lesiones en resbalones y ca\u00eddas en:<\/p>\n<div class=\"row\">\n<ul class=\"col-xl-6\">\n<li>Restaurantes, bares y clubes nocturnos<\/li>\n<li>Tiendas de comestibles<\/li>\n<li>Bodegas<\/li>\n<li>Almacenes<\/li>\n<li>Campus universitarios<\/li>\n<li>Arenas e instalaciones deportivas como el estadio de los Yankees<\/li>\n<li>Edificios y locales gubernamentales<\/li>\n<\/ul>\n<ul class=\"col-xl-6\">\n<li>Hospitales<\/li>\n<li>Residencias de ancianos<\/li>\n<li>Edificios y complejos de oficinas<\/li>\n<li>Cines<\/li>\n<li>Centros comerciales<\/li>\n<li>Obras de construcci\u00f3n<\/li>\n<\/ul>\n<\/div>\n<p>Independientemente del lugar en el que hayas ca\u00eddo, podemos ayudarte. Ponte en contacto con nosotros para saber m\u00e1s sobre tus derechos y descubrir c\u00f3mo podemos ayudarte.<\/p>\n<h2>\u00bfQu\u00e9 indemnizaci\u00f3n pueden recibir las v\u00edctimas de accidentes de resbal\u00f3n y ca\u00edda en el Bronx?<\/h2>\n<p>Si presentas una reclamaci\u00f3n al seguro o una demanda despu\u00e9s de un accidente por resbal\u00f3n y ca\u00edda en el Bronx, podr\u00edas tener derecho a recibir tanto\u00a0<a href=\"https:\/\/oreskylaw.com\/es\/blog\/lesiones-personales-danos-economicos\/\">indemnizaciones econ\u00f3micas<\/a>\u00a0como no econ\u00f3micas.<\/p>\n<h3>Indemnizaciones Econ\u00f3micas<\/h3>\n<p>Los premios econ\u00f3micos ayudan a compensar los costos financieros de su accidente, tanto presentes como futuros.<\/p>\n<p>Las indemnizaciones econ\u00f3micas ayudan a compensar los costos financieros de tu accidente, tanto presentes como futuros.<\/p>\n<p>Los ejemplos incluyen:<\/p>\n<ul>\n<li>La atenci\u00f3n m\u00e9dica, como la hospitalizaci\u00f3n, la cirug\u00eda, el equipo o los dispositivos m\u00e9dicos, la medicaci\u00f3n y la atenci\u00f3n de seguimiento<\/li>\n<li>Rehabilitaci\u00f3n y fisioterapia<\/li>\n<li>Cuidados de enfermer\u00eda, si son necesarios<\/li>\n<li>P\u00e9rdida de ingresos y salarios mientras te recuperas<\/li>\n<li>Incapacidad, tanto temporal como permanente<\/li>\n<li>Gastos funerarios, si el accidente de resbal\u00f3n y ca\u00edda provoca una muerte por negligencia<\/li>\n<\/ul>\n<h3>Da\u00f1os No Econ\u00f3micos<\/h3>\n<p>Las indemnizaciones no econ\u00f3micas ayudan a compensar las consecuencias de un resbal\u00f3n y ca\u00edda que son dif\u00edciles de valorar, como:<\/p>\n<ul>\n<li>Dolor y sufrimiento<\/li>\n<li>Angustia mental<\/li>\n<li>TEPT o depresi\u00f3n<\/li>\n<li>P\u00e9rdida de calidad o disfrute de la vida<\/li>\n<li>Desfiguraci\u00f3n y cicatrices<\/li>\n<\/ul>\n<p>No permitas que las compa\u00f1\u00edas de seguros te obliguen a tomar una oferta de liquidaci\u00f3n a la baja que no tenga en cuenta todos tus da\u00f1os. Nivela el terreno de juego poniendo a Oresky y Associates, PLLC de tu lado.<\/p>\n<p>Analizaremos tu accidente desde todos los \u00e1ngulos con la ayuda de expertos si es necesario. Abordar un enfoque detallado nos ayudar\u00e1 a construir una reclamaci\u00f3n mejor y m\u00e1s s\u00f3lida en tu nombre.<\/p>\n<h2>Representamos a clientes que han sufrido lesiones graves y catastr\u00f3ficas por resbalones y ca\u00eddas<\/h2>\n<p>Los resbalones, tropezones y ca\u00eddas pueden provocar lesiones que cambian la vida, como:<\/p>\n<div class=\"row\">\n<ul class=\"col-xl-6\">\n<li>Rotura de huesos<\/li>\n<li>Lesiones en la cabeza, la cara y los ojos<\/li>\n<li>Conmociones cerebrales<\/li>\n<li>Latigazos cervicales<\/li>\n<\/ul>\n<ul class=\"col-xl-6\">\n<li>Lesiones en el cuello y la espalda<\/li>\n<li><a href=\"https:\/\/oreskylaw.com\/es\/lesion\/abogados-de-lesiones-cerebrales\/\">Lesi\u00f3n cerebral traum\u00e1tica<\/a><\/li>\n<li>P\u00e9rdida de un miembro<\/li>\n<\/ul>\n<\/div>\n<p>En Oresky y Associates, PLLC, daremos la cara y lucharemos para que se te conceda una indemnizaci\u00f3n por todas tus lesiones por accidente de resbal\u00f3n y ca\u00edda. El dinero que se te conceda puede proporcionarte apoyo y alivio mientras trabajas para recuperarte.<\/p>\n\n\t\t\t\t\n\t\t\t\t\t<div itemtype=\"https:\/\/schema.org\/VideoObject\" itemscope=\"\" id=\"video_play-12509\" class=\" vid-aligncenter\" style=\"display:block\">\n\t\t\t\t\t\t<meta itemprop=\"name\" content=\"Slip &#038; Fall Injury Lawyer | Bronx &#038; Queens | Oresky &#038; Associates, PLLC\" \/>\n\t\t\t\t\t\t<meta itemprop=\"thumbnailURL\" content=\"https:\/\/i.ytimg.com\/vi\/F9BKgxGI528\/hqdefault.jpg\" \/>\n\t\t\t\t\t\t<meta itemprop=\"uploadDate\" content=\"8 de diciembre de 2025\">\n\t\t\t\t\t\t\t\t\t\t\t\t\t<meta itemprop=\"embedURL\" content=\"https:\/\/www.youtube.com\/watch?v=F9BKgxGI528\" \/>\n\t\t\t\t\t\t\t<iframe loading=\"lazy\" class=\"cw_video_single\" src=\"https:\/\/www.youtube.com\/embed\/F9BKgxGI528?rel=0&amp;showinfo=1&amp;autoplay=1\" allowfullscreen=\"allowfullscreen\" width=\"100%\" height=\"480px\" ><\/iframe>\n\t\t\t\t\t\t\n\t\t\t\t\t\t\n\t\t\t\t\t\t\t\t\t\t\t\t\t\t\t<meta itemprop=\"description\" content=\"Attorney Joshua Goldblatt from Oreksy &amp; Associates talks about important things to keep in mind when involved in a Slip &amp; Fall accident. \r\n\" \/>\n\t\t\t\t\t\t\t\n\t\t\t\t\t\t\n\t\t\t\t\t<\/div>\n\n\t\t\t\t\n\n\n\n\t\t\t\n\t\t\t\t\n","protected":false},"excerpt":{"rendered":"<p>\u00bfResbalaste y ca\u00edste recientemente en la propiedad de otra persona en el Bronx, New York? Ya sea que hayas estado en un restaurante, una tienda o un edificio gubernamental, puedes tener derecho a una indemnizaci\u00f3n importante. Los abogados especializados en resbalones y ca\u00eddas del Bronx de\u00a0Oresky &amp; Associates, PLLC\u00a0pueden ayudarte a luchar para maximizar tu [&hellip;]<\/p>\n","protected":false},"author":9,"featured_media":21585,"parent":17391,"menu_order":89,"comment_status":"closed","ping_status":"closed","template":"practice-area.php","meta":{"_acf_changed":false,"footnotes":""},"class_list":["post-18267","page","type-page","status-publish","has-post-thumbnail","hentry"],"acf":[],"yoast_head":"<!-- This site is optimized with the Yoast SEO plugin v27.3 - https:\/\/yoast.com\/product\/yoast-seo-wordpress\/ -->\n<title>Abogado de accidentes de resbal\u00f3n y ca\u00edda en el Bronx - Oresky &amp; Associates, PLLC<\/title>\n<meta name=\"description\" content=\"Tras una ca\u00edda en el Bronx, podr\u00edas tener derecho a compensaci\u00f3n por gastos m\u00e9dicos, salarios perdidos y sufrimiento. Ll\u00e1menos ahora para obtener ayuda.\" \/>\n<meta name=\"robots\" content=\"index, follow, max-snippet:-1, max-image-preview:large, max-video-preview:-1\" \/>\n<link rel=\"canonical\" href=\"https:\/\/oreskylaw.com\/es\/bronx\/abogados-de-resbalones-y-caidas\/\" \/>\n<meta property=\"og:locale\" content=\"es_ES\" \/>\n<meta property=\"og:type\" content=\"article\" \/>\n<meta property=\"og:title\" content=\"Abogado de accidentes de resbal\u00f3n y ca\u00edda en el Bronx - Oresky &amp; Associates, PLLC\" \/>\n<meta property=\"og:description\" content=\"Tras una ca\u00edda en el Bronx, podr\u00edas tener derecho a compensaci\u00f3n por gastos m\u00e9dicos, salarios perdidos y sufrimiento. Ll\u00e1menos ahora para obtener ayuda.\" \/>\n<meta property=\"og:url\" content=\"https:\/\/oreskylaw.com\/es\/bronx\/abogados-de-resbalones-y-caidas\/\" \/>\n<meta property=\"og:site_name\" content=\"Oresky &amp; Associates, PLLC\" \/>\n<meta property=\"article:publisher\" content=\"https:\/\/www.facebook.com\/Oreskylaw\/\" \/>\n<meta property=\"article:modified_time\" content=\"2026-01-30T14:24:42+00:00\" \/>\n<meta property=\"og:image\" content=\"https:\/\/oreskylaw.com\/wp-content\/uploads\/2025\/12\/bronx-slip-and-fall-lawyers.jpg\" \/>\n\t<meta property=\"og:image:width\" content=\"809\" \/>\n\t<meta property=\"og:image:height\" content=\"331\" \/>\n\t<meta property=\"og:image:type\" content=\"image\/jpeg\" \/>\n<meta name=\"twitter:card\" content=\"summary_large_image\" \/>\n<meta name=\"twitter:site\" content=\"@JacobOreskyLaw\" \/>\n<meta name=\"twitter:label1\" content=\"Tiempo de lectura\" \/>\n\t<meta name=\"twitter:data1\" content=\"5 minutos\" \/>\n<!-- \/ Yoast SEO plugin. -->","yoast_head_json":{"title":"Abogado de accidentes de resbal\u00f3n y ca\u00edda en el Bronx - Oresky & Associates, PLLC","description":"Tras una ca\u00edda en el Bronx, podr\u00edas tener derecho a compensaci\u00f3n por gastos m\u00e9dicos, salarios perdidos y sufrimiento. Ll\u00e1menos ahora para obtener ayuda.","robots":{"index":"index","follow":"follow","max-snippet":"max-snippet:-1","max-image-preview":"max-image-preview:large","max-video-preview":"max-video-preview:-1"},"canonical":"https:\/\/oreskylaw.com\/es\/bronx\/abogados-de-resbalones-y-caidas\/","og_locale":"es_ES","og_type":"article","og_title":"Abogado de accidentes de resbal\u00f3n y ca\u00edda en el Bronx - Oresky & Associates, PLLC","og_description":"Tras una ca\u00edda en el Bronx, podr\u00edas tener derecho a compensaci\u00f3n por gastos m\u00e9dicos, salarios perdidos y sufrimiento. Ll\u00e1menos ahora para obtener ayuda.","og_url":"https:\/\/oreskylaw.com\/es\/bronx\/abogados-de-resbalones-y-caidas\/","og_site_name":"Oresky &amp; Associates, PLLC","article_publisher":"https:\/\/www.facebook.com\/Oreskylaw\/","article_modified_time":"2026-01-30T14:24:42+00:00","og_image":[{"width":809,"height":331,"url":"https:\/\/oreskylaw.com\/wp-content\/uploads\/2025\/12\/bronx-slip-and-fall-lawyers.jpg","type":"image\/jpeg"}],"twitter_card":"summary_large_image","twitter_site":"@JacobOreskyLaw","twitter_misc":{"Tiempo de lectura":"5 minutos"},"schema":{"@context":"https:\/\/schema.org","@graph":[{"@type":"WebPage","@id":"https:\/\/oreskylaw.com\/es\/bronx\/abogados-de-resbalones-y-caidas\/","url":"https:\/\/oreskylaw.com\/es\/bronx\/abogados-de-resbalones-y-caidas\/","name":"Abogado de accidentes de resbal\u00f3n y ca\u00edda en el Bronx - Oresky & Associates, PLLC","isPartOf":{"@id":"https:\/\/oreskylaw.com\/es\/#website"},"primaryImageOfPage":{"@id":"https:\/\/oreskylaw.com\/es\/bronx\/abogados-de-resbalones-y-caidas\/#primaryimage"},"image":{"@id":"https:\/\/oreskylaw.com\/es\/bronx\/abogados-de-resbalones-y-caidas\/#primaryimage"},"thumbnailUrl":"https:\/\/oreskylaw.com\/wp-content\/uploads\/2025\/12\/bronx-slip-and-fall-lawyers.jpg","datePublished":"2025-12-08T02:32:59+00:00","dateModified":"2026-01-30T14:24:42+00:00","description":"Tras una ca\u00edda en el Bronx, podr\u00edas tener derecho a compensaci\u00f3n por gastos m\u00e9dicos, salarios perdidos y sufrimiento. Ll\u00e1menos ahora para obtener ayuda.","breadcrumb":{"@id":"https:\/\/oreskylaw.com\/es\/bronx\/abogados-de-resbalones-y-caidas\/#breadcrumb"},"inLanguage":"es","potentialAction":[{"@type":"ReadAction","target":["https:\/\/oreskylaw.com\/es\/bronx\/abogados-de-resbalones-y-caidas\/"]}]},{"@type":"ImageObject","inLanguage":"es","@id":"https:\/\/oreskylaw.com\/es\/bronx\/abogados-de-resbalones-y-caidas\/#primaryimage","url":"https:\/\/oreskylaw.com\/wp-content\/uploads\/2025\/12\/bronx-slip-and-fall-lawyers.jpg","contentUrl":"https:\/\/oreskylaw.com\/wp-content\/uploads\/2025\/12\/bronx-slip-and-fall-lawyers.jpg","width":809,"height":331,"caption":"wet floor signage"},{"@type":"BreadcrumbList","@id":"https:\/\/oreskylaw.com\/es\/bronx\/abogados-de-resbalones-y-caidas\/#breadcrumb","itemListElement":[{"@type":"ListItem","position":1,"name":"Inicio","item":"https:\/\/oreskylaw.com\/es\/"},{"@type":"ListItem","position":2,"name":"Abogado de lesiones personales en el Bronx","item":"https:\/\/oreskylaw.com\/es\/bronx\/"},{"@type":"ListItem","position":3,"name":"Abogado de accidentes de resbal\u00f3n y ca\u00edda"}]},{"@type":"WebSite","@id":"https:\/\/oreskylaw.com\/es\/#website","url":"https:\/\/oreskylaw.com\/es\/","name":"Oresky & Associates PLLC","description":"","publisher":{"@id":"https:\/\/oreskylaw.com\/es\/#organization"},"potentialAction":[{"@type":"SearchAction","target":{"@type":"EntryPoint","urlTemplate":"https:\/\/oreskylaw.com\/es\/?s={search_term_string}"},"query-input":{"@type":"PropertyValueSpecification","valueRequired":true,"valueName":"search_term_string"}}],"inLanguage":"es"}]}},"_links":{"self":[{"href":"https:\/\/oreskylaw.com\/es\/wp-json\/wp\/v2\/pages\/18267","targetHints":{"allow":["GET"]}}],"collection":[{"href":"https:\/\/oreskylaw.com\/es\/wp-json\/wp\/v2\/pages"}],"about":[{"href":"https:\/\/oreskylaw.com\/es\/wp-json\/wp\/v2\/types\/page"}],"author":[{"embeddable":true,"href":"https:\/\/oreskylaw.com\/es\/wp-json\/wp\/v2\/users\/9"}],"replies":[{"embeddable":true,"href":"https:\/\/oreskylaw.com\/es\/wp-json\/wp\/v2\/comments?post=18267"}],"version-history":[{"count":0,"href":"https:\/\/oreskylaw.com\/es\/wp-json\/wp\/v2\/pages\/18267\/revisions"}],"up":[{"embeddable":true,"href":"https:\/\/oreskylaw.com\/es\/wp-json\/wp\/v2\/pages\/17391"}],"wp:featuredmedia":[{"embeddable":true,"href":"https:\/\/oreskylaw.com\/es\/wp-json\/wp\/v2\/media\/21585"}],"wp:attachment":[{"href":"https:\/\/oreskylaw.com\/es\/wp-json\/wp\/v2\/media?parent=18267"}],"curies":[{"name":"wp","href":"https:\/\/api.w.org\/{rel}","templated":true}]}}