{"id":18279,"date":"2025-12-08T02:33:25","date_gmt":"2025-12-08T02:33:25","guid":{"rendered":"https:\/\/oreskylaw.com\/?page_id=18279"},"modified":"2026-01-30T14:27:48","modified_gmt":"2026-01-30T14:27:48","slug":"abogados-de-accidentes-por-exceso-de-velocidad","status":"publish","type":"page","link":"https:\/\/oreskylaw.com\/es\/bronx\/abogados-de-accidentes-por-exceso-de-velocidad\/","title":{"rendered":"Abogado de Accidentes por Exceso de Velocidad"},"content":{"rendered":"<h2>Abogados de Confianza para Choques por Exceso de Velocidad en el Bronx<\/h2>\n<p>Si sufriste lesiones en un accidente por exceso de velocidad en el Bronx, nuestros abogados responsabilizar\u00e1n al conductor culpable buscando indemnizaci\u00f3n por tus p\u00e9rdidas, incluidas las facturas m\u00e9dicas, salarios perdidos y el dolor y sufrimiento.<\/p>\n<p>Nuestros\u00a0<a href=\"https:\/\/oreskylaw.com\/es\/bronx\/abogados-de-accidentes-de-auto\/\">abogados de accidentes automovil\u00edsticos en el Bronx<\/a>\u00a0brindan asesoramiento legal honesto y realista, y se mantienen en contacto cercano durante todo el proceso legal. Llama a Oresky &amp; Associates, PLLC, al\u00a0<a href=\"tel:+19299304705\">(929) 930-4705<\/a>\u00a0para una\u00a0<strong>revisi\u00f3n gratuita<\/strong> de tu caso. Estamos listos para comenzar a trabajar para ti desde el momento en que nos llames.<\/p>\n<h2>\u00bfQu\u00e9 Tan Comunes Son los Accidentes por Exceso de Velocidad en el Bronx, NY?<\/h2>\n<p><img loading=\"lazy\" decoding=\"async\" class=\"size-full wp-image-12535 alignleft\" src=\"http:\/\/oreskylaw.com\/wp-content\/uploads\/2026\/01\/How-Oresky-Associates-PLLC-Can-Help-After-a-Head-On-Crash-in-the-Bronx-NY.webp\" alt=\"bronx bridge construction site accident attorney\" width=\"300\" height=\"200\" \/>A pesar de que los accidentes por exceso de velocidad han disminuido en toda la ciudad de Nueva York \u2014 la aplicaci\u00f3n de c\u00e1maras de velocidad ha llevado a una\u00a0<a href=\"https:\/\/www.nyc.gov\/html\/dot\/html\/pr2023\/speed-cameras-first-year.shtml\" target=\"_blank\" rel=\"nofollow noopener noreferrer\">reducci\u00f3n de la velocidad<\/a> en varias partes de la ciudad, incluidas la Avenida Tremont y el Bulevar Bruckner en el Bronx \u2014 la velocidad sigue siendo un factor en demasiados accidentes.<\/p>\n<p>El\u00a0<a href=\"https:\/\/www.nyc.gov\/html\/dot\/html\/pr2023\/speed-cameras-first-year.shtml\" target=\"_blank\" rel=\"nofollow noopener noreferrer\">Departamento de Polic\u00eda de la Ciudad de Nueva York (NYPD)<\/a>\u00a0informa que en julio de 2024, la \u00abvelocidad insegura\u00bb fue un factor en casi el 13 por ciento (72 de 565) de las colisiones que causaron lesiones o fueron fatales en el Bronx. Mientras tanto,\u00a0<a href=\"https:\/\/home.nyc.gov\/site\/nypd\/stats\/traffic-data\/traffic-data-archive-2023.page\" target=\"_blank\" rel=\"nofollow noopener noreferrer\">datos del NYPD de diciembre de 2023<\/a>\u00a0muestran que las colisiones que involucran velocidad insegura ocurren en calles de todo el Bronx, incluidas autopistas y puentes en el distrito:<\/p>\n<div class=\"row\">\n<ul class=\"col-xl-6\">\n<li>El Puente Triboro<\/li>\n<li>La Autopista Cross Bronx<\/li>\n<li>La Autopista Major Deegan<\/li>\n<\/ul>\n<ul class=\"col-xl-6\">\n<li>La Autopista del R\u00edo Bronx<\/li>\n<li>La Autopista Mosholu<\/li>\n<\/ul>\n<\/div>\n<p>Exceder el l\u00edmite de velocidad en cualquier carretera \u2014 ya sea una autopista principal o una calle secundaria \u2014 puede provocar lesiones catastr\u00f3ficas. Los\u00a0<strong>abogados de accidentes del Bronx<\/strong>\u00a0de Oresky &amp; Associates, PLLC, te apoyar\u00e1n en tu lucha por justicia despu\u00e9s de un choque por exceso de velocidad.<\/p>\n<h2>\u00bfQu\u00e9 Causa los Choques por Exceso de Velocidad en el Bronx?<\/h2>\n<p>El exceso de velocidad en s\u00ed mismo aumenta el riesgo de un accidente. Los conductores que exceden la velocidad pueden no tener suficiente tiempo para reaccionar cuando obst\u00e1culos como bicicletas, peatones u otros veh\u00edculos aparecen en su camino. Adem\u00e1s, los conductores que viajan a velocidades inseguras tambi\u00e9n pueden participar en otros comportamientos que aumentan el riesgo de un choque:<\/p>\n<ul>\n<li>Pasarse un sem\u00e1foro en rojo o una se\u00f1al de alto<\/li>\n<li>No ceder el paso a otros veh\u00edculos o bicicletas<\/li>\n<li>Apresurarse a trav\u00e9s de intersecciones o cruces peatonales sin verificar la presencia de peatones<\/li>\n<li>Perder tracci\u00f3n en carreteras resbaladizas<\/li>\n<\/ul>\n<p>En caso de un accidente, la fuerza del impacto es mayor cuando uno de los conductores estaba excediendo la velocidad, lo que aumenta en gran medida el riesgo de lesiones catastr\u00f3ficas. Cuando la negligencia o imprudencia de un conductor que excede la velocidad lastima a otras personas, los\u00a0<strong>abogados de accidentes por exceso de velocidad<\/strong>\u00a0de Oresky &amp; Associates, PLLC, los hacen responsables.<\/p>\n<h2>\u00bfQu\u00e9 Da\u00f1os Puedo Recuperar Como V\u00edctima de una Colisi\u00f3n por Exceso de Velocidad?<\/h2>\n<p>Los choques por exceso de velocidad pueden causar lesiones horribles, incluidas:<\/p>\n<div class=\"row\">\n<ul class=\"col-xl-6\">\n<li>Lesiones cerebrales traum\u00e1ticas<\/li>\n<li>Lesiones en la m\u00e9dula espinal<\/li>\n<li>Fracturas \u00f3seas<\/li>\n<li>Amputaciones<\/li>\n<\/ul>\n<ul class=\"col-xl-6\">\n<li>Lesiones internas<\/li>\n<li>Quemaduras<\/li>\n<li>Laceraciones y abrasiones<\/li>\n<\/ul>\n<\/div>\n<p>Los accidentes por exceso de velocidad tambi\u00e9n pueden causar lesiones psicol\u00f3gicas, como trastorno de estr\u00e9s postraum\u00e1tico, ansiedad y depresi\u00f3n. Las v\u00edctimas requieren atenci\u00f3n m\u00e9dica extensa, algunas por el resto de sus vidas. Una lesi\u00f3n grave tambi\u00e9n puede impedir que trabajes o reducir tu potencial de ingresos futuros.\u00a0<strong>Mereces una compensaci\u00f3n por todo lo que has perdido<\/strong>\u00a0o probablemente perder\u00e1s en el futuro debido a tus lesiones.<\/p>\n<p>Los\u00a0<strong>abogados de accidentes por exceso de velocidad<\/strong>\u00a0de nuestro bufete investigar\u00e1n tu caso y identificar\u00e1n cuidadosamente todas las p\u00e9rdidas relacionadas con tus lesiones. Nuestros abogados proporcionar\u00e1n una imagen precisa y realista de tu caso, incluidos los da\u00f1os que puedes reclamar:<\/p>\n<div class=\"row\">\n<ul class=\"col-xl-6\">\n<li>Dolor y sufrimiento pasados y futuros<\/li>\n<li>Gastos m\u00e9dicos<\/li>\n<li>P\u00e9rdida de ingresos<\/li>\n<li>P\u00e9rdida de beneficios sindicales<\/li>\n<\/ul>\n<ul class=\"col-xl-6\">\n<li>Da\u00f1os a la propiedad<\/li>\n<li>Desfiguraci\u00f3n y cicatrices<\/li>\n<li>P\u00e9rdida de consorcio<\/li>\n<li>P\u00e9rdida del disfrute de la vida<\/li>\n<\/ul>\n<\/div>\n<p>En el caso de una colisi\u00f3n fatal, nuestros\u00a0<a href=\"https:\/\/oreskylaw.com\/es\/bronx\/abogados-de-muerte-por-negligencia\/\">abogados de muerte por negligencia en el Bronx<\/a>\u00a0buscar\u00e1n una compensaci\u00f3n por la atenci\u00f3n m\u00e9dica antes de la muerte, gastos funerarios, p\u00e9rdida de apoyo financiero, p\u00e9rdida de beneficios y p\u00e9rdida de herencia. Si tu ser querido sobrevivi\u00f3 durante cualquier per\u00edodo de tiempo despu\u00e9s del accidente, tu familia tambi\u00e9n puede buscar da\u00f1os por el dolor y sufrimiento en su nombre.<\/p>\n<h3>\u00bfPuedo Recuperar Da\u00f1os si Me Culpan por un Accidente de Exceso de Velocidad en el Bronx?<\/h3>\n<p>S\u00ed. Puedes recuperar compensaci\u00f3n y hacer un reclamo de responsabilidad incluso si eres parcialmente responsable del accidente. Nueva York sigue las reglas de culpa comparativa, lo que significa que los conductores que son parcialmente culpables a\u00fan pueden presentar un reclamo.<\/p>\n    <div class=\"cw-cta-box\">\n        <div class=\"cw-cta-box__inner \">\n            <div class=\"cw-cta-box__info\">\n                                    <div class=\"label\">\u00a1Llame ahora!<\/div>\n                            <\/div>\n                            <div class=\"contact-phone\">\n                    <a href=\"tel:7189939999\"\n                        aria-label=\"Tap to call button\">\n                        718-993-9999                    <\/a>\n                <\/div>\n                    <\/div>\n                    <a href=\"\/es\/contacto\/\"\n               class=\"cta-btn btn btn--primary btn\"\n               target=\"\">\n                Obtenga Una Consulta Gratuita            <\/a>\n            <\/div>\n    \n<h2>\u00bfQui\u00e9n es Responsable de un Accidente de Auto por Exceso de Velocidad en el Bronx?<\/h2>\n<p>Nuestros\u00a0<strong>abogados de accidentes por exceso de velocidad<\/strong>\u00a0responsabilizar\u00e1n al conductor que excedi\u00f3 la velocidad por tus lesiones y p\u00e9rdidas. Oresky &amp; Associates, PLLC, quiere asegurarse de que paguen por el da\u00f1o que causaron. Otras partes potenciales incluyen los propietarios de veh\u00edculos y empleadores en ciertos casos. Las leyes estatales de exceso de velocidad de Nueva York se encuentran en\u00a0<a href=\"https:\/\/www.nysenate.gov\/legislation\/laws\/VAT\/T7A30\" target=\"_blank\" rel=\"nofollow noopener noreferrer\">VAT 1180-1182<\/a>. Estas incluyen lo siguiente:<\/p>\n<ul>\n<li>Mantener una velocidad segura significa m\u00e1s que permanecer dentro del l\u00edmite establecido. Tambi\u00e9n debes tener en cuenta los \u00abpeligros reales y potenciales\u00bb que puedas encontrar, como una curva en la carretera u otros veh\u00edculos. (<a href=\"https:\/\/www.nysenate.gov\/legislation\/laws\/VAT\/1180\" target=\"_blank\" rel=\"nofollow noopener noreferrer\">VAT 1180<\/a>)<\/li>\n<li>Las carreras de velocidad son ilegales, excepto bajo circunstancias muy espec\u00edficas. (<a href=\"https:\/\/www.nysenate.gov\/legislation\/laws\/VAT\/1182\" target=\"_blank\" rel=\"nofollow noopener noreferrer\">VAT 1182<\/a>)<\/li>\n<\/ul>\n<p>Si el otro conductor no sigui\u00f3 estas y otras reglas de tr\u00e1nsito y caus\u00f3 tu accidente, nuestros\u00a0<strong>abogados de accidentes automovil\u00edsticos en el Bronx<\/strong>\u00a0te ayudar\u00e1n a buscar compensaci\u00f3n.<\/p>\n<h2>Qu\u00e9 Hacer Despu\u00e9s de un Accidente por Exceso de Velocidad en el Bronx: Primeros Pasos Hacia la Compensaci\u00f3n<\/h2>\n<p>Oresky &amp; Associates, PLLC, tiene m\u00e1s de 30 a\u00f1os de experiencia en casos de lesiones personales en el Bronx. Hemos representado a miles de neoyorquinos a lo largo de los a\u00f1os, incluidos muchos que han sufrido lesiones graves en accidentes automovil\u00edsticos. En la experiencia de nuestros\u00a0<strong>abogados de accidentes por exceso de velocidad<\/strong>, puedes comenzar a proteger tus derechos inmediatamente despu\u00e9s del accidente al:<\/p>\n<h3>Asegurar Su Seguridad<\/h3>\n<p>Asegurarse de que usted y los dem\u00e1s est\u00e9n seguros es su m\u00e1xima prioridad despu\u00e9s de un accidente por exceso de velocidad. Salga del flujo de tr\u00e1fico lo antes posible y llame al 911.<\/p>\n<h3>Informar del Accidente Puntualmente<\/h3>\n<p>Reporte el accidente al NYPD. Su abogado puede utilizar el informe policial para establecer que el otro conductor estaba acelerando y caus\u00f3 su accidente.<\/p>\n<h3>Documentar la Escena<\/h3>\n<p>Si es posible, tome fotos de toda la escena del accidente, desde el entorno hasta sus lesiones. Obtenga el nombre y la informaci\u00f3n del seguro del otro conductor.<\/p>\n<h3>Obtener Informaci\u00f3n de Testigos<\/h3>\n<p>Hable con los testigos en la escena. Obtenga la informaci\u00f3n de contacto de cada testigo, incluido nombre, tel\u00e9fono y direcci\u00f3n de correo electr\u00f3nico.<\/p>\n<h3>Buscar Atenci\u00f3n M\u00e9dica<\/h3>\n<p>Si es necesario, vaya a la sala de emergencias. De lo contrario, vea a su propio m\u00e9dico tan pronto como pueda. Siga todas sus recomendaciones para proteger su salud. La atenci\u00f3n m\u00e9dica oportuna tambi\u00e9n puede apoyar su caso legal al conectar sus lesiones con el accidente.<\/p>\n<h3>Preservar Evidencia<\/h3>\n<p>Nuestros abogados de accidentes en el Bronx recopilar\u00e1n pruebas para su caso. Usted puede ayudar guardando facturas, recibos, talones de pago y registros de comunicaciones con otros.<\/p>\n<h3>Consultar a Nuestros Abogados de Accidentes Automovil\u00edsticos en el Bronx<\/h3>\n<p>Las secuelas de un accidente por exceso de velocidad son a menudo ca\u00f3ticas y traum\u00e1ticas. Nuestro personal biling\u00fce y los abogados de accidentes por exceso de velocidad son abiertos y directos sobre su caso y el proceso legal que sigue.<\/p>\n    <div class=\"cw-cta-box\">\n        <div class=\"cw-cta-box__inner \">\n            <div class=\"cw-cta-box__info\">\n                                    <div class=\"label\">\u00a1Llame ahora!<\/div>\n                            <\/div>\n                            <div class=\"contact-phone\">\n                    <a href=\"tel:7189939999\"\n                        aria-label=\"Tap to call button\">\n                        718-993-9999                    <\/a>\n                <\/div>\n                    <\/div>\n                    <a href=\"\/es\/contacto\/\"\n               class=\"cta-btn btn btn--primary btn\"\n               target=\"\">\n                Obtenga Una Consulta Gratuita            <\/a>\n            <\/div>\n    \n<h2>Reclamaciones Sin Culpa vs. Responsabilidad Despu\u00e9s de un Accidente Automovil\u00edstico por Exceso de Velocidad<\/h2>\n<p>Seg\u00fan el\u00a0<a href=\"https:\/\/www.dfs.ny.gov\/consumers\/auto_insurance\/minimum_auto_insurance_requirements\" target=\"_blank\" rel=\"nofollow noopener noreferrer\">Departamento de Servicios Financieros de Nueva York (DFS)<\/a>, los conductores en Nueva York deben comprar tres tipos de seguro de autom\u00f3vil, y usted puede tener varias v\u00edas para buscar compensaci\u00f3n.<\/p>\n<ul>\n<li><strong>Una reclamaci\u00f3n sin culpa:<\/strong> Usted es elegible para beneficios limitados a trav\u00e9s de su p\u00f3liza PIP sin culpa.<\/li>\n<li><strong>Una reclamaci\u00f3n de responsabilidad:<\/strong> Si la negligencia de otra persona caus\u00f3 su accidente, como un conductor que iba a exceso de velocidad, puede presentar una reclamaci\u00f3n con su seguro de responsabilidad. Esta reclamaci\u00f3n podr\u00eda darle derecho a da\u00f1os adicionales no recuperables en una reclamaci\u00f3n sin culpa.<\/li>\n<li><strong>Una reclamaci\u00f3n por conductor sin seguro:<\/strong> Si el conductor culpable huy\u00f3 de la escena o no tiene seguro de autom\u00f3vil, es posible que pueda presentar una reclamaci\u00f3n con su p\u00f3liza de conductor sin seguro para cubrir p\u00e9rdidas relacionadas con las lesiones.<\/li>\n<\/ul>\n<p>Nuestros\u00a0abogados de accidentes automovil\u00edsticos en el Bronx\u00a0lo ayudan a comprender todos estos procesos de reclamaci\u00f3n y lo guiar\u00e1n a trav\u00e9s de ellos, incluso si la aseguradora intenta negar la responsabilidad o minimizar su pago.<\/p>\n<h2>How Oresky &amp; Associates, PLLC, Helps Motorists Injured by Speeding Drivers<\/h2>\n<p>Oresky &amp; Associates, PLLC, puts every necessary resource into play to help you recover the damages you deserve. Our legal team will:<\/p>\n<h3>Conduct a Thorough Case Evaluation<\/h3>\n<p>This involves speaking with witnesses who have personal or professional knowledge of your speeding accident and collecting all relevant evidence and other materials.<\/p>\n<h3>Confront the Insurance Companies<\/h3>\n<p>Insurance companies often do what they can to pay less. We use aggressive strategies that compel these companies to pay what they owe.<\/p>\n<h3>Seek Full Compensation<\/h3>\n<p>Our investigation reveals the losses you\u2019ve suffered because of your injuries, and our attorneys will develop a legal strategy to secure the compensation you are entitled to.<\/p>\n<h3>Remain in Constant Contact About Your Case<\/h3>\n<p>Our car accident attorneys and paralegals in the Bronx do not leave you to wait and wonder. We will keep you informed and provide legal updates.<\/p>\n<p>Call\u00a0<a href=\"tel:+19299304705\">(929) 930-4705<\/a>\u00a0to get a\u00a0<strong>free consultation<\/strong>\u00a0from Oresky &amp; Associates, PLLC, today.<\/p>\n","protected":false},"excerpt":{"rendered":"<p>Abogados de Confianza para Choques por Exceso de Velocidad en el Bronx Si sufriste lesiones en un accidente por exceso de velocidad en el Bronx, nuestros abogados responsabilizar\u00e1n al conductor culpable buscando indemnizaci\u00f3n por tus p\u00e9rdidas, incluidas las facturas m\u00e9dicas, salarios perdidos y el dolor y sufrimiento. Nuestros\u00a0abogados de accidentes automovil\u00edsticos en el Bronx\u00a0brindan asesoramiento [&hellip;]<\/p>\n","protected":false},"author":9,"featured_media":24158,"parent":17391,"menu_order":90,"comment_status":"closed","ping_status":"closed","template":"","meta":{"_acf_changed":false,"footnotes":""},"class_list":["post-18279","page","type-page","status-publish","has-post-thumbnail","hentry"],"acf":[],"yoast_head":"<!-- This site is optimized with the Yoast SEO plugin v27.3 - https:\/\/yoast.com\/product\/yoast-seo-wordpress\/ -->\n<title>Abogado de accidentes por exceso de velocidad en el Bronx - Oresky &amp; Associates, PLLC<\/title>\n<meta name=\"description\" content=\"Conf\u00ede en nuestros abogados de accidentes automovil\u00edsticos de Oresky &amp; Associates, PLLC para obtener apoyo legal y garantizar la compensaci\u00f3n por accidente de exceso de velocidad que se merece. \u00a1Llame hoy para una consulta!\" \/>\n<meta name=\"robots\" content=\"index, follow, max-snippet:-1, max-image-preview:large, max-video-preview:-1\" \/>\n<link rel=\"canonical\" href=\"https:\/\/oreskylaw.com\/es\/bronx\/abogados-de-accidentes-por-exceso-de-velocidad\/\" \/>\n<meta property=\"og:locale\" content=\"es_ES\" \/>\n<meta property=\"og:type\" content=\"article\" \/>\n<meta property=\"og:title\" content=\"Abogado de accidentes por exceso de velocidad en el Bronx - Oresky &amp; Associates, PLLC\" \/>\n<meta property=\"og:description\" content=\"Conf\u00ede en nuestros abogados de accidentes automovil\u00edsticos de Oresky &amp; Associates, PLLC para obtener apoyo legal y garantizar la compensaci\u00f3n por accidente de exceso de velocidad que se merece. \u00a1Llame hoy para una consulta!\" \/>\n<meta property=\"og:url\" content=\"https:\/\/oreskylaw.com\/es\/bronx\/abogados-de-accidentes-por-exceso-de-velocidad\/\" \/>\n<meta property=\"og:site_name\" content=\"Oresky &amp; Associates, PLLC\" \/>\n<meta property=\"article:publisher\" content=\"https:\/\/www.facebook.com\/Oreskylaw\/\" \/>\n<meta property=\"article:modified_time\" content=\"2026-01-30T14:27:48+00:00\" \/>\n<meta property=\"og:image\" content=\"https:\/\/oreskylaw.com\/wp-content\/uploads\/2026\/01\/speeding-accident-lawyers.png\" \/>\n\t<meta property=\"og:image:width\" content=\"810\" \/>\n\t<meta property=\"og:image:height\" content=\"330\" \/>\n\t<meta property=\"og:image:type\" content=\"image\/png\" \/>\n<meta name=\"twitter:card\" content=\"summary_large_image\" \/>\n<meta name=\"twitter:site\" content=\"@JacobOreskyLaw\" \/>\n<meta name=\"twitter:label1\" content=\"Tiempo de lectura\" \/>\n\t<meta name=\"twitter:data1\" content=\"8 minutos\" \/>\n<!-- \/ Yoast SEO plugin. -->","yoast_head_json":{"title":"Abogado de accidentes por exceso de velocidad en el Bronx - Oresky & Associates, PLLC","description":"Conf\u00ede en nuestros abogados de accidentes automovil\u00edsticos de Oresky & Associates, PLLC para obtener apoyo legal y garantizar la compensaci\u00f3n por accidente de exceso de velocidad que se merece. \u00a1Llame hoy para una consulta!","robots":{"index":"index","follow":"follow","max-snippet":"max-snippet:-1","max-image-preview":"max-image-preview:large","max-video-preview":"max-video-preview:-1"},"canonical":"https:\/\/oreskylaw.com\/es\/bronx\/abogados-de-accidentes-por-exceso-de-velocidad\/","og_locale":"es_ES","og_type":"article","og_title":"Abogado de accidentes por exceso de velocidad en el Bronx - Oresky & Associates, PLLC","og_description":"Conf\u00ede en nuestros abogados de accidentes automovil\u00edsticos de Oresky & Associates, PLLC para obtener apoyo legal y garantizar la compensaci\u00f3n por accidente de exceso de velocidad que se merece. \u00a1Llame hoy para una consulta!","og_url":"https:\/\/oreskylaw.com\/es\/bronx\/abogados-de-accidentes-por-exceso-de-velocidad\/","og_site_name":"Oresky &amp; Associates, PLLC","article_publisher":"https:\/\/www.facebook.com\/Oreskylaw\/","article_modified_time":"2026-01-30T14:27:48+00:00","og_image":[{"width":810,"height":330,"url":"https:\/\/oreskylaw.com\/wp-content\/uploads\/2026\/01\/speeding-accident-lawyers.png","type":"image\/png"}],"twitter_card":"summary_large_image","twitter_site":"@JacobOreskyLaw","twitter_misc":{"Tiempo de lectura":"8 minutos"},"schema":{"@context":"https:\/\/schema.org","@graph":[{"@type":"WebPage","@id":"https:\/\/oreskylaw.com\/es\/bronx\/abogados-de-accidentes-por-exceso-de-velocidad\/","url":"https:\/\/oreskylaw.com\/es\/bronx\/abogados-de-accidentes-por-exceso-de-velocidad\/","name":"Abogado de accidentes por exceso de velocidad en el Bronx - Oresky & Associates, PLLC","isPartOf":{"@id":"https:\/\/oreskylaw.com\/es\/#website"},"primaryImageOfPage":{"@id":"https:\/\/oreskylaw.com\/es\/bronx\/abogados-de-accidentes-por-exceso-de-velocidad\/#primaryimage"},"image":{"@id":"https:\/\/oreskylaw.com\/es\/bronx\/abogados-de-accidentes-por-exceso-de-velocidad\/#primaryimage"},"thumbnailUrl":"https:\/\/oreskylaw.com\/wp-content\/uploads\/2026\/01\/speeding-accident-lawyers.png","datePublished":"2025-12-08T02:33:25+00:00","dateModified":"2026-01-30T14:27:48+00:00","description":"Conf\u00ede en nuestros abogados de accidentes automovil\u00edsticos de Oresky & Associates, PLLC para obtener apoyo legal y garantizar la compensaci\u00f3n por accidente de exceso de velocidad que se merece. \u00a1Llame hoy para una consulta!","breadcrumb":{"@id":"https:\/\/oreskylaw.com\/es\/bronx\/abogados-de-accidentes-por-exceso-de-velocidad\/#breadcrumb"},"inLanguage":"es","potentialAction":[{"@type":"ReadAction","target":["https:\/\/oreskylaw.com\/es\/bronx\/abogados-de-accidentes-por-exceso-de-velocidad\/"]}]},{"@type":"ImageObject","inLanguage":"es","@id":"https:\/\/oreskylaw.com\/es\/bronx\/abogados-de-accidentes-por-exceso-de-velocidad\/#primaryimage","url":"https:\/\/oreskylaw.com\/wp-content\/uploads\/2026\/01\/speeding-accident-lawyers.png","contentUrl":"https:\/\/oreskylaw.com\/wp-content\/uploads\/2026\/01\/speeding-accident-lawyers.png","width":810,"height":330,"caption":"speeding accident"},{"@type":"BreadcrumbList","@id":"https:\/\/oreskylaw.com\/es\/bronx\/abogados-de-accidentes-por-exceso-de-velocidad\/#breadcrumb","itemListElement":[{"@type":"ListItem","position":1,"name":"Inicio","item":"https:\/\/oreskylaw.com\/es\/"},{"@type":"ListItem","position":2,"name":"Abogado de lesiones personales en el Bronx","item":"https:\/\/oreskylaw.com\/es\/bronx\/"},{"@type":"ListItem","position":3,"name":"Abogado de Accidentes por Exceso de Velocidad"}]},{"@type":"WebSite","@id":"https:\/\/oreskylaw.com\/es\/#website","url":"https:\/\/oreskylaw.com\/es\/","name":"Oresky & Associates PLLC","description":"","publisher":{"@id":"https:\/\/oreskylaw.com\/es\/#organization"},"potentialAction":[{"@type":"SearchAction","target":{"@type":"EntryPoint","urlTemplate":"https:\/\/oreskylaw.com\/es\/?s={search_term_string}"},"query-input":{"@type":"PropertyValueSpecification","valueRequired":true,"valueName":"search_term_string"}}],"inLanguage":"es"}]}},"_links":{"self":[{"href":"https:\/\/oreskylaw.com\/es\/wp-json\/wp\/v2\/pages\/18279","targetHints":{"allow":["GET"]}}],"collection":[{"href":"https:\/\/oreskylaw.com\/es\/wp-json\/wp\/v2\/pages"}],"about":[{"href":"https:\/\/oreskylaw.com\/es\/wp-json\/wp\/v2\/types\/page"}],"author":[{"embeddable":true,"href":"https:\/\/oreskylaw.com\/es\/wp-json\/wp\/v2\/users\/9"}],"replies":[{"embeddable":true,"href":"https:\/\/oreskylaw.com\/es\/wp-json\/wp\/v2\/comments?post=18279"}],"version-history":[{"count":0,"href":"https:\/\/oreskylaw.com\/es\/wp-json\/wp\/v2\/pages\/18279\/revisions"}],"up":[{"embeddable":true,"href":"https:\/\/oreskylaw.com\/es\/wp-json\/wp\/v2\/pages\/17391"}],"wp:featuredmedia":[{"embeddable":true,"href":"https:\/\/oreskylaw.com\/es\/wp-json\/wp\/v2\/media\/24158"}],"wp:attachment":[{"href":"https:\/\/oreskylaw.com\/es\/wp-json\/wp\/v2\/media?parent=18279"}],"curies":[{"name":"wp","href":"https:\/\/api.w.org\/{rel}","templated":true}]}}