{"id":18290,"date":"2025-12-08T02:33:42","date_gmt":"2025-12-08T02:33:42","guid":{"rendered":"https:\/\/oreskylaw.com\/?page_id=18290"},"modified":"2026-01-30T14:29:50","modified_gmt":"2026-01-30T14:29:50","slug":"abogados-de-accidentes-de-taxi","status":"publish","type":"page","link":"https:\/\/oreskylaw.com\/es\/bronx\/abogados-de-accidentes-de-taxi\/","title":{"rendered":"Abogado de Accidentes de Taxi"},"content":{"rendered":"<h2>Abogados Confiables de Accidentes de Taxi en el Bronx<\/h2>\n<p>Cuando las secuelas de un accidente de taxi hacen que tu vida sea dif\u00edcil, los\u00a0<strong>abogados de accidentes de taxi en el Bronx<\/strong>\u00a0de Oresky &amp; Associates, PLLC est\u00e1n aqu\u00ed para luchar en tu nombre. Determinar qu\u00e9 parte puede ser responsable de los da\u00f1os puede ser complicado por tu cuenta.<\/p>\n<p>Con nuestra trayectoria de defender vigorosamente a las\u00a0<a href=\"https:\/\/oreskylaw.com\/es\/bronx\/abogados-de-accidentes-de-auto\/\">v\u00edctimas de accidentes automovil\u00edsticos<\/a>, estamos decididos a obtener una compensaci\u00f3n justa por tus p\u00e9rdidas. No deber\u00edas tener que navegar las complejidades legales que surgen despu\u00e9s de un choque causado por la negligencia de un conductor de taxi t\u00fa solo. Llama a nuestra oficina al\u00a0<a href=\"tel:+19299304705\">(929) 930-4705<\/a>\u00a0para obtener asistencia inmediata de nuestro equipo. Estamos listos para conseguirte la justicia que mereces.<\/p>\n<h2>Los Accidentes de Taxi Son Comunes en el Bronx, NY<\/h2>\n<p>El Bronx no es ajeno a los accidentes de veh\u00edculos motorizados, y los accidentes de taxi no son la excepci\u00f3n. Aunque muchos conductores de taxis llevan a sus pasajeros a sus destinos sin incidentes, los conductores negligentes pueden arruinar lo que deber\u00eda ser un viaje sencillo.<\/p>\n<ul>\n<li>En\u00a0<a href=\"http:\/\/oreskylaw.com\/wp-content\/uploads\/2026\/01\/cityacc-en-us.pdf\" target=\"_blank\" rel=\"nofollow noopener noreferrer\">un informe del Departamento de Polic\u00eda de la Ciudad de Nueva York de diciembre de 2023<\/a>, 51 veh\u00edculos de taxi estuvieron involucrados en colisiones de veh\u00edculos motorizados.<\/li>\n<li>Los Precintos 46, 44 y 42 reportaron el mayor n\u00famero de accidentes que involucraron taxis.<\/li>\n<li>En total, 340 veh\u00edculos de taxi estuvieron involucrados en accidentes en toda la ciudad de Nueva York.<\/li>\n<\/ul>\n<p>El Bronx alberga muchos destinos populares tanto para residentes como para visitantes, y tomar un taxi para visitar estos lugares ic\u00f3nicos significa que los accidentes de taxi son una realidad para muchos pasajeros. Si te encuentras en esta situaci\u00f3n, un\u00a0<strong>abogado de accidentes de taxi en el Bronx<\/strong>\u00a0puede ayudarte a luchar por una compensaci\u00f3n justa.<\/p>\n<h2>\u00bfPor Qu\u00e9 Ocurren Accidentes de Taxi en el Bronx?<\/h2>\n<p>Los accidentes de taxi a menudo ocurren por muchas de las mismas razones que los accidentes de autom\u00f3viles de pasajeros. Algunas de las razones que vemos para los accidentes de taxi incluyen:<\/p>\n<ul>\n<li><strong>Agresi\u00f3n del Conductor:\u00a0<\/strong>Los operadores de taxis pueden zigzaguear en el tr\u00e1fico, cortar a otros conductores, pasarse los sem\u00e1foros en rojo o acelerar para llegar a su destino.<\/li>\n<li><strong>No Ceder el Paso:\u00a0<\/strong>Los conductores de taxi pueden haber violado las leyes sobre ceder el paso a los peatones u otros autom\u00f3viles.<\/li>\n<li><strong>Cambios de Carril Inseguros y No Usar Se\u00f1ales:<\/strong>\u00a0Los conductores necesitan parar y arrancar con frecuencia para recoger y dejar pasajeros, pero pueden no usar sus se\u00f1ales para indicar su intenci\u00f3n de cambiar de carril. Otros conductores, o incluso ciclistas y peatones, pueden resultar heridos si no esperaban que el conductor cambiara de carril o girara.<\/li>\n<li><strong>Conducir Distra\u00eddo:\u00a0<\/strong>Los conductores de taxi pueden haber estado hablando por tel\u00e9fono u ocupado de otra manera, apartando la vista de la carretera.<\/li>\n<li><strong>Conducir en Estado de Intoxicaci\u00f3n o Fatigado:<\/strong>\u00a0Los conductores de taxi que conducen bajo los efectos del alcohol o las drogas pueden causar da\u00f1os significativos. Incluso conducir con somnolencia es peligroso para los pasajeros y otros automovilistas.<\/li>\n<\/ul>\n<p>Tambi\u00e9n hemos visto casos donde otros conductores contribuyeron a los accidentes de taxi con estos y otros comportamientos inseguros; en esos casos, pueden ser considerados responsables conjuntamente. Independientemente de la causa, nuestro\u00a0<strong>abogado de accidentes de taxi en el Bronx<\/strong>\u00a0puede ayudarte.<\/p>\n<h2>\u00bfC\u00f3mo Puede Ayudar Oresky &amp; Associates, PLLC a las V\u00edctimas de Accidentes de Taxi en el Bronx?<\/h2>\n<p>Cuando se trata de accidentes automovil\u00edsticos en Nueva York, entender la cobertura y los l\u00edmites de la p\u00f3liza puede ser bastante confuso. Simplemente lidiar con las aseguradoras y tratar de negociar un acuerdo justo es mucho para las v\u00edctimas de accidentes. Ah\u00ed es donde entran nuestros\u00a0<strong>abogados de accidentes de taxi en el Bronx<\/strong>. Queremos aliviarte de algunas de tus cargas para que puedas concentrarte en tu salud. Como tu equipo legal, nosotros:<\/p>\n<ul>\n<li>Evaluaremos tus da\u00f1os no econ\u00f3micos y tus p\u00e9rdidas econ\u00f3micas<\/li>\n<li>Nos comunicaremos con las compa\u00f1\u00edas de seguros<\/li>\n<li>Determinaremos la responsabilidad de las partes involucradas<\/li>\n<li>Recogeremos y analizaremos diversas formas de evidencia para demostrar el da\u00f1o y la causa del accidente<\/li>\n<li>Representaremos tu caso en la corte para luchar por una compensaci\u00f3n que cubra todas tus necesidades<\/li>\n<li>Negociaremos un acuerdo justo<\/li>\n<li>Te mantendremos informado sobre el estado de tu caso y responderemos todas las preguntas que puedas tener<\/li>\n<\/ul>\n<p>Tienes suficiente con lo que lidiar, d\u00e9janos cuidar de ti y de tus necesidades legales durante este tiempo. Cuando trabajas con nuestra firma, tienes un equipo que escucha, se preocupa y asegura que tus necesidades sean una prioridad.<\/p>\n    <div class=\"cw-cta-box\">\n        <div class=\"cw-cta-box__inner \">\n            <div class=\"cw-cta-box__info\">\n                                    <div class=\"label\">\u00a1Llame ahora!<\/div>\n                            <\/div>\n                            <div class=\"contact-phone\">\n                    <a href=\"tel:7189939999\"\n                        aria-label=\"Tap to call button\">\n                        718-993-9999                    <\/a>\n                <\/div>\n                    <\/div>\n                    <a href=\"\/es\/contacto\/\"\n               class=\"cta-btn btn btn--primary btn\"\n               target=\"\">\n                Obtenga Una Consulta Gratuita            <\/a>\n            <\/div>\n    \n<h2>Lesiones Comunes en Accidentes de Taxi<\/h2>\n<p>Los accidentes de taxi pueden dejar a las v\u00edctimas con lesiones leves, pero tambi\u00e9n pueden ser bastante graves. Muchas de estas lesiones pueden tomar semanas, meses e incluso a\u00f1os para recuperarse. Algunas lesiones pueden ser permanentes, y las v\u00edctimas de accidentes de taxi pueden nunca recuperarse completamente. No solo tus lesiones pueden causar un dolor intenso, sino que tambi\u00e9n pueden interrumpir tu vida y hacer que sea dif\u00edcil vivir la vida que llevabas antes del accidente de taxi.<\/p>\n<p>Nuestros\u00a0<strong>abogados de accidentes de taxi en el Bronx<\/strong>\u00a0ven v\u00edctimas con muchos tipos de lesiones, incluidas:<\/p>\n<div class=\"row\">\n<ul class=\"col-xl-6\">\n<li>Latigazo cervical<\/li>\n<li>Huesos rotos, incluidas fracturas de brazos y piernas, costillas rotas y fracturas de cr\u00e1neo y cara<\/li>\n<li>Cortes, moretones y rasgu\u00f1os<\/li>\n<li>Lesiones de la m\u00e9dula espinal y par\u00e1lisis<\/li>\n<li>Lesiones cerebrales traum\u00e1ticas (LCT)<\/li>\n<\/ul>\n<ul class=\"col-xl-6\">\n<li>Par\u00e1lisis<\/li>\n<li>Amputaci\u00f3n<\/li>\n<li>Quemaduras<\/li>\n<li>Lesiones en tendones y ligamentos<\/li>\n<li>Hemorragia interna<\/li>\n<\/ul>\n<\/div>\n<p>Cada accidente de taxi es \u00fanico, y es posible que no tengas las mismas lesiones que otra v\u00edctima. Aseg\u00farate de recibir atenci\u00f3n m\u00e9dica despu\u00e9s de la colisi\u00f3n, para que un m\u00e9dico pueda registrar cualquier lesi\u00f3n. Esto te permite recibir la atenci\u00f3n m\u00e9dica adecuada mientras se crea un rastro documental para tu caso. Un\u00a0<strong>abogado de accidentes de taxi en el Bronx<\/strong>\u00a0con Oresky &amp; Associates, PLLC usar\u00e1 esta evidencia para respaldar tus reclamos por da\u00f1os.<\/p>\n<h2>Me Lastim\u00e9 en un Accidente de Taxi en el Bronx \u2013 \u00bfCu\u00e1l es el Valor de Mi Caso?<\/h2>\n<p><img loading=\"lazy\" decoding=\"async\" class=\"size-full wp-image-11828 alignright\" src=\"http:\/\/oreskylaw.com\/wp-content\/uploads\/2026\/01\/How-Can-Oresky-Associates-PLLC-Help-After-a-Speeding-Accident-in-the-Bronx-NY.webp\" alt=\"bronx bridge construction site accident attorney\" width=\"300\" height=\"200\" \/>Cada accidente de taxi en el Bronx es diferente, por lo que es dif\u00edcil determinar cu\u00e1nto vale tu caso. Sin embargo, hay muchos factores que tomaremos en cuenta al calcular el valor de tu caso:<\/p>\n<ul>\n<li><strong>La magnitud de tus lesiones y p\u00e9rdidas derivadas del accidente de taxi.\u00a0<\/strong>Nuestros\u00a0<strong>abogados de accidentes de taxi en el Bronx <\/strong>te ayudar\u00e1n a documentar la gravedad de tus lesiones y respaldar\u00e1n tus reclamos de lesiones f\u00edsicas y sufrimiento mental. Revisaremos todos tus gastos y p\u00e9rdidas financieras relacionadas con el accidente para asegurarnos de que recibas compensaci\u00f3n por todos tus da\u00f1os econ\u00f3micos. Nos aseguraremos de revisar los impactos emocionales y mentales del accidente en tu vida para buscar un equivalente monetario tanto para da\u00f1os tangibles como intangibles.<\/li>\n<li><strong>La responsabilidad de la otra parte y la evidencia que respalda este reclamo.<\/strong>\u00a0Como tus\u00a0<strong>abogados de accidentes de taxi en el Bronx<\/strong>, debemos poder demostrar que el conductor del taxi actu\u00f3 con negligencia y que sus acciones contribuyeron a tus p\u00e9rdidas y lesiones. Utilizamos diversas formas de evidencia para respaldar nuestros argumentos. Cuanto m\u00e1s s\u00f3lida sea la prueba, mayores ser\u00e1n las posibilidades de demostrar que esta parte es responsable de pagar por tus p\u00e9rdidas.<\/li>\n<\/ul>\n<p>Puede ser dif\u00edcil estimar el valor de tu caso y luchar por una compensaci\u00f3n justa por tu cuenta, as\u00ed que deja que nuestros abogados vayan m\u00e1s all\u00e1 para ti despu\u00e9s de tu accidente de taxi en el Bronx.<\/p>\n<h2>\u00bfQu\u00e9 Tipos de Da\u00f1os Est\u00e1n Disponibles para las V\u00edctimas de Accidentes de Taxi en el Bronx?<\/h2>\n<p>Los accidentes de taxi pueden dejarte con lesiones dolorosas, facturas abrumadoras y sufrimiento mental y emocional. Cuando trabajas con nuestros\u00a0<strong>abogados de accidentes de taxi en el Bronx<\/strong>, buscaremos compensaci\u00f3n por todos tus da\u00f1os, incluyendo pero no limitado a:<\/p>\n<ul>\n<li><strong>Gastos m\u00e9dicos actuales y futuros:\u00a0<\/strong>Las v\u00edctimas de accidentes automovil\u00edsticos pueden necesitar pagar cirug\u00edas, terapia f\u00edsica, medicamentos, estancias hospitalarias y otros costos m\u00e9dicos relacionados. Algunos de estos son gastos a largo plazo, y nos aseguraremos de buscar cobertura para todas estas facturas.<\/li>\n<li><strong>P\u00e9rdida de ingresos:\u00a0<\/strong>Puedes estar fuera del trabajo debido a tus lesiones, y nos aseguraremos de buscar cualquier forma de p\u00e9rdida de ingresos que puedas sufrir durante este tiempo, adem\u00e1s de la p\u00e9rdida de la capacidad de ingresos futuros.<\/li>\n<li><strong>Dolor y sufrimiento:\u00a0<\/strong>Tus lesiones pueden dejarte lidiando con dolor y angustia mental, y lucharemos por una compensaci\u00f3n adecuada por tu dolor y sufrimiento, pasado y futuro.<\/li>\n<li><strong>P\u00e9rdida de consorcio o servicios:\u00a0<\/strong>Tus lesiones pueden dificultar mantener tu relaci\u00f3n con tus seres queridos. Puedes tener dificultades para proporcionar el afecto y el apoyo que una vez les brindaste, y esto es algo por lo que podemos buscar compensaci\u00f3n.<\/li>\n<\/ul>\n<p>Si un ser querido falleci\u00f3 despu\u00e9s de un accidente de taxi, tambi\u00e9n podemos buscar da\u00f1os por muerte injusta para ayudar a pagar los gastos funerarios y p\u00e9rdidas relacionadas.<\/p>\n<h2>\u00bfQui\u00e9n Puede Ser Responsable de un Accidente de Taxi en el Bronx, NY?<\/h2>\n<p>Cuando se trata de accidentes de taxi, hay algunas partes a las que podemos responsabilizar por tu da\u00f1o. Estas incluyen:<\/p>\n<ul>\n<li><strong>Conductores de taxi:\u00a0<\/strong>Si el operador del taxi se comport\u00f3 de manera negligente y caus\u00f3 un accidente, podr\u00edamos buscar compensaci\u00f3n de su proveedor de seguro de auto.<\/li>\n<li><strong>Empresas de taxis o propietarios de taxis:<\/strong>\u00a0Tambi\u00e9n es posible responsabilizar a la empresa de taxis o al propietario del veh\u00edculo por tus p\u00e9rdidas.<\/li>\n<li><strong>Otros conductores involucrados en el accidente:<\/strong>\u00a0A veces, el conductor del taxi no es la parte responsable, y es el conductor de otro veh\u00edculo quien caus\u00f3 el accidente.<\/li>\n<\/ul>\n<h2>\u00bfPuedo Recuperar Compensaci\u00f3n Si Me Culpan de un Accidente de Taxi en Nueva York?<\/h2>\n<p>A veces, la responsabilidad por un accidente de taxi no siempre es blanco o negro. Es posible que hayas actuado de una manera que podr\u00eda haber contribuido a tus circunstancias, pero eso no significa que no puedas buscar compensaci\u00f3n. La\u00a0<a href=\"https:\/\/www.nysenate.gov\/legislation\/laws\/CVP\/1411\" target=\"_blank\" rel=\"nofollow noopener noreferrer\">CPLR \u00a7 1411<\/a>\u00a0establece un est\u00e1ndar de negligencia comparativa que reducir\u00e1 la compensaci\u00f3n de una v\u00edctima seg\u00fan su porcentaje de culpa.<\/p>\n<p>Aunque puedas tener alguna responsabilidad, el asegurador del conductor del taxi puede intentar atribuirte un mayor porcentaje del accidente en un intento de reducir tu compensaci\u00f3n. Nuestros abogados de accidentes de taxi en el Bronx est\u00e1n preparados para estas t\u00e1cticas y luchar\u00e1n contra las compa\u00f1\u00edas de seguros que intenten negarte los da\u00f1os que te corresponden.<\/p>\n<p>No dejes que esta oportunidad de obtener da\u00f1os se te escape de las manos. El equipo de Oresky &amp; Associates, PLLC no tiene miedo de enfrentarse a las compa\u00f1\u00edas que quieren subvalorar tu leg\u00edtima reclamaci\u00f3n de compensaci\u00f3n.<\/p>\n<h2>\u00bfCu\u00e1nto Tiempo Tengo para Presentar una Demanda por Accidente de Taxi en el Bronx?<\/h2>\n<p>Sabemos lo agotadores que pueden ser los accidentes de taxi, pero\u00a0<strong>es importante actuar r\u00e1pidamente para tomar acciones legales<\/strong>. La mayor\u00eda de los casos de lesiones personales, incluidos los accidentes de taxi, se rigen por el plazo de prescripci\u00f3n de tres a\u00f1os establecido en\u00a0<a href=\"https:\/\/www.nysenate.gov\/legislation\/laws\/CVP\/214\" target=\"_blank\" rel=\"nofollow noopener noreferrer\">CPLR 214(4)<\/a>. Si tu ser querido ha fallecido, generalmente solo tienes dos a\u00f1os para actuar, seg\u00fan\u00a0<a href=\"https:\/\/www.nysenate.gov\/legislation\/laws\/EPT\/5-4.1\" target=\"_blank\" rel=\"nofollow noopener noreferrer\">EPTL 5-4.1<\/a>.<\/p>\n<p>Sin embargo, algunas circunstancias pueden impedirte tomar medidas de inmediato o pueden acortar el tiempo que tienes para presentar tu demanda. Nuestros\u00a0<strong>abogados de accidentes de taxi en el Bronx<\/strong>\u00a0pueden determinar cu\u00e1nto tiempo tienes para actuar y explicar cualquier otra ley que se aplique a tu caso.<\/p>\n","protected":false},"excerpt":{"rendered":"<p>Abogados Confiables de Accidentes de Taxi en el Bronx Cuando las secuelas de un accidente de taxi hacen que tu vida sea dif\u00edcil, los\u00a0abogados de accidentes de taxi en el Bronx\u00a0de Oresky &amp; Associates, PLLC est\u00e1n aqu\u00ed para luchar en tu nombre. Determinar qu\u00e9 parte puede ser responsable de los da\u00f1os puede ser complicado por [&hellip;]<\/p>\n","protected":false},"author":9,"featured_media":24166,"parent":17391,"menu_order":91,"comment_status":"closed","ping_status":"closed","template":"","meta":{"_acf_changed":false,"footnotes":""},"class_list":["post-18290","page","type-page","status-publish","has-post-thumbnail","hentry"],"acf":[],"yoast_head":"<!-- This site is optimized with the Yoast SEO plugin v27.3 - https:\/\/yoast.com\/product\/yoast-seo-wordpress\/ -->\n<title>Abogados de Accidente de Taxi en el Bronx - Oresky &amp; Associates, PLLC<\/title>\n<meta name=\"description\" content=\"Si has estado involucrado en un accidente de taxi en el Bronx, nuestro equipo de abogados experimentados est\u00e1 aqu\u00ed para ayudarte a navegar el proceso legal. \u00a1Llama hoy!\" \/>\n<meta name=\"robots\" content=\"index, follow, max-snippet:-1, max-image-preview:large, max-video-preview:-1\" \/>\n<link rel=\"canonical\" href=\"https:\/\/oreskylaw.com\/es\/bronx\/abogados-de-accidentes-de-taxi\/\" \/>\n<meta property=\"og:locale\" content=\"es_ES\" \/>\n<meta property=\"og:type\" content=\"article\" \/>\n<meta property=\"og:title\" content=\"Abogados de Accidente de Taxi en el Bronx - Oresky &amp; Associates, PLLC\" \/>\n<meta property=\"og:description\" content=\"Si has estado involucrado en un accidente de taxi en el Bronx, nuestro equipo de abogados experimentados est\u00e1 aqu\u00ed para ayudarte a navegar el proceso legal. \u00a1Llama hoy!\" \/>\n<meta property=\"og:url\" content=\"https:\/\/oreskylaw.com\/es\/bronx\/abogados-de-accidentes-de-taxi\/\" \/>\n<meta property=\"og:site_name\" content=\"Oresky &amp; Associates, PLLC\" \/>\n<meta property=\"article:publisher\" content=\"https:\/\/www.facebook.com\/Oreskylaw\/\" \/>\n<meta property=\"article:modified_time\" content=\"2026-01-30T14:29:50+00:00\" \/>\n<meta property=\"og:image\" content=\"https:\/\/oreskylaw.com\/wp-content\/uploads\/2026\/01\/taxi-accident-lawyers.png\" \/>\n\t<meta property=\"og:image:width\" content=\"810\" \/>\n\t<meta property=\"og:image:height\" content=\"330\" \/>\n\t<meta property=\"og:image:type\" content=\"image\/png\" \/>\n<meta name=\"twitter:card\" content=\"summary_large_image\" \/>\n<meta name=\"twitter:site\" content=\"@JacobOreskyLaw\" \/>\n<meta name=\"twitter:label1\" content=\"Tiempo de lectura\" \/>\n\t<meta name=\"twitter:data1\" content=\"9 minutos\" \/>\n<!-- \/ Yoast SEO plugin. -->","yoast_head_json":{"title":"Abogados de Accidente de Taxi en el Bronx - Oresky & Associates, PLLC","description":"Si has estado involucrado en un accidente de taxi en el Bronx, nuestro equipo de abogados experimentados est\u00e1 aqu\u00ed para ayudarte a navegar el proceso legal. \u00a1Llama hoy!","robots":{"index":"index","follow":"follow","max-snippet":"max-snippet:-1","max-image-preview":"max-image-preview:large","max-video-preview":"max-video-preview:-1"},"canonical":"https:\/\/oreskylaw.com\/es\/bronx\/abogados-de-accidentes-de-taxi\/","og_locale":"es_ES","og_type":"article","og_title":"Abogados de Accidente de Taxi en el Bronx - Oresky & Associates, PLLC","og_description":"Si has estado involucrado en un accidente de taxi en el Bronx, nuestro equipo de abogados experimentados est\u00e1 aqu\u00ed para ayudarte a navegar el proceso legal. \u00a1Llama hoy!","og_url":"https:\/\/oreskylaw.com\/es\/bronx\/abogados-de-accidentes-de-taxi\/","og_site_name":"Oresky &amp; Associates, PLLC","article_publisher":"https:\/\/www.facebook.com\/Oreskylaw\/","article_modified_time":"2026-01-30T14:29:50+00:00","og_image":[{"width":810,"height":330,"url":"https:\/\/oreskylaw.com\/wp-content\/uploads\/2026\/01\/taxi-accident-lawyers.png","type":"image\/png"}],"twitter_card":"summary_large_image","twitter_site":"@JacobOreskyLaw","twitter_misc":{"Tiempo de lectura":"9 minutos"},"schema":{"@context":"https:\/\/schema.org","@graph":[{"@type":"WebPage","@id":"https:\/\/oreskylaw.com\/es\/bronx\/abogados-de-accidentes-de-taxi\/","url":"https:\/\/oreskylaw.com\/es\/bronx\/abogados-de-accidentes-de-taxi\/","name":"Abogados de Accidente de Taxi en el Bronx - Oresky & Associates, PLLC","isPartOf":{"@id":"https:\/\/oreskylaw.com\/es\/#website"},"primaryImageOfPage":{"@id":"https:\/\/oreskylaw.com\/es\/bronx\/abogados-de-accidentes-de-taxi\/#primaryimage"},"image":{"@id":"https:\/\/oreskylaw.com\/es\/bronx\/abogados-de-accidentes-de-taxi\/#primaryimage"},"thumbnailUrl":"https:\/\/oreskylaw.com\/wp-content\/uploads\/2026\/01\/taxi-accident-lawyers.png","datePublished":"2025-12-08T02:33:42+00:00","dateModified":"2026-01-30T14:29:50+00:00","description":"Si has estado involucrado en un accidente de taxi en el Bronx, nuestro equipo de abogados experimentados est\u00e1 aqu\u00ed para ayudarte a navegar el proceso legal. \u00a1Llama hoy!","breadcrumb":{"@id":"https:\/\/oreskylaw.com\/es\/bronx\/abogados-de-accidentes-de-taxi\/#breadcrumb"},"inLanguage":"es","potentialAction":[{"@type":"ReadAction","target":["https:\/\/oreskylaw.com\/es\/bronx\/abogados-de-accidentes-de-taxi\/"]}]},{"@type":"ImageObject","inLanguage":"es","@id":"https:\/\/oreskylaw.com\/es\/bronx\/abogados-de-accidentes-de-taxi\/#primaryimage","url":"https:\/\/oreskylaw.com\/wp-content\/uploads\/2026\/01\/taxi-accident-lawyers.png","contentUrl":"https:\/\/oreskylaw.com\/wp-content\/uploads\/2026\/01\/taxi-accident-lawyers.png","width":810,"height":330,"caption":"taxi"},{"@type":"BreadcrumbList","@id":"https:\/\/oreskylaw.com\/es\/bronx\/abogados-de-accidentes-de-taxi\/#breadcrumb","itemListElement":[{"@type":"ListItem","position":1,"name":"Inicio","item":"https:\/\/oreskylaw.com\/es\/"},{"@type":"ListItem","position":2,"name":"Abogado de lesiones personales en el Bronx","item":"https:\/\/oreskylaw.com\/es\/bronx\/"},{"@type":"ListItem","position":3,"name":"Abogado de Accidentes de Taxi"}]},{"@type":"WebSite","@id":"https:\/\/oreskylaw.com\/es\/#website","url":"https:\/\/oreskylaw.com\/es\/","name":"Oresky & Associates PLLC","description":"","publisher":{"@id":"https:\/\/oreskylaw.com\/es\/#organization"},"potentialAction":[{"@type":"SearchAction","target":{"@type":"EntryPoint","urlTemplate":"https:\/\/oreskylaw.com\/es\/?s={search_term_string}"},"query-input":{"@type":"PropertyValueSpecification","valueRequired":true,"valueName":"search_term_string"}}],"inLanguage":"es"}]}},"_links":{"self":[{"href":"https:\/\/oreskylaw.com\/es\/wp-json\/wp\/v2\/pages\/18290","targetHints":{"allow":["GET"]}}],"collection":[{"href":"https:\/\/oreskylaw.com\/es\/wp-json\/wp\/v2\/pages"}],"about":[{"href":"https:\/\/oreskylaw.com\/es\/wp-json\/wp\/v2\/types\/page"}],"author":[{"embeddable":true,"href":"https:\/\/oreskylaw.com\/es\/wp-json\/wp\/v2\/users\/9"}],"replies":[{"embeddable":true,"href":"https:\/\/oreskylaw.com\/es\/wp-json\/wp\/v2\/comments?post=18290"}],"version-history":[{"count":0,"href":"https:\/\/oreskylaw.com\/es\/wp-json\/wp\/v2\/pages\/18290\/revisions"}],"up":[{"embeddable":true,"href":"https:\/\/oreskylaw.com\/es\/wp-json\/wp\/v2\/pages\/17391"}],"wp:featuredmedia":[{"embeddable":true,"href":"https:\/\/oreskylaw.com\/es\/wp-json\/wp\/v2\/media\/24166"}],"wp:attachment":[{"href":"https:\/\/oreskylaw.com\/es\/wp-json\/wp\/v2\/media?parent=18290"}],"curies":[{"name":"wp","href":"https:\/\/api.w.org\/{rel}","templated":true}]}}