{"id":18302,"date":"2025-12-08T02:33:58","date_gmt":"2025-12-08T02:33:58","guid":{"rendered":"https:\/\/oreskylaw.com\/?page_id=18302"},"modified":"2026-01-30T14:31:41","modified_gmt":"2026-01-30T14:31:41","slug":"abogados-de-accidentes-de-tren","status":"publish","type":"page","link":"https:\/\/oreskylaw.com\/es\/bronx\/abogados-de-accidentes-de-tren\/","title":{"rendered":"Abogado de Accidentes de Tren"},"content":{"rendered":"<p>\u00bfHa sufrido lesiones en un accidente de tren en el Bronx, NY? Ya sea que viajaba en el metro, Amtrak, o en la L\u00ednea Harlem del Metro-North Railroad, puede tener derecho a una compensaci\u00f3n por sus lesiones y trauma. Los experimentados abogados de accidentes de tren en el Bronx de\u00a0<a href=\"https:\/\/oreskylaw.com\/es\/acerca-de-nosotros\/\">Oresky &amp; Associates, PLLC<\/a>\u00a0pueden ayudarle a maximizar su recuperaci\u00f3n financiera.<\/p>\n<p>Desde 1992, nuestros abogados de alto calibre han luchado incansablemente por las v\u00edctimas de lesiones y sus familias en el Bronx. Reconocidos a nivel nacional por nuestros resultados, hemos ayudado a nuestros clientes a ganar m\u00e1s de $400 millones en acuerdos y premios de jurado.<\/p>\n<p>Nivelamos el campo de juego despu\u00e9s de su accidente de tren. Benef\u00edciese de nuestra amplia experiencia y capacidad demostrada para obtener resultados \u00f3ptimos. Llame a nuestra oficina en el Bronx al\u00a0<a href=\"tel:+19299304705\">(929) 930-4705<\/a>\u00a0o\u00a0<a href=\"https:\/\/oreskylaw.com\/es\/contacto\/\">complete nuestro formulario de contacto para organizar<\/a>\u00a0una evaluaci\u00f3n de caso gratuita ahora.<\/p>\n<h2>C\u00f3mo puede ayudar Oresky &amp; Associates, PLLC despu\u00e9s de un accidente de tren en el Bronx<\/h2>\n<p>\u00bfQu\u00e9 caus\u00f3 realmente que su tren descarrilara o colisionara con un objeto fijo? \u00bfQui\u00e9n tiene la culpa? \u00bfQu\u00e9 procesos est\u00e1n involucrados para presentar una reclamaci\u00f3n y obtener dinero?<\/p>\n<p>Estas son preguntas cr\u00edticas, pero obtener las respuestas puede ser todo un desaf\u00edo. Usted ya tiene suficiente de qu\u00e9 preocuparse en este momento. Permita que nuestros abogados de lesiones personales en el Bronx se encarguen de su lucha por la compensaci\u00f3n.<\/p>\n<p>Mientras toma el tiempo que necesita para recuperarse del trauma de su accidente de tren y sanar de sus lesiones f\u00edsicas, nuestra firma de abogados:<\/p>\n<ul>\n<li>Iniciar\u00e1 una investigaci\u00f3n independiente de la realizada por agencias estatales y\/o federales.<\/li>\n<li>Recopilar\u00e1 pruebas, incluyendo informaci\u00f3n del Registrador de Datos de Eventos, grabaciones de c\u00e1maras, registros de despacho, informes policiales, registros de mantenimiento y registros m\u00e9dicos.<\/li>\n<li>Determinar\u00e1 la causa, la culpa y la responsabilidad.<\/li>\n<li>Buscar\u00e1 compensaci\u00f3n de todas las partes responsables.<\/li>\n<li>Negociar\u00e1 con las aseguradoras, las compa\u00f1\u00edas de tr\u00e1nsito y otras partes en su nombre.<\/li>\n<\/ul>\n<p>Si no se le ofrece un acuerdo justo, nuestros respetados abogados de juicio estar\u00e1n preparados para llevar su caso a un jurado en el Bronx, New York. Estamos comprometidos a obtener el mejor resultado posible en su caso de accidente de tren, sin importar cu\u00e1nto tiempo, esfuerzo y recursos necesitemos invertir.<\/p>\n<h2>\u00bfQu\u00e9 tan comunes son los accidentes de tren en el Bronx?<\/h2>\n<p>A nivel nacional, hay m\u00e1s de mil accidentes de trenes de cercan\u00edas anualmente. En 2021, se reportaron al menos 2.131 accidentes de tren en Estados Unidos. Esos accidentes resultaron en al menos 653 lesiones y 237 muertes.<\/p>\n<p>Los servicios de trenes de cercan\u00edas son particularmente populares en las regiones del Noreste y Medio Atl\u00e1ntico de Estados Unidos. New York, y en particular el \u00e1rea metropolitana de la ciudad de New York, ve un tr\u00e1fico ferroviario considerable.<\/p>\n<p>De hecho, el tren es uno de los medios de transporte m\u00e1s f\u00e1ciles de utilizar dentro y a trav\u00e9s del Bronx. Algunos de los servicios ferroviarios de cercan\u00edas m\u00e1s grandes de la naci\u00f3n atraviesan el coraz\u00f3n del borough, incluyendo Amtrak, el metro y Metro-North. Aunque los accidentes no ocurren todos los d\u00edas, no son infrecuentes.<\/p>\n<p>Algunos accidentes son menores. Otros, como el infame descarrilamiento de la L\u00ednea Hudson de Metro-North en 2013, pueden ser catastr\u00f3ficos.<\/p>\n    <div class=\"cw-cta-box\">\n        <div class=\"cw-cta-box__inner \">\n            <div class=\"cw-cta-box__info\">\n                                    <div class=\"label\">\u00a1Llame ahora!<\/div>\n                            <\/div>\n                            <div class=\"contact-phone\">\n                    <a href=\"tel:7189939999\"\n                        aria-label=\"Tap to call button\">\n                        718-993-9999                    <\/a>\n                <\/div>\n                    <\/div>\n                    <a href=\"\/es\/contacto\/\"\n               class=\"cta-btn btn btn--primary btn\"\n               target=\"\">\n                Obtenga Una Consulta Gratuita            <\/a>\n            <\/div>\n    \n<h2>Manejamos todo tipo de casos de lesiones por accidentes de tren en el Bronx<\/h2>\n<p>Cuando se ve involucrado en un accidente de tren, las consecuencias pueden cambiar su vida para siempre. Los trenes son veh\u00edculos grandes y pesados que pueden viajar a velocidades incre\u00edblemente altas. Incluso a velocidades bajas, un descarrilamiento o colisi\u00f3n puede causar da\u00f1os considerables a los pasajeros y a otros en el \u00e1rea.<\/p>\n<p>En Oresky &amp; Associates, PLLC, creemos que usted merece ser compensado por todas sus lesiones en accidentes de tren cuando alguien m\u00e1s tiene la culpa.<\/p>\n<p>Cont\u00e1ctenos para obtener ayuda si ha estado en una colisi\u00f3n de tren y ha sufrido:<\/p>\n<div class=\"row\">\n<ul class=\"col-xl-6\">\n<li>Lesi\u00f3n por quemadura<\/li>\n<li>Amputaci\u00f3n<\/li>\n<li>Lesi\u00f3n de la m\u00e9dula espinal<\/li>\n<li>Par\u00e1lisis<\/li>\n<li>Da\u00f1o nervioso<\/li>\n<li>Lesi\u00f3n cerebral traum\u00e1tica<\/li>\n<li>Lesi\u00f3n por aplastamiento<\/li>\n<\/ul>\n<ul class=\"col-xl-6\">\n<li>Trauma interno<\/li>\n<li>Lesiones en las manos o brazos<\/li>\n<li>Lesiones en los pies o piernas<\/li>\n<li>Fracturas \u00f3seas<\/li>\n<li>Lesiones catastr\u00f3ficas<\/li>\n<li>Muerte injusta de un ser querido<\/li>\n<\/ul>\n<\/div>\n<p>Siempre busque atenci\u00f3n m\u00e9dica tan pronto como pueda despu\u00e9s de un accidente de tren en el Bronx o la ciudad de New York. Este simple paso puede ayudar a asegurarse de que sus lesiones sean tratadas de inmediato, lo que puede limitar la probabilidad de complicaciones o muerte.<\/p>\n<p>Adem\u00e1s, sus registros m\u00e9dicos pueden usarse para ayudar a establecer un v\u00ednculo causal entre el accidente de tren y sus lesiones. Esta evidencia puede ser crucial si presenta una reclamaci\u00f3n por lesiones personales o una demanda por da\u00f1os.<\/p>\n<h2>\u00bfQu\u00e9 da\u00f1os est\u00e1n disponibles para las v\u00edctimas de accidentes de tren en el Bronx?<\/h2>\n<p><img loading=\"lazy\" decoding=\"async\" class=\"size-full wp-image-12587 alignright\" src=\"https:\/\/oreskylaw.com\/wp-content\/uploads\/2026\/01\/if-Youre-Hurt-in-a-Bronx-Bridge-Painting-Accident.webp\" alt=\"construction accident attorney Bronx NY\" width=\"300\" height=\"169\" \/>Despu\u00e9s de un descarrilamiento de tren en el Bronx, puede tener derecho tanto a da\u00f1os econ\u00f3micos como no econ\u00f3micos.<\/p>\n<h3>Da\u00f1os econ\u00f3micos<\/h3>\n<p>Los da\u00f1os econ\u00f3micos se otorgan para compensar los costos y gastos relacionados con su accidente. Recuperar premios econ\u00f3micos deber\u00eda devolverle a la situaci\u00f3n financiera en la que se encontraba antes de resultar herido.<\/p>\n<p>Ejemplos incluyen:<\/p>\n<div class=\"row\">\n<ul class=\"col-xl-6\">\n<li>Facturas m\u00e9dicas actuales<\/li>\n<li>Gastos m\u00e9dicos futuros<\/li>\n<li>Ingresos y salarios perdidos<\/li>\n<li>Beneficios perdidos<\/li>\n<\/ul>\n<ul class=\"col-xl-6\">\n<li>Capacidad de ganancia reducida<\/li>\n<li>Discapacidad temporal y\/o permanente<\/li>\n<li>Cuidado de enfermer\u00eda<\/li>\n<li>Rehabilitaci\u00f3n<\/li>\n<\/ul>\n<\/div>\n<h3>Da\u00f1os no econ\u00f3micos<\/h3>\n<p>Los da\u00f1os no econ\u00f3micos se otorgan para compensar por traumas que no tienen un valor financiero fijo. M\u00e1s bien, estos tipos de consecuencias son incre\u00edblemente personales y, por lo tanto, subjetivos.<\/p>\n<p>Ejemplos incluyen:<\/p>\n<div class=\"row\">\n<ul class=\"col-xl-6\">\n<li>P\u00edldoras y sufrimiento<\/li>\n<li>Angustia mental<\/li>\n<li>P\u00e9rdida del disfrute de la vida<\/li>\n<\/ul>\n<ul class=\"col-xl-6\">\n<li>Verg\u00fcenza<\/li>\n<li>Cicatrices<\/li>\n<li>Desfiguraci\u00f3n<\/li>\n<\/ul>\n<\/div>\n<h3>Da\u00f1os punitivos<\/h3>\n<p>En un n\u00famero limitado de casos, los da\u00f1os punitivos tambi\u00e9n podr\u00edan ser aplicables. En New York, los da\u00f1os punitivos pueden ser otorgados cuando hay evidencia clara y convincente de que un demandado actu\u00f3 con la intenci\u00f3n de causar da\u00f1o o mostr\u00f3 un desprecio imprudente por la seguridad de otra persona.<\/p>\n","protected":false},"excerpt":{"rendered":"<p>\u00bfHa sufrido lesiones en un accidente de tren en el Bronx, NY? Ya sea que viajaba en el metro, Amtrak, o en la L\u00ednea Harlem del Metro-North Railroad, puede tener derecho a una compensaci\u00f3n por sus lesiones y trauma. Los experimentados abogados de accidentes de tren en el Bronx de\u00a0Oresky &amp; Associates, PLLC\u00a0pueden ayudarle a [&hellip;]<\/p>\n","protected":false},"author":9,"featured_media":23959,"parent":17391,"menu_order":97,"comment_status":"closed","ping_status":"closed","template":"practice-area.php","meta":{"_acf_changed":false,"footnotes":""},"class_list":["post-18302","page","type-page","status-publish","has-post-thumbnail","hentry"],"acf":[],"yoast_head":"<!-- This site is optimized with the Yoast SEO plugin v27.3 - https:\/\/yoast.com\/product\/yoast-seo-wordpress\/ -->\n<title>Abogado de Accidentes de Tren en el Bronx - Oresky &amp; Associates, PLLC<\/title>\n<meta name=\"description\" content=\"Si sufri\u00f3 un accidente de tren en el Bronx, nuestros abogados expertos en lesiones personales pueden ayudarle a luchar por compensaci\u00f3n. \u00a1Ll\u00e1menos hoy!\" \/>\n<meta name=\"robots\" content=\"index, follow, max-snippet:-1, max-image-preview:large, max-video-preview:-1\" \/>\n<link rel=\"canonical\" href=\"https:\/\/oreskylaw.com\/es\/bronx\/abogados-de-accidentes-de-tren\/\" \/>\n<meta property=\"og:locale\" content=\"es_ES\" \/>\n<meta property=\"og:type\" content=\"article\" \/>\n<meta property=\"og:title\" content=\"Abogado de Accidentes de Tren en el Bronx - Oresky &amp; Associates, PLLC\" \/>\n<meta property=\"og:description\" content=\"Si sufri\u00f3 un accidente de tren en el Bronx, nuestros abogados expertos en lesiones personales pueden ayudarle a luchar por compensaci\u00f3n. \u00a1Ll\u00e1menos hoy!\" \/>\n<meta property=\"og:url\" content=\"https:\/\/oreskylaw.com\/es\/bronx\/abogados-de-accidentes-de-tren\/\" \/>\n<meta property=\"og:site_name\" content=\"Oresky &amp; Associates, PLLC\" \/>\n<meta property=\"article:publisher\" content=\"https:\/\/www.facebook.com\/Oreskylaw\/\" \/>\n<meta property=\"article:modified_time\" content=\"2026-01-30T14:31:41+00:00\" \/>\n<meta property=\"og:image\" content=\"https:\/\/oreskylaw.com\/wp-content\/uploads\/2026\/01\/train-accident-lawyers.png\" \/>\n\t<meta property=\"og:image:width\" content=\"810\" \/>\n\t<meta property=\"og:image:height\" content=\"330\" \/>\n\t<meta property=\"og:image:type\" content=\"image\/png\" \/>\n<meta name=\"twitter:card\" content=\"summary_large_image\" \/>\n<meta name=\"twitter:site\" content=\"@JacobOreskyLaw\" \/>\n<meta name=\"twitter:label1\" content=\"Tiempo de lectura\" \/>\n\t<meta name=\"twitter:data1\" content=\"5 minutos\" \/>\n<!-- \/ Yoast SEO plugin. -->","yoast_head_json":{"title":"Abogado de Accidentes de Tren en el Bronx - Oresky & Associates, PLLC","description":"Si sufri\u00f3 un accidente de tren en el Bronx, nuestros abogados expertos en lesiones personales pueden ayudarle a luchar por compensaci\u00f3n. \u00a1Ll\u00e1menos hoy!","robots":{"index":"index","follow":"follow","max-snippet":"max-snippet:-1","max-image-preview":"max-image-preview:large","max-video-preview":"max-video-preview:-1"},"canonical":"https:\/\/oreskylaw.com\/es\/bronx\/abogados-de-accidentes-de-tren\/","og_locale":"es_ES","og_type":"article","og_title":"Abogado de Accidentes de Tren en el Bronx - Oresky & Associates, PLLC","og_description":"Si sufri\u00f3 un accidente de tren en el Bronx, nuestros abogados expertos en lesiones personales pueden ayudarle a luchar por compensaci\u00f3n. \u00a1Ll\u00e1menos hoy!","og_url":"https:\/\/oreskylaw.com\/es\/bronx\/abogados-de-accidentes-de-tren\/","og_site_name":"Oresky &amp; Associates, PLLC","article_publisher":"https:\/\/www.facebook.com\/Oreskylaw\/","article_modified_time":"2026-01-30T14:31:41+00:00","og_image":[{"width":810,"height":330,"url":"https:\/\/oreskylaw.com\/wp-content\/uploads\/2026\/01\/train-accident-lawyers.png","type":"image\/png"}],"twitter_card":"summary_large_image","twitter_site":"@JacobOreskyLaw","twitter_misc":{"Tiempo de lectura":"5 minutos"},"schema":{"@context":"https:\/\/schema.org","@graph":[{"@type":"WebPage","@id":"https:\/\/oreskylaw.com\/es\/bronx\/abogados-de-accidentes-de-tren\/","url":"https:\/\/oreskylaw.com\/es\/bronx\/abogados-de-accidentes-de-tren\/","name":"Abogado de Accidentes de Tren en el Bronx - Oresky & Associates, PLLC","isPartOf":{"@id":"https:\/\/oreskylaw.com\/es\/#website"},"primaryImageOfPage":{"@id":"https:\/\/oreskylaw.com\/es\/bronx\/abogados-de-accidentes-de-tren\/#primaryimage"},"image":{"@id":"https:\/\/oreskylaw.com\/es\/bronx\/abogados-de-accidentes-de-tren\/#primaryimage"},"thumbnailUrl":"https:\/\/oreskylaw.com\/wp-content\/uploads\/2026\/01\/train-accident-lawyers.png","datePublished":"2025-12-08T02:33:58+00:00","dateModified":"2026-01-30T14:31:41+00:00","description":"Si sufri\u00f3 un accidente de tren en el Bronx, nuestros abogados expertos en lesiones personales pueden ayudarle a luchar por compensaci\u00f3n. \u00a1Ll\u00e1menos hoy!","breadcrumb":{"@id":"https:\/\/oreskylaw.com\/es\/bronx\/abogados-de-accidentes-de-tren\/#breadcrumb"},"inLanguage":"es","potentialAction":[{"@type":"ReadAction","target":["https:\/\/oreskylaw.com\/es\/bronx\/abogados-de-accidentes-de-tren\/"]}]},{"@type":"ImageObject","inLanguage":"es","@id":"https:\/\/oreskylaw.com\/es\/bronx\/abogados-de-accidentes-de-tren\/#primaryimage","url":"https:\/\/oreskylaw.com\/wp-content\/uploads\/2026\/01\/train-accident-lawyers.png","contentUrl":"https:\/\/oreskylaw.com\/wp-content\/uploads\/2026\/01\/train-accident-lawyers.png","width":810,"height":330,"caption":"train"},{"@type":"BreadcrumbList","@id":"https:\/\/oreskylaw.com\/es\/bronx\/abogados-de-accidentes-de-tren\/#breadcrumb","itemListElement":[{"@type":"ListItem","position":1,"name":"Inicio","item":"https:\/\/oreskylaw.com\/es\/"},{"@type":"ListItem","position":2,"name":"Abogado de lesiones personales en el Bronx","item":"https:\/\/oreskylaw.com\/es\/bronx\/"},{"@type":"ListItem","position":3,"name":"Abogado de Accidentes de Tren"}]},{"@type":"WebSite","@id":"https:\/\/oreskylaw.com\/es\/#website","url":"https:\/\/oreskylaw.com\/es\/","name":"Oresky & Associates PLLC","description":"","publisher":{"@id":"https:\/\/oreskylaw.com\/es\/#organization"},"potentialAction":[{"@type":"SearchAction","target":{"@type":"EntryPoint","urlTemplate":"https:\/\/oreskylaw.com\/es\/?s={search_term_string}"},"query-input":{"@type":"PropertyValueSpecification","valueRequired":true,"valueName":"search_term_string"}}],"inLanguage":"es"}]}},"_links":{"self":[{"href":"https:\/\/oreskylaw.com\/es\/wp-json\/wp\/v2\/pages\/18302","targetHints":{"allow":["GET"]}}],"collection":[{"href":"https:\/\/oreskylaw.com\/es\/wp-json\/wp\/v2\/pages"}],"about":[{"href":"https:\/\/oreskylaw.com\/es\/wp-json\/wp\/v2\/types\/page"}],"author":[{"embeddable":true,"href":"https:\/\/oreskylaw.com\/es\/wp-json\/wp\/v2\/users\/9"}],"replies":[{"embeddable":true,"href":"https:\/\/oreskylaw.com\/es\/wp-json\/wp\/v2\/comments?post=18302"}],"version-history":[{"count":0,"href":"https:\/\/oreskylaw.com\/es\/wp-json\/wp\/v2\/pages\/18302\/revisions"}],"up":[{"embeddable":true,"href":"https:\/\/oreskylaw.com\/es\/wp-json\/wp\/v2\/pages\/17391"}],"wp:featuredmedia":[{"embeddable":true,"href":"https:\/\/oreskylaw.com\/es\/wp-json\/wp\/v2\/media\/23959"}],"wp:attachment":[{"href":"https:\/\/oreskylaw.com\/es\/wp-json\/wp\/v2\/media?parent=18302"}],"curies":[{"name":"wp","href":"https:\/\/api.w.org\/{rel}","templated":true}]}}