{"id":18313,"date":"2025-12-08T02:34:13","date_gmt":"2025-12-08T02:34:13","guid":{"rendered":"https:\/\/oreskylaw.com\/?page_id=18313"},"modified":"2026-01-30T14:35:27","modified_gmt":"2026-01-30T14:35:27","slug":"abogados-de-accidentes-de-camiones","status":"publish","type":"page","link":"https:\/\/oreskylaw.com\/es\/bronx\/abogados-de-accidentes-de-camiones\/","title":{"rendered":"Abogado de accidentes de cami\u00f3n"},"content":{"rendered":"<h2>Sus Abogados de Accidentes de Camiones de Confianza en el Bronx<\/h2>\n<p>En Oresky &amp; Associates, PLLC, nuestros tenaces abogados de accidentes automovil\u00edsticos tienen m\u00e1s de 30 a\u00f1os de experiencia luchando por las v\u00edctimas de accidentes en el \u00e1rea metropolitana de la ciudad de New York. Nuestra pr\u00e1ctica se dedica exclusivamente a representar a personas lesionadas; por lo tanto, estamos probados en batalla luchando casos en los tribunales.<\/p>\n<p>Nuestros abogados de accidentes de camiones en el Bronx adoptan un enfoque directo en estos asuntos, con el objetivo de responsabilizar a las compa\u00f1\u00edas de camiones y aseguradoras por las lesiones de las v\u00edctimas. A lo largo de nuestra representaci\u00f3n, nos mantendremos en comunicaci\u00f3n con usted sobre su caso, empoder\u00e1ndolo para que participe en el proceso de litigio.<\/p>\n<p>Comience su consulta gratuita llamando al\u00a0<a href=\"tel:+19293050949\">(929) 305-0949<\/a>.<\/p>\n<h2>C\u00f3mo Nuestros\u00a0Abogados de Accidentes de Camiones en el Bronx\u00a0Planean Preparar su Caso<\/h2>\n<p>Despu\u00e9s de sufrir una lesi\u00f3n grave, no tiene tiempo para manejar una reclamaci\u00f3n por accidente de cami\u00f3n solo, y con nuestros\u00a0<strong>abogados de accidentes de camiones en el Bronx<\/strong>, no tiene que hacerlo. <a href=\"https:\/\/oreskylaw.com\/es\/bronx\/\">Nuestros abogados de lesiones personales<\/a> est\u00e1n comprometidos a asegurar la compensaci\u00f3n que necesita y merece.<\/p>\n<p>Conf\u00ede en nuestro\u00a0<strong>equipo de accidentes de camiones<\/strong>\u00a0para:<\/p>\n<ul>\n<li>Manejar todos los aspectos de su caso de principio a fin.<\/li>\n<li>Investigar su accidente de cami\u00f3n desde todos los \u00e1ngulos posibles.<\/li>\n<li>Determinar qu\u00e9 caus\u00f3 la colisi\u00f3n e identificar a los responsables.<\/li>\n<li>Buscar da\u00f1os de todas las partes responsables para maximizar su recuperaci\u00f3n y cubrir todos sus da\u00f1os.<\/li>\n<li>Negociar con proveedores de seguros y otras partes involucradas.<\/li>\n<li>Protegerlo de pr\u00e1cticas de seguros de mala fe.<\/li>\n<li>Litigar su caso de accidente de cami\u00f3n en los tribunales y en juicio.<\/li>\n<\/ul>\n<p>Tenga en cuenta que esta es solo una lista general de los servicios que ofrecemos. Nuestros\u00a0<strong>abogados de accidentes de camiones en el Bronx<\/strong>\u00a0no creen en enfoques legales de talla \u00fanica.<\/p>\n<p>Cuando se trata de su caso espec\u00edfico, nuestro bufete implementar\u00e1 una estrategia legal personalizada. Esto puede implicar depender del testimonio de testigos expertos, presentar una demanda por accidente de cami\u00f3n o perseguir a m\u00faltiples partes para obtener compensaci\u00f3n. Sea cual sea la ruta que tomemos, con Oresky &amp; Associates, PLLC puede estar seguro de que sus necesidades son nuestra prioridad.<\/p>\n<h2>Entendiendo las Estad\u00edsticas de Accidentes de Camiones en el Bronx: Por Qu\u00e9 la Representaci\u00f3n Legal Importa<\/h2>\n<p><img loading=\"lazy\" decoding=\"async\" class=\"size-medium wp-image-26057 alignleft\" src=\"http:\/\/oreskylaw.com\/wp-content\/uploads\/2026\/01\/truck-accidents-content-image-300x207.webp\" alt=\"\" width=\"300\" height=\"207\" srcset=\"https:\/\/oreskylaw.com\/wp-content\/uploads\/2026\/01\/truck-accidents-content-image-300x207.webp 300w, https:\/\/oreskylaw.com\/wp-content\/uploads\/2026\/01\/truck-accidents-content-image-768x530.webp 768w, https:\/\/oreskylaw.com\/wp-content\/uploads\/2026\/01\/truck-accidents-content-image.webp 1024w\" sizes=\"auto, (max-width: 300px) 100vw, 300px\" \/>Seg\u00fan los datos m\u00e1s recientes del\u00a0<a href=\"http:\/\/oreskylaw.com\/wp-content\/uploads\/2026\/01\/cityacc-en-us.pdf\" target=\"_blank\" rel=\"nofollow noopener noreferrer\">Departamento de Polic\u00eda de la Ciudad de New York<\/a>, en diciembre de 2023, hubo 8,027 accidentes en la ciudad de New York. Eso significa que en toda el \u00e1rea metropolitana, hubo un promedio de 259 colisiones por d\u00eda durante ese mes.<\/p>\n<p>Ese mismo mes, el Bronx tuvo 1,195 colisiones. Noventa y siete de esos accidentes involucraron camiones comerciales con m\u00e1s de seis ruedas.<\/p>\n<p>Nuestros\u00a0<strong>abogados de accidentes de camiones en el Bronx<\/strong>\u00a0entienden c\u00f3mo navegar estos casos, incluyendo los complejos. Conf\u00ede en nuestro equipo para investigar su caso y buscar una compensaci\u00f3n justa.<\/p>\n    <div class=\"cw-cta-box\">\n        <div class=\"cw-cta-box__inner \">\n            <div class=\"cw-cta-box__info\">\n                                    <div class=\"label\">\u00a1Llame ahora!<\/div>\n                            <\/div>\n                            <div class=\"contact-phone\">\n                    <a href=\"tel:7189939999\"\n                        aria-label=\"Tap to call button\">\n                        718-993-9999                    <\/a>\n                <\/div>\n                    <\/div>\n                    <a href=\"\/es\/contacto\/\"\n               class=\"cta-btn btn btn--primary btn\"\n               target=\"\">\n                Obtenga Una Consulta Gratuita            <\/a>\n            <\/div>\n    \n<h2>Otro Conductor Probablemente Caus\u00f3 su Accidente de Cami\u00f3n en el Bronx<\/h2>\n<p>El error humano es la causa m\u00e1s com\u00fan de todos los accidentes de tr\u00e1fico, y eso incluye las colisiones de camiones. Los datos de diciembre de 2023 del Departamento de Polic\u00eda de la Ciudad de New York enumeran las causas de estos accidentes como:<\/p>\n<div class=\"row\">\n<ul class=\"col-xl-6\">\n<li>Desatenci\u00f3n\/distra\u00eddo<\/li>\n<li>Exceso de velocidad<\/li>\n<li>Conducci\u00f3n demasiado cerca<\/li>\n<li>Adelantamiento indebido<\/li>\n<\/ul>\n<ul class=\"col-xl-6\">\n<li>No ceder el derecho de paso<\/li>\n<li>Pasar demasiado cerca<\/li>\n<li>Ignorar se\u00f1ales de tr\u00e1fico<\/li>\n<li>Alcohol<\/li>\n<\/ul>\n<\/div>\n<p>Nota: Aunque el error humano representa la mayor\u00eda de los accidentes de camiones, otros factores pueden contribuir. Estos incluyen el mal mantenimiento de las carreteras, fallos vehiculares y condiciones meteorol\u00f3gicas adversas. No importa la causa de su accidente, nuestros abogados de accidentes de camiones est\u00e1n ansiosos por escuchar de usted hoy.<\/p>\n<h2>Nuestros Abogados de Accidentes Abogan por los Gravemente Heridos<\/h2>\n<p>Como abogados experimentados en\u00a0<strong>accidentes de camiones en el Bronx<\/strong>, Oresky &amp; Associates, PLLC es muy consciente de las devastadoras consecuencias que los accidentes de camiones pueden tener. Nuestro equipo est\u00e1 dedicado a representar a clientes en el Bronx que han sufrido lesiones graves o han perdido a seres queridos.<\/p>\n<p>Muchos accidentes de camiones, especialmente los que involucran camiones comerciales, a menudo resultan en lesiones graves que pueden alterar dr\u00e1sticamente la vida de las v\u00edctimas y sus familias. Las lesiones sufridas en estos accidentes requieren tratamiento m\u00e9dico inmediato y, frecuentemente, continuo.<\/p>\n<p>Desde 1992, nuestros\u00a0<strong>abogados de accidentes de camiones en el Bronx<\/strong>\u00a0han servido a personas que sufren lesiones en accidentes de camiones, incluyendo:<\/p>\n<ul>\n<li><strong>Fracturas:<\/strong> Estas condiciones a menudo resultan de la fuerza del impacto generado por una colisi\u00f3n. Estas lesiones pueden ser complejas y necesitar largos periodos de recuperaci\u00f3n. Algunas tambi\u00e9n pueden requerir reparaciones quir\u00fargicas.<\/li>\n<li><strong>Quemaduras:<\/strong> Un accidente que involucra camiones de reparto que transportan materiales peligrosos puede provocar quemaduras severas, requiriendo un extenso tratamiento m\u00e9dico y posiblemente resultando en cicatrices permanentes.<\/li>\n<li><strong>Lesiones oculares:<\/strong> Los escombros de los accidentes de camiones pueden causar lesiones oculares graves, a veces llevando a la p\u00e9rdida permanente de la visi\u00f3n.<\/li>\n<li><strong>Lesiones en la cabeza:<\/strong> Traumatismos craneoencef\u00e1licos que podr\u00edan resultar en da\u00f1o cerebral permanente. Esto podr\u00eda incluir deterioro cognitivo que resulte en confusi\u00f3n, desorientaci\u00f3n y depresi\u00f3n a largo plazo.<\/li>\n<li><strong>Traumas de la m\u00e9dula espinal:<\/strong> Las lesiones en la m\u00e9dula espinal pueden resultar en discapacidades de por vida o par\u00e1lisis, impidi\u00e9ndole retener su movilidad o vivir de manera independiente.<\/li>\n<li><strong>Lesiones de tejidos blandos.<\/strong><\/li>\n<li><strong>Amputaci\u00f3n, desollamiento y da\u00f1o a \u00f3rganos.<\/strong><\/li>\n<li><strong>Fatalidades.<\/strong><\/li>\n<\/ul>\n<p>Su salud es lo primero despu\u00e9s de un accidente grave de cami\u00f3n en el Bronx. Si a\u00fan no lo ha hecho, busque atenci\u00f3n m\u00e9dica. Dependiendo de la gravedad de su condici\u00f3n, podr\u00eda visitar un hospital, su m\u00e9dico de atenci\u00f3n primaria o un centro de atenci\u00f3n urgente. Aseg\u00farese de discutir cualquier queja de dolor que tenga desde el accidente.<\/p>\n<h2>Nuestros\u00a0Abogados de Accidentes de Camiones en el Bronx\u00a0Manejan Estos Tipos de Colisiones<\/h2>\n<p>Cada conductor de cami\u00f3n, ya sea que opere un cami\u00f3n grande o un cami\u00f3n volquete, debe operar su veh\u00edculo con cautela razonable. Esto implica mantenerse alerta, adherirse al l\u00edmite de velocidad y abstenerse de maniobras de tr\u00e1fico arriesgadas. Nuestros\u00a0<strong>abogados de accidentes de camiones en el Bronx<\/strong>\u00a0manejan regularmente incidentes relacionados con camiones, muchos de los cuales son causados por factores como la conducci\u00f3n distra\u00edda o el incumplimiento de las reglas y regulaciones de tr\u00e1fico.<\/p>\n<p>Durante m\u00e1s de tres d\u00e9cadas, hemos asegurado una compensaci\u00f3n justa para clientes que han sufrido lesiones en:<\/p>\n<div class=\"row\">\n<ul class=\"col-xl-6\">\n<li>Colisiones laterales (a veces conocidas como \u00abchoques en T\u00bb)<\/li>\n<li>Colisiones por alcance<\/li>\n<li>Choques frontales<\/li>\n<li>Accidentes por conducci\u00f3n distra\u00edda<\/li>\n<\/ul>\n<ul class=\"col-xl-6\">\n<li>Colisiones por rozadura lateral<\/li>\n<li>Accidentes por vuelco<\/li>\n<li>Accidentes peatonales<\/li>\n<li>Colisiones que resultan en muerte por negligencia<\/li>\n<\/ul>\n<\/div>\n<p>Cada tipo de cami\u00f3n trae su propio conjunto de riesgos y potencial para accidentes. Por ejemplo, los camiones grandes tienen m\u00e1s probabilidades de causar accidentes por vuelco debido a su alto centro de gravedad. Los accidentes por subinsersi\u00f3n tambi\u00e9n son comunes en camiones de 18 ruedas con gran espacio libre bajo el chasis.<\/p>\n<p>Nuestros\u00a0abogados de accidentes en el Bronx\u00a0entienden las obligaciones que conlleva demostrar la causa de su accidente y buscar una compensaci\u00f3n justa de la parte responsable.<\/p>\n<h2>Conf\u00ede en Nuestros\u00a0Abogados de Accidentes de Camiones\u00a0para Determinar la Responsabilidad<\/h2>\n<p>Las partes culpables y responsables en su caso de accidente de cami\u00f3n pueden ser m\u00e1s de una persona o entidad. La parte culpable caus\u00f3 su accidente, y eso podr\u00eda incluir al camionero y su empleador. Generalmente, debido a la responsabilidad vicaria, la compa\u00f1\u00eda de camiones y\/o el empleador ser\u00e1n financieramente responsables de sus p\u00e9rdidas.<\/p>\n<p>Otras partes responsables en su caso podr\u00edan incluir:<\/p>\n<ul>\n<li>Una entidad gubernamental, si fue golpeado por un cami\u00f3n municipal o las malas condiciones de la carretera causaron la colisi\u00f3n.<\/li>\n<li>Un fabricante de piezas, si un componente vehicular defectuoso contribuy\u00f3 al accidente.<\/li>\n<li>Un contratista independiente que pose\u00eda y operaba el cami\u00f3n.<\/li>\n<li>Un empleador si el cami\u00f3n estaba siendo utilizado con fines comerciales.<\/li>\n<\/ul>\n<p>A lo largo de los a\u00f1os, hemos responsabilizado a muchas partes por las p\u00e9rdidas de los clientes lesionados, desde conductores de camiones individuales hasta municipios de la ciudad de New York. Cuanto antes comience su consulta inicial gratuita, antes podr\u00e1 recuperar la compensaci\u00f3n. Con\u00e9ctese con Oresky &amp; Associates, PLLC al (929) 305-0949 para discutir su reclamaci\u00f3n por colisi\u00f3n de cami\u00f3n.<\/p>\n<h2>Nuestros\u00a0abogados de accidentes de camiones semirremolque\u00a0en el Bronx buscan una compensaci\u00f3n completa.<\/h2>\n<p><img loading=\"lazy\" decoding=\"async\" class=\"size-medium wp-image-26061 alignright\" src=\"http:\/\/oreskylaw.com\/wp-content\/uploads\/2026\/01\/truck-accidents-content-image-2-300x189.webp\" alt=\"\" width=\"300\" height=\"189\" srcset=\"https:\/\/oreskylaw.com\/wp-content\/uploads\/2026\/01\/truck-accidents-content-image-2-300x189.webp 300w, https:\/\/oreskylaw.com\/wp-content\/uploads\/2026\/01\/truck-accidents-content-image-2-768x485.webp 768w, https:\/\/oreskylaw.com\/wp-content\/uploads\/2026\/01\/truck-accidents-content-image-2-91x58.webp 91w, https:\/\/oreskylaw.com\/wp-content\/uploads\/2026\/01\/truck-accidents-content-image-2.webp 1024w\" sizes=\"auto, (max-width: 300px) 100vw, 300px\" \/>Puede recuperar tanto da\u00f1os econ\u00f3micos como no econ\u00f3micos despu\u00e9s de un accidente de cami\u00f3n comercial. Pero, \u00bfqu\u00e9 implican estas p\u00e9rdidas?<\/p>\n<p>Los da\u00f1os econ\u00f3micos compensan los costos financieros de un accidente. Incluyen:<\/p>\n<ul>\n<li>Facturas m\u00e9dicas presentes y futuras<\/li>\n<li>Capacidad de ingresos reducida<\/li>\n<li>P\u00e9rdida de ingresos<\/li>\n<li>Terapia f\u00edsica y otros gastos m\u00e9dicos<\/li>\n<li>Costos de da\u00f1os a la propiedad (es decir, reparar su veh\u00edculo)<\/li>\n<\/ul>\n<p>Los da\u00f1os no econ\u00f3micos reconocen las dificultades relacionadas con lesiones que no tienen valores financieros objetivos. Incluyen:<\/p>\n<div class=\"row\">\n<ul class=\"col-xl-6\">\n<li>Dolor y sufrimiento pasado causado por lesiones<\/li>\n<li>Dolor y sufrimiento futuro causado por lesiones<\/li>\n<li>Angustia mental<\/li>\n<li>P\u00e9rdida del disfrute de la vida<\/li>\n<\/ul>\n<ul class=\"col-xl-6\">\n<li>P\u00e9rdida de consorcio<\/li>\n<li>Dolor cr\u00f3nico<\/li>\n<li>Desfiguraci\u00f3n y cicatrices<\/li>\n<\/ul>\n<\/div>\n<h2>Consideraciones Despu\u00e9s de Su Accidente de Cami\u00f3n en el Bronx<\/h2>\n<p>Sufrir lesiones graves en un accidente de cami\u00f3n puede abrumarlo r\u00e1pidamente. Sin embargo, tomar ciertos pasos podr\u00eda proteger tanto su salud como su reclamo por lesiones. Si es posible, le sugerimos que:<\/p>\n<h3>Documente su tratamiento m\u00e9dico.<\/h3>\n<p>Las compa\u00f1\u00edas de seguros analizan la atenci\u00f3n y el tratamiento m\u00e9dico despu\u00e9s de un accidente. Si el ajustador de reclamos se entera de que interrumpi\u00f3 su plan de tratamiento, el asegurador podr\u00eda usar esto para justificar una oferta baja.<\/p>\n<h3>Documente sus p\u00e9rdidas.<\/h3>\n<p>Haga un seguimiento de sus facturas m\u00e9dicas, el tiempo perdido en el trabajo y los gastos de bolsillo relacionados con lesiones. Su abogado de accidentes de camiones en el Bronx podr\u00eda usar esa informaci\u00f3n como un factor para calcular sus p\u00e9rdidas.<\/p>\n<h3>Notifique a su compa\u00f1\u00eda de seguros.<\/h3>\n<p>Incluso si una empresa de camiones es responsable de sus p\u00e9rdidas, a\u00fan necesita notificar a su aseguradora de veh\u00edculos motorizados. Es posible que tenga opciones de recuperaci\u00f3n financiera a trav\u00e9s de su propia cobertura que anteriormente no conoc\u00eda.<\/p>\n<h3>Limite el uso de las redes sociales.<\/h3>\n<p>Como se se\u00f1al\u00f3 anteriormente, algunos aseguradores buscan cualquier motivo para rechazar reclamos. El ajustador de seguros en su caso puede revisar sus p\u00e1ginas de redes sociales, buscando informaci\u00f3n para cuestionar la gravedad de su condici\u00f3n.<\/p>\n\n\t\t\t\t\n\t\t\t\t\t<div itemtype=\"https:\/\/schema.org\/VideoObject\" itemscope=\"\" id=\"video_play-26048\" class=\" vid-aligncenter\" style=\"display:block\">\n\t\t\t\t\t\t<meta itemprop=\"name\" content=\"Truck Accident Lawyers | Bronx &#038; Queens NY | Oresky &#038; Associates, PLLC\" \/>\n\t\t\t\t\t\t<meta itemprop=\"thumbnailURL\" content=\"https:\/\/i.ytimg.com\/vi\/6i9ho-WNGMI\/hqdefault.jpg\" \/>\n\t\t\t\t\t\t<meta itemprop=\"uploadDate\" content=\"8 de diciembre de 2025\">\n\t\t\t\t\t\t\t\t\t\t\t\t\t<meta itemprop=\"embedURL\" content=\"https:\/\/www.youtube.com\/watch?v=6i9ho-WNGMI\" \/>\n\t\t\t\t\t\t\t<iframe loading=\"lazy\" class=\"cw_video_single\" src=\"https:\/\/www.youtube.com\/embed\/6i9ho-WNGMI?rel=0&amp;showinfo=1&amp;autoplay=1\" allowfullscreen=\"allowfullscreen\" width=\"100%\" height=\"480px\" ><\/iframe>\n\t\t\t\t\t\t\n\t\t\t\t\t\t\n\t\t\t\t\t\t\t\t\t\t\t\t\t\t\t<meta itemprop=\"description\" content=\"If you have been injured due to someone else&#039;s negligence, you might be entitled to financial compensation. Contact our truck accident lawyers at Oresky &amp; Associates, pllc at your nearest location to schedule a free consultation. \" \/>\n\t\t\t\t\t\t\t\n\t\t\t\t\t\t\n\t\t\t\t\t<\/div>\n\n\t\t\t\t\n\n\n\n\t\t\t\n\t\t\t\t\n","protected":false},"excerpt":{"rendered":"<p>Sus Abogados de Accidentes de Camiones de Confianza en el Bronx En Oresky &amp; Associates, PLLC, nuestros tenaces abogados de accidentes automovil\u00edsticos tienen m\u00e1s de 30 a\u00f1os de experiencia luchando por las v\u00edctimas de accidentes en el \u00e1rea metropolitana de la ciudad de New York. Nuestra pr\u00e1ctica se dedica exclusivamente a representar a personas lesionadas; [&hellip;]<\/p>\n","protected":false},"author":9,"featured_media":21591,"parent":17391,"menu_order":100,"comment_status":"closed","ping_status":"closed","template":"practice-area.php","meta":{"_acf_changed":false,"footnotes":""},"class_list":["post-18313","page","type-page","status-publish","has-post-thumbnail","hentry"],"acf":[],"yoast_head":"<!-- This site is optimized with the Yoast SEO plugin v27.3 - https:\/\/yoast.com\/product\/yoast-seo-wordpress\/ -->\n<title>Abogado de accidentes de cami\u00f3n en el Bronx - Oresky &amp; Associates, PLLC<\/title>\n<meta name=\"description\" content=\"Si sufri\u00f3 un accidente de cami\u00f3n en el Bronx, nuestros abogados pueden ayudarle a reclamar da\u00f1os por gastos m\u00e9dicos y p\u00e9rdida de ingresos. \u00a1Ll\u00e1menos hoy!\" \/>\n<meta name=\"robots\" content=\"index, follow, max-snippet:-1, max-image-preview:large, max-video-preview:-1\" \/>\n<link rel=\"canonical\" href=\"https:\/\/oreskylaw.com\/es\/bronx\/abogados-de-accidentes-de-camiones\/\" \/>\n<meta property=\"og:locale\" content=\"es_ES\" \/>\n<meta property=\"og:type\" content=\"article\" \/>\n<meta property=\"og:title\" content=\"Abogado de accidentes de cami\u00f3n en el Bronx - Oresky &amp; Associates, PLLC\" \/>\n<meta property=\"og:description\" content=\"Si sufri\u00f3 un accidente de cami\u00f3n en el Bronx, nuestros abogados pueden ayudarle a reclamar da\u00f1os por gastos m\u00e9dicos y p\u00e9rdida de ingresos. \u00a1Ll\u00e1menos hoy!\" \/>\n<meta property=\"og:url\" content=\"https:\/\/oreskylaw.com\/es\/bronx\/abogados-de-accidentes-de-camiones\/\" \/>\n<meta property=\"og:site_name\" content=\"Oresky &amp; Associates, PLLC\" \/>\n<meta property=\"article:publisher\" content=\"https:\/\/www.facebook.com\/Oreskylaw\/\" \/>\n<meta property=\"article:modified_time\" content=\"2026-01-30T14:35:27+00:00\" \/>\n<meta property=\"og:image\" content=\"https:\/\/oreskylaw.com\/wp-content\/uploads\/2025\/12\/bronx0truck-accident-lawyers.jpg\" \/>\n\t<meta property=\"og:image:width\" content=\"809\" \/>\n\t<meta property=\"og:image:height\" content=\"331\" \/>\n\t<meta property=\"og:image:type\" content=\"image\/jpeg\" \/>\n<meta name=\"twitter:card\" content=\"summary_large_image\" \/>\n<meta name=\"twitter:site\" content=\"@JacobOreskyLaw\" \/>\n<meta name=\"twitter:label1\" content=\"Tiempo de lectura\" \/>\n\t<meta name=\"twitter:data1\" content=\"9 minutos\" \/>\n<!-- \/ Yoast SEO plugin. -->","yoast_head_json":{"title":"Abogado de accidentes de cami\u00f3n en el Bronx - Oresky & Associates, PLLC","description":"Si sufri\u00f3 un accidente de cami\u00f3n en el Bronx, nuestros abogados pueden ayudarle a reclamar da\u00f1os por gastos m\u00e9dicos y p\u00e9rdida de ingresos. \u00a1Ll\u00e1menos hoy!","robots":{"index":"index","follow":"follow","max-snippet":"max-snippet:-1","max-image-preview":"max-image-preview:large","max-video-preview":"max-video-preview:-1"},"canonical":"https:\/\/oreskylaw.com\/es\/bronx\/abogados-de-accidentes-de-camiones\/","og_locale":"es_ES","og_type":"article","og_title":"Abogado de accidentes de cami\u00f3n en el Bronx - Oresky & Associates, PLLC","og_description":"Si sufri\u00f3 un accidente de cami\u00f3n en el Bronx, nuestros abogados pueden ayudarle a reclamar da\u00f1os por gastos m\u00e9dicos y p\u00e9rdida de ingresos. \u00a1Ll\u00e1menos hoy!","og_url":"https:\/\/oreskylaw.com\/es\/bronx\/abogados-de-accidentes-de-camiones\/","og_site_name":"Oresky &amp; Associates, PLLC","article_publisher":"https:\/\/www.facebook.com\/Oreskylaw\/","article_modified_time":"2026-01-30T14:35:27+00:00","og_image":[{"width":809,"height":331,"url":"https:\/\/oreskylaw.com\/wp-content\/uploads\/2025\/12\/bronx0truck-accident-lawyers.jpg","type":"image\/jpeg"}],"twitter_card":"summary_large_image","twitter_site":"@JacobOreskyLaw","twitter_misc":{"Tiempo de lectura":"9 minutos"},"schema":{"@context":"https:\/\/schema.org","@graph":[{"@type":"WebPage","@id":"https:\/\/oreskylaw.com\/es\/bronx\/abogados-de-accidentes-de-camiones\/","url":"https:\/\/oreskylaw.com\/es\/bronx\/abogados-de-accidentes-de-camiones\/","name":"Abogado de accidentes de cami\u00f3n en el Bronx - Oresky & Associates, PLLC","isPartOf":{"@id":"https:\/\/oreskylaw.com\/es\/#website"},"primaryImageOfPage":{"@id":"https:\/\/oreskylaw.com\/es\/bronx\/abogados-de-accidentes-de-camiones\/#primaryimage"},"image":{"@id":"https:\/\/oreskylaw.com\/es\/bronx\/abogados-de-accidentes-de-camiones\/#primaryimage"},"thumbnailUrl":"https:\/\/oreskylaw.com\/wp-content\/uploads\/2025\/12\/bronx0truck-accident-lawyers.jpg","datePublished":"2025-12-08T02:34:13+00:00","dateModified":"2026-01-30T14:35:27+00:00","description":"Si sufri\u00f3 un accidente de cami\u00f3n en el Bronx, nuestros abogados pueden ayudarle a reclamar da\u00f1os por gastos m\u00e9dicos y p\u00e9rdida de ingresos. \u00a1Ll\u00e1menos hoy!","breadcrumb":{"@id":"https:\/\/oreskylaw.com\/es\/bronx\/abogados-de-accidentes-de-camiones\/#breadcrumb"},"inLanguage":"es","potentialAction":[{"@type":"ReadAction","target":["https:\/\/oreskylaw.com\/es\/bronx\/abogados-de-accidentes-de-camiones\/"]}]},{"@type":"ImageObject","inLanguage":"es","@id":"https:\/\/oreskylaw.com\/es\/bronx\/abogados-de-accidentes-de-camiones\/#primaryimage","url":"https:\/\/oreskylaw.com\/wp-content\/uploads\/2025\/12\/bronx0truck-accident-lawyers.jpg","contentUrl":"https:\/\/oreskylaw.com\/wp-content\/uploads\/2025\/12\/bronx0truck-accident-lawyers.jpg","width":809,"height":331,"caption":"white truck"},{"@type":"BreadcrumbList","@id":"https:\/\/oreskylaw.com\/es\/bronx\/abogados-de-accidentes-de-camiones\/#breadcrumb","itemListElement":[{"@type":"ListItem","position":1,"name":"Inicio","item":"https:\/\/oreskylaw.com\/es\/"},{"@type":"ListItem","position":2,"name":"Abogado de lesiones personales en el Bronx","item":"https:\/\/oreskylaw.com\/es\/bronx\/"},{"@type":"ListItem","position":3,"name":"Abogado de accidentes de cami\u00f3n"}]},{"@type":"WebSite","@id":"https:\/\/oreskylaw.com\/es\/#website","url":"https:\/\/oreskylaw.com\/es\/","name":"Oresky & Associates PLLC","description":"","publisher":{"@id":"https:\/\/oreskylaw.com\/es\/#organization"},"potentialAction":[{"@type":"SearchAction","target":{"@type":"EntryPoint","urlTemplate":"https:\/\/oreskylaw.com\/es\/?s={search_term_string}"},"query-input":{"@type":"PropertyValueSpecification","valueRequired":true,"valueName":"search_term_string"}}],"inLanguage":"es"}]}},"_links":{"self":[{"href":"https:\/\/oreskylaw.com\/es\/wp-json\/wp\/v2\/pages\/18313","targetHints":{"allow":["GET"]}}],"collection":[{"href":"https:\/\/oreskylaw.com\/es\/wp-json\/wp\/v2\/pages"}],"about":[{"href":"https:\/\/oreskylaw.com\/es\/wp-json\/wp\/v2\/types\/page"}],"author":[{"embeddable":true,"href":"https:\/\/oreskylaw.com\/es\/wp-json\/wp\/v2\/users\/9"}],"replies":[{"embeddable":true,"href":"https:\/\/oreskylaw.com\/es\/wp-json\/wp\/v2\/comments?post=18313"}],"version-history":[{"count":0,"href":"https:\/\/oreskylaw.com\/es\/wp-json\/wp\/v2\/pages\/18313\/revisions"}],"up":[{"embeddable":true,"href":"https:\/\/oreskylaw.com\/es\/wp-json\/wp\/v2\/pages\/17391"}],"wp:featuredmedia":[{"embeddable":true,"href":"https:\/\/oreskylaw.com\/es\/wp-json\/wp\/v2\/media\/21591"}],"wp:attachment":[{"href":"https:\/\/oreskylaw.com\/es\/wp-json\/wp\/v2\/media?parent=18313"}],"curies":[{"name":"wp","href":"https:\/\/api.w.org\/{rel}","templated":true}]}}